{"id":2950,"date":"2022-02-16T00:08:20","date_gmt":"2022-02-16T00:08:20","guid":{"rendered":"https:\/\/biopesaje.com\/?page_id=2950"},"modified":"2024-11-25T21:09:29","modified_gmt":"2024-11-25T21:09:29","slug":"registro","status":"publish","type":"page","link":"https:\/\/biopesaje.com\/index.php\/registro\/","title":{"rendered":"Registro"},"content":{"rendered":"\t\t<div data-elementor-type=\"wp-post\" data-elementor-id=\"2950\" class=\"elementor elementor-2950\" data-elementor-post-type=\"page\">\n\t\t\t\t\t\t<section class=\"elementor-section elementor-top-section elementor-element elementor-element-a0cd878 elementor-section-boxed elementor-section-height-default elementor-section-height-default\" data-id=\"a0cd878\" data-element_type=\"section\" data-e-type=\"section\">\n\t\t\t\t\t\t<div class=\"elementor-container elementor-column-gap-default\">\n\t\t\t\t\t<div class=\"elementor-column elementor-col-100 elementor-top-column elementor-element elementor-element-0f0556b\" data-id=\"0f0556b\" data-element_type=\"column\" data-e-type=\"column\">\n\t\t\t<div class=\"elementor-widget-wrap elementor-element-populated\">\n\t\t\t\t\t\t<div class=\"elementor-element elementor-element-14f7c17 elementor-invisible elementor-widget elementor-widget-heading\" data-id=\"14f7c17\" data-element_type=\"widget\" data-e-type=\"widget\" data-settings=\"{&quot;_animation&quot;:&quot;fadeInDown&quot;}\" data-widget_type=\"heading.default\">\n\t\t\t\t<div class=\"elementor-widget-container\">\n\t\t\t\t\t<h1 class=\"elementor-heading-title elementor-size-default\">Reg\u00edstrate con nosotros aqui:<\/h1>\t\t\t\t<\/div>\n\t\t\t\t<\/div>\n\t\t\t\t<div class=\"elementor-element elementor-element-4a53ad5 elementor-widget elementor-widget-eael-login-register\" data-id=\"4a53ad5\" data-element_type=\"widget\" data-e-type=\"widget\" data-widget_type=\"eael-login-register.default\">\n\t\t\t\t<div class=\"elementor-widget-container\">\n\t\t\t\t\t        <div class=\"eael-login-registration-wrapper \"\n             data-is-ajax=\"\"\n             data-widget-id=\"4a53ad5\"\n             data-page-id=\"2950\"\n             data-recaptcha-sitekey=\"\"\n\t\t\t data-recaptcha-sitekey-v3=\"\"\n\t\t\t data-login-recaptcha-version=\"v2\"\n\t\t\t data-register-recaptcha-version=\"v2\"\n\t\t\t data-lostpassword-recaptcha-version=\"v2\"\n             data-redirect-to=\"\"\n             data-resetpassword-redirect-to=\"\"\n        >\n\t\t\t            <section id=\"eael-login-form-wrapper\" class=\"eael-lr-d-none\" data-recaptcha-theme=\"light\" data-recaptcha-size=\"normal\">\n                <div class=\"eael-login-form-wrapper eael-lr-form-wrapper style-2 \">\n\t\t\t\t\t                        <div class=\"lr-form-wrapper\">\n\t\t\t\t\t\t\t\t\t\t\t\t\t\t                            <form class=\"eael-login-form eael-lr-form\"\n                                  id=\"eael-login-form\"\n                                  method=\"post\">\n\t\t\t\t\t\t\t\t                                <div class=\"eael-lr-form-group eael-user-login\">\n\t\t\t\t\t\t\t\t\t<label for=\"eael-user-login\" class=\"eael-field-label\">Nombre de usuario o direcci\u00f3n de correo electr\u00f3nico<\/label>                                    <input type=\"text\"\n                                           name=\"eael-user-login\"\n                                           id=\"eael-user-login\"\n                                           class=\"eael-lr-form-control\"\n                                           placeholder=\"Nombre de usuario o direcci\u00f3n de correo electr\u00f3nico\"\n                                           required autocomplete=\"username email\">\n\t\t\t\t\t\t\t\t\t                                <\/div>\n                                <div class=\"eael-lr-form-group eael-user-password\">\n\t\t\t\t\t\t\t\t\t<label for=\"eael-user-password\" class=\"eael-field-label\">Contrase\u00f1a<\/label>                                    <div class=\"eael-lr-password-wrapper\">\n                                        <input type=\"password\"\n                                               name=\"eael-user-password\"\n                                               class=\"eael-lr-form-control\"\n                                               id=\"eael-user-password\"\n                                               placeholder=\"Contrase\u00f1a\"\n                                               required autocomplete=\"current-password\">\n\t\t\t\t\t\t\t\t\t\t                                            <button type=\"button\"\n                                                    id=\"wp-hide-pw\"\n                                                    class=\"wp-hide-pw hide-if-no-js\"\n                                                    aria-label=\"Show password\">\n                                                <span class=\"dashicons dashicons-visibility\"\n                                                      aria-hidden=\"true\"><\/span>\n                                            <\/button>\n\t\t\t\t\t\t\t\t\t\t\t\t\t\t\t\t\t\t\t\t                                    <\/div>\n                                <\/div>\n                                <div class=\"eael-forever-forget eael-lr-form-group\">\n\t\t\t\t\t\t\t\t\t                                        <p class=\"forget-menot\">\n                                            <input name=\"eael-rememberme\" type=\"checkbox\" id=\"rememberme\"  class=\"remember-me \" value=\"forever\">\n                                            <label for=\"rememberme\" class=\"eael-checkbox-label rememberme\">Recu\u00e9rdame<\/label>\n                                        <\/p>\n\t\t\t\t\t\t\t\t\t<p class=\"forget-pass\"><a href=\"https:\/\/biopesaje.com\/index.php\/my-account\/lost-password\/\">\u00bfHas olvidado tu contrase\u00f1a?<\/a><\/p>\n                                <\/div>\n\n\t\t\t\t\t\t\t\t\n\n                                <div class=\"eael-lr-footer\">\n\t\t\t\t\t\t\t\t\t<div class=\"eael-lr-form-loader-wrapper\">\n\t\t\t\t\t\t\t\t\t\t<button type=\"submit\" name=\"eael-login-submit\" id=\"eael-login-submit\" class=\"g-recaptcha eael-lr-btn eael-lr-btn-block \">\n\t\t\t\t\t\t\t\t\t\t\tAcceder\t\t\t\t\t\t\t\t\t\t<\/button>\n\t\t\t\t\t\t\t\t\t\t\n\t\t\t\t\t\t\t\t\t\t\n\t\t\t\t\t\t\t\t\t<\/div>\n\t\t\t\t\t\t\t\t\t\n                                <\/div>\n\t\t\t\t\t\t\t\t<div class=\"eael-form-validation-container\"><\/div><input type=\"hidden\" id=\"eael-login-nonce\" name=\"eael-login-nonce\" value=\"a4ff5b608d\" \/><input type=\"hidden\" name=\"_wp_http_referer\" value=\"\/index.php\/wp-json\/wp\/v2\/pages\/2950\" \/>        <input type=\"hidden\"\n               name=\"page_id\"\n               value=\"2950\">\n\t\t<input type=\"hidden\"\n               name=\"page_id_for_popup\"\n               value=\"2950\">\t   \n\t\t<input type=\"hidden\"\n               name=\"resetpassword_in_popup_selector\"\n               value=\"\">\n        <input type=\"hidden\"\n               name=\"widget_id\"\n               value=\"4a53ad5\">\n\t\t                            <\/form>\n\t\t\t\t\t\t\t                        <\/div>\n\t\t\t\t\t\t                <\/div>\n\n            <\/section>\n\n\t\t\t<script>\n\t\t\t\tjQuery(document).ready(function($){\n\t\t\t\t\tvar eael_get_login_status = localStorage.getItem( 'eael-is-login-form' );\n\t\t\t\t\tif( eael_get_login_status === 'true' ) {\n\t\t\t\t\t\tsetTimeout(function() {\n\t\t\t\t\t\t\tvar button = jQuery('[eael-login=\"yes\"]');\n\t\t\t\t\t\t\tif( ! button.hasClass('eael-clicked') ) {\n\t\t\t\t\t\t\t\tbutton.trigger('click').addClass('eael-clicked');\n\t\t\t\t\t\t\t}\n\t\t\t\t\t\t}, 100);\n\n\t\t\t\t\t\tsetTimeout(function() {\n\t\t\t\t\t\t\tjQuery('[eael-login=\"yes\"]').removeClass('eael-clicked')\n\t\t\t\t\t\t}, 500);\n\t\t\t\t\t}\n\t\t\t\t});\n\t\t\t<\/script>\n\t\t\t            <section\n                    id=\"eael-lostpassword-form-wrapper\"\n                    class=\"eael-lr-d-none\"\n\t\t\t\t\tdata-recaptcha-theme=\"light\"\n                    data-recaptcha-size=\"normal\"\n                    >\n                <div class=\"eael-lostpassword-form-wrapper eael-lr-form-wrapper style-2 \">\n\t\t\t\t\t\t\t\t\t\t<div class=\"lr-form-wrapper\">\n\t\t\t\t\t\t\t\t\t\t\t\t\t\t\t\t\t\t<form class=\"eael-lostpassword-form eael-lr-form\" id=\"eael-lostpassword-form\" method=\"post\">\n\t\t\t\t\t\t\t\t\t\t\t\t\t\t<div class=\"eael-lr-form-group \">\n\t\t\t\t\t\t\t\t<label for=\"eael-user-lostpassword\" class=\"eael-field-label\">Nombre de usuario o direcci\u00f3n de correo electr\u00f3nico<\/label>\t\t\t\t\t\t\t\t<input type=\"text\" name=\"eael-user-lostpassword\" id=\"eael-user-lostpassword\" class=\"eael-lr-form-control\" placeholder=\"Nombre de usuario o direcci\u00f3n de correo electr\u00f3nico\" required>\n\t\t\t\t\t\t\t\t\t\t\t\t\t\t\t<\/div>\n\n\t\t\t\t\t\t\t\n\t\t\t\t\t\t\t<div class=\"eael-lr-footer\">\n\t\t\t\t\t\t\t\t<button type=\"submit\" name=\"eael-lostpassword-submit\" id=\"eael-lostpassword-submit\" class=\"g-recaptcha eael-lr-btn eael-lr-btn-block   \">Reset Password<\/button>\n\t\t\t\t\t\t\t\t\t\t\t\t\t\t\t\t\t<div class=\"eael-sign-wrapper \">\n\t\t\t\t\t\t\t\t\t\t<span class=\"d-ib\"> <\/span> <a href=\"\" id=\"eael-lr-login-toggle-lostpassword\" class=\"eael-lr-link\" data-action=\"form\">Reg\u00edstrate<\/a>\t\t\t\t\t\t\t\t\t<\/div>\n\t\t\t\t\t\t\t\t\n\t\t\t\t\t\t\t<\/div>\n\t\t\t\t\t\t\t<div class=\"eael-form-validation-container\"><\/div><input type=\"hidden\" id=\"eael-lostpassword-nonce\" name=\"eael-lostpassword-nonce\" value=\"feb112f814\" \/><input type=\"hidden\" name=\"_wp_http_referer\" value=\"\/index.php\/wp-json\/wp\/v2\/pages\/2950\" \/>        <input type=\"hidden\"\n               name=\"page_id\"\n               value=\"2950\">\n\t\t<input type=\"hidden\"\n               name=\"page_id_for_popup\"\n               value=\"2950\">\t   \n\t\t<input type=\"hidden\"\n               name=\"resetpassword_in_popup_selector\"\n               value=\"\">\n        <input type=\"hidden\"\n               name=\"widget_id\"\n               value=\"4a53ad5\">\n\t\t\t\t\t\t\t\t<\/form>\n\t\t\t\t\t\t\t\t\t\t\t<\/div>\n\t\t\t\t\t                <\/div>\n\n            <\/section>\n\t\t\t        <\/div>\n\n\t\t\t\t\t\t<\/div>\n\t\t\t\t<\/div>\n\t\t\t\t\t<\/div>\n\t\t<\/div>\n\t\t\t\t\t<\/div>\n\t\t<\/section>\n\t\t\t\t<\/div>\n\t\t","protected":false},"excerpt":{"rendered":"<p>Reg\u00edstrate con nosotros aqui: You are already logged in as Diego Martinez. (Salir) Nombre de usuario Correo electr\u00f3nico Contrase\u00f1a Reg\u00edstrate Nombre de usuario o direcci\u00f3n de correo electr\u00f3nico Reg\u00edstrate<\/p>\n","protected":false},"author":1,"featured_media":0,"parent":0,"menu_order":2,"comment_status":"closed","ping_status":"closed","template":"","meta":{"_uag_custom_page_level_css":"","_joinchat":[],"footnotes":""},"class_list":["post-2950","page","type-page","status-publish","hentry","thunk-woo-product-list","opn-qv-enable","top-store-woo-hover-none","top-store-single-product-tab-horizontal","top-store-shadow-","top-store-shadow-hover-"],"featured_image_src":null,"yoast_head":"<!-- This site is optimized with the Yoast SEO plugin v27.3 - https:\/\/yoast.com\/product\/yoast-seo-wordpress\/ -->\n<title>Registro - BIOPESAJE S.A.S.<\/title>\n<meta name=\"description\" content=\"Biopesaje S.A.S cuenta con la mejor selecci\u00f3n de equipos en categor\u00edas como pesaje, procesamiento y empaque de la industria alimenticia.\" \/>\n<meta name=\"robots\" content=\"index, follow, max-snippet:-1, max-image-preview:large, max-video-preview:-1\" \/>\n<link rel=\"canonical\" href=\"https:\/\/biopesaje.com\/index.php\/registro\/\" \/>\n<meta property=\"og:locale\" content=\"es_ES\" \/>\n<meta property=\"og:type\" content=\"article\" \/>\n<meta property=\"og:title\" content=\"Registro - BIOPESAJE S.A.S.\" \/>\n<meta property=\"og:description\" content=\"Biopesaje S.A.S cuenta con la mejor selecci\u00f3n de equipos en categor\u00edas como pesaje, procesamiento y empaque de la industria alimenticia.\" \/>\n<meta property=\"og:url\" content=\"https:\/\/biopesaje.com\/index.php\/registro\/\" \/>\n<meta property=\"og:site_name\" content=\"BIOPESAJE S.A.S.\" \/>\n<meta property=\"article:modified_time\" content=\"2024-11-25T21:09:29+00:00\" \/>\n<meta name=\"twitter:card\" content=\"summary_large_image\" \/>\n<meta name=\"twitter:label1\" content=\"Tiempo de lectura\" \/>\n\t<meta name=\"twitter:data1\" content=\"1 minuto\" \/>\n<script type=\"application\/ld+json\" class=\"yoast-schema-graph\">{\"@context\":\"https:\\\/\\\/schema.org\",\"@graph\":[{\"@type\":\"WebPage\",\"@id\":\"https:\\\/\\\/biopesaje.com\\\/index.php\\\/registro\\\/\",\"url\":\"https:\\\/\\\/biopesaje.com\\\/index.php\\\/registro\\\/\",\"name\":\"Registro - BIOPESAJE S.A.S.\",\"isPartOf\":{\"@id\":\"https:\\\/\\\/biopesaje.com\\\/#website\"},\"datePublished\":\"2022-02-16T00:08:20+00:00\",\"dateModified\":\"2024-11-25T21:09:29+00:00\",\"description\":\"Biopesaje S.A.S cuenta con la mejor selecci\u00f3n de equipos en categor\u00edas como pesaje, procesamiento y empaque de la industria alimenticia.\",\"breadcrumb\":{\"@id\":\"https:\\\/\\\/biopesaje.com\\\/index.php\\\/registro\\\/#breadcrumb\"},\"inLanguage\":\"es-CO\",\"potentialAction\":[{\"@type\":\"ReadAction\",\"target\":[\"https:\\\/\\\/biopesaje.com\\\/index.php\\\/registro\\\/\"]}]},{\"@type\":\"BreadcrumbList\",\"@id\":\"https:\\\/\\\/biopesaje.com\\\/index.php\\\/registro\\\/#breadcrumb\",\"itemListElement\":[{\"@type\":\"ListItem\",\"position\":1,\"name\":\"Home\",\"item\":\"https:\\\/\\\/biopesaje.com\\\/\"},{\"@type\":\"ListItem\",\"position\":2,\"name\":\"Registro\"}]},{\"@type\":\"WebSite\",\"@id\":\"https:\\\/\\\/biopesaje.com\\\/#website\",\"url\":\"https:\\\/\\\/biopesaje.com\\\/\",\"name\":\"BIOPESAJE S.A.S.\",\"description\":\"Ingenier\u00eda de pesaje, metrolog\u00eda y laboratorio.\",\"publisher\":{\"@id\":\"https:\\\/\\\/biopesaje.com\\\/#organization\"},\"potentialAction\":[{\"@type\":\"SearchAction\",\"target\":{\"@type\":\"EntryPoint\",\"urlTemplate\":\"https:\\\/\\\/biopesaje.com\\\/?s={search_term_string}\"},\"query-input\":{\"@type\":\"PropertyValueSpecification\",\"valueRequired\":true,\"valueName\":\"search_term_string\"}}],\"inLanguage\":\"es-CO\"},{\"@type\":\"Organization\",\"@id\":\"https:\\\/\\\/biopesaje.com\\\/#organization\",\"name\":\"BIOPESAJE S.A.S.\",\"url\":\"https:\\\/\\\/biopesaje.com\\\/\",\"logo\":{\"@type\":\"ImageObject\",\"inLanguage\":\"es-CO\",\"@id\":\"https:\\\/\\\/biopesaje.com\\\/#\\\/schema\\\/logo\\\/image\\\/\",\"url\":\"\",\"contentUrl\":\"\",\"caption\":\"BIOPESAJE S.A.S.\"},\"image\":{\"@id\":\"https:\\\/\\\/biopesaje.com\\\/#\\\/schema\\\/logo\\\/image\\\/\"}}]}<\/script>\n<!-- \/ Yoast SEO plugin. -->","yoast_head_json":{"title":"Registro - BIOPESAJE S.A.S.","description":"Biopesaje S.A.S cuenta con la mejor selecci\u00f3n de equipos en categor\u00edas como pesaje, procesamiento y empaque de la industria alimenticia.","robots":{"index":"index","follow":"follow","max-snippet":"max-snippet:-1","max-image-preview":"max-image-preview:large","max-video-preview":"max-video-preview:-1"},"canonical":"https:\/\/biopesaje.com\/index.php\/registro\/","og_locale":"es_ES","og_type":"article","og_title":"Registro - BIOPESAJE S.A.S.","og_description":"Biopesaje S.A.S cuenta con la mejor selecci\u00f3n de equipos en categor\u00edas como pesaje, procesamiento y empaque de la industria alimenticia.","og_url":"https:\/\/biopesaje.com\/index.php\/registro\/","og_site_name":"BIOPESAJE S.A.S.","article_modified_time":"2024-11-25T21:09:29+00:00","twitter_card":"summary_large_image","twitter_misc":{"Tiempo de lectura":"1 minuto"},"schema":{"@context":"https:\/\/schema.org","@graph":[{"@type":"WebPage","@id":"https:\/\/biopesaje.com\/index.php\/registro\/","url":"https:\/\/biopesaje.com\/index.php\/registro\/","name":"Registro - BIOPESAJE S.A.S.","isPartOf":{"@id":"https:\/\/biopesaje.com\/#website"},"datePublished":"2022-02-16T00:08:20+00:00","dateModified":"2024-11-25T21:09:29+00:00","description":"Biopesaje S.A.S cuenta con la mejor selecci\u00f3n de equipos en categor\u00edas como pesaje, procesamiento y empaque de la industria alimenticia.","breadcrumb":{"@id":"https:\/\/biopesaje.com\/index.php\/registro\/#breadcrumb"},"inLanguage":"es-CO","potentialAction":[{"@type":"ReadAction","target":["https:\/\/biopesaje.com\/index.php\/registro\/"]}]},{"@type":"BreadcrumbList","@id":"https:\/\/biopesaje.com\/index.php\/registro\/#breadcrumb","itemListElement":[{"@type":"ListItem","position":1,"name":"Home","item":"https:\/\/biopesaje.com\/"},{"@type":"ListItem","position":2,"name":"Registro"}]},{"@type":"WebSite","@id":"https:\/\/biopesaje.com\/#website","url":"https:\/\/biopesaje.com\/","name":"BIOPESAJE S.A.S.","description":"Ingenier\u00eda de pesaje, metrolog\u00eda y laboratorio.","publisher":{"@id":"https:\/\/biopesaje.com\/#organization"},"potentialAction":[{"@type":"SearchAction","target":{"@type":"EntryPoint","urlTemplate":"https:\/\/biopesaje.com\/?s={search_term_string}"},"query-input":{"@type":"PropertyValueSpecification","valueRequired":true,"valueName":"search_term_string"}}],"inLanguage":"es-CO"},{"@type":"Organization","@id":"https:\/\/biopesaje.com\/#organization","name":"BIOPESAJE S.A.S.","url":"https:\/\/biopesaje.com\/","logo":{"@type":"ImageObject","inLanguage":"es-CO","@id":"https:\/\/biopesaje.com\/#\/schema\/logo\/image\/","url":"","contentUrl":"","caption":"BIOPESAJE S.A.S."},"image":{"@id":"https:\/\/biopesaje.com\/#\/schema\/logo\/image\/"}}]}},"uagb_featured_image_src":{"full":false,"thumbnail":false,"medium":false,"medium_large":false,"large":false,"1536x1536":false,"2048x2048":false,"woocommerce_thumbnail":false,"woocommerce_single":false,"woocommerce_gallery_thumbnail":false,"thaps-thumb-img":false,"taiowc-thumb-img":false},"uagb_author_info":{"display_name":"Diego Martinez","author_link":"https:\/\/biopesaje.com\/index.php\/author\/alintecsasgmail-com\/"},"uagb_comment_info":0,"uagb_excerpt":"Reg\u00edstrate con nosotros aqui: You are already logged in as Diego Martinez. (Salir) Nombre de usuario Correo electr\u00f3nico Contrase\u00f1a Reg\u00edstrate Nombre de usuario o direcci\u00f3n de correo electr\u00f3nico Reg\u00edstrate","jetpack_sharing_enabled":true,"_links":{"self":[{"href":"https:\/\/biopesaje.com\/index.php\/wp-json\/wp\/v2\/pages\/2950","targetHints":{"allow":["GET"]}}],"collection":[{"href":"https:\/\/biopesaje.com\/index.php\/wp-json\/wp\/v2\/pages"}],"about":[{"href":"https:\/\/biopesaje.com\/index.php\/wp-json\/wp\/v2\/types\/page"}],"author":[{"embeddable":true,"href":"https:\/\/biopesaje.com\/index.php\/wp-json\/wp\/v2\/users\/1"}],"replies":[{"embeddable":true,"href":"https:\/\/biopesaje.com\/index.php\/wp-json\/wp\/v2\/comments?post=2950"}],"version-history":[{"count":10,"href":"https:\/\/biopesaje.com\/index.php\/wp-json\/wp\/v2\/pages\/2950\/revisions"}],"predecessor-version":[{"id":4944,"href":"https:\/\/biopesaje.com\/index.php\/wp-json\/wp\/v2\/pages\/2950\/revisions\/4944"}],"wp:attachment":[{"href":"https:\/\/biopesaje.com\/index.php\/wp-json\/wp\/v2\/media?parent=2950"}],"curies":[{"name":"wp","href":"https:\/\/api.w.org\/{rel}","templated":true}]}}