{"id":10411,"date":"2026-02-10T15:47:40","date_gmt":"2026-02-10T15:47:40","guid":{"rendered":"https:\/\/biopesaje.com\/?post_type=product&#038;p=10411"},"modified":"2026-03-04T20:28:22","modified_gmt":"2026-03-04T20:28:22","slug":"bascula-en-concreto-3x9m","status":"publish","type":"product","link":"https:\/\/biopesaje.com\/index.php\/product\/bascula-en-concreto-3x9m\/","title":{"rendered":"Bascula en Concreto 3x9m"},"content":{"rendered":"\t\t<div data-elementor-type=\"wp-post\" data-elementor-id=\"10411\" class=\"elementor elementor-10411\" data-elementor-post-type=\"product\">\n\t\t\t\t\t\t<section class=\"elementor-section elementor-top-section elementor-element elementor-element-e2b022b elementor-section-boxed elementor-section-height-default elementor-section-height-default\" data-id=\"e2b022b\" data-element_type=\"section\" data-e-type=\"section\">\n\t\t\t\t\t\t<div class=\"elementor-container elementor-column-gap-default\">\n\t\t\t\t\t<div class=\"elementor-column elementor-col-100 elementor-top-column elementor-element elementor-element-28364d2\" data-id=\"28364d2\" data-element_type=\"column\" data-e-type=\"column\">\n\t\t\t<div class=\"elementor-widget-wrap elementor-element-populated\">\n\t\t\t\t\t\t\t<\/div>\n\t\t<\/div>\n\t\t\t\t\t<\/div>\n\t\t<\/section>\n\t\t\t\t<section class=\"elementor-section elementor-top-section elementor-element elementor-element-d1c64c4 elementor-section-boxed elementor-section-height-default elementor-section-height-default\" data-id=\"d1c64c4\" data-element_type=\"section\" data-e-type=\"section\">\n\t\t\t\t\t\t<div class=\"elementor-container elementor-column-gap-default\">\n\t\t\t\t\t<div class=\"elementor-column elementor-col-100 elementor-top-column elementor-element elementor-element-81dcb8e\" data-id=\"81dcb8e\" data-element_type=\"column\" data-e-type=\"column\">\n\t\t\t<div class=\"elementor-widget-wrap elementor-element-populated\">\n\t\t\t\t\t\t<div class=\"elementor-element elementor-element-b4b261c elementor-widget elementor-widget-heading\" data-id=\"b4b261c\" data-element_type=\"widget\" data-e-type=\"widget\" data-widget_type=\"heading.default\">\n\t\t\t\t<div class=\"elementor-widget-container\">\n\t\t\t\t\t<h3 class=\"elementor-heading-title elementor-size-default\">Documentaci\u00f3n<\/h3>\t\t\t\t<\/div>\n\t\t\t\t<\/div>\n\t\t\t\t<div class=\"elementor-element elementor-element-ec3045b elementor-widget elementor-widget-eael-adv-accordion\" data-id=\"ec3045b\" data-element_type=\"widget\" data-e-type=\"widget\" data-widget_type=\"eael-adv-accordion.default\">\n\t\t\t\t<div class=\"elementor-widget-container\">\n\t\t\t\t\t            <div class=\"eael-adv-accordion\" id=\"eael-adv-accordion-ec3045b\" data-scroll-on-click=\"no\" data-scroll-speed=\"300\" data-accordion-id=\"ec3045b\" data-accordion-type=\"accordion\" data-toogle-speed=\"300\">\n            <div class=\"eael-accordion-list\">\n\t\t\t\t\t<div id=\"documentos\" class=\"elementor-tab-title eael-accordion-header\" tabindex=\"0\" data-tab=\"1\" aria-controls=\"elementor-tab-content-2471\"><span class=\"eael-advanced-accordion-icon-closed\"><i aria-hidden=\"true\" class=\"fa-accordion-icon far fa-file-pdf\"><\/i><\/span><span class=\"eael-advanced-accordion-icon-opened\"><i aria-hidden=\"true\" class=\"fa-accordion-icon fas fa-minus\"><\/i><\/span><span class=\"eael-accordion-tab-title\">Documentos<\/span><\/div><div id=\"elementor-tab-content-2471\" class=\"eael-accordion-content clearfix\" data-tab=\"1\" aria-labelledby=\"documentos\"><p><img decoding=\"async\" class=\"wp-image-2526 alignnone\" src=\"https:\/\/biopesaje.com\/wp-content\/uploads\/2022\/02\/391px-PDF_file_icon.svg.png\" alt=\"\" width=\"30\" height=\"37\" srcset=\"https:\/\/biopesaje.com\/wp-content\/uploads\/2022\/02\/391px-PDF_file_icon.svg.png 391w, https:\/\/biopesaje.com\/wp-content\/uploads\/2022\/02\/391px-PDF_file_icon.svg-300x368.png 300w, https:\/\/biopesaje.com\/wp-content\/uploads\/2022\/02\/391px-PDF_file_icon.svg-244x300.png 244w, https:\/\/biopesaje.com\/wp-content\/uploads\/2022\/02\/391px-PDF_file_icon.svg-48x59.png 48w\" sizes=\"(max-width: 30px) 100vw, 30px\" \/> Cat\u00e1logo Bascula camionera<\/p><p><img decoding=\"async\" class=\"wp-image-2526 alignnone\" src=\"https:\/\/biopesaje.com\/wp-content\/uploads\/2022\/02\/391px-PDF_file_icon.svg.png\" alt=\"\" width=\"30\" height=\"37\" srcset=\"https:\/\/biopesaje.com\/wp-content\/uploads\/2022\/02\/391px-PDF_file_icon.svg.png 391w, https:\/\/biopesaje.com\/wp-content\/uploads\/2022\/02\/391px-PDF_file_icon.svg-300x368.png 300w, https:\/\/biopesaje.com\/wp-content\/uploads\/2022\/02\/391px-PDF_file_icon.svg-244x300.png 244w, https:\/\/biopesaje.com\/wp-content\/uploads\/2022\/02\/391px-PDF_file_icon.svg-48x59.png 48w\" sizes=\"(max-width: 30px) 100vw, 30px\" \/>Manual\u00a0Bascula camionera\u00a0<\/p><\/div>\n\t\t\t\t\t<\/div><\/div>\t\t\t\t<\/div>\n\t\t\t\t<\/div>\n\t\t\t\t\t<\/div>\n\t\t<\/div>\n\t\t\t\t\t<\/div>\n\t\t<\/section>\n\t\t\t\t<section class=\"elementor-section elementor-top-section elementor-element elementor-element-5e521e2 elementor-section-boxed elementor-section-height-default elementor-section-height-default\" data-id=\"5e521e2\" data-element_type=\"section\" data-e-type=\"section\">\n\t\t\t\t\t\t<div class=\"elementor-container elementor-column-gap-default\">\n\t\t\t\t\t<div class=\"elementor-column elementor-col-100 elementor-top-column elementor-element elementor-element-8a4e6b4\" data-id=\"8a4e6b4\" data-element_type=\"column\" data-e-type=\"column\">\n\t\t\t<div class=\"elementor-widget-wrap elementor-element-populated\">\n\t\t\t\t\t\t\t<\/div>\n\t\t<\/div>\n\t\t\t\t\t<\/div>\n\t\t<\/section>\n\t\t\t\t<\/div>\n\t\t","protected":false},"excerpt":{"rendered":"<div class=\"flex flex-col text-sm pb-25\">\n<article class=\"text-token-text-primary w-full focus:outline-none [--shadow-height:45px] has-data-writing-block:pointer-events-none has-data-writing-block:-mt-(--shadow-height) has-data-writing-block:pt-(--shadow-height) [&amp;:has([data-writing-block])&gt;*]:pointer-events-auto [content-visibility:auto] supports-[content-visibility:auto]:[contain-intrinsic-size:auto_100lvh] scroll-mt-[calc(var(--header-height)+min(200px,max(70px,20svh)))]\" dir=\"auto\" tabindex=\"-1\" data-turn-id=\"f3e9a8a1-07bf-44f0-ad4a-f6248e762643\" data-testid=\"conversation-turn-2\" data-scroll-anchor=\"true\" data-turn=\"assistant\">\n<div class=\"text-base my-auto mx-auto pb-10 [--thread-content-margin:--spacing(4)] @w-sm\/main:[--thread-content-margin:--spacing(6)] @w-lg\/main:[--thread-content-margin:--spacing(16)] px-(--thread-content-margin)\">\n<div class=\"[--thread-content-max-width:40rem] @w-lg\/main:[--thread-content-max-width:48rem] mx-auto max-w-(--thread-content-max-width) flex-1 group\/turn-messages focus-visible:outline-hidden relative flex w-full min-w-0 flex-col agent-turn\" tabindex=\"-1\">\n<div class=\"flex max-w-full flex-col grow\">\n<div class=\"min-h-8 text-message relative flex w-full flex-col items-end gap-2 text-start break-words whitespace-normal [.text-message+&amp;]:mt-1\" dir=\"auto\" data-message-author-role=\"assistant\" data-message-id=\"cb1ce59b-a8c1-4113-862b-ac37657836f0\" data-message-model-slug=\"gpt-5-2\">\n<div class=\"flex w-full flex-col gap-1 empty:hidden first:pt-[1px]\">\n<div class=\"markdown prose dark:prose-invert w-full break-words dark markdown-new-styling\">\n<p data-start=\"0\" data-end=\"457\" data-is-last-node=\"\" data-is-only-node=\"\">BIOPESAJE SAS. Es la compa\u00f1\u00eda pionera en Colombia fabricando B\u00e1sculas camioneras<br \/>\ntotalmente electr\u00f3nicas y realmente de bajo perfil, para instalaci\u00f3n sencilla, sin costos<br \/>\nelevados en obra civiles, de f\u00e1cil montaje Y CON LA VENTAJA DE PODER<br \/>\nDESMONTARSE Y SER TRANSLADADAS CUANDO SE REQUIERA.<br \/>\nUtilizando alta tecnolog\u00eda; siendo esta sencilla, vers\u00e1til y de f\u00e1cil operaci\u00f3n, ofreciendo<br \/>\nuna excelente calidad.<\/p>\n<\/div>\n<\/div>\n<\/div>\n<\/div>\n<\/div>\n<\/div>\n<\/article>\n<\/div>\n","protected":false},"featured_media":10416,"template":"","meta":{"_uag_custom_page_level_css":"","_joinchat":[]},"product_brand":[192],"product_cat":[191],"product_tag":[],"class_list":{"0":"post-10411","1":"product","2":"type-product","3":"status-publish","4":"has-post-thumbnail","6":"product_brand-lex","7":"product_cat-camioneras","8":"thunk-woo-product-list","9":"opn-qv-enable","10":"top-store-woo-hover-none","11":"top-store-single-product-tab-horizontal","12":"top-store-shadow-","13":"top-store-shadow-hover-","15":"first","16":"instock","17":"taxable","18":"shipping-taxable","19":"product-type-simple"},"yoast_head":"<!-- This site is optimized with the Yoast SEO plugin v27.4 - https:\/\/yoast.com\/product\/yoast-seo-wordpress\/ -->\n<title>Balanza Impresora bPlus H2 T2 Mettler Toledo | BIOPESAJE SAS<\/title>\n<meta name=\"description\" content=\"Balanza impresora bplus h2 t2 de Mettler Toledo. Distribuidor autorizado en Colombia. Pesaje exacto e impresi\u00f3n t\u00e9rmica para retail. Soporte t\u00e9cnico local.\" \/>\n<meta name=\"robots\" content=\"index, follow, max-snippet:-1, max-image-preview:large, max-video-preview:-1\" \/>\n<link rel=\"canonical\" href=\"https:\/\/biopesaje.com\/index.php\/product\/bascula-en-concreto-3x9m\/\" \/>\n<meta property=\"og:locale\" content=\"es_ES\" \/>\n<meta property=\"og:type\" content=\"article\" \/>\n<meta property=\"og:title\" content=\"Balanza Impresora bPlus H2 T2 Mettler Toledo | BIOPESAJE SAS\" \/>\n<meta property=\"og:description\" content=\"Balanza impresora bplus h2 t2 de Mettler Toledo. Distribuidor autorizado en Colombia. Pesaje exacto e impresi\u00f3n t\u00e9rmica para retail. Soporte t\u00e9cnico local.\" \/>\n<meta property=\"og:url\" content=\"https:\/\/biopesaje.com\/index.php\/product\/bascula-en-concreto-3x9m\/\" \/>\n<meta property=\"og:site_name\" content=\"BIOPESAJE S.A.S.\" \/>\n<meta property=\"article:modified_time\" content=\"2026-03-04T20:28:22+00:00\" \/>\n<meta property=\"og:image\" content=\"https:\/\/biopesaje.com\/wp-content\/uploads\/2026\/02\/LEX-4010-10.jpeg\" \/>\n\t<meta property=\"og:image:width\" content=\"1600\" \/>\n\t<meta property=\"og:image:height\" content=\"1200\" \/>\n\t<meta property=\"og:image:type\" content=\"image\/jpeg\" \/>\n<meta name=\"twitter:card\" content=\"summary_large_image\" \/>\n<meta name=\"twitter:label1\" content=\"Tiempo de lectura\" \/>\n\t<meta name=\"twitter:data1\" content=\"1 minuto\" \/>\n<script type=\"application\/ld+json\" class=\"yoast-schema-graph\">{\"@context\":\"https:\\\/\\\/schema.org\",\"@graph\":[{\"@type\":\"WebPage\",\"@id\":\"https:\\\/\\\/biopesaje.com\\\/index.php\\\/product\\\/bascula-en-concreto-3x9m\\\/\",\"url\":\"https:\\\/\\\/biopesaje.com\\\/index.php\\\/product\\\/bascula-en-concreto-3x9m\\\/\",\"name\":\"Balanza Impresora bPlus H2 T2 Mettler Toledo | BIOPESAJE SAS\",\"isPartOf\":{\"@id\":\"https:\\\/\\\/biopesaje.com\\\/#website\"},\"primaryImageOfPage\":{\"@id\":\"https:\\\/\\\/biopesaje.com\\\/index.php\\\/product\\\/bascula-en-concreto-3x9m\\\/#primaryimage\"},\"image\":{\"@id\":\"https:\\\/\\\/biopesaje.com\\\/index.php\\\/product\\\/bascula-en-concreto-3x9m\\\/#primaryimage\"},\"thumbnailUrl\":\"https:\\\/\\\/biopesaje.com\\\/wp-content\\\/uploads\\\/2026\\\/02\\\/LEX-4010-10.jpeg\",\"datePublished\":\"2026-02-10T15:47:40+00:00\",\"dateModified\":\"2026-03-04T20:28:22+00:00\",\"description\":\"Balanza impresora bplus h2 t2 de Mettler Toledo. Distribuidor autorizado en Colombia. Pesaje exacto e impresi\u00f3n t\u00e9rmica para retail. Soporte t\u00e9cnico local.\",\"breadcrumb\":{\"@id\":\"https:\\\/\\\/biopesaje.com\\\/index.php\\\/product\\\/bascula-en-concreto-3x9m\\\/#breadcrumb\"},\"inLanguage\":\"es-CO\",\"potentialAction\":[{\"@type\":\"ReadAction\",\"target\":[\"https:\\\/\\\/biopesaje.com\\\/index.php\\\/product\\\/bascula-en-concreto-3x9m\\\/\"]}]},{\"@type\":\"ImageObject\",\"inLanguage\":\"es-CO\",\"@id\":\"https:\\\/\\\/biopesaje.com\\\/index.php\\\/product\\\/bascula-en-concreto-3x9m\\\/#primaryimage\",\"url\":\"https:\\\/\\\/biopesaje.com\\\/wp-content\\\/uploads\\\/2026\\\/02\\\/LEX-4010-10.jpeg\",\"contentUrl\":\"https:\\\/\\\/biopesaje.com\\\/wp-content\\\/uploads\\\/2026\\\/02\\\/LEX-4010-10.jpeg\",\"width\":1600,\"height\":1200},{\"@type\":\"BreadcrumbList\",\"@id\":\"https:\\\/\\\/biopesaje.com\\\/index.php\\\/product\\\/bascula-en-concreto-3x9m\\\/#breadcrumb\",\"itemListElement\":[{\"@type\":\"ListItem\",\"position\":1,\"name\":\"Home\",\"item\":\"https:\\\/\\\/biopesaje.com\\\/\"},{\"@type\":\"ListItem\",\"position\":2,\"name\":\"Productos\",\"item\":\"https:\\\/\\\/biopesaje.com\\\/index.php\\\/tienda\\\/\"},{\"@type\":\"ListItem\",\"position\":3,\"name\":\"Bascula en Concreto 3x9m\"}]},{\"@type\":\"WebSite\",\"@id\":\"https:\\\/\\\/biopesaje.com\\\/#website\",\"url\":\"https:\\\/\\\/biopesaje.com\\\/\",\"name\":\"BIOPESAJE S.A.S.\",\"description\":\"Ingenier\u00eda de pesaje, metrolog\u00eda y laboratorio.\",\"publisher\":{\"@id\":\"https:\\\/\\\/biopesaje.com\\\/#organization\"},\"potentialAction\":[{\"@type\":\"SearchAction\",\"target\":{\"@type\":\"EntryPoint\",\"urlTemplate\":\"https:\\\/\\\/biopesaje.com\\\/?s={search_term_string}\"},\"query-input\":{\"@type\":\"PropertyValueSpecification\",\"valueRequired\":true,\"valueName\":\"search_term_string\"}}],\"inLanguage\":\"es-CO\"},{\"@type\":\"Organization\",\"@id\":\"https:\\\/\\\/biopesaje.com\\\/#organization\",\"name\":\"BIOPESAJE S.A.S.\",\"url\":\"https:\\\/\\\/biopesaje.com\\\/\",\"logo\":{\"@type\":\"ImageObject\",\"inLanguage\":\"es-CO\",\"@id\":\"https:\\\/\\\/biopesaje.com\\\/#\\\/schema\\\/logo\\\/image\\\/\",\"url\":\"\",\"contentUrl\":\"\",\"caption\":\"BIOPESAJE S.A.S.\"},\"image\":{\"@id\":\"https:\\\/\\\/biopesaje.com\\\/#\\\/schema\\\/logo\\\/image\\\/\"}}]}<\/script>\n<!-- \/ Yoast SEO plugin. -->","yoast_head_json":{"title":"Balanza Impresora bPlus H2 T2 Mettler Toledo | BIOPESAJE SAS","description":"Balanza impresora bplus h2 t2 de Mettler Toledo. Distribuidor autorizado en Colombia. Pesaje exacto e impresi\u00f3n t\u00e9rmica para retail. Soporte t\u00e9cnico local.","robots":{"index":"index","follow":"follow","max-snippet":"max-snippet:-1","max-image-preview":"max-image-preview:large","max-video-preview":"max-video-preview:-1"},"canonical":"https:\/\/biopesaje.com\/index.php\/product\/bascula-en-concreto-3x9m\/","og_locale":"es_ES","og_type":"article","og_title":"Balanza Impresora bPlus H2 T2 Mettler Toledo | BIOPESAJE SAS","og_description":"Balanza impresora bplus h2 t2 de Mettler Toledo. Distribuidor autorizado en Colombia. Pesaje exacto e impresi\u00f3n t\u00e9rmica para retail. Soporte t\u00e9cnico local.","og_url":"https:\/\/biopesaje.com\/index.php\/product\/bascula-en-concreto-3x9m\/","og_site_name":"BIOPESAJE S.A.S.","article_modified_time":"2026-03-04T20:28:22+00:00","og_image":[{"width":1600,"height":1200,"url":"https:\/\/biopesaje.com\/wp-content\/uploads\/2026\/02\/LEX-4010-10.jpeg","type":"image\/jpeg"}],"twitter_card":"summary_large_image","twitter_misc":{"Tiempo de lectura":"1 minuto"},"schema":{"@context":"https:\/\/schema.org","@graph":[{"@type":"WebPage","@id":"https:\/\/biopesaje.com\/index.php\/product\/bascula-en-concreto-3x9m\/","url":"https:\/\/biopesaje.com\/index.php\/product\/bascula-en-concreto-3x9m\/","name":"Balanza Impresora bPlus H2 T2 Mettler Toledo | BIOPESAJE SAS","isPartOf":{"@id":"https:\/\/biopesaje.com\/#website"},"primaryImageOfPage":{"@id":"https:\/\/biopesaje.com\/index.php\/product\/bascula-en-concreto-3x9m\/#primaryimage"},"image":{"@id":"https:\/\/biopesaje.com\/index.php\/product\/bascula-en-concreto-3x9m\/#primaryimage"},"thumbnailUrl":"https:\/\/biopesaje.com\/wp-content\/uploads\/2026\/02\/LEX-4010-10.jpeg","datePublished":"2026-02-10T15:47:40+00:00","dateModified":"2026-03-04T20:28:22+00:00","description":"Balanza impresora bplus h2 t2 de Mettler Toledo. Distribuidor autorizado en Colombia. Pesaje exacto e impresi\u00f3n t\u00e9rmica para retail. Soporte t\u00e9cnico local.","breadcrumb":{"@id":"https:\/\/biopesaje.com\/index.php\/product\/bascula-en-concreto-3x9m\/#breadcrumb"},"inLanguage":"es-CO","potentialAction":[{"@type":"ReadAction","target":["https:\/\/biopesaje.com\/index.php\/product\/bascula-en-concreto-3x9m\/"]}]},{"@type":"ImageObject","inLanguage":"es-CO","@id":"https:\/\/biopesaje.com\/index.php\/product\/bascula-en-concreto-3x9m\/#primaryimage","url":"https:\/\/biopesaje.com\/wp-content\/uploads\/2026\/02\/LEX-4010-10.jpeg","contentUrl":"https:\/\/biopesaje.com\/wp-content\/uploads\/2026\/02\/LEX-4010-10.jpeg","width":1600,"height":1200},{"@type":"BreadcrumbList","@id":"https:\/\/biopesaje.com\/index.php\/product\/bascula-en-concreto-3x9m\/#breadcrumb","itemListElement":[{"@type":"ListItem","position":1,"name":"Home","item":"https:\/\/biopesaje.com\/"},{"@type":"ListItem","position":2,"name":"Productos","item":"https:\/\/biopesaje.com\/index.php\/tienda\/"},{"@type":"ListItem","position":3,"name":"Bascula en Concreto 3x9m"}]},{"@type":"WebSite","@id":"https:\/\/biopesaje.com\/#website","url":"https:\/\/biopesaje.com\/","name":"BIOPESAJE S.A.S.","description":"Ingenier\u00eda de pesaje, metrolog\u00eda y laboratorio.","publisher":{"@id":"https:\/\/biopesaje.com\/#organization"},"potentialAction":[{"@type":"SearchAction","target":{"@type":"EntryPoint","urlTemplate":"https:\/\/biopesaje.com\/?s={search_term_string}"},"query-input":{"@type":"PropertyValueSpecification","valueRequired":true,"valueName":"search_term_string"}}],"inLanguage":"es-CO"},{"@type":"Organization","@id":"https:\/\/biopesaje.com\/#organization","name":"BIOPESAJE S.A.S.","url":"https:\/\/biopesaje.com\/","logo":{"@type":"ImageObject","inLanguage":"es-CO","@id":"https:\/\/biopesaje.com\/#\/schema\/logo\/image\/","url":"","contentUrl":"","caption":"BIOPESAJE S.A.S."},"image":{"@id":"https:\/\/biopesaje.com\/#\/schema\/logo\/image\/"}}]}},"uagb_featured_image_src":{"full":["https:\/\/biopesaje.com\/wp-content\/uploads\/2026\/02\/LEX-4010-10.jpeg",1600,1200,false],"thumbnail":["https:\/\/biopesaje.com\/wp-content\/uploads\/2026\/02\/LEX-4010-10-150x150.jpeg",150,150,true],"medium":["https:\/\/biopesaje.com\/wp-content\/uploads\/2026\/02\/LEX-4010-10-300x225.jpeg",300,225,true],"medium_large":["https:\/\/biopesaje.com\/wp-content\/uploads\/2026\/02\/LEX-4010-10-768x576.jpeg",640,480,true],"large":["https:\/\/biopesaje.com\/wp-content\/uploads\/2026\/02\/LEX-4010-10-1024x768.jpeg",640,480,true],"1536x1536":["https:\/\/biopesaje.com\/wp-content\/uploads\/2026\/02\/LEX-4010-10-1536x1152.jpeg",1536,1152,true],"2048x2048":["https:\/\/biopesaje.com\/wp-content\/uploads\/2026\/02\/LEX-4010-10.jpeg",1600,1200,false],"woocommerce_thumbnail":["https:\/\/biopesaje.com\/wp-content\/uploads\/2026\/02\/LEX-4010-10-320x320.jpeg",320,320,true],"woocommerce_single":["https:\/\/biopesaje.com\/wp-content\/uploads\/2026\/02\/LEX-4010-10.jpeg",1600,1200,false],"woocommerce_gallery_thumbnail":["https:\/\/biopesaje.com\/wp-content\/uploads\/2026\/02\/LEX-4010-10-100x100.jpeg",100,100,true],"thaps-thumb-img":["https:\/\/biopesaje.com\/wp-content\/uploads\/2026\/02\/LEX-4010-10-48x36.jpeg",48,36,true],"taiowc-thumb-img":["https:\/\/biopesaje.com\/wp-content\/uploads\/2026\/02\/LEX-4010-10-48x36.jpeg",48,36,true]},"uagb_author_info":{"display_name":"Diego Martinez","author_link":"https:\/\/biopesaje.com\/index.php\/author\/"},"uagb_comment_info":0,"uagb_excerpt":"BIOPESAJE SAS. Es la compa\u00f1\u00eda pionera en Colombia fabricando B\u00e1sculas camioneras totalmente electr\u00f3nicas y realmente de bajo perfil, para instalaci\u00f3n sencilla, sin costos elevados en obra civiles, de f\u00e1cil montaje Y CON LA VENTAJA DE PODER DESMONTARSE Y SER TRANSLADADAS CUANDO SE REQUIERA. Utilizando alta tecnolog\u00eda; siendo esta sencilla, vers\u00e1til y de f\u00e1cil operaci\u00f3n, ofreciendo&hellip;","jetpack_sharing_enabled":true,"_links":{"self":[{"href":"https:\/\/biopesaje.com\/index.php\/wp-json\/wp\/v2\/product\/10411","targetHints":{"allow":["GET"]}}],"collection":[{"href":"https:\/\/biopesaje.com\/index.php\/wp-json\/wp\/v2\/product"}],"about":[{"href":"https:\/\/biopesaje.com\/index.php\/wp-json\/wp\/v2\/types\/product"}],"version-history":[{"count":9,"href":"https:\/\/biopesaje.com\/index.php\/wp-json\/wp\/v2\/product\/10411\/revisions"}],"predecessor-version":[{"id":10497,"href":"https:\/\/biopesaje.com\/index.php\/wp-json\/wp\/v2\/product\/10411\/revisions\/10497"}],"wp:featuredmedia":[{"embeddable":true,"href":"https:\/\/biopesaje.com\/index.php\/wp-json\/wp\/v2\/media\/10416"}],"wp:attachment":[{"href":"https:\/\/biopesaje.com\/index.php\/wp-json\/wp\/v2\/media?parent=10411"}],"wp:term":[{"taxonomy":"product_brand","embeddable":true,"href":"https:\/\/biopesaje.com\/index.php\/wp-json\/wp\/v2\/product_brand?post=10411"},{"taxonomy":"product_cat","embeddable":true,"href":"https:\/\/biopesaje.com\/index.php\/wp-json\/wp\/v2\/product_cat?post=10411"},{"taxonomy":"product_tag","embeddable":true,"href":"https:\/\/biopesaje.com\/index.php\/wp-json\/wp\/v2\/product_tag?post=10411"}],"curies":[{"name":"wp","href":"https:\/\/api.w.org\/{rel}","templated":true}]}}