{"id":10422,"date":"2026-02-11T20:24:31","date_gmt":"2026-02-11T20:24:31","guid":{"rendered":"https:\/\/biopesaje.com\/?post_type=product&#038;p=10422"},"modified":"2026-03-04T20:56:46","modified_gmt":"2026-03-04T20:56:46","slug":"bascula-concreto-3x18m-media","status":"publish","type":"product","link":"https:\/\/biopesaje.com\/index.php\/product\/bascula-concreto-3x18m-media\/","title":{"rendered":"Bascula Concreto 3x18m"},"content":{"rendered":"\t\t<div data-elementor-type=\"wp-post\" data-elementor-id=\"10422\" class=\"elementor elementor-10422\" data-elementor-post-type=\"product\">\n\t\t\t\t\t\t<section class=\"elementor-section elementor-top-section elementor-element elementor-element-e2b022b elementor-section-boxed elementor-section-height-default elementor-section-height-default\" data-id=\"e2b022b\" data-element_type=\"section\" data-e-type=\"section\">\n\t\t\t\t\t\t<div class=\"elementor-container elementor-column-gap-default\">\n\t\t\t\t\t<div class=\"elementor-column elementor-col-100 elementor-top-column elementor-element elementor-element-28364d2\" data-id=\"28364d2\" data-element_type=\"column\" data-e-type=\"column\">\n\t\t\t<div class=\"elementor-widget-wrap elementor-element-populated\">\n\t\t\t\t\t\t<div class=\"elementor-element elementor-element-31513ad elementor-widget elementor-widget-text-editor\" data-id=\"31513ad\" data-element_type=\"widget\" data-e-type=\"widget\" data-widget_type=\"text-editor.default\">\n\t\t\t\t<div class=\"elementor-widget-container\">\n\t\t\t\t\t\t\t\t\t<p>B\u00e1scula full electr\u00f3nica de 18m LEX-8020 <br \/>C3 marca BIOPESAJE MONO-RANGO: <br \/>RANGO 1: 0 kg hasta 80.000 kg x 20 kg. <br \/>6 perfiles IPE-500, 12 travesa\u00f1os IPE-220, 8 <br \/>platinas de empalme, 2 parachoques FED, 8 <br \/>Bases FED, 8 Conjuntos de suspensi\u00f3n <br \/>an\u00e1loga, 8 Celdas de carga an\u00e1logas CTS-M \/ <br \/>DBL de 30 t c\/u, 1 Tarjeta de uni\u00f3n, 1 <br \/>Indicador de peso an\u00e1logo FOX BIG \/ LP7510 <br \/>SS y cable de se\u00f1al a caseta.<\/p><p>Materiales Obra Civil <br \/>*Requiere de 18m3 de vaciado de concreto, <br \/>de 280 kg\/cm2 (4.000 PSI) <br \/>*Torniller\u00eda y platinas para ensamble general <br \/>e instalaci\u00f3n de celdas de carga <br \/>especificadas.<\/p><p>Opcional: Licencia de SOFTWARE MundoSoftware 6.5 con cable serial 9 a 9 y convertidor a USB\u00a0\u00a0<\/p>\t\t\t\t\t\t\t\t<\/div>\n\t\t\t\t<\/div>\n\t\t\t\t\t<\/div>\n\t\t<\/div>\n\t\t\t\t\t<\/div>\n\t\t<\/section>\n\t\t\t\t<section class=\"elementor-section elementor-top-section elementor-element elementor-element-5e521e2 elementor-section-boxed elementor-section-height-default elementor-section-height-default\" data-id=\"5e521e2\" data-element_type=\"section\" data-e-type=\"section\">\n\t\t\t\t\t\t<div class=\"elementor-container elementor-column-gap-default\">\n\t\t\t\t\t<div class=\"elementor-column elementor-col-100 elementor-top-column elementor-element elementor-element-8a4e6b4\" data-id=\"8a4e6b4\" data-element_type=\"column\" data-e-type=\"column\">\n\t\t\t<div class=\"elementor-widget-wrap elementor-element-populated\">\n\t\t\t\t\t\t\t<\/div>\n\t\t<\/div>\n\t\t\t\t\t<\/div>\n\t\t<\/section>\n\t\t\t\t<section class=\"elementor-section elementor-top-section elementor-element elementor-element-f5d9d41 elementor-section-boxed elementor-section-height-default elementor-section-height-default\" data-id=\"f5d9d41\" data-element_type=\"section\" data-e-type=\"section\">\n\t\t\t\t\t\t<div class=\"elementor-container elementor-column-gap-default\">\n\t\t\t\t\t<div class=\"elementor-column elementor-col-100 elementor-top-column elementor-element elementor-element-87b53d8\" data-id=\"87b53d8\" data-element_type=\"column\" data-e-type=\"column\">\n\t\t\t<div class=\"elementor-widget-wrap elementor-element-populated\">\n\t\t\t\t\t\t<div class=\"elementor-element elementor-element-4da9b19 elementor-widget elementor-widget-heading\" data-id=\"4da9b19\" data-element_type=\"widget\" data-e-type=\"widget\" data-widget_type=\"heading.default\">\n\t\t\t\t<div class=\"elementor-widget-container\">\n\t\t\t\t\t<h3 class=\"elementor-heading-title elementor-size-default\">Documentaci\u00f3n<\/h3>\t\t\t\t<\/div>\n\t\t\t\t<\/div>\n\t\t\t\t<div class=\"elementor-element elementor-element-9b77f69 elementor-widget elementor-widget-eael-adv-accordion\" data-id=\"9b77f69\" data-element_type=\"widget\" data-e-type=\"widget\" data-widget_type=\"eael-adv-accordion.default\">\n\t\t\t\t<div class=\"elementor-widget-container\">\n\t\t\t\t\t            <div class=\"eael-adv-accordion\" id=\"eael-adv-accordion-9b77f69\" data-scroll-on-click=\"no\" data-scroll-speed=\"300\" data-accordion-id=\"9b77f69\" data-accordion-type=\"accordion\" data-toogle-speed=\"300\">\n            <div class=\"eael-accordion-list\">\n\t\t\t\t\t<div id=\"documentos\" class=\"elementor-tab-title eael-accordion-header\" tabindex=\"0\" data-tab=\"1\" aria-controls=\"elementor-tab-content-1631\"><span class=\"eael-advanced-accordion-icon-closed\"><i aria-hidden=\"true\" class=\"fa-accordion-icon far fa-file-pdf\"><\/i><\/span><span class=\"eael-advanced-accordion-icon-opened\"><i aria-hidden=\"true\" class=\"fa-accordion-icon fas fa-minus\"><\/i><\/span><span class=\"eael-accordion-tab-title\">Documentos<\/span><\/div><div id=\"elementor-tab-content-1631\" class=\"eael-accordion-content clearfix\" data-tab=\"1\" aria-labelledby=\"documentos\"><p><img decoding=\"async\" class=\"wp-image-2526 alignnone\" src=\"https:\/\/biopesaje.com\/wp-content\/uploads\/2022\/02\/391px-PDF_file_icon.svg.png\" alt=\"\" width=\"30\" height=\"37\" srcset=\"https:\/\/biopesaje.com\/wp-content\/uploads\/2022\/02\/391px-PDF_file_icon.svg.png 391w, https:\/\/biopesaje.com\/wp-content\/uploads\/2022\/02\/391px-PDF_file_icon.svg-300x368.png 300w, https:\/\/biopesaje.com\/wp-content\/uploads\/2022\/02\/391px-PDF_file_icon.svg-244x300.png 244w, https:\/\/biopesaje.com\/wp-content\/uploads\/2022\/02\/391px-PDF_file_icon.svg-48x59.png 48w\" sizes=\"(max-width: 30px) 100vw, 30px\" \/> Cat\u00e1logo Bascula camionera<\/p><p><img decoding=\"async\" class=\"wp-image-2526 alignnone\" src=\"https:\/\/biopesaje.com\/wp-content\/uploads\/2022\/02\/391px-PDF_file_icon.svg.png\" alt=\"\" width=\"30\" height=\"37\" srcset=\"https:\/\/biopesaje.com\/wp-content\/uploads\/2022\/02\/391px-PDF_file_icon.svg.png 391w, https:\/\/biopesaje.com\/wp-content\/uploads\/2022\/02\/391px-PDF_file_icon.svg-300x368.png 300w, https:\/\/biopesaje.com\/wp-content\/uploads\/2022\/02\/391px-PDF_file_icon.svg-244x300.png 244w, https:\/\/biopesaje.com\/wp-content\/uploads\/2022\/02\/391px-PDF_file_icon.svg-48x59.png 48w\" sizes=\"(max-width: 30px) 100vw, 30px\" \/>Manual\u00a0Bascula camionera\u00a0<\/p><\/div>\n\t\t\t\t\t<\/div><\/div>\t\t\t\t<\/div>\n\t\t\t\t<\/div>\n\t\t\t\t\t<\/div>\n\t\t<\/div>\n\t\t\t\t\t<\/div>\n\t\t<\/section>\n\t\t\t\t<\/div>\n\t\t","protected":false},"excerpt":{"rendered":"<p>BIOPESAJE SAS. Es la compa\u00f1\u00eda pionera en Colombia fabricando B\u00e1sculas camioneras<br \/>\ntotalmente electr\u00f3nicas y realmente de bajo perfil, para instalaci\u00f3n sencilla, sin costos<br \/>\nelevados en obra civiles, de f\u00e1cil montaje Y CON LA VENTAJA DE PODER<br \/>\nDESMONTARSE Y SER TRANSLADADAS CUANDO SE REQUIERA.<br \/>\nUtilizando alta tecnolog\u00eda; siendo esta sencilla, vers\u00e1til y de f\u00e1cil operaci\u00f3n, ofreciendo<br \/>\nuna excelente calidad.<\/p>\n","protected":false},"featured_media":10498,"template":"","meta":{"_uag_custom_page_level_css":"","_joinchat":[]},"product_brand":[180],"product_cat":[191],"product_tag":[],"class_list":{"0":"post-10422","1":"product","2":"type-product","3":"status-publish","4":"has-post-thumbnail","6":"product_brand-tek","7":"product_cat-camioneras","8":"thunk-woo-product-list","9":"opn-qv-enable","10":"top-store-woo-hover-none","11":"top-store-single-product-tab-horizontal","12":"top-store-shadow-","13":"top-store-shadow-hover-","15":"first","16":"instock","17":"taxable","18":"shipping-taxable","19":"product-type-simple"},"yoast_head":"<!-- This site is optimized with the Yoast SEO plugin v27.5 - https:\/\/yoast.com\/product\/yoast-seo-wordpress\/ -->\n<title>Bascula Concreto 3x18m - MEDIA<\/title>\n<meta name=\"description\" content=\"Bascula Concreto 3x18m - MEDIA\" \/>\n<meta name=\"robots\" content=\"index, follow, max-snippet:-1, max-image-preview:large, max-video-preview:-1\" \/>\n<link rel=\"canonical\" href=\"https:\/\/biopesaje.com\/index.php\/product\/bascula-concreto-3x18m-media\/\" \/>\n<meta property=\"og:locale\" content=\"es_ES\" \/>\n<meta property=\"og:type\" content=\"article\" \/>\n<meta property=\"og:title\" content=\"Bascula Concreto 3x18m - MEDIA\" \/>\n<meta property=\"og:description\" content=\"Bascula Concreto 3x18m - MEDIA\" \/>\n<meta property=\"og:url\" content=\"https:\/\/biopesaje.com\/index.php\/product\/bascula-concreto-3x18m-media\/\" \/>\n<meta property=\"og:site_name\" content=\"BIOPESAJE S.A.S.\" \/>\n<meta property=\"article:modified_time\" content=\"2026-03-04T20:56:46+00:00\" \/>\n<meta property=\"og:image\" content=\"https:\/\/biopesaje.com\/wp-content\/uploads\/2026\/02\/99-1.jpeg\" \/>\n\t<meta property=\"og:image:width\" content=\"1600\" \/>\n\t<meta property=\"og:image:height\" content=\"1200\" \/>\n\t<meta property=\"og:image:type\" content=\"image\/jpeg\" \/>\n<meta name=\"twitter:card\" content=\"summary_large_image\" \/>\n<meta name=\"twitter:label1\" content=\"Tiempo de lectura\" \/>\n\t<meta name=\"twitter:data1\" content=\"2 minutos\" \/>\n<script type=\"application\/ld+json\" class=\"yoast-schema-graph\">{\"@context\":\"https:\\\/\\\/schema.org\",\"@graph\":[{\"@type\":\"WebPage\",\"@id\":\"https:\\\/\\\/biopesaje.com\\\/index.php\\\/product\\\/bascula-concreto-3x18m-media\\\/\",\"url\":\"https:\\\/\\\/biopesaje.com\\\/index.php\\\/product\\\/bascula-concreto-3x18m-media\\\/\",\"name\":\"Bascula Concreto 3x18m - MEDIA\",\"isPartOf\":{\"@id\":\"https:\\\/\\\/biopesaje.com\\\/#website\"},\"primaryImageOfPage\":{\"@id\":\"https:\\\/\\\/biopesaje.com\\\/index.php\\\/product\\\/bascula-concreto-3x18m-media\\\/#primaryimage\"},\"image\":{\"@id\":\"https:\\\/\\\/biopesaje.com\\\/index.php\\\/product\\\/bascula-concreto-3x18m-media\\\/#primaryimage\"},\"thumbnailUrl\":\"https:\\\/\\\/biopesaje.com\\\/wp-content\\\/uploads\\\/2026\\\/02\\\/99-1.jpeg\",\"datePublished\":\"2026-02-11T20:24:31+00:00\",\"dateModified\":\"2026-03-04T20:56:46+00:00\",\"description\":\"Bascula Concreto 3x18m - MEDIA\",\"breadcrumb\":{\"@id\":\"https:\\\/\\\/biopesaje.com\\\/index.php\\\/product\\\/bascula-concreto-3x18m-media\\\/#breadcrumb\"},\"inLanguage\":\"es-CO\",\"potentialAction\":[{\"@type\":\"ReadAction\",\"target\":[\"https:\\\/\\\/biopesaje.com\\\/index.php\\\/product\\\/bascula-concreto-3x18m-media\\\/\"]}]},{\"@type\":\"ImageObject\",\"inLanguage\":\"es-CO\",\"@id\":\"https:\\\/\\\/biopesaje.com\\\/index.php\\\/product\\\/bascula-concreto-3x18m-media\\\/#primaryimage\",\"url\":\"https:\\\/\\\/biopesaje.com\\\/wp-content\\\/uploads\\\/2026\\\/02\\\/99-1.jpeg\",\"contentUrl\":\"https:\\\/\\\/biopesaje.com\\\/wp-content\\\/uploads\\\/2026\\\/02\\\/99-1.jpeg\",\"width\":1600,\"height\":1200},{\"@type\":\"BreadcrumbList\",\"@id\":\"https:\\\/\\\/biopesaje.com\\\/index.php\\\/product\\\/bascula-concreto-3x18m-media\\\/#breadcrumb\",\"itemListElement\":[{\"@type\":\"ListItem\",\"position\":1,\"name\":\"Home\",\"item\":\"https:\\\/\\\/biopesaje.com\\\/\"},{\"@type\":\"ListItem\",\"position\":2,\"name\":\"Productos\",\"item\":\"https:\\\/\\\/biopesaje.com\\\/index.php\\\/tienda\\\/\"},{\"@type\":\"ListItem\",\"position\":3,\"name\":\"Bascula Concreto 3x18m\"}]},{\"@type\":\"WebSite\",\"@id\":\"https:\\\/\\\/biopesaje.com\\\/#website\",\"url\":\"https:\\\/\\\/biopesaje.com\\\/\",\"name\":\"BIOPESAJE S.A.S.\",\"description\":\"Ingenier\u00eda de pesaje, metrolog\u00eda y laboratorio.\",\"publisher\":{\"@id\":\"https:\\\/\\\/biopesaje.com\\\/#organization\"},\"potentialAction\":[{\"@type\":\"SearchAction\",\"target\":{\"@type\":\"EntryPoint\",\"urlTemplate\":\"https:\\\/\\\/biopesaje.com\\\/?s={search_term_string}\"},\"query-input\":{\"@type\":\"PropertyValueSpecification\",\"valueRequired\":true,\"valueName\":\"search_term_string\"}}],\"inLanguage\":\"es-CO\"},{\"@type\":\"Organization\",\"@id\":\"https:\\\/\\\/biopesaje.com\\\/#organization\",\"name\":\"BIOPESAJE S.A.S.\",\"url\":\"https:\\\/\\\/biopesaje.com\\\/\",\"logo\":{\"@type\":\"ImageObject\",\"inLanguage\":\"es-CO\",\"@id\":\"https:\\\/\\\/biopesaje.com\\\/#\\\/schema\\\/logo\\\/image\\\/\",\"url\":\"\",\"contentUrl\":\"\",\"caption\":\"BIOPESAJE S.A.S.\"},\"image\":{\"@id\":\"https:\\\/\\\/biopesaje.com\\\/#\\\/schema\\\/logo\\\/image\\\/\"}}]}<\/script>\n<!-- \/ Yoast SEO plugin. -->","yoast_head_json":{"title":"Bascula Concreto 3x18m - MEDIA","description":"Bascula Concreto 3x18m - MEDIA","robots":{"index":"index","follow":"follow","max-snippet":"max-snippet:-1","max-image-preview":"max-image-preview:large","max-video-preview":"max-video-preview:-1"},"canonical":"https:\/\/biopesaje.com\/index.php\/product\/bascula-concreto-3x18m-media\/","og_locale":"es_ES","og_type":"article","og_title":"Bascula Concreto 3x18m - MEDIA","og_description":"Bascula Concreto 3x18m - MEDIA","og_url":"https:\/\/biopesaje.com\/index.php\/product\/bascula-concreto-3x18m-media\/","og_site_name":"BIOPESAJE S.A.S.","article_modified_time":"2026-03-04T20:56:46+00:00","og_image":[{"width":1600,"height":1200,"url":"https:\/\/biopesaje.com\/wp-content\/uploads\/2026\/02\/99-1.jpeg","type":"image\/jpeg"}],"twitter_card":"summary_large_image","twitter_misc":{"Tiempo de lectura":"2 minutos"},"schema":{"@context":"https:\/\/schema.org","@graph":[{"@type":"WebPage","@id":"https:\/\/biopesaje.com\/index.php\/product\/bascula-concreto-3x18m-media\/","url":"https:\/\/biopesaje.com\/index.php\/product\/bascula-concreto-3x18m-media\/","name":"Bascula Concreto 3x18m - MEDIA","isPartOf":{"@id":"https:\/\/biopesaje.com\/#website"},"primaryImageOfPage":{"@id":"https:\/\/biopesaje.com\/index.php\/product\/bascula-concreto-3x18m-media\/#primaryimage"},"image":{"@id":"https:\/\/biopesaje.com\/index.php\/product\/bascula-concreto-3x18m-media\/#primaryimage"},"thumbnailUrl":"https:\/\/biopesaje.com\/wp-content\/uploads\/2026\/02\/99-1.jpeg","datePublished":"2026-02-11T20:24:31+00:00","dateModified":"2026-03-04T20:56:46+00:00","description":"Bascula Concreto 3x18m - MEDIA","breadcrumb":{"@id":"https:\/\/biopesaje.com\/index.php\/product\/bascula-concreto-3x18m-media\/#breadcrumb"},"inLanguage":"es-CO","potentialAction":[{"@type":"ReadAction","target":["https:\/\/biopesaje.com\/index.php\/product\/bascula-concreto-3x18m-media\/"]}]},{"@type":"ImageObject","inLanguage":"es-CO","@id":"https:\/\/biopesaje.com\/index.php\/product\/bascula-concreto-3x18m-media\/#primaryimage","url":"https:\/\/biopesaje.com\/wp-content\/uploads\/2026\/02\/99-1.jpeg","contentUrl":"https:\/\/biopesaje.com\/wp-content\/uploads\/2026\/02\/99-1.jpeg","width":1600,"height":1200},{"@type":"BreadcrumbList","@id":"https:\/\/biopesaje.com\/index.php\/product\/bascula-concreto-3x18m-media\/#breadcrumb","itemListElement":[{"@type":"ListItem","position":1,"name":"Home","item":"https:\/\/biopesaje.com\/"},{"@type":"ListItem","position":2,"name":"Productos","item":"https:\/\/biopesaje.com\/index.php\/tienda\/"},{"@type":"ListItem","position":3,"name":"Bascula Concreto 3x18m"}]},{"@type":"WebSite","@id":"https:\/\/biopesaje.com\/#website","url":"https:\/\/biopesaje.com\/","name":"BIOPESAJE S.A.S.","description":"Ingenier\u00eda de pesaje, metrolog\u00eda y laboratorio.","publisher":{"@id":"https:\/\/biopesaje.com\/#organization"},"potentialAction":[{"@type":"SearchAction","target":{"@type":"EntryPoint","urlTemplate":"https:\/\/biopesaje.com\/?s={search_term_string}"},"query-input":{"@type":"PropertyValueSpecification","valueRequired":true,"valueName":"search_term_string"}}],"inLanguage":"es-CO"},{"@type":"Organization","@id":"https:\/\/biopesaje.com\/#organization","name":"BIOPESAJE S.A.S.","url":"https:\/\/biopesaje.com\/","logo":{"@type":"ImageObject","inLanguage":"es-CO","@id":"https:\/\/biopesaje.com\/#\/schema\/logo\/image\/","url":"","contentUrl":"","caption":"BIOPESAJE S.A.S."},"image":{"@id":"https:\/\/biopesaje.com\/#\/schema\/logo\/image\/"}}]}},"uagb_featured_image_src":{"full":["https:\/\/biopesaje.com\/wp-content\/uploads\/2026\/02\/99-1.jpeg",1600,1200,false],"thumbnail":["https:\/\/biopesaje.com\/wp-content\/uploads\/2026\/02\/99-1-150x150.jpeg",150,150,true],"medium":["https:\/\/biopesaje.com\/wp-content\/uploads\/2026\/02\/99-1-300x225.jpeg",300,225,true],"medium_large":["https:\/\/biopesaje.com\/wp-content\/uploads\/2026\/02\/99-1-768x576.jpeg",640,480,true],"large":["https:\/\/biopesaje.com\/wp-content\/uploads\/2026\/02\/99-1-1024x768.jpeg",640,480,true],"1536x1536":["https:\/\/biopesaje.com\/wp-content\/uploads\/2026\/02\/99-1-1536x1152.jpeg",1536,1152,true],"2048x2048":["https:\/\/biopesaje.com\/wp-content\/uploads\/2026\/02\/99-1.jpeg",1600,1200,false],"woocommerce_thumbnail":["https:\/\/biopesaje.com\/wp-content\/uploads\/2026\/02\/99-1-320x320.jpeg",320,320,true],"woocommerce_single":["https:\/\/biopesaje.com\/wp-content\/uploads\/2026\/02\/99-1.jpeg",1600,1200,false],"woocommerce_gallery_thumbnail":["https:\/\/biopesaje.com\/wp-content\/uploads\/2026\/02\/99-1-100x100.jpeg",100,100,true],"thaps-thumb-img":["https:\/\/biopesaje.com\/wp-content\/uploads\/2026\/02\/99-1-48x36.jpeg",48,36,true],"taiowc-thumb-img":["https:\/\/biopesaje.com\/wp-content\/uploads\/2026\/02\/99-1-48x36.jpeg",48,36,true]},"uagb_author_info":{"display_name":"Diego Martinez","author_link":"https:\/\/biopesaje.com\/index.php\/author\/"},"uagb_comment_info":0,"uagb_excerpt":"BIOPESAJE SAS. Es la compa\u00f1\u00eda pionera en Colombia fabricando B\u00e1sculas camioneras totalmente electr\u00f3nicas y realmente de bajo perfil, para instalaci\u00f3n sencilla, sin costos elevados en obra civiles, de f\u00e1cil montaje Y CON LA VENTAJA DE PODER DESMONTARSE Y SER TRANSLADADAS CUANDO SE REQUIERA. Utilizando alta tecnolog\u00eda; siendo esta sencilla, vers\u00e1til y de f\u00e1cil operaci\u00f3n, ofreciendo&hellip;","jetpack_sharing_enabled":true,"_links":{"self":[{"href":"https:\/\/biopesaje.com\/index.php\/wp-json\/wp\/v2\/product\/10422","targetHints":{"allow":["GET"]}}],"collection":[{"href":"https:\/\/biopesaje.com\/index.php\/wp-json\/wp\/v2\/product"}],"about":[{"href":"https:\/\/biopesaje.com\/index.php\/wp-json\/wp\/v2\/types\/product"}],"version-history":[{"count":13,"href":"https:\/\/biopesaje.com\/index.php\/wp-json\/wp\/v2\/product\/10422\/revisions"}],"predecessor-version":[{"id":10511,"href":"https:\/\/biopesaje.com\/index.php\/wp-json\/wp\/v2\/product\/10422\/revisions\/10511"}],"wp:featuredmedia":[{"embeddable":true,"href":"https:\/\/biopesaje.com\/index.php\/wp-json\/wp\/v2\/media\/10498"}],"wp:attachment":[{"href":"https:\/\/biopesaje.com\/index.php\/wp-json\/wp\/v2\/media?parent=10422"}],"wp:term":[{"taxonomy":"product_brand","embeddable":true,"href":"https:\/\/biopesaje.com\/index.php\/wp-json\/wp\/v2\/product_brand?post=10422"},{"taxonomy":"product_cat","embeddable":true,"href":"https:\/\/biopesaje.com\/index.php\/wp-json\/wp\/v2\/product_cat?post=10422"},{"taxonomy":"product_tag","embeddable":true,"href":"https:\/\/biopesaje.com\/index.php\/wp-json\/wp\/v2\/product_tag?post=10422"}],"curies":[{"name":"wp","href":"https:\/\/api.w.org\/{rel}","templated":true}]}}