{"id":1326,"date":"2022-01-18T23:01:55","date_gmt":"2022-01-18T23:01:55","guid":{"rendered":"https:\/\/biopesaje.com\/?post_type=product&#038;p=1326"},"modified":"2024-03-16T00:39:06","modified_gmt":"2024-03-16T00:39:06","slug":"gf","status":"publish","type":"product","link":"https:\/\/biopesaje.com\/index.php\/product\/gf\/","title":{"rendered":"GF"},"content":{"rendered":"\t\t<div data-elementor-type=\"wp-post\" data-elementor-id=\"1326\" class=\"elementor elementor-1326\" data-elementor-post-type=\"product\">\n\t\t\t\t\t\t<section class=\"elementor-section elementor-top-section elementor-element elementor-element-1786dae6 elementor-section-boxed elementor-section-height-default elementor-section-height-default\" data-id=\"1786dae6\" data-element_type=\"section\" data-e-type=\"section\">\n\t\t\t\t\t\t<div class=\"elementor-container elementor-column-gap-default\">\n\t\t\t\t\t<div class=\"elementor-column elementor-col-100 elementor-top-column elementor-element elementor-element-7b02c168\" data-id=\"7b02c168\" data-element_type=\"column\" data-e-type=\"column\">\n\t\t\t<div class=\"elementor-widget-wrap elementor-element-populated\">\n\t\t\t\t\t\t<div class=\"elementor-element elementor-element-3948380c elementor-widget elementor-widget-text-editor\" data-id=\"3948380c\" data-element_type=\"widget\" data-e-type=\"widget\" data-widget_type=\"text-editor.default\">\n\t\t\t\t<div class=\"elementor-widget-container\">\n\t\t\t\t\t\t\t\t\t<section class=\"w-full flex flex-wrap sm:flex-no-wrap\">\r\n<div class=\"w-full sm:w-3\/4 p-1  border-blue3\">\r\n<p class=\"w-full my-4 text-justify\">GX-A \/ GF-A (GF-3002A &#8211; 3200g x 0,01g) Tecnolog\u00eda avanzada Smart-SHS (Smart Super Hybrid Sensor). Con la serie Apollo llevamos la precisi\u00f3n y la protecci\u00f3n del pesaje a nuevas alturas. Las tecnolog\u00edas avanzadas incorporadas proporcionan soluciones innovadoras para el usuario. La tecnolog\u00eda de carga controlada electr\u00f3nicamente (ECL) permite a los usuarios realizar una prueba de repetibilidad r\u00e1pida internamente sin la necesidad de un peso externo en menos de 2 minutos. Detecci\u00f3n de Choque de Impacto (ISD) La alerta de impacto visual y audiblemente indica la magnitud de los choques de impacto, documenta la fecha, la hora y el nivel de descarga, Pantalla de velocidad de flujo (FRD), visualizaci\u00f3n directa de la tasa de flujo de una muestra en g\/ s, g\/ m, g\/ h, o la tasa de flujo volum\u00e9trico en mL\/ s, mL\/ m, mL\/ h., Cumplimiento de GLP\/ GMP\/ GCP. Dia-Check: el resultado de diagn\u00f3stico que valida si el balance pasa o falla cr\u00edticamente SD: desviaci\u00f3n est\u00e1ndar que permite una verificaci\u00f3n de precisi\u00f3n diaria. QuickMin-S: determina el peso m\u00ednimo de la muestra en cualquier entorno dado Min-S Alert: alerta al usuario para asegurar que est\u00e9 operando dentro del cumplimiento de USP41 UAC: control de acceso de usuario, administrador y acceso de contrase\u00f1a del operador. WinCT-FRD (software libre) puede producir un gr\u00e1fico en tiempo real a partir de los datos de velocidad de flujo.<\/p>\r\n\r\n<\/div>\r\n<\/section>\t\t\t\t\t\t\t\t<\/div>\n\t\t\t\t<\/div>\n\t\t\t\t\t<\/div>\n\t\t<\/div>\n\t\t\t\t\t<\/div>\n\t\t<\/section>\n\t\t\t\t<section class=\"elementor-section elementor-top-section elementor-element elementor-element-e8fe4d2 elementor-section-boxed elementor-section-height-default elementor-section-height-default\" data-id=\"e8fe4d2\" data-element_type=\"section\" data-e-type=\"section\">\n\t\t\t\t\t\t<div class=\"elementor-container elementor-column-gap-default\">\n\t\t\t\t\t<div class=\"elementor-column elementor-col-100 elementor-top-column elementor-element elementor-element-e62458a\" data-id=\"e62458a\" data-element_type=\"column\" data-e-type=\"column\">\n\t\t\t<div class=\"elementor-widget-wrap elementor-element-populated\">\n\t\t\t\t\t\t<div class=\"elementor-element elementor-element-2de1344 elementor-widget elementor-widget-heading\" data-id=\"2de1344\" data-element_type=\"widget\" data-e-type=\"widget\" data-widget_type=\"heading.default\">\n\t\t\t\t<div class=\"elementor-widget-container\">\n\t\t\t\t\t<h3 class=\"elementor-heading-title elementor-size-default\">Documentaci\u00f3n<\/h3>\t\t\t\t<\/div>\n\t\t\t\t<\/div>\n\t\t\t\t<div class=\"elementor-element elementor-element-31628ff elementor-widget elementor-widget-eael-adv-accordion\" data-id=\"31628ff\" data-element_type=\"widget\" data-e-type=\"widget\" data-widget_type=\"eael-adv-accordion.default\">\n\t\t\t\t<div class=\"elementor-widget-container\">\n\t\t\t\t\t            <div class=\"eael-adv-accordion\" id=\"eael-adv-accordion-31628ff\" data-scroll-on-click=\"no\" data-scroll-speed=\"300\" data-accordion-id=\"31628ff\" data-accordion-type=\"accordion\" data-toogle-speed=\"300\">\n            <div class=\"eael-accordion-list\">\n\t\t\t\t\t<div id=\"documentos\" class=\"elementor-tab-title eael-accordion-header\" tabindex=\"0\" data-tab=\"1\" aria-controls=\"elementor-tab-content-5171\"><span class=\"eael-advanced-accordion-icon-closed\"><i aria-hidden=\"true\" class=\"fa-accordion-icon far fa-file-pdf\"><\/i><\/span><span class=\"eael-advanced-accordion-icon-opened\"><i aria-hidden=\"true\" class=\"fa-accordion-icon fas fa-minus\"><\/i><\/span><span class=\"eael-accordion-tab-title\">Documentos<\/span><i aria-hidden=\"true\" class=\"fa-toggle fas fa-angle-right\"><\/i><\/div><div id=\"elementor-tab-content-5171\" class=\"eael-accordion-content clearfix\" data-tab=\"1\" aria-labelledby=\"documentos\"><p><img decoding=\"async\" class=\"wp-image-2526 alignnone\" src=\"https:\/\/biopesaje.com\/wp-content\/uploads\/2022\/02\/391px-PDF_file_icon.svg.png\" alt=\"\" width=\"30\" height=\"37\" srcset=\"https:\/\/biopesaje.com\/wp-content\/uploads\/2022\/02\/391px-PDF_file_icon.svg.png 391w, https:\/\/biopesaje.com\/wp-content\/uploads\/2022\/02\/391px-PDF_file_icon.svg-300x368.png 300w, https:\/\/biopesaje.com\/wp-content\/uploads\/2022\/02\/391px-PDF_file_icon.svg-244x300.png 244w, https:\/\/biopesaje.com\/wp-content\/uploads\/2022\/02\/391px-PDF_file_icon.svg-48x59.png 48w\" sizes=\"(max-width: 30px) 100vw, 30px\" \/><a href=\"https:\/\/biopesaje.com\/wp-content\/uploads\/2024\/03\/Manual-Balanza-alta-precision-AND-GF.pdf\" target=\"_blank\" rel=\"noopener\">Manual Balanza AND GF<\/a><\/p><p><img decoding=\"async\" class=\"wp-image-2526 alignnone\" src=\"https:\/\/biopesaje.com\/wp-content\/uploads\/2022\/02\/391px-PDF_file_icon.svg.png\" alt=\"\" width=\"30\" height=\"37\" srcset=\"https:\/\/biopesaje.com\/wp-content\/uploads\/2022\/02\/391px-PDF_file_icon.svg.png 391w, https:\/\/biopesaje.com\/wp-content\/uploads\/2022\/02\/391px-PDF_file_icon.svg-300x368.png 300w, https:\/\/biopesaje.com\/wp-content\/uploads\/2022\/02\/391px-PDF_file_icon.svg-244x300.png 244w, https:\/\/biopesaje.com\/wp-content\/uploads\/2022\/02\/391px-PDF_file_icon.svg-48x59.png 48w\" sizes=\"(max-width: 30px) 100vw, 30px\" \/><a href=\"https:\/\/biopesaje.com\/wp-content\/uploads\/2024\/03\/Catalogo-Balanza-semianalitica-analitica-AND-FX.pdf\" target=\"_blank\" rel=\"noopener\">Catalogo Balanza AND GF<\/a><\/p><\/div>\n\t\t\t\t\t<\/div><\/div>\t\t\t\t<\/div>\n\t\t\t\t<\/div>\n\t\t\t\t\t<\/div>\n\t\t<\/div>\n\t\t\t\t\t<\/div>\n\t\t<\/section>\n\t\t\t\t<\/div>\n\t\t","protected":false},"excerpt":{"rendered":"<section class=\"w-full flex flex-wrap sm:flex-no-wrap\">\n<div class=\"w-full sm:w-3\/4 p-1 border-blue3\">\n<p class=\"w-full my-4 text-justify\">GX-A \/ GF-A (GF-3002A &#8211; 3200g x 0,01g) Tecnolog\u00eda avanzada Smart-SHS (Smart Super Hybrid Sensor). Con la serie Apollo llevamos la precisi\u00f3n y la protecci\u00f3n del pesaje a nuevas alturas. Las tecnolog\u00edas avanzadas incorporadas proporcionan soluciones innovadoras para el usuario. La tecnolog\u00eda de carga controlada electr\u00f3nicamente (ECL) permite a los usuarios realizar una prueba de repetibilidad r\u00e1pida internamente sin la necesidad de un peso externo en menos de 2 minutos.<\/p>\n<\/div>\n<\/section>\n","protected":false},"featured_media":1328,"template":"","meta":{"_uag_custom_page_level_css":"","_joinchat":[]},"product_brand":[],"product_cat":[47],"product_tag":[],"class_list":{"0":"post-1326","1":"product","2":"type-product","3":"status-publish","4":"has-post-thumbnail","6":"product_cat-balanzas-de-laboratorio-con-division-de-centigramo","7":"thunk-woo-product-list","8":"opn-qv-enable","9":"top-store-woo-hover-none","10":"top-store-single-product-tab-horizontal","11":"top-store-shadow-","12":"top-store-shadow-hover-","14":"first","15":"instock","16":"taxable","17":"shipping-taxable","18":"product-type-simple"},"yoast_head":"<!-- This site is optimized with the Yoast SEO plugin v27.4 - https:\/\/yoast.com\/product\/yoast-seo-wordpress\/ -->\n<title>GF - BIOPESAJE S.A.S.<\/title>\n<meta name=\"description\" content=\"Biopesaje S.A.S cuenta con la mejor selecci\u00f3n de equipos en categor\u00edas como pesaje, procesamiento y empaque de la industria alimenticia.\" \/>\n<meta name=\"robots\" content=\"index, follow, max-snippet:-1, max-image-preview:large, max-video-preview:-1\" \/>\n<link rel=\"canonical\" href=\"https:\/\/biopesaje.com\/index.php\/product\/gf\/\" \/>\n<meta property=\"og:locale\" content=\"es_ES\" \/>\n<meta property=\"og:type\" content=\"article\" \/>\n<meta property=\"og:title\" content=\"GF - BIOPESAJE S.A.S.\" \/>\n<meta property=\"og:description\" content=\"Biopesaje S.A.S cuenta con la mejor selecci\u00f3n de equipos en categor\u00edas como pesaje, procesamiento y empaque de la industria alimenticia.\" \/>\n<meta property=\"og:url\" content=\"https:\/\/biopesaje.com\/index.php\/product\/gf\/\" \/>\n<meta property=\"og:site_name\" content=\"BIOPESAJE S.A.S.\" \/>\n<meta property=\"article:modified_time\" content=\"2024-03-16T00:39:06+00:00\" \/>\n<meta property=\"og:image\" content=\"https:\/\/biopesaje.com\/wp-content\/uploads\/2022\/01\/balanza-de-laboratorio-and-gf11w.png\" \/>\n\t<meta property=\"og:image:width\" content=\"500\" \/>\n\t<meta property=\"og:image:height\" content=\"500\" \/>\n\t<meta property=\"og:image:type\" content=\"image\/png\" \/>\n<meta name=\"twitter:card\" content=\"summary_large_image\" \/>\n<meta name=\"twitter:label1\" content=\"Tiempo de lectura\" \/>\n\t<meta name=\"twitter:data1\" content=\"2 minutos\" \/>\n<script type=\"application\/ld+json\" class=\"yoast-schema-graph\">{\"@context\":\"https:\\\/\\\/schema.org\",\"@graph\":[{\"@type\":\"WebPage\",\"@id\":\"https:\\\/\\\/biopesaje.com\\\/index.php\\\/product\\\/gf\\\/\",\"url\":\"https:\\\/\\\/biopesaje.com\\\/index.php\\\/product\\\/gf\\\/\",\"name\":\"GF - BIOPESAJE S.A.S.\",\"isPartOf\":{\"@id\":\"https:\\\/\\\/biopesaje.com\\\/#website\"},\"primaryImageOfPage\":{\"@id\":\"https:\\\/\\\/biopesaje.com\\\/index.php\\\/product\\\/gf\\\/#primaryimage\"},\"image\":{\"@id\":\"https:\\\/\\\/biopesaje.com\\\/index.php\\\/product\\\/gf\\\/#primaryimage\"},\"thumbnailUrl\":\"https:\\\/\\\/biopesaje.com\\\/wp-content\\\/uploads\\\/2022\\\/01\\\/balanza-de-laboratorio-and-gf11w.png\",\"datePublished\":\"2022-01-18T23:01:55+00:00\",\"dateModified\":\"2024-03-16T00:39:06+00:00\",\"description\":\"Biopesaje S.A.S cuenta con la mejor selecci\u00f3n de equipos en categor\u00edas como pesaje, procesamiento y empaque de la industria alimenticia.\",\"breadcrumb\":{\"@id\":\"https:\\\/\\\/biopesaje.com\\\/index.php\\\/product\\\/gf\\\/#breadcrumb\"},\"inLanguage\":\"es-CO\",\"potentialAction\":[{\"@type\":\"ReadAction\",\"target\":[\"https:\\\/\\\/biopesaje.com\\\/index.php\\\/product\\\/gf\\\/\"]}]},{\"@type\":\"ImageObject\",\"inLanguage\":\"es-CO\",\"@id\":\"https:\\\/\\\/biopesaje.com\\\/index.php\\\/product\\\/gf\\\/#primaryimage\",\"url\":\"https:\\\/\\\/biopesaje.com\\\/wp-content\\\/uploads\\\/2022\\\/01\\\/balanza-de-laboratorio-and-gf11w.png\",\"contentUrl\":\"https:\\\/\\\/biopesaje.com\\\/wp-content\\\/uploads\\\/2022\\\/01\\\/balanza-de-laboratorio-and-gf11w.png\",\"width\":500,\"height\":500},{\"@type\":\"BreadcrumbList\",\"@id\":\"https:\\\/\\\/biopesaje.com\\\/index.php\\\/product\\\/gf\\\/#breadcrumb\",\"itemListElement\":[{\"@type\":\"ListItem\",\"position\":1,\"name\":\"Home\",\"item\":\"https:\\\/\\\/biopesaje.com\\\/\"},{\"@type\":\"ListItem\",\"position\":2,\"name\":\"Productos\",\"item\":\"https:\\\/\\\/biopesaje.com\\\/index.php\\\/tienda\\\/\"},{\"@type\":\"ListItem\",\"position\":3,\"name\":\"GF\"}]},{\"@type\":\"WebSite\",\"@id\":\"https:\\\/\\\/biopesaje.com\\\/#website\",\"url\":\"https:\\\/\\\/biopesaje.com\\\/\",\"name\":\"BIOPESAJE S.A.S.\",\"description\":\"Ingenier\u00eda de pesaje, metrolog\u00eda y laboratorio.\",\"publisher\":{\"@id\":\"https:\\\/\\\/biopesaje.com\\\/#organization\"},\"potentialAction\":[{\"@type\":\"SearchAction\",\"target\":{\"@type\":\"EntryPoint\",\"urlTemplate\":\"https:\\\/\\\/biopesaje.com\\\/?s={search_term_string}\"},\"query-input\":{\"@type\":\"PropertyValueSpecification\",\"valueRequired\":true,\"valueName\":\"search_term_string\"}}],\"inLanguage\":\"es-CO\"},{\"@type\":\"Organization\",\"@id\":\"https:\\\/\\\/biopesaje.com\\\/#organization\",\"name\":\"BIOPESAJE S.A.S.\",\"url\":\"https:\\\/\\\/biopesaje.com\\\/\",\"logo\":{\"@type\":\"ImageObject\",\"inLanguage\":\"es-CO\",\"@id\":\"https:\\\/\\\/biopesaje.com\\\/#\\\/schema\\\/logo\\\/image\\\/\",\"url\":\"\",\"contentUrl\":\"\",\"caption\":\"BIOPESAJE S.A.S.\"},\"image\":{\"@id\":\"https:\\\/\\\/biopesaje.com\\\/#\\\/schema\\\/logo\\\/image\\\/\"}}]}<\/script>\n<!-- \/ Yoast SEO plugin. -->","yoast_head_json":{"title":"GF - BIOPESAJE S.A.S.","description":"Biopesaje S.A.S cuenta con la mejor selecci\u00f3n de equipos en categor\u00edas como pesaje, procesamiento y empaque de la industria alimenticia.","robots":{"index":"index","follow":"follow","max-snippet":"max-snippet:-1","max-image-preview":"max-image-preview:large","max-video-preview":"max-video-preview:-1"},"canonical":"https:\/\/biopesaje.com\/index.php\/product\/gf\/","og_locale":"es_ES","og_type":"article","og_title":"GF - BIOPESAJE S.A.S.","og_description":"Biopesaje S.A.S cuenta con la mejor selecci\u00f3n de equipos en categor\u00edas como pesaje, procesamiento y empaque de la industria alimenticia.","og_url":"https:\/\/biopesaje.com\/index.php\/product\/gf\/","og_site_name":"BIOPESAJE S.A.S.","article_modified_time":"2024-03-16T00:39:06+00:00","og_image":[{"width":500,"height":500,"url":"https:\/\/biopesaje.com\/wp-content\/uploads\/2022\/01\/balanza-de-laboratorio-and-gf11w.png","type":"image\/png"}],"twitter_card":"summary_large_image","twitter_misc":{"Tiempo de lectura":"2 minutos"},"schema":{"@context":"https:\/\/schema.org","@graph":[{"@type":"WebPage","@id":"https:\/\/biopesaje.com\/index.php\/product\/gf\/","url":"https:\/\/biopesaje.com\/index.php\/product\/gf\/","name":"GF - BIOPESAJE S.A.S.","isPartOf":{"@id":"https:\/\/biopesaje.com\/#website"},"primaryImageOfPage":{"@id":"https:\/\/biopesaje.com\/index.php\/product\/gf\/#primaryimage"},"image":{"@id":"https:\/\/biopesaje.com\/index.php\/product\/gf\/#primaryimage"},"thumbnailUrl":"https:\/\/biopesaje.com\/wp-content\/uploads\/2022\/01\/balanza-de-laboratorio-and-gf11w.png","datePublished":"2022-01-18T23:01:55+00:00","dateModified":"2024-03-16T00:39:06+00:00","description":"Biopesaje S.A.S cuenta con la mejor selecci\u00f3n de equipos en categor\u00edas como pesaje, procesamiento y empaque de la industria alimenticia.","breadcrumb":{"@id":"https:\/\/biopesaje.com\/index.php\/product\/gf\/#breadcrumb"},"inLanguage":"es-CO","potentialAction":[{"@type":"ReadAction","target":["https:\/\/biopesaje.com\/index.php\/product\/gf\/"]}]},{"@type":"ImageObject","inLanguage":"es-CO","@id":"https:\/\/biopesaje.com\/index.php\/product\/gf\/#primaryimage","url":"https:\/\/biopesaje.com\/wp-content\/uploads\/2022\/01\/balanza-de-laboratorio-and-gf11w.png","contentUrl":"https:\/\/biopesaje.com\/wp-content\/uploads\/2022\/01\/balanza-de-laboratorio-and-gf11w.png","width":500,"height":500},{"@type":"BreadcrumbList","@id":"https:\/\/biopesaje.com\/index.php\/product\/gf\/#breadcrumb","itemListElement":[{"@type":"ListItem","position":1,"name":"Home","item":"https:\/\/biopesaje.com\/"},{"@type":"ListItem","position":2,"name":"Productos","item":"https:\/\/biopesaje.com\/index.php\/tienda\/"},{"@type":"ListItem","position":3,"name":"GF"}]},{"@type":"WebSite","@id":"https:\/\/biopesaje.com\/#website","url":"https:\/\/biopesaje.com\/","name":"BIOPESAJE S.A.S.","description":"Ingenier\u00eda de pesaje, metrolog\u00eda y laboratorio.","publisher":{"@id":"https:\/\/biopesaje.com\/#organization"},"potentialAction":[{"@type":"SearchAction","target":{"@type":"EntryPoint","urlTemplate":"https:\/\/biopesaje.com\/?s={search_term_string}"},"query-input":{"@type":"PropertyValueSpecification","valueRequired":true,"valueName":"search_term_string"}}],"inLanguage":"es-CO"},{"@type":"Organization","@id":"https:\/\/biopesaje.com\/#organization","name":"BIOPESAJE S.A.S.","url":"https:\/\/biopesaje.com\/","logo":{"@type":"ImageObject","inLanguage":"es-CO","@id":"https:\/\/biopesaje.com\/#\/schema\/logo\/image\/","url":"","contentUrl":"","caption":"BIOPESAJE S.A.S."},"image":{"@id":"https:\/\/biopesaje.com\/#\/schema\/logo\/image\/"}}]}},"uagb_featured_image_src":{"full":["https:\/\/biopesaje.com\/wp-content\/uploads\/2022\/01\/balanza-de-laboratorio-and-gf11w.png",500,500,false],"thumbnail":["https:\/\/biopesaje.com\/wp-content\/uploads\/2022\/01\/balanza-de-laboratorio-and-gf11w-150x150.png",150,150,true],"medium":["https:\/\/biopesaje.com\/wp-content\/uploads\/2022\/01\/balanza-de-laboratorio-and-gf11w-300x300.png",300,300,true],"medium_large":["https:\/\/biopesaje.com\/wp-content\/uploads\/2022\/01\/balanza-de-laboratorio-and-gf11w.png",500,500,false],"large":["https:\/\/biopesaje.com\/wp-content\/uploads\/2022\/01\/balanza-de-laboratorio-and-gf11w.png",500,500,false],"1536x1536":["https:\/\/biopesaje.com\/wp-content\/uploads\/2022\/01\/balanza-de-laboratorio-and-gf11w.png",500,500,false],"2048x2048":["https:\/\/biopesaje.com\/wp-content\/uploads\/2022\/01\/balanza-de-laboratorio-and-gf11w.png",500,500,false],"woocommerce_thumbnail":["https:\/\/biopesaje.com\/wp-content\/uploads\/2022\/01\/balanza-de-laboratorio-and-gf11w-320x320.png",320,320,true],"woocommerce_single":["https:\/\/biopesaje.com\/wp-content\/uploads\/2022\/01\/balanza-de-laboratorio-and-gf11w.png",500,500,false],"woocommerce_gallery_thumbnail":["https:\/\/biopesaje.com\/wp-content\/uploads\/2022\/01\/balanza-de-laboratorio-and-gf11w-100x100.png",100,100,true],"thaps-thumb-img":["https:\/\/biopesaje.com\/wp-content\/uploads\/2022\/01\/balanza-de-laboratorio-and-gf11w-48x48.png",48,48,true],"taiowc-thumb-img":["https:\/\/biopesaje.com\/wp-content\/uploads\/2022\/01\/balanza-de-laboratorio-and-gf11w-48x48.png",48,48,true]},"uagb_author_info":{"display_name":"Diego Martinez","author_link":"https:\/\/biopesaje.com\/index.php\/author\/"},"uagb_comment_info":0,"uagb_excerpt":"GX-A \/ GF-A (GF-3002A - 3200g x 0,01g) Tecnolog\u00eda avanzada Smart-SHS (Smart Super Hybrid Sensor). Con la serie Apollo llevamos la precisi\u00f3n y la protecci\u00f3n del pesaje a nuevas alturas. Las tecnolog\u00edas avanzadas incorporadas proporcionan soluciones innovadoras para el usuario. La tecnolog\u00eda de carga controlada electr\u00f3nicamente (ECL) permite a los usuarios realizar una prueba de&hellip;","jetpack_sharing_enabled":true,"_links":{"self":[{"href":"https:\/\/biopesaje.com\/index.php\/wp-json\/wp\/v2\/product\/1326","targetHints":{"allow":["GET"]}}],"collection":[{"href":"https:\/\/biopesaje.com\/index.php\/wp-json\/wp\/v2\/product"}],"about":[{"href":"https:\/\/biopesaje.com\/index.php\/wp-json\/wp\/v2\/types\/product"}],"version-history":[{"count":8,"href":"https:\/\/biopesaje.com\/index.php\/wp-json\/wp\/v2\/product\/1326\/revisions"}],"predecessor-version":[{"id":4294,"href":"https:\/\/biopesaje.com\/index.php\/wp-json\/wp\/v2\/product\/1326\/revisions\/4294"}],"wp:featuredmedia":[{"embeddable":true,"href":"https:\/\/biopesaje.com\/index.php\/wp-json\/wp\/v2\/media\/1328"}],"wp:attachment":[{"href":"https:\/\/biopesaje.com\/index.php\/wp-json\/wp\/v2\/media?parent=1326"}],"wp:term":[{"taxonomy":"product_brand","embeddable":true,"href":"https:\/\/biopesaje.com\/index.php\/wp-json\/wp\/v2\/product_brand?post=1326"},{"taxonomy":"product_cat","embeddable":true,"href":"https:\/\/biopesaje.com\/index.php\/wp-json\/wp\/v2\/product_cat?post=1326"},{"taxonomy":"product_tag","embeddable":true,"href":"https:\/\/biopesaje.com\/index.php\/wp-json\/wp\/v2\/product_tag?post=1326"}],"curies":[{"name":"wp","href":"https:\/\/api.w.org\/{rel}","templated":true}]}}