{"id":1885,"date":"2022-01-25T22:04:14","date_gmt":"2022-01-25T22:04:14","guid":{"rendered":"https:\/\/biopesaje.com\/?post_type=product&#038;p=1885"},"modified":"2025-09-15T20:07:58","modified_gmt":"2025-09-15T20:07:58","slug":"tuxon-s","status":"publish","type":"product","link":"https:\/\/biopesaje.com\/index.php\/product\/tuxon-s\/","title":{"rendered":"TUXON S"},"content":{"rendered":"\t\t<div data-elementor-type=\"wp-post\" data-elementor-id=\"1885\" class=\"elementor elementor-1885\" data-elementor-post-type=\"product\">\n\t\t\t\t\t\t<section class=\"elementor-section elementor-top-section elementor-element elementor-element-493c375e elementor-section-boxed elementor-section-height-default elementor-section-height-default\" data-id=\"493c375e\" data-element_type=\"section\" data-e-type=\"section\">\n\t\t\t\t\t\t<div class=\"elementor-container elementor-column-gap-default\">\n\t\t\t\t\t<div class=\"elementor-column elementor-col-100 elementor-top-column elementor-element elementor-element-7fe73bec\" data-id=\"7fe73bec\" data-element_type=\"column\" data-e-type=\"column\">\n\t\t\t<div class=\"elementor-widget-wrap elementor-element-populated\">\n\t\t\t\t\t\t<div class=\"elementor-element elementor-element-7a165e7b elementor-widget elementor-widget-text-editor\" data-id=\"7a165e7b\" data-element_type=\"widget\" data-e-type=\"widget\" data-widget_type=\"text-editor.default\">\n\t\t\t\t<div class=\"elementor-widget-container\">\n\t\t\t\t\t\t\t\t\t<section class=\"w-full flex flex-wrap sm:flex-no-wrap\">\r\n<div class=\"w-full sm:w-3\/4 p-1  border-blue3\">\r\n<p class=\"w-full my-4 text-justify\">Transmisor de peso de uso industrial, con la funci\u00f3n de amplificar la se\u00f1al de las celdas de carga, con alta respuesta de visualizaci\u00f3n su alimentaci\u00f3n puede ser con voltaje AC o DC dependiendo del modelo, especial mente dise\u00f1ado para comunicaciones industriales, tiene diversos protocolos de comunicaci\u00f3n serial RS232 o RS485, protocolo est\u00e1ndar Modbus, protocolo ASCII, entre otros, permite comunicaci\u00f3n bidireccional. Puede ser conectado hasta a 16 celdas de carga de 350 ohm.<\/p>\r\n\r\n<\/div>\r\n<\/section>\t\t\t\t\t\t\t\t<\/div>\n\t\t\t\t<\/div>\n\t\t\t\t\t<\/div>\n\t\t<\/div>\n\t\t\t\t\t<\/div>\n\t\t<\/section>\n\t\t\t\t<section class=\"elementor-section elementor-top-section elementor-element elementor-element-b3c52e6 elementor-section-boxed elementor-section-height-default elementor-section-height-default\" data-id=\"b3c52e6\" data-element_type=\"section\" data-e-type=\"section\">\n\t\t\t\t\t\t<div class=\"elementor-container elementor-column-gap-default\">\n\t\t\t\t\t<div class=\"elementor-column elementor-col-100 elementor-top-column elementor-element elementor-element-f97c0f5\" data-id=\"f97c0f5\" data-element_type=\"column\" data-e-type=\"column\">\n\t\t\t<div class=\"elementor-widget-wrap elementor-element-populated\">\n\t\t\t\t\t\t<div class=\"elementor-element elementor-element-a2c34bd elementor-widget elementor-widget-heading\" data-id=\"a2c34bd\" data-element_type=\"widget\" data-e-type=\"widget\" data-widget_type=\"heading.default\">\n\t\t\t\t<div class=\"elementor-widget-container\">\n\t\t\t\t\t<h3 class=\"elementor-heading-title elementor-size-default\">Documentaci\u00f3n<\/h3>\t\t\t\t<\/div>\n\t\t\t\t<\/div>\n\t\t\t\t<div class=\"elementor-element elementor-element-ec57d56 elementor-widget elementor-widget-eael-adv-accordion\" data-id=\"ec57d56\" data-element_type=\"widget\" data-e-type=\"widget\" data-widget_type=\"eael-adv-accordion.default\">\n\t\t\t\t<div class=\"elementor-widget-container\">\n\t\t\t\t\t            <div class=\"eael-adv-accordion\" id=\"eael-adv-accordion-ec57d56\" data-scroll-on-click=\"no\" data-scroll-speed=\"300\" data-accordion-id=\"ec57d56\" data-accordion-type=\"accordion\" data-toogle-speed=\"300\">\n            <div class=\"eael-accordion-list\">\n\t\t\t\t\t<div id=\"documentos\" class=\"elementor-tab-title eael-accordion-header active-default\" tabindex=\"0\" data-tab=\"1\" aria-controls=\"elementor-tab-content-2471\"><span class=\"eael-advanced-accordion-icon-closed\"><i aria-hidden=\"true\" class=\"fa-accordion-icon far fa-file-pdf\"><\/i><\/span><span class=\"eael-advanced-accordion-icon-opened\"><i aria-hidden=\"true\" class=\"fa-accordion-icon fas fa-minus\"><\/i><\/span><span class=\"eael-accordion-tab-title\">Documentos<\/span><i aria-hidden=\"true\" class=\"fa-toggle fas fa-angle-right\"><\/i><\/div><div id=\"elementor-tab-content-2471\" class=\"eael-accordion-content clearfix active-default\" data-tab=\"1\" aria-labelledby=\"documentos\"><p><img decoding=\"async\" class=\"wp-image-2526 alignnone\" src=\"https:\/\/biopesaje.com\/wp-content\/uploads\/2022\/02\/391px-PDF_file_icon.svg.png\" alt=\"\" width=\"30\" height=\"37\" srcset=\"https:\/\/biopesaje.com\/wp-content\/uploads\/2022\/02\/391px-PDF_file_icon.svg.png 391w, https:\/\/biopesaje.com\/wp-content\/uploads\/2022\/02\/391px-PDF_file_icon.svg-300x368.png 300w, https:\/\/biopesaje.com\/wp-content\/uploads\/2022\/02\/391px-PDF_file_icon.svg-244x300.png 244w, https:\/\/biopesaje.com\/wp-content\/uploads\/2022\/02\/391px-PDF_file_icon.svg-48x59.png 48w\" sizes=\"(max-width: 30px) 100vw, 30px\" \/><a href=\"https:\/\/biopesaje.com\/wp-content\/uploads\/2022\/05\/Manual-Transmisor-Peso-Tuxon-S-Comunicaciones-Industriales.pdf\" target=\"_blank\" rel=\"noopener\">Manual indicador Tuxon S<\/a><\/p><p><img decoding=\"async\" class=\"wp-image-2526 alignnone\" src=\"https:\/\/biopesaje.com\/wp-content\/uploads\/2022\/02\/391px-PDF_file_icon.svg.png\" alt=\"\" width=\"30\" height=\"37\" srcset=\"https:\/\/biopesaje.com\/wp-content\/uploads\/2022\/02\/391px-PDF_file_icon.svg.png 391w, https:\/\/biopesaje.com\/wp-content\/uploads\/2022\/02\/391px-PDF_file_icon.svg-300x368.png 300w, https:\/\/biopesaje.com\/wp-content\/uploads\/2022\/02\/391px-PDF_file_icon.svg-244x300.png 244w, https:\/\/biopesaje.com\/wp-content\/uploads\/2022\/02\/391px-PDF_file_icon.svg-48x59.png 48w\" sizes=\"(max-width: 30px) 100vw, 30px\" \/><a href=\"https:\/\/biopesaje.com\/wp-content\/uploads\/2022\/05\/Catalogo-Transmisor-Peso-Tuxon-S-Comunicaciones-Industriales.pdf\" target=\"_blank\" rel=\"noopener\">Catalogo indicador Tuxon S<\/a><\/p><\/div>\n\t\t\t\t\t<\/div><\/div>\t\t\t\t<\/div>\n\t\t\t\t<\/div>\n\t\t\t\t\t<\/div>\n\t\t<\/div>\n\t\t\t\t\t<\/div>\n\t\t<\/section>\n\t\t\t\t<\/div>\n\t\t","protected":false},"excerpt":{"rendered":"<p>Transmisor de peso de uso industrial, con la funci\u00f3n de amplificar la se\u00f1al de las celdas de carga, con alta respuesta de visualizaci\u00f3n su alimentaci\u00f3n puede ser con voltaje AC o DC dependiendo del modelo, especial mente dise\u00f1ado para comunicaciones industriales, tiene diversos protocolos de comunicaci\u00f3n serial RS232 o RS485, protocolo est\u00e1ndar Modbus, protocolo ASCII, entre otros, permite comunicaci\u00f3n bidireccional. Puede ser conectado hasta a 16 celdas de carga de 350 ohm.<\/p>\n","protected":false},"featured_media":10142,"template":"","meta":{"_uag_custom_page_level_css":"","_joinchat":[]},"product_brand":[],"product_cat":[69],"product_tag":[],"class_list":{"0":"post-1885","1":"product","2":"type-product","3":"status-publish","4":"has-post-thumbnail","6":"product_cat-control","7":"thunk-woo-product-list","8":"opn-qv-enable","9":"top-store-woo-hover-none","10":"top-store-single-product-tab-horizontal","11":"top-store-shadow-","12":"top-store-shadow-hover-","14":"first","15":"instock","16":"taxable","17":"shipping-taxable","18":"product-type-simple"},"yoast_head":"<!-- This site is optimized with the Yoast SEO plugin v27.3 - https:\/\/yoast.com\/product\/yoast-seo-wordpress\/ -->\n<title>TUXON S - BIOPESAJE S.A.S.<\/title>\n<meta name=\"description\" content=\"Biopesaje S.A.S cuenta con la mejor selecci\u00f3n de equipos en categor\u00edas como pesaje, procesamiento y empaque de la industria alimenticia.\" \/>\n<meta name=\"robots\" content=\"index, follow, max-snippet:-1, max-image-preview:large, max-video-preview:-1\" \/>\n<link rel=\"canonical\" href=\"https:\/\/biopesaje.com\/index.php\/product\/tuxon-s\/\" \/>\n<meta property=\"og:locale\" content=\"es_ES\" \/>\n<meta property=\"og:type\" content=\"article\" \/>\n<meta property=\"og:title\" content=\"TUXON S - BIOPESAJE S.A.S.\" \/>\n<meta property=\"og:description\" content=\"Biopesaje S.A.S cuenta con la mejor selecci\u00f3n de equipos en categor\u00edas como pesaje, procesamiento y empaque de la industria alimenticia.\" \/>\n<meta property=\"og:url\" content=\"https:\/\/biopesaje.com\/index.php\/product\/tuxon-s\/\" \/>\n<meta property=\"og:site_name\" content=\"BIOPESAJE S.A.S.\" \/>\n<meta property=\"article:modified_time\" content=\"2025-09-15T20:07:58+00:00\" \/>\n<meta property=\"og:image\" content=\"https:\/\/biopesaje.com\/wp-content\/uploads\/2022\/01\/indicador-de-peso-industrial-para-cominicaciones-gmt-tuxon-s12w-1.png\" \/>\n\t<meta property=\"og:image:width\" content=\"500\" \/>\n\t<meta property=\"og:image:height\" content=\"500\" \/>\n\t<meta property=\"og:image:type\" content=\"image\/png\" \/>\n<meta name=\"twitter:card\" content=\"summary_large_image\" \/>\n<meta name=\"twitter:label1\" content=\"Tiempo de lectura\" \/>\n\t<meta name=\"twitter:data1\" content=\"1 minuto\" \/>\n<script type=\"application\/ld+json\" class=\"yoast-schema-graph\">{\"@context\":\"https:\\\/\\\/schema.org\",\"@graph\":[{\"@type\":\"WebPage\",\"@id\":\"https:\\\/\\\/biopesaje.com\\\/index.php\\\/product\\\/tuxon-s\\\/\",\"url\":\"https:\\\/\\\/biopesaje.com\\\/index.php\\\/product\\\/tuxon-s\\\/\",\"name\":\"TUXON S - BIOPESAJE S.A.S.\",\"isPartOf\":{\"@id\":\"https:\\\/\\\/biopesaje.com\\\/#website\"},\"primaryImageOfPage\":{\"@id\":\"https:\\\/\\\/biopesaje.com\\\/index.php\\\/product\\\/tuxon-s\\\/#primaryimage\"},\"image\":{\"@id\":\"https:\\\/\\\/biopesaje.com\\\/index.php\\\/product\\\/tuxon-s\\\/#primaryimage\"},\"thumbnailUrl\":\"https:\\\/\\\/biopesaje.com\\\/wp-content\\\/uploads\\\/2022\\\/01\\\/indicador-de-peso-industrial-para-cominicaciones-gmt-tuxon-s12w-1.png\",\"datePublished\":\"2022-01-25T22:04:14+00:00\",\"dateModified\":\"2025-09-15T20:07:58+00:00\",\"description\":\"Biopesaje S.A.S cuenta con la mejor selecci\u00f3n de equipos en categor\u00edas como pesaje, procesamiento y empaque de la industria alimenticia.\",\"breadcrumb\":{\"@id\":\"https:\\\/\\\/biopesaje.com\\\/index.php\\\/product\\\/tuxon-s\\\/#breadcrumb\"},\"inLanguage\":\"es-CO\",\"potentialAction\":[{\"@type\":\"ReadAction\",\"target\":[\"https:\\\/\\\/biopesaje.com\\\/index.php\\\/product\\\/tuxon-s\\\/\"]}]},{\"@type\":\"ImageObject\",\"inLanguage\":\"es-CO\",\"@id\":\"https:\\\/\\\/biopesaje.com\\\/index.php\\\/product\\\/tuxon-s\\\/#primaryimage\",\"url\":\"https:\\\/\\\/biopesaje.com\\\/wp-content\\\/uploads\\\/2022\\\/01\\\/indicador-de-peso-industrial-para-cominicaciones-gmt-tuxon-s12w-1.png\",\"contentUrl\":\"https:\\\/\\\/biopesaje.com\\\/wp-content\\\/uploads\\\/2022\\\/01\\\/indicador-de-peso-industrial-para-cominicaciones-gmt-tuxon-s12w-1.png\",\"width\":500,\"height\":500},{\"@type\":\"BreadcrumbList\",\"@id\":\"https:\\\/\\\/biopesaje.com\\\/index.php\\\/product\\\/tuxon-s\\\/#breadcrumb\",\"itemListElement\":[{\"@type\":\"ListItem\",\"position\":1,\"name\":\"Home\",\"item\":\"https:\\\/\\\/biopesaje.com\\\/\"},{\"@type\":\"ListItem\",\"position\":2,\"name\":\"Productos\",\"item\":\"https:\\\/\\\/biopesaje.com\\\/index.php\\\/tienda\\\/\"},{\"@type\":\"ListItem\",\"position\":3,\"name\":\"TUXON S\"}]},{\"@type\":\"WebSite\",\"@id\":\"https:\\\/\\\/biopesaje.com\\\/#website\",\"url\":\"https:\\\/\\\/biopesaje.com\\\/\",\"name\":\"BIOPESAJE S.A.S.\",\"description\":\"Ingenier\u00eda de pesaje, metrolog\u00eda y laboratorio.\",\"publisher\":{\"@id\":\"https:\\\/\\\/biopesaje.com\\\/#organization\"},\"potentialAction\":[{\"@type\":\"SearchAction\",\"target\":{\"@type\":\"EntryPoint\",\"urlTemplate\":\"https:\\\/\\\/biopesaje.com\\\/?s={search_term_string}\"},\"query-input\":{\"@type\":\"PropertyValueSpecification\",\"valueRequired\":true,\"valueName\":\"search_term_string\"}}],\"inLanguage\":\"es-CO\"},{\"@type\":\"Organization\",\"@id\":\"https:\\\/\\\/biopesaje.com\\\/#organization\",\"name\":\"BIOPESAJE S.A.S.\",\"url\":\"https:\\\/\\\/biopesaje.com\\\/\",\"logo\":{\"@type\":\"ImageObject\",\"inLanguage\":\"es-CO\",\"@id\":\"https:\\\/\\\/biopesaje.com\\\/#\\\/schema\\\/logo\\\/image\\\/\",\"url\":\"\",\"contentUrl\":\"\",\"caption\":\"BIOPESAJE S.A.S.\"},\"image\":{\"@id\":\"https:\\\/\\\/biopesaje.com\\\/#\\\/schema\\\/logo\\\/image\\\/\"}}]}<\/script>\n<!-- \/ Yoast SEO plugin. -->","yoast_head_json":{"title":"TUXON S - BIOPESAJE S.A.S.","description":"Biopesaje S.A.S cuenta con la mejor selecci\u00f3n de equipos en categor\u00edas como pesaje, procesamiento y empaque de la industria alimenticia.","robots":{"index":"index","follow":"follow","max-snippet":"max-snippet:-1","max-image-preview":"max-image-preview:large","max-video-preview":"max-video-preview:-1"},"canonical":"https:\/\/biopesaje.com\/index.php\/product\/tuxon-s\/","og_locale":"es_ES","og_type":"article","og_title":"TUXON S - BIOPESAJE S.A.S.","og_description":"Biopesaje S.A.S cuenta con la mejor selecci\u00f3n de equipos en categor\u00edas como pesaje, procesamiento y empaque de la industria alimenticia.","og_url":"https:\/\/biopesaje.com\/index.php\/product\/tuxon-s\/","og_site_name":"BIOPESAJE S.A.S.","article_modified_time":"2025-09-15T20:07:58+00:00","og_image":[{"width":500,"height":500,"url":"https:\/\/biopesaje.com\/wp-content\/uploads\/2022\/01\/indicador-de-peso-industrial-para-cominicaciones-gmt-tuxon-s12w-1.png","type":"image\/png"}],"twitter_card":"summary_large_image","twitter_misc":{"Tiempo de lectura":"1 minuto"},"schema":{"@context":"https:\/\/schema.org","@graph":[{"@type":"WebPage","@id":"https:\/\/biopesaje.com\/index.php\/product\/tuxon-s\/","url":"https:\/\/biopesaje.com\/index.php\/product\/tuxon-s\/","name":"TUXON S - BIOPESAJE S.A.S.","isPartOf":{"@id":"https:\/\/biopesaje.com\/#website"},"primaryImageOfPage":{"@id":"https:\/\/biopesaje.com\/index.php\/product\/tuxon-s\/#primaryimage"},"image":{"@id":"https:\/\/biopesaje.com\/index.php\/product\/tuxon-s\/#primaryimage"},"thumbnailUrl":"https:\/\/biopesaje.com\/wp-content\/uploads\/2022\/01\/indicador-de-peso-industrial-para-cominicaciones-gmt-tuxon-s12w-1.png","datePublished":"2022-01-25T22:04:14+00:00","dateModified":"2025-09-15T20:07:58+00:00","description":"Biopesaje S.A.S cuenta con la mejor selecci\u00f3n de equipos en categor\u00edas como pesaje, procesamiento y empaque de la industria alimenticia.","breadcrumb":{"@id":"https:\/\/biopesaje.com\/index.php\/product\/tuxon-s\/#breadcrumb"},"inLanguage":"es-CO","potentialAction":[{"@type":"ReadAction","target":["https:\/\/biopesaje.com\/index.php\/product\/tuxon-s\/"]}]},{"@type":"ImageObject","inLanguage":"es-CO","@id":"https:\/\/biopesaje.com\/index.php\/product\/tuxon-s\/#primaryimage","url":"https:\/\/biopesaje.com\/wp-content\/uploads\/2022\/01\/indicador-de-peso-industrial-para-cominicaciones-gmt-tuxon-s12w-1.png","contentUrl":"https:\/\/biopesaje.com\/wp-content\/uploads\/2022\/01\/indicador-de-peso-industrial-para-cominicaciones-gmt-tuxon-s12w-1.png","width":500,"height":500},{"@type":"BreadcrumbList","@id":"https:\/\/biopesaje.com\/index.php\/product\/tuxon-s\/#breadcrumb","itemListElement":[{"@type":"ListItem","position":1,"name":"Home","item":"https:\/\/biopesaje.com\/"},{"@type":"ListItem","position":2,"name":"Productos","item":"https:\/\/biopesaje.com\/index.php\/tienda\/"},{"@type":"ListItem","position":3,"name":"TUXON S"}]},{"@type":"WebSite","@id":"https:\/\/biopesaje.com\/#website","url":"https:\/\/biopesaje.com\/","name":"BIOPESAJE S.A.S.","description":"Ingenier\u00eda de pesaje, metrolog\u00eda y laboratorio.","publisher":{"@id":"https:\/\/biopesaje.com\/#organization"},"potentialAction":[{"@type":"SearchAction","target":{"@type":"EntryPoint","urlTemplate":"https:\/\/biopesaje.com\/?s={search_term_string}"},"query-input":{"@type":"PropertyValueSpecification","valueRequired":true,"valueName":"search_term_string"}}],"inLanguage":"es-CO"},{"@type":"Organization","@id":"https:\/\/biopesaje.com\/#organization","name":"BIOPESAJE S.A.S.","url":"https:\/\/biopesaje.com\/","logo":{"@type":"ImageObject","inLanguage":"es-CO","@id":"https:\/\/biopesaje.com\/#\/schema\/logo\/image\/","url":"","contentUrl":"","caption":"BIOPESAJE S.A.S."},"image":{"@id":"https:\/\/biopesaje.com\/#\/schema\/logo\/image\/"}}]}},"uagb_featured_image_src":{"full":["https:\/\/biopesaje.com\/wp-content\/uploads\/2022\/01\/indicador-de-peso-industrial-para-cominicaciones-gmt-tuxon-s12w-1.png",500,500,false],"thumbnail":["https:\/\/biopesaje.com\/wp-content\/uploads\/2022\/01\/indicador-de-peso-industrial-para-cominicaciones-gmt-tuxon-s12w-1-150x150.png",150,150,true],"medium":["https:\/\/biopesaje.com\/wp-content\/uploads\/2022\/01\/indicador-de-peso-industrial-para-cominicaciones-gmt-tuxon-s12w-1-300x300.png",300,300,true],"medium_large":["https:\/\/biopesaje.com\/wp-content\/uploads\/2022\/01\/indicador-de-peso-industrial-para-cominicaciones-gmt-tuxon-s12w-1.png",500,500,false],"large":["https:\/\/biopesaje.com\/wp-content\/uploads\/2022\/01\/indicador-de-peso-industrial-para-cominicaciones-gmt-tuxon-s12w-1.png",500,500,false],"1536x1536":["https:\/\/biopesaje.com\/wp-content\/uploads\/2022\/01\/indicador-de-peso-industrial-para-cominicaciones-gmt-tuxon-s12w-1.png",500,500,false],"2048x2048":["https:\/\/biopesaje.com\/wp-content\/uploads\/2022\/01\/indicador-de-peso-industrial-para-cominicaciones-gmt-tuxon-s12w-1.png",500,500,false],"woocommerce_thumbnail":["https:\/\/biopesaje.com\/wp-content\/uploads\/2022\/01\/indicador-de-peso-industrial-para-cominicaciones-gmt-tuxon-s12w-1-320x320.png",320,320,true],"woocommerce_single":["https:\/\/biopesaje.com\/wp-content\/uploads\/2022\/01\/indicador-de-peso-industrial-para-cominicaciones-gmt-tuxon-s12w-1.png",500,500,false],"woocommerce_gallery_thumbnail":["https:\/\/biopesaje.com\/wp-content\/uploads\/2022\/01\/indicador-de-peso-industrial-para-cominicaciones-gmt-tuxon-s12w-1-100x100.png",100,100,true],"thaps-thumb-img":["https:\/\/biopesaje.com\/wp-content\/uploads\/2022\/01\/indicador-de-peso-industrial-para-cominicaciones-gmt-tuxon-s12w-1-48x48.png",48,48,true],"taiowc-thumb-img":["https:\/\/biopesaje.com\/wp-content\/uploads\/2022\/01\/indicador-de-peso-industrial-para-cominicaciones-gmt-tuxon-s12w-1-48x48.png",48,48,true]},"uagb_author_info":{"display_name":"Diego Martinez","author_link":"https:\/\/biopesaje.com\/index.php\/author\/"},"uagb_comment_info":0,"uagb_excerpt":"Transmisor de peso de uso industrial, con la funci\u00f3n de amplificar la se\u00f1al de las celdas de carga, con alta respuesta de visualizaci\u00f3n su alimentaci\u00f3n puede ser con voltaje AC o DC dependiendo del modelo, especial mente dise\u00f1ado para comunicaciones industriales, tiene diversos protocolos de comunicaci\u00f3n serial RS232 o RS485, protocolo est\u00e1ndar Modbus, protocolo ASCII,&hellip;","jetpack_sharing_enabled":true,"_links":{"self":[{"href":"https:\/\/biopesaje.com\/index.php\/wp-json\/wp\/v2\/product\/1885","targetHints":{"allow":["GET"]}}],"collection":[{"href":"https:\/\/biopesaje.com\/index.php\/wp-json\/wp\/v2\/product"}],"about":[{"href":"https:\/\/biopesaje.com\/index.php\/wp-json\/wp\/v2\/types\/product"}],"version-history":[{"count":5,"href":"https:\/\/biopesaje.com\/index.php\/wp-json\/wp\/v2\/product\/1885\/revisions"}],"predecessor-version":[{"id":10145,"href":"https:\/\/biopesaje.com\/index.php\/wp-json\/wp\/v2\/product\/1885\/revisions\/10145"}],"wp:featuredmedia":[{"embeddable":true,"href":"https:\/\/biopesaje.com\/index.php\/wp-json\/wp\/v2\/media\/10142"}],"wp:attachment":[{"href":"https:\/\/biopesaje.com\/index.php\/wp-json\/wp\/v2\/media?parent=1885"}],"wp:term":[{"taxonomy":"product_brand","embeddable":true,"href":"https:\/\/biopesaje.com\/index.php\/wp-json\/wp\/v2\/product_brand?post=1885"},{"taxonomy":"product_cat","embeddable":true,"href":"https:\/\/biopesaje.com\/index.php\/wp-json\/wp\/v2\/product_cat?post=1885"},{"taxonomy":"product_tag","embeddable":true,"href":"https:\/\/biopesaje.com\/index.php\/wp-json\/wp\/v2\/product_tag?post=1885"}],"curies":[{"name":"wp","href":"https:\/\/api.w.org\/{rel}","templated":true}]}}