{"id":2383,"date":"2022-01-27T18:39:37","date_gmt":"2022-01-27T18:39:37","guid":{"rendered":"https:\/\/biopesaje.com\/?post_type=product&#038;p=2383"},"modified":"2025-02-19T21:00:15","modified_gmt":"2025-02-19T21:00:15","slug":"volano-330","status":"publish","type":"product","link":"https:\/\/biopesaje.com\/index.php\/product\/volano-330\/","title":{"rendered":"TAJADORA OMEGA 300 GLT"},"content":{"rendered":"\t\t<div data-elementor-type=\"wp-post\" data-elementor-id=\"2383\" class=\"elementor elementor-2383\" data-elementor-post-type=\"product\">\n\t\t\t\t\t\t<section class=\"elementor-section elementor-top-section elementor-element elementor-element-33640221 elementor-section-boxed elementor-section-height-default elementor-section-height-default\" data-id=\"33640221\" data-element_type=\"section\" data-e-type=\"section\">\n\t\t\t\t\t\t<div class=\"elementor-container elementor-column-gap-default\">\n\t\t\t\t\t<div class=\"elementor-column elementor-col-100 elementor-top-column elementor-element elementor-element-73562639\" data-id=\"73562639\" data-element_type=\"column\" data-e-type=\"column\">\n\t\t\t<div class=\"elementor-widget-wrap elementor-element-populated\">\n\t\t\t\t\t\t<div class=\"elementor-element elementor-element-56e17dc4 elementor-widget elementor-widget-text-editor\" data-id=\"56e17dc4\" data-element_type=\"widget\" data-e-type=\"widget\" data-widget_type=\"text-editor.default\">\n\t\t\t\t<div class=\"elementor-widget-container\">\n\t\t\t\t\t\t\t\t\t<section class=\"w-full flex flex-wrap sm:flex-no-wrap\">\r\n<div class=\"w-full sm:w-3\/4 p-1 border-blue3\">\r\n<p class=\"w-full my-4 text-justify\">La Tajadora Omega 300 GLT es una herramienta esencial para cualquier cocina moderna, dise\u00f1ada para facilitar la preparaci\u00f3n de alimentos. Su construcci\u00f3n en aluminio anodizado asegura resistencia y longevidad, mientras que su dise\u00f1o elegante se adapta a cualquier estilo. Esta tajadora es vers\u00e1til, capaz de cortar una variedad de ingredientes, desde vegetales y frutas hasta carnes y quesos, ofreciendo precisi\u00f3n en cada rebanada. Adem\u00e1s, permite ajustar el grosor de los cortes, lo que la hace ideal para diferentes recetas. Su base estable y patas antideslizantes garantizan seguridad, convirti\u00e9ndola en una aliada perfecta para chefs y cocineros en casa.<\/p>\r\n\r\n<\/div>\r\n<\/section>\t\t\t\t\t\t\t\t<\/div>\n\t\t\t\t<\/div>\n\t\t\t\t\t<\/div>\n\t\t<\/div>\n\t\t\t\t\t<\/div>\n\t\t<\/section>\n\t\t\t\t<section class=\"elementor-section elementor-top-section elementor-element elementor-element-c11b7f4 elementor-section-boxed elementor-section-height-default elementor-section-height-default\" data-id=\"c11b7f4\" data-element_type=\"section\" data-e-type=\"section\">\n\t\t\t\t\t\t<div class=\"elementor-container elementor-column-gap-default\">\n\t\t\t\t\t<div class=\"elementor-column elementor-col-100 elementor-top-column elementor-element elementor-element-801a5af\" data-id=\"801a5af\" data-element_type=\"column\" data-e-type=\"column\">\n\t\t\t<div class=\"elementor-widget-wrap elementor-element-populated\">\n\t\t\t\t\t\t<div class=\"elementor-element elementor-element-271a20c elementor-widget elementor-widget-heading\" data-id=\"271a20c\" data-element_type=\"widget\" data-e-type=\"widget\" data-widget_type=\"heading.default\">\n\t\t\t\t<div class=\"elementor-widget-container\">\n\t\t\t\t\t<h3 class=\"elementor-heading-title elementor-size-default\">Documentaci\u00f3n<\/h3>\t\t\t\t<\/div>\n\t\t\t\t<\/div>\n\t\t\t\t<div class=\"elementor-element elementor-element-cd3076d elementor-widget elementor-widget-eael-adv-accordion\" data-id=\"cd3076d\" data-element_type=\"widget\" data-e-type=\"widget\" data-widget_type=\"eael-adv-accordion.default\">\n\t\t\t\t<div class=\"elementor-widget-container\">\n\t\t\t\t\t            <div class=\"eael-adv-accordion\" id=\"eael-adv-accordion-cd3076d\" data-scroll-on-click=\"no\" data-scroll-speed=\"300\" data-accordion-id=\"cd3076d\" data-accordion-type=\"accordion\" data-toogle-speed=\"300\">\n            <div class=\"eael-accordion-list\">\n\t\t\t\t\t<div id=\"documentos\" class=\"elementor-tab-title eael-accordion-header active-default\" tabindex=\"0\" data-tab=\"1\" aria-controls=\"elementor-tab-content-2151\"><span class=\"eael-advanced-accordion-icon-closed\"><i aria-hidden=\"true\" class=\"fa-accordion-icon far fa-file-pdf\"><\/i><\/span><span class=\"eael-advanced-accordion-icon-opened\"><i aria-hidden=\"true\" class=\"fa-accordion-icon fas fa-minus\"><\/i><\/span><span class=\"eael-accordion-tab-title\">Documentos<\/span><i aria-hidden=\"true\" class=\"fa-toggle fas fa-angle-right\"><\/i><\/div><div id=\"elementor-tab-content-2151\" class=\"eael-accordion-content clearfix active-default\" data-tab=\"1\" aria-labelledby=\"documentos\"><p><img decoding=\"async\" class=\"wp-image-2526 alignnone\" src=\"https:\/\/biopesaje.com\/wp-content\/uploads\/2022\/02\/391px-PDF_file_icon.svg.png\" alt=\"\" width=\"30\" height=\"37\" srcset=\"https:\/\/biopesaje.com\/wp-content\/uploads\/2022\/02\/391px-PDF_file_icon.svg.png 391w, https:\/\/biopesaje.com\/wp-content\/uploads\/2022\/02\/391px-PDF_file_icon.svg-300x368.png 300w, https:\/\/biopesaje.com\/wp-content\/uploads\/2022\/02\/391px-PDF_file_icon.svg-244x300.png 244w, https:\/\/biopesaje.com\/wp-content\/uploads\/2022\/02\/391px-PDF_file_icon.svg-48x59.png 48w\" sizes=\"(max-width: 30px) 100vw, 30px\" \/><a href=\"https:\/\/biopesaje.com\/wp-content\/uploads\/2025\/02\/CATALOGO-TAJADORA-OMEGA-300-GLT.pdf\" target=\"_blank\" rel=\"noopener\">CATALOGO TAJADORA OMEGA 300 GLT<\/a><\/p><p><img decoding=\"async\" class=\"wp-image-2526 alignnone\" src=\"https:\/\/biopesaje.com\/wp-content\/uploads\/2022\/02\/391px-PDF_file_icon.svg.png\" alt=\"\" width=\"30\" height=\"37\" srcset=\"https:\/\/biopesaje.com\/wp-content\/uploads\/2022\/02\/391px-PDF_file_icon.svg.png 391w, https:\/\/biopesaje.com\/wp-content\/uploads\/2022\/02\/391px-PDF_file_icon.svg-300x368.png 300w, https:\/\/biopesaje.com\/wp-content\/uploads\/2022\/02\/391px-PDF_file_icon.svg-244x300.png 244w, https:\/\/biopesaje.com\/wp-content\/uploads\/2022\/02\/391px-PDF_file_icon.svg-48x59.png 48w\" sizes=\"(max-width: 30px) 100vw, 30px\" \/><a href=\"https:\/\/biopesaje.com\/wp-content\/uploads\/2025\/02\/Manual-de-usuario-OMEGA-300-GLT.pdf\" target=\"_blank\" rel=\"noopener\">Manual de usuario OMEGA 300 GLT<\/a><\/p><\/div>\n\t\t\t\t\t<\/div><\/div>\t\t\t\t<\/div>\n\t\t\t\t<\/div>\n\t\t\t\t\t<\/div>\n\t\t<\/div>\n\t\t\t\t\t<\/div>\n\t\t<\/section>\n\t\t\t\t<\/div>\n\t\t","protected":false},"excerpt":{"rendered":"<div>Fabricado en aluminio anodizado<br \/>\n-Tajadora semiautom\u00e1tica para carnes fr\u00edas, embutidos y quesos<\/div>\n<div>-Motor de 0,30hp<br \/>\n-Incluye aceite lubricante<\/div>\n<div>-Espesor de corte: 0 &#8211; 15mm<\/div>\n<div>-Disco Italiano acero inox de 30cm de di\u00e1metro<\/div>\n<div>-Sistema de afilado integrado<\/div>\n<div>-Dimensiones: 66x55x48cm.<\/div>\n<div>-Peso: 22kg<\/div>\n","protected":false},"featured_media":6086,"template":"","meta":{"_uag_custom_page_level_css":"","_joinchat":[]},"product_brand":[],"product_cat":[98],"product_tag":[],"class_list":{"0":"post-2383","1":"product","2":"type-product","3":"status-publish","4":"has-post-thumbnail","6":"product_cat-tajadora-omega","7":"thunk-woo-product-list","8":"opn-qv-enable","9":"top-store-woo-hover-none","10":"top-store-single-product-tab-horizontal","11":"top-store-shadow-","12":"top-store-shadow-hover-","14":"first","15":"instock","16":"taxable","17":"shipping-taxable","18":"product-type-simple"},"yoast_head":"<!-- This site is optimized with the Yoast SEO plugin v27.4 - https:\/\/yoast.com\/product\/yoast-seo-wordpress\/ -->\n<title>TAJADORA OMEGA 300 GLT - BIOPESAJE S.A.S.<\/title>\n<meta name=\"description\" content=\"Biopesaje S.A.S cuenta con la mejor selecci\u00f3n de equipos en categor\u00edas como pesaje, procesamiento y empaque de la industria alimenticia.\" \/>\n<meta name=\"robots\" content=\"index, follow, max-snippet:-1, max-image-preview:large, max-video-preview:-1\" \/>\n<link rel=\"canonical\" href=\"https:\/\/biopesaje.com\/index.php\/product\/volano-330\/\" \/>\n<meta property=\"og:locale\" content=\"es_ES\" \/>\n<meta property=\"og:type\" content=\"article\" \/>\n<meta property=\"og:title\" content=\"TAJADORA OMEGA 300 GLT - BIOPESAJE S.A.S.\" \/>\n<meta property=\"og:description\" content=\"Biopesaje S.A.S cuenta con la mejor selecci\u00f3n de equipos en categor\u00edas como pesaje, procesamiento y empaque de la industria alimenticia.\" \/>\n<meta property=\"og:url\" content=\"https:\/\/biopesaje.com\/index.php\/product\/volano-330\/\" \/>\n<meta property=\"og:site_name\" content=\"BIOPESAJE S.A.S.\" \/>\n<meta property=\"article:modified_time\" content=\"2025-02-19T21:00:15+00:00\" \/>\n<meta property=\"og:image\" content=\"https:\/\/biopesaje.com\/wp-content\/uploads\/2025\/02\/TAJADORA-OMEGA-300-GLT-2.png\" \/>\n\t<meta property=\"og:image:width\" content=\"1000\" \/>\n\t<meta property=\"og:image:height\" content=\"1000\" \/>\n\t<meta property=\"og:image:type\" content=\"image\/png\" \/>\n<meta name=\"twitter:card\" content=\"summary_large_image\" \/>\n<meta name=\"twitter:label1\" content=\"Tiempo de lectura\" \/>\n\t<meta name=\"twitter:data1\" content=\"2 minutos\" \/>\n<script type=\"application\/ld+json\" class=\"yoast-schema-graph\">{\"@context\":\"https:\\\/\\\/schema.org\",\"@graph\":[{\"@type\":\"WebPage\",\"@id\":\"https:\\\/\\\/biopesaje.com\\\/index.php\\\/product\\\/volano-330\\\/\",\"url\":\"https:\\\/\\\/biopesaje.com\\\/index.php\\\/product\\\/volano-330\\\/\",\"name\":\"TAJADORA OMEGA 300 GLT - BIOPESAJE S.A.S.\",\"isPartOf\":{\"@id\":\"https:\\\/\\\/biopesaje.com\\\/#website\"},\"primaryImageOfPage\":{\"@id\":\"https:\\\/\\\/biopesaje.com\\\/index.php\\\/product\\\/volano-330\\\/#primaryimage\"},\"image\":{\"@id\":\"https:\\\/\\\/biopesaje.com\\\/index.php\\\/product\\\/volano-330\\\/#primaryimage\"},\"thumbnailUrl\":\"https:\\\/\\\/biopesaje.com\\\/wp-content\\\/uploads\\\/2025\\\/02\\\/TAJADORA-OMEGA-300-GLT-2.png\",\"datePublished\":\"2022-01-27T18:39:37+00:00\",\"dateModified\":\"2025-02-19T21:00:15+00:00\",\"description\":\"Biopesaje S.A.S cuenta con la mejor selecci\u00f3n de equipos en categor\u00edas como pesaje, procesamiento y empaque de la industria alimenticia.\",\"breadcrumb\":{\"@id\":\"https:\\\/\\\/biopesaje.com\\\/index.php\\\/product\\\/volano-330\\\/#breadcrumb\"},\"inLanguage\":\"es-CO\",\"potentialAction\":[{\"@type\":\"ReadAction\",\"target\":[\"https:\\\/\\\/biopesaje.com\\\/index.php\\\/product\\\/volano-330\\\/\"]}]},{\"@type\":\"ImageObject\",\"inLanguage\":\"es-CO\",\"@id\":\"https:\\\/\\\/biopesaje.com\\\/index.php\\\/product\\\/volano-330\\\/#primaryimage\",\"url\":\"https:\\\/\\\/biopesaje.com\\\/wp-content\\\/uploads\\\/2025\\\/02\\\/TAJADORA-OMEGA-300-GLT-2.png\",\"contentUrl\":\"https:\\\/\\\/biopesaje.com\\\/wp-content\\\/uploads\\\/2025\\\/02\\\/TAJADORA-OMEGA-300-GLT-2.png\",\"width\":1000,\"height\":1000},{\"@type\":\"BreadcrumbList\",\"@id\":\"https:\\\/\\\/biopesaje.com\\\/index.php\\\/product\\\/volano-330\\\/#breadcrumb\",\"itemListElement\":[{\"@type\":\"ListItem\",\"position\":1,\"name\":\"Home\",\"item\":\"https:\\\/\\\/biopesaje.com\\\/\"},{\"@type\":\"ListItem\",\"position\":2,\"name\":\"Productos\",\"item\":\"https:\\\/\\\/biopesaje.com\\\/index.php\\\/tienda\\\/\"},{\"@type\":\"ListItem\",\"position\":3,\"name\":\"TAJADORA OMEGA 300 GLT\"}]},{\"@type\":\"WebSite\",\"@id\":\"https:\\\/\\\/biopesaje.com\\\/#website\",\"url\":\"https:\\\/\\\/biopesaje.com\\\/\",\"name\":\"BIOPESAJE S.A.S.\",\"description\":\"Ingenier\u00eda de pesaje, metrolog\u00eda y laboratorio.\",\"publisher\":{\"@id\":\"https:\\\/\\\/biopesaje.com\\\/#organization\"},\"potentialAction\":[{\"@type\":\"SearchAction\",\"target\":{\"@type\":\"EntryPoint\",\"urlTemplate\":\"https:\\\/\\\/biopesaje.com\\\/?s={search_term_string}\"},\"query-input\":{\"@type\":\"PropertyValueSpecification\",\"valueRequired\":true,\"valueName\":\"search_term_string\"}}],\"inLanguage\":\"es-CO\"},{\"@type\":\"Organization\",\"@id\":\"https:\\\/\\\/biopesaje.com\\\/#organization\",\"name\":\"BIOPESAJE S.A.S.\",\"url\":\"https:\\\/\\\/biopesaje.com\\\/\",\"logo\":{\"@type\":\"ImageObject\",\"inLanguage\":\"es-CO\",\"@id\":\"https:\\\/\\\/biopesaje.com\\\/#\\\/schema\\\/logo\\\/image\\\/\",\"url\":\"\",\"contentUrl\":\"\",\"caption\":\"BIOPESAJE S.A.S.\"},\"image\":{\"@id\":\"https:\\\/\\\/biopesaje.com\\\/#\\\/schema\\\/logo\\\/image\\\/\"}}]}<\/script>\n<!-- \/ Yoast SEO plugin. -->","yoast_head_json":{"title":"TAJADORA OMEGA 300 GLT - BIOPESAJE S.A.S.","description":"Biopesaje S.A.S cuenta con la mejor selecci\u00f3n de equipos en categor\u00edas como pesaje, procesamiento y empaque de la industria alimenticia.","robots":{"index":"index","follow":"follow","max-snippet":"max-snippet:-1","max-image-preview":"max-image-preview:large","max-video-preview":"max-video-preview:-1"},"canonical":"https:\/\/biopesaje.com\/index.php\/product\/volano-330\/","og_locale":"es_ES","og_type":"article","og_title":"TAJADORA OMEGA 300 GLT - BIOPESAJE S.A.S.","og_description":"Biopesaje S.A.S cuenta con la mejor selecci\u00f3n de equipos en categor\u00edas como pesaje, procesamiento y empaque de la industria alimenticia.","og_url":"https:\/\/biopesaje.com\/index.php\/product\/volano-330\/","og_site_name":"BIOPESAJE S.A.S.","article_modified_time":"2025-02-19T21:00:15+00:00","og_image":[{"width":1000,"height":1000,"url":"https:\/\/biopesaje.com\/wp-content\/uploads\/2025\/02\/TAJADORA-OMEGA-300-GLT-2.png","type":"image\/png"}],"twitter_card":"summary_large_image","twitter_misc":{"Tiempo de lectura":"2 minutos"},"schema":{"@context":"https:\/\/schema.org","@graph":[{"@type":"WebPage","@id":"https:\/\/biopesaje.com\/index.php\/product\/volano-330\/","url":"https:\/\/biopesaje.com\/index.php\/product\/volano-330\/","name":"TAJADORA OMEGA 300 GLT - BIOPESAJE S.A.S.","isPartOf":{"@id":"https:\/\/biopesaje.com\/#website"},"primaryImageOfPage":{"@id":"https:\/\/biopesaje.com\/index.php\/product\/volano-330\/#primaryimage"},"image":{"@id":"https:\/\/biopesaje.com\/index.php\/product\/volano-330\/#primaryimage"},"thumbnailUrl":"https:\/\/biopesaje.com\/wp-content\/uploads\/2025\/02\/TAJADORA-OMEGA-300-GLT-2.png","datePublished":"2022-01-27T18:39:37+00:00","dateModified":"2025-02-19T21:00:15+00:00","description":"Biopesaje S.A.S cuenta con la mejor selecci\u00f3n de equipos en categor\u00edas como pesaje, procesamiento y empaque de la industria alimenticia.","breadcrumb":{"@id":"https:\/\/biopesaje.com\/index.php\/product\/volano-330\/#breadcrumb"},"inLanguage":"es-CO","potentialAction":[{"@type":"ReadAction","target":["https:\/\/biopesaje.com\/index.php\/product\/volano-330\/"]}]},{"@type":"ImageObject","inLanguage":"es-CO","@id":"https:\/\/biopesaje.com\/index.php\/product\/volano-330\/#primaryimage","url":"https:\/\/biopesaje.com\/wp-content\/uploads\/2025\/02\/TAJADORA-OMEGA-300-GLT-2.png","contentUrl":"https:\/\/biopesaje.com\/wp-content\/uploads\/2025\/02\/TAJADORA-OMEGA-300-GLT-2.png","width":1000,"height":1000},{"@type":"BreadcrumbList","@id":"https:\/\/biopesaje.com\/index.php\/product\/volano-330\/#breadcrumb","itemListElement":[{"@type":"ListItem","position":1,"name":"Home","item":"https:\/\/biopesaje.com\/"},{"@type":"ListItem","position":2,"name":"Productos","item":"https:\/\/biopesaje.com\/index.php\/tienda\/"},{"@type":"ListItem","position":3,"name":"TAJADORA OMEGA 300 GLT"}]},{"@type":"WebSite","@id":"https:\/\/biopesaje.com\/#website","url":"https:\/\/biopesaje.com\/","name":"BIOPESAJE S.A.S.","description":"Ingenier\u00eda de pesaje, metrolog\u00eda y laboratorio.","publisher":{"@id":"https:\/\/biopesaje.com\/#organization"},"potentialAction":[{"@type":"SearchAction","target":{"@type":"EntryPoint","urlTemplate":"https:\/\/biopesaje.com\/?s={search_term_string}"},"query-input":{"@type":"PropertyValueSpecification","valueRequired":true,"valueName":"search_term_string"}}],"inLanguage":"es-CO"},{"@type":"Organization","@id":"https:\/\/biopesaje.com\/#organization","name":"BIOPESAJE S.A.S.","url":"https:\/\/biopesaje.com\/","logo":{"@type":"ImageObject","inLanguage":"es-CO","@id":"https:\/\/biopesaje.com\/#\/schema\/logo\/image\/","url":"","contentUrl":"","caption":"BIOPESAJE S.A.S."},"image":{"@id":"https:\/\/biopesaje.com\/#\/schema\/logo\/image\/"}}]}},"uagb_featured_image_src":{"full":["https:\/\/biopesaje.com\/wp-content\/uploads\/2025\/02\/TAJADORA-OMEGA-300-GLT-2.png",1000,1000,false],"thumbnail":["https:\/\/biopesaje.com\/wp-content\/uploads\/2025\/02\/TAJADORA-OMEGA-300-GLT-2-150x150.png",150,150,true],"medium":["https:\/\/biopesaje.com\/wp-content\/uploads\/2025\/02\/TAJADORA-OMEGA-300-GLT-2-300x300.png",300,300,true],"medium_large":["https:\/\/biopesaje.com\/wp-content\/uploads\/2025\/02\/TAJADORA-OMEGA-300-GLT-2-768x768.png",640,640,true],"large":["https:\/\/biopesaje.com\/wp-content\/uploads\/2025\/02\/TAJADORA-OMEGA-300-GLT-2.png",640,640,false],"1536x1536":["https:\/\/biopesaje.com\/wp-content\/uploads\/2025\/02\/TAJADORA-OMEGA-300-GLT-2.png",1000,1000,false],"2048x2048":["https:\/\/biopesaje.com\/wp-content\/uploads\/2025\/02\/TAJADORA-OMEGA-300-GLT-2.png",1000,1000,false],"woocommerce_thumbnail":["https:\/\/biopesaje.com\/wp-content\/uploads\/2025\/02\/TAJADORA-OMEGA-300-GLT-2-320x320.png",320,320,true],"woocommerce_single":["https:\/\/biopesaje.com\/wp-content\/uploads\/2025\/02\/TAJADORA-OMEGA-300-GLT-2.png",1000,1000,false],"woocommerce_gallery_thumbnail":["https:\/\/biopesaje.com\/wp-content\/uploads\/2025\/02\/TAJADORA-OMEGA-300-GLT-2-100x100.png",100,100,true],"thaps-thumb-img":["https:\/\/biopesaje.com\/wp-content\/uploads\/2025\/02\/TAJADORA-OMEGA-300-GLT-2-48x48.png",48,48,true],"taiowc-thumb-img":["https:\/\/biopesaje.com\/wp-content\/uploads\/2025\/02\/TAJADORA-OMEGA-300-GLT-2-48x48.png",48,48,true]},"uagb_author_info":{"display_name":"Diego Martinez","author_link":"https:\/\/biopesaje.com\/index.php\/author\/"},"uagb_comment_info":0,"uagb_excerpt":"Fabricado en aluminio anodizado -Tajadora semiautom\u00e1tica para carnes fr\u00edas, embutidos y quesos -Motor de 0,30hp -Incluye aceite lubricante -Espesor de corte: 0 - 15mm -Disco Italiano acero inox de 30cm de di\u00e1metro -Sistema de afilado integrado -Dimensiones: 66x55x48cm. -Peso: 22kg","jetpack_sharing_enabled":true,"_links":{"self":[{"href":"https:\/\/biopesaje.com\/index.php\/wp-json\/wp\/v2\/product\/2383","targetHints":{"allow":["GET"]}}],"collection":[{"href":"https:\/\/biopesaje.com\/index.php\/wp-json\/wp\/v2\/product"}],"about":[{"href":"https:\/\/biopesaje.com\/index.php\/wp-json\/wp\/v2\/types\/product"}],"version-history":[{"count":7,"href":"https:\/\/biopesaje.com\/index.php\/wp-json\/wp\/v2\/product\/2383\/revisions"}],"predecessor-version":[{"id":6096,"href":"https:\/\/biopesaje.com\/index.php\/wp-json\/wp\/v2\/product\/2383\/revisions\/6096"}],"wp:featuredmedia":[{"embeddable":true,"href":"https:\/\/biopesaje.com\/index.php\/wp-json\/wp\/v2\/media\/6086"}],"wp:attachment":[{"href":"https:\/\/biopesaje.com\/index.php\/wp-json\/wp\/v2\/media?parent=2383"}],"wp:term":[{"taxonomy":"product_brand","embeddable":true,"href":"https:\/\/biopesaje.com\/index.php\/wp-json\/wp\/v2\/product_brand?post=2383"},{"taxonomy":"product_cat","embeddable":true,"href":"https:\/\/biopesaje.com\/index.php\/wp-json\/wp\/v2\/product_cat?post=2383"},{"taxonomy":"product_tag","embeddable":true,"href":"https:\/\/biopesaje.com\/index.php\/wp-json\/wp\/v2\/product_tag?post=2383"}],"curies":[{"name":"wp","href":"https:\/\/api.w.org\/{rel}","templated":true}]}}