{"id":2395,"date":"2022-01-27T18:43:57","date_gmt":"2022-01-27T18:43:57","guid":{"rendered":"https:\/\/biopesaje.com\/?post_type=product&#038;p=2395"},"modified":"2025-03-06T14:56:21","modified_gmt":"2025-03-06T14:56:21","slug":"dakota-dc","status":"publish","type":"product","link":"https:\/\/biopesaje.com\/index.php\/product\/dakota-dc\/","title":{"rendered":"Empacadora al vac\u00edo Dakota DC"},"content":{"rendered":"\t\t<div data-elementor-type=\"wp-post\" data-elementor-id=\"2395\" class=\"elementor elementor-2395\" data-elementor-post-type=\"product\">\n\t\t\t\t\t\t<section class=\"elementor-section elementor-top-section elementor-element elementor-element-8490f28 elementor-section-boxed elementor-section-height-default elementor-section-height-default\" data-id=\"8490f28\" data-element_type=\"section\" data-e-type=\"section\">\n\t\t\t\t\t\t<div class=\"elementor-container elementor-column-gap-default\">\n\t\t\t\t\t<div class=\"elementor-column elementor-col-100 elementor-top-column elementor-element elementor-element-c8ef6dd\" data-id=\"c8ef6dd\" data-element_type=\"column\" data-e-type=\"column\">\n\t\t\t<div class=\"elementor-widget-wrap elementor-element-populated\">\n\t\t\t\t\t\t<div class=\"elementor-element elementor-element-1d914e6 elementor-widget elementor-widget-heading\" data-id=\"1d914e6\" data-element_type=\"widget\" data-e-type=\"widget\" data-widget_type=\"heading.default\">\n\t\t\t\t<div class=\"elementor-widget-container\">\n\t\t\t\t\t<h2 class=\"elementor-heading-title elementor-size-default\"><span style=\"font-size: 22px;font-style: normal;font-weight: 400;text-align: center\">Descripci\u00f3n de equipo Dakota DC -<\/span><span style=\"font-size: 22px;font-style: normal;font-weight: 400;text-align: center\">&nbsp;<\/span><span style=\"font-size: 22px;font-style: normal;font-weight: 400;text-align: center\">Biopesaje<\/span><\/h2>\t\t\t\t<\/div>\n\t\t\t\t<\/div>\n\t\t\t\t\t<\/div>\n\t\t<\/div>\n\t\t\t\t\t<\/div>\n\t\t<\/section>\n\t\t\t\t<section class=\"elementor-section elementor-top-section elementor-element elementor-element-32134bf7 elementor-section-boxed elementor-section-height-default elementor-section-height-default\" data-id=\"32134bf7\" data-element_type=\"section\" data-e-type=\"section\">\n\t\t\t\t\t\t<div class=\"elementor-container elementor-column-gap-default\">\n\t\t\t\t\t<div class=\"elementor-column elementor-col-100 elementor-top-column elementor-element elementor-element-2a311f8a\" data-id=\"2a311f8a\" data-element_type=\"column\" data-e-type=\"column\">\n\t\t\t<div class=\"elementor-widget-wrap elementor-element-populated\">\n\t\t\t\t\t\t<div class=\"elementor-element elementor-element-1424b8dc elementor-widget elementor-widget-text-editor\" data-id=\"1424b8dc\" data-element_type=\"widget\" data-e-type=\"widget\" data-widget_type=\"text-editor.default\">\n\t\t\t\t<div class=\"elementor-widget-container\">\n\t\t\t\t\t\t\t\t\t<p>\u00a0 \u00a0 \u00a0Vis\u00edtanos en: Instagram: @biopesaje \/ Facebook: Biopesaje S.A.S\u00a0 \u00a0 \u00a0 \u00a0 \u00a0 \u00a0 \u00a0 \u00a0 \u00a0 \u00a0 \u00a0 \u00a0 \u00a0 \u00a0 \u00a0 \u00a0 \u00a0 \u00a0 \u00a0 \u00a0 \u00a0 \u00a0 \u00a0 \u00a0 \u00a0 \u00a0 \u00a0 \u00a0 \u00a0 \u00a0 \u00a0 \u00a0 \u00a0 \u00a0 \u00a0 \u00a0 \u00a0 \u00a0 \u00a0 \u00a0 \u00a0 \u00a0 \u00a0 \u00a0 \u00a0 \u00a0 \u00a0 \u00a0 \u00a0 \u00a0 \u00a0 \u00a0 \u00a0 \u00a0 \u00a0 \u00a0 \u00a0 \u00a0 \u00a0 \u00a0 \u00a0 \u00a0 \u00a0 \u00a0 \u00a0 \u00a0 \u00a0 \u00a0 \u00a0 \u00a0 \u00a0 \u00a0 \u00a0 \u00a0 \u00a0 \u00a0 \u00a0 \u00a0 \u00a0 \u00a0 \u00a0 \u00a0 \u00a0 \u00a0 \u00a0 \u00a0 \u00a0 \u00a0 \u00a0 \u00a0 \u00a0 \u00a0 \u00a0 \u00a0 \u00a0 \u00a0 \u00a0 \u00a0 \u00a0 \u00a0 \u00a0 \u00a0 \u00a0 \u00a0 \u00a0 \u00a0Las\u00a0<strong>empacadora al vac\u00edo Dakota DC con doble c\u00e1mara de vac\u00edo<\/strong>\u00a0ofrecen una soluci\u00f3n eficiente y r\u00e1pida para optimizar los procesos de envasado. Gracias a su dise\u00f1o de doble c\u00e1mara, permiten\u00a0<strong>duplicar la velocidad de trabajo<\/strong>, ya que mientras una c\u00e1mara realiza el proceso de vac\u00edo, la otra est\u00e1 lista para el siguiente ciclo. Esta caracter\u00edstica es ideal para empresas que buscan aumentar su productividad sin comprometer la calidad del sellado.<\/p><p>Una de sus principales ventajas es la\u00a0<strong>potencia de su sistema de vac\u00edo<\/strong>. Estas m\u00e1quinas pueden incorporar\u00a0<strong>hasta 4 bombas de vac\u00edo de 20m\u00b3<\/strong>, lo que garantiza un proceso r\u00e1pido y eficaz. Adem\u00e1s, est\u00e1n\u00a0<strong>fabricadas en acero inoxidable 304<\/strong>, un material reconocido por su resistencia a la corrosi\u00f3n y su\u00a0<strong>f\u00e1cil limpieza<\/strong>, lo cual es fundamental en entornos donde se exige un alto nivel de higiene.<\/p><p>Para asegurar un sellado uniforme y resistente, estas empacadoras cuentan con\u00a0<strong>4 reglas de sellado<\/strong>\u00a0que permiten cerrar m\u00faltiples bolsas a la vez. Este dise\u00f1o no solo mejora la eficiencia, sino que tambi\u00e9n ofrece resultados consistentes en cada ciclo de trabajo.<\/p><p>Otro aspecto destacado es su\u00a0<strong>manejo sencillo, preciso y veloz<\/strong>. Los controles intuitivos facilitan su operaci\u00f3n, reduciendo el tiempo de capacitaci\u00f3n del personal y minimizando los errores durante el proceso. Adem\u00e1s, funcionan con una\u00a0<strong>alimentaci\u00f3n trif\u00e1sica de 220VAC<\/strong>,<\/p><p>En resumen, las empacadoras al vac\u00edo industriales con doble c\u00e1mara son una opci\u00f3n robusta y eficiente. Su capacidad para\u00a0<strong>duplicar la velocidad de trabajo<\/strong>, junto con su dise\u00f1o en acero inoxidable y su avanzada tecnolog\u00eda de vac\u00edo, las convierte en una herramienta imprescindible para cualquier industria que busque optimizar su l\u00ednea de producci\u00f3n.<\/p><p>Para mayor informaci\u00f3n y consulta de diferentes temas de inter\u00e9s te puedes dirigir a:\u00a0\u00a0<a href=\"https:\/\/www.invima.gov.co\/sites\/default\/files\/alimentos-y-bebidas-alcoholicas\/2023-09\/Resolucion%204143%20de%202012.PDF\">Resoluci\u00f3n 41 43 de 2012<\/a><\/p>\t\t\t\t\t\t\t\t<\/div>\n\t\t\t\t<\/div>\n\t\t\t\t\t<\/div>\n\t\t<\/div>\n\t\t\t\t\t<\/div>\n\t\t<\/section>\n\t\t\t\t<section class=\"elementor-section elementor-top-section elementor-element elementor-element-4d29cdb elementor-section-boxed elementor-section-height-default elementor-section-height-default\" data-id=\"4d29cdb\" data-element_type=\"section\" data-e-type=\"section\">\n\t\t\t\t\t\t<div class=\"elementor-container elementor-column-gap-default\">\n\t\t\t\t\t<div class=\"elementor-column elementor-col-100 elementor-top-column elementor-element elementor-element-fe47f27\" data-id=\"fe47f27\" data-element_type=\"column\" data-e-type=\"column\">\n\t\t\t<div class=\"elementor-widget-wrap elementor-element-populated\">\n\t\t\t\t\t\t<div class=\"elementor-element elementor-element-3edaf11 elementor-widget__width-initial elementor-widget elementor-widget-heading\" data-id=\"3edaf11\" data-element_type=\"widget\" data-e-type=\"widget\" data-widget_type=\"heading.default\">\n\t\t\t\t<div class=\"elementor-widget-container\">\n\t\t\t\t\t<h3 class=\"elementor-heading-title elementor-size-default\">Documentaci\u00f3n<br><\/h3>\t\t\t\t<\/div>\n\t\t\t\t<\/div>\n\t\t\t\t<div class=\"elementor-element elementor-element-9df768b elementor-widget elementor-widget-eael-adv-accordion\" data-id=\"9df768b\" data-element_type=\"widget\" data-e-type=\"widget\" data-widget_type=\"eael-adv-accordion.default\">\n\t\t\t\t<div class=\"elementor-widget-container\">\n\t\t\t\t\t            <div class=\"eael-adv-accordion\" id=\"eael-adv-accordion-9df768b\" data-scroll-on-click=\"no\" data-scroll-speed=\"300\" data-accordion-id=\"9df768b\" data-accordion-type=\"accordion\" data-toogle-speed=\"300\">\n            <div class=\"eael-accordion-list\">\n\t\t\t\t\t<div id=\"documentos\" class=\"elementor-tab-title eael-accordion-header active-default\" tabindex=\"0\" data-tab=\"1\" aria-controls=\"elementor-tab-content-1651\"><span class=\"eael-advanced-accordion-icon-closed\"><i aria-hidden=\"true\" class=\"fa-accordion-icon far fa-file-pdf\"><\/i><\/span><span class=\"eael-advanced-accordion-icon-opened\"><i aria-hidden=\"true\" class=\"fa-accordion-icon fas fa-minus\"><\/i><\/span><span class=\"eael-accordion-tab-title\">Documentos<\/span><i aria-hidden=\"true\" class=\"fa-toggle fas fa-angle-right\"><\/i><\/div><div id=\"elementor-tab-content-1651\" class=\"eael-accordion-content clearfix active-default\" data-tab=\"1\" aria-labelledby=\"documentos\"><p><img decoding=\"async\" class=\"wp-image-2526 alignnone\" src=\"https:\/\/biopesaje.com\/wp-content\/uploads\/2022\/02\/391px-PDF_file_icon.svg.png\" alt=\"\" width=\"30\" height=\"37\" srcset=\"https:\/\/biopesaje.com\/wp-content\/uploads\/2022\/02\/391px-PDF_file_icon.svg.png 391w, https:\/\/biopesaje.com\/wp-content\/uploads\/2022\/02\/391px-PDF_file_icon.svg-300x368.png 300w, https:\/\/biopesaje.com\/wp-content\/uploads\/2022\/02\/391px-PDF_file_icon.svg-244x300.png 244w, https:\/\/biopesaje.com\/wp-content\/uploads\/2022\/02\/391px-PDF_file_icon.svg-48x59.png 48w\" sizes=\"(max-width: 30px) 100vw, 30px\" \/> <a href=\"https:\/\/biopesaje.com\/wp-content\/uploads\/2025\/02\/Catalogo-empacadora-tipo-Dakota-DC.pdf\" target=\"_blank\" rel=\"noopener\">Catalogo-empacadora-tipo-Dakota-DC<\/a><\/p><p><a href=\"https:\/\/biopesaje.com\/wp-content\/uploads\/2025\/02\/Manual-empacadora-tipo-Dakota-DC.pdf\" target=\"_blank\" rel=\"noopener\"><img decoding=\"async\" class=\"wp-image-2526 alignnone\" src=\"https:\/\/biopesaje.com\/wp-content\/uploads\/2022\/02\/391px-PDF_file_icon.svg.png\" alt=\"\" width=\"30\" height=\"37\" srcset=\"https:\/\/biopesaje.com\/wp-content\/uploads\/2022\/02\/391px-PDF_file_icon.svg.png 391w, https:\/\/biopesaje.com\/wp-content\/uploads\/2022\/02\/391px-PDF_file_icon.svg-300x368.png 300w, https:\/\/biopesaje.com\/wp-content\/uploads\/2022\/02\/391px-PDF_file_icon.svg-244x300.png 244w, https:\/\/biopesaje.com\/wp-content\/uploads\/2022\/02\/391px-PDF_file_icon.svg-48x59.png 48w\" sizes=\"(max-width: 30px) 100vw, 30px\" \/>Manual-empacadora-tipo-Dakota-DC<\/a><\/p><\/div>\n\t\t\t\t\t<\/div><\/div>\t\t\t\t<\/div>\n\t\t\t\t<\/div>\n\t\t\t\t\t<\/div>\n\t\t<\/div>\n\t\t\t\t\t<\/div>\n\t\t<\/section>\n\t\t\t\t<\/div>\n\t\t","protected":false},"excerpt":{"rendered":"<p>Empacadoras al vac\u00edo industriales con doble c\u00e1mara de vac\u00edo, duplicando la velocidad de trabajo, pueden tener hasta 4 bombas de vac\u00edo de 20m3, fabricada en acero inoxidable 304 de f\u00e1cil limpieza. Cuentan con 4 reglas de sellado. Manejo sencillo, preciso y veloz. Alimentaci\u00f3n trif\u00e1sica de 220VAC.<\/p>\n","protected":false},"featured_media":4874,"template":"","meta":{"_uag_custom_page_level_css":"","_joinchat":[]},"product_brand":[],"product_cat":[27],"product_tag":[],"class_list":{"0":"post-2395","1":"product","2":"type-product","3":"status-publish","4":"has-post-thumbnail","6":"product_cat-empacadoras-al-vacio","7":"thunk-woo-product-list","8":"opn-qv-enable","9":"top-store-woo-hover-none","10":"top-store-single-product-tab-horizontal","11":"top-store-shadow-","12":"top-store-shadow-hover-","14":"first","15":"instock","16":"taxable","17":"shipping-taxable","18":"product-type-simple"},"yoast_head":"<!-- This site is optimized with the Yoast SEO plugin v27.3 - https:\/\/yoast.com\/product\/yoast-seo-wordpress\/ -->\n<title>Dakota DC - BIOPESAJE S.A.S.<\/title>\n<meta name=\"description\" content=\"Biopesaje S.A.S cuenta con la mejor selecci\u00f3n de equipos en categor\u00edas como pesaje, procesamiento y empaque de la industria alimenticia. Dakota DC\" \/>\n<meta name=\"robots\" content=\"index, follow, max-snippet:-1, max-image-preview:large, max-video-preview:-1\" \/>\n<link rel=\"canonical\" href=\"https:\/\/biopesaje.com\/index.php\/product\/dakota-dc\/\" \/>\n<meta property=\"og:locale\" content=\"es_ES\" \/>\n<meta property=\"og:type\" content=\"article\" \/>\n<meta property=\"og:title\" content=\"Dakota DC - BIOPESAJE S.A.S.\" \/>\n<meta property=\"og:description\" content=\"Biopesaje S.A.S cuenta con la mejor selecci\u00f3n de equipos en categor\u00edas como pesaje, procesamiento y empaque de la industria alimenticia. Dakota DC\" \/>\n<meta property=\"og:url\" content=\"https:\/\/biopesaje.com\/index.php\/product\/dakota-dc\/\" \/>\n<meta property=\"og:site_name\" content=\"BIOPESAJE S.A.S.\" \/>\n<meta property=\"article:modified_time\" content=\"2025-03-06T14:56:21+00:00\" \/>\n<meta property=\"og:image\" content=\"https:\/\/biopesaje.com\/wp-content\/uploads\/2024\/10\/empacadora-al-vacio-de-doble-camara-kramer-dakota-dc11w.jpg\" \/>\n\t<meta property=\"og:image:width\" content=\"500\" \/>\n\t<meta property=\"og:image:height\" content=\"500\" \/>\n\t<meta property=\"og:image:type\" content=\"image\/jpeg\" \/>\n<meta name=\"twitter:card\" content=\"summary_large_image\" \/>\n<meta name=\"twitter:label1\" content=\"Tiempo de lectura\" \/>\n\t<meta name=\"twitter:data1\" content=\"3 minutos\" \/>\n<script type=\"application\/ld+json\" class=\"yoast-schema-graph\">{\"@context\":\"https:\\\/\\\/schema.org\",\"@graph\":[{\"@type\":\"WebPage\",\"@id\":\"https:\\\/\\\/biopesaje.com\\\/index.php\\\/product\\\/dakota-dc\\\/\",\"url\":\"https:\\\/\\\/biopesaje.com\\\/index.php\\\/product\\\/dakota-dc\\\/\",\"name\":\"Dakota DC - BIOPESAJE S.A.S.\",\"isPartOf\":{\"@id\":\"https:\\\/\\\/biopesaje.com\\\/#website\"},\"primaryImageOfPage\":{\"@id\":\"https:\\\/\\\/biopesaje.com\\\/index.php\\\/product\\\/dakota-dc\\\/#primaryimage\"},\"image\":{\"@id\":\"https:\\\/\\\/biopesaje.com\\\/index.php\\\/product\\\/dakota-dc\\\/#primaryimage\"},\"thumbnailUrl\":\"https:\\\/\\\/biopesaje.com\\\/wp-content\\\/uploads\\\/2024\\\/10\\\/empacadora-al-vacio-de-doble-camara-kramer-dakota-dc11w.jpg\",\"datePublished\":\"2022-01-27T18:43:57+00:00\",\"dateModified\":\"2025-03-06T14:56:21+00:00\",\"description\":\"Biopesaje S.A.S cuenta con la mejor selecci\u00f3n de equipos en categor\u00edas como pesaje, procesamiento y empaque de la industria alimenticia. Dakota DC\",\"breadcrumb\":{\"@id\":\"https:\\\/\\\/biopesaje.com\\\/index.php\\\/product\\\/dakota-dc\\\/#breadcrumb\"},\"inLanguage\":\"es-CO\",\"potentialAction\":[{\"@type\":\"ReadAction\",\"target\":[\"https:\\\/\\\/biopesaje.com\\\/index.php\\\/product\\\/dakota-dc\\\/\"]}]},{\"@type\":\"ImageObject\",\"inLanguage\":\"es-CO\",\"@id\":\"https:\\\/\\\/biopesaje.com\\\/index.php\\\/product\\\/dakota-dc\\\/#primaryimage\",\"url\":\"https:\\\/\\\/biopesaje.com\\\/wp-content\\\/uploads\\\/2024\\\/10\\\/empacadora-al-vacio-de-doble-camara-kramer-dakota-dc11w.jpg\",\"contentUrl\":\"https:\\\/\\\/biopesaje.com\\\/wp-content\\\/uploads\\\/2024\\\/10\\\/empacadora-al-vacio-de-doble-camara-kramer-dakota-dc11w.jpg\",\"width\":500,\"height\":500,\"caption\":\"Dakota DC\"},{\"@type\":\"BreadcrumbList\",\"@id\":\"https:\\\/\\\/biopesaje.com\\\/index.php\\\/product\\\/dakota-dc\\\/#breadcrumb\",\"itemListElement\":[{\"@type\":\"ListItem\",\"position\":1,\"name\":\"Home\",\"item\":\"https:\\\/\\\/biopesaje.com\\\/\"},{\"@type\":\"ListItem\",\"position\":2,\"name\":\"Productos\",\"item\":\"https:\\\/\\\/biopesaje.com\\\/index.php\\\/tienda\\\/\"},{\"@type\":\"ListItem\",\"position\":3,\"name\":\"Empacadora al vac\u00edo Dakota DC\"}]},{\"@type\":\"WebSite\",\"@id\":\"https:\\\/\\\/biopesaje.com\\\/#website\",\"url\":\"https:\\\/\\\/biopesaje.com\\\/\",\"name\":\"BIOPESAJE S.A.S.\",\"description\":\"Ingenier\u00eda de pesaje, metrolog\u00eda y laboratorio.\",\"publisher\":{\"@id\":\"https:\\\/\\\/biopesaje.com\\\/#organization\"},\"potentialAction\":[{\"@type\":\"SearchAction\",\"target\":{\"@type\":\"EntryPoint\",\"urlTemplate\":\"https:\\\/\\\/biopesaje.com\\\/?s={search_term_string}\"},\"query-input\":{\"@type\":\"PropertyValueSpecification\",\"valueRequired\":true,\"valueName\":\"search_term_string\"}}],\"inLanguage\":\"es-CO\"},{\"@type\":\"Organization\",\"@id\":\"https:\\\/\\\/biopesaje.com\\\/#organization\",\"name\":\"BIOPESAJE S.A.S.\",\"url\":\"https:\\\/\\\/biopesaje.com\\\/\",\"logo\":{\"@type\":\"ImageObject\",\"inLanguage\":\"es-CO\",\"@id\":\"https:\\\/\\\/biopesaje.com\\\/#\\\/schema\\\/logo\\\/image\\\/\",\"url\":\"\",\"contentUrl\":\"\",\"caption\":\"BIOPESAJE S.A.S.\"},\"image\":{\"@id\":\"https:\\\/\\\/biopesaje.com\\\/#\\\/schema\\\/logo\\\/image\\\/\"}}]}<\/script>\n<!-- \/ Yoast SEO plugin. -->","yoast_head_json":{"title":"Dakota DC - BIOPESAJE S.A.S.","description":"Biopesaje S.A.S cuenta con la mejor selecci\u00f3n de equipos en categor\u00edas como pesaje, procesamiento y empaque de la industria alimenticia. Dakota DC","robots":{"index":"index","follow":"follow","max-snippet":"max-snippet:-1","max-image-preview":"max-image-preview:large","max-video-preview":"max-video-preview:-1"},"canonical":"https:\/\/biopesaje.com\/index.php\/product\/dakota-dc\/","og_locale":"es_ES","og_type":"article","og_title":"Dakota DC - BIOPESAJE S.A.S.","og_description":"Biopesaje S.A.S cuenta con la mejor selecci\u00f3n de equipos en categor\u00edas como pesaje, procesamiento y empaque de la industria alimenticia. Dakota DC","og_url":"https:\/\/biopesaje.com\/index.php\/product\/dakota-dc\/","og_site_name":"BIOPESAJE S.A.S.","article_modified_time":"2025-03-06T14:56:21+00:00","og_image":[{"width":500,"height":500,"url":"https:\/\/biopesaje.com\/wp-content\/uploads\/2024\/10\/empacadora-al-vacio-de-doble-camara-kramer-dakota-dc11w.jpg","type":"image\/jpeg"}],"twitter_card":"summary_large_image","twitter_misc":{"Tiempo de lectura":"3 minutos"},"schema":{"@context":"https:\/\/schema.org","@graph":[{"@type":"WebPage","@id":"https:\/\/biopesaje.com\/index.php\/product\/dakota-dc\/","url":"https:\/\/biopesaje.com\/index.php\/product\/dakota-dc\/","name":"Dakota DC - BIOPESAJE S.A.S.","isPartOf":{"@id":"https:\/\/biopesaje.com\/#website"},"primaryImageOfPage":{"@id":"https:\/\/biopesaje.com\/index.php\/product\/dakota-dc\/#primaryimage"},"image":{"@id":"https:\/\/biopesaje.com\/index.php\/product\/dakota-dc\/#primaryimage"},"thumbnailUrl":"https:\/\/biopesaje.com\/wp-content\/uploads\/2024\/10\/empacadora-al-vacio-de-doble-camara-kramer-dakota-dc11w.jpg","datePublished":"2022-01-27T18:43:57+00:00","dateModified":"2025-03-06T14:56:21+00:00","description":"Biopesaje S.A.S cuenta con la mejor selecci\u00f3n de equipos en categor\u00edas como pesaje, procesamiento y empaque de la industria alimenticia. Dakota DC","breadcrumb":{"@id":"https:\/\/biopesaje.com\/index.php\/product\/dakota-dc\/#breadcrumb"},"inLanguage":"es-CO","potentialAction":[{"@type":"ReadAction","target":["https:\/\/biopesaje.com\/index.php\/product\/dakota-dc\/"]}]},{"@type":"ImageObject","inLanguage":"es-CO","@id":"https:\/\/biopesaje.com\/index.php\/product\/dakota-dc\/#primaryimage","url":"https:\/\/biopesaje.com\/wp-content\/uploads\/2024\/10\/empacadora-al-vacio-de-doble-camara-kramer-dakota-dc11w.jpg","contentUrl":"https:\/\/biopesaje.com\/wp-content\/uploads\/2024\/10\/empacadora-al-vacio-de-doble-camara-kramer-dakota-dc11w.jpg","width":500,"height":500,"caption":"Dakota DC"},{"@type":"BreadcrumbList","@id":"https:\/\/biopesaje.com\/index.php\/product\/dakota-dc\/#breadcrumb","itemListElement":[{"@type":"ListItem","position":1,"name":"Home","item":"https:\/\/biopesaje.com\/"},{"@type":"ListItem","position":2,"name":"Productos","item":"https:\/\/biopesaje.com\/index.php\/tienda\/"},{"@type":"ListItem","position":3,"name":"Empacadora al vac\u00edo Dakota DC"}]},{"@type":"WebSite","@id":"https:\/\/biopesaje.com\/#website","url":"https:\/\/biopesaje.com\/","name":"BIOPESAJE S.A.S.","description":"Ingenier\u00eda de pesaje, metrolog\u00eda y laboratorio.","publisher":{"@id":"https:\/\/biopesaje.com\/#organization"},"potentialAction":[{"@type":"SearchAction","target":{"@type":"EntryPoint","urlTemplate":"https:\/\/biopesaje.com\/?s={search_term_string}"},"query-input":{"@type":"PropertyValueSpecification","valueRequired":true,"valueName":"search_term_string"}}],"inLanguage":"es-CO"},{"@type":"Organization","@id":"https:\/\/biopesaje.com\/#organization","name":"BIOPESAJE S.A.S.","url":"https:\/\/biopesaje.com\/","logo":{"@type":"ImageObject","inLanguage":"es-CO","@id":"https:\/\/biopesaje.com\/#\/schema\/logo\/image\/","url":"","contentUrl":"","caption":"BIOPESAJE S.A.S."},"image":{"@id":"https:\/\/biopesaje.com\/#\/schema\/logo\/image\/"}}]}},"uagb_featured_image_src":{"full":["https:\/\/biopesaje.com\/wp-content\/uploads\/2024\/10\/empacadora-al-vacio-de-doble-camara-kramer-dakota-dc11w.jpg",500,500,false],"thumbnail":["https:\/\/biopesaje.com\/wp-content\/uploads\/2024\/10\/empacadora-al-vacio-de-doble-camara-kramer-dakota-dc11w-150x150.jpg",150,150,true],"medium":["https:\/\/biopesaje.com\/wp-content\/uploads\/2024\/10\/empacadora-al-vacio-de-doble-camara-kramer-dakota-dc11w-300x300.jpg",300,300,true],"medium_large":["https:\/\/biopesaje.com\/wp-content\/uploads\/2024\/10\/empacadora-al-vacio-de-doble-camara-kramer-dakota-dc11w.jpg",500,500,false],"large":["https:\/\/biopesaje.com\/wp-content\/uploads\/2024\/10\/empacadora-al-vacio-de-doble-camara-kramer-dakota-dc11w.jpg",500,500,false],"1536x1536":["https:\/\/biopesaje.com\/wp-content\/uploads\/2024\/10\/empacadora-al-vacio-de-doble-camara-kramer-dakota-dc11w.jpg",500,500,false],"2048x2048":["https:\/\/biopesaje.com\/wp-content\/uploads\/2024\/10\/empacadora-al-vacio-de-doble-camara-kramer-dakota-dc11w.jpg",500,500,false],"woocommerce_thumbnail":["https:\/\/biopesaje.com\/wp-content\/uploads\/2024\/10\/empacadora-al-vacio-de-doble-camara-kramer-dakota-dc11w-320x320.jpg",320,320,true],"woocommerce_single":["https:\/\/biopesaje.com\/wp-content\/uploads\/2024\/10\/empacadora-al-vacio-de-doble-camara-kramer-dakota-dc11w.jpg",500,500,false],"woocommerce_gallery_thumbnail":["https:\/\/biopesaje.com\/wp-content\/uploads\/2024\/10\/empacadora-al-vacio-de-doble-camara-kramer-dakota-dc11w-100x100.jpg",100,100,true],"thaps-thumb-img":["https:\/\/biopesaje.com\/wp-content\/uploads\/2024\/10\/empacadora-al-vacio-de-doble-camara-kramer-dakota-dc11w-48x48.jpg",48,48,true],"taiowc-thumb-img":["https:\/\/biopesaje.com\/wp-content\/uploads\/2024\/10\/empacadora-al-vacio-de-doble-camara-kramer-dakota-dc11w-48x48.jpg",48,48,true]},"uagb_author_info":{"display_name":"Diego Martinez","author_link":"https:\/\/biopesaje.com\/index.php\/author\/"},"uagb_comment_info":0,"uagb_excerpt":"Empacadoras al vac\u00edo industriales con doble c\u00e1mara de vac\u00edo, duplicando la velocidad de trabajo, pueden tener hasta 4 bombas de vac\u00edo de 20m3, fabricada en acero inoxidable 304 de f\u00e1cil limpieza. Cuentan con 4 reglas de sellado. Manejo sencillo, preciso y veloz. Alimentaci\u00f3n trif\u00e1sica de 220VAC.","jetpack_sharing_enabled":true,"_links":{"self":[{"href":"https:\/\/biopesaje.com\/index.php\/wp-json\/wp\/v2\/product\/2395","targetHints":{"allow":["GET"]}}],"collection":[{"href":"https:\/\/biopesaje.com\/index.php\/wp-json\/wp\/v2\/product"}],"about":[{"href":"https:\/\/biopesaje.com\/index.php\/wp-json\/wp\/v2\/types\/product"}],"version-history":[{"count":30,"href":"https:\/\/biopesaje.com\/index.php\/wp-json\/wp\/v2\/product\/2395\/revisions"}],"predecessor-version":[{"id":6757,"href":"https:\/\/biopesaje.com\/index.php\/wp-json\/wp\/v2\/product\/2395\/revisions\/6757"}],"wp:featuredmedia":[{"embeddable":true,"href":"https:\/\/biopesaje.com\/index.php\/wp-json\/wp\/v2\/media\/4874"}],"wp:attachment":[{"href":"https:\/\/biopesaje.com\/index.php\/wp-json\/wp\/v2\/media?parent=2395"}],"wp:term":[{"taxonomy":"product_brand","embeddable":true,"href":"https:\/\/biopesaje.com\/index.php\/wp-json\/wp\/v2\/product_brand?post=2395"},{"taxonomy":"product_cat","embeddable":true,"href":"https:\/\/biopesaje.com\/index.php\/wp-json\/wp\/v2\/product_cat?post=2395"},{"taxonomy":"product_tag","embeddable":true,"href":"https:\/\/biopesaje.com\/index.php\/wp-json\/wp\/v2\/product_tag?post=2395"}],"curies":[{"name":"wp","href":"https:\/\/api.w.org\/{rel}","templated":true}]}}