{"id":2411,"date":"2022-01-27T18:46:23","date_gmt":"2022-01-27T18:46:23","guid":{"rendered":"https:\/\/biopesaje.com\/?post_type=product&#038;p=2411"},"modified":"2025-03-07T14:31:35","modified_gmt":"2025-03-07T14:31:35","slug":"dakota-300-biopesaje","status":"publish","type":"product","link":"https:\/\/biopesaje.com\/index.php\/product\/dakota-300-biopesaje\/","title":{"rendered":"Empacadora al vac\u00edo Dakota 300"},"content":{"rendered":"\t\t<div data-elementor-type=\"wp-post\" data-elementor-id=\"2411\" class=\"elementor elementor-2411\" data-elementor-post-type=\"product\">\n\t\t\t\t\t\t<section class=\"elementor-section elementor-top-section elementor-element elementor-element-bafe1f0 elementor-section-boxed elementor-section-height-default elementor-section-height-default\" data-id=\"bafe1f0\" data-element_type=\"section\" data-e-type=\"section\">\n\t\t\t\t\t\t<div class=\"elementor-container elementor-column-gap-default\">\n\t\t\t\t\t<div class=\"elementor-column elementor-col-100 elementor-top-column elementor-element elementor-element-6133ff5\" data-id=\"6133ff5\" data-element_type=\"column\" data-e-type=\"column\">\n\t\t\t<div class=\"elementor-widget-wrap elementor-element-populated\">\n\t\t\t\t\t\t<div class=\"elementor-element elementor-element-4762871 elementor-widget elementor-widget-heading\" data-id=\"4762871\" data-element_type=\"widget\" data-e-type=\"widget\" data-widget_type=\"heading.default\">\n\t\t\t\t<div class=\"elementor-widget-container\">\n\t\t\t\t\t<h2 class=\"elementor-heading-title elementor-size-default\">Descripci\u00f3n de equipo Dakota 300 - <span style=\"font-size: 22px;font-style: normal;font-weight: 400\">Biopesaje<\/span><span style=\"font-size: 22px;font-style: normal;font-weight: 400\"><\/span><br><\/h2>\t\t\t\t<\/div>\n\t\t\t\t<\/div>\n\t\t\t\t\t<\/div>\n\t\t<\/div>\n\t\t\t\t\t<\/div>\n\t\t<\/section>\n\t\t\t\t<section class=\"elementor-section elementor-top-section elementor-element elementor-element-73af2dc1 elementor-section-boxed elementor-section-height-default elementor-section-height-default\" data-id=\"73af2dc1\" data-element_type=\"section\" data-e-type=\"section\">\n\t\t\t\t\t\t<div class=\"elementor-container elementor-column-gap-default\">\n\t\t\t\t\t<div class=\"elementor-column elementor-col-100 elementor-top-column elementor-element elementor-element-571db812\" data-id=\"571db812\" data-element_type=\"column\" data-e-type=\"column\">\n\t\t\t<div class=\"elementor-widget-wrap elementor-element-populated\">\n\t\t\t\t\t\t<div class=\"elementor-element elementor-element-1c7d1e7f elementor-widget elementor-widget-text-editor\" data-id=\"1c7d1e7f\" data-element_type=\"widget\" data-e-type=\"widget\" data-widget_type=\"text-editor.default\">\n\t\t\t\t<div class=\"elementor-widget-container\">\n\t\t\t\t\t\t\t\t\t<section class=\"w-full flex flex-wrap sm:flex-no-wrap\"><div class=\"w-full sm:w-3\/4 p-1 border-blue3\"><h5 style=\"text-align: left;\">Vis\u00edtanos en: Instagram: @biopesaje \/ Facebook: Biopesaje S.A.S<\/h5><p style=\"text-align: left;\">La empacadora al vac\u00edo Dakota 300 de mesa\u00a0 conserva alimentos de manera \u00f3ptima, porque extiende su vida \u00fatil y mantiene su frescura. Entonces, es ideal para aplicaciones comerciales y dom\u00e9sticas. Y es perfecta para empacar carnes, vegetales, quesos y otros productos perecederos. Adem\u00e1s, su bomba de vac\u00edo de 12 m3\/h garantiza un sellado herm\u00e9tico y eficiente. Porque esto es fundamental para mantener la calidad de los alimentos.<\/p><p>Tiene una estructura robusta, lo que entonces ofrece durabilidad, resistencia a la corrosi\u00f3n y facilidad de limpieza. Y su tapa de acr\u00edlico transparente de alta visibilidad permite monitorear el proceso de envasado en tiempo real. Entonces, se asegura un control preciso y una operaci\u00f3n segura. Adem\u00e1s, su sistema de vac\u00edo reduce la p\u00e9rdida de humedad en los alimentos, minimizando las mermas y garantizando una presentaci\u00f3n m\u00e1s atractiva.<\/p><p>Por lo tanto, es ideal para conservar productos a granel o alimentos preparados listos para su distribuci\u00f3n. Funciona con alimentaci\u00f3n monof\u00e1sica de 120 VCA, lo que facilita su conexi\u00f3n en entornos comerciales o dom\u00e9sticos sin adaptaciones el\u00e9ctricas complejas. Entonces, su dise\u00f1o compacto y de sobremesa optimiza el espacio de trabajo. Y permite una instalaci\u00f3n sencilla y un uso c\u00f3modo en cocinas, restaurantes, supermercados o negocios de alimentos envasados. Es muy f\u00e1cil de usar y mantener.<\/p><p>En resumen, la empacadora al vac\u00edo de mesa marca Kramer es eficiente y vers\u00e1til para preservar la calidad de los alimentos, reducir desperdicios y mejorar la productividad. Y su tecnolog\u00eda avanzada, materiales resistentes y facilidad de uso la convierten en una herramienta indispensable para cualquier negocio que busque optimizar sus procesos de conservaci\u00f3n y almacenamiento seguro.<\/p><p>Para mayor informaci\u00f3n y consulta de diferentes temas de inter\u00e9s te puedes dirigir a:\u00a0 <a href=\"https:\/\/www.invima.gov.co\/sites\/default\/files\/alimentos-y-bebidas-alcoholicas\/2023-09\/Resolucion%204143%20de%202012.PDF\">Resoluci\u00f3n 41 43 de 201<\/a><\/p><\/div><\/section>\t\t\t\t\t\t\t\t<\/div>\n\t\t\t\t<\/div>\n\t\t\t\t\t<\/div>\n\t\t<\/div>\n\t\t\t\t\t<\/div>\n\t\t<\/section>\n\t\t\t\t<section class=\"elementor-section elementor-top-section elementor-element elementor-element-bb773cb elementor-section-boxed elementor-section-height-default elementor-section-height-default\" data-id=\"bb773cb\" data-element_type=\"section\" data-e-type=\"section\">\n\t\t\t\t\t\t<div class=\"elementor-container elementor-column-gap-default\">\n\t\t\t\t\t<div class=\"elementor-column elementor-col-100 elementor-top-column elementor-element elementor-element-4317706\" data-id=\"4317706\" data-element_type=\"column\" data-e-type=\"column\">\n\t\t\t<div class=\"elementor-widget-wrap elementor-element-populated\">\n\t\t\t\t\t\t<div class=\"elementor-element elementor-element-3ef0018 elementor-widget elementor-widget-heading\" data-id=\"3ef0018\" data-element_type=\"widget\" data-e-type=\"widget\" data-widget_type=\"heading.default\">\n\t\t\t\t<div class=\"elementor-widget-container\">\n\t\t\t\t\t<h3 class=\"elementor-heading-title elementor-size-default\">Documentaci\u00f3n<\/h3>\t\t\t\t<\/div>\n\t\t\t\t<\/div>\n\t\t\t\t<div class=\"elementor-element elementor-element-820dd7f elementor-widget elementor-widget-eael-adv-accordion\" data-id=\"820dd7f\" data-element_type=\"widget\" data-e-type=\"widget\" data-widget_type=\"eael-adv-accordion.default\">\n\t\t\t\t<div class=\"elementor-widget-container\">\n\t\t\t\t\t            <div class=\"eael-adv-accordion\" id=\"eael-adv-accordion-820dd7f\" data-scroll-on-click=\"no\" data-scroll-speed=\"300\" data-accordion-id=\"820dd7f\" data-accordion-type=\"accordion\" data-toogle-speed=\"300\">\n            <div class=\"eael-accordion-list\">\n\t\t\t\t\t<div id=\"documentos\" class=\"elementor-tab-title eael-accordion-header\" tabindex=\"0\" data-tab=\"1\" aria-controls=\"elementor-tab-content-1361\"><span class=\"eael-advanced-accordion-icon-closed\"><i aria-hidden=\"true\" class=\"fa-accordion-icon far fa-file-pdf\"><\/i><\/span><span class=\"eael-advanced-accordion-icon-opened\"><i aria-hidden=\"true\" class=\"fa-accordion-icon fas fa-minus\"><\/i><\/span><span class=\"eael-accordion-tab-title\">Documentos<\/span><i aria-hidden=\"true\" class=\"fa-toggle fas fa-angle-right\"><\/i><\/div><div id=\"elementor-tab-content-1361\" class=\"eael-accordion-content clearfix\" data-tab=\"1\" aria-labelledby=\"documentos\"><p><img decoding=\"async\" class=\"wp-image-2526 alignnone\" src=\"https:\/\/biopesaje.com\/wp-content\/uploads\/2022\/02\/391px-PDF_file_icon.svg.png\" alt=\"\" width=\"30\" height=\"37\" srcset=\"https:\/\/biopesaje.com\/wp-content\/uploads\/2022\/02\/391px-PDF_file_icon.svg.png 391w, https:\/\/biopesaje.com\/wp-content\/uploads\/2022\/02\/391px-PDF_file_icon.svg-300x368.png 300w, https:\/\/biopesaje.com\/wp-content\/uploads\/2022\/02\/391px-PDF_file_icon.svg-244x300.png 244w, https:\/\/biopesaje.com\/wp-content\/uploads\/2022\/02\/391px-PDF_file_icon.svg-48x59.png 48w\" sizes=\"(max-width: 30px) 100vw, 30px\" \/><a href=\"https:\/\/biopesaje.com\/wp-content\/uploads\/2025\/02\/manual-dakota-300-400-500-ver-1-2021.pdf\" target=\"_blank\" rel=\"noopener\">Manual-dakota-300-ver-1-2021<\/a><\/p><p><img decoding=\"async\" class=\"wp-image-2526 alignnone\" src=\"https:\/\/biopesaje.com\/wp-content\/uploads\/2022\/02\/391px-PDF_file_icon.svg.png\" alt=\"\" width=\"30\" height=\"37\" srcset=\"https:\/\/biopesaje.com\/wp-content\/uploads\/2022\/02\/391px-PDF_file_icon.svg.png 391w, https:\/\/biopesaje.com\/wp-content\/uploads\/2022\/02\/391px-PDF_file_icon.svg-300x368.png 300w, https:\/\/biopesaje.com\/wp-content\/uploads\/2022\/02\/391px-PDF_file_icon.svg-244x300.png 244w, https:\/\/biopesaje.com\/wp-content\/uploads\/2022\/02\/391px-PDF_file_icon.svg-48x59.png 48w\" sizes=\"(max-width: 30px) 100vw, 30px\" \/><a href=\"https:\/\/biopesaje.com\/wp-content\/uploads\/2025\/02\/catalogo-dakota-300-ver3-2021.pdf\" target=\"_blank\" rel=\"noopener\"> Catalogo-dakota-300-ver3-2021<\/a><\/p><\/div>\n\t\t\t\t\t<\/div><\/div>\t\t\t\t<\/div>\n\t\t\t\t<\/div>\n\t\t\t\t\t<\/div>\n\t\t<\/div>\n\t\t\t\t\t<\/div>\n\t\t<\/section>\n\t\t\t\t<\/div>\n\t\t","protected":false},"excerpt":{"rendered":"<p>Empacadora al vac\u00edo de mesa marca Kramer, con una bomba de vac\u00edo de 12m3\/h, fabricada en acero inoxidable y tapa en acr\u00edlico transparente de alta visibilidad, una regla de sellado de 26 cm. Ideales para detener eficientemente el deterioro natural de los alimentos extendiendo su vida \u00fatil, ayudan a conservar la frescura y reducen la p\u00e9rdida de producto por merma al evitar p\u00e9rdida de humedad. Alimentaci\u00f3n monof\u00e1sica de 120VAC.<\/p>\n","protected":false},"featured_media":2412,"template":"","meta":{"_uag_custom_page_level_css":"","_joinchat":[]},"product_brand":[],"product_cat":[27],"product_tag":[],"class_list":{"0":"post-2411","1":"product","2":"type-product","3":"status-publish","4":"has-post-thumbnail","6":"product_cat-empacadoras-al-vacio","7":"thunk-woo-product-list","8":"opn-qv-enable","9":"top-store-woo-hover-none","10":"top-store-single-product-tab-horizontal","11":"top-store-shadow-","12":"top-store-shadow-hover-","14":"first","15":"instock","16":"taxable","17":"shipping-taxable","18":"product-type-simple"},"yoast_head":"<!-- This site is optimized with the Yoast SEO plugin v27.3 - https:\/\/yoast.com\/product\/yoast-seo-wordpress\/ -->\n<title>Dakota 300 - BIOPESAJE S.A.S.<\/title>\n<meta name=\"description\" content=\"Biopesaje S.A.S cuenta con la mejor selecci\u00f3n de equipos en categor\u00edas como pesaje, procesamiento y empaque de la industria alimenticia. Dakota 300\" \/>\n<meta name=\"robots\" content=\"index, follow, max-snippet:-1, max-image-preview:large, max-video-preview:-1\" \/>\n<link rel=\"canonical\" href=\"https:\/\/biopesaje.com\/index.php\/product\/dakota-300-biopesaje\/\" \/>\n<meta property=\"og:locale\" content=\"es_ES\" \/>\n<meta property=\"og:type\" content=\"article\" \/>\n<meta property=\"og:title\" content=\"Dakota 300 - BIOPESAJE S.A.S.\" \/>\n<meta property=\"og:description\" content=\"Biopesaje S.A.S cuenta con la mejor selecci\u00f3n de equipos en categor\u00edas como pesaje, procesamiento y empaque de la industria alimenticia. Dakota 300\" \/>\n<meta property=\"og:url\" content=\"https:\/\/biopesaje.com\/index.php\/product\/dakota-300-biopesaje\/\" \/>\n<meta property=\"og:site_name\" content=\"BIOPESAJE S.A.S.\" \/>\n<meta property=\"article:modified_time\" content=\"2025-03-07T14:31:35+00:00\" \/>\n<meta property=\"og:image\" content=\"https:\/\/biopesaje.com\/wp-content\/uploads\/2022\/01\/empacadora-al-vacio-kramer-dakota-30011w.jpg\" \/>\n\t<meta property=\"og:image:width\" content=\"400\" \/>\n\t<meta property=\"og:image:height\" content=\"400\" \/>\n\t<meta property=\"og:image:type\" content=\"image\/jpeg\" \/>\n<meta name=\"twitter:card\" content=\"summary_large_image\" \/>\n<meta name=\"twitter:label1\" content=\"Tiempo de lectura\" \/>\n\t<meta name=\"twitter:data1\" content=\"2 minutos\" \/>\n<script type=\"application\/ld+json\" class=\"yoast-schema-graph\">{\"@context\":\"https:\\\/\\\/schema.org\",\"@graph\":[{\"@type\":\"WebPage\",\"@id\":\"https:\\\/\\\/biopesaje.com\\\/index.php\\\/product\\\/dakota-300-biopesaje\\\/\",\"url\":\"https:\\\/\\\/biopesaje.com\\\/index.php\\\/product\\\/dakota-300-biopesaje\\\/\",\"name\":\"Dakota 300 - BIOPESAJE S.A.S.\",\"isPartOf\":{\"@id\":\"https:\\\/\\\/biopesaje.com\\\/#website\"},\"primaryImageOfPage\":{\"@id\":\"https:\\\/\\\/biopesaje.com\\\/index.php\\\/product\\\/dakota-300-biopesaje\\\/#primaryimage\"},\"image\":{\"@id\":\"https:\\\/\\\/biopesaje.com\\\/index.php\\\/product\\\/dakota-300-biopesaje\\\/#primaryimage\"},\"thumbnailUrl\":\"https:\\\/\\\/biopesaje.com\\\/wp-content\\\/uploads\\\/2022\\\/01\\\/empacadora-al-vacio-kramer-dakota-30011w.jpg\",\"datePublished\":\"2022-01-27T18:46:23+00:00\",\"dateModified\":\"2025-03-07T14:31:35+00:00\",\"description\":\"Biopesaje S.A.S cuenta con la mejor selecci\u00f3n de equipos en categor\u00edas como pesaje, procesamiento y empaque de la industria alimenticia. Dakota 300\",\"breadcrumb\":{\"@id\":\"https:\\\/\\\/biopesaje.com\\\/index.php\\\/product\\\/dakota-300-biopesaje\\\/#breadcrumb\"},\"inLanguage\":\"es-CO\",\"potentialAction\":[{\"@type\":\"ReadAction\",\"target\":[\"https:\\\/\\\/biopesaje.com\\\/index.php\\\/product\\\/dakota-300-biopesaje\\\/\"]}]},{\"@type\":\"ImageObject\",\"inLanguage\":\"es-CO\",\"@id\":\"https:\\\/\\\/biopesaje.com\\\/index.php\\\/product\\\/dakota-300-biopesaje\\\/#primaryimage\",\"url\":\"https:\\\/\\\/biopesaje.com\\\/wp-content\\\/uploads\\\/2022\\\/01\\\/empacadora-al-vacio-kramer-dakota-30011w.jpg\",\"contentUrl\":\"https:\\\/\\\/biopesaje.com\\\/wp-content\\\/uploads\\\/2022\\\/01\\\/empacadora-al-vacio-kramer-dakota-30011w.jpg\",\"width\":400,\"height\":400,\"caption\":\"Empaque al vacio con una regla de sellado Dakota Biopesaje S.A.S\"},{\"@type\":\"BreadcrumbList\",\"@id\":\"https:\\\/\\\/biopesaje.com\\\/index.php\\\/product\\\/dakota-300-biopesaje\\\/#breadcrumb\",\"itemListElement\":[{\"@type\":\"ListItem\",\"position\":1,\"name\":\"Home\",\"item\":\"https:\\\/\\\/biopesaje.com\\\/\"},{\"@type\":\"ListItem\",\"position\":2,\"name\":\"Productos\",\"item\":\"https:\\\/\\\/biopesaje.com\\\/index.php\\\/tienda\\\/\"},{\"@type\":\"ListItem\",\"position\":3,\"name\":\"Empacadora al vac\u00edo Dakota 300\"}]},{\"@type\":\"WebSite\",\"@id\":\"https:\\\/\\\/biopesaje.com\\\/#website\",\"url\":\"https:\\\/\\\/biopesaje.com\\\/\",\"name\":\"BIOPESAJE S.A.S.\",\"description\":\"Ingenier\u00eda de pesaje, metrolog\u00eda y laboratorio.\",\"publisher\":{\"@id\":\"https:\\\/\\\/biopesaje.com\\\/#organization\"},\"potentialAction\":[{\"@type\":\"SearchAction\",\"target\":{\"@type\":\"EntryPoint\",\"urlTemplate\":\"https:\\\/\\\/biopesaje.com\\\/?s={search_term_string}\"},\"query-input\":{\"@type\":\"PropertyValueSpecification\",\"valueRequired\":true,\"valueName\":\"search_term_string\"}}],\"inLanguage\":\"es-CO\"},{\"@type\":\"Organization\",\"@id\":\"https:\\\/\\\/biopesaje.com\\\/#organization\",\"name\":\"BIOPESAJE S.A.S.\",\"url\":\"https:\\\/\\\/biopesaje.com\\\/\",\"logo\":{\"@type\":\"ImageObject\",\"inLanguage\":\"es-CO\",\"@id\":\"https:\\\/\\\/biopesaje.com\\\/#\\\/schema\\\/logo\\\/image\\\/\",\"url\":\"\",\"contentUrl\":\"\",\"caption\":\"BIOPESAJE S.A.S.\"},\"image\":{\"@id\":\"https:\\\/\\\/biopesaje.com\\\/#\\\/schema\\\/logo\\\/image\\\/\"}}]}<\/script>\n<!-- \/ Yoast SEO plugin. -->","yoast_head_json":{"title":"Dakota 300 - BIOPESAJE S.A.S.","description":"Biopesaje S.A.S cuenta con la mejor selecci\u00f3n de equipos en categor\u00edas como pesaje, procesamiento y empaque de la industria alimenticia. Dakota 300","robots":{"index":"index","follow":"follow","max-snippet":"max-snippet:-1","max-image-preview":"max-image-preview:large","max-video-preview":"max-video-preview:-1"},"canonical":"https:\/\/biopesaje.com\/index.php\/product\/dakota-300-biopesaje\/","og_locale":"es_ES","og_type":"article","og_title":"Dakota 300 - BIOPESAJE S.A.S.","og_description":"Biopesaje S.A.S cuenta con la mejor selecci\u00f3n de equipos en categor\u00edas como pesaje, procesamiento y empaque de la industria alimenticia. Dakota 300","og_url":"https:\/\/biopesaje.com\/index.php\/product\/dakota-300-biopesaje\/","og_site_name":"BIOPESAJE S.A.S.","article_modified_time":"2025-03-07T14:31:35+00:00","og_image":[{"width":400,"height":400,"url":"https:\/\/biopesaje.com\/wp-content\/uploads\/2022\/01\/empacadora-al-vacio-kramer-dakota-30011w.jpg","type":"image\/jpeg"}],"twitter_card":"summary_large_image","twitter_misc":{"Tiempo de lectura":"2 minutos"},"schema":{"@context":"https:\/\/schema.org","@graph":[{"@type":"WebPage","@id":"https:\/\/biopesaje.com\/index.php\/product\/dakota-300-biopesaje\/","url":"https:\/\/biopesaje.com\/index.php\/product\/dakota-300-biopesaje\/","name":"Dakota 300 - BIOPESAJE S.A.S.","isPartOf":{"@id":"https:\/\/biopesaje.com\/#website"},"primaryImageOfPage":{"@id":"https:\/\/biopesaje.com\/index.php\/product\/dakota-300-biopesaje\/#primaryimage"},"image":{"@id":"https:\/\/biopesaje.com\/index.php\/product\/dakota-300-biopesaje\/#primaryimage"},"thumbnailUrl":"https:\/\/biopesaje.com\/wp-content\/uploads\/2022\/01\/empacadora-al-vacio-kramer-dakota-30011w.jpg","datePublished":"2022-01-27T18:46:23+00:00","dateModified":"2025-03-07T14:31:35+00:00","description":"Biopesaje S.A.S cuenta con la mejor selecci\u00f3n de equipos en categor\u00edas como pesaje, procesamiento y empaque de la industria alimenticia. Dakota 300","breadcrumb":{"@id":"https:\/\/biopesaje.com\/index.php\/product\/dakota-300-biopesaje\/#breadcrumb"},"inLanguage":"es-CO","potentialAction":[{"@type":"ReadAction","target":["https:\/\/biopesaje.com\/index.php\/product\/dakota-300-biopesaje\/"]}]},{"@type":"ImageObject","inLanguage":"es-CO","@id":"https:\/\/biopesaje.com\/index.php\/product\/dakota-300-biopesaje\/#primaryimage","url":"https:\/\/biopesaje.com\/wp-content\/uploads\/2022\/01\/empacadora-al-vacio-kramer-dakota-30011w.jpg","contentUrl":"https:\/\/biopesaje.com\/wp-content\/uploads\/2022\/01\/empacadora-al-vacio-kramer-dakota-30011w.jpg","width":400,"height":400,"caption":"Empaque al vacio con una regla de sellado Dakota Biopesaje S.A.S"},{"@type":"BreadcrumbList","@id":"https:\/\/biopesaje.com\/index.php\/product\/dakota-300-biopesaje\/#breadcrumb","itemListElement":[{"@type":"ListItem","position":1,"name":"Home","item":"https:\/\/biopesaje.com\/"},{"@type":"ListItem","position":2,"name":"Productos","item":"https:\/\/biopesaje.com\/index.php\/tienda\/"},{"@type":"ListItem","position":3,"name":"Empacadora al vac\u00edo Dakota 300"}]},{"@type":"WebSite","@id":"https:\/\/biopesaje.com\/#website","url":"https:\/\/biopesaje.com\/","name":"BIOPESAJE S.A.S.","description":"Ingenier\u00eda de pesaje, metrolog\u00eda y laboratorio.","publisher":{"@id":"https:\/\/biopesaje.com\/#organization"},"potentialAction":[{"@type":"SearchAction","target":{"@type":"EntryPoint","urlTemplate":"https:\/\/biopesaje.com\/?s={search_term_string}"},"query-input":{"@type":"PropertyValueSpecification","valueRequired":true,"valueName":"search_term_string"}}],"inLanguage":"es-CO"},{"@type":"Organization","@id":"https:\/\/biopesaje.com\/#organization","name":"BIOPESAJE S.A.S.","url":"https:\/\/biopesaje.com\/","logo":{"@type":"ImageObject","inLanguage":"es-CO","@id":"https:\/\/biopesaje.com\/#\/schema\/logo\/image\/","url":"","contentUrl":"","caption":"BIOPESAJE S.A.S."},"image":{"@id":"https:\/\/biopesaje.com\/#\/schema\/logo\/image\/"}}]}},"uagb_featured_image_src":{"full":["https:\/\/biopesaje.com\/wp-content\/uploads\/2022\/01\/empacadora-al-vacio-kramer-dakota-30011w.jpg",400,400,false],"thumbnail":["https:\/\/biopesaje.com\/wp-content\/uploads\/2022\/01\/empacadora-al-vacio-kramer-dakota-30011w-150x150.jpg",150,150,true],"medium":["https:\/\/biopesaje.com\/wp-content\/uploads\/2022\/01\/empacadora-al-vacio-kramer-dakota-30011w-300x300.jpg",300,300,true],"medium_large":["https:\/\/biopesaje.com\/wp-content\/uploads\/2022\/01\/empacadora-al-vacio-kramer-dakota-30011w.jpg",400,400,false],"large":["https:\/\/biopesaje.com\/wp-content\/uploads\/2022\/01\/empacadora-al-vacio-kramer-dakota-30011w.jpg",400,400,false],"1536x1536":["https:\/\/biopesaje.com\/wp-content\/uploads\/2022\/01\/empacadora-al-vacio-kramer-dakota-30011w.jpg",400,400,false],"2048x2048":["https:\/\/biopesaje.com\/wp-content\/uploads\/2022\/01\/empacadora-al-vacio-kramer-dakota-30011w.jpg",400,400,false],"woocommerce_thumbnail":["https:\/\/biopesaje.com\/wp-content\/uploads\/2022\/01\/empacadora-al-vacio-kramer-dakota-30011w-320x320.jpg",320,320,true],"woocommerce_single":["https:\/\/biopesaje.com\/wp-content\/uploads\/2022\/01\/empacadora-al-vacio-kramer-dakota-30011w.jpg",400,400,false],"woocommerce_gallery_thumbnail":["https:\/\/biopesaje.com\/wp-content\/uploads\/2022\/01\/empacadora-al-vacio-kramer-dakota-30011w-100x100.jpg",100,100,true],"thaps-thumb-img":["https:\/\/biopesaje.com\/wp-content\/uploads\/2022\/01\/empacadora-al-vacio-kramer-dakota-30011w-48x48.jpg",48,48,true],"taiowc-thumb-img":["https:\/\/biopesaje.com\/wp-content\/uploads\/2022\/01\/empacadora-al-vacio-kramer-dakota-30011w-48x48.jpg",48,48,true]},"uagb_author_info":{"display_name":"Diego Martinez","author_link":"https:\/\/biopesaje.com\/index.php\/author\/"},"uagb_comment_info":0,"uagb_excerpt":"Empacadora al vac\u00edo de mesa marca Kramer, con una bomba de vac\u00edo de 12m3\/h, fabricada en acero inoxidable y tapa en acr\u00edlico transparente de alta visibilidad, una regla de sellado de 26 cm. Ideales para detener eficientemente el deterioro natural de los alimentos extendiendo su vida \u00fatil, ayudan a conservar la frescura y reducen la&hellip;","jetpack_sharing_enabled":true,"_links":{"self":[{"href":"https:\/\/biopesaje.com\/index.php\/wp-json\/wp\/v2\/product\/2411","targetHints":{"allow":["GET"]}}],"collection":[{"href":"https:\/\/biopesaje.com\/index.php\/wp-json\/wp\/v2\/product"}],"about":[{"href":"https:\/\/biopesaje.com\/index.php\/wp-json\/wp\/v2\/types\/product"}],"version-history":[{"count":110,"href":"https:\/\/biopesaje.com\/index.php\/wp-json\/wp\/v2\/product\/2411\/revisions"}],"predecessor-version":[{"id":6866,"href":"https:\/\/biopesaje.com\/index.php\/wp-json\/wp\/v2\/product\/2411\/revisions\/6866"}],"wp:featuredmedia":[{"embeddable":true,"href":"https:\/\/biopesaje.com\/index.php\/wp-json\/wp\/v2\/media\/2412"}],"wp:attachment":[{"href":"https:\/\/biopesaje.com\/index.php\/wp-json\/wp\/v2\/media?parent=2411"}],"wp:term":[{"taxonomy":"product_brand","embeddable":true,"href":"https:\/\/biopesaje.com\/index.php\/wp-json\/wp\/v2\/product_brand?post=2411"},{"taxonomy":"product_cat","embeddable":true,"href":"https:\/\/biopesaje.com\/index.php\/wp-json\/wp\/v2\/product_cat?post=2411"},{"taxonomy":"product_tag","embeddable":true,"href":"https:\/\/biopesaje.com\/index.php\/wp-json\/wp\/v2\/product_tag?post=2411"}],"curies":[{"name":"wp","href":"https:\/\/api.w.org\/{rel}","templated":true}]}}