{"id":2429,"date":"2022-01-27T18:48:28","date_gmt":"2022-01-27T18:48:28","guid":{"rendered":"https:\/\/biopesaje.com\/?post_type=product&#038;p=2429"},"modified":"2025-03-06T21:05:37","modified_gmt":"2025-03-06T21:05:37","slug":"selladoras-manuales","status":"publish","type":"product","link":"https:\/\/biopesaje.com\/index.php\/product\/selladoras-manuales\/","title":{"rendered":"Selladora Manual"},"content":{"rendered":"\t\t<div data-elementor-type=\"wp-post\" data-elementor-id=\"2429\" class=\"elementor elementor-2429\" data-elementor-post-type=\"product\">\n\t\t\t\t\t\t<section class=\"elementor-section elementor-top-section elementor-element elementor-element-8c5ccb7 elementor-section-boxed elementor-section-height-default elementor-section-height-default\" data-id=\"8c5ccb7\" data-element_type=\"section\" data-e-type=\"section\">\n\t\t\t\t\t\t<div class=\"elementor-container elementor-column-gap-default\">\n\t\t\t\t\t<div class=\"elementor-column elementor-col-100 elementor-top-column elementor-element elementor-element-8671377\" data-id=\"8671377\" data-element_type=\"column\" data-e-type=\"column\">\n\t\t\t<div class=\"elementor-widget-wrap elementor-element-populated\">\n\t\t\t\t\t\t<div class=\"elementor-element elementor-element-8198d11 elementor-widget elementor-widget-heading\" data-id=\"8198d11\" data-element_type=\"widget\" data-e-type=\"widget\" data-widget_type=\"heading.default\">\n\t\t\t\t<div class=\"elementor-widget-container\">\n\t\t\t\t\t<h2 class=\"elementor-heading-title elementor-size-default\"><span style=\"font-size: 22px;font-style: normal;font-weight: 400;text-align: center\">&nbsp;<\/span><span style=\"font-size: 22px;font-style: normal;font-weight: 400;text-align: center\">&nbsp;Descripci\u00f3n de equipo Selladoras manuales - Biopesaje<\/span><\/h2>\t\t\t\t<\/div>\n\t\t\t\t<\/div>\n\t\t\t\t\t<\/div>\n\t\t<\/div>\n\t\t\t\t\t<\/div>\n\t\t<\/section>\n\t\t\t\t<section class=\"elementor-section elementor-top-section elementor-element elementor-element-180881f2 elementor-section-boxed elementor-section-height-default elementor-section-height-default\" data-id=\"180881f2\" data-element_type=\"section\" data-e-type=\"section\">\n\t\t\t\t\t\t<div class=\"elementor-container elementor-column-gap-default\">\n\t\t\t\t\t<div class=\"elementor-column elementor-col-100 elementor-top-column elementor-element elementor-element-2654dcd1\" data-id=\"2654dcd1\" data-element_type=\"column\" data-e-type=\"column\">\n\t\t\t<div class=\"elementor-widget-wrap elementor-element-populated\">\n\t\t\t\t\t\t<div class=\"elementor-element elementor-element-7365d05d elementor-widget__width-initial elementor-widget elementor-widget-text-editor\" data-id=\"7365d05d\" data-element_type=\"widget\" data-e-type=\"widget\" data-widget_type=\"text-editor.default\">\n\t\t\t\t<div class=\"elementor-widget-container\">\n\t\t\t\t\t\t\t\t\t<section class=\"w-full flex flex-wrap sm:flex-no-wrap\"><div class=\"w-full sm:w-3\/4 p-1 border-blue3\"><p style=\"text-align: left;\">Vis\u00edtanos en: Instagram: @biopesaje \/ Facebook: Biopesaje S.A.S\u00a0 \u00a0 \u00a0 \u00a0 \u00a0 \u00a0 \u00a0 \u00a0 \u00a0 \u00a0 \u00a0 \u00a0 \u00a0 \u00a0 \u00a0 \u00a0 \u00a0 \u00a0 \u00a0 \u00a0 \u00a0 \u00a0 \u00a0 \u00a0 \u00a0 \u00a0 \u00a0 \u00a0 \u00a0 \u00a0 \u00a0 \u00a0 \u00a0 \u00a0 \u00a0 \u00a0 \u00a0 \u00a0 \u00a0 \u00a0 \u00a0 \u00a0 \u00a0 \u00a0 \u00a0 \u00a0 \u00a0 \u00a0 \u00a0 \u00a0 \u00a0 \u00a0 \u00a0 \u00a0 \u00a0 \u00a0 \u00a0 \u00a0 \u00a0 \u00a0 \u00a0 \u00a0 \u00a0 \u00a0 \u00a0 \u00a0 \u00a0 \u00a0 \u00a0 \u00a0 \u00a0 \u00a0 \u00a0 \u00a0 \u00a0 \u00a0 \u00a0 \u00a0 \u00a0 \u00a0 \u00a0 \u00a0 \u00a0 \u00a0 \u00a0 \u00a0 \u00a0 \u00a0 \u00a0 \u00a0 \u00a0 \u00a0 \u00a0 \u00a0 \u00a0 \u00a0 \u00a0 \u00a0 \u00a0 \u00a0 \u00a0 \u00a0 \u00a0 \u00a0 \u00a0 \u00a0 \u00a0 \u00a0 \u00a0 \u00a0 \u00a0 \u00a0 \u00a0 \u00a0 \u00a0 \u00a0 \u00a0 \u00a0 \u00a0Las selladoras manuales son herramientas esenciales para el cierre seguro y eficiente de bolsas pl\u00e1sticas. Dise\u00f1adas para ofrecer un sellado herm\u00e9tico, ayudan a conservar la frescura de los productos y a protegerlos contra factores externos como la humedad, el polvo y el aire. Su funcionamiento es sencillo, lo que las convierte en una opci\u00f3n pr\u00e1ctica para diversos entornos.<\/p><p>Fabricadas con materiales resistentes como en acero y el aluminio, las selladoras manuales garantizan durabilidad y un desempe\u00f1o confiable. Estas m\u00e1quinas cuentan con una superficie de calentamiento que, al activarse, funde los extremos de la bolsa, creando un cierre seguro y resistente. Adem\u00e1s, su dise\u00f1o compacto permite un f\u00e1cil manejo y almacenamiento, adapt\u00e1ndose a diferentes espacios de trabajo.<\/p><p>Una de sus principales ventajas es la versatilidad. Pueden utilizarse en una amplia variedad de industrias, como la alimentaria, farmac\u00e9utica, textil y electr\u00f3nica. Desde el sellado de alimentos hasta la protecci\u00f3n de productos delicados, estas herramientas aseguran la integridad del contenido durante su almacenamiento y transporte. Asimismo, est\u00e1n disponibles en distintos tama\u00f1os y capacidades, lo que permite elegir el modelo adecuado seg\u00fan las necesidades espec\u00edficas de cada negocio.<\/p><p>Otro beneficio destacado es la eficiencia. Las selladoras manuales permiten realizar cierres r\u00e1pidos y precisos, optimizando los procesos de empaque. Al no requerir una fuente de alimentaci\u00f3n continua, son ideales para \u00e1reas de trabajo donde el acceso a la electricidad es limitado. Adem\u00e1s, su mantenimiento es sencillo, ya que las piezas de desgaste, como las bandas t\u00e9rmicas, pueden reemplazarse f\u00e1cilmente.<\/p><p>En resumen, las selladoras manuales son una soluci\u00f3n pr\u00e1ctica, eficiente y vers\u00e1til para el sellado de bolsas. Su facilidad de uso, durabilidad y capacidad de adaptarse a diversas aplicaciones las convierten en una herramienta imprescindible para optimizar los procesos de empaque en diferentes sectores industriales.<\/p><h5>\u00a0<\/h5><h5>Para mayor informaci\u00f3n y consulta de diferentes temas de inter\u00e9s te puedes dirigir a:\u00a0\u00a0<a href=\"https:\/\/www.invima.gov.co\/sites\/default\/files\/alimentos-y-bebidas-alcoholicas\/2023-09\/Resolucion%204143%20de%202012.PDF\">Resoluci\u00f3n 41 43 de 2012<\/a><\/h5><\/div><\/section>\t\t\t\t\t\t\t\t<\/div>\n\t\t\t\t<\/div>\n\t\t\t\t\t<\/div>\n\t\t<\/div>\n\t\t\t\t\t<\/div>\n\t\t<\/section>\n\t\t\t\t<section class=\"elementor-section elementor-top-section elementor-element elementor-element-cdd87e7 elementor-section-boxed elementor-section-height-default elementor-section-height-default\" data-id=\"cdd87e7\" data-element_type=\"section\" data-e-type=\"section\">\n\t\t\t\t\t\t<div class=\"elementor-container elementor-column-gap-default\">\n\t\t\t\t\t<div class=\"elementor-column elementor-col-100 elementor-top-column elementor-element elementor-element-c6f2a3c\" data-id=\"c6f2a3c\" data-element_type=\"column\" data-e-type=\"column\">\n\t\t\t<div class=\"elementor-widget-wrap elementor-element-populated\">\n\t\t\t\t\t\t<div class=\"elementor-element elementor-element-792ebae elementor-widget elementor-widget-heading\" data-id=\"792ebae\" data-element_type=\"widget\" data-e-type=\"widget\" data-widget_type=\"heading.default\">\n\t\t\t\t<div class=\"elementor-widget-container\">\n\t\t\t\t\t<h3 class=\"elementor-heading-title elementor-size-default\">Documentaci\u00f3n<\/h3>\t\t\t\t<\/div>\n\t\t\t\t<\/div>\n\t\t\t\t<div class=\"elementor-element elementor-element-7e84cf8 elementor-widget elementor-widget-eael-adv-accordion\" data-id=\"7e84cf8\" data-element_type=\"widget\" data-e-type=\"widget\" data-widget_type=\"eael-adv-accordion.default\">\n\t\t\t\t<div class=\"elementor-widget-container\">\n\t\t\t\t\t            <div class=\"eael-adv-accordion\" id=\"eael-adv-accordion-7e84cf8\" data-scroll-on-click=\"no\" data-scroll-speed=\"300\" data-accordion-id=\"7e84cf8\" data-accordion-type=\"accordion\" data-toogle-speed=\"300\">\n            <div class=\"eael-accordion-list\">\n\t\t\t\t\t<div id=\"documentos\" class=\"elementor-tab-title eael-accordion-header active-default\" tabindex=\"0\" data-tab=\"1\" aria-controls=\"elementor-tab-content-1321\"><span class=\"eael-advanced-accordion-icon-closed\"><i aria-hidden=\"true\" class=\"fa-accordion-icon far fa-file-pdf\"><\/i><\/span><span class=\"eael-advanced-accordion-icon-opened\"><i aria-hidden=\"true\" class=\"fa-accordion-icon fas fa-minus\"><\/i><\/span><span class=\"eael-accordion-tab-title\">Documentos<\/span><i aria-hidden=\"true\" class=\"fa-toggle fas fa-angle-right\"><\/i><\/div><div id=\"elementor-tab-content-1321\" class=\"eael-accordion-content clearfix active-default\" data-tab=\"1\" aria-labelledby=\"documentos\"><p><img decoding=\"async\" class=\"wp-image-2526 alignnone\" src=\"https:\/\/biopesaje.com\/wp-content\/uploads\/2022\/02\/391px-PDF_file_icon.svg.png\" alt=\"\" width=\"30\" height=\"37\" srcset=\"https:\/\/biopesaje.com\/wp-content\/uploads\/2022\/02\/391px-PDF_file_icon.svg.png 391w, https:\/\/biopesaje.com\/wp-content\/uploads\/2022\/02\/391px-PDF_file_icon.svg-300x368.png 300w, https:\/\/biopesaje.com\/wp-content\/uploads\/2022\/02\/391px-PDF_file_icon.svg-244x300.png 244w, https:\/\/biopesaje.com\/wp-content\/uploads\/2022\/02\/391px-PDF_file_icon.svg-48x59.png 48w\" sizes=\"(max-width: 30px) 100vw, 30px\" \/> <a href=\"https:\/\/biopesaje.com\/wp-content\/uploads\/2025\/02\/catalogo-selladora-manual.pdf\" target=\"_blank\" rel=\"noopener\">catalogo-selladora-manua<\/a><\/p><\/div>\n\t\t\t\t\t<\/div><\/div>\t\t\t\t<\/div>\n\t\t\t\t<\/div>\n\t\t\t\t\t<\/div>\n\t\t<\/div>\n\t\t\t\t\t<\/div>\n\t\t<\/section>\n\t\t\t\t<\/div>\n\t\t","protected":false},"excerpt":{"rendered":"<p>Selladora manual de bolsas, el sellado por impulso le permite al operador lograr f\u00e1cilmente un sellado confiable, uniforme y de gran calidad, incorpora un sistema de ajuste para distintos espesores de materiales, cuenta con tela de tefl\u00f3n permitiendo que el material no se adhiera al equipo. Fabricada en aluminio. Sellado de 2mm de espesor. Alimentaci\u00f3n monof\u00e1sica de 110VAC.<\/p>\n","protected":false},"featured_media":2430,"template":"","meta":{"_uag_custom_page_level_css":"","_joinchat":[]},"product_brand":[],"product_cat":[90],"product_tag":[],"class_list":{"0":"post-2429","1":"product","2":"type-product","3":"status-publish","4":"has-post-thumbnail","6":"product_cat-selladora","7":"thunk-woo-product-list","8":"opn-qv-enable","9":"top-store-woo-hover-none","10":"top-store-single-product-tab-horizontal","11":"top-store-shadow-","12":"top-store-shadow-hover-","14":"first","15":"instock","16":"taxable","17":"shipping-taxable","18":"product-type-simple"},"yoast_head":"<!-- This site is optimized with the Yoast SEO plugin v27.3 - https:\/\/yoast.com\/product\/yoast-seo-wordpress\/ -->\n<title>Selladoras manuales - BIOPESAJE S.A.S.<\/title>\n<meta name=\"description\" content=\"Biopesaje S.A.S cuenta con la mejor selecci\u00f3n de equipos en categor\u00edas como pesaje, procesamiento y empaque de la industria alimenticia. selladoras manuales\" \/>\n<meta name=\"robots\" content=\"index, follow, max-snippet:-1, max-image-preview:large, max-video-preview:-1\" \/>\n<link rel=\"canonical\" href=\"https:\/\/biopesaje.com\/index.php\/product\/selladoras-manuales\/\" \/>\n<meta property=\"og:locale\" content=\"es_ES\" \/>\n<meta property=\"og:type\" content=\"article\" \/>\n<meta property=\"og:title\" content=\"Selladoras manuales - BIOPESAJE S.A.S.\" \/>\n<meta property=\"og:description\" content=\"Biopesaje S.A.S cuenta con la mejor selecci\u00f3n de equipos en categor\u00edas como pesaje, procesamiento y empaque de la industria alimenticia. selladoras manuales\" \/>\n<meta property=\"og:url\" content=\"https:\/\/biopesaje.com\/index.php\/product\/selladoras-manuales\/\" \/>\n<meta property=\"og:site_name\" content=\"BIOPESAJE S.A.S.\" \/>\n<meta property=\"article:modified_time\" content=\"2025-03-06T21:05:37+00:00\" \/>\n<meta property=\"og:image\" content=\"https:\/\/biopesaje.com\/wp-content\/uploads\/2022\/01\/selladora-de-bolsas-manual-kramer-smb11w.jpg\" \/>\n\t<meta property=\"og:image:width\" content=\"400\" \/>\n\t<meta property=\"og:image:height\" content=\"400\" \/>\n\t<meta property=\"og:image:type\" content=\"image\/jpeg\" \/>\n<meta name=\"twitter:card\" content=\"summary_large_image\" \/>\n<meta name=\"twitter:label1\" content=\"Tiempo de lectura\" \/>\n\t<meta name=\"twitter:data1\" content=\"2 minutos\" \/>\n<script type=\"application\/ld+json\" class=\"yoast-schema-graph\">{\"@context\":\"https:\\\/\\\/schema.org\",\"@graph\":[{\"@type\":\"WebPage\",\"@id\":\"https:\\\/\\\/biopesaje.com\\\/index.php\\\/product\\\/selladoras-manuales\\\/\",\"url\":\"https:\\\/\\\/biopesaje.com\\\/index.php\\\/product\\\/selladoras-manuales\\\/\",\"name\":\"Selladoras manuales - BIOPESAJE S.A.S.\",\"isPartOf\":{\"@id\":\"https:\\\/\\\/biopesaje.com\\\/#website\"},\"primaryImageOfPage\":{\"@id\":\"https:\\\/\\\/biopesaje.com\\\/index.php\\\/product\\\/selladoras-manuales\\\/#primaryimage\"},\"image\":{\"@id\":\"https:\\\/\\\/biopesaje.com\\\/index.php\\\/product\\\/selladoras-manuales\\\/#primaryimage\"},\"thumbnailUrl\":\"https:\\\/\\\/biopesaje.com\\\/wp-content\\\/uploads\\\/2022\\\/01\\\/selladora-de-bolsas-manual-kramer-smb11w.jpg\",\"datePublished\":\"2022-01-27T18:48:28+00:00\",\"dateModified\":\"2025-03-06T21:05:37+00:00\",\"description\":\"Biopesaje S.A.S cuenta con la mejor selecci\u00f3n de equipos en categor\u00edas como pesaje, procesamiento y empaque de la industria alimenticia. selladoras manuales\",\"breadcrumb\":{\"@id\":\"https:\\\/\\\/biopesaje.com\\\/index.php\\\/product\\\/selladoras-manuales\\\/#breadcrumb\"},\"inLanguage\":\"es-CO\",\"potentialAction\":[{\"@type\":\"ReadAction\",\"target\":[\"https:\\\/\\\/biopesaje.com\\\/index.php\\\/product\\\/selladoras-manuales\\\/\"]}]},{\"@type\":\"ImageObject\",\"inLanguage\":\"es-CO\",\"@id\":\"https:\\\/\\\/biopesaje.com\\\/index.php\\\/product\\\/selladoras-manuales\\\/#primaryimage\",\"url\":\"https:\\\/\\\/biopesaje.com\\\/wp-content\\\/uploads\\\/2022\\\/01\\\/selladora-de-bolsas-manual-kramer-smb11w.jpg\",\"contentUrl\":\"https:\\\/\\\/biopesaje.com\\\/wp-content\\\/uploads\\\/2022\\\/01\\\/selladora-de-bolsas-manual-kramer-smb11w.jpg\",\"width\":400,\"height\":400,\"caption\":\"Selladoras\"},{\"@type\":\"BreadcrumbList\",\"@id\":\"https:\\\/\\\/biopesaje.com\\\/index.php\\\/product\\\/selladoras-manuales\\\/#breadcrumb\",\"itemListElement\":[{\"@type\":\"ListItem\",\"position\":1,\"name\":\"Home\",\"item\":\"https:\\\/\\\/biopesaje.com\\\/\"},{\"@type\":\"ListItem\",\"position\":2,\"name\":\"Productos\",\"item\":\"https:\\\/\\\/biopesaje.com\\\/index.php\\\/tienda\\\/\"},{\"@type\":\"ListItem\",\"position\":3,\"name\":\"Selladora Manual\"}]},{\"@type\":\"WebSite\",\"@id\":\"https:\\\/\\\/biopesaje.com\\\/#website\",\"url\":\"https:\\\/\\\/biopesaje.com\\\/\",\"name\":\"BIOPESAJE S.A.S.\",\"description\":\"Ingenier\u00eda de pesaje, metrolog\u00eda y laboratorio.\",\"publisher\":{\"@id\":\"https:\\\/\\\/biopesaje.com\\\/#organization\"},\"potentialAction\":[{\"@type\":\"SearchAction\",\"target\":{\"@type\":\"EntryPoint\",\"urlTemplate\":\"https:\\\/\\\/biopesaje.com\\\/?s={search_term_string}\"},\"query-input\":{\"@type\":\"PropertyValueSpecification\",\"valueRequired\":true,\"valueName\":\"search_term_string\"}}],\"inLanguage\":\"es-CO\"},{\"@type\":\"Organization\",\"@id\":\"https:\\\/\\\/biopesaje.com\\\/#organization\",\"name\":\"BIOPESAJE S.A.S.\",\"url\":\"https:\\\/\\\/biopesaje.com\\\/\",\"logo\":{\"@type\":\"ImageObject\",\"inLanguage\":\"es-CO\",\"@id\":\"https:\\\/\\\/biopesaje.com\\\/#\\\/schema\\\/logo\\\/image\\\/\",\"url\":\"\",\"contentUrl\":\"\",\"caption\":\"BIOPESAJE S.A.S.\"},\"image\":{\"@id\":\"https:\\\/\\\/biopesaje.com\\\/#\\\/schema\\\/logo\\\/image\\\/\"}}]}<\/script>\n<!-- \/ Yoast SEO plugin. -->","yoast_head_json":{"title":"Selladoras manuales - BIOPESAJE S.A.S.","description":"Biopesaje S.A.S cuenta con la mejor selecci\u00f3n de equipos en categor\u00edas como pesaje, procesamiento y empaque de la industria alimenticia. selladoras manuales","robots":{"index":"index","follow":"follow","max-snippet":"max-snippet:-1","max-image-preview":"max-image-preview:large","max-video-preview":"max-video-preview:-1"},"canonical":"https:\/\/biopesaje.com\/index.php\/product\/selladoras-manuales\/","og_locale":"es_ES","og_type":"article","og_title":"Selladoras manuales - BIOPESAJE S.A.S.","og_description":"Biopesaje S.A.S cuenta con la mejor selecci\u00f3n de equipos en categor\u00edas como pesaje, procesamiento y empaque de la industria alimenticia. selladoras manuales","og_url":"https:\/\/biopesaje.com\/index.php\/product\/selladoras-manuales\/","og_site_name":"BIOPESAJE S.A.S.","article_modified_time":"2025-03-06T21:05:37+00:00","og_image":[{"width":400,"height":400,"url":"https:\/\/biopesaje.com\/wp-content\/uploads\/2022\/01\/selladora-de-bolsas-manual-kramer-smb11w.jpg","type":"image\/jpeg"}],"twitter_card":"summary_large_image","twitter_misc":{"Tiempo de lectura":"2 minutos"},"schema":{"@context":"https:\/\/schema.org","@graph":[{"@type":"WebPage","@id":"https:\/\/biopesaje.com\/index.php\/product\/selladoras-manuales\/","url":"https:\/\/biopesaje.com\/index.php\/product\/selladoras-manuales\/","name":"Selladoras manuales - BIOPESAJE S.A.S.","isPartOf":{"@id":"https:\/\/biopesaje.com\/#website"},"primaryImageOfPage":{"@id":"https:\/\/biopesaje.com\/index.php\/product\/selladoras-manuales\/#primaryimage"},"image":{"@id":"https:\/\/biopesaje.com\/index.php\/product\/selladoras-manuales\/#primaryimage"},"thumbnailUrl":"https:\/\/biopesaje.com\/wp-content\/uploads\/2022\/01\/selladora-de-bolsas-manual-kramer-smb11w.jpg","datePublished":"2022-01-27T18:48:28+00:00","dateModified":"2025-03-06T21:05:37+00:00","description":"Biopesaje S.A.S cuenta con la mejor selecci\u00f3n de equipos en categor\u00edas como pesaje, procesamiento y empaque de la industria alimenticia. selladoras manuales","breadcrumb":{"@id":"https:\/\/biopesaje.com\/index.php\/product\/selladoras-manuales\/#breadcrumb"},"inLanguage":"es-CO","potentialAction":[{"@type":"ReadAction","target":["https:\/\/biopesaje.com\/index.php\/product\/selladoras-manuales\/"]}]},{"@type":"ImageObject","inLanguage":"es-CO","@id":"https:\/\/biopesaje.com\/index.php\/product\/selladoras-manuales\/#primaryimage","url":"https:\/\/biopesaje.com\/wp-content\/uploads\/2022\/01\/selladora-de-bolsas-manual-kramer-smb11w.jpg","contentUrl":"https:\/\/biopesaje.com\/wp-content\/uploads\/2022\/01\/selladora-de-bolsas-manual-kramer-smb11w.jpg","width":400,"height":400,"caption":"Selladoras"},{"@type":"BreadcrumbList","@id":"https:\/\/biopesaje.com\/index.php\/product\/selladoras-manuales\/#breadcrumb","itemListElement":[{"@type":"ListItem","position":1,"name":"Home","item":"https:\/\/biopesaje.com\/"},{"@type":"ListItem","position":2,"name":"Productos","item":"https:\/\/biopesaje.com\/index.php\/tienda\/"},{"@type":"ListItem","position":3,"name":"Selladora Manual"}]},{"@type":"WebSite","@id":"https:\/\/biopesaje.com\/#website","url":"https:\/\/biopesaje.com\/","name":"BIOPESAJE S.A.S.","description":"Ingenier\u00eda de pesaje, metrolog\u00eda y laboratorio.","publisher":{"@id":"https:\/\/biopesaje.com\/#organization"},"potentialAction":[{"@type":"SearchAction","target":{"@type":"EntryPoint","urlTemplate":"https:\/\/biopesaje.com\/?s={search_term_string}"},"query-input":{"@type":"PropertyValueSpecification","valueRequired":true,"valueName":"search_term_string"}}],"inLanguage":"es-CO"},{"@type":"Organization","@id":"https:\/\/biopesaje.com\/#organization","name":"BIOPESAJE S.A.S.","url":"https:\/\/biopesaje.com\/","logo":{"@type":"ImageObject","inLanguage":"es-CO","@id":"https:\/\/biopesaje.com\/#\/schema\/logo\/image\/","url":"","contentUrl":"","caption":"BIOPESAJE S.A.S."},"image":{"@id":"https:\/\/biopesaje.com\/#\/schema\/logo\/image\/"}}]}},"uagb_featured_image_src":{"full":["https:\/\/biopesaje.com\/wp-content\/uploads\/2022\/01\/selladora-de-bolsas-manual-kramer-smb11w.jpg",400,400,false],"thumbnail":["https:\/\/biopesaje.com\/wp-content\/uploads\/2022\/01\/selladora-de-bolsas-manual-kramer-smb11w-150x150.jpg",150,150,true],"medium":["https:\/\/biopesaje.com\/wp-content\/uploads\/2022\/01\/selladora-de-bolsas-manual-kramer-smb11w-300x300.jpg",300,300,true],"medium_large":["https:\/\/biopesaje.com\/wp-content\/uploads\/2022\/01\/selladora-de-bolsas-manual-kramer-smb11w.jpg",400,400,false],"large":["https:\/\/biopesaje.com\/wp-content\/uploads\/2022\/01\/selladora-de-bolsas-manual-kramer-smb11w.jpg",400,400,false],"1536x1536":["https:\/\/biopesaje.com\/wp-content\/uploads\/2022\/01\/selladora-de-bolsas-manual-kramer-smb11w.jpg",400,400,false],"2048x2048":["https:\/\/biopesaje.com\/wp-content\/uploads\/2022\/01\/selladora-de-bolsas-manual-kramer-smb11w.jpg",400,400,false],"woocommerce_thumbnail":["https:\/\/biopesaje.com\/wp-content\/uploads\/2022\/01\/selladora-de-bolsas-manual-kramer-smb11w-320x320.jpg",320,320,true],"woocommerce_single":["https:\/\/biopesaje.com\/wp-content\/uploads\/2022\/01\/selladora-de-bolsas-manual-kramer-smb11w.jpg",400,400,false],"woocommerce_gallery_thumbnail":["https:\/\/biopesaje.com\/wp-content\/uploads\/2022\/01\/selladora-de-bolsas-manual-kramer-smb11w-100x100.jpg",100,100,true],"thaps-thumb-img":["https:\/\/biopesaje.com\/wp-content\/uploads\/2022\/01\/selladora-de-bolsas-manual-kramer-smb11w-48x48.jpg",48,48,true],"taiowc-thumb-img":["https:\/\/biopesaje.com\/wp-content\/uploads\/2022\/01\/selladora-de-bolsas-manual-kramer-smb11w-48x48.jpg",48,48,true]},"uagb_author_info":{"display_name":"Diego Martinez","author_link":"https:\/\/biopesaje.com\/index.php\/author\/"},"uagb_comment_info":0,"uagb_excerpt":"Selladora manual de bolsas, el sellado por impulso le permite al operador lograr f\u00e1cilmente un sellado confiable, uniforme y de gran calidad, incorpora un sistema de ajuste para distintos espesores de materiales, cuenta con tela de tefl\u00f3n permitiendo que el material no se adhiera al equipo. Fabricada en aluminio. Sellado de 2mm de espesor. Alimentaci\u00f3n&hellip;","jetpack_sharing_enabled":true,"_links":{"self":[{"href":"https:\/\/biopesaje.com\/index.php\/wp-json\/wp\/v2\/product\/2429","targetHints":{"allow":["GET"]}}],"collection":[{"href":"https:\/\/biopesaje.com\/index.php\/wp-json\/wp\/v2\/product"}],"about":[{"href":"https:\/\/biopesaje.com\/index.php\/wp-json\/wp\/v2\/types\/product"}],"version-history":[{"count":26,"href":"https:\/\/biopesaje.com\/index.php\/wp-json\/wp\/v2\/product\/2429\/revisions"}],"predecessor-version":[{"id":6853,"href":"https:\/\/biopesaje.com\/index.php\/wp-json\/wp\/v2\/product\/2429\/revisions\/6853"}],"wp:featuredmedia":[{"embeddable":true,"href":"https:\/\/biopesaje.com\/index.php\/wp-json\/wp\/v2\/media\/2430"}],"wp:attachment":[{"href":"https:\/\/biopesaje.com\/index.php\/wp-json\/wp\/v2\/media?parent=2429"}],"wp:term":[{"taxonomy":"product_brand","embeddable":true,"href":"https:\/\/biopesaje.com\/index.php\/wp-json\/wp\/v2\/product_brand?post=2429"},{"taxonomy":"product_cat","embeddable":true,"href":"https:\/\/biopesaje.com\/index.php\/wp-json\/wp\/v2\/product_cat?post=2429"},{"taxonomy":"product_tag","embeddable":true,"href":"https:\/\/biopesaje.com\/index.php\/wp-json\/wp\/v2\/product_tag?post=2429"}],"curies":[{"name":"wp","href":"https:\/\/api.w.org\/{rel}","templated":true}]}}