{"id":2468,"date":"2022-01-27T18:57:54","date_gmt":"2022-01-27T18:57:54","guid":{"rendered":"https:\/\/biopesaje.com\/?post_type=product&#038;p=2468"},"modified":"2025-08-28T16:51:52","modified_gmt":"2025-08-28T16:51:52","slug":"espigos-molino-12","status":"publish","type":"product","link":"https:\/\/biopesaje.com\/index.php\/product\/espigos-molino-12\/","title":{"rendered":"Espigos para molino el\u00e9ctrico (#12, #22, #32) full inox 304"},"content":{"rendered":"\t\t<div data-elementor-type=\"wp-post\" data-elementor-id=\"2468\" class=\"elementor elementor-2468\" data-elementor-post-type=\"product\">\n\t\t\t\t\t\t<section class=\"elementor-section elementor-top-section elementor-element elementor-element-a4588db elementor-section-boxed elementor-section-height-default elementor-section-height-default\" data-id=\"a4588db\" data-element_type=\"section\" data-e-type=\"section\">\n\t\t\t\t\t\t<div class=\"elementor-container elementor-column-gap-default\">\n\t\t\t\t\t<div class=\"elementor-column elementor-col-100 elementor-top-column elementor-element elementor-element-03f70da\" data-id=\"03f70da\" data-element_type=\"column\" data-e-type=\"column\">\n\t\t\t<div class=\"elementor-widget-wrap elementor-element-populated\">\n\t\t\t\t\t\t<div class=\"elementor-element elementor-element-11d5485 elementor-widget elementor-widget-heading\" data-id=\"11d5485\" data-element_type=\"widget\" data-e-type=\"widget\" data-widget_type=\"heading.default\">\n\t\t\t\t<div class=\"elementor-widget-container\">\n\t\t\t\t\t<h2 class=\"elementor-heading-title elementor-size-default\">Descripci\u00f3n de los Espigos  - Biopesaje<\/h2>\t\t\t\t<\/div>\n\t\t\t\t<\/div>\n\t\t\t\t\t<\/div>\n\t\t<\/div>\n\t\t\t\t\t<\/div>\n\t\t<\/section>\n\t\t\t\t<section class=\"elementor-section elementor-top-section elementor-element elementor-element-466532f elementor-section-boxed elementor-section-height-default elementor-section-height-default\" data-id=\"466532f\" data-element_type=\"section\" data-e-type=\"section\">\n\t\t\t\t\t\t<div class=\"elementor-container elementor-column-gap-default\">\n\t\t\t\t\t<div class=\"elementor-column elementor-col-100 elementor-top-column elementor-element elementor-element-49353c7\" data-id=\"49353c7\" data-element_type=\"column\" data-e-type=\"column\">\n\t\t\t<div class=\"elementor-widget-wrap elementor-element-populated\">\n\t\t\t\t\t\t<div class=\"elementor-element elementor-element-3ef4fe6 elementor-widget elementor-widget-text-editor\" data-id=\"3ef4fe6\" data-element_type=\"widget\" data-e-type=\"widget\" data-widget_type=\"text-editor.default\">\n\t\t\t\t<div class=\"elementor-widget-container\">\n\t\t\t\t\t\t\t\t\t<h5 style=\"text-align: left;\">Vis\u00edtanos en: Instagram: @biopesaje \/ Facebook: Biopesaje S.A.S<\/h5>\n<p style=\"text-align: left;\">Los espigos para molino #12 son componentes esenciales en la operaci\u00f3n eficiente de molinos de carne. Estos accesorios. Tambi\u00e9n conocidos como embudos o boquillas, facilitan el proceso de embutido. Permitiendo la elaboraci\u00f3n de productos como salchichas, chorizos y otros embutidos caseros. Su dise\u00f1o est\u00e1 pensado. Para adaptarse perfectamente a molinos de tama\u00f1o #12, garantizando un flujo continuo y uniforme de la carne hacia las tripas o envolturas, evitando atascos y mejorando la eficiencia del equipo.<\/p>\n<p>Una caracter\u00edstica destacada de estos espigos es su fabricaci\u00f3n en <strong>acero inoxidable<\/strong><a href=\"https:\/\/biopesaje.com\/index.php\/product\/espigos-molino-12\/\">.<\/a> Este material no solo ofrece una alta resistencia a la corrosi\u00f3n, sino que tambi\u00e9n asegura una superficie higi\u00e9nica y f\u00e1cil de limpiar. La resistencia del acero inoxidable a agentes de limpieza y su durabilidad lo convierten en la elecci\u00f3n ideal para equipos que entran en contacto directo con alimentos y Adem\u00e1s, su robustez. Garantiza una larga vida \u00fatil porque&nbsp; incluso bajo condiciones de uso intensivo, proporcionando una soluci\u00f3n confiable para aplicaciones exigentes.<\/p>\n<p>El conjunto t\u00edpico de espigos para molino #12 incluye tres boquillas de diferentes di\u00e1metros: 1,15 cm, 1,85 cm y 3,12 cm. Esta variedad permite al usuario seleccionar el tama\u00f1o adecuado seg\u00fan el tipo de embutido que desee preparar, ofreciendo versatilidad en la producci\u00f3n de diversos productos c\u00e1rnicos. La base de cada espigo suele tener un di\u00e1metro de 7,5 cm. Asegurando una conexi\u00f3n estable y segura con el molino, evitando fugas o desplazamientos durante el proceso de embutido.<\/p>\n<p>La facilidad de instalaci\u00f3n y desmontaje de estos espigos es otro aspecto a considerar. Su dise\u00f1o permite una limpieza r\u00e1pida y sencilla, lo cual es fundamental para mantener los est\u00e1ndares de higiene. Adem\u00e1s, su compatibilidad con molinos manuales y el\u00e9ctricos de tama\u00f1o #12 los convierte en una opci\u00f3n vers\u00e1til tanto para cocinas dom\u00e9sticas como para establecimientos comerciales, adapt\u00e1ndose a diferentes necesidades de producci\u00f3n.<\/p>\n<h6>Para mayor informaci\u00f3n y consulta de diferentes temas de inter\u00e9s te puedes dirigir a:&nbsp;&nbsp;<a href=\"https:\/\/www.minsalud.gov.co\/sites\/rid\/Lists\/BibliotecaDigital\/RIDE\/DE\/DIJ\/resolucion-4142-de-2012.pdf\" target=\"_blank\" rel=\"noopener\">Resoluci\u00f3n 41 42 de 2012<\/a><\/h6>\t\t\t\t\t\t\t\t<\/div>\n\t\t\t\t<\/div>\n\t\t\t\t\t<\/div>\n\t\t<\/div>\n\t\t\t\t\t<\/div>\n\t\t<\/section>\n\t\t\t\t<\/div>\n\t\t","protected":false},"excerpt":{"rendered":"<p>Espigo de soporte para disco y cuchilla en el sin fin de los molinos el\u00e9ctricos. Fabricado 100% en acero inoxidable con tratamiento t\u00e9rmico para mayor dureza y durabilidad.<\/p>\n","protected":false},"featured_media":2471,"template":"","meta":{"_uag_custom_page_level_css":"","_joinchat":[]},"product_brand":[],"product_cat":[97],"product_tag":[],"class_list":{"0":"post-2468","1":"product","2":"type-product","3":"status-publish","4":"has-post-thumbnail","6":"product_cat-accesorios-linea-carnes","7":"thunk-woo-product-list","8":"opn-qv-enable","9":"top-store-woo-hover-none","10":"top-store-single-product-tab-horizontal","11":"top-store-shadow-","12":"top-store-shadow-hover-","14":"first","15":"instock","16":"taxable","17":"shipping-taxable","18":"product-type-simple"},"yoast_head":"<!-- This site is optimized with the Yoast SEO plugin v27.3 - https:\/\/yoast.com\/product\/yoast-seo-wordpress\/ -->\n<title>Espigos para molino el\u00e9ctrico (#12, #22, #32) full inox 304 - BIOPESAJE S.A.S.<\/title>\n<meta name=\"description\" content=\"Biopesaje S.A.S cuenta con la mejor selecci\u00f3n de equipos en categor\u00edas como pesaje, procesamiento y empaque de la industria alimenticia. Espigos para molino\" \/>\n<meta name=\"robots\" content=\"index, follow, max-snippet:-1, max-image-preview:large, max-video-preview:-1\" \/>\n<link rel=\"canonical\" href=\"https:\/\/biopesaje.com\/index.php\/product\/espigos-molino-12\/\" \/>\n<meta property=\"og:locale\" content=\"es_ES\" \/>\n<meta property=\"og:type\" content=\"article\" \/>\n<meta property=\"og:title\" content=\"Espigos para molino el\u00e9ctrico (#12, #22, #32) full inox 304 - BIOPESAJE S.A.S.\" \/>\n<meta property=\"og:description\" content=\"Biopesaje S.A.S cuenta con la mejor selecci\u00f3n de equipos en categor\u00edas como pesaje, procesamiento y empaque de la industria alimenticia. Espigos para molino\" \/>\n<meta property=\"og:url\" content=\"https:\/\/biopesaje.com\/index.php\/product\/espigos-molino-12\/\" \/>\n<meta property=\"og:site_name\" content=\"BIOPESAJE S.A.S.\" \/>\n<meta property=\"article:modified_time\" content=\"2025-08-28T16:51:52+00:00\" \/>\n<meta property=\"og:image\" content=\"https:\/\/biopesaje.com\/wp-content\/uploads\/2022\/01\/12.png\" \/>\n\t<meta property=\"og:image:width\" content=\"1844\" \/>\n\t<meta property=\"og:image:height\" content=\"4000\" \/>\n\t<meta property=\"og:image:type\" content=\"image\/png\" \/>\n<meta name=\"twitter:card\" content=\"summary_large_image\" \/>\n<meta name=\"twitter:label1\" content=\"Tiempo de lectura\" \/>\n\t<meta name=\"twitter:data1\" content=\"2 minutos\" \/>\n<script type=\"application\/ld+json\" class=\"yoast-schema-graph\">{\"@context\":\"https:\\\/\\\/schema.org\",\"@graph\":[{\"@type\":\"WebPage\",\"@id\":\"https:\\\/\\\/biopesaje.com\\\/index.php\\\/product\\\/espigos-molino-12\\\/\",\"url\":\"https:\\\/\\\/biopesaje.com\\\/index.php\\\/product\\\/espigos-molino-12\\\/\",\"name\":\"Espigos para molino el\u00e9ctrico (#12, #22, #32) full inox 304 - BIOPESAJE S.A.S.\",\"isPartOf\":{\"@id\":\"https:\\\/\\\/biopesaje.com\\\/#website\"},\"primaryImageOfPage\":{\"@id\":\"https:\\\/\\\/biopesaje.com\\\/index.php\\\/product\\\/espigos-molino-12\\\/#primaryimage\"},\"image\":{\"@id\":\"https:\\\/\\\/biopesaje.com\\\/index.php\\\/product\\\/espigos-molino-12\\\/#primaryimage\"},\"thumbnailUrl\":\"https:\\\/\\\/biopesaje.com\\\/wp-content\\\/uploads\\\/2022\\\/01\\\/12.png\",\"datePublished\":\"2022-01-27T18:57:54+00:00\",\"dateModified\":\"2025-08-28T16:51:52+00:00\",\"description\":\"Biopesaje S.A.S cuenta con la mejor selecci\u00f3n de equipos en categor\u00edas como pesaje, procesamiento y empaque de la industria alimenticia. Espigos para molino\",\"breadcrumb\":{\"@id\":\"https:\\\/\\\/biopesaje.com\\\/index.php\\\/product\\\/espigos-molino-12\\\/#breadcrumb\"},\"inLanguage\":\"es-CO\",\"potentialAction\":[{\"@type\":\"ReadAction\",\"target\":[\"https:\\\/\\\/biopesaje.com\\\/index.php\\\/product\\\/espigos-molino-12\\\/\"]}]},{\"@type\":\"ImageObject\",\"inLanguage\":\"es-CO\",\"@id\":\"https:\\\/\\\/biopesaje.com\\\/index.php\\\/product\\\/espigos-molino-12\\\/#primaryimage\",\"url\":\"https:\\\/\\\/biopesaje.com\\\/wp-content\\\/uploads\\\/2022\\\/01\\\/12.png\",\"contentUrl\":\"https:\\\/\\\/biopesaje.com\\\/wp-content\\\/uploads\\\/2022\\\/01\\\/12.png\",\"width\":1844,\"height\":4000,\"caption\":\"Espigos\"},{\"@type\":\"BreadcrumbList\",\"@id\":\"https:\\\/\\\/biopesaje.com\\\/index.php\\\/product\\\/espigos-molino-12\\\/#breadcrumb\",\"itemListElement\":[{\"@type\":\"ListItem\",\"position\":1,\"name\":\"Home\",\"item\":\"https:\\\/\\\/biopesaje.com\\\/\"},{\"@type\":\"ListItem\",\"position\":2,\"name\":\"Productos\",\"item\":\"https:\\\/\\\/biopesaje.com\\\/index.php\\\/tienda\\\/\"},{\"@type\":\"ListItem\",\"position\":3,\"name\":\"Espigos para molino el\u00e9ctrico (#12, #22, #32) full inox 304\"}]},{\"@type\":\"WebSite\",\"@id\":\"https:\\\/\\\/biopesaje.com\\\/#website\",\"url\":\"https:\\\/\\\/biopesaje.com\\\/\",\"name\":\"BIOPESAJE S.A.S.\",\"description\":\"Ingenier\u00eda de pesaje, metrolog\u00eda y laboratorio.\",\"publisher\":{\"@id\":\"https:\\\/\\\/biopesaje.com\\\/#organization\"},\"potentialAction\":[{\"@type\":\"SearchAction\",\"target\":{\"@type\":\"EntryPoint\",\"urlTemplate\":\"https:\\\/\\\/biopesaje.com\\\/?s={search_term_string}\"},\"query-input\":{\"@type\":\"PropertyValueSpecification\",\"valueRequired\":true,\"valueName\":\"search_term_string\"}}],\"inLanguage\":\"es-CO\"},{\"@type\":\"Organization\",\"@id\":\"https:\\\/\\\/biopesaje.com\\\/#organization\",\"name\":\"BIOPESAJE S.A.S.\",\"url\":\"https:\\\/\\\/biopesaje.com\\\/\",\"logo\":{\"@type\":\"ImageObject\",\"inLanguage\":\"es-CO\",\"@id\":\"https:\\\/\\\/biopesaje.com\\\/#\\\/schema\\\/logo\\\/image\\\/\",\"url\":\"\",\"contentUrl\":\"\",\"caption\":\"BIOPESAJE S.A.S.\"},\"image\":{\"@id\":\"https:\\\/\\\/biopesaje.com\\\/#\\\/schema\\\/logo\\\/image\\\/\"}}]}<\/script>\n<!-- \/ Yoast SEO plugin. -->","yoast_head_json":{"title":"Espigos para molino el\u00e9ctrico (#12, #22, #32) full inox 304 - BIOPESAJE S.A.S.","description":"Biopesaje S.A.S cuenta con la mejor selecci\u00f3n de equipos en categor\u00edas como pesaje, procesamiento y empaque de la industria alimenticia. Espigos para molino","robots":{"index":"index","follow":"follow","max-snippet":"max-snippet:-1","max-image-preview":"max-image-preview:large","max-video-preview":"max-video-preview:-1"},"canonical":"https:\/\/biopesaje.com\/index.php\/product\/espigos-molino-12\/","og_locale":"es_ES","og_type":"article","og_title":"Espigos para molino el\u00e9ctrico (#12, #22, #32) full inox 304 - BIOPESAJE S.A.S.","og_description":"Biopesaje S.A.S cuenta con la mejor selecci\u00f3n de equipos en categor\u00edas como pesaje, procesamiento y empaque de la industria alimenticia. Espigos para molino","og_url":"https:\/\/biopesaje.com\/index.php\/product\/espigos-molino-12\/","og_site_name":"BIOPESAJE S.A.S.","article_modified_time":"2025-08-28T16:51:52+00:00","og_image":[{"width":1844,"height":4000,"url":"https:\/\/biopesaje.com\/wp-content\/uploads\/2022\/01\/12.png","type":"image\/png"}],"twitter_card":"summary_large_image","twitter_misc":{"Tiempo de lectura":"2 minutos"},"schema":{"@context":"https:\/\/schema.org","@graph":[{"@type":"WebPage","@id":"https:\/\/biopesaje.com\/index.php\/product\/espigos-molino-12\/","url":"https:\/\/biopesaje.com\/index.php\/product\/espigos-molino-12\/","name":"Espigos para molino el\u00e9ctrico (#12, #22, #32) full inox 304 - BIOPESAJE S.A.S.","isPartOf":{"@id":"https:\/\/biopesaje.com\/#website"},"primaryImageOfPage":{"@id":"https:\/\/biopesaje.com\/index.php\/product\/espigos-molino-12\/#primaryimage"},"image":{"@id":"https:\/\/biopesaje.com\/index.php\/product\/espigos-molino-12\/#primaryimage"},"thumbnailUrl":"https:\/\/biopesaje.com\/wp-content\/uploads\/2022\/01\/12.png","datePublished":"2022-01-27T18:57:54+00:00","dateModified":"2025-08-28T16:51:52+00:00","description":"Biopesaje S.A.S cuenta con la mejor selecci\u00f3n de equipos en categor\u00edas como pesaje, procesamiento y empaque de la industria alimenticia. Espigos para molino","breadcrumb":{"@id":"https:\/\/biopesaje.com\/index.php\/product\/espigos-molino-12\/#breadcrumb"},"inLanguage":"es-CO","potentialAction":[{"@type":"ReadAction","target":["https:\/\/biopesaje.com\/index.php\/product\/espigos-molino-12\/"]}]},{"@type":"ImageObject","inLanguage":"es-CO","@id":"https:\/\/biopesaje.com\/index.php\/product\/espigos-molino-12\/#primaryimage","url":"https:\/\/biopesaje.com\/wp-content\/uploads\/2022\/01\/12.png","contentUrl":"https:\/\/biopesaje.com\/wp-content\/uploads\/2022\/01\/12.png","width":1844,"height":4000,"caption":"Espigos"},{"@type":"BreadcrumbList","@id":"https:\/\/biopesaje.com\/index.php\/product\/espigos-molino-12\/#breadcrumb","itemListElement":[{"@type":"ListItem","position":1,"name":"Home","item":"https:\/\/biopesaje.com\/"},{"@type":"ListItem","position":2,"name":"Productos","item":"https:\/\/biopesaje.com\/index.php\/tienda\/"},{"@type":"ListItem","position":3,"name":"Espigos para molino el\u00e9ctrico (#12, #22, #32) full inox 304"}]},{"@type":"WebSite","@id":"https:\/\/biopesaje.com\/#website","url":"https:\/\/biopesaje.com\/","name":"BIOPESAJE S.A.S.","description":"Ingenier\u00eda de pesaje, metrolog\u00eda y laboratorio.","publisher":{"@id":"https:\/\/biopesaje.com\/#organization"},"potentialAction":[{"@type":"SearchAction","target":{"@type":"EntryPoint","urlTemplate":"https:\/\/biopesaje.com\/?s={search_term_string}"},"query-input":{"@type":"PropertyValueSpecification","valueRequired":true,"valueName":"search_term_string"}}],"inLanguage":"es-CO"},{"@type":"Organization","@id":"https:\/\/biopesaje.com\/#organization","name":"BIOPESAJE S.A.S.","url":"https:\/\/biopesaje.com\/","logo":{"@type":"ImageObject","inLanguage":"es-CO","@id":"https:\/\/biopesaje.com\/#\/schema\/logo\/image\/","url":"","contentUrl":"","caption":"BIOPESAJE S.A.S."},"image":{"@id":"https:\/\/biopesaje.com\/#\/schema\/logo\/image\/"}}]}},"uagb_featured_image_src":{"full":["https:\/\/biopesaje.com\/wp-content\/uploads\/2022\/01\/12.png",1844,4000,false],"thumbnail":["https:\/\/biopesaje.com\/wp-content\/uploads\/2022\/01\/12-150x150.png",150,150,true],"medium":["https:\/\/biopesaje.com\/wp-content\/uploads\/2022\/01\/12-138x300.png",138,300,true],"medium_large":["https:\/\/biopesaje.com\/wp-content\/uploads\/2022\/01\/12-768x1666.png",640,1388,true],"large":["https:\/\/biopesaje.com\/wp-content\/uploads\/2022\/01\/12-472x1024.png",472,1024,true],"1536x1536":["https:\/\/biopesaje.com\/wp-content\/uploads\/2022\/01\/12-708x1536.png",708,1536,true],"2048x2048":["https:\/\/biopesaje.com\/wp-content\/uploads\/2022\/01\/12-944x2048.png",944,2048,true],"woocommerce_thumbnail":["https:\/\/biopesaje.com\/wp-content\/uploads\/2022\/01\/12-320x320.png",320,320,true],"woocommerce_single":["https:\/\/biopesaje.com\/wp-content\/uploads\/2022\/01\/12.png",1844,4000,false],"woocommerce_gallery_thumbnail":["https:\/\/biopesaje.com\/wp-content\/uploads\/2022\/01\/12-100x100.png",100,100,true],"thaps-thumb-img":["https:\/\/biopesaje.com\/wp-content\/uploads\/2022\/01\/12-48x104.png",48,104,true],"taiowc-thumb-img":["https:\/\/biopesaje.com\/wp-content\/uploads\/2022\/01\/12-48x104.png",48,104,true]},"uagb_author_info":{"display_name":"Diego Martinez","author_link":"https:\/\/biopesaje.com\/index.php\/author\/"},"uagb_comment_info":0,"uagb_excerpt":"Espigo de soporte para disco y cuchilla en el sin fin de los molinos el\u00e9ctricos. Fabricado 100% en acero inoxidable con tratamiento t\u00e9rmico para mayor dureza y durabilidad.","jetpack_sharing_enabled":true,"_links":{"self":[{"href":"https:\/\/biopesaje.com\/index.php\/wp-json\/wp\/v2\/product\/2468","targetHints":{"allow":["GET"]}}],"collection":[{"href":"https:\/\/biopesaje.com\/index.php\/wp-json\/wp\/v2\/product"}],"about":[{"href":"https:\/\/biopesaje.com\/index.php\/wp-json\/wp\/v2\/types\/product"}],"version-history":[{"count":62,"href":"https:\/\/biopesaje.com\/index.php\/wp-json\/wp\/v2\/product\/2468\/revisions"}],"predecessor-version":[{"id":9678,"href":"https:\/\/biopesaje.com\/index.php\/wp-json\/wp\/v2\/product\/2468\/revisions\/9678"}],"wp:featuredmedia":[{"embeddable":true,"href":"https:\/\/biopesaje.com\/index.php\/wp-json\/wp\/v2\/media\/2471"}],"wp:attachment":[{"href":"https:\/\/biopesaje.com\/index.php\/wp-json\/wp\/v2\/media?parent=2468"}],"wp:term":[{"taxonomy":"product_brand","embeddable":true,"href":"https:\/\/biopesaje.com\/index.php\/wp-json\/wp\/v2\/product_brand?post=2468"},{"taxonomy":"product_cat","embeddable":true,"href":"https:\/\/biopesaje.com\/index.php\/wp-json\/wp\/v2\/product_cat?post=2468"},{"taxonomy":"product_tag","embeddable":true,"href":"https:\/\/biopesaje.com\/index.php\/wp-json\/wp\/v2\/product_tag?post=2468"}],"curies":[{"name":"wp","href":"https:\/\/api.w.org\/{rel}","templated":true}]}}