{"id":3412,"date":"2022-03-11T00:17:28","date_gmt":"2022-03-11T00:17:28","guid":{"rendered":"https:\/\/biopesaje.com\/?post_type=product&#038;p=3412"},"modified":"2025-02-18T16:23:47","modified_gmt":"2025-02-18T16:23:47","slug":"leak-tester-ad-1690","status":"publish","type":"product","link":"https:\/\/biopesaje.com\/index.php\/product\/leak-tester-ad-1690\/","title":{"rendered":"Leak Tester AD-1690"},"content":{"rendered":"\t\t<div data-elementor-type=\"wp-post\" data-elementor-id=\"3412\" class=\"elementor elementor-3412\" data-elementor-post-type=\"product\">\n\t\t\t\t\t\t<section class=\"elementor-section elementor-top-section elementor-element elementor-element-3c887094 elementor-section-boxed elementor-section-height-default elementor-section-height-default\" data-id=\"3c887094\" data-element_type=\"section\" data-e-type=\"section\">\n\t\t\t\t\t\t<div class=\"elementor-container elementor-column-gap-default\">\n\t\t\t\t\t<div class=\"elementor-column elementor-col-100 elementor-top-column elementor-element elementor-element-3144213e\" data-id=\"3144213e\" data-element_type=\"column\" data-e-type=\"column\">\n\t\t\t<div class=\"elementor-widget-wrap elementor-element-populated\">\n\t\t\t\t\t\t<div class=\"elementor-element elementor-element-dd30494 elementor-widget elementor-widget-text-editor\" data-id=\"dd30494\" data-element_type=\"widget\" data-e-type=\"widget\" data-widget_type=\"text-editor.default\">\n\t\t\t\t<div class=\"elementor-widget-container\">\n\t\t\t\t\t\t\t\t\t<p>El AD-1690 ofrece las cinco caracter\u00edsticas siguientes:<\/p><p>En primer lugar, termina el escape que prueba en solamente algunos segundos (la hora de supervisi\u00f3n se puede fijar libremente a partir de 1 segundo). Esto es particularmente beneficioso cuando usted tiene una gran cantidad de pipetas a probar.<\/p><p>En segundo lugar, el AD-1690 detecta fuga de aire por la descompresi\u00f3n. Es decir, cambia la presi\u00f3n dentro de la pipeta evacuando el aire (hasta el kPa 20) en vez de inyectarlo. Esto se asegura de que ning\u00fan polvo entre en la pipeta que es medida.<\/p><p>En tercer lugar, el AD-1690 por s\u00ed mismo esta protegido contra el polvo por una unidad del filtro de aire cuando toma aire. Usted puede substituir y realizar mantenimiento f\u00e1cilmente a la unidad del filtro de aire.<\/p><p>En cuarto lugar, el AD-1690 se equipa de un interfaz de RS-232C. Es por lo tanto posible hacer salir los resultados a una PC o a un dispositivo perif\u00e9rico de A&amp;D tal como la impresora de AD-8121B o el maderero de datos AD-1688. Finalmente, el AD-1690 incluye tres tipos de los accesorios, cada uno con un diverso tama\u00f1o para permitir una amplia gama de las capacidades de la pipeta (2\u03bcL a 10.000 \u03bcL).La punta del accesorio se puede reemplazar con una punta adecuada si su pipeta no coincide con ninguno de los accesorios proporcionados.<\/p><p>Junto con nuestra serie de probadores de precisi\u00f3n de pipetas (\u00fatiles para una verificaci\u00f3n m\u00e1s precisa de la precisi\u00f3n y repetibilidad de las pipetas que se venden por separado), el AD-1690 es una soluci\u00f3n simple y rentable para la gesti\u00f3n de la precisi\u00f3n de sus pipetas.<\/p>\t\t\t\t\t\t\t\t<\/div>\n\t\t\t\t<\/div>\n\t\t\t\t\t<\/div>\n\t\t<\/div>\n\t\t\t\t\t<\/div>\n\t\t<\/section>\n\t\t\t\t<section class=\"elementor-section elementor-top-section elementor-element elementor-element-5293f57 elementor-section-boxed elementor-section-height-default elementor-section-height-default\" data-id=\"5293f57\" data-element_type=\"section\" data-e-type=\"section\">\n\t\t\t\t\t\t<div class=\"elementor-container elementor-column-gap-default\">\n\t\t\t\t\t<div class=\"elementor-column elementor-col-100 elementor-top-column elementor-element elementor-element-ca0d5df\" data-id=\"ca0d5df\" data-element_type=\"column\" data-e-type=\"column\">\n\t\t\t<div class=\"elementor-widget-wrap elementor-element-populated\">\n\t\t\t\t\t\t<div class=\"elementor-element elementor-element-94b20e1 elementor-widget elementor-widget-heading\" data-id=\"94b20e1\" data-element_type=\"widget\" data-e-type=\"widget\" data-widget_type=\"heading.default\">\n\t\t\t\t<div class=\"elementor-widget-container\">\n\t\t\t\t\t<h3 class=\"elementor-heading-title elementor-size-default\">Documentaci\u00f3n<\/h3>\t\t\t\t<\/div>\n\t\t\t\t<\/div>\n\t\t\t\t<div class=\"elementor-element elementor-element-bd3e03c elementor-widget elementor-widget-eael-adv-accordion\" data-id=\"bd3e03c\" data-element_type=\"widget\" data-e-type=\"widget\" data-widget_type=\"eael-adv-accordion.default\">\n\t\t\t\t<div class=\"elementor-widget-container\">\n\t\t\t\t\t            <div class=\"eael-adv-accordion\" id=\"eael-adv-accordion-bd3e03c\" data-scroll-on-click=\"no\" data-scroll-speed=\"300\" data-accordion-id=\"bd3e03c\" data-accordion-type=\"accordion\" data-toogle-speed=\"300\">\n            <div class=\"eael-accordion-list\">\n\t\t\t\t\t<div id=\"documentos\" class=\"elementor-tab-title eael-accordion-header active-default\" tabindex=\"0\" data-tab=\"1\" aria-controls=\"elementor-tab-content-1981\"><span class=\"eael-advanced-accordion-icon-closed\"><i aria-hidden=\"true\" class=\"fa-accordion-icon far fa-file-pdf\"><\/i><\/span><span class=\"eael-advanced-accordion-icon-opened\"><i aria-hidden=\"true\" class=\"fa-accordion-icon fas fa-minus\"><\/i><\/span><span class=\"eael-accordion-tab-title\">Documentos<\/span><i aria-hidden=\"true\" class=\"fa-toggle fas fa-angle-right\"><\/i><\/div><div id=\"elementor-tab-content-1981\" class=\"eael-accordion-content clearfix active-default\" data-tab=\"1\" aria-labelledby=\"documentos\"><p><img decoding=\"async\" class=\"wp-image-2526 alignnone\" src=\"https:\/\/biopesaje.com\/wp-content\/uploads\/2022\/02\/391px-PDF_file_icon.svg.png\" alt=\"\" width=\"30\" height=\"37\" srcset=\"https:\/\/biopesaje.com\/wp-content\/uploads\/2022\/02\/391px-PDF_file_icon.svg.png 391w, https:\/\/biopesaje.com\/wp-content\/uploads\/2022\/02\/391px-PDF_file_icon.svg-300x368.png 300w, https:\/\/biopesaje.com\/wp-content\/uploads\/2022\/02\/391px-PDF_file_icon.svg-244x300.png 244w, https:\/\/biopesaje.com\/wp-content\/uploads\/2022\/02\/391px-PDF_file_icon.svg-48x59.png 48w\" sizes=\"(max-width: 30px) 100vw, 30px\" \/><a href=\"https:\/\/biopesaje.com\/wp-content\/uploads\/2022\/03\/AD-1690_Manual-Leak-Tester-detector-de-fugas-micro-pipetas.pdf\" target=\"_blank\" rel=\"noopener\">Manual Leak Tester AD-1690<\/a><\/p><p><img decoding=\"async\" class=\"wp-image-2526 alignnone\" src=\"https:\/\/biopesaje.com\/wp-content\/uploads\/2022\/02\/391px-PDF_file_icon.svg.png\" alt=\"\" width=\"30\" height=\"37\" srcset=\"https:\/\/biopesaje.com\/wp-content\/uploads\/2022\/02\/391px-PDF_file_icon.svg.png 391w, https:\/\/biopesaje.com\/wp-content\/uploads\/2022\/02\/391px-PDF_file_icon.svg-300x368.png 300w, https:\/\/biopesaje.com\/wp-content\/uploads\/2022\/02\/391px-PDF_file_icon.svg-244x300.png 244w, https:\/\/biopesaje.com\/wp-content\/uploads\/2022\/02\/391px-PDF_file_icon.svg-48x59.png 48w\" sizes=\"(max-width: 30px) 100vw, 30px\" \/><a href=\"https:\/\/biopesaje.com\/wp-content\/uploads\/2022\/03\/AD-1690_Brochure-Leak-Tester-detector-de-fugas-micro-pipetas.pdf\" target=\"_blank\" rel=\"noopener\">Catalogo Leak Tester AD-1960<\/a><\/p><\/div>\n\t\t\t\t\t<\/div><\/div>\t\t\t\t<\/div>\n\t\t\t\t<\/div>\n\t\t\t\t\t<\/div>\n\t\t<\/div>\n\t\t\t\t\t<\/div>\n\t\t<\/section>\n\t\t\t\t<section class=\"elementor-section elementor-top-section elementor-element elementor-element-3361643 elementor-section-boxed elementor-section-height-default elementor-section-height-default\" data-id=\"3361643\" data-element_type=\"section\" data-e-type=\"section\">\n\t\t\t\t\t\t<div class=\"elementor-container elementor-column-gap-default\">\n\t\t\t\t\t<div class=\"elementor-column elementor-col-100 elementor-top-column elementor-element elementor-element-be94983\" data-id=\"be94983\" data-element_type=\"column\" data-e-type=\"column\">\n\t\t\t<div class=\"elementor-widget-wrap elementor-element-populated\">\n\t\t\t\t\t\t<div class=\"elementor-element elementor-element-5f95c1a elementor-widget elementor-widget-video\" data-id=\"5f95c1a\" data-element_type=\"widget\" data-e-type=\"widget\" data-settings=\"{&quot;youtube_url&quot;:&quot;https:\\\/\\\/www.youtube.com\\\/watch?v=_uuzWmbevLY&quot;,&quot;video_type&quot;:&quot;youtube&quot;,&quot;controls&quot;:&quot;yes&quot;}\" data-widget_type=\"video.default\">\n\t\t\t\t<div class=\"elementor-widget-container\">\n\t\t\t\t\t\t\t<div class=\"elementor-wrapper elementor-open-inline\">\n\t\t\t<div class=\"elementor-video\"><\/div>\t\t<\/div>\n\t\t\t\t\t\t<\/div>\n\t\t\t\t<\/div>\n\t\t\t\t\t<\/div>\n\t\t<\/div>\n\t\t\t\t\t<\/div>\n\t\t<\/section>\n\t\t\t\t<\/div>\n\t\t","protected":false},"excerpt":{"rendered":"<p>A&amp;D propone medios r\u00e1pidos para averiguar si sus pipetas necesitan reparaci\u00f3n o no.<\/p>\n<p>La mayor\u00eda de las fallas de las pipetas ocurren debido a sellos, juntas t\u00f3ricas, pistones o porta puntas da\u00f1ados que comprometen la hermeticidad de las pipetas. Al investigar la hermeticidad, el AD-1690 puede descartar instant\u00e1neamente las pipetas da\u00f1adas y que necesitan reparaci\u00f3n.<\/p>\n","protected":false},"featured_media":3413,"template":"","meta":{"_uag_custom_page_level_css":"","_joinchat":[]},"product_brand":[],"product_cat":[109],"product_tag":[],"class_list":{"0":"post-3412","1":"product","2":"type-product","3":"status-publish","4":"has-post-thumbnail","6":"product_cat-accesorios-volumen","7":"thunk-woo-product-list","8":"opn-qv-enable","9":"top-store-woo-hover-none","10":"top-store-single-product-tab-horizontal","11":"top-store-shadow-","12":"top-store-shadow-hover-","14":"first","15":"instock","16":"featured","17":"taxable","18":"shipping-taxable","19":"product-type-simple"},"yoast_head":"<!-- This site is optimized with the Yoast SEO plugin v27.5 - https:\/\/yoast.com\/product\/yoast-seo-wordpress\/ -->\n<title>Leak Tester AD-1690 - BIOPESAJE S.A.S.<\/title>\n<meta name=\"description\" content=\"Biopesaje S.A.S cuenta con la mejor selecci\u00f3n de equipos en categor\u00edas como pesaje, procesamiento y empaque de la industria alimenticia.\" \/>\n<meta name=\"robots\" content=\"index, follow, max-snippet:-1, max-image-preview:large, max-video-preview:-1\" \/>\n<link rel=\"canonical\" href=\"https:\/\/biopesaje.com\/index.php\/product\/leak-tester-ad-1690\/\" \/>\n<meta property=\"og:locale\" content=\"es_ES\" \/>\n<meta property=\"og:type\" content=\"article\" \/>\n<meta property=\"og:title\" content=\"Leak Tester AD-1690 - BIOPESAJE S.A.S.\" \/>\n<meta property=\"og:description\" content=\"Biopesaje S.A.S cuenta con la mejor selecci\u00f3n de equipos en categor\u00edas como pesaje, procesamiento y empaque de la industria alimenticia.\" \/>\n<meta property=\"og:url\" content=\"https:\/\/biopesaje.com\/index.php\/product\/leak-tester-ad-1690\/\" \/>\n<meta property=\"og:site_name\" content=\"BIOPESAJE S.A.S.\" \/>\n<meta property=\"article:modified_time\" content=\"2025-02-18T16:23:47+00:00\" \/>\n<meta property=\"og:image\" content=\"https:\/\/biopesaje.com\/wp-content\/uploads\/2022\/03\/KIT5-scaled.jpg\" \/>\n\t<meta property=\"og:image:width\" content=\"2560\" \/>\n\t<meta property=\"og:image:height\" content=\"1271\" \/>\n\t<meta property=\"og:image:type\" content=\"image\/jpeg\" \/>\n<meta name=\"twitter:card\" content=\"summary_large_image\" \/>\n<meta name=\"twitter:label1\" content=\"Tiempo de lectura\" \/>\n\t<meta name=\"twitter:data1\" content=\"2 minutos\" \/>\n<script type=\"application\/ld+json\" class=\"yoast-schema-graph\">{\"@context\":\"https:\\\/\\\/schema.org\",\"@graph\":[{\"@type\":\"WebPage\",\"@id\":\"https:\\\/\\\/biopesaje.com\\\/index.php\\\/product\\\/leak-tester-ad-1690\\\/\",\"url\":\"https:\\\/\\\/biopesaje.com\\\/index.php\\\/product\\\/leak-tester-ad-1690\\\/\",\"name\":\"Leak Tester AD-1690 - BIOPESAJE S.A.S.\",\"isPartOf\":{\"@id\":\"https:\\\/\\\/biopesaje.com\\\/#website\"},\"primaryImageOfPage\":{\"@id\":\"https:\\\/\\\/biopesaje.com\\\/index.php\\\/product\\\/leak-tester-ad-1690\\\/#primaryimage\"},\"image\":{\"@id\":\"https:\\\/\\\/biopesaje.com\\\/index.php\\\/product\\\/leak-tester-ad-1690\\\/#primaryimage\"},\"thumbnailUrl\":\"https:\\\/\\\/biopesaje.com\\\/wp-content\\\/uploads\\\/2022\\\/03\\\/KIT5-scaled.jpg\",\"datePublished\":\"2022-03-11T00:17:28+00:00\",\"dateModified\":\"2025-02-18T16:23:47+00:00\",\"description\":\"Biopesaje S.A.S cuenta con la mejor selecci\u00f3n de equipos en categor\u00edas como pesaje, procesamiento y empaque de la industria alimenticia.\",\"breadcrumb\":{\"@id\":\"https:\\\/\\\/biopesaje.com\\\/index.php\\\/product\\\/leak-tester-ad-1690\\\/#breadcrumb\"},\"inLanguage\":\"es-CO\",\"potentialAction\":[{\"@type\":\"ReadAction\",\"target\":[\"https:\\\/\\\/biopesaje.com\\\/index.php\\\/product\\\/leak-tester-ad-1690\\\/\"]}]},{\"@type\":\"ImageObject\",\"inLanguage\":\"es-CO\",\"@id\":\"https:\\\/\\\/biopesaje.com\\\/index.php\\\/product\\\/leak-tester-ad-1690\\\/#primaryimage\",\"url\":\"https:\\\/\\\/biopesaje.com\\\/wp-content\\\/uploads\\\/2022\\\/03\\\/KIT5-scaled.jpg\",\"contentUrl\":\"https:\\\/\\\/biopesaje.com\\\/wp-content\\\/uploads\\\/2022\\\/03\\\/KIT5-scaled.jpg\",\"width\":2560,\"height\":1271,\"caption\":\"Directindustry\"},{\"@type\":\"BreadcrumbList\",\"@id\":\"https:\\\/\\\/biopesaje.com\\\/index.php\\\/product\\\/leak-tester-ad-1690\\\/#breadcrumb\",\"itemListElement\":[{\"@type\":\"ListItem\",\"position\":1,\"name\":\"Home\",\"item\":\"https:\\\/\\\/biopesaje.com\\\/\"},{\"@type\":\"ListItem\",\"position\":2,\"name\":\"Productos\",\"item\":\"https:\\\/\\\/biopesaje.com\\\/index.php\\\/tienda\\\/\"},{\"@type\":\"ListItem\",\"position\":3,\"name\":\"Leak Tester AD-1690\"}]},{\"@type\":\"WebSite\",\"@id\":\"https:\\\/\\\/biopesaje.com\\\/#website\",\"url\":\"https:\\\/\\\/biopesaje.com\\\/\",\"name\":\"BIOPESAJE S.A.S.\",\"description\":\"Ingenier\u00eda de pesaje, metrolog\u00eda y laboratorio.\",\"publisher\":{\"@id\":\"https:\\\/\\\/biopesaje.com\\\/#organization\"},\"potentialAction\":[{\"@type\":\"SearchAction\",\"target\":{\"@type\":\"EntryPoint\",\"urlTemplate\":\"https:\\\/\\\/biopesaje.com\\\/?s={search_term_string}\"},\"query-input\":{\"@type\":\"PropertyValueSpecification\",\"valueRequired\":true,\"valueName\":\"search_term_string\"}}],\"inLanguage\":\"es-CO\"},{\"@type\":\"Organization\",\"@id\":\"https:\\\/\\\/biopesaje.com\\\/#organization\",\"name\":\"BIOPESAJE S.A.S.\",\"url\":\"https:\\\/\\\/biopesaje.com\\\/\",\"logo\":{\"@type\":\"ImageObject\",\"inLanguage\":\"es-CO\",\"@id\":\"https:\\\/\\\/biopesaje.com\\\/#\\\/schema\\\/logo\\\/image\\\/\",\"url\":\"\",\"contentUrl\":\"\",\"caption\":\"BIOPESAJE S.A.S.\"},\"image\":{\"@id\":\"https:\\\/\\\/biopesaje.com\\\/#\\\/schema\\\/logo\\\/image\\\/\"}}]}<\/script>\n<!-- \/ Yoast SEO plugin. -->","yoast_head_json":{"title":"Leak Tester AD-1690 - BIOPESAJE S.A.S.","description":"Biopesaje S.A.S cuenta con la mejor selecci\u00f3n de equipos en categor\u00edas como pesaje, procesamiento y empaque de la industria alimenticia.","robots":{"index":"index","follow":"follow","max-snippet":"max-snippet:-1","max-image-preview":"max-image-preview:large","max-video-preview":"max-video-preview:-1"},"canonical":"https:\/\/biopesaje.com\/index.php\/product\/leak-tester-ad-1690\/","og_locale":"es_ES","og_type":"article","og_title":"Leak Tester AD-1690 - BIOPESAJE S.A.S.","og_description":"Biopesaje S.A.S cuenta con la mejor selecci\u00f3n de equipos en categor\u00edas como pesaje, procesamiento y empaque de la industria alimenticia.","og_url":"https:\/\/biopesaje.com\/index.php\/product\/leak-tester-ad-1690\/","og_site_name":"BIOPESAJE S.A.S.","article_modified_time":"2025-02-18T16:23:47+00:00","og_image":[{"width":2560,"height":1271,"url":"https:\/\/biopesaje.com\/wp-content\/uploads\/2022\/03\/KIT5-scaled.jpg","type":"image\/jpeg"}],"twitter_card":"summary_large_image","twitter_misc":{"Tiempo de lectura":"2 minutos"},"schema":{"@context":"https:\/\/schema.org","@graph":[{"@type":"WebPage","@id":"https:\/\/biopesaje.com\/index.php\/product\/leak-tester-ad-1690\/","url":"https:\/\/biopesaje.com\/index.php\/product\/leak-tester-ad-1690\/","name":"Leak Tester AD-1690 - BIOPESAJE S.A.S.","isPartOf":{"@id":"https:\/\/biopesaje.com\/#website"},"primaryImageOfPage":{"@id":"https:\/\/biopesaje.com\/index.php\/product\/leak-tester-ad-1690\/#primaryimage"},"image":{"@id":"https:\/\/biopesaje.com\/index.php\/product\/leak-tester-ad-1690\/#primaryimage"},"thumbnailUrl":"https:\/\/biopesaje.com\/wp-content\/uploads\/2022\/03\/KIT5-scaled.jpg","datePublished":"2022-03-11T00:17:28+00:00","dateModified":"2025-02-18T16:23:47+00:00","description":"Biopesaje S.A.S cuenta con la mejor selecci\u00f3n de equipos en categor\u00edas como pesaje, procesamiento y empaque de la industria alimenticia.","breadcrumb":{"@id":"https:\/\/biopesaje.com\/index.php\/product\/leak-tester-ad-1690\/#breadcrumb"},"inLanguage":"es-CO","potentialAction":[{"@type":"ReadAction","target":["https:\/\/biopesaje.com\/index.php\/product\/leak-tester-ad-1690\/"]}]},{"@type":"ImageObject","inLanguage":"es-CO","@id":"https:\/\/biopesaje.com\/index.php\/product\/leak-tester-ad-1690\/#primaryimage","url":"https:\/\/biopesaje.com\/wp-content\/uploads\/2022\/03\/KIT5-scaled.jpg","contentUrl":"https:\/\/biopesaje.com\/wp-content\/uploads\/2022\/03\/KIT5-scaled.jpg","width":2560,"height":1271,"caption":"Directindustry"},{"@type":"BreadcrumbList","@id":"https:\/\/biopesaje.com\/index.php\/product\/leak-tester-ad-1690\/#breadcrumb","itemListElement":[{"@type":"ListItem","position":1,"name":"Home","item":"https:\/\/biopesaje.com\/"},{"@type":"ListItem","position":2,"name":"Productos","item":"https:\/\/biopesaje.com\/index.php\/tienda\/"},{"@type":"ListItem","position":3,"name":"Leak Tester AD-1690"}]},{"@type":"WebSite","@id":"https:\/\/biopesaje.com\/#website","url":"https:\/\/biopesaje.com\/","name":"BIOPESAJE S.A.S.","description":"Ingenier\u00eda de pesaje, metrolog\u00eda y laboratorio.","publisher":{"@id":"https:\/\/biopesaje.com\/#organization"},"potentialAction":[{"@type":"SearchAction","target":{"@type":"EntryPoint","urlTemplate":"https:\/\/biopesaje.com\/?s={search_term_string}"},"query-input":{"@type":"PropertyValueSpecification","valueRequired":true,"valueName":"search_term_string"}}],"inLanguage":"es-CO"},{"@type":"Organization","@id":"https:\/\/biopesaje.com\/#organization","name":"BIOPESAJE S.A.S.","url":"https:\/\/biopesaje.com\/","logo":{"@type":"ImageObject","inLanguage":"es-CO","@id":"https:\/\/biopesaje.com\/#\/schema\/logo\/image\/","url":"","contentUrl":"","caption":"BIOPESAJE S.A.S."},"image":{"@id":"https:\/\/biopesaje.com\/#\/schema\/logo\/image\/"}}]}},"uagb_featured_image_src":{"full":["https:\/\/biopesaje.com\/wp-content\/uploads\/2022\/03\/KIT5-scaled.jpg",2560,1271,false],"thumbnail":["https:\/\/biopesaje.com\/wp-content\/uploads\/2022\/03\/KIT5-150x150.jpg",150,150,true],"medium":["https:\/\/biopesaje.com\/wp-content\/uploads\/2022\/03\/KIT5-300x149.jpg",300,149,true],"medium_large":["https:\/\/biopesaje.com\/wp-content\/uploads\/2022\/03\/KIT5-768x381.jpg",640,318,true],"large":["https:\/\/biopesaje.com\/wp-content\/uploads\/2022\/03\/KIT5-1024x508.jpg",640,318,true],"1536x1536":["https:\/\/biopesaje.com\/wp-content\/uploads\/2022\/03\/KIT5-1536x762.jpg",1536,762,true],"2048x2048":["https:\/\/biopesaje.com\/wp-content\/uploads\/2022\/03\/KIT5-2048x1016.jpg",2048,1016,true],"woocommerce_thumbnail":["https:\/\/biopesaje.com\/wp-content\/uploads\/2022\/03\/KIT5-scaled-320x320.jpg",320,320,true],"woocommerce_single":["https:\/\/biopesaje.com\/wp-content\/uploads\/2022\/03\/KIT5-scaled-2500x1241.jpg",2500,1241,true],"woocommerce_gallery_thumbnail":["https:\/\/biopesaje.com\/wp-content\/uploads\/2022\/03\/KIT5-scaled-100x100.jpg",100,100,true],"thaps-thumb-img":["https:\/\/biopesaje.com\/wp-content\/uploads\/2022\/03\/KIT5-48x24.jpg",48,24,true],"taiowc-thumb-img":["https:\/\/biopesaje.com\/wp-content\/uploads\/2022\/03\/KIT5-48x24.jpg",48,24,true]},"uagb_author_info":{"display_name":"Diego Martinez","author_link":"https:\/\/biopesaje.com\/index.php\/author\/"},"uagb_comment_info":0,"uagb_excerpt":"A&amp;D propone medios r\u00e1pidos para averiguar si sus pipetas necesitan reparaci\u00f3n o no. La mayor\u00eda de las fallas de las pipetas ocurren debido a sellos, juntas t\u00f3ricas, pistones o porta puntas da\u00f1ados que comprometen la hermeticidad de las pipetas. Al investigar la hermeticidad, el AD-1690 puede descartar instant\u00e1neamente las pipetas da\u00f1adas y que necesitan reparaci\u00f3n.","jetpack_sharing_enabled":true,"_links":{"self":[{"href":"https:\/\/biopesaje.com\/index.php\/wp-json\/wp\/v2\/product\/3412","targetHints":{"allow":["GET"]}}],"collection":[{"href":"https:\/\/biopesaje.com\/index.php\/wp-json\/wp\/v2\/product"}],"about":[{"href":"https:\/\/biopesaje.com\/index.php\/wp-json\/wp\/v2\/types\/product"}],"version-history":[{"count":10,"href":"https:\/\/biopesaje.com\/index.php\/wp-json\/wp\/v2\/product\/3412\/revisions"}],"predecessor-version":[{"id":3941,"href":"https:\/\/biopesaje.com\/index.php\/wp-json\/wp\/v2\/product\/3412\/revisions\/3941"}],"wp:featuredmedia":[{"embeddable":true,"href":"https:\/\/biopesaje.com\/index.php\/wp-json\/wp\/v2\/media\/3413"}],"wp:attachment":[{"href":"https:\/\/biopesaje.com\/index.php\/wp-json\/wp\/v2\/media?parent=3412"}],"wp:term":[{"taxonomy":"product_brand","embeddable":true,"href":"https:\/\/biopesaje.com\/index.php\/wp-json\/wp\/v2\/product_brand?post=3412"},{"taxonomy":"product_cat","embeddable":true,"href":"https:\/\/biopesaje.com\/index.php\/wp-json\/wp\/v2\/product_cat?post=3412"},{"taxonomy":"product_tag","embeddable":true,"href":"https:\/\/biopesaje.com\/index.php\/wp-json\/wp\/v2\/product_tag?post=3412"}],"curies":[{"name":"wp","href":"https:\/\/api.w.org\/{rel}","templated":true}]}}