{"id":4018,"date":"2023-07-10T19:43:23","date_gmt":"2023-07-10T19:43:23","guid":{"rendered":"https:\/\/biopesaje.com\/?post_type=product&#038;p=4018"},"modified":"2023-07-19T19:14:55","modified_gmt":"2023-07-19T19:14:55","slug":"ensacadora-industrial-af-50k-25k-10k-0-5k","status":"publish","type":"product","link":"https:\/\/biopesaje.com\/index.php\/product\/ensacadora-industrial-af-50k-25k-10k-0-5k\/","title":{"rendered":"GM PaxGo Modelo AF 50K &#8211; 25K"},"content":{"rendered":"\t\t<div data-elementor-type=\"wp-post\" data-elementor-id=\"4018\" class=\"elementor elementor-4018\" data-elementor-post-type=\"product\">\n\t\t\t\t\t\t<section class=\"elementor-section elementor-top-section elementor-element elementor-element-5d011f7 elementor-section-boxed elementor-section-height-default elementor-section-height-default\" data-id=\"5d011f7\" data-element_type=\"section\" data-e-type=\"section\">\n\t\t\t\t\t\t<div class=\"elementor-container elementor-column-gap-default\">\n\t\t\t\t\t<div class=\"elementor-column elementor-col-100 elementor-top-column elementor-element elementor-element-7d814a20\" data-id=\"7d814a20\" data-element_type=\"column\" data-e-type=\"column\">\n\t\t\t<div class=\"elementor-widget-wrap elementor-element-populated\">\n\t\t\t\t\t\t<div class=\"elementor-element elementor-element-22952ba5 elementor-widget elementor-widget-text-editor\" data-id=\"22952ba5\" data-element_type=\"widget\" data-e-type=\"widget\" data-widget_type=\"text-editor.default\">\n\t\t\t\t<div class=\"elementor-widget-container\">\n\t\t\t\t\t\t\t\t\t<section class=\"w-full flex flex-wrap sm:flex-no-wrap\"><div class=\"w-full sm:w-3\/4 p-1 border-blue3\"><p><span style=\"color: #555555; font-family: Arial, sans-serif; font-size: 12px; font-style: normal; font-weight: 400; letter-spacing: normal; white-space-collapse: preserve-breaks;\">Embolsadora Inteligente de la Serie AF con Alta Precisi\u00f3n y Eficiencia<\/span><\/p><p><span style=\"color: #555555; font-family: Arial, sans-serif; font-size: 12px; font-style: normal; font-weight: 400; letter-spacing: normal; white-space-collapse: preserve-breaks;\"> AF es una serie de embolsadoras autom\u00e1ticas inteligentes, cuyo control de optimizaci\u00f3n autom\u00e1tica permite configurar con precisi\u00f3n sus par\u00e1metros para los requisitos espec\u00edficos de flujo de material, velocidad y precisi\u00f3n.<\/span><\/p><p><span style=\"color: #555555; font-family: Arial, sans-serif; font-size: 12px; font-style: normal; font-weight: 400; letter-spacing: normal; white-space-collapse: preserve-breaks;\"> Dise\u00f1o Industrial<br \/><\/span><span style=\"color: #555555; font-family: Arial, sans-serif; font-size: 12px; font-style: normal; font-weight: 400; letter-spacing: normal; white-space-collapse: preserve-breaks;\"> \u2022 Dise\u00f1o modular con interfaz de brida est\u00e1ndar.<br \/><\/span><span style=\"color: #555555; font-family: Arial, sans-serif; font-size: 12px; font-style: normal; font-weight: 400; letter-spacing: normal; white-space-collapse: preserve-breaks;\">\u2022 Motor paso a paso para control de alimentaci\u00f3n con ajuste autom\u00e1tico inteligente.<br \/><\/span><span style=\"color: #555555; font-family: Arial, sans-serif; font-size: 12px; font-style: normal; font-weight: 400; letter-spacing: normal; white-space-collapse: preserve-breaks;\">\u2022 USB incorporado para exportar datos y actualizar el sistema.<br \/><\/span><span style=\"color: #555555; font-family: Arial, sans-serif; font-size: 12px; font-style: normal; font-weight: 400; letter-spacing: normal; white-space-collapse: preserve-breaks;\">\u2022 Control de embolsado superior.<\/span><\/p><p><span style=\"color: #555555; font-family: Arial, sans-serif; font-size: 12px; font-style: normal; font-weight: 400; letter-spacing: normal; white-space-collapse: preserve-breaks;\">\u2022 Construcci\u00f3n en acero inoxidable 304 especial para el contacto con alimentos F\u00e1cil de Usar.<br \/><\/span><span style=\"color: #555555; font-family: Arial, sans-serif; font-size: 12px; font-style: normal; font-weight: 400; letter-spacing: normal; white-space-collapse: preserve-breaks;\">\u2022 Pantalla t\u00e1ctil de 10&#8243;<br \/><\/span><span style=\"color: #555555; font-family: Arial, sans-serif; font-size: 12px; white-space-collapse: preserve-breaks;\">\u2022 F\u00e1cil y r\u00e1pida instalaci\u00f3n Gesti\u00f3n y Manejo de Datos.<br \/><\/span><span style=\"color: #555555; font-family: Arial, sans-serif; font-size: 12px; font-style: normal; font-weight: 400; letter-spacing: normal; white-space-collapse: preserve-breaks;\">\u2022 Par\u00e1metros del motor: una interfaz puede mostrar simult\u00e1neamente el estado del motor y los par\u00e1metros.<br \/><\/span><span style=\"color: #555555; font-family: Arial, sans-serif; font-size: 12px; font-style: normal; font-weight: 400; letter-spacing: normal; white-space-collapse: preserve-breaks;\">\u2022 Todas las definiciones de cada puerto pueden seleccionarse intuitivamente<\/span><\/p><\/div><\/section>\t\t\t\t\t\t\t\t<\/div>\n\t\t\t\t<\/div>\n\t\t\t\t\t<\/div>\n\t\t<\/div>\n\t\t\t\t\t<\/div>\n\t\t<\/section>\n\t\t\t\t<section class=\"elementor-section elementor-top-section elementor-element elementor-element-365d85f elementor-section-boxed elementor-section-height-default elementor-section-height-default\" data-id=\"365d85f\" data-element_type=\"section\" data-e-type=\"section\">\n\t\t\t\t\t\t<div class=\"elementor-container elementor-column-gap-default\">\n\t\t\t\t\t<div class=\"elementor-column elementor-col-100 elementor-top-column elementor-element elementor-element-ba8d7de\" data-id=\"ba8d7de\" data-element_type=\"column\" data-e-type=\"column\">\n\t\t\t<div class=\"elementor-widget-wrap elementor-element-populated\">\n\t\t\t\t\t\t<div class=\"elementor-element elementor-element-09aaf50 elementor-widget elementor-widget-heading\" data-id=\"09aaf50\" data-element_type=\"widget\" data-e-type=\"widget\" data-widget_type=\"heading.default\">\n\t\t\t\t<div class=\"elementor-widget-container\">\n\t\t\t\t\t<h3 class=\"elementor-heading-title elementor-size-default\">Documentaci\u00f3n<\/h3>\t\t\t\t<\/div>\n\t\t\t\t<\/div>\n\t\t\t\t<div class=\"elementor-element elementor-element-2462412 elementor-widget elementor-widget-eael-adv-accordion\" data-id=\"2462412\" data-element_type=\"widget\" data-e-type=\"widget\" data-widget_type=\"eael-adv-accordion.default\">\n\t\t\t\t<div class=\"elementor-widget-container\">\n\t\t\t\t\t            <div class=\"eael-adv-accordion\" id=\"eael-adv-accordion-2462412\" data-scroll-on-click=\"no\" data-scroll-speed=\"300\" data-accordion-id=\"2462412\" data-accordion-type=\"accordion\" data-toogle-speed=\"300\">\n            <div class=\"eael-accordion-list\">\n\t\t\t\t\t<div id=\"documentos\" class=\"elementor-tab-title eael-accordion-header active-default\" tabindex=\"0\" data-tab=\"1\" aria-controls=\"elementor-tab-content-3811\"><span class=\"eael-advanced-accordion-icon-closed\"><i aria-hidden=\"true\" class=\"fa-accordion-icon far fa-file-pdf\"><\/i><\/span><span class=\"eael-advanced-accordion-icon-opened\"><i aria-hidden=\"true\" class=\"fa-accordion-icon fas fa-minus\"><\/i><\/span><span class=\"eael-accordion-tab-title\">Documentos<\/span><i aria-hidden=\"true\" class=\"fa-toggle fas fa-angle-right\"><\/i><\/div><div id=\"elementor-tab-content-3811\" class=\"eael-accordion-content clearfix active-default\" data-tab=\"1\" aria-labelledby=\"documentos\"><p><img decoding=\"async\" class=\"wp-image-2526 alignnone\" src=\"https:\/\/biopesaje.com\/wp-content\/uploads\/2022\/02\/391px-PDF_file_icon.svg.png\" alt=\"\" width=\"30\" height=\"37\" srcset=\"https:\/\/biopesaje.com\/wp-content\/uploads\/2022\/02\/391px-PDF_file_icon.svg.png 391w, https:\/\/biopesaje.com\/wp-content\/uploads\/2022\/02\/391px-PDF_file_icon.svg-300x368.png 300w, https:\/\/biopesaje.com\/wp-content\/uploads\/2022\/02\/391px-PDF_file_icon.svg-244x300.png 244w, https:\/\/biopesaje.com\/wp-content\/uploads\/2022\/02\/391px-PDF_file_icon.svg-48x59.png 48w\" sizes=\"(max-width: 30px) 100vw, 30px\" \/><a href=\"https:\/\/biopesaje.com\/wp-content\/uploads\/2023\/07\/1661138079PaxGo-New_compressed.pdf\" target=\"_blank\" rel=\"noopener\">Catalogo Ensacadora Inteligente AF <\/a><\/p><\/div>\n\t\t\t\t\t<\/div><\/div>\t\t\t\t<\/div>\n\t\t\t\t<\/div>\n\t\t\t\t\t<\/div>\n\t\t<\/div>\n\t\t\t\t\t<\/div>\n\t\t<\/section>\n\t\t\t\t<section class=\"elementor-section elementor-top-section elementor-element elementor-element-aa4f658 elementor-section-boxed elementor-section-height-default elementor-section-height-default\" data-id=\"aa4f658\" data-element_type=\"section\" data-e-type=\"section\">\n\t\t\t\t\t\t<div class=\"elementor-container elementor-column-gap-default\">\n\t\t\t\t\t<div class=\"elementor-column elementor-col-100 elementor-top-column elementor-element elementor-element-9d828db\" data-id=\"9d828db\" data-element_type=\"column\" data-e-type=\"column\">\n\t\t\t<div class=\"elementor-widget-wrap elementor-element-populated\">\n\t\t\t\t\t\t<div class=\"elementor-element elementor-element-6901c43 elementor-widget elementor-widget-video\" data-id=\"6901c43\" data-element_type=\"widget\" data-e-type=\"widget\" data-settings=\"{&quot;youtube_url&quot;:&quot;https:\\\/\\\/youtu.be\\\/7f2jJkVnopA&quot;,&quot;video_type&quot;:&quot;youtube&quot;,&quot;controls&quot;:&quot;yes&quot;}\" data-widget_type=\"video.default\">\n\t\t\t\t<div class=\"elementor-widget-container\">\n\t\t\t\t\t\t\t<div class=\"elementor-wrapper elementor-open-inline\">\n\t\t\t<div class=\"elementor-video\"><\/div>\t\t<\/div>\n\t\t\t\t\t\t<\/div>\n\t\t\t\t<\/div>\n\t\t\t\t\t<\/div>\n\t\t<\/div>\n\t\t\t\t\t<\/div>\n\t\t<\/section>\n\t\t\t\t<\/div>\n\t\t","protected":false},"excerpt":{"rendered":"<p>Ensacadora serie GM PaxGo Modelo AF 50K &#8211; 25K &#8211; 10K &#8211; 0.5K Llenadora de peso autom\u00e1tica; se puede configurar con precisi\u00f3n para requisitos industriales espec\u00edficos de flujo de material, velocidad y precisi\u00f3n; ampliamente utilizada en el empaque de material granulado (arroz, legumbres, gr\u00e1nulos de pl\u00e1stico, alimentos animales, ma\u00edz, soja, semillas, az\u00facar, entre otros). Es de f\u00e1cil instalaci\u00f3n, operaci\u00f3n y desmontaje; posee pantalla t\u00e1ctil a color de 10 pulgadas con interfaz de dise\u00f1o gr\u00e1fico, operaci\u00f3n simple e intuitiva para el usuario, sin entrenamiento profesional.<\/p>\n","protected":false},"featured_media":4023,"template":"","meta":{"_uag_custom_page_level_css":"","_joinchat":[]},"product_brand":[],"product_cat":[138],"product_tag":[],"class_list":{"0":"post-4018","1":"product","2":"type-product","3":"status-publish","4":"has-post-thumbnail","6":"product_cat-ensacadoras","7":"thunk-woo-product-list","8":"opn-qv-enable","9":"top-store-woo-hover-none","10":"top-store-single-product-tab-horizontal","11":"top-store-shadow-","12":"top-store-shadow-hover-","14":"first","15":"onbackorder","16":"taxable","17":"shipping-taxable","18":"product-type-simple"},"yoast_head":"<!-- This site is optimized with the Yoast SEO plugin v27.4 - https:\/\/yoast.com\/product\/yoast-seo-wordpress\/ -->\n<title>GM PaxGo Modelo AF 50K - 25K - BIOPESAJE S.A.S.<\/title>\n<meta name=\"description\" content=\"Biopesaje S.A.S cuenta con la mejor selecci\u00f3n de equipos en categor\u00edas como pesaje, procesamiento y empaque de la industria alimenticia.\" \/>\n<meta name=\"robots\" content=\"index, follow, max-snippet:-1, max-image-preview:large, max-video-preview:-1\" \/>\n<link rel=\"canonical\" href=\"https:\/\/biopesaje.com\/index.php\/product\/ensacadora-industrial-af-50k-25k-10k-0-5k\/\" \/>\n<meta property=\"og:locale\" content=\"es_ES\" \/>\n<meta property=\"og:type\" content=\"article\" \/>\n<meta property=\"og:title\" content=\"GM PaxGo Modelo AF 50K - 25K - BIOPESAJE S.A.S.\" \/>\n<meta property=\"og:description\" content=\"Biopesaje S.A.S cuenta con la mejor selecci\u00f3n de equipos en categor\u00edas como pesaje, procesamiento y empaque de la industria alimenticia.\" \/>\n<meta property=\"og:url\" content=\"https:\/\/biopesaje.com\/index.php\/product\/ensacadora-industrial-af-50k-25k-10k-0-5k\/\" \/>\n<meta property=\"og:site_name\" content=\"BIOPESAJE S.A.S.\" \/>\n<meta property=\"article:modified_time\" content=\"2023-07-19T19:14:55+00:00\" \/>\n<meta property=\"og:image\" content=\"https:\/\/biopesaje.com\/wp-content\/uploads\/2023\/07\/ensacadora-industrial-AF.jpg\" \/>\n\t<meta property=\"og:image:width\" content=\"1050\" \/>\n\t<meta property=\"og:image:height\" content=\"1144\" \/>\n\t<meta property=\"og:image:type\" content=\"image\/jpeg\" \/>\n<meta name=\"twitter:card\" content=\"summary_large_image\" \/>\n<meta name=\"twitter:label1\" content=\"Tiempo de lectura\" \/>\n\t<meta name=\"twitter:data1\" content=\"1 minuto\" \/>\n<script type=\"application\/ld+json\" class=\"yoast-schema-graph\">{\"@context\":\"https:\\\/\\\/schema.org\",\"@graph\":[{\"@type\":\"WebPage\",\"@id\":\"https:\\\/\\\/biopesaje.com\\\/index.php\\\/product\\\/ensacadora-industrial-af-50k-25k-10k-0-5k\\\/\",\"url\":\"https:\\\/\\\/biopesaje.com\\\/index.php\\\/product\\\/ensacadora-industrial-af-50k-25k-10k-0-5k\\\/\",\"name\":\"GM PaxGo Modelo AF 50K - 25K - BIOPESAJE S.A.S.\",\"isPartOf\":{\"@id\":\"https:\\\/\\\/biopesaje.com\\\/#website\"},\"primaryImageOfPage\":{\"@id\":\"https:\\\/\\\/biopesaje.com\\\/index.php\\\/product\\\/ensacadora-industrial-af-50k-25k-10k-0-5k\\\/#primaryimage\"},\"image\":{\"@id\":\"https:\\\/\\\/biopesaje.com\\\/index.php\\\/product\\\/ensacadora-industrial-af-50k-25k-10k-0-5k\\\/#primaryimage\"},\"thumbnailUrl\":\"https:\\\/\\\/biopesaje.com\\\/wp-content\\\/uploads\\\/2023\\\/07\\\/ensacadora-industrial-AF.jpg\",\"datePublished\":\"2023-07-10T19:43:23+00:00\",\"dateModified\":\"2023-07-19T19:14:55+00:00\",\"description\":\"Biopesaje S.A.S cuenta con la mejor selecci\u00f3n de equipos en categor\u00edas como pesaje, procesamiento y empaque de la industria alimenticia.\",\"breadcrumb\":{\"@id\":\"https:\\\/\\\/biopesaje.com\\\/index.php\\\/product\\\/ensacadora-industrial-af-50k-25k-10k-0-5k\\\/#breadcrumb\"},\"inLanguage\":\"es-CO\",\"potentialAction\":[{\"@type\":\"ReadAction\",\"target\":[\"https:\\\/\\\/biopesaje.com\\\/index.php\\\/product\\\/ensacadora-industrial-af-50k-25k-10k-0-5k\\\/\"]}]},{\"@type\":\"ImageObject\",\"inLanguage\":\"es-CO\",\"@id\":\"https:\\\/\\\/biopesaje.com\\\/index.php\\\/product\\\/ensacadora-industrial-af-50k-25k-10k-0-5k\\\/#primaryimage\",\"url\":\"https:\\\/\\\/biopesaje.com\\\/wp-content\\\/uploads\\\/2023\\\/07\\\/ensacadora-industrial-AF.jpg\",\"contentUrl\":\"https:\\\/\\\/biopesaje.com\\\/wp-content\\\/uploads\\\/2023\\\/07\\\/ensacadora-industrial-AF.jpg\",\"width\":1050,\"height\":1144},{\"@type\":\"BreadcrumbList\",\"@id\":\"https:\\\/\\\/biopesaje.com\\\/index.php\\\/product\\\/ensacadora-industrial-af-50k-25k-10k-0-5k\\\/#breadcrumb\",\"itemListElement\":[{\"@type\":\"ListItem\",\"position\":1,\"name\":\"Home\",\"item\":\"https:\\\/\\\/biopesaje.com\\\/\"},{\"@type\":\"ListItem\",\"position\":2,\"name\":\"Productos\",\"item\":\"https:\\\/\\\/biopesaje.com\\\/index.php\\\/tienda\\\/\"},{\"@type\":\"ListItem\",\"position\":3,\"name\":\"GM PaxGo Modelo AF 50K &#8211; 25K\"}]},{\"@type\":\"WebSite\",\"@id\":\"https:\\\/\\\/biopesaje.com\\\/#website\",\"url\":\"https:\\\/\\\/biopesaje.com\\\/\",\"name\":\"BIOPESAJE S.A.S.\",\"description\":\"Ingenier\u00eda de pesaje, metrolog\u00eda y laboratorio.\",\"publisher\":{\"@id\":\"https:\\\/\\\/biopesaje.com\\\/#organization\"},\"potentialAction\":[{\"@type\":\"SearchAction\",\"target\":{\"@type\":\"EntryPoint\",\"urlTemplate\":\"https:\\\/\\\/biopesaje.com\\\/?s={search_term_string}\"},\"query-input\":{\"@type\":\"PropertyValueSpecification\",\"valueRequired\":true,\"valueName\":\"search_term_string\"}}],\"inLanguage\":\"es-CO\"},{\"@type\":\"Organization\",\"@id\":\"https:\\\/\\\/biopesaje.com\\\/#organization\",\"name\":\"BIOPESAJE S.A.S.\",\"url\":\"https:\\\/\\\/biopesaje.com\\\/\",\"logo\":{\"@type\":\"ImageObject\",\"inLanguage\":\"es-CO\",\"@id\":\"https:\\\/\\\/biopesaje.com\\\/#\\\/schema\\\/logo\\\/image\\\/\",\"url\":\"\",\"contentUrl\":\"\",\"caption\":\"BIOPESAJE S.A.S.\"},\"image\":{\"@id\":\"https:\\\/\\\/biopesaje.com\\\/#\\\/schema\\\/logo\\\/image\\\/\"}}]}<\/script>\n<!-- \/ Yoast SEO plugin. -->","yoast_head_json":{"title":"GM PaxGo Modelo AF 50K - 25K - BIOPESAJE S.A.S.","description":"Biopesaje S.A.S cuenta con la mejor selecci\u00f3n de equipos en categor\u00edas como pesaje, procesamiento y empaque de la industria alimenticia.","robots":{"index":"index","follow":"follow","max-snippet":"max-snippet:-1","max-image-preview":"max-image-preview:large","max-video-preview":"max-video-preview:-1"},"canonical":"https:\/\/biopesaje.com\/index.php\/product\/ensacadora-industrial-af-50k-25k-10k-0-5k\/","og_locale":"es_ES","og_type":"article","og_title":"GM PaxGo Modelo AF 50K - 25K - BIOPESAJE S.A.S.","og_description":"Biopesaje S.A.S cuenta con la mejor selecci\u00f3n de equipos en categor\u00edas como pesaje, procesamiento y empaque de la industria alimenticia.","og_url":"https:\/\/biopesaje.com\/index.php\/product\/ensacadora-industrial-af-50k-25k-10k-0-5k\/","og_site_name":"BIOPESAJE S.A.S.","article_modified_time":"2023-07-19T19:14:55+00:00","og_image":[{"width":1050,"height":1144,"url":"https:\/\/biopesaje.com\/wp-content\/uploads\/2023\/07\/ensacadora-industrial-AF.jpg","type":"image\/jpeg"}],"twitter_card":"summary_large_image","twitter_misc":{"Tiempo de lectura":"1 minuto"},"schema":{"@context":"https:\/\/schema.org","@graph":[{"@type":"WebPage","@id":"https:\/\/biopesaje.com\/index.php\/product\/ensacadora-industrial-af-50k-25k-10k-0-5k\/","url":"https:\/\/biopesaje.com\/index.php\/product\/ensacadora-industrial-af-50k-25k-10k-0-5k\/","name":"GM PaxGo Modelo AF 50K - 25K - BIOPESAJE S.A.S.","isPartOf":{"@id":"https:\/\/biopesaje.com\/#website"},"primaryImageOfPage":{"@id":"https:\/\/biopesaje.com\/index.php\/product\/ensacadora-industrial-af-50k-25k-10k-0-5k\/#primaryimage"},"image":{"@id":"https:\/\/biopesaje.com\/index.php\/product\/ensacadora-industrial-af-50k-25k-10k-0-5k\/#primaryimage"},"thumbnailUrl":"https:\/\/biopesaje.com\/wp-content\/uploads\/2023\/07\/ensacadora-industrial-AF.jpg","datePublished":"2023-07-10T19:43:23+00:00","dateModified":"2023-07-19T19:14:55+00:00","description":"Biopesaje S.A.S cuenta con la mejor selecci\u00f3n de equipos en categor\u00edas como pesaje, procesamiento y empaque de la industria alimenticia.","breadcrumb":{"@id":"https:\/\/biopesaje.com\/index.php\/product\/ensacadora-industrial-af-50k-25k-10k-0-5k\/#breadcrumb"},"inLanguage":"es-CO","potentialAction":[{"@type":"ReadAction","target":["https:\/\/biopesaje.com\/index.php\/product\/ensacadora-industrial-af-50k-25k-10k-0-5k\/"]}]},{"@type":"ImageObject","inLanguage":"es-CO","@id":"https:\/\/biopesaje.com\/index.php\/product\/ensacadora-industrial-af-50k-25k-10k-0-5k\/#primaryimage","url":"https:\/\/biopesaje.com\/wp-content\/uploads\/2023\/07\/ensacadora-industrial-AF.jpg","contentUrl":"https:\/\/biopesaje.com\/wp-content\/uploads\/2023\/07\/ensacadora-industrial-AF.jpg","width":1050,"height":1144},{"@type":"BreadcrumbList","@id":"https:\/\/biopesaje.com\/index.php\/product\/ensacadora-industrial-af-50k-25k-10k-0-5k\/#breadcrumb","itemListElement":[{"@type":"ListItem","position":1,"name":"Home","item":"https:\/\/biopesaje.com\/"},{"@type":"ListItem","position":2,"name":"Productos","item":"https:\/\/biopesaje.com\/index.php\/tienda\/"},{"@type":"ListItem","position":3,"name":"GM PaxGo Modelo AF 50K &#8211; 25K"}]},{"@type":"WebSite","@id":"https:\/\/biopesaje.com\/#website","url":"https:\/\/biopesaje.com\/","name":"BIOPESAJE S.A.S.","description":"Ingenier\u00eda de pesaje, metrolog\u00eda y laboratorio.","publisher":{"@id":"https:\/\/biopesaje.com\/#organization"},"potentialAction":[{"@type":"SearchAction","target":{"@type":"EntryPoint","urlTemplate":"https:\/\/biopesaje.com\/?s={search_term_string}"},"query-input":{"@type":"PropertyValueSpecification","valueRequired":true,"valueName":"search_term_string"}}],"inLanguage":"es-CO"},{"@type":"Organization","@id":"https:\/\/biopesaje.com\/#organization","name":"BIOPESAJE S.A.S.","url":"https:\/\/biopesaje.com\/","logo":{"@type":"ImageObject","inLanguage":"es-CO","@id":"https:\/\/biopesaje.com\/#\/schema\/logo\/image\/","url":"","contentUrl":"","caption":"BIOPESAJE S.A.S."},"image":{"@id":"https:\/\/biopesaje.com\/#\/schema\/logo\/image\/"}}]}},"uagb_featured_image_src":{"full":["https:\/\/biopesaje.com\/wp-content\/uploads\/2023\/07\/ensacadora-industrial-AF.jpg",1050,1144,false],"thumbnail":["https:\/\/biopesaje.com\/wp-content\/uploads\/2023\/07\/ensacadora-industrial-AF-150x150.jpg",150,150,true],"medium":["https:\/\/biopesaje.com\/wp-content\/uploads\/2023\/07\/ensacadora-industrial-AF-275x300.jpg",275,300,true],"medium_large":["https:\/\/biopesaje.com\/wp-content\/uploads\/2023\/07\/ensacadora-industrial-AF-768x837.jpg",640,698,true],"large":["https:\/\/biopesaje.com\/wp-content\/uploads\/2023\/07\/ensacadora-industrial-AF-940x1024.jpg",640,697,true],"1536x1536":["https:\/\/biopesaje.com\/wp-content\/uploads\/2023\/07\/ensacadora-industrial-AF.jpg",1050,1144,false],"2048x2048":["https:\/\/biopesaje.com\/wp-content\/uploads\/2023\/07\/ensacadora-industrial-AF.jpg",1050,1144,false],"woocommerce_thumbnail":["https:\/\/biopesaje.com\/wp-content\/uploads\/2023\/07\/ensacadora-industrial-AF-320x320.jpg",320,320,true],"woocommerce_single":["https:\/\/biopesaje.com\/wp-content\/uploads\/2023\/07\/ensacadora-industrial-AF.jpg",1050,1144,false],"woocommerce_gallery_thumbnail":["https:\/\/biopesaje.com\/wp-content\/uploads\/2023\/07\/ensacadora-industrial-AF-100x100.jpg",100,100,true],"thaps-thumb-img":["https:\/\/biopesaje.com\/wp-content\/uploads\/2023\/07\/ensacadora-industrial-AF-48x52.jpg",48,52,true],"taiowc-thumb-img":["https:\/\/biopesaje.com\/wp-content\/uploads\/2023\/07\/ensacadora-industrial-AF-48x52.jpg",48,52,true]},"uagb_author_info":{"display_name":"Diego Martinez","author_link":"https:\/\/biopesaje.com\/index.php\/author\/"},"uagb_comment_info":0,"uagb_excerpt":"Ensacadora serie GM PaxGo Modelo AF 50K - 25K - 10K - 0.5K Llenadora de peso autom\u00e1tica; se puede configurar con precisi\u00f3n para requisitos industriales espec\u00edficos de flujo de material, velocidad y precisi\u00f3n; ampliamente utilizada en el empaque de material granulado (arroz, legumbres, gr\u00e1nulos de pl\u00e1stico, alimentos animales, ma\u00edz, soja, semillas, az\u00facar, entre otros). Es&hellip;","jetpack_sharing_enabled":true,"_links":{"self":[{"href":"https:\/\/biopesaje.com\/index.php\/wp-json\/wp\/v2\/product\/4018","targetHints":{"allow":["GET"]}}],"collection":[{"href":"https:\/\/biopesaje.com\/index.php\/wp-json\/wp\/v2\/product"}],"about":[{"href":"https:\/\/biopesaje.com\/index.php\/wp-json\/wp\/v2\/types\/product"}],"version-history":[{"count":21,"href":"https:\/\/biopesaje.com\/index.php\/wp-json\/wp\/v2\/product\/4018\/revisions"}],"predecessor-version":[{"id":4098,"href":"https:\/\/biopesaje.com\/index.php\/wp-json\/wp\/v2\/product\/4018\/revisions\/4098"}],"wp:featuredmedia":[{"embeddable":true,"href":"https:\/\/biopesaje.com\/index.php\/wp-json\/wp\/v2\/media\/4023"}],"wp:attachment":[{"href":"https:\/\/biopesaje.com\/index.php\/wp-json\/wp\/v2\/media?parent=4018"}],"wp:term":[{"taxonomy":"product_brand","embeddable":true,"href":"https:\/\/biopesaje.com\/index.php\/wp-json\/wp\/v2\/product_brand?post=4018"},{"taxonomy":"product_cat","embeddable":true,"href":"https:\/\/biopesaje.com\/index.php\/wp-json\/wp\/v2\/product_cat?post=4018"},{"taxonomy":"product_tag","embeddable":true,"href":"https:\/\/biopesaje.com\/index.php\/wp-json\/wp\/v2\/product_tag?post=4018"}],"curies":[{"name":"wp","href":"https:\/\/api.w.org\/{rel}","templated":true}]}}