{"id":5065,"date":"2025-01-15T20:41:53","date_gmt":"2025-01-15T20:41:53","guid":{"rendered":"https:\/\/biopesaje.com\/?post_type=product&#038;p=5065"},"modified":"2025-03-03T21:58:32","modified_gmt":"2025-03-03T21:58:32","slug":"molino-de-carne-y-maiz-mc32m-16-220v-60-3f-3hp","status":"publish","type":"product","link":"https:\/\/biopesaje.com\/index.php\/product\/molino-de-carne-y-maiz-mc32m-16-220v-60-3f-3hp\/","title":{"rendered":"Molino de carne y ma\u00edz MC32M-16 220V\/60\/3F 3HP"},"content":{"rendered":"\t\t<div data-elementor-type=\"wp-post\" data-elementor-id=\"5065\" class=\"elementor elementor-5065\" data-elementor-post-type=\"product\">\n\t\t\t\t\t\t<section class=\"elementor-section elementor-top-section elementor-element elementor-element-c71330d elementor-section-boxed elementor-section-height-default elementor-section-height-default\" data-id=\"c71330d\" data-element_type=\"section\" data-e-type=\"section\">\n\t\t\t\t\t\t<div class=\"elementor-container elementor-column-gap-default\">\n\t\t\t\t\t<div class=\"elementor-column elementor-col-100 elementor-top-column elementor-element elementor-element-46b6bb6a\" data-id=\"46b6bb6a\" data-element_type=\"column\" data-e-type=\"column\">\n\t\t\t<div class=\"elementor-widget-wrap elementor-element-populated\">\n\t\t\t\t\t\t<div class=\"elementor-element elementor-element-29845c2e elementor-widget elementor-widget-text-editor\" data-id=\"29845c2e\" data-element_type=\"widget\" data-e-type=\"widget\" data-widget_type=\"text-editor.default\">\n\t\t\t\t<div class=\"elementor-widget-container\">\n\t\t\t\t\t\t\t\t\t<p>Molino de carne el\u00e9ctrico de uso profesional marca JAVAR, \u00fatil tambi\u00e9n para verduras, ma\u00edz y otros granos cocidos. Modelo de mesa para uso continuo (hasta 500 kg\/d\u00eda), ideal para restaurantes, hoteles, carnicer\u00edas, salsamentarias, supermercados y plantas de producci\u00f3n. Rendimiento nominal 10 kg\/min. Fabricado con materiales que cumplen las actuales normas sanitarias (decretos 1500 y 3075) y las certificaciones UL, NSF y CSA. Reductor con pi\u00f1ones de acero y reversa. Sensor de seguridad. Accesorios de corte #32, para ma\u00edz peto usar disco con orificios de 2 mm que se vende por separado. Potencia 3 HP, tensi\u00f3n 220 Volt, 60 Hz, 3 fases. Dim 39x81xH59 cm, peso neto 68 kg. Origen: Colombia<\/p>\t\t\t\t\t\t\t\t<\/div>\n\t\t\t\t<\/div>\n\t\t\t\t\t<\/div>\n\t\t<\/div>\n\t\t\t\t\t<\/div>\n\t\t<\/section>\n\t\t\t\t<section class=\"elementor-section elementor-top-section elementor-element elementor-element-449d4ae elementor-section-boxed elementor-section-height-default elementor-section-height-default\" data-id=\"449d4ae\" data-element_type=\"section\" data-e-type=\"section\">\n\t\t\t\t\t\t<div class=\"elementor-container elementor-column-gap-default\">\n\t\t\t\t\t<div class=\"elementor-column elementor-col-100 elementor-top-column elementor-element elementor-element-e63f4ed\" data-id=\"e63f4ed\" data-element_type=\"column\" data-e-type=\"column\">\n\t\t\t<div class=\"elementor-widget-wrap elementor-element-populated\">\n\t\t\t\t\t\t<div class=\"elementor-element elementor-element-79322bb elementor-widget elementor-widget-heading\" data-id=\"79322bb\" data-element_type=\"widget\" data-e-type=\"widget\" data-widget_type=\"heading.default\">\n\t\t\t\t<div class=\"elementor-widget-container\">\n\t\t\t\t\t<h3 class=\"elementor-heading-title elementor-size-default\">Documentaci\u00f3n<\/h3>\t\t\t\t<\/div>\n\t\t\t\t<\/div>\n\t\t\t\t<div class=\"elementor-element elementor-element-1cfcd30 elementor-widget elementor-widget-eael-adv-accordion\" data-id=\"1cfcd30\" data-element_type=\"widget\" data-e-type=\"widget\" data-widget_type=\"eael-adv-accordion.default\">\n\t\t\t\t<div class=\"elementor-widget-container\">\n\t\t\t\t\t            <div class=\"eael-adv-accordion\" id=\"eael-adv-accordion-1cfcd30\" data-scroll-on-click=\"no\" data-scroll-speed=\"300\" data-accordion-id=\"1cfcd30\" data-accordion-type=\"accordion\" data-toogle-speed=\"300\">\n            <div class=\"eael-accordion-list\">\n\t\t\t\t\t<div id=\"documentos\" class=\"elementor-tab-title eael-accordion-header active-default\" tabindex=\"0\" data-tab=\"1\" aria-controls=\"elementor-tab-content-3031\"><span class=\"eael-advanced-accordion-icon-closed\"><i aria-hidden=\"true\" class=\"fa-accordion-icon far fa-file-pdf\"><\/i><\/span><span class=\"eael-advanced-accordion-icon-opened\"><i aria-hidden=\"true\" class=\"fa-accordion-icon fas fa-minus\"><\/i><\/span><span class=\"eael-accordion-tab-title\">Documentos<\/span><i aria-hidden=\"true\" class=\"fa-toggle fas fa-angle-right\"><\/i><\/div><div id=\"elementor-tab-content-3031\" class=\"eael-accordion-content clearfix active-default\" data-tab=\"1\" aria-labelledby=\"documentos\"><p><a href=\"https:\/\/biopesaje.com\/wp-content\/uploads\/2025\/03\/CATALOGO-JAVAR-Molinos-MC12-16-MC22-16-MC32M-16.pdf\" target=\"_blank\" rel=\"noopener\"><img decoding=\"async\" class=\"wp-image-2526 alignnone\" src=\"https:\/\/biopesaje.com\/wp-content\/uploads\/2022\/02\/391px-PDF_file_icon.svg.png\" alt=\"\" width=\"30\" height=\"37\" srcset=\"https:\/\/biopesaje.com\/wp-content\/uploads\/2022\/02\/391px-PDF_file_icon.svg.png 391w, https:\/\/biopesaje.com\/wp-content\/uploads\/2022\/02\/391px-PDF_file_icon.svg-300x368.png 300w, https:\/\/biopesaje.com\/wp-content\/uploads\/2022\/02\/391px-PDF_file_icon.svg-244x300.png 244w, https:\/\/biopesaje.com\/wp-content\/uploads\/2022\/02\/391px-PDF_file_icon.svg-48x59.png 48w\" sizes=\"(max-width: 30px) 100vw, 30px\" \/> Catalogo Molino de carne y ma\u00edz MC32M-16 220V\/60\/3F 3HP<\/a><\/p><\/div>\n\t\t\t\t\t<\/div><\/div>\t\t\t\t<\/div>\n\t\t\t\t<\/div>\n\t\t\t\t\t<\/div>\n\t\t<\/div>\n\t\t\t\t\t<\/div>\n\t\t<\/section>\n\t\t\t\t<\/div>\n\t\t","protected":false},"excerpt":{"rendered":"<div class=\"flex-shrink-0 flex flex-col relative items-end\">\n<div class=\"pt-0\">\n<div class=\"gizmo-bot-avatar flex h-8 w-8 items-center justify-center overflow-hidden rounded-full\">\n<div class=\"relative p-1 rounded-sm flex items-center justify-center bg-token-main-surface-primary text-token-text-primary h-8 w-8\">El Molino de Carne y Ma\u00edz MC32M-16 de JAVAR es un equipo robusto de 3 HP, ideal para procesar carne, ma\u00edz y otros granos cocidos en entornos comerciales. Con capacidad de 10 kg por minuto, opera a 220V, 60Hz y 3 fases. Su dise\u00f1o resistente incluye pi\u00f1ones de acero y funci\u00f3n de reversa, ofreciendo alto rendimiento.<\/div>\n<\/div>\n<\/div>\n<\/div>\n","protected":false},"featured_media":5064,"template":"","meta":{"_uag_custom_page_level_css":"","_joinchat":[]},"product_brand":[],"product_cat":[92],"product_tag":[],"class_list":{"0":"post-5065","1":"product","2":"type-product","3":"status-publish","4":"has-post-thumbnail","6":"product_cat-molinos-de-carne-acero-inox-electricos","7":"thunk-woo-product-list","8":"opn-qv-enable","9":"top-store-woo-hover-none","10":"top-store-single-product-tab-horizontal","11":"top-store-shadow-","12":"top-store-shadow-hover-","14":"first","15":"onbackorder","16":"taxable","17":"shipping-taxable","18":"product-type-simple"},"yoast_head":"<!-- This site is optimized with the Yoast SEO plugin v27.3 - https:\/\/yoast.com\/product\/yoast-seo-wordpress\/ -->\n<title>Molino de carne y ma\u00edz MC32M-16 220V\/60\/3F 3HP - BIOPESAJE S.A.S.<\/title>\n<meta name=\"description\" content=\"Biopesaje S.A.S cuenta con la mejor selecci\u00f3n de equipos en categor\u00edas como pesaje, procesamiento y empaque de la industria alimenticia.\" \/>\n<meta name=\"robots\" content=\"index, follow, max-snippet:-1, max-image-preview:large, max-video-preview:-1\" \/>\n<link rel=\"canonical\" href=\"https:\/\/biopesaje.com\/index.php\/product\/molino-de-carne-y-maiz-mc32m-16-220v-60-3f-3hp\/\" \/>\n<meta property=\"og:locale\" content=\"es_ES\" \/>\n<meta property=\"og:type\" content=\"article\" \/>\n<meta property=\"og:title\" content=\"Molino de carne y ma\u00edz MC32M-16 220V\/60\/3F 3HP - BIOPESAJE S.A.S.\" \/>\n<meta property=\"og:description\" content=\"Biopesaje S.A.S cuenta con la mejor selecci\u00f3n de equipos en categor\u00edas como pesaje, procesamiento y empaque de la industria alimenticia.\" \/>\n<meta property=\"og:url\" content=\"https:\/\/biopesaje.com\/index.php\/product\/molino-de-carne-y-maiz-mc32m-16-220v-60-3f-3hp\/\" \/>\n<meta property=\"og:site_name\" content=\"BIOPESAJE S.A.S.\" \/>\n<meta property=\"article:modified_time\" content=\"2025-03-03T21:58:32+00:00\" \/>\n<meta property=\"og:image\" content=\"https:\/\/biopesaje.com\/wp-content\/uploads\/2025\/01\/MOLINO-DE-CARNE-Y-MAIZ-MC32M-16-220V603F-3HP.jpg\" \/>\n\t<meta property=\"og:image:width\" content=\"600\" \/>\n\t<meta property=\"og:image:height\" content=\"600\" \/>\n\t<meta property=\"og:image:type\" content=\"image\/jpeg\" \/>\n<meta name=\"twitter:card\" content=\"summary_large_image\" \/>\n<meta name=\"twitter:label1\" content=\"Tiempo de lectura\" \/>\n\t<meta name=\"twitter:data1\" content=\"1 minuto\" \/>\n<script type=\"application\/ld+json\" class=\"yoast-schema-graph\">{\"@context\":\"https:\\\/\\\/schema.org\",\"@graph\":[{\"@type\":\"WebPage\",\"@id\":\"https:\\\/\\\/biopesaje.com\\\/index.php\\\/product\\\/molino-de-carne-y-maiz-mc32m-16-220v-60-3f-3hp\\\/\",\"url\":\"https:\\\/\\\/biopesaje.com\\\/index.php\\\/product\\\/molino-de-carne-y-maiz-mc32m-16-220v-60-3f-3hp\\\/\",\"name\":\"Molino de carne y ma\u00edz MC32M-16 220V\\\/60\\\/3F 3HP - BIOPESAJE S.A.S.\",\"isPartOf\":{\"@id\":\"https:\\\/\\\/biopesaje.com\\\/#website\"},\"primaryImageOfPage\":{\"@id\":\"https:\\\/\\\/biopesaje.com\\\/index.php\\\/product\\\/molino-de-carne-y-maiz-mc32m-16-220v-60-3f-3hp\\\/#primaryimage\"},\"image\":{\"@id\":\"https:\\\/\\\/biopesaje.com\\\/index.php\\\/product\\\/molino-de-carne-y-maiz-mc32m-16-220v-60-3f-3hp\\\/#primaryimage\"},\"thumbnailUrl\":\"https:\\\/\\\/biopesaje.com\\\/wp-content\\\/uploads\\\/2025\\\/01\\\/MOLINO-DE-CARNE-Y-MAIZ-MC32M-16-220V603F-3HP.jpg\",\"datePublished\":\"2025-01-15T20:41:53+00:00\",\"dateModified\":\"2025-03-03T21:58:32+00:00\",\"description\":\"Biopesaje S.A.S cuenta con la mejor selecci\u00f3n de equipos en categor\u00edas como pesaje, procesamiento y empaque de la industria alimenticia.\",\"breadcrumb\":{\"@id\":\"https:\\\/\\\/biopesaje.com\\\/index.php\\\/product\\\/molino-de-carne-y-maiz-mc32m-16-220v-60-3f-3hp\\\/#breadcrumb\"},\"inLanguage\":\"es-CO\",\"potentialAction\":[{\"@type\":\"ReadAction\",\"target\":[\"https:\\\/\\\/biopesaje.com\\\/index.php\\\/product\\\/molino-de-carne-y-maiz-mc32m-16-220v-60-3f-3hp\\\/\"]}]},{\"@type\":\"ImageObject\",\"inLanguage\":\"es-CO\",\"@id\":\"https:\\\/\\\/biopesaje.com\\\/index.php\\\/product\\\/molino-de-carne-y-maiz-mc32m-16-220v-60-3f-3hp\\\/#primaryimage\",\"url\":\"https:\\\/\\\/biopesaje.com\\\/wp-content\\\/uploads\\\/2025\\\/01\\\/MOLINO-DE-CARNE-Y-MAIZ-MC32M-16-220V603F-3HP.jpg\",\"contentUrl\":\"https:\\\/\\\/biopesaje.com\\\/wp-content\\\/uploads\\\/2025\\\/01\\\/MOLINO-DE-CARNE-Y-MAIZ-MC32M-16-220V603F-3HP.jpg\",\"width\":600,\"height\":600},{\"@type\":\"BreadcrumbList\",\"@id\":\"https:\\\/\\\/biopesaje.com\\\/index.php\\\/product\\\/molino-de-carne-y-maiz-mc32m-16-220v-60-3f-3hp\\\/#breadcrumb\",\"itemListElement\":[{\"@type\":\"ListItem\",\"position\":1,\"name\":\"Home\",\"item\":\"https:\\\/\\\/biopesaje.com\\\/\"},{\"@type\":\"ListItem\",\"position\":2,\"name\":\"Productos\",\"item\":\"https:\\\/\\\/biopesaje.com\\\/index.php\\\/tienda\\\/\"},{\"@type\":\"ListItem\",\"position\":3,\"name\":\"Molino de carne y ma\u00edz MC32M-16 220V\\\/60\\\/3F 3HP\"}]},{\"@type\":\"WebSite\",\"@id\":\"https:\\\/\\\/biopesaje.com\\\/#website\",\"url\":\"https:\\\/\\\/biopesaje.com\\\/\",\"name\":\"BIOPESAJE S.A.S.\",\"description\":\"Ingenier\u00eda de pesaje, metrolog\u00eda y laboratorio.\",\"publisher\":{\"@id\":\"https:\\\/\\\/biopesaje.com\\\/#organization\"},\"potentialAction\":[{\"@type\":\"SearchAction\",\"target\":{\"@type\":\"EntryPoint\",\"urlTemplate\":\"https:\\\/\\\/biopesaje.com\\\/?s={search_term_string}\"},\"query-input\":{\"@type\":\"PropertyValueSpecification\",\"valueRequired\":true,\"valueName\":\"search_term_string\"}}],\"inLanguage\":\"es-CO\"},{\"@type\":\"Organization\",\"@id\":\"https:\\\/\\\/biopesaje.com\\\/#organization\",\"name\":\"BIOPESAJE S.A.S.\",\"url\":\"https:\\\/\\\/biopesaje.com\\\/\",\"logo\":{\"@type\":\"ImageObject\",\"inLanguage\":\"es-CO\",\"@id\":\"https:\\\/\\\/biopesaje.com\\\/#\\\/schema\\\/logo\\\/image\\\/\",\"url\":\"\",\"contentUrl\":\"\",\"caption\":\"BIOPESAJE S.A.S.\"},\"image\":{\"@id\":\"https:\\\/\\\/biopesaje.com\\\/#\\\/schema\\\/logo\\\/image\\\/\"}}]}<\/script>\n<!-- \/ Yoast SEO plugin. -->","yoast_head_json":{"title":"Molino de carne y ma\u00edz MC32M-16 220V\/60\/3F 3HP - BIOPESAJE S.A.S.","description":"Biopesaje S.A.S cuenta con la mejor selecci\u00f3n de equipos en categor\u00edas como pesaje, procesamiento y empaque de la industria alimenticia.","robots":{"index":"index","follow":"follow","max-snippet":"max-snippet:-1","max-image-preview":"max-image-preview:large","max-video-preview":"max-video-preview:-1"},"canonical":"https:\/\/biopesaje.com\/index.php\/product\/molino-de-carne-y-maiz-mc32m-16-220v-60-3f-3hp\/","og_locale":"es_ES","og_type":"article","og_title":"Molino de carne y ma\u00edz MC32M-16 220V\/60\/3F 3HP - BIOPESAJE S.A.S.","og_description":"Biopesaje S.A.S cuenta con la mejor selecci\u00f3n de equipos en categor\u00edas como pesaje, procesamiento y empaque de la industria alimenticia.","og_url":"https:\/\/biopesaje.com\/index.php\/product\/molino-de-carne-y-maiz-mc32m-16-220v-60-3f-3hp\/","og_site_name":"BIOPESAJE S.A.S.","article_modified_time":"2025-03-03T21:58:32+00:00","og_image":[{"width":600,"height":600,"url":"https:\/\/biopesaje.com\/wp-content\/uploads\/2025\/01\/MOLINO-DE-CARNE-Y-MAIZ-MC32M-16-220V603F-3HP.jpg","type":"image\/jpeg"}],"twitter_card":"summary_large_image","twitter_misc":{"Tiempo de lectura":"1 minuto"},"schema":{"@context":"https:\/\/schema.org","@graph":[{"@type":"WebPage","@id":"https:\/\/biopesaje.com\/index.php\/product\/molino-de-carne-y-maiz-mc32m-16-220v-60-3f-3hp\/","url":"https:\/\/biopesaje.com\/index.php\/product\/molino-de-carne-y-maiz-mc32m-16-220v-60-3f-3hp\/","name":"Molino de carne y ma\u00edz MC32M-16 220V\/60\/3F 3HP - BIOPESAJE S.A.S.","isPartOf":{"@id":"https:\/\/biopesaje.com\/#website"},"primaryImageOfPage":{"@id":"https:\/\/biopesaje.com\/index.php\/product\/molino-de-carne-y-maiz-mc32m-16-220v-60-3f-3hp\/#primaryimage"},"image":{"@id":"https:\/\/biopesaje.com\/index.php\/product\/molino-de-carne-y-maiz-mc32m-16-220v-60-3f-3hp\/#primaryimage"},"thumbnailUrl":"https:\/\/biopesaje.com\/wp-content\/uploads\/2025\/01\/MOLINO-DE-CARNE-Y-MAIZ-MC32M-16-220V603F-3HP.jpg","datePublished":"2025-01-15T20:41:53+00:00","dateModified":"2025-03-03T21:58:32+00:00","description":"Biopesaje S.A.S cuenta con la mejor selecci\u00f3n de equipos en categor\u00edas como pesaje, procesamiento y empaque de la industria alimenticia.","breadcrumb":{"@id":"https:\/\/biopesaje.com\/index.php\/product\/molino-de-carne-y-maiz-mc32m-16-220v-60-3f-3hp\/#breadcrumb"},"inLanguage":"es-CO","potentialAction":[{"@type":"ReadAction","target":["https:\/\/biopesaje.com\/index.php\/product\/molino-de-carne-y-maiz-mc32m-16-220v-60-3f-3hp\/"]}]},{"@type":"ImageObject","inLanguage":"es-CO","@id":"https:\/\/biopesaje.com\/index.php\/product\/molino-de-carne-y-maiz-mc32m-16-220v-60-3f-3hp\/#primaryimage","url":"https:\/\/biopesaje.com\/wp-content\/uploads\/2025\/01\/MOLINO-DE-CARNE-Y-MAIZ-MC32M-16-220V603F-3HP.jpg","contentUrl":"https:\/\/biopesaje.com\/wp-content\/uploads\/2025\/01\/MOLINO-DE-CARNE-Y-MAIZ-MC32M-16-220V603F-3HP.jpg","width":600,"height":600},{"@type":"BreadcrumbList","@id":"https:\/\/biopesaje.com\/index.php\/product\/molino-de-carne-y-maiz-mc32m-16-220v-60-3f-3hp\/#breadcrumb","itemListElement":[{"@type":"ListItem","position":1,"name":"Home","item":"https:\/\/biopesaje.com\/"},{"@type":"ListItem","position":2,"name":"Productos","item":"https:\/\/biopesaje.com\/index.php\/tienda\/"},{"@type":"ListItem","position":3,"name":"Molino de carne y ma\u00edz MC32M-16 220V\/60\/3F 3HP"}]},{"@type":"WebSite","@id":"https:\/\/biopesaje.com\/#website","url":"https:\/\/biopesaje.com\/","name":"BIOPESAJE S.A.S.","description":"Ingenier\u00eda de pesaje, metrolog\u00eda y laboratorio.","publisher":{"@id":"https:\/\/biopesaje.com\/#organization"},"potentialAction":[{"@type":"SearchAction","target":{"@type":"EntryPoint","urlTemplate":"https:\/\/biopesaje.com\/?s={search_term_string}"},"query-input":{"@type":"PropertyValueSpecification","valueRequired":true,"valueName":"search_term_string"}}],"inLanguage":"es-CO"},{"@type":"Organization","@id":"https:\/\/biopesaje.com\/#organization","name":"BIOPESAJE S.A.S.","url":"https:\/\/biopesaje.com\/","logo":{"@type":"ImageObject","inLanguage":"es-CO","@id":"https:\/\/biopesaje.com\/#\/schema\/logo\/image\/","url":"","contentUrl":"","caption":"BIOPESAJE S.A.S."},"image":{"@id":"https:\/\/biopesaje.com\/#\/schema\/logo\/image\/"}}]}},"uagb_featured_image_src":{"full":["https:\/\/biopesaje.com\/wp-content\/uploads\/2025\/01\/MOLINO-DE-CARNE-Y-MAIZ-MC32M-16-220V603F-3HP.jpg",600,600,false],"thumbnail":["https:\/\/biopesaje.com\/wp-content\/uploads\/2025\/01\/MOLINO-DE-CARNE-Y-MAIZ-MC32M-16-220V603F-3HP-150x150.jpg",150,150,true],"medium":["https:\/\/biopesaje.com\/wp-content\/uploads\/2025\/01\/MOLINO-DE-CARNE-Y-MAIZ-MC32M-16-220V603F-3HP-300x300.jpg",300,300,true],"medium_large":["https:\/\/biopesaje.com\/wp-content\/uploads\/2025\/01\/MOLINO-DE-CARNE-Y-MAIZ-MC32M-16-220V603F-3HP.jpg",600,600,false],"large":["https:\/\/biopesaje.com\/wp-content\/uploads\/2025\/01\/MOLINO-DE-CARNE-Y-MAIZ-MC32M-16-220V603F-3HP.jpg",600,600,false],"1536x1536":["https:\/\/biopesaje.com\/wp-content\/uploads\/2025\/01\/MOLINO-DE-CARNE-Y-MAIZ-MC32M-16-220V603F-3HP.jpg",600,600,false],"2048x2048":["https:\/\/biopesaje.com\/wp-content\/uploads\/2025\/01\/MOLINO-DE-CARNE-Y-MAIZ-MC32M-16-220V603F-3HP.jpg",600,600,false],"woocommerce_thumbnail":["https:\/\/biopesaje.com\/wp-content\/uploads\/2025\/01\/MOLINO-DE-CARNE-Y-MAIZ-MC32M-16-220V603F-3HP-320x320.jpg",320,320,true],"woocommerce_single":["https:\/\/biopesaje.com\/wp-content\/uploads\/2025\/01\/MOLINO-DE-CARNE-Y-MAIZ-MC32M-16-220V603F-3HP.jpg",600,600,false],"woocommerce_gallery_thumbnail":["https:\/\/biopesaje.com\/wp-content\/uploads\/2025\/01\/MOLINO-DE-CARNE-Y-MAIZ-MC32M-16-220V603F-3HP-100x100.jpg",100,100,true],"thaps-thumb-img":["https:\/\/biopesaje.com\/wp-content\/uploads\/2025\/01\/MOLINO-DE-CARNE-Y-MAIZ-MC32M-16-220V603F-3HP-48x48.jpg",48,48,true],"taiowc-thumb-img":["https:\/\/biopesaje.com\/wp-content\/uploads\/2025\/01\/MOLINO-DE-CARNE-Y-MAIZ-MC32M-16-220V603F-3HP-48x48.jpg",48,48,true]},"uagb_author_info":{"display_name":"Diego Martinez","author_link":"https:\/\/biopesaje.com\/index.php\/author\/"},"uagb_comment_info":0,"uagb_excerpt":"El Molino de Carne y Ma\u00edz MC32M-16 de JAVAR es un equipo robusto de 3 HP, ideal para procesar carne, ma\u00edz y otros granos cocidos en entornos comerciales. Con capacidad de 10 kg por minuto, opera a 220V, 60Hz y 3 fases. Su dise\u00f1o resistente incluye pi\u00f1ones de acero y funci\u00f3n de reversa, ofreciendo alto&hellip;","jetpack_sharing_enabled":true,"_links":{"self":[{"href":"https:\/\/biopesaje.com\/index.php\/wp-json\/wp\/v2\/product\/5065","targetHints":{"allow":["GET"]}}],"collection":[{"href":"https:\/\/biopesaje.com\/index.php\/wp-json\/wp\/v2\/product"}],"about":[{"href":"https:\/\/biopesaje.com\/index.php\/wp-json\/wp\/v2\/types\/product"}],"version-history":[{"count":7,"href":"https:\/\/biopesaje.com\/index.php\/wp-json\/wp\/v2\/product\/5065\/revisions"}],"predecessor-version":[{"id":6558,"href":"https:\/\/biopesaje.com\/index.php\/wp-json\/wp\/v2\/product\/5065\/revisions\/6558"}],"wp:featuredmedia":[{"embeddable":true,"href":"https:\/\/biopesaje.com\/index.php\/wp-json\/wp\/v2\/media\/5064"}],"wp:attachment":[{"href":"https:\/\/biopesaje.com\/index.php\/wp-json\/wp\/v2\/media?parent=5065"}],"wp:term":[{"taxonomy":"product_brand","embeddable":true,"href":"https:\/\/biopesaje.com\/index.php\/wp-json\/wp\/v2\/product_brand?post=5065"},{"taxonomy":"product_cat","embeddable":true,"href":"https:\/\/biopesaje.com\/index.php\/wp-json\/wp\/v2\/product_cat?post=5065"},{"taxonomy":"product_tag","embeddable":true,"href":"https:\/\/biopesaje.com\/index.php\/wp-json\/wp\/v2\/product_tag?post=5065"}],"curies":[{"name":"wp","href":"https:\/\/api.w.org\/{rel}","templated":true}]}}