{"id":6239,"date":"2025-02-21T15:12:19","date_gmt":"2025-02-21T15:12:19","guid":{"rendered":"https:\/\/biopesaje.com\/?post_type=product&#038;p=6239"},"modified":"2025-09-02T17:22:25","modified_gmt":"2025-09-02T17:22:25","slug":"siera-para-hueso-carnes-acero-inoxidable-bs78-24-220v-60-2f-1hp","status":"publish","type":"product","link":"https:\/\/biopesaje.com\/index.php\/product\/siera-para-hueso-carnes-acero-inoxidable-bs78-24-220v-60-2f-1hp\/","title":{"rendered":"SIERRA BS78-24 220V\/60\/2F 1HP"},"content":{"rendered":"\t\t<div data-elementor-type=\"wp-post\" data-elementor-id=\"6239\" class=\"elementor elementor-6239\" data-elementor-post-type=\"product\">\n\t\t\t\t\t\t<section class=\"elementor-section elementor-top-section elementor-element elementor-element-73116765 elementor-section-boxed elementor-section-height-default elementor-section-height-default\" data-id=\"73116765\" data-element_type=\"section\" data-e-type=\"section\">\n\t\t\t\t\t\t<div class=\"elementor-container elementor-column-gap-default\">\n\t\t\t\t\t<div class=\"elementor-column elementor-col-100 elementor-top-column elementor-element elementor-element-89ce1e1\" data-id=\"89ce1e1\" data-element_type=\"column\" data-e-type=\"column\">\n\t\t\t<div class=\"elementor-widget-wrap elementor-element-populated\">\n\t\t\t\t\t\t<div class=\"elementor-element elementor-element-5eec70dd elementor-widget elementor-widget-text-editor\" data-id=\"5eec70dd\" data-element_type=\"widget\" data-e-type=\"widget\" data-widget_type=\"text-editor.default\">\n\t\t\t\t<div class=\"elementor-widget-container\">\n\t\t\t\t\t\t\t\t\t<p>Sierra para corte de carne con hueso o carne congelada marca JAVAR l\u00ednea SOLUTION. Modelo de piso para uso intermitente, ideal para peque\u00f1as carnicer\u00edas. Puede procesar hasta 1 canal diaria (200 kg\/d\u00eda). Estructura y volantes fabricados en acero inoxidable, material que cumple las actuales normas sanitarias (decretos 1500 y 3075). Altura de corte 22 cm, ancho de garganta 21 cm. Longitud de la cinta 78&#8243;. Di\u00e1metro del volante 25 cm. Reductor de larga vida con pi\u00f1ones de acero en ba\u00f1o de aceite. Potencia 1 HP, tensi\u00f3n 220 Volt, 60 Hz, 2 fases. Dim 65x80xH150 cm, peso neto 102 kg. Origen: Colombia<\/p>\t\t\t\t\t\t\t\t<\/div>\n\t\t\t\t<\/div>\n\t\t\t\t\t<\/div>\n\t\t<\/div>\n\t\t\t\t\t<\/div>\n\t\t<\/section>\n\t\t\t\t<section class=\"elementor-section elementor-top-section elementor-element elementor-element-d2b1923 elementor-section-boxed elementor-section-height-default elementor-section-height-default\" data-id=\"d2b1923\" data-element_type=\"section\" data-e-type=\"section\">\n\t\t\t\t\t\t<div class=\"elementor-container elementor-column-gap-default\">\n\t\t\t\t\t<div class=\"elementor-column elementor-col-100 elementor-top-column elementor-element elementor-element-094d887\" data-id=\"094d887\" data-element_type=\"column\" data-e-type=\"column\">\n\t\t\t<div class=\"elementor-widget-wrap elementor-element-populated\">\n\t\t\t\t\t\t<div class=\"elementor-element elementor-element-eb3b986 elementor-widget elementor-widget-heading\" data-id=\"eb3b986\" data-element_type=\"widget\" data-e-type=\"widget\" data-widget_type=\"heading.default\">\n\t\t\t\t<div class=\"elementor-widget-container\">\n\t\t\t\t\t<h3 class=\"elementor-heading-title elementor-size-default\">Documentaci\u00f3n<\/h3>\t\t\t\t<\/div>\n\t\t\t\t<\/div>\n\t\t\t\t<div class=\"elementor-element elementor-element-2fef9b9 elementor-widget elementor-widget-eael-adv-accordion\" data-id=\"2fef9b9\" data-element_type=\"widget\" data-e-type=\"widget\" data-widget_type=\"eael-adv-accordion.default\">\n\t\t\t\t<div class=\"elementor-widget-container\">\n\t\t\t\t\t            <div class=\"eael-adv-accordion\" id=\"eael-adv-accordion-2fef9b9\" data-scroll-on-click=\"no\" data-scroll-speed=\"300\" data-accordion-id=\"2fef9b9\" data-accordion-type=\"accordion\" data-toogle-speed=\"300\">\n            <div class=\"eael-accordion-list\">\n\t\t\t\t\t<div id=\"documentos\" class=\"elementor-tab-title eael-accordion-header active-default\" tabindex=\"0\" data-tab=\"1\" aria-controls=\"elementor-tab-content-5021\"><span class=\"eael-advanced-accordion-icon-closed\"><i aria-hidden=\"true\" class=\"fa-accordion-icon far fa-file-pdf\"><\/i><\/span><span class=\"eael-advanced-accordion-icon-opened\"><i aria-hidden=\"true\" class=\"fa-accordion-icon fas fa-minus\"><\/i><\/span><span class=\"eael-accordion-tab-title\">Documentos<\/span><i aria-hidden=\"true\" class=\"fa-toggle fas fa-angle-right\"><\/i><\/div><div id=\"elementor-tab-content-5021\" class=\"eael-accordion-content clearfix active-default\" data-tab=\"1\" aria-labelledby=\"documentos\"><p><a href=\"https:\/\/biopesaje.com\/wp-content\/uploads\/2025\/02\/CATALOGO-JAVAR-SIERRAS-SOLUTION.pdf\" target=\"_blank\" rel=\"noopener\"><img decoding=\"async\" class=\"wp-image-2526 alignnone\" src=\"https:\/\/biopesaje.com\/wp-content\/uploads\/2022\/02\/391px-PDF_file_icon.svg.png\" alt=\"\" width=\"30\" height=\"37\" srcset=\"https:\/\/biopesaje.com\/wp-content\/uploads\/2022\/02\/391px-PDF_file_icon.svg.png 391w, https:\/\/biopesaje.com\/wp-content\/uploads\/2022\/02\/391px-PDF_file_icon.svg-300x368.png 300w, https:\/\/biopesaje.com\/wp-content\/uploads\/2022\/02\/391px-PDF_file_icon.svg-244x300.png 244w, https:\/\/biopesaje.com\/wp-content\/uploads\/2022\/02\/391px-PDF_file_icon.svg-48x59.png 48w\" sizes=\"(max-width: 30px) 100vw, 30px\" \/>SIERRA PARA CARNE BS78-24 220V-60-2F 1HP<\/a><\/p><h1 class=\"product_title entry-title\">\u00a0<\/h1><\/div>\n\t\t\t\t\t<\/div><\/div>\t\t\t\t<\/div>\n\t\t\t\t<\/div>\n\t\t\t\t\t<\/div>\n\t\t<\/div>\n\t\t\t\t\t<\/div>\n\t\t<\/section>\n\t\t\t\t<\/div>\n\t\t","protected":false},"excerpt":{"rendered":"<p>La sierra para carne BS78 es una herramienta profesional dise\u00f1ada para ofrecer un corte eficiente y preciso en el procesamiento de carne. Con un potente motor de 1 HP que funciona a 220V, esta sierra es ideal para carnicer\u00edas, restaurantes y empresas de alimentos. Su estructura robusta garantiza durabilidad, mientras que su dise\u00f1o intuitivo facilita su uso y asegura la seguridad del operador. La BS78 permite realizar cortes de diferentes tama\u00f1os con rapidez, optimizando el tiempo de trabajo. Es una opci\u00f3n confiable para quienes buscan mejorar su equipo de cocina y ofrecer un servicio de alta calidad en el manejo de carne.<\/p>\n","protected":false},"featured_media":9695,"template":"","meta":{"_uag_custom_page_level_css":"","_joinchat":[]},"product_brand":[],"product_cat":[95],"product_tag":[],"class_list":{"0":"post-6239","1":"product","2":"type-product","3":"status-publish","4":"has-post-thumbnail","6":"product_cat-sierra-hueso-inox","7":"thunk-woo-product-list","8":"opn-qv-enable","9":"top-store-woo-hover-none","10":"top-store-single-product-tab-horizontal","11":"top-store-shadow-","12":"top-store-shadow-hover-","14":"first","15":"instock","16":"taxable","17":"shipping-taxable","18":"product-type-simple"},"yoast_head":"<!-- This site is optimized with the Yoast SEO plugin v27.3 - https:\/\/yoast.com\/product\/yoast-seo-wordpress\/ -->\n<title>SIERRA BS78-24 220V\/60\/2F 1HP - BIOPESAJE S.A.S.<\/title>\n<meta name=\"description\" content=\"Biopesaje S.A.S cuenta con la mejor selecci\u00f3n de equipos en categor\u00edas como pesaje, procesamiento y empaque de la industria alimenticia.\" \/>\n<meta name=\"robots\" content=\"index, follow, max-snippet:-1, max-image-preview:large, max-video-preview:-1\" \/>\n<link rel=\"canonical\" href=\"https:\/\/biopesaje.com\/index.php\/product\/siera-para-hueso-carnes-acero-inoxidable-bs78-24-220v-60-2f-1hp\/\" \/>\n<meta property=\"og:locale\" content=\"es_ES\" \/>\n<meta property=\"og:type\" content=\"article\" \/>\n<meta property=\"og:title\" content=\"SIERRA BS78-24 220V\/60\/2F 1HP - BIOPESAJE S.A.S.\" \/>\n<meta property=\"og:description\" content=\"Biopesaje S.A.S cuenta con la mejor selecci\u00f3n de equipos en categor\u00edas como pesaje, procesamiento y empaque de la industria alimenticia.\" \/>\n<meta property=\"og:url\" content=\"https:\/\/biopesaje.com\/index.php\/product\/siera-para-hueso-carnes-acero-inoxidable-bs78-24-220v-60-2f-1hp\/\" \/>\n<meta property=\"og:site_name\" content=\"BIOPESAJE S.A.S.\" \/>\n<meta property=\"article:modified_time\" content=\"2025-09-02T17:22:25+00:00\" \/>\n<meta property=\"og:image\" content=\"https:\/\/biopesaje.com\/wp-content\/uploads\/2025\/02\/SIERRA-PARA-CARNE-BS88-24-110V-60-1F-2HP-1.jpg\" \/>\n\t<meta property=\"og:image:width\" content=\"1024\" \/>\n\t<meta property=\"og:image:height\" content=\"1024\" \/>\n\t<meta property=\"og:image:type\" content=\"image\/jpeg\" \/>\n<meta name=\"twitter:card\" content=\"summary_large_image\" \/>\n<meta name=\"twitter:label1\" content=\"Tiempo de lectura\" \/>\n\t<meta name=\"twitter:data1\" content=\"1 minuto\" \/>\n<script type=\"application\/ld+json\" class=\"yoast-schema-graph\">{\"@context\":\"https:\\\/\\\/schema.org\",\"@graph\":[{\"@type\":\"WebPage\",\"@id\":\"https:\\\/\\\/biopesaje.com\\\/index.php\\\/product\\\/siera-para-hueso-carnes-acero-inoxidable-bs78-24-220v-60-2f-1hp\\\/\",\"url\":\"https:\\\/\\\/biopesaje.com\\\/index.php\\\/product\\\/siera-para-hueso-carnes-acero-inoxidable-bs78-24-220v-60-2f-1hp\\\/\",\"name\":\"SIERRA BS78-24 220V\\\/60\\\/2F 1HP - BIOPESAJE S.A.S.\",\"isPartOf\":{\"@id\":\"https:\\\/\\\/biopesaje.com\\\/#website\"},\"primaryImageOfPage\":{\"@id\":\"https:\\\/\\\/biopesaje.com\\\/index.php\\\/product\\\/siera-para-hueso-carnes-acero-inoxidable-bs78-24-220v-60-2f-1hp\\\/#primaryimage\"},\"image\":{\"@id\":\"https:\\\/\\\/biopesaje.com\\\/index.php\\\/product\\\/siera-para-hueso-carnes-acero-inoxidable-bs78-24-220v-60-2f-1hp\\\/#primaryimage\"},\"thumbnailUrl\":\"https:\\\/\\\/biopesaje.com\\\/wp-content\\\/uploads\\\/2025\\\/02\\\/SIERRA-PARA-CARNE-BS88-24-110V-60-1F-2HP-1.jpg\",\"datePublished\":\"2025-02-21T15:12:19+00:00\",\"dateModified\":\"2025-09-02T17:22:25+00:00\",\"description\":\"Biopesaje S.A.S cuenta con la mejor selecci\u00f3n de equipos en categor\u00edas como pesaje, procesamiento y empaque de la industria alimenticia.\",\"breadcrumb\":{\"@id\":\"https:\\\/\\\/biopesaje.com\\\/index.php\\\/product\\\/siera-para-hueso-carnes-acero-inoxidable-bs78-24-220v-60-2f-1hp\\\/#breadcrumb\"},\"inLanguage\":\"es-CO\",\"potentialAction\":[{\"@type\":\"ReadAction\",\"target\":[\"https:\\\/\\\/biopesaje.com\\\/index.php\\\/product\\\/siera-para-hueso-carnes-acero-inoxidable-bs78-24-220v-60-2f-1hp\\\/\"]}]},{\"@type\":\"ImageObject\",\"inLanguage\":\"es-CO\",\"@id\":\"https:\\\/\\\/biopesaje.com\\\/index.php\\\/product\\\/siera-para-hueso-carnes-acero-inoxidable-bs78-24-220v-60-2f-1hp\\\/#primaryimage\",\"url\":\"https:\\\/\\\/biopesaje.com\\\/wp-content\\\/uploads\\\/2025\\\/02\\\/SIERRA-PARA-CARNE-BS88-24-110V-60-1F-2HP-1.jpg\",\"contentUrl\":\"https:\\\/\\\/biopesaje.com\\\/wp-content\\\/uploads\\\/2025\\\/02\\\/SIERRA-PARA-CARNE-BS88-24-110V-60-1F-2HP-1.jpg\",\"width\":1024,\"height\":1024},{\"@type\":\"BreadcrumbList\",\"@id\":\"https:\\\/\\\/biopesaje.com\\\/index.php\\\/product\\\/siera-para-hueso-carnes-acero-inoxidable-bs78-24-220v-60-2f-1hp\\\/#breadcrumb\",\"itemListElement\":[{\"@type\":\"ListItem\",\"position\":1,\"name\":\"Home\",\"item\":\"https:\\\/\\\/biopesaje.com\\\/\"},{\"@type\":\"ListItem\",\"position\":2,\"name\":\"Productos\",\"item\":\"https:\\\/\\\/biopesaje.com\\\/index.php\\\/tienda\\\/\"},{\"@type\":\"ListItem\",\"position\":3,\"name\":\"SIERRA BS78-24 220V\\\/60\\\/2F 1HP\"}]},{\"@type\":\"WebSite\",\"@id\":\"https:\\\/\\\/biopesaje.com\\\/#website\",\"url\":\"https:\\\/\\\/biopesaje.com\\\/\",\"name\":\"BIOPESAJE S.A.S.\",\"description\":\"Ingenier\u00eda de pesaje, metrolog\u00eda y laboratorio.\",\"publisher\":{\"@id\":\"https:\\\/\\\/biopesaje.com\\\/#organization\"},\"potentialAction\":[{\"@type\":\"SearchAction\",\"target\":{\"@type\":\"EntryPoint\",\"urlTemplate\":\"https:\\\/\\\/biopesaje.com\\\/?s={search_term_string}\"},\"query-input\":{\"@type\":\"PropertyValueSpecification\",\"valueRequired\":true,\"valueName\":\"search_term_string\"}}],\"inLanguage\":\"es-CO\"},{\"@type\":\"Organization\",\"@id\":\"https:\\\/\\\/biopesaje.com\\\/#organization\",\"name\":\"BIOPESAJE S.A.S.\",\"url\":\"https:\\\/\\\/biopesaje.com\\\/\",\"logo\":{\"@type\":\"ImageObject\",\"inLanguage\":\"es-CO\",\"@id\":\"https:\\\/\\\/biopesaje.com\\\/#\\\/schema\\\/logo\\\/image\\\/\",\"url\":\"\",\"contentUrl\":\"\",\"caption\":\"BIOPESAJE S.A.S.\"},\"image\":{\"@id\":\"https:\\\/\\\/biopesaje.com\\\/#\\\/schema\\\/logo\\\/image\\\/\"}}]}<\/script>\n<!-- \/ Yoast SEO plugin. -->","yoast_head_json":{"title":"SIERRA BS78-24 220V\/60\/2F 1HP - BIOPESAJE S.A.S.","description":"Biopesaje S.A.S cuenta con la mejor selecci\u00f3n de equipos en categor\u00edas como pesaje, procesamiento y empaque de la industria alimenticia.","robots":{"index":"index","follow":"follow","max-snippet":"max-snippet:-1","max-image-preview":"max-image-preview:large","max-video-preview":"max-video-preview:-1"},"canonical":"https:\/\/biopesaje.com\/index.php\/product\/siera-para-hueso-carnes-acero-inoxidable-bs78-24-220v-60-2f-1hp\/","og_locale":"es_ES","og_type":"article","og_title":"SIERRA BS78-24 220V\/60\/2F 1HP - BIOPESAJE S.A.S.","og_description":"Biopesaje S.A.S cuenta con la mejor selecci\u00f3n de equipos en categor\u00edas como pesaje, procesamiento y empaque de la industria alimenticia.","og_url":"https:\/\/biopesaje.com\/index.php\/product\/siera-para-hueso-carnes-acero-inoxidable-bs78-24-220v-60-2f-1hp\/","og_site_name":"BIOPESAJE S.A.S.","article_modified_time":"2025-09-02T17:22:25+00:00","og_image":[{"width":1024,"height":1024,"url":"https:\/\/biopesaje.com\/wp-content\/uploads\/2025\/02\/SIERRA-PARA-CARNE-BS88-24-110V-60-1F-2HP-1.jpg","type":"image\/jpeg"}],"twitter_card":"summary_large_image","twitter_misc":{"Tiempo de lectura":"1 minuto"},"schema":{"@context":"https:\/\/schema.org","@graph":[{"@type":"WebPage","@id":"https:\/\/biopesaje.com\/index.php\/product\/siera-para-hueso-carnes-acero-inoxidable-bs78-24-220v-60-2f-1hp\/","url":"https:\/\/biopesaje.com\/index.php\/product\/siera-para-hueso-carnes-acero-inoxidable-bs78-24-220v-60-2f-1hp\/","name":"SIERRA BS78-24 220V\/60\/2F 1HP - BIOPESAJE S.A.S.","isPartOf":{"@id":"https:\/\/biopesaje.com\/#website"},"primaryImageOfPage":{"@id":"https:\/\/biopesaje.com\/index.php\/product\/siera-para-hueso-carnes-acero-inoxidable-bs78-24-220v-60-2f-1hp\/#primaryimage"},"image":{"@id":"https:\/\/biopesaje.com\/index.php\/product\/siera-para-hueso-carnes-acero-inoxidable-bs78-24-220v-60-2f-1hp\/#primaryimage"},"thumbnailUrl":"https:\/\/biopesaje.com\/wp-content\/uploads\/2025\/02\/SIERRA-PARA-CARNE-BS88-24-110V-60-1F-2HP-1.jpg","datePublished":"2025-02-21T15:12:19+00:00","dateModified":"2025-09-02T17:22:25+00:00","description":"Biopesaje S.A.S cuenta con la mejor selecci\u00f3n de equipos en categor\u00edas como pesaje, procesamiento y empaque de la industria alimenticia.","breadcrumb":{"@id":"https:\/\/biopesaje.com\/index.php\/product\/siera-para-hueso-carnes-acero-inoxidable-bs78-24-220v-60-2f-1hp\/#breadcrumb"},"inLanguage":"es-CO","potentialAction":[{"@type":"ReadAction","target":["https:\/\/biopesaje.com\/index.php\/product\/siera-para-hueso-carnes-acero-inoxidable-bs78-24-220v-60-2f-1hp\/"]}]},{"@type":"ImageObject","inLanguage":"es-CO","@id":"https:\/\/biopesaje.com\/index.php\/product\/siera-para-hueso-carnes-acero-inoxidable-bs78-24-220v-60-2f-1hp\/#primaryimage","url":"https:\/\/biopesaje.com\/wp-content\/uploads\/2025\/02\/SIERRA-PARA-CARNE-BS88-24-110V-60-1F-2HP-1.jpg","contentUrl":"https:\/\/biopesaje.com\/wp-content\/uploads\/2025\/02\/SIERRA-PARA-CARNE-BS88-24-110V-60-1F-2HP-1.jpg","width":1024,"height":1024},{"@type":"BreadcrumbList","@id":"https:\/\/biopesaje.com\/index.php\/product\/siera-para-hueso-carnes-acero-inoxidable-bs78-24-220v-60-2f-1hp\/#breadcrumb","itemListElement":[{"@type":"ListItem","position":1,"name":"Home","item":"https:\/\/biopesaje.com\/"},{"@type":"ListItem","position":2,"name":"Productos","item":"https:\/\/biopesaje.com\/index.php\/tienda\/"},{"@type":"ListItem","position":3,"name":"SIERRA BS78-24 220V\/60\/2F 1HP"}]},{"@type":"WebSite","@id":"https:\/\/biopesaje.com\/#website","url":"https:\/\/biopesaje.com\/","name":"BIOPESAJE S.A.S.","description":"Ingenier\u00eda de pesaje, metrolog\u00eda y laboratorio.","publisher":{"@id":"https:\/\/biopesaje.com\/#organization"},"potentialAction":[{"@type":"SearchAction","target":{"@type":"EntryPoint","urlTemplate":"https:\/\/biopesaje.com\/?s={search_term_string}"},"query-input":{"@type":"PropertyValueSpecification","valueRequired":true,"valueName":"search_term_string"}}],"inLanguage":"es-CO"},{"@type":"Organization","@id":"https:\/\/biopesaje.com\/#organization","name":"BIOPESAJE S.A.S.","url":"https:\/\/biopesaje.com\/","logo":{"@type":"ImageObject","inLanguage":"es-CO","@id":"https:\/\/biopesaje.com\/#\/schema\/logo\/image\/","url":"","contentUrl":"","caption":"BIOPESAJE S.A.S."},"image":{"@id":"https:\/\/biopesaje.com\/#\/schema\/logo\/image\/"}}]}},"uagb_featured_image_src":{"full":["https:\/\/biopesaje.com\/wp-content\/uploads\/2025\/02\/SIERRA-PARA-CARNE-BS88-24-110V-60-1F-2HP-1.jpg",1024,1024,false],"thumbnail":["https:\/\/biopesaje.com\/wp-content\/uploads\/2025\/02\/SIERRA-PARA-CARNE-BS88-24-110V-60-1F-2HP-1-150x150.jpg",150,150,true],"medium":["https:\/\/biopesaje.com\/wp-content\/uploads\/2025\/02\/SIERRA-PARA-CARNE-BS88-24-110V-60-1F-2HP-1-300x300.jpg",300,300,true],"medium_large":["https:\/\/biopesaje.com\/wp-content\/uploads\/2025\/02\/SIERRA-PARA-CARNE-BS88-24-110V-60-1F-2HP-1-768x768.jpg",640,640,true],"large":["https:\/\/biopesaje.com\/wp-content\/uploads\/2025\/02\/SIERRA-PARA-CARNE-BS88-24-110V-60-1F-2HP-1.jpg",640,640,false],"1536x1536":["https:\/\/biopesaje.com\/wp-content\/uploads\/2025\/02\/SIERRA-PARA-CARNE-BS88-24-110V-60-1F-2HP-1.jpg",1024,1024,false],"2048x2048":["https:\/\/biopesaje.com\/wp-content\/uploads\/2025\/02\/SIERRA-PARA-CARNE-BS88-24-110V-60-1F-2HP-1.jpg",1024,1024,false],"woocommerce_thumbnail":["https:\/\/biopesaje.com\/wp-content\/uploads\/2025\/02\/SIERRA-PARA-CARNE-BS88-24-110V-60-1F-2HP-1-320x320.jpg",320,320,true],"woocommerce_single":["https:\/\/biopesaje.com\/wp-content\/uploads\/2025\/02\/SIERRA-PARA-CARNE-BS88-24-110V-60-1F-2HP-1.jpg",1024,1024,false],"woocommerce_gallery_thumbnail":["https:\/\/biopesaje.com\/wp-content\/uploads\/2025\/02\/SIERRA-PARA-CARNE-BS88-24-110V-60-1F-2HP-1-100x100.jpg",100,100,true],"thaps-thumb-img":["https:\/\/biopesaje.com\/wp-content\/uploads\/2025\/02\/SIERRA-PARA-CARNE-BS88-24-110V-60-1F-2HP-1-48x48.jpg",48,48,true],"taiowc-thumb-img":["https:\/\/biopesaje.com\/wp-content\/uploads\/2025\/02\/SIERRA-PARA-CARNE-BS88-24-110V-60-1F-2HP-1-48x48.jpg",48,48,true]},"uagb_author_info":{"display_name":"Diego Martinez","author_link":"https:\/\/biopesaje.com\/index.php\/author\/"},"uagb_comment_info":0,"uagb_excerpt":"La sierra para carne BS78 es una herramienta profesional dise\u00f1ada para ofrecer un corte eficiente y preciso en el procesamiento de carne. Con un potente motor de 1 HP que funciona a 220V, esta sierra es ideal para carnicer\u00edas, restaurantes y empresas de alimentos. Su estructura robusta garantiza durabilidad, mientras que su dise\u00f1o intuitivo facilita&hellip;","jetpack_sharing_enabled":true,"_links":{"self":[{"href":"https:\/\/biopesaje.com\/index.php\/wp-json\/wp\/v2\/product\/6239","targetHints":{"allow":["GET"]}}],"collection":[{"href":"https:\/\/biopesaje.com\/index.php\/wp-json\/wp\/v2\/product"}],"about":[{"href":"https:\/\/biopesaje.com\/index.php\/wp-json\/wp\/v2\/types\/product"}],"version-history":[{"count":8,"href":"https:\/\/biopesaje.com\/index.php\/wp-json\/wp\/v2\/product\/6239\/revisions"}],"predecessor-version":[{"id":9697,"href":"https:\/\/biopesaje.com\/index.php\/wp-json\/wp\/v2\/product\/6239\/revisions\/9697"}],"wp:featuredmedia":[{"embeddable":true,"href":"https:\/\/biopesaje.com\/index.php\/wp-json\/wp\/v2\/media\/9695"}],"wp:attachment":[{"href":"https:\/\/biopesaje.com\/index.php\/wp-json\/wp\/v2\/media?parent=6239"}],"wp:term":[{"taxonomy":"product_brand","embeddable":true,"href":"https:\/\/biopesaje.com\/index.php\/wp-json\/wp\/v2\/product_brand?post=6239"},{"taxonomy":"product_cat","embeddable":true,"href":"https:\/\/biopesaje.com\/index.php\/wp-json\/wp\/v2\/product_cat?post=6239"},{"taxonomy":"product_tag","embeddable":true,"href":"https:\/\/biopesaje.com\/index.php\/wp-json\/wp\/v2\/product_tag?post=6239"}],"curies":[{"name":"wp","href":"https:\/\/api.w.org\/{rel}","templated":true}]}}