{"id":6446,"date":"2025-02-28T22:21:47","date_gmt":"2025-02-28T22:21:47","guid":{"rendered":"https:\/\/biopesaje.com\/?post_type=product&#038;p=6446"},"modified":"2025-03-18T21:05:21","modified_gmt":"2025-03-18T21:05:21","slug":"x15-win-industriales-comerciales-alta-precision-facilidad-de-uso-pantalla-tactil-de-15-pulgadas-acero-inoxidable-gran-durabilidad-entornos-exigentes-conectividad-versatilpuertos-rs232-usb-2-0-rj45-y","status":"publish","type":"product","link":"https:\/\/biopesaje.com\/index.php\/product\/x15-win-industriales-comerciales-alta-precision-facilidad-de-uso-pantalla-tactil-de-15-pulgadas-acero-inoxidable-gran-durabilidad-entornos-exigentes-conectividad-versatilpuertos-rs232-usb-2-0-rj45-y\/","title":{"rendered":"X-15WIN"},"content":{"rendered":"\t\t<div data-elementor-type=\"wp-post\" data-elementor-id=\"6446\" class=\"elementor elementor-6446\" data-elementor-post-type=\"product\">\n\t\t\t\t\t\t<section class=\"elementor-section elementor-top-section elementor-element elementor-element-19d738a elementor-section-boxed elementor-section-height-default elementor-section-height-default\" data-id=\"19d738a\" data-element_type=\"section\" data-e-type=\"section\">\n\t\t\t\t\t\t<div class=\"elementor-container elementor-column-gap-default\">\n\t\t\t\t\t<div class=\"elementor-column elementor-col-100 elementor-top-column elementor-element elementor-element-a6661dd\" data-id=\"a6661dd\" data-element_type=\"column\" data-e-type=\"column\">\n\t\t\t<div class=\"elementor-widget-wrap elementor-element-populated\">\n\t\t\t\t\t\t<div class=\"elementor-element elementor-element-8d1cf26 elementor-widget elementor-widget-heading\" data-id=\"8d1cf26\" data-element_type=\"widget\" data-e-type=\"widget\" data-widget_type=\"heading.default\">\n\t\t\t\t<div class=\"elementor-widget-container\">\n\t\t\t\t\t<h3 class=\"elementor-heading-title elementor-size-default\">Documentaci\u00f3n<\/h3>\t\t\t\t<\/div>\n\t\t\t\t<\/div>\n\t\t\t\t<div class=\"elementor-element elementor-element-a0ce331 elementor-widget elementor-widget-eael-adv-accordion\" data-id=\"a0ce331\" data-element_type=\"widget\" data-e-type=\"widget\" data-widget_type=\"eael-adv-accordion.default\">\n\t\t\t\t<div class=\"elementor-widget-container\">\n\t\t\t\t\t            <div class=\"eael-adv-accordion\" id=\"eael-adv-accordion-a0ce331\" data-scroll-on-click=\"no\" data-scroll-speed=\"300\" data-accordion-id=\"a0ce331\" data-accordion-type=\"accordion\" data-toogle-speed=\"300\">\n            <div class=\"eael-accordion-list\">\n\t\t\t\t\t<div id=\"documentos\" class=\"elementor-tab-title eael-accordion-header active-default\" tabindex=\"0\" data-tab=\"1\" aria-controls=\"elementor-tab-content-1681\"><span class=\"eael-advanced-accordion-icon-closed\"><i aria-hidden=\"true\" class=\"fa-accordion-icon far fa-file-pdf\"><\/i><\/span><span class=\"eael-advanced-accordion-icon-opened\"><i aria-hidden=\"true\" class=\"fa-accordion-icon fas fa-minus\"><\/i><\/span><span class=\"eael-accordion-tab-title\">Documentos<\/span><i aria-hidden=\"true\" class=\"fa-toggle fas fa-angle-right\"><\/i><\/div><div id=\"elementor-tab-content-1681\" class=\"eael-accordion-content clearfix active-default\" data-tab=\"1\" aria-labelledby=\"documentos\"><p><a href=\"https:\/\/biopesaje.com\/wp-content\/uploads\/2025\/02\/catalogo-X15WIN-1-1.pdf\" target=\"_blank\" rel=\"noopener\"><img decoding=\"async\" class=\"wp-image-2526 alignnone\" src=\"https:\/\/biopesaje.com\/wp-content\/uploads\/2022\/02\/391px-PDF_file_icon.svg.png\" alt=\"\" width=\"30\" height=\"37\" srcset=\"https:\/\/biopesaje.com\/wp-content\/uploads\/2022\/02\/391px-PDF_file_icon.svg.png 391w, https:\/\/biopesaje.com\/wp-content\/uploads\/2022\/02\/391px-PDF_file_icon.svg-300x368.png 300w, https:\/\/biopesaje.com\/wp-content\/uploads\/2022\/02\/391px-PDF_file_icon.svg-244x300.png 244w, https:\/\/biopesaje.com\/wp-content\/uploads\/2022\/02\/391px-PDF_file_icon.svg-48x59.png 48w\" sizes=\"(max-width: 30px) 100vw, 30px\" \/>Catalogo X15 LIN <\/a><\/p><\/div>\n\t\t\t\t\t<\/div><\/div>\t\t\t\t<\/div>\n\t\t\t\t<\/div>\n\t\t\t\t\t<\/div>\n\t\t<\/div>\n\t\t\t\t\t<\/div>\n\t\t<\/section>\n\t\t\t\t<section class=\"elementor-section elementor-top-section elementor-element elementor-element-63a1dd7 elementor-section-boxed elementor-section-height-default elementor-section-height-default\" data-id=\"63a1dd7\" data-element_type=\"section\" data-e-type=\"section\">\n\t\t\t\t\t\t<div class=\"elementor-container elementor-column-gap-default\">\n\t\t\t\t\t<div class=\"elementor-column elementor-col-100 elementor-top-column elementor-element elementor-element-d5f457f\" data-id=\"d5f457f\" data-element_type=\"column\" data-e-type=\"column\">\n\t\t\t<div class=\"elementor-widget-wrap elementor-element-populated\">\n\t\t\t\t\t\t<div class=\"elementor-element elementor-element-a0ae6a2 elementor-widget elementor-widget-video\" data-id=\"a0ae6a2\" data-element_type=\"widget\" data-e-type=\"widget\" data-settings=\"{&quot;youtube_url&quot;:&quot;https:\\\/\\\/www.youtube.com\\\/watch?v=9aKtLdMY_io&quot;,&quot;video_type&quot;:&quot;youtube&quot;,&quot;controls&quot;:&quot;yes&quot;}\" data-widget_type=\"video.default\">\n\t\t\t\t<div class=\"elementor-widget-container\">\n\t\t\t\t\t\t\t<div class=\"elementor-wrapper elementor-open-inline\">\n\t\t\t<div class=\"elementor-video\"><\/div>\t\t<\/div>\n\t\t\t\t\t\t<\/div>\n\t\t\t\t<\/div>\n\t\t\t\t\t<\/div>\n\t\t<\/div>\n\t\t\t\t\t<\/div>\n\t\t<\/section>\n\t\t\t\t<\/div>\n\t\t","protected":false},"excerpt":{"rendered":"<section class=\"w-full flex flex-wrap sm:flex-no-wrap\">\n<div class=\"w-full sm:w-3\/4 p-1 border-blue3\">\n<p class=\"w-full my-4 text-justify\">Con un sistema operativo Windows o Linux El X15WIN es un dispositivo avanzado dise\u00f1ado para aplicaciones industriales y comerciales que requieren alta precisi\u00f3n y facilidad de uso. Equipado con una pantalla t\u00e1ctil de 15 pulgadas, ofrece una interfaz intuitiva para el operador. Su carcasa de acero inoxidable garantiza durabilidad en entornos exigentes. Adem\u00e1s, cuenta con conectividad vers\u00e1til mediante puertos RS232, USB 2.0, RJ45 y Wi-Fi, permitiendo una integraci\u00f3n eficiente con diversos sistemas. Con una capacidad de hasta 30,000 divisiones, el X15-PC es ideal para operaciones de pesaje que demandan exactitud y confiabilidad.<\/p>\n<\/div>\n<\/section>\n","protected":false},"featured_media":6450,"template":"","meta":{"_uag_custom_page_level_css":"","_joinchat":[]},"product_brand":[],"product_cat":[69],"product_tag":[],"class_list":{"0":"post-6446","1":"product","2":"type-product","3":"status-publish","4":"has-post-thumbnail","6":"product_cat-control","7":"thunk-woo-product-list","8":"opn-qv-enable","9":"top-store-woo-hover-none","10":"top-store-single-product-tab-horizontal","11":"top-store-shadow-","12":"top-store-shadow-hover-","14":"first","15":"instock","16":"taxable","17":"shipping-taxable","18":"product-type-simple"},"yoast_head":"<!-- This site is optimized with the Yoast SEO plugin v27.5 - https:\/\/yoast.com\/product\/yoast-seo-wordpress\/ -->\n<title>X-15WIN - BIOPESAJE S.A.S.<\/title>\n<meta name=\"description\" content=\"Biopesaje S.A.S cuenta con la mejor selecci\u00f3n de equipos en categor\u00edas como pesaje, procesamiento y empaque de la industria alimenticia.\" \/>\n<meta name=\"robots\" content=\"index, follow, max-snippet:-1, max-image-preview:large, max-video-preview:-1\" \/>\n<link rel=\"canonical\" href=\"https:\/\/biopesaje.com\/index.php\/product\/x15-win-industriales-comerciales-alta-precision-facilidad-de-uso-pantalla-tactil-de-15-pulgadas-acero-inoxidable-gran-durabilidad-entornos-exigentes-conectividad-versatilpuertos-rs232-usb-2-0-rj45-y\/\" \/>\n<meta property=\"og:locale\" content=\"es_ES\" \/>\n<meta property=\"og:type\" content=\"article\" \/>\n<meta property=\"og:title\" content=\"X-15WIN - BIOPESAJE S.A.S.\" \/>\n<meta property=\"og:description\" content=\"Biopesaje S.A.S cuenta con la mejor selecci\u00f3n de equipos en categor\u00edas como pesaje, procesamiento y empaque de la industria alimenticia.\" \/>\n<meta property=\"og:url\" content=\"https:\/\/biopesaje.com\/index.php\/product\/x15-win-industriales-comerciales-alta-precision-facilidad-de-uso-pantalla-tactil-de-15-pulgadas-acero-inoxidable-gran-durabilidad-entornos-exigentes-conectividad-versatilpuertos-rs232-usb-2-0-rj45-y\/\" \/>\n<meta property=\"og:site_name\" content=\"BIOPESAJE S.A.S.\" \/>\n<meta property=\"article:modified_time\" content=\"2025-03-18T21:05:21+00:00\" \/>\n<meta property=\"og:image\" content=\"https:\/\/biopesaje.com\/wp-content\/uploads\/2025\/02\/fotos-X15-WIN_page-0003.jpg\" \/>\n\t<meta property=\"og:image:width\" content=\"783\" \/>\n\t<meta property=\"og:image:height\" content=\"661\" \/>\n\t<meta property=\"og:image:type\" content=\"image\/jpeg\" \/>\n<meta name=\"twitter:card\" content=\"summary_large_image\" \/>\n<meta name=\"twitter:label1\" content=\"Tiempo de lectura\" \/>\n\t<meta name=\"twitter:data1\" content=\"1 minuto\" \/>\n<script type=\"application\/ld+json\" class=\"yoast-schema-graph\">{\"@context\":\"https:\\\/\\\/schema.org\",\"@graph\":[{\"@type\":\"WebPage\",\"@id\":\"https:\\\/\\\/biopesaje.com\\\/index.php\\\/product\\\/x15-win-industriales-comerciales-alta-precision-facilidad-de-uso-pantalla-tactil-de-15-pulgadas-acero-inoxidable-gran-durabilidad-entornos-exigentes-conectividad-versatilpuertos-rs232-usb-2-0-rj45-y\\\/\",\"url\":\"https:\\\/\\\/biopesaje.com\\\/index.php\\\/product\\\/x15-win-industriales-comerciales-alta-precision-facilidad-de-uso-pantalla-tactil-de-15-pulgadas-acero-inoxidable-gran-durabilidad-entornos-exigentes-conectividad-versatilpuertos-rs232-usb-2-0-rj45-y\\\/\",\"name\":\"X-15WIN - BIOPESAJE S.A.S.\",\"isPartOf\":{\"@id\":\"https:\\\/\\\/biopesaje.com\\\/#website\"},\"primaryImageOfPage\":{\"@id\":\"https:\\\/\\\/biopesaje.com\\\/index.php\\\/product\\\/x15-win-industriales-comerciales-alta-precision-facilidad-de-uso-pantalla-tactil-de-15-pulgadas-acero-inoxidable-gran-durabilidad-entornos-exigentes-conectividad-versatilpuertos-rs232-usb-2-0-rj45-y\\\/#primaryimage\"},\"image\":{\"@id\":\"https:\\\/\\\/biopesaje.com\\\/index.php\\\/product\\\/x15-win-industriales-comerciales-alta-precision-facilidad-de-uso-pantalla-tactil-de-15-pulgadas-acero-inoxidable-gran-durabilidad-entornos-exigentes-conectividad-versatilpuertos-rs232-usb-2-0-rj45-y\\\/#primaryimage\"},\"thumbnailUrl\":\"https:\\\/\\\/biopesaje.com\\\/wp-content\\\/uploads\\\/2025\\\/02\\\/fotos-X15-WIN_page-0003.jpg\",\"datePublished\":\"2025-02-28T22:21:47+00:00\",\"dateModified\":\"2025-03-18T21:05:21+00:00\",\"description\":\"Biopesaje S.A.S cuenta con la mejor selecci\u00f3n de equipos en categor\u00edas como pesaje, procesamiento y empaque de la industria alimenticia.\",\"breadcrumb\":{\"@id\":\"https:\\\/\\\/biopesaje.com\\\/index.php\\\/product\\\/x15-win-industriales-comerciales-alta-precision-facilidad-de-uso-pantalla-tactil-de-15-pulgadas-acero-inoxidable-gran-durabilidad-entornos-exigentes-conectividad-versatilpuertos-rs232-usb-2-0-rj45-y\\\/#breadcrumb\"},\"inLanguage\":\"es-CO\",\"potentialAction\":[{\"@type\":\"ReadAction\",\"target\":[\"https:\\\/\\\/biopesaje.com\\\/index.php\\\/product\\\/x15-win-industriales-comerciales-alta-precision-facilidad-de-uso-pantalla-tactil-de-15-pulgadas-acero-inoxidable-gran-durabilidad-entornos-exigentes-conectividad-versatilpuertos-rs232-usb-2-0-rj45-y\\\/\"]}]},{\"@type\":\"ImageObject\",\"inLanguage\":\"es-CO\",\"@id\":\"https:\\\/\\\/biopesaje.com\\\/index.php\\\/product\\\/x15-win-industriales-comerciales-alta-precision-facilidad-de-uso-pantalla-tactil-de-15-pulgadas-acero-inoxidable-gran-durabilidad-entornos-exigentes-conectividad-versatilpuertos-rs232-usb-2-0-rj45-y\\\/#primaryimage\",\"url\":\"https:\\\/\\\/biopesaje.com\\\/wp-content\\\/uploads\\\/2025\\\/02\\\/fotos-X15-WIN_page-0003.jpg\",\"contentUrl\":\"https:\\\/\\\/biopesaje.com\\\/wp-content\\\/uploads\\\/2025\\\/02\\\/fotos-X15-WIN_page-0003.jpg\",\"width\":783,\"height\":661},{\"@type\":\"BreadcrumbList\",\"@id\":\"https:\\\/\\\/biopesaje.com\\\/index.php\\\/product\\\/x15-win-industriales-comerciales-alta-precision-facilidad-de-uso-pantalla-tactil-de-15-pulgadas-acero-inoxidable-gran-durabilidad-entornos-exigentes-conectividad-versatilpuertos-rs232-usb-2-0-rj45-y\\\/#breadcrumb\",\"itemListElement\":[{\"@type\":\"ListItem\",\"position\":1,\"name\":\"Home\",\"item\":\"https:\\\/\\\/biopesaje.com\\\/\"},{\"@type\":\"ListItem\",\"position\":2,\"name\":\"Productos\",\"item\":\"https:\\\/\\\/biopesaje.com\\\/index.php\\\/tienda\\\/\"},{\"@type\":\"ListItem\",\"position\":3,\"name\":\"X-15WIN\"}]},{\"@type\":\"WebSite\",\"@id\":\"https:\\\/\\\/biopesaje.com\\\/#website\",\"url\":\"https:\\\/\\\/biopesaje.com\\\/\",\"name\":\"BIOPESAJE S.A.S.\",\"description\":\"Ingenier\u00eda de pesaje, metrolog\u00eda y laboratorio.\",\"publisher\":{\"@id\":\"https:\\\/\\\/biopesaje.com\\\/#organization\"},\"potentialAction\":[{\"@type\":\"SearchAction\",\"target\":{\"@type\":\"EntryPoint\",\"urlTemplate\":\"https:\\\/\\\/biopesaje.com\\\/?s={search_term_string}\"},\"query-input\":{\"@type\":\"PropertyValueSpecification\",\"valueRequired\":true,\"valueName\":\"search_term_string\"}}],\"inLanguage\":\"es-CO\"},{\"@type\":\"Organization\",\"@id\":\"https:\\\/\\\/biopesaje.com\\\/#organization\",\"name\":\"BIOPESAJE S.A.S.\",\"url\":\"https:\\\/\\\/biopesaje.com\\\/\",\"logo\":{\"@type\":\"ImageObject\",\"inLanguage\":\"es-CO\",\"@id\":\"https:\\\/\\\/biopesaje.com\\\/#\\\/schema\\\/logo\\\/image\\\/\",\"url\":\"\",\"contentUrl\":\"\",\"caption\":\"BIOPESAJE S.A.S.\"},\"image\":{\"@id\":\"https:\\\/\\\/biopesaje.com\\\/#\\\/schema\\\/logo\\\/image\\\/\"}}]}<\/script>\n<!-- \/ Yoast SEO plugin. -->","yoast_head_json":{"title":"X-15WIN - BIOPESAJE S.A.S.","description":"Biopesaje S.A.S cuenta con la mejor selecci\u00f3n de equipos en categor\u00edas como pesaje, procesamiento y empaque de la industria alimenticia.","robots":{"index":"index","follow":"follow","max-snippet":"max-snippet:-1","max-image-preview":"max-image-preview:large","max-video-preview":"max-video-preview:-1"},"canonical":"https:\/\/biopesaje.com\/index.php\/product\/x15-win-industriales-comerciales-alta-precision-facilidad-de-uso-pantalla-tactil-de-15-pulgadas-acero-inoxidable-gran-durabilidad-entornos-exigentes-conectividad-versatilpuertos-rs232-usb-2-0-rj45-y\/","og_locale":"es_ES","og_type":"article","og_title":"X-15WIN - BIOPESAJE S.A.S.","og_description":"Biopesaje S.A.S cuenta con la mejor selecci\u00f3n de equipos en categor\u00edas como pesaje, procesamiento y empaque de la industria alimenticia.","og_url":"https:\/\/biopesaje.com\/index.php\/product\/x15-win-industriales-comerciales-alta-precision-facilidad-de-uso-pantalla-tactil-de-15-pulgadas-acero-inoxidable-gran-durabilidad-entornos-exigentes-conectividad-versatilpuertos-rs232-usb-2-0-rj45-y\/","og_site_name":"BIOPESAJE S.A.S.","article_modified_time":"2025-03-18T21:05:21+00:00","og_image":[{"width":783,"height":661,"url":"https:\/\/biopesaje.com\/wp-content\/uploads\/2025\/02\/fotos-X15-WIN_page-0003.jpg","type":"image\/jpeg"}],"twitter_card":"summary_large_image","twitter_misc":{"Tiempo de lectura":"1 minuto"},"schema":{"@context":"https:\/\/schema.org","@graph":[{"@type":"WebPage","@id":"https:\/\/biopesaje.com\/index.php\/product\/x15-win-industriales-comerciales-alta-precision-facilidad-de-uso-pantalla-tactil-de-15-pulgadas-acero-inoxidable-gran-durabilidad-entornos-exigentes-conectividad-versatilpuertos-rs232-usb-2-0-rj45-y\/","url":"https:\/\/biopesaje.com\/index.php\/product\/x15-win-industriales-comerciales-alta-precision-facilidad-de-uso-pantalla-tactil-de-15-pulgadas-acero-inoxidable-gran-durabilidad-entornos-exigentes-conectividad-versatilpuertos-rs232-usb-2-0-rj45-y\/","name":"X-15WIN - BIOPESAJE S.A.S.","isPartOf":{"@id":"https:\/\/biopesaje.com\/#website"},"primaryImageOfPage":{"@id":"https:\/\/biopesaje.com\/index.php\/product\/x15-win-industriales-comerciales-alta-precision-facilidad-de-uso-pantalla-tactil-de-15-pulgadas-acero-inoxidable-gran-durabilidad-entornos-exigentes-conectividad-versatilpuertos-rs232-usb-2-0-rj45-y\/#primaryimage"},"image":{"@id":"https:\/\/biopesaje.com\/index.php\/product\/x15-win-industriales-comerciales-alta-precision-facilidad-de-uso-pantalla-tactil-de-15-pulgadas-acero-inoxidable-gran-durabilidad-entornos-exigentes-conectividad-versatilpuertos-rs232-usb-2-0-rj45-y\/#primaryimage"},"thumbnailUrl":"https:\/\/biopesaje.com\/wp-content\/uploads\/2025\/02\/fotos-X15-WIN_page-0003.jpg","datePublished":"2025-02-28T22:21:47+00:00","dateModified":"2025-03-18T21:05:21+00:00","description":"Biopesaje S.A.S cuenta con la mejor selecci\u00f3n de equipos en categor\u00edas como pesaje, procesamiento y empaque de la industria alimenticia.","breadcrumb":{"@id":"https:\/\/biopesaje.com\/index.php\/product\/x15-win-industriales-comerciales-alta-precision-facilidad-de-uso-pantalla-tactil-de-15-pulgadas-acero-inoxidable-gran-durabilidad-entornos-exigentes-conectividad-versatilpuertos-rs232-usb-2-0-rj45-y\/#breadcrumb"},"inLanguage":"es-CO","potentialAction":[{"@type":"ReadAction","target":["https:\/\/biopesaje.com\/index.php\/product\/x15-win-industriales-comerciales-alta-precision-facilidad-de-uso-pantalla-tactil-de-15-pulgadas-acero-inoxidable-gran-durabilidad-entornos-exigentes-conectividad-versatilpuertos-rs232-usb-2-0-rj45-y\/"]}]},{"@type":"ImageObject","inLanguage":"es-CO","@id":"https:\/\/biopesaje.com\/index.php\/product\/x15-win-industriales-comerciales-alta-precision-facilidad-de-uso-pantalla-tactil-de-15-pulgadas-acero-inoxidable-gran-durabilidad-entornos-exigentes-conectividad-versatilpuertos-rs232-usb-2-0-rj45-y\/#primaryimage","url":"https:\/\/biopesaje.com\/wp-content\/uploads\/2025\/02\/fotos-X15-WIN_page-0003.jpg","contentUrl":"https:\/\/biopesaje.com\/wp-content\/uploads\/2025\/02\/fotos-X15-WIN_page-0003.jpg","width":783,"height":661},{"@type":"BreadcrumbList","@id":"https:\/\/biopesaje.com\/index.php\/product\/x15-win-industriales-comerciales-alta-precision-facilidad-de-uso-pantalla-tactil-de-15-pulgadas-acero-inoxidable-gran-durabilidad-entornos-exigentes-conectividad-versatilpuertos-rs232-usb-2-0-rj45-y\/#breadcrumb","itemListElement":[{"@type":"ListItem","position":1,"name":"Home","item":"https:\/\/biopesaje.com\/"},{"@type":"ListItem","position":2,"name":"Productos","item":"https:\/\/biopesaje.com\/index.php\/tienda\/"},{"@type":"ListItem","position":3,"name":"X-15WIN"}]},{"@type":"WebSite","@id":"https:\/\/biopesaje.com\/#website","url":"https:\/\/biopesaje.com\/","name":"BIOPESAJE S.A.S.","description":"Ingenier\u00eda de pesaje, metrolog\u00eda y laboratorio.","publisher":{"@id":"https:\/\/biopesaje.com\/#organization"},"potentialAction":[{"@type":"SearchAction","target":{"@type":"EntryPoint","urlTemplate":"https:\/\/biopesaje.com\/?s={search_term_string}"},"query-input":{"@type":"PropertyValueSpecification","valueRequired":true,"valueName":"search_term_string"}}],"inLanguage":"es-CO"},{"@type":"Organization","@id":"https:\/\/biopesaje.com\/#organization","name":"BIOPESAJE S.A.S.","url":"https:\/\/biopesaje.com\/","logo":{"@type":"ImageObject","inLanguage":"es-CO","@id":"https:\/\/biopesaje.com\/#\/schema\/logo\/image\/","url":"","contentUrl":"","caption":"BIOPESAJE S.A.S."},"image":{"@id":"https:\/\/biopesaje.com\/#\/schema\/logo\/image\/"}}]}},"uagb_featured_image_src":{"full":["https:\/\/biopesaje.com\/wp-content\/uploads\/2025\/02\/fotos-X15-WIN_page-0003.jpg",783,661,false],"thumbnail":["https:\/\/biopesaje.com\/wp-content\/uploads\/2025\/02\/fotos-X15-WIN_page-0003-150x150.jpg",150,150,true],"medium":["https:\/\/biopesaje.com\/wp-content\/uploads\/2025\/02\/fotos-X15-WIN_page-0003-300x253.jpg",300,253,true],"medium_large":["https:\/\/biopesaje.com\/wp-content\/uploads\/2025\/02\/fotos-X15-WIN_page-0003-768x648.jpg",640,540,true],"large":["https:\/\/biopesaje.com\/wp-content\/uploads\/2025\/02\/fotos-X15-WIN_page-0003.jpg",640,540,false],"1536x1536":["https:\/\/biopesaje.com\/wp-content\/uploads\/2025\/02\/fotos-X15-WIN_page-0003.jpg",783,661,false],"2048x2048":["https:\/\/biopesaje.com\/wp-content\/uploads\/2025\/02\/fotos-X15-WIN_page-0003.jpg",783,661,false],"woocommerce_thumbnail":["https:\/\/biopesaje.com\/wp-content\/uploads\/2025\/02\/fotos-X15-WIN_page-0003-320x320.jpg",320,320,true],"woocommerce_single":["https:\/\/biopesaje.com\/wp-content\/uploads\/2025\/02\/fotos-X15-WIN_page-0003.jpg",783,661,false],"woocommerce_gallery_thumbnail":["https:\/\/biopesaje.com\/wp-content\/uploads\/2025\/02\/fotos-X15-WIN_page-0003-100x100.jpg",100,100,true],"thaps-thumb-img":["https:\/\/biopesaje.com\/wp-content\/uploads\/2025\/02\/fotos-X15-WIN_page-0003-48x41.jpg",48,41,true],"taiowc-thumb-img":["https:\/\/biopesaje.com\/wp-content\/uploads\/2025\/02\/fotos-X15-WIN_page-0003-48x41.jpg",48,41,true]},"uagb_author_info":{"display_name":"Diego Martinez","author_link":"https:\/\/biopesaje.com\/index.php\/author\/"},"uagb_comment_info":0,"uagb_excerpt":"Con un sistema operativo Windows o Linux El X15WIN es un dispositivo avanzado dise\u00f1ado para aplicaciones industriales y comerciales que requieren alta precisi\u00f3n y facilidad de uso. Equipado con una pantalla t\u00e1ctil de 15 pulgadas, ofrece una interfaz intuitiva para el operador. Su carcasa de acero inoxidable garantiza durabilidad en entornos exigentes. Adem\u00e1s, cuenta con&hellip;","jetpack_sharing_enabled":true,"_links":{"self":[{"href":"https:\/\/biopesaje.com\/index.php\/wp-json\/wp\/v2\/product\/6446","targetHints":{"allow":["GET"]}}],"collection":[{"href":"https:\/\/biopesaje.com\/index.php\/wp-json\/wp\/v2\/product"}],"about":[{"href":"https:\/\/biopesaje.com\/index.php\/wp-json\/wp\/v2\/types\/product"}],"version-history":[{"count":9,"href":"https:\/\/biopesaje.com\/index.php\/wp-json\/wp\/v2\/product\/6446\/revisions"}],"predecessor-version":[{"id":7460,"href":"https:\/\/biopesaje.com\/index.php\/wp-json\/wp\/v2\/product\/6446\/revisions\/7460"}],"wp:featuredmedia":[{"embeddable":true,"href":"https:\/\/biopesaje.com\/index.php\/wp-json\/wp\/v2\/media\/6450"}],"wp:attachment":[{"href":"https:\/\/biopesaje.com\/index.php\/wp-json\/wp\/v2\/media?parent=6446"}],"wp:term":[{"taxonomy":"product_brand","embeddable":true,"href":"https:\/\/biopesaje.com\/index.php\/wp-json\/wp\/v2\/product_brand?post=6446"},{"taxonomy":"product_cat","embeddable":true,"href":"https:\/\/biopesaje.com\/index.php\/wp-json\/wp\/v2\/product_cat?post=6446"},{"taxonomy":"product_tag","embeddable":true,"href":"https:\/\/biopesaje.com\/index.php\/wp-json\/wp\/v2\/product_tag?post=6446"}],"curies":[{"name":"wp","href":"https:\/\/api.w.org\/{rel}","templated":true}]}}