{"id":6460,"date":"2025-03-03T13:48:53","date_gmt":"2025-03-03T13:48:53","guid":{"rendered":"https:\/\/biopesaje.com\/?post_type=product&#038;p=6460"},"modified":"2025-09-10T17:17:38","modified_gmt":"2025-09-10T17:17:38","slug":"baliza-tricolor-para-indicadores-x10-x15","status":"publish","type":"product","link":"https:\/\/biopesaje.com\/index.php\/product\/baliza-tricolor-para-indicadores-x10-x15\/","title":{"rendered":"Baliza tricolor"},"content":{"rendered":"\t\t<div data-elementor-type=\"wp-post\" data-elementor-id=\"6460\" class=\"elementor elementor-6460\" data-elementor-post-type=\"product\">\n\t\t\t\t\t\t<section class=\"elementor-section elementor-top-section elementor-element elementor-element-6fece5e9 elementor-section-boxed elementor-section-height-default elementor-section-height-default\" data-id=\"6fece5e9\" data-element_type=\"section\" data-e-type=\"section\">\n\t\t\t\t\t\t<div class=\"elementor-container elementor-column-gap-default\">\n\t\t\t\t\t<div class=\"elementor-column elementor-col-100 elementor-top-column elementor-element elementor-element-4d686aee\" data-id=\"4d686aee\" data-element_type=\"column\" data-e-type=\"column\">\n\t\t\t<div class=\"elementor-widget-wrap elementor-element-populated\">\n\t\t\t\t\t\t<div class=\"elementor-element elementor-element-3b5048f8 elementor-widget elementor-widget-text-editor\" data-id=\"3b5048f8\" data-element_type=\"widget\" data-e-type=\"widget\" data-widget_type=\"text-editor.default\">\n\t\t\t\t<div class=\"elementor-widget-container\">\n\t\t\t\t\t\t\t\t\t<p data-start=\"0\" data-end=\"584\">La <strong>Baliza tricolor<\/strong>\u00a0 es una luz de alarma tricolor dise\u00f1ada para ofrecer una se\u00f1alizaci\u00f3n visual clara y precisa en entornos industriales, comerciales y de manufactura. Este dispositivo es capaz de emitir se\u00f1ales luminosas en tres colores distintos, lo que permite una identificaci\u00f3n r\u00e1pida de diferentes estados operativos, advertencias o situaciones de emergencia. Gracias a su dise\u00f1o robusto y duradero, es ideal para funcionar de manera eficiente en condiciones de trabajo exigentes, proporcionando una visibilidad \u00f3ptima incluso en ambientes con alta iluminaci\u00f3n o ruido.<\/p><p data-start=\"586\" data-end=\"1105\">Este modelo est\u00e1 dise\u00f1ado para integrarse f\u00e1cilmente en diversos sistemas de control y automatizaci\u00f3n, facilitando la supervisi\u00f3n y la respuesta inmediata ante cualquier irregularidad. Los tres colores de la luz permiten personalizar las alertas seg\u00fan las necesidades espec\u00edficas del entorno, mejorando la seguridad laboral y optimizando los procesos operativos. Adem\u00e1s, su estructura compacta y de alta calidad garantiza un rendimiento estable y una larga vida \u00fatil, reduciendo los costos de mantenimiento y reemplazo.<\/p>\t\t\t\t\t\t\t\t<\/div>\n\t\t\t\t<\/div>\n\t\t\t\t\t<\/div>\n\t\t<\/div>\n\t\t\t\t\t<\/div>\n\t\t<\/section>\n\t\t\t\t<section class=\"elementor-section elementor-top-section elementor-element elementor-element-19d738a elementor-section-boxed elementor-section-height-default elementor-section-height-default\" data-id=\"19d738a\" data-element_type=\"section\" data-e-type=\"section\">\n\t\t\t\t\t\t<div class=\"elementor-container elementor-column-gap-default\">\n\t\t\t\t\t<div class=\"elementor-column elementor-col-100 elementor-top-column elementor-element elementor-element-a6661dd\" data-id=\"a6661dd\" data-element_type=\"column\" data-e-type=\"column\">\n\t\t\t<div class=\"elementor-widget-wrap elementor-element-populated\">\n\t\t\t\t\t\t<div class=\"elementor-element elementor-element-8d1cf26 elementor-widget elementor-widget-heading\" data-id=\"8d1cf26\" data-element_type=\"widget\" data-e-type=\"widget\" data-widget_type=\"heading.default\">\n\t\t\t\t<div class=\"elementor-widget-container\">\n\t\t\t\t\t<h3 class=\"elementor-heading-title elementor-size-default\">Documentaci\u00f3n<\/h3>\t\t\t\t<\/div>\n\t\t\t\t<\/div>\n\t\t\t\t<div class=\"elementor-element elementor-element-a0ce331 elementor-widget elementor-widget-eael-adv-accordion\" data-id=\"a0ce331\" data-element_type=\"widget\" data-e-type=\"widget\" data-widget_type=\"eael-adv-accordion.default\">\n\t\t\t\t<div class=\"elementor-widget-container\">\n\t\t\t\t\t            <div class=\"eael-adv-accordion\" id=\"eael-adv-accordion-a0ce331\" data-scroll-on-click=\"no\" data-scroll-speed=\"300\" data-accordion-id=\"a0ce331\" data-accordion-type=\"accordion\" data-toogle-speed=\"300\">\n            <div class=\"eael-accordion-list\">\n\t\t\t\t\t<div id=\"documentos\" class=\"elementor-tab-title eael-accordion-header active-default\" tabindex=\"0\" data-tab=\"1\" aria-controls=\"elementor-tab-content-1681\"><span class=\"eael-advanced-accordion-icon-closed\"><i aria-hidden=\"true\" class=\"fa-accordion-icon far fa-file-pdf\"><\/i><\/span><span class=\"eael-advanced-accordion-icon-opened\"><i aria-hidden=\"true\" class=\"fa-accordion-icon fas fa-minus\"><\/i><\/span><span class=\"eael-accordion-tab-title\">Documentos<\/span><i aria-hidden=\"true\" class=\"fa-toggle fas fa-angle-right\"><\/i><\/div><div id=\"elementor-tab-content-1681\" class=\"eael-accordion-content clearfix active-default\" data-tab=\"1\" aria-labelledby=\"documentos\"><p><img decoding=\"async\" class=\"wp-image-2526 alignnone\" src=\"https:\/\/biopesaje.com\/wp-content\/uploads\/2022\/02\/391px-PDF_file_icon.svg.png\" alt=\"\" width=\"30\" height=\"37\" srcset=\"https:\/\/biopesaje.com\/wp-content\/uploads\/2022\/02\/391px-PDF_file_icon.svg.png 391w, https:\/\/biopesaje.com\/wp-content\/uploads\/2022\/02\/391px-PDF_file_icon.svg-300x368.png 300w, https:\/\/biopesaje.com\/wp-content\/uploads\/2022\/02\/391px-PDF_file_icon.svg-244x300.png 244w, https:\/\/biopesaje.com\/wp-content\/uploads\/2022\/02\/391px-PDF_file_icon.svg-48x59.png 48w\" sizes=\"(max-width: 30px) 100vw, 30px\" \/>Catalogo Baliza tricolor\u00a0<\/p><\/div>\n\t\t\t\t\t<\/div><\/div>\t\t\t\t<\/div>\n\t\t\t\t<\/div>\n\t\t\t\t\t<\/div>\n\t\t<\/div>\n\t\t\t\t\t<\/div>\n\t\t<\/section>\n\t\t\t\t<\/div>\n\t\t","protected":false},"excerpt":{"rendered":"<section class=\"w-full flex flex-wrap sm:flex-no-wrap\">\n<div class=\"w-full sm:w-3\/4 p-1 border-blue3\">\n<p class=\"w-full my-4 text-justify\">La<strong> Baliza Tricolor<\/strong>\u00a0 es una luz de alarma tricolor dise\u00f1ada para entornos industriales y comerciales. Este dispositivo ofrece una se\u00f1alizaci\u00f3n visual clara con tres colores distintos, lo que facilita la identificaci\u00f3n de diferentes estados operativos, advertencias o alertas. Su dise\u00f1o es resistente y adecuado para condiciones de trabajo exigentes, asegurando una alta visibilidad y un funcionamiento fiable. Es ideal para su uso en l\u00edneas de producci\u00f3n, almacenes o cualquier \u00e1rea donde la se\u00f1alizaci\u00f3n visual sea esencial para la seguridad y la eficiencia operativa<\/p>\n<\/div>\n<\/section>\n","protected":false},"featured_media":10121,"template":"","meta":{"_uag_custom_page_level_css":"","_joinchat":[]},"product_brand":[],"product_cat":[69],"product_tag":[],"class_list":{"0":"post-6460","1":"product","2":"type-product","3":"status-publish","4":"has-post-thumbnail","6":"product_cat-control","7":"thunk-woo-product-list","8":"opn-qv-enable","9":"top-store-woo-hover-none","10":"top-store-single-product-tab-horizontal","11":"top-store-shadow-","12":"top-store-shadow-hover-","14":"first","15":"instock","16":"taxable","17":"shipping-taxable","18":"product-type-simple"},"yoast_head":"<!-- This site is optimized with the Yoast SEO plugin v27.4 - https:\/\/yoast.com\/product\/yoast-seo-wordpress\/ -->\n<title>Baliza tricolor - BIOPESAJE S.A.S.<\/title>\n<meta name=\"description\" content=\"Biopesaje S.A.S cuenta con la mejor selecci\u00f3n de equipos en categor\u00edas como pesaje, procesamiento y empaque de la industria alimenticia.\" \/>\n<meta name=\"robots\" content=\"index, follow, max-snippet:-1, max-image-preview:large, max-video-preview:-1\" \/>\n<link rel=\"canonical\" href=\"https:\/\/biopesaje.com\/index.php\/product\/baliza-tricolor-para-indicadores-x10-x15\/\" \/>\n<meta property=\"og:locale\" content=\"es_ES\" \/>\n<meta property=\"og:type\" content=\"article\" \/>\n<meta property=\"og:title\" content=\"Baliza tricolor - BIOPESAJE S.A.S.\" \/>\n<meta property=\"og:description\" content=\"Biopesaje S.A.S cuenta con la mejor selecci\u00f3n de equipos en categor\u00edas como pesaje, procesamiento y empaque de la industria alimenticia.\" \/>\n<meta property=\"og:url\" content=\"https:\/\/biopesaje.com\/index.php\/product\/baliza-tricolor-para-indicadores-x10-x15\/\" \/>\n<meta property=\"og:site_name\" content=\"BIOPESAJE S.A.S.\" \/>\n<meta property=\"article:modified_time\" content=\"2025-09-10T17:17:38+00:00\" \/>\n<meta property=\"og:image\" content=\"https:\/\/biopesaje.com\/wp-content\/uploads\/2025\/03\/Baliza-tricolor-para-indicadores-X10-X15-1-1.png\" \/>\n\t<meta property=\"og:image:width\" content=\"2318\" \/>\n\t<meta property=\"og:image:height\" content=\"1625\" \/>\n\t<meta property=\"og:image:type\" content=\"image\/png\" \/>\n<meta name=\"twitter:card\" content=\"summary_large_image\" \/>\n<meta name=\"twitter:label1\" content=\"Tiempo de lectura\" \/>\n\t<meta name=\"twitter:data1\" content=\"2 minutos\" \/>\n<script type=\"application\/ld+json\" class=\"yoast-schema-graph\">{\"@context\":\"https:\\\/\\\/schema.org\",\"@graph\":[{\"@type\":\"WebPage\",\"@id\":\"https:\\\/\\\/biopesaje.com\\\/index.php\\\/product\\\/baliza-tricolor-para-indicadores-x10-x15\\\/\",\"url\":\"https:\\\/\\\/biopesaje.com\\\/index.php\\\/product\\\/baliza-tricolor-para-indicadores-x10-x15\\\/\",\"name\":\"Baliza tricolor - BIOPESAJE S.A.S.\",\"isPartOf\":{\"@id\":\"https:\\\/\\\/biopesaje.com\\\/#website\"},\"primaryImageOfPage\":{\"@id\":\"https:\\\/\\\/biopesaje.com\\\/index.php\\\/product\\\/baliza-tricolor-para-indicadores-x10-x15\\\/#primaryimage\"},\"image\":{\"@id\":\"https:\\\/\\\/biopesaje.com\\\/index.php\\\/product\\\/baliza-tricolor-para-indicadores-x10-x15\\\/#primaryimage\"},\"thumbnailUrl\":\"https:\\\/\\\/biopesaje.com\\\/wp-content\\\/uploads\\\/2025\\\/03\\\/Baliza-tricolor-para-indicadores-X10-X15-1-1.png\",\"datePublished\":\"2025-03-03T13:48:53+00:00\",\"dateModified\":\"2025-09-10T17:17:38+00:00\",\"description\":\"Biopesaje S.A.S cuenta con la mejor selecci\u00f3n de equipos en categor\u00edas como pesaje, procesamiento y empaque de la industria alimenticia.\",\"breadcrumb\":{\"@id\":\"https:\\\/\\\/biopesaje.com\\\/index.php\\\/product\\\/baliza-tricolor-para-indicadores-x10-x15\\\/#breadcrumb\"},\"inLanguage\":\"es-CO\",\"potentialAction\":[{\"@type\":\"ReadAction\",\"target\":[\"https:\\\/\\\/biopesaje.com\\\/index.php\\\/product\\\/baliza-tricolor-para-indicadores-x10-x15\\\/\"]}]},{\"@type\":\"ImageObject\",\"inLanguage\":\"es-CO\",\"@id\":\"https:\\\/\\\/biopesaje.com\\\/index.php\\\/product\\\/baliza-tricolor-para-indicadores-x10-x15\\\/#primaryimage\",\"url\":\"https:\\\/\\\/biopesaje.com\\\/wp-content\\\/uploads\\\/2025\\\/03\\\/Baliza-tricolor-para-indicadores-X10-X15-1-1.png\",\"contentUrl\":\"https:\\\/\\\/biopesaje.com\\\/wp-content\\\/uploads\\\/2025\\\/03\\\/Baliza-tricolor-para-indicadores-X10-X15-1-1.png\",\"width\":2318,\"height\":1625},{\"@type\":\"BreadcrumbList\",\"@id\":\"https:\\\/\\\/biopesaje.com\\\/index.php\\\/product\\\/baliza-tricolor-para-indicadores-x10-x15\\\/#breadcrumb\",\"itemListElement\":[{\"@type\":\"ListItem\",\"position\":1,\"name\":\"Home\",\"item\":\"https:\\\/\\\/biopesaje.com\\\/\"},{\"@type\":\"ListItem\",\"position\":2,\"name\":\"Productos\",\"item\":\"https:\\\/\\\/biopesaje.com\\\/index.php\\\/tienda\\\/\"},{\"@type\":\"ListItem\",\"position\":3,\"name\":\"Baliza tricolor\"}]},{\"@type\":\"WebSite\",\"@id\":\"https:\\\/\\\/biopesaje.com\\\/#website\",\"url\":\"https:\\\/\\\/biopesaje.com\\\/\",\"name\":\"BIOPESAJE S.A.S.\",\"description\":\"Ingenier\u00eda de pesaje, metrolog\u00eda y laboratorio.\",\"publisher\":{\"@id\":\"https:\\\/\\\/biopesaje.com\\\/#organization\"},\"potentialAction\":[{\"@type\":\"SearchAction\",\"target\":{\"@type\":\"EntryPoint\",\"urlTemplate\":\"https:\\\/\\\/biopesaje.com\\\/?s={search_term_string}\"},\"query-input\":{\"@type\":\"PropertyValueSpecification\",\"valueRequired\":true,\"valueName\":\"search_term_string\"}}],\"inLanguage\":\"es-CO\"},{\"@type\":\"Organization\",\"@id\":\"https:\\\/\\\/biopesaje.com\\\/#organization\",\"name\":\"BIOPESAJE S.A.S.\",\"url\":\"https:\\\/\\\/biopesaje.com\\\/\",\"logo\":{\"@type\":\"ImageObject\",\"inLanguage\":\"es-CO\",\"@id\":\"https:\\\/\\\/biopesaje.com\\\/#\\\/schema\\\/logo\\\/image\\\/\",\"url\":\"\",\"contentUrl\":\"\",\"caption\":\"BIOPESAJE S.A.S.\"},\"image\":{\"@id\":\"https:\\\/\\\/biopesaje.com\\\/#\\\/schema\\\/logo\\\/image\\\/\"}}]}<\/script>\n<!-- \/ Yoast SEO plugin. -->","yoast_head_json":{"title":"Baliza tricolor - BIOPESAJE S.A.S.","description":"Biopesaje S.A.S cuenta con la mejor selecci\u00f3n de equipos en categor\u00edas como pesaje, procesamiento y empaque de la industria alimenticia.","robots":{"index":"index","follow":"follow","max-snippet":"max-snippet:-1","max-image-preview":"max-image-preview:large","max-video-preview":"max-video-preview:-1"},"canonical":"https:\/\/biopesaje.com\/index.php\/product\/baliza-tricolor-para-indicadores-x10-x15\/","og_locale":"es_ES","og_type":"article","og_title":"Baliza tricolor - BIOPESAJE S.A.S.","og_description":"Biopesaje S.A.S cuenta con la mejor selecci\u00f3n de equipos en categor\u00edas como pesaje, procesamiento y empaque de la industria alimenticia.","og_url":"https:\/\/biopesaje.com\/index.php\/product\/baliza-tricolor-para-indicadores-x10-x15\/","og_site_name":"BIOPESAJE S.A.S.","article_modified_time":"2025-09-10T17:17:38+00:00","og_image":[{"width":2318,"height":1625,"url":"https:\/\/biopesaje.com\/wp-content\/uploads\/2025\/03\/Baliza-tricolor-para-indicadores-X10-X15-1-1.png","type":"image\/png"}],"twitter_card":"summary_large_image","twitter_misc":{"Tiempo de lectura":"2 minutos"},"schema":{"@context":"https:\/\/schema.org","@graph":[{"@type":"WebPage","@id":"https:\/\/biopesaje.com\/index.php\/product\/baliza-tricolor-para-indicadores-x10-x15\/","url":"https:\/\/biopesaje.com\/index.php\/product\/baliza-tricolor-para-indicadores-x10-x15\/","name":"Baliza tricolor - BIOPESAJE S.A.S.","isPartOf":{"@id":"https:\/\/biopesaje.com\/#website"},"primaryImageOfPage":{"@id":"https:\/\/biopesaje.com\/index.php\/product\/baliza-tricolor-para-indicadores-x10-x15\/#primaryimage"},"image":{"@id":"https:\/\/biopesaje.com\/index.php\/product\/baliza-tricolor-para-indicadores-x10-x15\/#primaryimage"},"thumbnailUrl":"https:\/\/biopesaje.com\/wp-content\/uploads\/2025\/03\/Baliza-tricolor-para-indicadores-X10-X15-1-1.png","datePublished":"2025-03-03T13:48:53+00:00","dateModified":"2025-09-10T17:17:38+00:00","description":"Biopesaje S.A.S cuenta con la mejor selecci\u00f3n de equipos en categor\u00edas como pesaje, procesamiento y empaque de la industria alimenticia.","breadcrumb":{"@id":"https:\/\/biopesaje.com\/index.php\/product\/baliza-tricolor-para-indicadores-x10-x15\/#breadcrumb"},"inLanguage":"es-CO","potentialAction":[{"@type":"ReadAction","target":["https:\/\/biopesaje.com\/index.php\/product\/baliza-tricolor-para-indicadores-x10-x15\/"]}]},{"@type":"ImageObject","inLanguage":"es-CO","@id":"https:\/\/biopesaje.com\/index.php\/product\/baliza-tricolor-para-indicadores-x10-x15\/#primaryimage","url":"https:\/\/biopesaje.com\/wp-content\/uploads\/2025\/03\/Baliza-tricolor-para-indicadores-X10-X15-1-1.png","contentUrl":"https:\/\/biopesaje.com\/wp-content\/uploads\/2025\/03\/Baliza-tricolor-para-indicadores-X10-X15-1-1.png","width":2318,"height":1625},{"@type":"BreadcrumbList","@id":"https:\/\/biopesaje.com\/index.php\/product\/baliza-tricolor-para-indicadores-x10-x15\/#breadcrumb","itemListElement":[{"@type":"ListItem","position":1,"name":"Home","item":"https:\/\/biopesaje.com\/"},{"@type":"ListItem","position":2,"name":"Productos","item":"https:\/\/biopesaje.com\/index.php\/tienda\/"},{"@type":"ListItem","position":3,"name":"Baliza tricolor"}]},{"@type":"WebSite","@id":"https:\/\/biopesaje.com\/#website","url":"https:\/\/biopesaje.com\/","name":"BIOPESAJE S.A.S.","description":"Ingenier\u00eda de pesaje, metrolog\u00eda y laboratorio.","publisher":{"@id":"https:\/\/biopesaje.com\/#organization"},"potentialAction":[{"@type":"SearchAction","target":{"@type":"EntryPoint","urlTemplate":"https:\/\/biopesaje.com\/?s={search_term_string}"},"query-input":{"@type":"PropertyValueSpecification","valueRequired":true,"valueName":"search_term_string"}}],"inLanguage":"es-CO"},{"@type":"Organization","@id":"https:\/\/biopesaje.com\/#organization","name":"BIOPESAJE S.A.S.","url":"https:\/\/biopesaje.com\/","logo":{"@type":"ImageObject","inLanguage":"es-CO","@id":"https:\/\/biopesaje.com\/#\/schema\/logo\/image\/","url":"","contentUrl":"","caption":"BIOPESAJE S.A.S."},"image":{"@id":"https:\/\/biopesaje.com\/#\/schema\/logo\/image\/"}}]}},"uagb_featured_image_src":{"full":["https:\/\/biopesaje.com\/wp-content\/uploads\/2025\/03\/Baliza-tricolor-para-indicadores-X10-X15-1-1.png",2318,1625,false],"thumbnail":["https:\/\/biopesaje.com\/wp-content\/uploads\/2025\/03\/Baliza-tricolor-para-indicadores-X10-X15-1-1-150x150.png",150,150,true],"medium":["https:\/\/biopesaje.com\/wp-content\/uploads\/2025\/03\/Baliza-tricolor-para-indicadores-X10-X15-1-1-300x210.png",300,210,true],"medium_large":["https:\/\/biopesaje.com\/wp-content\/uploads\/2025\/03\/Baliza-tricolor-para-indicadores-X10-X15-1-1-768x538.png",640,448,true],"large":["https:\/\/biopesaje.com\/wp-content\/uploads\/2025\/03\/Baliza-tricolor-para-indicadores-X10-X15-1-1-1024x718.png",640,449,true],"1536x1536":["https:\/\/biopesaje.com\/wp-content\/uploads\/2025\/03\/Baliza-tricolor-para-indicadores-X10-X15-1-1-1536x1077.png",1536,1077,true],"2048x2048":["https:\/\/biopesaje.com\/wp-content\/uploads\/2025\/03\/Baliza-tricolor-para-indicadores-X10-X15-1-1-2048x1436.png",2048,1436,true],"woocommerce_thumbnail":["https:\/\/biopesaje.com\/wp-content\/uploads\/2025\/03\/Baliza-tricolor-para-indicadores-X10-X15-1-1-320x320.png",320,320,true],"woocommerce_single":["https:\/\/biopesaje.com\/wp-content\/uploads\/2025\/03\/Baliza-tricolor-para-indicadores-X10-X15-1-1.png",2318,1625,false],"woocommerce_gallery_thumbnail":["https:\/\/biopesaje.com\/wp-content\/uploads\/2025\/03\/Baliza-tricolor-para-indicadores-X10-X15-1-1-100x100.png",100,100,true],"thaps-thumb-img":["https:\/\/biopesaje.com\/wp-content\/uploads\/2025\/03\/Baliza-tricolor-para-indicadores-X10-X15-1-1-48x34.png",48,34,true],"taiowc-thumb-img":["https:\/\/biopesaje.com\/wp-content\/uploads\/2025\/03\/Baliza-tricolor-para-indicadores-X10-X15-1-1-48x34.png",48,34,true]},"uagb_author_info":{"display_name":"Diego Martinez","author_link":"https:\/\/biopesaje.com\/index.php\/author\/"},"uagb_comment_info":0,"uagb_excerpt":"La Baliza Tricolor\u00a0 es una luz de alarma tricolor dise\u00f1ada para entornos industriales y comerciales. Este dispositivo ofrece una se\u00f1alizaci\u00f3n visual clara con tres colores distintos, lo que facilita la identificaci\u00f3n de diferentes estados operativos, advertencias o alertas. Su dise\u00f1o es resistente y adecuado para condiciones de trabajo exigentes, asegurando una alta visibilidad y un&hellip;","jetpack_sharing_enabled":true,"_links":{"self":[{"href":"https:\/\/biopesaje.com\/index.php\/wp-json\/wp\/v2\/product\/6460","targetHints":{"allow":["GET"]}}],"collection":[{"href":"https:\/\/biopesaje.com\/index.php\/wp-json\/wp\/v2\/product"}],"about":[{"href":"https:\/\/biopesaje.com\/index.php\/wp-json\/wp\/v2\/types\/product"}],"version-history":[{"count":6,"href":"https:\/\/biopesaje.com\/index.php\/wp-json\/wp\/v2\/product\/6460\/revisions"}],"predecessor-version":[{"id":6475,"href":"https:\/\/biopesaje.com\/index.php\/wp-json\/wp\/v2\/product\/6460\/revisions\/6475"}],"wp:featuredmedia":[{"embeddable":true,"href":"https:\/\/biopesaje.com\/index.php\/wp-json\/wp\/v2\/media\/10121"}],"wp:attachment":[{"href":"https:\/\/biopesaje.com\/index.php\/wp-json\/wp\/v2\/media?parent=6460"}],"wp:term":[{"taxonomy":"product_brand","embeddable":true,"href":"https:\/\/biopesaje.com\/index.php\/wp-json\/wp\/v2\/product_brand?post=6460"},{"taxonomy":"product_cat","embeddable":true,"href":"https:\/\/biopesaje.com\/index.php\/wp-json\/wp\/v2\/product_cat?post=6460"},{"taxonomy":"product_tag","embeddable":true,"href":"https:\/\/biopesaje.com\/index.php\/wp-json\/wp\/v2\/product_tag?post=6460"}],"curies":[{"name":"wp","href":"https:\/\/api.w.org\/{rel}","templated":true}]}}