{"id":7005,"date":"2025-03-10T23:02:23","date_gmt":"2025-03-10T23:02:23","guid":{"rendered":"https:\/\/biopesaje.com\/?post_type=product&#038;p=7005"},"modified":"2025-03-17T20:18:25","modified_gmt":"2025-03-17T20:18:25","slug":"total-30","status":"publish","type":"product","link":"https:\/\/biopesaje.com\/index.php\/product\/total-30\/","title":{"rendered":"TOTAL-30"},"content":{"rendered":"\t\t<div data-elementor-type=\"wp-post\" data-elementor-id=\"7005\" class=\"elementor elementor-7005\" data-elementor-post-type=\"product\">\n\t\t\t\t\t\t<section class=\"elementor-section elementor-top-section elementor-element elementor-element-87a90dc elementor-section-boxed elementor-section-height-default elementor-section-height-default\" data-id=\"87a90dc\" data-element_type=\"section\" data-e-type=\"section\">\n\t\t\t\t\t\t<div class=\"elementor-container elementor-column-gap-default\">\n\t\t\t\t\t<div class=\"elementor-column elementor-col-100 elementor-top-column elementor-element elementor-element-14c4f1f\" data-id=\"14c4f1f\" data-element_type=\"column\" data-e-type=\"column\">\n\t\t\t<div class=\"elementor-widget-wrap elementor-element-populated\">\n\t\t\t\t\t\t<div class=\"elementor-element elementor-element-60dc37e elementor-widget elementor-widget-heading\" data-id=\"60dc37e\" data-element_type=\"widget\" data-e-type=\"widget\" data-widget_type=\"heading.default\">\n\t\t\t\t<div class=\"elementor-widget-container\">\n\t\t\t\t\t<h2 class=\"elementor-heading-title elementor-size-default\"><span style=\"font-size: 22px;font-style: normal;font-weight: 400;text-align: center\">Descripci\u00f3n de equipo Total-30&nbsp;<\/span><span style=\"font-style: normal;font-size: 22px;font-weight: 400;text-align: center\">-<\/span><span style=\"font-style: normal;font-size: 22px;font-weight: 400;text-align: center\">&nbsp;<\/span><span style=\"font-style: normal;font-size: 22px;font-weight: 400;text-align: center\">Biopesaje<\/span><span style=\"font-style: normal;font-size: 22px;font-weight: 400\"><\/span><\/h2>\t\t\t\t<\/div>\n\t\t\t\t<\/div>\n\t\t\t\t\t<\/div>\n\t\t<\/div>\n\t\t\t\t\t<\/div>\n\t\t<\/section>\n\t\t\t\t<section class=\"elementor-section elementor-top-section elementor-element elementor-element-ec46df4 elementor-section-boxed elementor-section-height-default elementor-section-height-default\" data-id=\"ec46df4\" data-element_type=\"section\" data-e-type=\"section\">\n\t\t\t\t\t\t<div class=\"elementor-container elementor-column-gap-default\">\n\t\t\t\t\t<div class=\"elementor-column elementor-col-100 elementor-top-column elementor-element elementor-element-816344c\" data-id=\"816344c\" data-element_type=\"column\" data-e-type=\"column\">\n\t\t\t<div class=\"elementor-widget-wrap elementor-element-populated\">\n\t\t\t\t\t\t<div class=\"elementor-element elementor-element-3d2d856 elementor-widget elementor-widget-heading\" data-id=\"3d2d856\" data-element_type=\"widget\" data-e-type=\"widget\" data-widget_type=\"heading.default\">\n\t\t\t\t<div class=\"elementor-widget-container\">\n\t\t\t\t\t<h4 class=\"elementor-heading-title elementor-size-default\">Vis\u00edtanos en: Instagram: @biopesaje \/ Facebook: Biopesaje S.A.<\/h4>\t\t\t\t<\/div>\n\t\t\t\t<\/div>\n\t\t\t\t\t<\/div>\n\t\t<\/div>\n\t\t\t\t\t<\/div>\n\t\t<\/section>\n\t\t\t\t<section class=\"elementor-section elementor-top-section elementor-element elementor-element-68d29632 elementor-section-boxed elementor-section-height-default elementor-section-height-default\" data-id=\"68d29632\" data-element_type=\"section\" data-e-type=\"section\">\n\t\t\t\t\t\t<div class=\"elementor-container elementor-column-gap-default\">\n\t\t\t\t\t<div class=\"elementor-column elementor-col-100 elementor-top-column elementor-element elementor-element-7df9fc88\" data-id=\"7df9fc88\" data-element_type=\"column\" data-e-type=\"column\">\n\t\t\t<div class=\"elementor-widget-wrap elementor-element-populated\">\n\t\t\t\t\t\t<div class=\"elementor-element elementor-element-4fbde1f8 elementor-widget elementor-widget-text-editor\" data-id=\"4fbde1f8\" data-element_type=\"widget\" data-e-type=\"widget\" data-widget_type=\"text-editor.default\">\n\t\t\t\t<div class=\"elementor-widget-container\">\n\t\t\t\t\t\t\t\t\t<p>La <strong>balanza liquidadora TOTAL-30<\/strong> es una herramienta indispensable para establecimientos comerciales como carnicer\u00edas, fruter\u00edas, supermercados y tiendas de abarrotes. Dise\u00f1ada para <strong>pesar productos<\/strong> como frutas, verduras y carnes, facilita <strong>transacciones precisas y eficientes<\/strong>, optimizando los procesos de venta y mejorando la atenci\u00f3n al cliente.<\/p><p>Este modelo ofrece una <strong>capacidad de hasta 30 kg<\/strong> con una <strong>divisi\u00f3n de escala de 10 g<\/strong>, lo que garantiza mediciones exactas para una amplia variedad de productos. Esta precisi\u00f3n. Fundamental para asegurar que las transacciones sean justas y transparentes, beneficiando tanto a los comerciantes como a los clientes.<\/p><p>Construida para resistir entornos comerciales exigentes.\u00a0 La balanza cuenta con una <strong>carcasa de ABS<\/strong> que proporciona resistencia a impactos y un <strong>plato de acero inoxidable<\/strong> de <strong>33 x 24 x 1.5 cm<\/strong>. Estos materiales no solo aseguran <strong>durabilidad<\/strong>, sino que tambi\u00e9n facilitan la limpieza y el mantenimiento, garantizando una larga vida \u00fatil del equipo.<\/p><p>Una de sus funciones m\u00e1s \u00fatiles es la <strong>tara m\u00e1xima del 100% por sustracci\u00f3n<\/strong>, que permite pesar productos en diferentes contenedores sin afectar la precisi\u00f3n de la medici\u00f3n. Esta caracter\u00edstica es especialmente \u00fatil en comercios que manejan productos a granel o empaquetados.<\/p><p>La <strong>balanza liquidadora TOTAL-30. E<\/strong>st\u00e1 equipada con un <strong>display LED rojo<\/strong> de alta visibilidad y un <strong>teclado de membrana<\/strong>, que ofrecen una <strong>interfaz intuitiva<\/strong> y f\u00e1cil de manejar. Adem\u00e1s, funciona con <strong>corriente el\u00e9ctrica de 110V\/60Hz.<\/strong> Incorpora una <strong>bater\u00eda recargable de 4V.<\/strong> Con <strong>autonom\u00eda de hasta 200 horas<\/strong>, asegurando un funcionamiento ininterrumpido, incluso durante cortes de energ\u00eda.<\/p><p>Gracias a sus <strong>dimensiones compactas de 32 x 34 x 12 cm<\/strong> y su <strong>peso de 14 kg<\/strong>, la balanza es f\u00e1cil de transportar y ubicar en espacios reducidos. Ideal para <strong>comerciantes<\/strong> que necesitan un equipo preciso y eficiente.<\/p><h5><strong>Para mayor informaci\u00f3n y consulta de diferentes temas de inter\u00e9s te puedes dirigir a:\u00a0 <a href=\"https:\/\/members.wto.org\/crnattachments\/2016\/TBT\/COL\/16_1549_01_s.pdf\">NTC 2031\u00a0<\/a><\/strong><\/h5>\t\t\t\t\t\t\t\t<\/div>\n\t\t\t\t<\/div>\n\t\t\t\t\t<\/div>\n\t\t<\/div>\n\t\t\t\t\t<\/div>\n\t\t<\/section>\n\t\t\t\t<section class=\"elementor-section elementor-top-section elementor-element elementor-element-d942d70 elementor-section-boxed elementor-section-height-default elementor-section-height-default\" data-id=\"d942d70\" data-element_type=\"section\" data-e-type=\"section\">\n\t\t\t\t\t\t<div class=\"elementor-container elementor-column-gap-default\">\n\t\t\t\t\t<div class=\"elementor-column elementor-col-100 elementor-top-column elementor-element elementor-element-37ca196\" data-id=\"37ca196\" data-element_type=\"column\" data-e-type=\"column\">\n\t\t\t<div class=\"elementor-widget-wrap elementor-element-populated\">\n\t\t\t\t\t\t<div class=\"elementor-element elementor-element-2de4bd8 elementor-widget elementor-widget-heading\" data-id=\"2de4bd8\" data-element_type=\"widget\" data-e-type=\"widget\" data-widget_type=\"heading.default\">\n\t\t\t\t<div class=\"elementor-widget-container\">\n\t\t\t\t\t<h3 class=\"elementor-heading-title elementor-size-default\">Documentaci\u00f3n<\/h3>\t\t\t\t<\/div>\n\t\t\t\t<\/div>\n\t\t\t\t<div class=\"elementor-element elementor-element-168aea1 elementor-widget elementor-widget-eael-adv-accordion\" data-id=\"168aea1\" data-element_type=\"widget\" data-e-type=\"widget\" data-widget_type=\"eael-adv-accordion.default\">\n\t\t\t\t<div class=\"elementor-widget-container\">\n\t\t\t\t\t            <div class=\"eael-adv-accordion\" id=\"eael-adv-accordion-168aea1\" data-scroll-on-click=\"no\" data-scroll-speed=\"300\" data-accordion-id=\"168aea1\" data-accordion-type=\"accordion\" data-toogle-speed=\"300\">\n            <div class=\"eael-accordion-list\">\n\t\t\t\t\t<div id=\"documentos\" class=\"elementor-tab-title eael-accordion-header active-default\" tabindex=\"0\" data-tab=\"1\" aria-controls=\"elementor-tab-content-2361\"><span class=\"eael-advanced-accordion-icon-closed\"><i aria-hidden=\"true\" class=\"fa-accordion-icon far fa-file-pdf\"><\/i><\/span><span class=\"eael-advanced-accordion-icon-opened\"><i aria-hidden=\"true\" class=\"fa-accordion-icon fas fa-minus\"><\/i><\/span><span class=\"eael-accordion-tab-title\">Documentos<\/span><i aria-hidden=\"true\" class=\"fa-toggle fas fa-angle-right\"><\/i><\/div><div id=\"elementor-tab-content-2361\" class=\"eael-accordion-content clearfix active-default\" data-tab=\"1\" aria-labelledby=\"documentos\"><p><a href=\"https:\/\/biopesaje.com\/wp-content\/uploads\/2025\/03\/FICHA_TECNICA_BALANZA_TOTAL-30.pdf\" target=\"_blank\" rel=\"noopener\"><img decoding=\"async\" class=\"wp-image-2526 alignnone\" src=\"https:\/\/biopesaje.com\/wp-content\/uploads\/2022\/02\/391px-PDF_file_icon.svg.png\" alt=\"\" width=\"30\" height=\"37\" srcset=\"https:\/\/biopesaje.com\/wp-content\/uploads\/2022\/02\/391px-PDF_file_icon.svg.png 391w, https:\/\/biopesaje.com\/wp-content\/uploads\/2022\/02\/391px-PDF_file_icon.svg-300x368.png 300w, https:\/\/biopesaje.com\/wp-content\/uploads\/2022\/02\/391px-PDF_file_icon.svg-244x300.png 244w, https:\/\/biopesaje.com\/wp-content\/uploads\/2022\/02\/391px-PDF_file_icon.svg-48x59.png 48w\" sizes=\"(max-width: 30px) 100vw, 30px\" \/> catalogo-<strong>balanza liquidadora TOTAL-30<\/strong><\/a><\/p><p><img decoding=\"async\" class=\"wp-image-2526 alignnone\" src=\"https:\/\/biopesaje.com\/wp-content\/uploads\/2022\/02\/391px-PDF_file_icon.svg.png\" alt=\"\" width=\"30\" height=\"37\" srcset=\"https:\/\/biopesaje.com\/wp-content\/uploads\/2022\/02\/391px-PDF_file_icon.svg.png 391w, https:\/\/biopesaje.com\/wp-content\/uploads\/2022\/02\/391px-PDF_file_icon.svg-300x368.png 300w, https:\/\/biopesaje.com\/wp-content\/uploads\/2022\/02\/391px-PDF_file_icon.svg-244x300.png 244w, https:\/\/biopesaje.com\/wp-content\/uploads\/2022\/02\/391px-PDF_file_icon.svg-48x59.png 48w\" sizes=\"(max-width: 30px) 100vw, 30px\" \/> <a href=\"https:\/\/biopesaje.com\/wp-content\/uploads\/2025\/03\/MANUAL_DE_USUARIO_TOTAL-30.pdf\" target=\"_blank\" rel=\"noopener\">manual-<strong>balanza liquidadora TOTAL-30<\/strong><\/a><\/p><\/div>\n\t\t\t\t\t<\/div><\/div>\t\t\t\t<\/div>\n\t\t\t\t<\/div>\n\t\t\t\t\t<\/div>\n\t\t<\/div>\n\t\t\t\t\t<\/div>\n\t\t<\/section>\n\t\t\t\t<\/div>\n\t\t","protected":false},"excerpt":{"rendered":"<p>TOTAL-30<br \/>\nCapacidad: 30kg&amp;amp;amp;amp;amp;amp;amp;amp;lt;br \/&amp;gt;Divisi\u00f3n de escala: (d=) 10g<br \/>\nEscala de verificaci\u00f3n: (e=) 10g<br \/>\nM\u00ednimo: 200g<br \/>\nClase: III (Media)<br \/>\nTara M\u00e1xima: 100% por sustracci\u00f3n<br \/>\nTemperatura de operaci\u00f3n: 0\u00b0C &#8211; 30\u00b0C<br \/>\nMedidas del plato:33x24x1.5cm<br \/>\nUnidades de peso: kg \/ lb<br \/>\nMaterial de la carcasa: Carcasa en ABS<br \/>\nTipo de display y color: LED rojo<br \/>\nTipo de teclado Teclado: tipo membrana<br \/>\nCorriente el\u00e9ctrica: 110V \/ 60Hz<br \/>\nFuente de alimentaci\u00f3n: Cable AC incluido<br \/>\nBater\u00eda: recargable 4V, hasta 200 horas de autonom\u00eda<br \/>\nAjuste de peso: Digital externo<br \/>\nAccesorios: Cable AC, manual, cubierta pl\u00e1stica, bandeja y soportes<br \/>\nPeso neto \/ Peso con empaque: 14 kg<br \/>\nDimensiones: 32x34x12cm<\/p>\n","protected":false},"featured_media":7016,"template":"","meta":{"_uag_custom_page_level_css":"","_joinchat":[]},"product_brand":[],"product_cat":[32,40],"product_tag":[],"class_list":{"0":"post-7005","1":"product","2":"type-product","3":"status-publish","4":"has-post-thumbnail","6":"product_cat-balanzas-de-mesa","7":"product_cat-balanzas-comerciales-liquidadoras-de-precio","8":"thunk-woo-product-list","9":"opn-qv-enable","10":"top-store-woo-hover-none","11":"top-store-single-product-tab-horizontal","12":"top-store-shadow-","13":"top-store-shadow-hover-","15":"first","16":"instock","17":"taxable","18":"shipping-taxable","19":"product-type-simple"},"yoast_head":"<!-- This site is optimized with the Yoast SEO plugin v27.3 - https:\/\/yoast.com\/product\/yoast-seo-wordpress\/ -->\n<title>TOTAL-30 - BIOPESAJE S.A.S.<\/title>\n<meta name=\"description\" content=\"Biopesaje S.A.S cuenta con la mejor selecci\u00f3n de equipos en categor\u00edas como pesaje, procesamiento y empaque de la industria alimenticia. Total-30\" \/>\n<meta name=\"robots\" content=\"index, follow, max-snippet:-1, max-image-preview:large, max-video-preview:-1\" \/>\n<link rel=\"canonical\" href=\"https:\/\/biopesaje.com\/index.php\/product\/total-30\/\" \/>\n<meta property=\"og:locale\" content=\"es_ES\" \/>\n<meta property=\"og:type\" content=\"article\" \/>\n<meta property=\"og:title\" content=\"TOTAL-30 - BIOPESAJE S.A.S.\" \/>\n<meta property=\"og:description\" content=\"Biopesaje S.A.S cuenta con la mejor selecci\u00f3n de equipos en categor\u00edas como pesaje, procesamiento y empaque de la industria alimenticia. Total-30\" \/>\n<meta property=\"og:url\" content=\"https:\/\/biopesaje.com\/index.php\/product\/total-30\/\" \/>\n<meta property=\"og:site_name\" content=\"BIOPESAJE S.A.S.\" \/>\n<meta property=\"article:modified_time\" content=\"2025-03-17T20:18:25+00:00\" \/>\n<meta property=\"og:image\" content=\"https:\/\/biopesaje.com\/wp-content\/uploads\/2025\/03\/Total-30-4.jpg\" \/>\n\t<meta property=\"og:image:width\" content=\"965\" \/>\n\t<meta property=\"og:image:height\" content=\"772\" \/>\n\t<meta property=\"og:image:type\" content=\"image\/jpeg\" \/>\n<meta name=\"twitter:card\" content=\"summary_large_image\" \/>\n<meta name=\"twitter:label1\" content=\"Tiempo de lectura\" \/>\n\t<meta name=\"twitter:data1\" content=\"2 minutos\" \/>\n<script type=\"application\/ld+json\" class=\"yoast-schema-graph\">{\"@context\":\"https:\\\/\\\/schema.org\",\"@graph\":[{\"@type\":\"WebPage\",\"@id\":\"https:\\\/\\\/biopesaje.com\\\/index.php\\\/product\\\/total-30\\\/\",\"url\":\"https:\\\/\\\/biopesaje.com\\\/index.php\\\/product\\\/total-30\\\/\",\"name\":\"TOTAL-30 - BIOPESAJE S.A.S.\",\"isPartOf\":{\"@id\":\"https:\\\/\\\/biopesaje.com\\\/#website\"},\"primaryImageOfPage\":{\"@id\":\"https:\\\/\\\/biopesaje.com\\\/index.php\\\/product\\\/total-30\\\/#primaryimage\"},\"image\":{\"@id\":\"https:\\\/\\\/biopesaje.com\\\/index.php\\\/product\\\/total-30\\\/#primaryimage\"},\"thumbnailUrl\":\"https:\\\/\\\/biopesaje.com\\\/wp-content\\\/uploads\\\/2025\\\/03\\\/Total-30-4.jpg\",\"datePublished\":\"2025-03-10T23:02:23+00:00\",\"dateModified\":\"2025-03-17T20:18:25+00:00\",\"description\":\"Biopesaje S.A.S cuenta con la mejor selecci\u00f3n de equipos en categor\u00edas como pesaje, procesamiento y empaque de la industria alimenticia. Total-30\",\"breadcrumb\":{\"@id\":\"https:\\\/\\\/biopesaje.com\\\/index.php\\\/product\\\/total-30\\\/#breadcrumb\"},\"inLanguage\":\"es-CO\",\"potentialAction\":[{\"@type\":\"ReadAction\",\"target\":[\"https:\\\/\\\/biopesaje.com\\\/index.php\\\/product\\\/total-30\\\/\"]}]},{\"@type\":\"ImageObject\",\"inLanguage\":\"es-CO\",\"@id\":\"https:\\\/\\\/biopesaje.com\\\/index.php\\\/product\\\/total-30\\\/#primaryimage\",\"url\":\"https:\\\/\\\/biopesaje.com\\\/wp-content\\\/uploads\\\/2025\\\/03\\\/Total-30-4.jpg\",\"contentUrl\":\"https:\\\/\\\/biopesaje.com\\\/wp-content\\\/uploads\\\/2025\\\/03\\\/Total-30-4.jpg\",\"width\":965,\"height\":772,\"caption\":\"Total-30\"},{\"@type\":\"BreadcrumbList\",\"@id\":\"https:\\\/\\\/biopesaje.com\\\/index.php\\\/product\\\/total-30\\\/#breadcrumb\",\"itemListElement\":[{\"@type\":\"ListItem\",\"position\":1,\"name\":\"Home\",\"item\":\"https:\\\/\\\/biopesaje.com\\\/\"},{\"@type\":\"ListItem\",\"position\":2,\"name\":\"Productos\",\"item\":\"https:\\\/\\\/biopesaje.com\\\/index.php\\\/tienda\\\/\"},{\"@type\":\"ListItem\",\"position\":3,\"name\":\"TOTAL-30\"}]},{\"@type\":\"WebSite\",\"@id\":\"https:\\\/\\\/biopesaje.com\\\/#website\",\"url\":\"https:\\\/\\\/biopesaje.com\\\/\",\"name\":\"BIOPESAJE S.A.S.\",\"description\":\"Ingenier\u00eda de pesaje, metrolog\u00eda y laboratorio.\",\"publisher\":{\"@id\":\"https:\\\/\\\/biopesaje.com\\\/#organization\"},\"potentialAction\":[{\"@type\":\"SearchAction\",\"target\":{\"@type\":\"EntryPoint\",\"urlTemplate\":\"https:\\\/\\\/biopesaje.com\\\/?s={search_term_string}\"},\"query-input\":{\"@type\":\"PropertyValueSpecification\",\"valueRequired\":true,\"valueName\":\"search_term_string\"}}],\"inLanguage\":\"es-CO\"},{\"@type\":\"Organization\",\"@id\":\"https:\\\/\\\/biopesaje.com\\\/#organization\",\"name\":\"BIOPESAJE S.A.S.\",\"url\":\"https:\\\/\\\/biopesaje.com\\\/\",\"logo\":{\"@type\":\"ImageObject\",\"inLanguage\":\"es-CO\",\"@id\":\"https:\\\/\\\/biopesaje.com\\\/#\\\/schema\\\/logo\\\/image\\\/\",\"url\":\"\",\"contentUrl\":\"\",\"caption\":\"BIOPESAJE S.A.S.\"},\"image\":{\"@id\":\"https:\\\/\\\/biopesaje.com\\\/#\\\/schema\\\/logo\\\/image\\\/\"}}]}<\/script>\n<!-- \/ Yoast SEO plugin. -->","yoast_head_json":{"title":"TOTAL-30 - BIOPESAJE S.A.S.","description":"Biopesaje S.A.S cuenta con la mejor selecci\u00f3n de equipos en categor\u00edas como pesaje, procesamiento y empaque de la industria alimenticia. Total-30","robots":{"index":"index","follow":"follow","max-snippet":"max-snippet:-1","max-image-preview":"max-image-preview:large","max-video-preview":"max-video-preview:-1"},"canonical":"https:\/\/biopesaje.com\/index.php\/product\/total-30\/","og_locale":"es_ES","og_type":"article","og_title":"TOTAL-30 - BIOPESAJE S.A.S.","og_description":"Biopesaje S.A.S cuenta con la mejor selecci\u00f3n de equipos en categor\u00edas como pesaje, procesamiento y empaque de la industria alimenticia. Total-30","og_url":"https:\/\/biopesaje.com\/index.php\/product\/total-30\/","og_site_name":"BIOPESAJE S.A.S.","article_modified_time":"2025-03-17T20:18:25+00:00","og_image":[{"width":965,"height":772,"url":"https:\/\/biopesaje.com\/wp-content\/uploads\/2025\/03\/Total-30-4.jpg","type":"image\/jpeg"}],"twitter_card":"summary_large_image","twitter_misc":{"Tiempo de lectura":"2 minutos"},"schema":{"@context":"https:\/\/schema.org","@graph":[{"@type":"WebPage","@id":"https:\/\/biopesaje.com\/index.php\/product\/total-30\/","url":"https:\/\/biopesaje.com\/index.php\/product\/total-30\/","name":"TOTAL-30 - BIOPESAJE S.A.S.","isPartOf":{"@id":"https:\/\/biopesaje.com\/#website"},"primaryImageOfPage":{"@id":"https:\/\/biopesaje.com\/index.php\/product\/total-30\/#primaryimage"},"image":{"@id":"https:\/\/biopesaje.com\/index.php\/product\/total-30\/#primaryimage"},"thumbnailUrl":"https:\/\/biopesaje.com\/wp-content\/uploads\/2025\/03\/Total-30-4.jpg","datePublished":"2025-03-10T23:02:23+00:00","dateModified":"2025-03-17T20:18:25+00:00","description":"Biopesaje S.A.S cuenta con la mejor selecci\u00f3n de equipos en categor\u00edas como pesaje, procesamiento y empaque de la industria alimenticia. Total-30","breadcrumb":{"@id":"https:\/\/biopesaje.com\/index.php\/product\/total-30\/#breadcrumb"},"inLanguage":"es-CO","potentialAction":[{"@type":"ReadAction","target":["https:\/\/biopesaje.com\/index.php\/product\/total-30\/"]}]},{"@type":"ImageObject","inLanguage":"es-CO","@id":"https:\/\/biopesaje.com\/index.php\/product\/total-30\/#primaryimage","url":"https:\/\/biopesaje.com\/wp-content\/uploads\/2025\/03\/Total-30-4.jpg","contentUrl":"https:\/\/biopesaje.com\/wp-content\/uploads\/2025\/03\/Total-30-4.jpg","width":965,"height":772,"caption":"Total-30"},{"@type":"BreadcrumbList","@id":"https:\/\/biopesaje.com\/index.php\/product\/total-30\/#breadcrumb","itemListElement":[{"@type":"ListItem","position":1,"name":"Home","item":"https:\/\/biopesaje.com\/"},{"@type":"ListItem","position":2,"name":"Productos","item":"https:\/\/biopesaje.com\/index.php\/tienda\/"},{"@type":"ListItem","position":3,"name":"TOTAL-30"}]},{"@type":"WebSite","@id":"https:\/\/biopesaje.com\/#website","url":"https:\/\/biopesaje.com\/","name":"BIOPESAJE S.A.S.","description":"Ingenier\u00eda de pesaje, metrolog\u00eda y laboratorio.","publisher":{"@id":"https:\/\/biopesaje.com\/#organization"},"potentialAction":[{"@type":"SearchAction","target":{"@type":"EntryPoint","urlTemplate":"https:\/\/biopesaje.com\/?s={search_term_string}"},"query-input":{"@type":"PropertyValueSpecification","valueRequired":true,"valueName":"search_term_string"}}],"inLanguage":"es-CO"},{"@type":"Organization","@id":"https:\/\/biopesaje.com\/#organization","name":"BIOPESAJE S.A.S.","url":"https:\/\/biopesaje.com\/","logo":{"@type":"ImageObject","inLanguage":"es-CO","@id":"https:\/\/biopesaje.com\/#\/schema\/logo\/image\/","url":"","contentUrl":"","caption":"BIOPESAJE S.A.S."},"image":{"@id":"https:\/\/biopesaje.com\/#\/schema\/logo\/image\/"}}]}},"uagb_featured_image_src":{"full":["https:\/\/biopesaje.com\/wp-content\/uploads\/2025\/03\/Total-30-4.jpg",965,772,false],"thumbnail":["https:\/\/biopesaje.com\/wp-content\/uploads\/2025\/03\/Total-30-4-150x150.jpg",150,150,true],"medium":["https:\/\/biopesaje.com\/wp-content\/uploads\/2025\/03\/Total-30-4-300x240.jpg",300,240,true],"medium_large":["https:\/\/biopesaje.com\/wp-content\/uploads\/2025\/03\/Total-30-4-768x614.jpg",640,512,true],"large":["https:\/\/biopesaje.com\/wp-content\/uploads\/2025\/03\/Total-30-4.jpg",640,512,false],"1536x1536":["https:\/\/biopesaje.com\/wp-content\/uploads\/2025\/03\/Total-30-4.jpg",965,772,false],"2048x2048":["https:\/\/biopesaje.com\/wp-content\/uploads\/2025\/03\/Total-30-4.jpg",965,772,false],"woocommerce_thumbnail":["https:\/\/biopesaje.com\/wp-content\/uploads\/2025\/03\/Total-30-4-320x320.jpg",320,320,true],"woocommerce_single":["https:\/\/biopesaje.com\/wp-content\/uploads\/2025\/03\/Total-30-4.jpg",965,772,false],"woocommerce_gallery_thumbnail":["https:\/\/biopesaje.com\/wp-content\/uploads\/2025\/03\/Total-30-4-100x100.jpg",100,100,true],"thaps-thumb-img":["https:\/\/biopesaje.com\/wp-content\/uploads\/2025\/03\/Total-30-4-48x38.jpg",48,38,true],"taiowc-thumb-img":["https:\/\/biopesaje.com\/wp-content\/uploads\/2025\/03\/Total-30-4-48x38.jpg",48,38,true]},"uagb_author_info":{"display_name":"Diego Martinez","author_link":"https:\/\/biopesaje.com\/index.php\/author\/"},"uagb_comment_info":0,"uagb_excerpt":"TOTAL-30 Capacidad: 30kg&amp;amp;amp;amp;amp;amp;amp;amp;lt;br \/&amp;gt;Divisi\u00f3n de escala: (d=) 10g Escala de verificaci\u00f3n: (e=) 10g M\u00ednimo: 200g Clase: III (Media) Tara M\u00e1xima: 100% por sustracci\u00f3n Temperatura de operaci\u00f3n: 0\u00b0C - 30\u00b0C Medidas del plato:33x24x1.5cm Unidades de peso: kg \/ lb Material de la carcasa: Carcasa en ABS Tipo de display y color: LED rojo Tipo de teclado&hellip;","jetpack_sharing_enabled":true,"_links":{"self":[{"href":"https:\/\/biopesaje.com\/index.php\/wp-json\/wp\/v2\/product\/7005","targetHints":{"allow":["GET"]}}],"collection":[{"href":"https:\/\/biopesaje.com\/index.php\/wp-json\/wp\/v2\/product"}],"about":[{"href":"https:\/\/biopesaje.com\/index.php\/wp-json\/wp\/v2\/types\/product"}],"version-history":[{"count":12,"href":"https:\/\/biopesaje.com\/index.php\/wp-json\/wp\/v2\/product\/7005\/revisions"}],"predecessor-version":[{"id":7403,"href":"https:\/\/biopesaje.com\/index.php\/wp-json\/wp\/v2\/product\/7005\/revisions\/7403"}],"wp:featuredmedia":[{"embeddable":true,"href":"https:\/\/biopesaje.com\/index.php\/wp-json\/wp\/v2\/media\/7016"}],"wp:attachment":[{"href":"https:\/\/biopesaje.com\/index.php\/wp-json\/wp\/v2\/media?parent=7005"}],"wp:term":[{"taxonomy":"product_brand","embeddable":true,"href":"https:\/\/biopesaje.com\/index.php\/wp-json\/wp\/v2\/product_brand?post=7005"},{"taxonomy":"product_cat","embeddable":true,"href":"https:\/\/biopesaje.com\/index.php\/wp-json\/wp\/v2\/product_cat?post=7005"},{"taxonomy":"product_tag","embeddable":true,"href":"https:\/\/biopesaje.com\/index.php\/wp-json\/wp\/v2\/product_tag?post=7005"}],"curies":[{"name":"wp","href":"https:\/\/api.w.org\/{rel}","templated":true}]}}