{"id":7078,"date":"2025-03-11T16:57:30","date_gmt":"2025-03-11T16:57:30","guid":{"rendered":"https:\/\/biopesaje.com\/?post_type=product&#038;p=7078"},"modified":"2025-07-01T15:10:02","modified_gmt":"2025-07-01T15:10:02","slug":"classic-30-inox","status":"publish","type":"product","link":"https:\/\/biopesaje.com\/index.php\/product\/classic-30-inox\/","title":{"rendered":"CLASSIC-30-INOX"},"content":{"rendered":"\t\t<div data-elementor-type=\"wp-post\" data-elementor-id=\"7078\" class=\"elementor elementor-7078\" data-elementor-post-type=\"product\">\n\t\t\t\t\t\t<section class=\"elementor-section elementor-top-section elementor-element elementor-element-87a90dc elementor-section-boxed elementor-section-height-default elementor-section-height-default\" data-id=\"87a90dc\" data-element_type=\"section\" data-e-type=\"section\">\n\t\t\t\t\t\t<div class=\"elementor-container elementor-column-gap-default\">\n\t\t\t\t\t<div class=\"elementor-column elementor-col-100 elementor-top-column elementor-element elementor-element-14c4f1f\" data-id=\"14c4f1f\" data-element_type=\"column\" data-e-type=\"column\">\n\t\t\t<div class=\"elementor-widget-wrap elementor-element-populated\">\n\t\t\t\t\t\t<div class=\"elementor-element elementor-element-60dc37e elementor-widget elementor-widget-heading\" data-id=\"60dc37e\" data-element_type=\"widget\" data-e-type=\"widget\" data-widget_type=\"heading.default\">\n\t\t\t\t<div class=\"elementor-widget-container\">\n\t\t\t\t\t<h2 class=\"elementor-heading-title elementor-size-default\"><span style=\"text-align: center\"><span>Descripci\u00f3n de equipo CLASSIC-30-INOX&nbsp;<\/span><\/span><span style=\"font-style: normal;font-size: 22px;font-weight: 400;text-align: center\">-<\/span><span style=\"font-style: normal;font-size: 22px;font-weight: 400;text-align: center\">&nbsp;<\/span><span style=\"font-style: normal;font-size: 22px;font-weight: 400;text-align: center\">Biopesaje<\/span><\/h2>\t\t\t\t<\/div>\n\t\t\t\t<\/div>\n\t\t\t\t\t<\/div>\n\t\t<\/div>\n\t\t\t\t\t<\/div>\n\t\t<\/section>\n\t\t\t\t<section class=\"elementor-section elementor-top-section elementor-element elementor-element-ec46df4 elementor-section-boxed elementor-section-height-default elementor-section-height-default\" data-id=\"ec46df4\" data-element_type=\"section\" data-e-type=\"section\">\n\t\t\t\t\t\t<div class=\"elementor-container elementor-column-gap-default\">\n\t\t\t\t\t<div class=\"elementor-column elementor-col-100 elementor-top-column elementor-element elementor-element-816344c\" data-id=\"816344c\" data-element_type=\"column\" data-e-type=\"column\">\n\t\t\t<div class=\"elementor-widget-wrap elementor-element-populated\">\n\t\t\t\t\t\t<div class=\"elementor-element elementor-element-3d2d856 elementor-widget elementor-widget-heading\" data-id=\"3d2d856\" data-element_type=\"widget\" data-e-type=\"widget\" data-widget_type=\"heading.default\">\n\t\t\t\t<div class=\"elementor-widget-container\">\n\t\t\t\t\t<h4 class=\"elementor-heading-title elementor-size-default\">Vis\u00edtanos en: Instagram: @biopesaje \/ Facebook: Biopesaje S.A.<\/h4>\t\t\t\t<\/div>\n\t\t\t\t<\/div>\n\t\t\t\t\t<\/div>\n\t\t<\/div>\n\t\t\t\t\t<\/div>\n\t\t<\/section>\n\t\t\t\t<section class=\"elementor-section elementor-top-section elementor-element elementor-element-68d29632 elementor-section-boxed elementor-section-height-default elementor-section-height-default\" data-id=\"68d29632\" data-element_type=\"section\" data-e-type=\"section\">\n\t\t\t\t\t\t<div class=\"elementor-container elementor-column-gap-default\">\n\t\t\t\t\t<div class=\"elementor-column elementor-col-100 elementor-top-column elementor-element elementor-element-7df9fc88\" data-id=\"7df9fc88\" data-element_type=\"column\" data-e-type=\"column\">\n\t\t\t<div class=\"elementor-widget-wrap elementor-element-populated\">\n\t\t\t\t\t\t<div class=\"elementor-element elementor-element-4fbde1f8 elementor-widget elementor-widget-text-editor\" data-id=\"4fbde1f8\" data-element_type=\"widget\" data-e-type=\"widget\" data-widget_type=\"text-editor.default\">\n\t\t\t\t<div class=\"elementor-widget-container\">\n\t\t\t\t\t\t\t\t\t<p>La <strong>balanza liquidadora Classic-30-inox\u00a0 de 30 kilogramos<\/strong> con teclado de acero inoxidable es una herramienta esencial para entornos comerciales como carnicer\u00edas, fruter\u00edas, supermercados y tiendas de abarrotes. <strong>Gracias a su dise\u00f1o avanzado<\/strong>, est\u00e1 pensada para proporcionar <strong>mediciones precisas y confiables<\/strong>, lo que facilita transacciones eficientes y mejora significativamente la experiencia tanto del comerciante como del cliente.<\/p><h5><strong>Capacidad y Precisi\u00f3n de la Classic-30-inox<\/strong><\/h5><p>En cuanto a su capacidad, esta balanza ofrece una <strong>carga m\u00e1xima de 30 kg<\/strong> con una <strong>divisi\u00f3n de escala de 10 g.<\/strong>\u00a0Lo que permite pesar una amplia variedad de productos con gran exactitud. <strong>Por lo tanto<\/strong>, esta precisi\u00f3n es fundamental para garantizar <strong>transacciones justas<\/strong> y, a su vez, mantener la confianza del cliente en cada operaci\u00f3n.<\/p><h5><strong>Dise\u00f1o Robusto y Duradero<\/strong><\/h5><p><strong>Por otro lado<\/strong>, la Classic-30-inox est\u00e1 fabricada con <strong>materiales de alta calidad<\/strong>, lo que la hace resistente a entornos comerciales exigentes. Adem\u00e1s, el <strong>teclado de acero inoxidable<\/strong> no solo es duradero y resistente al desgaste, sino que tambi\u00e9n <strong>facilita la limpieza<\/strong>, un aspecto esencial en la industria alimentaria para cumplir con los est\u00e1ndares de higiene.<\/p><h5><strong>Funciones Adicionales<\/strong><\/h5><p>Entre sus caracter\u00edsticas m\u00e1s destacadas, <strong>vale la pena mencionar<\/strong> las funciones avanzadas que optimizan el proceso de venta. Por ejemplo, <strong>incluye<\/strong> el <strong>almacenamiento de precios unitarios<\/strong>, agilizando las transacciones. <strong>Adicionalmente<\/strong>, la <strong>funci\u00f3n de tara<\/strong> permite pesar productos en diferentes contenedores sin comprometer la precisi\u00f3n, lo que mejora la eficiencia operativa.<\/p><h5><strong>Visualizaci\u00f3n y Control<\/strong><\/h5><p>En lo que respecta a la visualizaci\u00f3n, est\u00e1 equipada con un <strong>display LED rojo de alta visibilidad<\/strong>, que facilita la lectura clara de los datos. Asimismo, el <strong>teclado de membrana<\/strong> es intuitivo y est\u00e1 dise\u00f1ado para resistir el uso continuo, lo que la convierte en una opci\u00f3n confiable para cualquier negocio.<\/p><h5><strong>Alimentaci\u00f3n y Portabilidad<\/strong><\/h5><p>En cuanto a la alimentaci\u00f3n, funciona con <strong>corriente el\u00e9ctrica de 110V\/60Hz<\/strong> e <strong>incorpora<\/strong> una bater\u00eda recargable que ofrece <strong>autonom\u00eda prolongada.<\/strong>\u00a0Garantizando operatividad incluso durante cortes de energ\u00eda. <strong>Adem\u00e1s<\/strong>, sus <strong>dimensiones compactas<\/strong> permiten trasladarla y ubicarla f\u00e1cilmente en espacios reducidos, lo que a\u00f1ade flexibilidad en su uso.<\/p><p><strong>En resumen<\/strong>, la <strong>balanza liquidadora de 30 kilogramos<\/strong> con teclado de acero inoxidable combina <strong>precisi\u00f3n, durabilidad y funcionalidad<\/strong>, adapt\u00e1ndose perfectamente a las necesidades de diversos entornos comerciales.\u00a0<\/p><p><strong>Para mayor informaci\u00f3n y consulta de diferentes temas de inter\u00e9s te puedes dirigir a:\u00a0 <a href=\"https:\/\/members.wto.org\/crnattachments\/2016\/TBT\/COL\/16_1549_01_s.pdf\">NTC 2031\u00a0<\/a><\/strong><\/p>\t\t\t\t\t\t\t\t<\/div>\n\t\t\t\t<\/div>\n\t\t\t\t\t<\/div>\n\t\t<\/div>\n\t\t\t\t\t<\/div>\n\t\t<\/section>\n\t\t\t\t<section class=\"elementor-section elementor-top-section elementor-element elementor-element-d942d70 elementor-section-boxed elementor-section-height-default elementor-section-height-default\" data-id=\"d942d70\" data-element_type=\"section\" data-e-type=\"section\">\n\t\t\t\t\t\t<div class=\"elementor-container elementor-column-gap-default\">\n\t\t\t\t\t<div class=\"elementor-column elementor-col-100 elementor-top-column elementor-element elementor-element-37ca196\" data-id=\"37ca196\" data-element_type=\"column\" data-e-type=\"column\">\n\t\t\t<div class=\"elementor-widget-wrap elementor-element-populated\">\n\t\t\t\t\t\t<div class=\"elementor-element elementor-element-2de4bd8 elementor-widget elementor-widget-heading\" data-id=\"2de4bd8\" data-element_type=\"widget\" data-e-type=\"widget\" data-widget_type=\"heading.default\">\n\t\t\t\t<div class=\"elementor-widget-container\">\n\t\t\t\t\t<h3 class=\"elementor-heading-title elementor-size-default\">Documentaci\u00f3n<\/h3>\t\t\t\t<\/div>\n\t\t\t\t<\/div>\n\t\t\t\t<div class=\"elementor-element elementor-element-168aea1 elementor-widget elementor-widget-eael-adv-accordion\" data-id=\"168aea1\" data-element_type=\"widget\" data-e-type=\"widget\" data-widget_type=\"eael-adv-accordion.default\">\n\t\t\t\t<div class=\"elementor-widget-container\">\n\t\t\t\t\t            <div class=\"eael-adv-accordion\" id=\"eael-adv-accordion-168aea1\" data-scroll-on-click=\"no\" data-scroll-speed=\"300\" data-accordion-id=\"168aea1\" data-accordion-type=\"accordion\" data-toogle-speed=\"300\">\n            <div class=\"eael-accordion-list\">\n\t\t\t\t\t<div id=\"documentos\" class=\"elementor-tab-title eael-accordion-header active-default\" tabindex=\"0\" data-tab=\"1\" aria-controls=\"elementor-tab-content-2361\"><span class=\"eael-advanced-accordion-icon-closed\"><i aria-hidden=\"true\" class=\"fa-accordion-icon far fa-file-pdf\"><\/i><\/span><span class=\"eael-advanced-accordion-icon-opened\"><i aria-hidden=\"true\" class=\"fa-accordion-icon fas fa-minus\"><\/i><\/span><span class=\"eael-accordion-tab-title\">Documentos<\/span><i aria-hidden=\"true\" class=\"fa-toggle fas fa-angle-right\"><\/i><\/div><div id=\"elementor-tab-content-2361\" class=\"eael-accordion-content clearfix active-default\" data-tab=\"1\" aria-labelledby=\"documentos\"><p><a href=\"https:\/\/biopesaje.com\/wp-content\/uploads\/2025\/07\/FICHATECNICA-BALANZASLIQUIDADORAS-REF-CLASSIC-30-CLASSIC-30-INOX_page-0001.pdf\" target=\"_blank\" rel=\"noopener\"><img decoding=\"async\" class=\"wp-image-2526 alignnone\" src=\"https:\/\/biopesaje.com\/wp-content\/uploads\/2022\/02\/391px-PDF_file_icon.svg.png\" alt=\"\" width=\"30\" height=\"37\" srcset=\"https:\/\/biopesaje.com\/wp-content\/uploads\/2022\/02\/391px-PDF_file_icon.svg.png 391w, https:\/\/biopesaje.com\/wp-content\/uploads\/2022\/02\/391px-PDF_file_icon.svg-300x368.png 300w, https:\/\/biopesaje.com\/wp-content\/uploads\/2022\/02\/391px-PDF_file_icon.svg-244x300.png 244w, https:\/\/biopesaje.com\/wp-content\/uploads\/2022\/02\/391px-PDF_file_icon.svg-48x59.png 48w\" sizes=\"(max-width: 30px) 100vw, 30px\" \/> Cat\u00e1logo Classic-30 INOX<\/a><\/p><h1 class=\"product_title entry-title\">\u00a0<\/h1><\/div>\n\t\t\t\t\t<\/div><\/div>\t\t\t\t<\/div>\n\t\t\t\t<\/div>\n\t\t\t\t\t<\/div>\n\t\t<\/div>\n\t\t\t\t\t<\/div>\n\t\t<\/section>\n\t\t\t\t<\/div>\n\t\t","protected":false},"excerpt":{"rendered":"<div>-Classic 30\u00a0 inox<\/div>\n<div>-Capacidad 30kg d=10g<\/div>\n<div>-Display LED<\/div>\n<div>-Teclado en acero inoxidable<\/div>\n<div>-Bateria recargable<\/div>\n<div>-Unidad de empaque 4PCS<\/div>\n<div>-Medidas de empaque:<\/div>\n<div>-54 x 38.5 x 37.5 cm<\/div>\n<div>-Peso Neto: 14kg<\/div>\n<div>-Peso Bruto: 14.5 kg<\/div>\n","protected":false},"featured_media":7081,"template":"","meta":{"_uag_custom_page_level_css":"","_joinchat":[]},"product_brand":[],"product_cat":[32,40],"product_tag":[],"class_list":{"0":"post-7078","1":"product","2":"type-product","3":"status-publish","4":"has-post-thumbnail","6":"product_cat-balanzas-de-mesa","7":"product_cat-balanzas-comerciales-liquidadoras-de-precio","8":"thunk-woo-product-list","9":"opn-qv-enable","10":"top-store-woo-hover-none","11":"top-store-single-product-tab-horizontal","12":"top-store-shadow-","13":"top-store-shadow-hover-","15":"first","16":"instock","17":"taxable","18":"shipping-taxable","19":"product-type-simple"},"yoast_head":"<!-- This site is optimized with the Yoast SEO plugin v27.3 - https:\/\/yoast.com\/product\/yoast-seo-wordpress\/ -->\n<title>CLASSIC-30-INOX - BIOPESAJE S.A.S.<\/title>\n<meta name=\"description\" content=\"Biopesaje S.A.S cuenta con la mejor selecci\u00f3n de equipos en categor\u00edas como pesaje, procesamiento y empaque de la industria alimenticia. CLASSIC-30-INOX\" \/>\n<meta name=\"robots\" content=\"index, follow, max-snippet:-1, max-image-preview:large, max-video-preview:-1\" \/>\n<link rel=\"canonical\" href=\"https:\/\/biopesaje.com\/index.php\/product\/classic-30-inox\/\" \/>\n<meta property=\"og:locale\" content=\"es_ES\" \/>\n<meta property=\"og:type\" content=\"article\" \/>\n<meta property=\"og:title\" content=\"CLASSIC-30-INOX - BIOPESAJE S.A.S.\" \/>\n<meta property=\"og:description\" content=\"Biopesaje S.A.S cuenta con la mejor selecci\u00f3n de equipos en categor\u00edas como pesaje, procesamiento y empaque de la industria alimenticia. CLASSIC-30-INOX\" \/>\n<meta property=\"og:url\" content=\"https:\/\/biopesaje.com\/index.php\/product\/classic-30-inox\/\" \/>\n<meta property=\"og:site_name\" content=\"BIOPESAJE S.A.S.\" \/>\n<meta property=\"article:modified_time\" content=\"2025-07-01T15:10:02+00:00\" \/>\n<meta property=\"og:image\" content=\"https:\/\/biopesaje.com\/wp-content\/uploads\/2025\/03\/CLASSIC-30-INOX-1.jpg\" \/>\n\t<meta property=\"og:image:width\" content=\"1000\" \/>\n\t<meta property=\"og:image:height\" content=\"765\" \/>\n\t<meta property=\"og:image:type\" content=\"image\/jpeg\" \/>\n<meta name=\"twitter:card\" content=\"summary_large_image\" \/>\n<meta name=\"twitter:label1\" content=\"Tiempo de lectura\" \/>\n\t<meta name=\"twitter:data1\" content=\"3 minutos\" \/>\n<script type=\"application\/ld+json\" class=\"yoast-schema-graph\">{\"@context\":\"https:\\\/\\\/schema.org\",\"@graph\":[{\"@type\":\"WebPage\",\"@id\":\"https:\\\/\\\/biopesaje.com\\\/index.php\\\/product\\\/classic-30-inox\\\/\",\"url\":\"https:\\\/\\\/biopesaje.com\\\/index.php\\\/product\\\/classic-30-inox\\\/\",\"name\":\"CLASSIC-30-INOX - BIOPESAJE S.A.S.\",\"isPartOf\":{\"@id\":\"https:\\\/\\\/biopesaje.com\\\/#website\"},\"primaryImageOfPage\":{\"@id\":\"https:\\\/\\\/biopesaje.com\\\/index.php\\\/product\\\/classic-30-inox\\\/#primaryimage\"},\"image\":{\"@id\":\"https:\\\/\\\/biopesaje.com\\\/index.php\\\/product\\\/classic-30-inox\\\/#primaryimage\"},\"thumbnailUrl\":\"https:\\\/\\\/biopesaje.com\\\/wp-content\\\/uploads\\\/2025\\\/03\\\/CLASSIC-30-INOX-1.jpg\",\"datePublished\":\"2025-03-11T16:57:30+00:00\",\"dateModified\":\"2025-07-01T15:10:02+00:00\",\"description\":\"Biopesaje S.A.S cuenta con la mejor selecci\u00f3n de equipos en categor\u00edas como pesaje, procesamiento y empaque de la industria alimenticia. CLASSIC-30-INOX\",\"breadcrumb\":{\"@id\":\"https:\\\/\\\/biopesaje.com\\\/index.php\\\/product\\\/classic-30-inox\\\/#breadcrumb\"},\"inLanguage\":\"es-CO\",\"potentialAction\":[{\"@type\":\"ReadAction\",\"target\":[\"https:\\\/\\\/biopesaje.com\\\/index.php\\\/product\\\/classic-30-inox\\\/\"]}]},{\"@type\":\"ImageObject\",\"inLanguage\":\"es-CO\",\"@id\":\"https:\\\/\\\/biopesaje.com\\\/index.php\\\/product\\\/classic-30-inox\\\/#primaryimage\",\"url\":\"https:\\\/\\\/biopesaje.com\\\/wp-content\\\/uploads\\\/2025\\\/03\\\/CLASSIC-30-INOX-1.jpg\",\"contentUrl\":\"https:\\\/\\\/biopesaje.com\\\/wp-content\\\/uploads\\\/2025\\\/03\\\/CLASSIC-30-INOX-1.jpg\",\"width\":1000,\"height\":765,\"caption\":\"CLASSIC-30-INOX\"},{\"@type\":\"BreadcrumbList\",\"@id\":\"https:\\\/\\\/biopesaje.com\\\/index.php\\\/product\\\/classic-30-inox\\\/#breadcrumb\",\"itemListElement\":[{\"@type\":\"ListItem\",\"position\":1,\"name\":\"Home\",\"item\":\"https:\\\/\\\/biopesaje.com\\\/\"},{\"@type\":\"ListItem\",\"position\":2,\"name\":\"Productos\",\"item\":\"https:\\\/\\\/biopesaje.com\\\/index.php\\\/tienda\\\/\"},{\"@type\":\"ListItem\",\"position\":3,\"name\":\"CLASSIC-30-INOX\"}]},{\"@type\":\"WebSite\",\"@id\":\"https:\\\/\\\/biopesaje.com\\\/#website\",\"url\":\"https:\\\/\\\/biopesaje.com\\\/\",\"name\":\"BIOPESAJE S.A.S.\",\"description\":\"Ingenier\u00eda de pesaje, metrolog\u00eda y laboratorio.\",\"publisher\":{\"@id\":\"https:\\\/\\\/biopesaje.com\\\/#organization\"},\"potentialAction\":[{\"@type\":\"SearchAction\",\"target\":{\"@type\":\"EntryPoint\",\"urlTemplate\":\"https:\\\/\\\/biopesaje.com\\\/?s={search_term_string}\"},\"query-input\":{\"@type\":\"PropertyValueSpecification\",\"valueRequired\":true,\"valueName\":\"search_term_string\"}}],\"inLanguage\":\"es-CO\"},{\"@type\":\"Organization\",\"@id\":\"https:\\\/\\\/biopesaje.com\\\/#organization\",\"name\":\"BIOPESAJE S.A.S.\",\"url\":\"https:\\\/\\\/biopesaje.com\\\/\",\"logo\":{\"@type\":\"ImageObject\",\"inLanguage\":\"es-CO\",\"@id\":\"https:\\\/\\\/biopesaje.com\\\/#\\\/schema\\\/logo\\\/image\\\/\",\"url\":\"\",\"contentUrl\":\"\",\"caption\":\"BIOPESAJE S.A.S.\"},\"image\":{\"@id\":\"https:\\\/\\\/biopesaje.com\\\/#\\\/schema\\\/logo\\\/image\\\/\"}}]}<\/script>\n<!-- \/ Yoast SEO plugin. -->","yoast_head_json":{"title":"CLASSIC-30-INOX - BIOPESAJE S.A.S.","description":"Biopesaje S.A.S cuenta con la mejor selecci\u00f3n de equipos en categor\u00edas como pesaje, procesamiento y empaque de la industria alimenticia. CLASSIC-30-INOX","robots":{"index":"index","follow":"follow","max-snippet":"max-snippet:-1","max-image-preview":"max-image-preview:large","max-video-preview":"max-video-preview:-1"},"canonical":"https:\/\/biopesaje.com\/index.php\/product\/classic-30-inox\/","og_locale":"es_ES","og_type":"article","og_title":"CLASSIC-30-INOX - BIOPESAJE S.A.S.","og_description":"Biopesaje S.A.S cuenta con la mejor selecci\u00f3n de equipos en categor\u00edas como pesaje, procesamiento y empaque de la industria alimenticia. CLASSIC-30-INOX","og_url":"https:\/\/biopesaje.com\/index.php\/product\/classic-30-inox\/","og_site_name":"BIOPESAJE S.A.S.","article_modified_time":"2025-07-01T15:10:02+00:00","og_image":[{"width":1000,"height":765,"url":"https:\/\/biopesaje.com\/wp-content\/uploads\/2025\/03\/CLASSIC-30-INOX-1.jpg","type":"image\/jpeg"}],"twitter_card":"summary_large_image","twitter_misc":{"Tiempo de lectura":"3 minutos"},"schema":{"@context":"https:\/\/schema.org","@graph":[{"@type":"WebPage","@id":"https:\/\/biopesaje.com\/index.php\/product\/classic-30-inox\/","url":"https:\/\/biopesaje.com\/index.php\/product\/classic-30-inox\/","name":"CLASSIC-30-INOX - BIOPESAJE S.A.S.","isPartOf":{"@id":"https:\/\/biopesaje.com\/#website"},"primaryImageOfPage":{"@id":"https:\/\/biopesaje.com\/index.php\/product\/classic-30-inox\/#primaryimage"},"image":{"@id":"https:\/\/biopesaje.com\/index.php\/product\/classic-30-inox\/#primaryimage"},"thumbnailUrl":"https:\/\/biopesaje.com\/wp-content\/uploads\/2025\/03\/CLASSIC-30-INOX-1.jpg","datePublished":"2025-03-11T16:57:30+00:00","dateModified":"2025-07-01T15:10:02+00:00","description":"Biopesaje S.A.S cuenta con la mejor selecci\u00f3n de equipos en categor\u00edas como pesaje, procesamiento y empaque de la industria alimenticia. CLASSIC-30-INOX","breadcrumb":{"@id":"https:\/\/biopesaje.com\/index.php\/product\/classic-30-inox\/#breadcrumb"},"inLanguage":"es-CO","potentialAction":[{"@type":"ReadAction","target":["https:\/\/biopesaje.com\/index.php\/product\/classic-30-inox\/"]}]},{"@type":"ImageObject","inLanguage":"es-CO","@id":"https:\/\/biopesaje.com\/index.php\/product\/classic-30-inox\/#primaryimage","url":"https:\/\/biopesaje.com\/wp-content\/uploads\/2025\/03\/CLASSIC-30-INOX-1.jpg","contentUrl":"https:\/\/biopesaje.com\/wp-content\/uploads\/2025\/03\/CLASSIC-30-INOX-1.jpg","width":1000,"height":765,"caption":"CLASSIC-30-INOX"},{"@type":"BreadcrumbList","@id":"https:\/\/biopesaje.com\/index.php\/product\/classic-30-inox\/#breadcrumb","itemListElement":[{"@type":"ListItem","position":1,"name":"Home","item":"https:\/\/biopesaje.com\/"},{"@type":"ListItem","position":2,"name":"Productos","item":"https:\/\/biopesaje.com\/index.php\/tienda\/"},{"@type":"ListItem","position":3,"name":"CLASSIC-30-INOX"}]},{"@type":"WebSite","@id":"https:\/\/biopesaje.com\/#website","url":"https:\/\/biopesaje.com\/","name":"BIOPESAJE S.A.S.","description":"Ingenier\u00eda de pesaje, metrolog\u00eda y laboratorio.","publisher":{"@id":"https:\/\/biopesaje.com\/#organization"},"potentialAction":[{"@type":"SearchAction","target":{"@type":"EntryPoint","urlTemplate":"https:\/\/biopesaje.com\/?s={search_term_string}"},"query-input":{"@type":"PropertyValueSpecification","valueRequired":true,"valueName":"search_term_string"}}],"inLanguage":"es-CO"},{"@type":"Organization","@id":"https:\/\/biopesaje.com\/#organization","name":"BIOPESAJE S.A.S.","url":"https:\/\/biopesaje.com\/","logo":{"@type":"ImageObject","inLanguage":"es-CO","@id":"https:\/\/biopesaje.com\/#\/schema\/logo\/image\/","url":"","contentUrl":"","caption":"BIOPESAJE S.A.S."},"image":{"@id":"https:\/\/biopesaje.com\/#\/schema\/logo\/image\/"}}]}},"uagb_featured_image_src":{"full":["https:\/\/biopesaje.com\/wp-content\/uploads\/2025\/03\/CLASSIC-30-INOX-1.jpg",1000,765,false],"thumbnail":["https:\/\/biopesaje.com\/wp-content\/uploads\/2025\/03\/CLASSIC-30-INOX-1-150x150.jpg",150,150,true],"medium":["https:\/\/biopesaje.com\/wp-content\/uploads\/2025\/03\/CLASSIC-30-INOX-1-300x230.jpg",300,230,true],"medium_large":["https:\/\/biopesaje.com\/wp-content\/uploads\/2025\/03\/CLASSIC-30-INOX-1-768x588.jpg",640,490,true],"large":["https:\/\/biopesaje.com\/wp-content\/uploads\/2025\/03\/CLASSIC-30-INOX-1.jpg",640,490,false],"1536x1536":["https:\/\/biopesaje.com\/wp-content\/uploads\/2025\/03\/CLASSIC-30-INOX-1.jpg",1000,765,false],"2048x2048":["https:\/\/biopesaje.com\/wp-content\/uploads\/2025\/03\/CLASSIC-30-INOX-1.jpg",1000,765,false],"woocommerce_thumbnail":["https:\/\/biopesaje.com\/wp-content\/uploads\/2025\/03\/CLASSIC-30-INOX-1-320x320.jpg",320,320,true],"woocommerce_single":["https:\/\/biopesaje.com\/wp-content\/uploads\/2025\/03\/CLASSIC-30-INOX-1.jpg",1000,765,false],"woocommerce_gallery_thumbnail":["https:\/\/biopesaje.com\/wp-content\/uploads\/2025\/03\/CLASSIC-30-INOX-1-100x100.jpg",100,100,true],"thaps-thumb-img":["https:\/\/biopesaje.com\/wp-content\/uploads\/2025\/03\/CLASSIC-30-INOX-1-48x37.jpg",48,37,true],"taiowc-thumb-img":["https:\/\/biopesaje.com\/wp-content\/uploads\/2025\/03\/CLASSIC-30-INOX-1-48x37.jpg",48,37,true]},"uagb_author_info":{"display_name":"Diego Martinez","author_link":"https:\/\/biopesaje.com\/index.php\/author\/"},"uagb_comment_info":0,"uagb_excerpt":"-Classic 30\u00a0 inox -Capacidad 30kg d=10g -Display LED -Teclado en acero inoxidable -Bateria recargable -Unidad de empaque 4PCS -Medidas de empaque: -54 x 38.5 x 37.5 cm -Peso Neto: 14kg -Peso Bruto: 14.5 kg","jetpack_sharing_enabled":true,"_links":{"self":[{"href":"https:\/\/biopesaje.com\/index.php\/wp-json\/wp\/v2\/product\/7078","targetHints":{"allow":["GET"]}}],"collection":[{"href":"https:\/\/biopesaje.com\/index.php\/wp-json\/wp\/v2\/product"}],"about":[{"href":"https:\/\/biopesaje.com\/index.php\/wp-json\/wp\/v2\/types\/product"}],"version-history":[{"count":33,"href":"https:\/\/biopesaje.com\/index.php\/wp-json\/wp\/v2\/product\/7078\/revisions"}],"predecessor-version":[{"id":9383,"href":"https:\/\/biopesaje.com\/index.php\/wp-json\/wp\/v2\/product\/7078\/revisions\/9383"}],"wp:featuredmedia":[{"embeddable":true,"href":"https:\/\/biopesaje.com\/index.php\/wp-json\/wp\/v2\/media\/7081"}],"wp:attachment":[{"href":"https:\/\/biopesaje.com\/index.php\/wp-json\/wp\/v2\/media?parent=7078"}],"wp:term":[{"taxonomy":"product_brand","embeddable":true,"href":"https:\/\/biopesaje.com\/index.php\/wp-json\/wp\/v2\/product_brand?post=7078"},{"taxonomy":"product_cat","embeddable":true,"href":"https:\/\/biopesaje.com\/index.php\/wp-json\/wp\/v2\/product_cat?post=7078"},{"taxonomy":"product_tag","embeddable":true,"href":"https:\/\/biopesaje.com\/index.php\/wp-json\/wp\/v2\/product_tag?post=7078"}],"curies":[{"name":"wp","href":"https:\/\/api.w.org\/{rel}","templated":true}]}}