{"id":7135,"date":"2025-03-11T20:50:44","date_gmt":"2025-03-11T20:50:44","guid":{"rendered":"https:\/\/biopesaje.com\/?post_type=product&#038;p=7135"},"modified":"2025-03-19T23:10:14","modified_gmt":"2025-03-19T23:10:14","slug":"controlador-de-peso-su80b","status":"publish","type":"product","link":"https:\/\/biopesaje.com\/index.php\/product\/controlador-de-peso-su80b\/","title":{"rendered":"Controlador de peso SU80B"},"content":{"rendered":"\t\t<div data-elementor-type=\"wp-post\" data-elementor-id=\"7135\" class=\"elementor elementor-7135\" data-elementor-post-type=\"product\">\n\t\t\t\t\t\t<section class=\"elementor-section elementor-top-section elementor-element elementor-element-33cfee4 elementor-section-boxed elementor-section-height-default elementor-section-height-default\" data-id=\"33cfee4\" data-element_type=\"section\" data-e-type=\"section\">\n\t\t\t\t\t\t<div class=\"elementor-container elementor-column-gap-default\">\n\t\t\t\t\t<div class=\"elementor-column elementor-col-100 elementor-top-column elementor-element elementor-element-29bc1cb\" data-id=\"29bc1cb\" data-element_type=\"column\" data-e-type=\"column\">\n\t\t\t<div class=\"elementor-widget-wrap elementor-element-populated\">\n\t\t\t\t\t\t<div class=\"elementor-element elementor-element-527aa37 elementor-widget elementor-widget-heading\" data-id=\"527aa37\" data-element_type=\"widget\" data-e-type=\"widget\" data-widget_type=\"heading.default\">\n\t\t\t\t<div class=\"elementor-widget-container\">\n\t\t\t\t\t<h2 class=\"elementor-heading-title elementor-size-default\">Descripci\u00f3n de equipo SU80B - Biopesaje<\/h2>\t\t\t\t<\/div>\n\t\t\t\t<\/div>\n\t\t\t\t\t<\/div>\n\t\t<\/div>\n\t\t\t\t\t<\/div>\n\t\t<\/section>\n\t\t\t\t<section class=\"elementor-section elementor-top-section elementor-element elementor-element-3bb308d elementor-section-boxed elementor-section-height-default elementor-section-height-default\" data-id=\"3bb308d\" data-element_type=\"section\" data-e-type=\"section\">\n\t\t\t\t\t\t<div class=\"elementor-container elementor-column-gap-default\">\n\t\t\t\t\t<div class=\"elementor-column elementor-col-100 elementor-top-column elementor-element elementor-element-7781009\" data-id=\"7781009\" data-element_type=\"column\" data-e-type=\"column\">\n\t\t\t<div class=\"elementor-widget-wrap elementor-element-populated\">\n\t\t\t\t\t\t<div class=\"elementor-element elementor-element-cce4717 elementor-widget elementor-widget-heading\" data-id=\"cce4717\" data-element_type=\"widget\" data-e-type=\"widget\" data-widget_type=\"heading.default\">\n\t\t\t\t<div class=\"elementor-widget-container\">\n\t\t\t\t\t<h4 class=\"elementor-heading-title elementor-size-default\">Vis\u00edtanos en: Instagram: @biopesaje \/ Facebook: Biopesaje S.A.S<\/h4>\t\t\t\t<\/div>\n\t\t\t\t<\/div>\n\t\t\t\t\t<\/div>\n\t\t<\/div>\n\t\t\t\t\t<\/div>\n\t\t<\/section>\n\t\t\t\t<section class=\"elementor-section elementor-top-section elementor-element elementor-element-1d2ee1ed elementor-section-boxed elementor-section-height-default elementor-section-height-default\" data-id=\"1d2ee1ed\" data-element_type=\"section\" data-e-type=\"section\">\n\t\t\t\t\t\t<div class=\"elementor-container elementor-column-gap-default\">\n\t\t\t\t\t<div class=\"elementor-column elementor-col-100 elementor-top-column elementor-element elementor-element-e7ac4ad\" data-id=\"e7ac4ad\" data-element_type=\"column\" data-e-type=\"column\">\n\t\t\t<div class=\"elementor-widget-wrap elementor-element-populated\">\n\t\t\t\t\t\t<div class=\"elementor-element elementor-element-646f7a1d elementor-widget elementor-widget-text-editor\" data-id=\"646f7a1d\" data-element_type=\"widget\" data-e-type=\"widget\" data-widget_type=\"text-editor.default\">\n\t\t\t\t<div class=\"elementor-widget-container\">\n\t\t\t\t\t\t\t\t\t<p data-start=\"0\" data-end=\"77\"><strong data-start=\"0\" data-end=\"75\">Controlador de Pesaje SU80B: Precisi\u00f3n y Versatilidad para la Industria<\/strong><\/p><p data-start=\"79\" data-end=\"454\">El <strong data-start=\"82\" data-end=\"113\">Controlador de Pesaje SU80B<\/strong> es un dispositivo avanzado dise\u00f1ado para la medici\u00f3n precisa del peso y el control automatizado en entornos industriales. <strong data-start=\"236\" data-end=\"269\">Gracias a su dise\u00f1o innovador<\/strong>, este equipo combina tecnolog\u00eda de alta precisi\u00f3n con funciones de salida y comunicaci\u00f3n, lo que lo convierte en una soluci\u00f3n vers\u00e1til para aplicaciones de pesaje y monitoreo remoto.<\/p><p data-start=\"456\" data-end=\"811\">Una de sus caracter\u00edsticas principales es su <strong data-start=\"501\" data-end=\"523\">CPU ARM de 32 bits<\/strong> con una frecuencia de 48 MHz, que ofrece un procesamiento r\u00e1pido y estable. <strong data-start=\"600\" data-end=\"626\">Adem\u00e1s de su velocidad<\/strong>, est\u00e1 dise\u00f1ado con protecci\u00f3n <strong data-start=\"657\" data-end=\"664\">EMC<\/strong>, lo que garantiza un alto nivel de resistencia a interferencias electromagn\u00e9ticas, <strong data-start=\"748\" data-end=\"762\">por lo que<\/strong> es ideal para entornos industriales exigentes.<\/p><p data-start=\"813\" data-end=\"1308\"><strong data-start=\"813\" data-end=\"853\">En cuanto a la capacidad de medici\u00f3n<\/strong>, el <strong data-start=\"858\" data-end=\"867\">SU80B<\/strong> admite una <strong data-start=\"879\" data-end=\"910\">interfaz de celdas de carga<\/strong> con un voltaje de excitaci\u00f3n de <strong data-start=\"943\" data-end=\"957\">DC5V\/200mA<\/strong> y un rango de entrada de se\u00f1al de \u00b119.5mV. <strong data-start=\"1001\" data-end=\"1013\">Asimismo<\/strong>, su <strong data-start=\"1018\" data-end=\"1048\">convertidor ADC de 24 bits<\/strong> ofrece una resoluci\u00f3n de 1\/1,000,000, proporcionando lecturas precisas y fiables. <strong data-start=\"1131\" data-end=\"1148\" data-is-only-node=\"\">Por otro lado<\/strong>, tambi\u00e9n permite ajustar la <strong data-start=\"1177\" data-end=\"1203\">frecuencia de muestreo<\/strong> entre 10Hz, 40Hz, 640Hz y 1280Hz, <strong data-start=\"1238\" data-end=\"1257\">lo que facilita<\/strong> su adaptaci\u00f3n a diversas necesidades operativas.<\/p><p data-start=\"1310\" data-end=\"1721\"><strong data-start=\"1310\" data-end=\"1341\">En t\u00e9rminos de conectividad<\/strong>, el controlador cuenta con <strong data-start=\"1369\" data-end=\"1392\">dos salidas de rel\u00e9<\/strong> (AC250V\/DC24V, 1A) y para activar alarmas o automatizar procesos. <strong data-start=\"1457\" data-end=\"1475\">Adicionalmente<\/strong>, dispone de <strong data-start=\"1488\" data-end=\"1518\">salida anal\u00f3gica de 0-20mA<\/strong>, permitiendo la transmisi\u00f3n de datos de peso a otros sistemas. <strong data-start=\"1582\" data-end=\"1594\">Asimismo<\/strong>, incluye un <strong data-start=\"1607\" data-end=\"1623\">puerto RS485<\/strong> con protocolo Modbus RTU, <strong data-start=\"1650\" data-end=\"1668\" data-is-only-node=\"\">lo que permite<\/strong> la comunicaci\u00f3n digital con dispositivos externos.<\/p><p data-start=\"1723\" data-end=\"1970\">Su <strong data-start=\"1726\" data-end=\"1745\">dise\u00f1o compacto<\/strong> (96 \u00d7 48 \u00d7 82 mm) facilita la integraci\u00f3n en distintos paneles de control. <strong data-start=\"1821\" data-end=\"1831\">Adem\u00e1s<\/strong>, funciona con <strong data-start=\"1846\" data-end=\"1867\">alimentaci\u00f3n dual<\/strong> (AC85-264V o DC24V) y est\u00e1 preparado para operar en un amplio rango de temperatura de -25\u00b0C a +45\u00b0C.<\/p><h5 data-start=\"1723\" data-end=\"1970\"><span style=\"font-size: 13px; font-style: normal; font-weight: 400; letter-spacing: 0.7px;\">\u00a0<\/span><strong style=\"font-size: 13px; font-style: normal; letter-spacing: 0.7px;\" data-start=\"1991\" data-end=\"2022\">Controlador de Pesaje SU80B<\/strong><span style=\"font-size: 13px; font-style: normal; font-weight: 400; letter-spacing: 0.7px;\"> es una soluci\u00f3n precisa, eficiente y adaptable, ideal para aplicaciones de pesaje automatizado, control de l\u00edmites y transmisi\u00f3n de datos en tiempo real.<\/span><\/h5><h5>\u00a0<\/h5><h5>Para mayor informaci\u00f3n y consulta de diferentes temas de inter\u00e9s te puedes dirigir a:\u00a0 <a href=\"https:\/\/members.wto.org\/crnattachments\/2016\/TBT\/COL\/16_1549_01_s.pdf\" target=\"_blank\" rel=\"noopener\">NTC 2031<\/a><\/h5>\t\t\t\t\t\t\t\t<\/div>\n\t\t\t\t<\/div>\n\t\t\t\t\t<\/div>\n\t\t<\/div>\n\t\t\t\t\t<\/div>\n\t\t<\/section>\n\t\t\t\t<section class=\"elementor-section elementor-top-section elementor-element elementor-element-14f5969 elementor-section-boxed elementor-section-height-default elementor-section-height-default\" data-id=\"14f5969\" data-element_type=\"section\" data-e-type=\"section\">\n\t\t\t\t\t\t<div class=\"elementor-container elementor-column-gap-default\">\n\t\t\t\t\t<div class=\"elementor-column elementor-col-100 elementor-top-column elementor-element elementor-element-c5a3422\" data-id=\"c5a3422\" data-element_type=\"column\" data-e-type=\"column\">\n\t\t\t<div class=\"elementor-widget-wrap elementor-element-populated\">\n\t\t\t\t\t\t<div class=\"elementor-element elementor-element-610edd6 elementor-widget elementor-widget-heading\" data-id=\"610edd6\" data-element_type=\"widget\" data-e-type=\"widget\" data-widget_type=\"heading.default\">\n\t\t\t\t<div class=\"elementor-widget-container\">\n\t\t\t\t\t<h3 class=\"elementor-heading-title elementor-size-default\">Documentaci\u00f3n<\/h3>\t\t\t\t<\/div>\n\t\t\t\t<\/div>\n\t\t\t\t<div class=\"elementor-element elementor-element-85c0d64 elementor-widget elementor-widget-eael-adv-accordion\" data-id=\"85c0d64\" data-element_type=\"widget\" data-e-type=\"widget\" data-widget_type=\"eael-adv-accordion.default\">\n\t\t\t\t<div class=\"elementor-widget-container\">\n\t\t\t\t\t            <div class=\"eael-adv-accordion\" id=\"eael-adv-accordion-85c0d64\" data-scroll-on-click=\"no\" data-scroll-speed=\"300\" data-accordion-id=\"85c0d64\" data-accordion-type=\"accordion\" data-toogle-speed=\"300\">\n            <div class=\"eael-accordion-list\">\n\t\t\t\t\t<div id=\"documentos\" class=\"elementor-tab-title eael-accordion-header active-default\" tabindex=\"0\" data-tab=\"1\" aria-controls=\"elementor-tab-content-1401\"><span class=\"eael-advanced-accordion-icon-closed\"><i aria-hidden=\"true\" class=\"fa-accordion-icon far fa-file-pdf\"><\/i><\/span><span class=\"eael-advanced-accordion-icon-opened\"><i aria-hidden=\"true\" class=\"fa-accordion-icon fas fa-minus\"><\/i><\/span><span class=\"eael-accordion-tab-title\">Documentos<\/span><i aria-hidden=\"true\" class=\"fa-toggle fas fa-angle-right\"><\/i><\/div><div id=\"elementor-tab-content-1401\" class=\"eael-accordion-content clearfix active-default\" data-tab=\"1\" aria-labelledby=\"documentos\"><p><a href=\"https:\/\/biopesaje.com\/wp-content\/uploads\/2025\/03\/SU80B-Weighing-Controller_V1.0ABS.pdf\" target=\"_blank\" rel=\"noopener\"><img decoding=\"async\" class=\"wp-image-2526 alignnone\" src=\"https:\/\/biopesaje.com\/wp-content\/uploads\/2022\/02\/391px-PDF_file_icon.svg.png\" alt=\"\" width=\"30\" height=\"37\" srcset=\"https:\/\/biopesaje.com\/wp-content\/uploads\/2022\/02\/391px-PDF_file_icon.svg.png 391w, https:\/\/biopesaje.com\/wp-content\/uploads\/2022\/02\/391px-PDF_file_icon.svg-300x368.png 300w, https:\/\/biopesaje.com\/wp-content\/uploads\/2022\/02\/391px-PDF_file_icon.svg-244x300.png 244w, https:\/\/biopesaje.com\/wp-content\/uploads\/2022\/02\/391px-PDF_file_icon.svg-48x59.png 48w\" sizes=\"(max-width: 30px) 100vw, 30px\" \/>Manual Controlador de Pesaje SU80B<\/a><\/p><p><a href=\"https:\/\/biopesaje.com\/wp-content\/uploads\/2025\/03\/SU80B-Weighing-Controller.pdf\" target=\"_blank\" rel=\"noopener\"><img decoding=\"async\" class=\"wp-image-2526 alignnone\" src=\"https:\/\/biopesaje.com\/wp-content\/uploads\/2022\/02\/391px-PDF_file_icon.svg.png\" alt=\"\" width=\"30\" height=\"37\" srcset=\"https:\/\/biopesaje.com\/wp-content\/uploads\/2022\/02\/391px-PDF_file_icon.svg.png 391w, https:\/\/biopesaje.com\/wp-content\/uploads\/2022\/02\/391px-PDF_file_icon.svg-300x368.png 300w, https:\/\/biopesaje.com\/wp-content\/uploads\/2022\/02\/391px-PDF_file_icon.svg-244x300.png 244w, https:\/\/biopesaje.com\/wp-content\/uploads\/2022\/02\/391px-PDF_file_icon.svg-48x59.png 48w\" sizes=\"(max-width: 30px) 100vw, 30px\" \/>Catalogo Controlador de Pesaje SU80B<\/a><\/p><\/div>\n\t\t\t\t\t<\/div><\/div>\t\t\t\t<\/div>\n\t\t\t\t<\/div>\n\t\t\t\t\t<\/div>\n\t\t<\/div>\n\t\t\t\t\t<\/div>\n\t\t<\/section>\n\t\t\t\t<\/div>\n\t\t","protected":false},"excerpt":{"rendered":"<p><strong>Controlador de Pesaje SU80B<\/strong><\/p>\n<p>El <strong>Controlador de Pesaje SU80B<\/strong> es un dispositivo avanzado dise\u00f1ado para la medici\u00f3n y control preciso del peso en entornos industriales. Incorpora un <strong>CPU ARM de 32 bits<\/strong> de alta velocidad (48 MHz) y ofrece un dise\u00f1o EMC para resistir interferencias.<\/p>\n<p>Cuenta con una <strong>interfaz de celdas de carga<\/strong> (DC5V\/200mA) y un <strong>convertidor ADC de 24 bits<\/strong> con resoluci\u00f3n de 1\/1,000,000, lo que garantiza una alta precisi\u00f3n. Adem\u00e1s, dispone de <strong>dos salidas de rel\u00e9<\/strong> (AC250V\/DC24V, 1A), <strong>salida anal\u00f3gica de 0-20mA<\/strong> y <strong>comunicaci\u00f3n RS485<\/strong> para integraci\u00f3n con sistemas externos.<\/p>\n<p>Es ideal para aplicaciones que requieren <strong>monitorizaci\u00f3n de peso<\/strong>, control de l\u00edmites y transmisi\u00f3n de datos en tiempo real.<\/p>\n","protected":false},"featured_media":7140,"template":"","meta":{"_uag_custom_page_level_css":"","_joinchat":[]},"product_brand":[],"product_cat":[69],"product_tag":[],"class_list":{"0":"post-7135","1":"product","2":"type-product","3":"status-publish","4":"has-post-thumbnail","6":"product_cat-control","7":"thunk-woo-product-list","8":"opn-qv-enable","9":"top-store-woo-hover-none","10":"top-store-single-product-tab-horizontal","11":"top-store-shadow-","12":"top-store-shadow-hover-","14":"first","15":"instock","16":"taxable","17":"shipping-taxable","18":"product-type-simple"},"yoast_head":"<!-- This site is optimized with the Yoast SEO plugin v27.3 - https:\/\/yoast.com\/product\/yoast-seo-wordpress\/ -->\n<title>SU80A controlador de pesaje - BIOPESAJE S.A.S.<\/title>\n<meta name=\"description\" content=\"Biopesaje S.A.S cuenta con la mejor selecci\u00f3n de equipos en categor\u00edas como pesaje, procesamiento y empaque de la industria alimenticia. SU80A\" \/>\n<meta name=\"robots\" content=\"index, follow, max-snippet:-1, max-image-preview:large, max-video-preview:-1\" \/>\n<link rel=\"canonical\" href=\"https:\/\/biopesaje.com\/index.php\/product\/controlador-de-peso-su80b\/\" \/>\n<meta property=\"og:locale\" content=\"es_ES\" \/>\n<meta property=\"og:type\" content=\"article\" \/>\n<meta property=\"og:title\" content=\"SU80A controlador de pesaje - BIOPESAJE S.A.S.\" \/>\n<meta property=\"og:description\" content=\"Biopesaje S.A.S cuenta con la mejor selecci\u00f3n de equipos en categor\u00edas como pesaje, procesamiento y empaque de la industria alimenticia. SU80A\" \/>\n<meta property=\"og:url\" content=\"https:\/\/biopesaje.com\/index.php\/product\/controlador-de-peso-su80b\/\" \/>\n<meta property=\"og:site_name\" content=\"BIOPESAJE S.A.S.\" \/>\n<meta property=\"article:modified_time\" content=\"2025-03-19T23:10:14+00:00\" \/>\n<meta property=\"og:image\" content=\"https:\/\/biopesaje.com\/wp-content\/uploads\/2025\/03\/WhatsApp-Image-2025-03-11-at-3.01.32-PM.jpeg\" \/>\n\t<meta property=\"og:image:width\" content=\"1600\" \/>\n\t<meta property=\"og:image:height\" content=\"1295\" \/>\n\t<meta property=\"og:image:type\" content=\"image\/jpeg\" \/>\n<meta name=\"twitter:card\" content=\"summary_large_image\" \/>\n<meta name=\"twitter:label1\" content=\"Tiempo de lectura\" \/>\n\t<meta name=\"twitter:data1\" content=\"3 minutos\" \/>\n<script type=\"application\/ld+json\" class=\"yoast-schema-graph\">{\"@context\":\"https:\\\/\\\/schema.org\",\"@graph\":[{\"@type\":\"WebPage\",\"@id\":\"https:\\\/\\\/biopesaje.com\\\/index.php\\\/product\\\/controlador-de-peso-su80b\\\/\",\"url\":\"https:\\\/\\\/biopesaje.com\\\/index.php\\\/product\\\/controlador-de-peso-su80b\\\/\",\"name\":\"SU80A controlador de pesaje - BIOPESAJE S.A.S.\",\"isPartOf\":{\"@id\":\"https:\\\/\\\/biopesaje.com\\\/#website\"},\"primaryImageOfPage\":{\"@id\":\"https:\\\/\\\/biopesaje.com\\\/index.php\\\/product\\\/controlador-de-peso-su80b\\\/#primaryimage\"},\"image\":{\"@id\":\"https:\\\/\\\/biopesaje.com\\\/index.php\\\/product\\\/controlador-de-peso-su80b\\\/#primaryimage\"},\"thumbnailUrl\":\"https:\\\/\\\/biopesaje.com\\\/wp-content\\\/uploads\\\/2025\\\/03\\\/WhatsApp-Image-2025-03-11-at-3.01.32-PM.jpeg\",\"datePublished\":\"2025-03-11T20:50:44+00:00\",\"dateModified\":\"2025-03-19T23:10:14+00:00\",\"description\":\"Biopesaje S.A.S cuenta con la mejor selecci\u00f3n de equipos en categor\u00edas como pesaje, procesamiento y empaque de la industria alimenticia. SU80A\",\"breadcrumb\":{\"@id\":\"https:\\\/\\\/biopesaje.com\\\/index.php\\\/product\\\/controlador-de-peso-su80b\\\/#breadcrumb\"},\"inLanguage\":\"es-CO\",\"potentialAction\":[{\"@type\":\"ReadAction\",\"target\":[\"https:\\\/\\\/biopesaje.com\\\/index.php\\\/product\\\/controlador-de-peso-su80b\\\/\"]}]},{\"@type\":\"ImageObject\",\"inLanguage\":\"es-CO\",\"@id\":\"https:\\\/\\\/biopesaje.com\\\/index.php\\\/product\\\/controlador-de-peso-su80b\\\/#primaryimage\",\"url\":\"https:\\\/\\\/biopesaje.com\\\/wp-content\\\/uploads\\\/2025\\\/03\\\/WhatsApp-Image-2025-03-11-at-3.01.32-PM.jpeg\",\"contentUrl\":\"https:\\\/\\\/biopesaje.com\\\/wp-content\\\/uploads\\\/2025\\\/03\\\/WhatsApp-Image-2025-03-11-at-3.01.32-PM.jpeg\",\"width\":1600,\"height\":1295,\"caption\":\"SU80B\"},{\"@type\":\"BreadcrumbList\",\"@id\":\"https:\\\/\\\/biopesaje.com\\\/index.php\\\/product\\\/controlador-de-peso-su80b\\\/#breadcrumb\",\"itemListElement\":[{\"@type\":\"ListItem\",\"position\":1,\"name\":\"Home\",\"item\":\"https:\\\/\\\/biopesaje.com\\\/\"},{\"@type\":\"ListItem\",\"position\":2,\"name\":\"Productos\",\"item\":\"https:\\\/\\\/biopesaje.com\\\/index.php\\\/tienda\\\/\"},{\"@type\":\"ListItem\",\"position\":3,\"name\":\"Controlador de peso SU80B\"}]},{\"@type\":\"WebSite\",\"@id\":\"https:\\\/\\\/biopesaje.com\\\/#website\",\"url\":\"https:\\\/\\\/biopesaje.com\\\/\",\"name\":\"BIOPESAJE S.A.S.\",\"description\":\"Ingenier\u00eda de pesaje, metrolog\u00eda y laboratorio.\",\"publisher\":{\"@id\":\"https:\\\/\\\/biopesaje.com\\\/#organization\"},\"potentialAction\":[{\"@type\":\"SearchAction\",\"target\":{\"@type\":\"EntryPoint\",\"urlTemplate\":\"https:\\\/\\\/biopesaje.com\\\/?s={search_term_string}\"},\"query-input\":{\"@type\":\"PropertyValueSpecification\",\"valueRequired\":true,\"valueName\":\"search_term_string\"}}],\"inLanguage\":\"es-CO\"},{\"@type\":\"Organization\",\"@id\":\"https:\\\/\\\/biopesaje.com\\\/#organization\",\"name\":\"BIOPESAJE S.A.S.\",\"url\":\"https:\\\/\\\/biopesaje.com\\\/\",\"logo\":{\"@type\":\"ImageObject\",\"inLanguage\":\"es-CO\",\"@id\":\"https:\\\/\\\/biopesaje.com\\\/#\\\/schema\\\/logo\\\/image\\\/\",\"url\":\"\",\"contentUrl\":\"\",\"caption\":\"BIOPESAJE S.A.S.\"},\"image\":{\"@id\":\"https:\\\/\\\/biopesaje.com\\\/#\\\/schema\\\/logo\\\/image\\\/\"}}]}<\/script>\n<!-- \/ Yoast SEO plugin. -->","yoast_head_json":{"title":"SU80A controlador de pesaje - BIOPESAJE S.A.S.","description":"Biopesaje S.A.S cuenta con la mejor selecci\u00f3n de equipos en categor\u00edas como pesaje, procesamiento y empaque de la industria alimenticia. SU80A","robots":{"index":"index","follow":"follow","max-snippet":"max-snippet:-1","max-image-preview":"max-image-preview:large","max-video-preview":"max-video-preview:-1"},"canonical":"https:\/\/biopesaje.com\/index.php\/product\/controlador-de-peso-su80b\/","og_locale":"es_ES","og_type":"article","og_title":"SU80A controlador de pesaje - BIOPESAJE S.A.S.","og_description":"Biopesaje S.A.S cuenta con la mejor selecci\u00f3n de equipos en categor\u00edas como pesaje, procesamiento y empaque de la industria alimenticia. SU80A","og_url":"https:\/\/biopesaje.com\/index.php\/product\/controlador-de-peso-su80b\/","og_site_name":"BIOPESAJE S.A.S.","article_modified_time":"2025-03-19T23:10:14+00:00","og_image":[{"width":1600,"height":1295,"url":"https:\/\/biopesaje.com\/wp-content\/uploads\/2025\/03\/WhatsApp-Image-2025-03-11-at-3.01.32-PM.jpeg","type":"image\/jpeg"}],"twitter_card":"summary_large_image","twitter_misc":{"Tiempo de lectura":"3 minutos"},"schema":{"@context":"https:\/\/schema.org","@graph":[{"@type":"WebPage","@id":"https:\/\/biopesaje.com\/index.php\/product\/controlador-de-peso-su80b\/","url":"https:\/\/biopesaje.com\/index.php\/product\/controlador-de-peso-su80b\/","name":"SU80A controlador de pesaje - BIOPESAJE S.A.S.","isPartOf":{"@id":"https:\/\/biopesaje.com\/#website"},"primaryImageOfPage":{"@id":"https:\/\/biopesaje.com\/index.php\/product\/controlador-de-peso-su80b\/#primaryimage"},"image":{"@id":"https:\/\/biopesaje.com\/index.php\/product\/controlador-de-peso-su80b\/#primaryimage"},"thumbnailUrl":"https:\/\/biopesaje.com\/wp-content\/uploads\/2025\/03\/WhatsApp-Image-2025-03-11-at-3.01.32-PM.jpeg","datePublished":"2025-03-11T20:50:44+00:00","dateModified":"2025-03-19T23:10:14+00:00","description":"Biopesaje S.A.S cuenta con la mejor selecci\u00f3n de equipos en categor\u00edas como pesaje, procesamiento y empaque de la industria alimenticia. SU80A","breadcrumb":{"@id":"https:\/\/biopesaje.com\/index.php\/product\/controlador-de-peso-su80b\/#breadcrumb"},"inLanguage":"es-CO","potentialAction":[{"@type":"ReadAction","target":["https:\/\/biopesaje.com\/index.php\/product\/controlador-de-peso-su80b\/"]}]},{"@type":"ImageObject","inLanguage":"es-CO","@id":"https:\/\/biopesaje.com\/index.php\/product\/controlador-de-peso-su80b\/#primaryimage","url":"https:\/\/biopesaje.com\/wp-content\/uploads\/2025\/03\/WhatsApp-Image-2025-03-11-at-3.01.32-PM.jpeg","contentUrl":"https:\/\/biopesaje.com\/wp-content\/uploads\/2025\/03\/WhatsApp-Image-2025-03-11-at-3.01.32-PM.jpeg","width":1600,"height":1295,"caption":"SU80B"},{"@type":"BreadcrumbList","@id":"https:\/\/biopesaje.com\/index.php\/product\/controlador-de-peso-su80b\/#breadcrumb","itemListElement":[{"@type":"ListItem","position":1,"name":"Home","item":"https:\/\/biopesaje.com\/"},{"@type":"ListItem","position":2,"name":"Productos","item":"https:\/\/biopesaje.com\/index.php\/tienda\/"},{"@type":"ListItem","position":3,"name":"Controlador de peso SU80B"}]},{"@type":"WebSite","@id":"https:\/\/biopesaje.com\/#website","url":"https:\/\/biopesaje.com\/","name":"BIOPESAJE S.A.S.","description":"Ingenier\u00eda de pesaje, metrolog\u00eda y laboratorio.","publisher":{"@id":"https:\/\/biopesaje.com\/#organization"},"potentialAction":[{"@type":"SearchAction","target":{"@type":"EntryPoint","urlTemplate":"https:\/\/biopesaje.com\/?s={search_term_string}"},"query-input":{"@type":"PropertyValueSpecification","valueRequired":true,"valueName":"search_term_string"}}],"inLanguage":"es-CO"},{"@type":"Organization","@id":"https:\/\/biopesaje.com\/#organization","name":"BIOPESAJE S.A.S.","url":"https:\/\/biopesaje.com\/","logo":{"@type":"ImageObject","inLanguage":"es-CO","@id":"https:\/\/biopesaje.com\/#\/schema\/logo\/image\/","url":"","contentUrl":"","caption":"BIOPESAJE S.A.S."},"image":{"@id":"https:\/\/biopesaje.com\/#\/schema\/logo\/image\/"}}]}},"uagb_featured_image_src":{"full":["https:\/\/biopesaje.com\/wp-content\/uploads\/2025\/03\/WhatsApp-Image-2025-03-11-at-3.01.32-PM.jpeg",1600,1295,false],"thumbnail":["https:\/\/biopesaje.com\/wp-content\/uploads\/2025\/03\/WhatsApp-Image-2025-03-11-at-3.01.32-PM-150x150.jpeg",150,150,true],"medium":["https:\/\/biopesaje.com\/wp-content\/uploads\/2025\/03\/WhatsApp-Image-2025-03-11-at-3.01.32-PM-300x243.jpeg",300,243,true],"medium_large":["https:\/\/biopesaje.com\/wp-content\/uploads\/2025\/03\/WhatsApp-Image-2025-03-11-at-3.01.32-PM-768x622.jpeg",640,518,true],"large":["https:\/\/biopesaje.com\/wp-content\/uploads\/2025\/03\/WhatsApp-Image-2025-03-11-at-3.01.32-PM-1024x829.jpeg",640,518,true],"1536x1536":["https:\/\/biopesaje.com\/wp-content\/uploads\/2025\/03\/WhatsApp-Image-2025-03-11-at-3.01.32-PM-1536x1243.jpeg",1536,1243,true],"2048x2048":["https:\/\/biopesaje.com\/wp-content\/uploads\/2025\/03\/WhatsApp-Image-2025-03-11-at-3.01.32-PM.jpeg",1600,1295,false],"woocommerce_thumbnail":["https:\/\/biopesaje.com\/wp-content\/uploads\/2025\/03\/WhatsApp-Image-2025-03-11-at-3.01.32-PM-320x320.jpeg",320,320,true],"woocommerce_single":["https:\/\/biopesaje.com\/wp-content\/uploads\/2025\/03\/WhatsApp-Image-2025-03-11-at-3.01.32-PM.jpeg",1600,1295,false],"woocommerce_gallery_thumbnail":["https:\/\/biopesaje.com\/wp-content\/uploads\/2025\/03\/WhatsApp-Image-2025-03-11-at-3.01.32-PM-100x100.jpeg",100,100,true],"thaps-thumb-img":["https:\/\/biopesaje.com\/wp-content\/uploads\/2025\/03\/WhatsApp-Image-2025-03-11-at-3.01.32-PM-48x39.jpeg",48,39,true],"taiowc-thumb-img":["https:\/\/biopesaje.com\/wp-content\/uploads\/2025\/03\/WhatsApp-Image-2025-03-11-at-3.01.32-PM-48x39.jpeg",48,39,true]},"uagb_author_info":{"display_name":"Diego Martinez","author_link":"https:\/\/biopesaje.com\/index.php\/author\/"},"uagb_comment_info":0,"uagb_excerpt":"Controlador de Pesaje SU80B El Controlador de Pesaje SU80B es un dispositivo avanzado dise\u00f1ado para la medici\u00f3n y control preciso del peso en entornos industriales. Incorpora un CPU ARM de 32 bits de alta velocidad (48 MHz) y ofrece un dise\u00f1o EMC para resistir interferencias. Cuenta con una interfaz de celdas de carga (DC5V\/200mA) y&hellip;","jetpack_sharing_enabled":true,"_links":{"self":[{"href":"https:\/\/biopesaje.com\/index.php\/wp-json\/wp\/v2\/product\/7135","targetHints":{"allow":["GET"]}}],"collection":[{"href":"https:\/\/biopesaje.com\/index.php\/wp-json\/wp\/v2\/product"}],"about":[{"href":"https:\/\/biopesaje.com\/index.php\/wp-json\/wp\/v2\/types\/product"}],"version-history":[{"count":27,"href":"https:\/\/biopesaje.com\/index.php\/wp-json\/wp\/v2\/product\/7135\/revisions"}],"predecessor-version":[{"id":7504,"href":"https:\/\/biopesaje.com\/index.php\/wp-json\/wp\/v2\/product\/7135\/revisions\/7504"}],"wp:featuredmedia":[{"embeddable":true,"href":"https:\/\/biopesaje.com\/index.php\/wp-json\/wp\/v2\/media\/7140"}],"wp:attachment":[{"href":"https:\/\/biopesaje.com\/index.php\/wp-json\/wp\/v2\/media?parent=7135"}],"wp:term":[{"taxonomy":"product_brand","embeddable":true,"href":"https:\/\/biopesaje.com\/index.php\/wp-json\/wp\/v2\/product_brand?post=7135"},{"taxonomy":"product_cat","embeddable":true,"href":"https:\/\/biopesaje.com\/index.php\/wp-json\/wp\/v2\/product_cat?post=7135"},{"taxonomy":"product_tag","embeddable":true,"href":"https:\/\/biopesaje.com\/index.php\/wp-json\/wp\/v2\/product_tag?post=7135"}],"curies":[{"name":"wp","href":"https:\/\/api.w.org\/{rel}","templated":true}]}}