{"id":7164,"date":"2025-03-11T21:29:45","date_gmt":"2025-03-11T21:29:45","guid":{"rendered":"https:\/\/biopesaje.com\/?post_type=product&#038;p=7164"},"modified":"2025-03-19T23:11:04","modified_gmt":"2025-03-19T23:11:04","slug":"controlador-de-peso-bst106","status":"publish","type":"product","link":"https:\/\/biopesaje.com\/index.php\/product\/controlador-de-peso-bst106\/","title":{"rendered":"Controlador de peso  BST106"},"content":{"rendered":"\t\t<div data-elementor-type=\"wp-post\" data-elementor-id=\"7164\" class=\"elementor elementor-7164\" data-elementor-post-type=\"product\">\n\t\t\t\t\t\t<section class=\"elementor-section elementor-top-section elementor-element elementor-element-33cfee4 elementor-section-boxed elementor-section-height-default elementor-section-height-default\" data-id=\"33cfee4\" data-element_type=\"section\" data-e-type=\"section\">\n\t\t\t\t\t\t<div class=\"elementor-container elementor-column-gap-default\">\n\t\t\t\t\t<div class=\"elementor-column elementor-col-100 elementor-top-column elementor-element elementor-element-29bc1cb\" data-id=\"29bc1cb\" data-element_type=\"column\" data-e-type=\"column\">\n\t\t\t<div class=\"elementor-widget-wrap elementor-element-populated\">\n\t\t\t\t\t\t<div class=\"elementor-element elementor-element-527aa37 elementor-widget elementor-widget-heading\" data-id=\"527aa37\" data-element_type=\"widget\" data-e-type=\"widget\" data-widget_type=\"heading.default\">\n\t\t\t\t<div class=\"elementor-widget-container\">\n\t\t\t\t\t<h2 class=\"elementor-heading-title elementor-size-default\">Descripci\u00f3n de equipo BST106 - Biopesaje<\/h2>\t\t\t\t<\/div>\n\t\t\t\t<\/div>\n\t\t\t\t\t<\/div>\n\t\t<\/div>\n\t\t\t\t\t<\/div>\n\t\t<\/section>\n\t\t\t\t<section class=\"elementor-section elementor-top-section elementor-element elementor-element-3bb308d elementor-section-boxed elementor-section-height-default elementor-section-height-default\" data-id=\"3bb308d\" data-element_type=\"section\" data-e-type=\"section\">\n\t\t\t\t\t\t<div class=\"elementor-container elementor-column-gap-default\">\n\t\t\t\t\t<div class=\"elementor-column elementor-col-100 elementor-top-column elementor-element elementor-element-7781009\" data-id=\"7781009\" data-element_type=\"column\" data-e-type=\"column\">\n\t\t\t<div class=\"elementor-widget-wrap elementor-element-populated\">\n\t\t\t\t\t\t<div class=\"elementor-element elementor-element-cce4717 elementor-widget elementor-widget-heading\" data-id=\"cce4717\" data-element_type=\"widget\" data-e-type=\"widget\" data-widget_type=\"heading.default\">\n\t\t\t\t<div class=\"elementor-widget-container\">\n\t\t\t\t\t<h4 class=\"elementor-heading-title elementor-size-default\">Vis\u00edtanos en: Instagram: @biopesaje \/ Facebook: Biopesaje S.A.S<\/h4>\t\t\t\t<\/div>\n\t\t\t\t<\/div>\n\t\t\t\t\t<\/div>\n\t\t<\/div>\n\t\t\t\t\t<\/div>\n\t\t<\/section>\n\t\t\t\t<section class=\"elementor-section elementor-top-section elementor-element elementor-element-1d2ee1ed elementor-section-boxed elementor-section-height-default elementor-section-height-default\" data-id=\"1d2ee1ed\" data-element_type=\"section\" data-e-type=\"section\">\n\t\t\t\t\t\t<div class=\"elementor-container elementor-column-gap-default\">\n\t\t\t\t\t<div class=\"elementor-column elementor-col-100 elementor-top-column elementor-element elementor-element-e7ac4ad\" data-id=\"e7ac4ad\" data-element_type=\"column\" data-e-type=\"column\">\n\t\t\t<div class=\"elementor-widget-wrap elementor-element-populated\">\n\t\t\t\t\t\t<div class=\"elementor-element elementor-element-646f7a1d elementor-widget elementor-widget-text-editor\" data-id=\"646f7a1d\" data-element_type=\"widget\" data-e-type=\"widget\" data-widget_type=\"text-editor.default\">\n\t\t\t\t<div class=\"elementor-widget-container\">\n\t\t\t\t\t\t\t\t\t<p>Controlador de Pesaje BST106: Precisi\u00f3n y Eficiencia en el Control de Peso<\/p><p>El <strong>Controlador de Pesaje BST106 <\/strong>\u00a0es un dispositivo avanzado dise\u00f1ado para medir, controlar y transmitir datos de peso o fuerza en entornos industriales. Gracias a su tecnolog\u00eda de alta precisi\u00f3n, es ideal para aplicaciones que requieren un control exacto y un monitoreo continuo del peso.<\/p><p>Una de sus principales ventajas es su <strong>CPU ARM de 32 bits<\/strong> con una frecuencia de 48 MHz, que proporciona un procesamiento r\u00e1pido y estable.<\/p><p>\u00a0Adem\u00e1s, cuenta con un <strong>m\u00f3dulo de conversi\u00f3n A\/D de 24 bits.<\/strong>\u00a0Con una resoluci\u00f3n interna de 1\/1,000,000 y una <strong>frecuencia de muestreo de hasta 1600 Hz<\/strong>, lo que garantiza mediciones precisas incluso en condiciones de vibraci\u00f3n.<\/p><p>El BST106-M60S permite conectar hasta <strong>8 celdas de carga (350\u03a9)<\/strong> y admite funciones como <strong>cero al encender, auto seguimiento de cero y calibraci\u00f3n manual o autom\u00e1tica<\/strong>. Estas opciones aseguran una adaptaci\u00f3n flexible a diversas condiciones operativas.<\/p><p>En cuanto a la conectividad, el dispositivo ofrece <strong>salidas digitales y anal\u00f3gicas<\/strong> personalizables. Dispone de <strong>tres entradas y tres salidas de rel\u00e9.<\/strong>\u00a0De estado s\u00f3lido (DC24V, 250mA). As\u00ed como una <strong>salida de corriente (0-20 mA)<\/strong> y una <strong>salida de voltaje (0-10 V)<\/strong>. Adem\u00e1s, incorpora <strong>puertos de comunicaci\u00f3n RS232, RS485 y CANBUS<\/strong>, lo que facilita su integraci\u00f3n con sistemas PLC, pantallas remotas o computadoras industriales.<\/p><p>Su dise\u00f1o robusto, con montaje en <strong>riel DIN<\/strong>, permite una f\u00e1cil instalaci\u00f3n en tableros el\u00e9ctricos. Funciona con una <strong>alimentaci\u00f3n de DC24V\u00b120%<\/strong> y es capaz de operar en un amplio <strong>rango de temperatura de -25 \u00b0C a +45 \u00b0C<\/strong>, lo que lo hace adecuado para entornos exigentes.<\/p><p>En resumen, el <strong>Controlador de Pesaje BST106-M60S<\/strong> ofrece una combinaci\u00f3n ideal de <strong>precisi\u00f3n, velocidad y versatilidad<\/strong>, lo que lo convierte en una soluci\u00f3n eficiente para el control automatizado de peso en procesos industriales.<\/p><h5>Para mayor informaci\u00f3n y consulta de diferentes temas de inter\u00e9s te puedes dirigir a:\u00a0 <a href=\"https:\/\/members.wto.org\/crnattachments\/2016\/TBT\/COL\/16_1549_01_s.pdf\" target=\"_blank\" rel=\"noopener\">NTC 2031<\/a><\/h5>\t\t\t\t\t\t\t\t<\/div>\n\t\t\t\t<\/div>\n\t\t\t\t\t<\/div>\n\t\t<\/div>\n\t\t\t\t\t<\/div>\n\t\t<\/section>\n\t\t\t\t<section class=\"elementor-section elementor-top-section elementor-element elementor-element-14f5969 elementor-section-boxed elementor-section-height-default elementor-section-height-default\" data-id=\"14f5969\" data-element_type=\"section\" data-e-type=\"section\">\n\t\t\t\t\t\t<div class=\"elementor-container elementor-column-gap-default\">\n\t\t\t\t\t<div class=\"elementor-column elementor-col-100 elementor-top-column elementor-element elementor-element-c5a3422\" data-id=\"c5a3422\" data-element_type=\"column\" data-e-type=\"column\">\n\t\t\t<div class=\"elementor-widget-wrap elementor-element-populated\">\n\t\t\t\t\t\t<div class=\"elementor-element elementor-element-610edd6 elementor-widget elementor-widget-heading\" data-id=\"610edd6\" data-element_type=\"widget\" data-e-type=\"widget\" data-widget_type=\"heading.default\">\n\t\t\t\t<div class=\"elementor-widget-container\">\n\t\t\t\t\t<h3 class=\"elementor-heading-title elementor-size-default\">Documentaci\u00f3n<\/h3>\t\t\t\t<\/div>\n\t\t\t\t<\/div>\n\t\t\t\t<div class=\"elementor-element elementor-element-85c0d64 elementor-widget elementor-widget-eael-adv-accordion\" data-id=\"85c0d64\" data-element_type=\"widget\" data-e-type=\"widget\" data-widget_type=\"eael-adv-accordion.default\">\n\t\t\t\t<div class=\"elementor-widget-container\">\n\t\t\t\t\t            <div class=\"eael-adv-accordion\" id=\"eael-adv-accordion-85c0d64\" data-scroll-on-click=\"no\" data-scroll-speed=\"300\" data-accordion-id=\"85c0d64\" data-accordion-type=\"accordion\" data-toogle-speed=\"300\">\n            <div class=\"eael-accordion-list\">\n\t\t\t\t\t<div id=\"documentos\" class=\"elementor-tab-title eael-accordion-header active-default\" tabindex=\"0\" data-tab=\"1\" aria-controls=\"elementor-tab-content-1401\"><span class=\"eael-advanced-accordion-icon-closed\"><i aria-hidden=\"true\" class=\"fa-accordion-icon far fa-file-pdf\"><\/i><\/span><span class=\"eael-advanced-accordion-icon-opened\"><i aria-hidden=\"true\" class=\"fa-accordion-icon fas fa-minus\"><\/i><\/span><span class=\"eael-accordion-tab-title\">Documentos<\/span><i aria-hidden=\"true\" class=\"fa-toggle fas fa-angle-right\"><\/i><\/div><div id=\"elementor-tab-content-1401\" class=\"eael-accordion-content clearfix active-default\" data-tab=\"1\" aria-labelledby=\"documentos\"><p><a href=\"https:\/\/biopesaje.com\/wp-content\/uploads\/2025\/03\/BST106-M60S_removed.pdf\" target=\"_blank\" rel=\"noopener\"><img decoding=\"async\" class=\"wp-image-2526 alignnone\" src=\"https:\/\/biopesaje.com\/wp-content\/uploads\/2022\/02\/391px-PDF_file_icon.svg.png\" alt=\"\" width=\"30\" height=\"37\" srcset=\"https:\/\/biopesaje.com\/wp-content\/uploads\/2022\/02\/391px-PDF_file_icon.svg.png 391w, https:\/\/biopesaje.com\/wp-content\/uploads\/2022\/02\/391px-PDF_file_icon.svg-300x368.png 300w, https:\/\/biopesaje.com\/wp-content\/uploads\/2022\/02\/391px-PDF_file_icon.svg-244x300.png 244w, https:\/\/biopesaje.com\/wp-content\/uploads\/2022\/02\/391px-PDF_file_icon.svg-48x59.png 48w\" sizes=\"(max-width: 30px) 100vw, 30px\" \/>Manual Controlador de PesajeBST106<\/a><\/p><p><a href=\"https:\/\/biopesaje.com\/wp-content\/uploads\/2025\/03\/BST106-M60SL-.pdf\" target=\"_blank\" rel=\"noopener\"><img decoding=\"async\" class=\"wp-image-2526 alignnone\" src=\"https:\/\/biopesaje.com\/wp-content\/uploads\/2022\/02\/391px-PDF_file_icon.svg.png\" alt=\"\" width=\"30\" height=\"37\" srcset=\"https:\/\/biopesaje.com\/wp-content\/uploads\/2022\/02\/391px-PDF_file_icon.svg.png 391w, https:\/\/biopesaje.com\/wp-content\/uploads\/2022\/02\/391px-PDF_file_icon.svg-300x368.png 300w, https:\/\/biopesaje.com\/wp-content\/uploads\/2022\/02\/391px-PDF_file_icon.svg-244x300.png 244w, https:\/\/biopesaje.com\/wp-content\/uploads\/2022\/02\/391px-PDF_file_icon.svg-48x59.png 48w\" sizes=\"(max-width: 30px) 100vw, 30px\" \/>Catalogo\u00a0Controlador de PesajeBST106<\/a><\/p><\/div>\n\t\t\t\t\t<\/div><\/div>\t\t\t\t<\/div>\n\t\t\t\t<\/div>\n\t\t\t\t\t<\/div>\n\t\t<\/div>\n\t\t\t\t\t<\/div>\n\t\t<\/section>\n\t\t\t\t<\/div>\n\t\t","protected":false},"excerpt":{"rendered":"<p data-start=\"0\" data-end=\"39\"><strong data-start=\"0\" data-end=\"37\"><span>Controlador de Pesaje BST106<\/span><\/strong><\/p>\n<p data-start=\"41\" data-end=\"383\"><span>El <\/span><strong data-start=\"44\" data-end=\"81\"><span>Controlador de Pesaje BST106<\/span><\/strong><span>\u00a0es un dispositivo avanzado dise\u00f1ado para la medici\u00f3n precisa de peso y fuerza en entornos industriales. Gracias a su <\/span><strong data-start=\"199\" data-end=\"221\"><span>CPU ARM de 32 bits<\/span><\/strong><span> y un <\/span><strong data-start=\"227\" data-end=\"257\"><span>convertidor A\/D de 24 bits<\/span><\/strong><span> , ofrece una alta precisi\u00f3n con una resoluci\u00f3n interna de <\/span><strong data-start=\"315\" data-end=\"330\"><span>1\/1.000.000<\/span><\/strong><span> y una <\/span><strong data-start=\"337\" data-end=\"380\"><span>frecuencia de muestreo de hasta 1600 Hz<\/span><\/strong><span> .<\/span><\/p>\n<p data-start=\"385\" data-end=\"802\" data-is-last-node=\"\" data-is-only-node=\"\"><span>Admite <\/span><strong data-start=\"392\" data-end=\"426\"><span>hasta 8 celdas de carga (350\u03a9)<\/span><\/strong><span> y cuenta con funciones como <\/span><strong data-start=\"455\" data-end=\"482\"><span>detecci\u00f3n de valor pico<\/span><\/strong><span> , <\/span><strong data-start=\"484\" data-end=\"519\"><span>verificaci\u00f3n autom\u00e1tica de peso<\/span><\/strong><span> y <\/span><strong data-start=\"522\" data-end=\"546\"><span>retenci\u00f3n de valores<\/span><\/strong><span> . Adem\u00e1s, incluye <\/span><strong data-start=\"564\" data-end=\"621\"><span>tres entradas y tres salidas digitales (DC24V, 250mA)<\/span><\/strong><span> , salidas anal\u00f3gicas ajustables **(0-<\/span><strong data-start=\"653\" data-end=\"675\"><span>(0-20 mA y 0-10 V)<\/span><\/strong><span> y puertos<\/span><strong data-start=\"702\" data-end=\"727\"><span>RS232, RS485 y CANBUS<\/span><\/strong><span> , permitidos<\/span><\/p>\n","protected":false},"featured_media":7168,"template":"","meta":{"_uag_custom_page_level_css":"","_joinchat":[]},"product_brand":[],"product_cat":[69],"product_tag":[],"class_list":{"0":"post-7164","1":"product","2":"type-product","3":"status-publish","4":"has-post-thumbnail","6":"product_cat-control","7":"thunk-woo-product-list","8":"opn-qv-enable","9":"top-store-woo-hover-none","10":"top-store-single-product-tab-horizontal","11":"top-store-shadow-","12":"top-store-shadow-hover-","14":"first","15":"instock","16":"taxable","17":"shipping-taxable","18":"product-type-simple"},"yoast_head":"<!-- This site is optimized with the Yoast SEO plugin v27.4 - https:\/\/yoast.com\/product\/yoast-seo-wordpress\/ -->\n<title>BST106 Controlador de peso - BIOPESAJE S.A.S.<\/title>\n<meta name=\"description\" content=\"Biopesaje S.A.S cuenta con la mejor selecci\u00f3n de equipos en categor\u00edas como pesaje, procesamiento y empaque de la industria alimenticia. BST106\" \/>\n<meta name=\"robots\" content=\"index, follow, max-snippet:-1, max-image-preview:large, max-video-preview:-1\" \/>\n<link rel=\"canonical\" href=\"https:\/\/biopesaje.com\/index.php\/product\/controlador-de-peso-bst106\/\" \/>\n<meta property=\"og:locale\" content=\"es_ES\" \/>\n<meta property=\"og:type\" content=\"article\" \/>\n<meta property=\"og:title\" content=\"BST106 Controlador de peso - BIOPESAJE S.A.S.\" \/>\n<meta property=\"og:description\" content=\"Biopesaje S.A.S cuenta con la mejor selecci\u00f3n de equipos en categor\u00edas como pesaje, procesamiento y empaque de la industria alimenticia. BST106\" \/>\n<meta property=\"og:url\" content=\"https:\/\/biopesaje.com\/index.php\/product\/controlador-de-peso-bst106\/\" \/>\n<meta property=\"og:site_name\" content=\"BIOPESAJE S.A.S.\" \/>\n<meta property=\"article:modified_time\" content=\"2025-03-19T23:11:04+00:00\" \/>\n<meta property=\"og:image\" content=\"https:\/\/biopesaje.com\/wp-content\/uploads\/2025\/03\/WhatsApp-Image-2025-03-11-at-3.01.29-PM-3.jpeg\" \/>\n\t<meta property=\"og:image:width\" content=\"1440\" \/>\n\t<meta property=\"og:image:height\" content=\"1390\" \/>\n\t<meta property=\"og:image:type\" content=\"image\/jpeg\" \/>\n<meta name=\"twitter:card\" content=\"summary_large_image\" \/>\n<meta name=\"twitter:label1\" content=\"Tiempo de lectura\" \/>\n\t<meta name=\"twitter:data1\" content=\"2 minutos\" \/>\n<script type=\"application\/ld+json\" class=\"yoast-schema-graph\">{\"@context\":\"https:\\\/\\\/schema.org\",\"@graph\":[{\"@type\":\"WebPage\",\"@id\":\"https:\\\/\\\/biopesaje.com\\\/index.php\\\/product\\\/controlador-de-peso-bst106\\\/\",\"url\":\"https:\\\/\\\/biopesaje.com\\\/index.php\\\/product\\\/controlador-de-peso-bst106\\\/\",\"name\":\"BST106 Controlador de peso - BIOPESAJE S.A.S.\",\"isPartOf\":{\"@id\":\"https:\\\/\\\/biopesaje.com\\\/#website\"},\"primaryImageOfPage\":{\"@id\":\"https:\\\/\\\/biopesaje.com\\\/index.php\\\/product\\\/controlador-de-peso-bst106\\\/#primaryimage\"},\"image\":{\"@id\":\"https:\\\/\\\/biopesaje.com\\\/index.php\\\/product\\\/controlador-de-peso-bst106\\\/#primaryimage\"},\"thumbnailUrl\":\"https:\\\/\\\/biopesaje.com\\\/wp-content\\\/uploads\\\/2025\\\/03\\\/WhatsApp-Image-2025-03-11-at-3.01.29-PM-3.jpeg\",\"datePublished\":\"2025-03-11T21:29:45+00:00\",\"dateModified\":\"2025-03-19T23:11:04+00:00\",\"description\":\"Biopesaje S.A.S cuenta con la mejor selecci\u00f3n de equipos en categor\u00edas como pesaje, procesamiento y empaque de la industria alimenticia. BST106\",\"breadcrumb\":{\"@id\":\"https:\\\/\\\/biopesaje.com\\\/index.php\\\/product\\\/controlador-de-peso-bst106\\\/#breadcrumb\"},\"inLanguage\":\"es-CO\",\"potentialAction\":[{\"@type\":\"ReadAction\",\"target\":[\"https:\\\/\\\/biopesaje.com\\\/index.php\\\/product\\\/controlador-de-peso-bst106\\\/\"]}]},{\"@type\":\"ImageObject\",\"inLanguage\":\"es-CO\",\"@id\":\"https:\\\/\\\/biopesaje.com\\\/index.php\\\/product\\\/controlador-de-peso-bst106\\\/#primaryimage\",\"url\":\"https:\\\/\\\/biopesaje.com\\\/wp-content\\\/uploads\\\/2025\\\/03\\\/WhatsApp-Image-2025-03-11-at-3.01.29-PM-3.jpeg\",\"contentUrl\":\"https:\\\/\\\/biopesaje.com\\\/wp-content\\\/uploads\\\/2025\\\/03\\\/WhatsApp-Image-2025-03-11-at-3.01.29-PM-3.jpeg\",\"width\":1440,\"height\":1390,\"caption\":\"BST106\"},{\"@type\":\"BreadcrumbList\",\"@id\":\"https:\\\/\\\/biopesaje.com\\\/index.php\\\/product\\\/controlador-de-peso-bst106\\\/#breadcrumb\",\"itemListElement\":[{\"@type\":\"ListItem\",\"position\":1,\"name\":\"Home\",\"item\":\"https:\\\/\\\/biopesaje.com\\\/\"},{\"@type\":\"ListItem\",\"position\":2,\"name\":\"Productos\",\"item\":\"https:\\\/\\\/biopesaje.com\\\/index.php\\\/tienda\\\/\"},{\"@type\":\"ListItem\",\"position\":3,\"name\":\"Controlador de peso BST106\"}]},{\"@type\":\"WebSite\",\"@id\":\"https:\\\/\\\/biopesaje.com\\\/#website\",\"url\":\"https:\\\/\\\/biopesaje.com\\\/\",\"name\":\"BIOPESAJE S.A.S.\",\"description\":\"Ingenier\u00eda de pesaje, metrolog\u00eda y laboratorio.\",\"publisher\":{\"@id\":\"https:\\\/\\\/biopesaje.com\\\/#organization\"},\"potentialAction\":[{\"@type\":\"SearchAction\",\"target\":{\"@type\":\"EntryPoint\",\"urlTemplate\":\"https:\\\/\\\/biopesaje.com\\\/?s={search_term_string}\"},\"query-input\":{\"@type\":\"PropertyValueSpecification\",\"valueRequired\":true,\"valueName\":\"search_term_string\"}}],\"inLanguage\":\"es-CO\"},{\"@type\":\"Organization\",\"@id\":\"https:\\\/\\\/biopesaje.com\\\/#organization\",\"name\":\"BIOPESAJE S.A.S.\",\"url\":\"https:\\\/\\\/biopesaje.com\\\/\",\"logo\":{\"@type\":\"ImageObject\",\"inLanguage\":\"es-CO\",\"@id\":\"https:\\\/\\\/biopesaje.com\\\/#\\\/schema\\\/logo\\\/image\\\/\",\"url\":\"\",\"contentUrl\":\"\",\"caption\":\"BIOPESAJE S.A.S.\"},\"image\":{\"@id\":\"https:\\\/\\\/biopesaje.com\\\/#\\\/schema\\\/logo\\\/image\\\/\"}}]}<\/script>\n<!-- \/ Yoast SEO plugin. -->","yoast_head_json":{"title":"BST106 Controlador de peso - BIOPESAJE S.A.S.","description":"Biopesaje S.A.S cuenta con la mejor selecci\u00f3n de equipos en categor\u00edas como pesaje, procesamiento y empaque de la industria alimenticia. BST106","robots":{"index":"index","follow":"follow","max-snippet":"max-snippet:-1","max-image-preview":"max-image-preview:large","max-video-preview":"max-video-preview:-1"},"canonical":"https:\/\/biopesaje.com\/index.php\/product\/controlador-de-peso-bst106\/","og_locale":"es_ES","og_type":"article","og_title":"BST106 Controlador de peso - BIOPESAJE S.A.S.","og_description":"Biopesaje S.A.S cuenta con la mejor selecci\u00f3n de equipos en categor\u00edas como pesaje, procesamiento y empaque de la industria alimenticia. BST106","og_url":"https:\/\/biopesaje.com\/index.php\/product\/controlador-de-peso-bst106\/","og_site_name":"BIOPESAJE S.A.S.","article_modified_time":"2025-03-19T23:11:04+00:00","og_image":[{"width":1440,"height":1390,"url":"https:\/\/biopesaje.com\/wp-content\/uploads\/2025\/03\/WhatsApp-Image-2025-03-11-at-3.01.29-PM-3.jpeg","type":"image\/jpeg"}],"twitter_card":"summary_large_image","twitter_misc":{"Tiempo de lectura":"2 minutos"},"schema":{"@context":"https:\/\/schema.org","@graph":[{"@type":"WebPage","@id":"https:\/\/biopesaje.com\/index.php\/product\/controlador-de-peso-bst106\/","url":"https:\/\/biopesaje.com\/index.php\/product\/controlador-de-peso-bst106\/","name":"BST106 Controlador de peso - BIOPESAJE S.A.S.","isPartOf":{"@id":"https:\/\/biopesaje.com\/#website"},"primaryImageOfPage":{"@id":"https:\/\/biopesaje.com\/index.php\/product\/controlador-de-peso-bst106\/#primaryimage"},"image":{"@id":"https:\/\/biopesaje.com\/index.php\/product\/controlador-de-peso-bst106\/#primaryimage"},"thumbnailUrl":"https:\/\/biopesaje.com\/wp-content\/uploads\/2025\/03\/WhatsApp-Image-2025-03-11-at-3.01.29-PM-3.jpeg","datePublished":"2025-03-11T21:29:45+00:00","dateModified":"2025-03-19T23:11:04+00:00","description":"Biopesaje S.A.S cuenta con la mejor selecci\u00f3n de equipos en categor\u00edas como pesaje, procesamiento y empaque de la industria alimenticia. BST106","breadcrumb":{"@id":"https:\/\/biopesaje.com\/index.php\/product\/controlador-de-peso-bst106\/#breadcrumb"},"inLanguage":"es-CO","potentialAction":[{"@type":"ReadAction","target":["https:\/\/biopesaje.com\/index.php\/product\/controlador-de-peso-bst106\/"]}]},{"@type":"ImageObject","inLanguage":"es-CO","@id":"https:\/\/biopesaje.com\/index.php\/product\/controlador-de-peso-bst106\/#primaryimage","url":"https:\/\/biopesaje.com\/wp-content\/uploads\/2025\/03\/WhatsApp-Image-2025-03-11-at-3.01.29-PM-3.jpeg","contentUrl":"https:\/\/biopesaje.com\/wp-content\/uploads\/2025\/03\/WhatsApp-Image-2025-03-11-at-3.01.29-PM-3.jpeg","width":1440,"height":1390,"caption":"BST106"},{"@type":"BreadcrumbList","@id":"https:\/\/biopesaje.com\/index.php\/product\/controlador-de-peso-bst106\/#breadcrumb","itemListElement":[{"@type":"ListItem","position":1,"name":"Home","item":"https:\/\/biopesaje.com\/"},{"@type":"ListItem","position":2,"name":"Productos","item":"https:\/\/biopesaje.com\/index.php\/tienda\/"},{"@type":"ListItem","position":3,"name":"Controlador de peso BST106"}]},{"@type":"WebSite","@id":"https:\/\/biopesaje.com\/#website","url":"https:\/\/biopesaje.com\/","name":"BIOPESAJE S.A.S.","description":"Ingenier\u00eda de pesaje, metrolog\u00eda y laboratorio.","publisher":{"@id":"https:\/\/biopesaje.com\/#organization"},"potentialAction":[{"@type":"SearchAction","target":{"@type":"EntryPoint","urlTemplate":"https:\/\/biopesaje.com\/?s={search_term_string}"},"query-input":{"@type":"PropertyValueSpecification","valueRequired":true,"valueName":"search_term_string"}}],"inLanguage":"es-CO"},{"@type":"Organization","@id":"https:\/\/biopesaje.com\/#organization","name":"BIOPESAJE S.A.S.","url":"https:\/\/biopesaje.com\/","logo":{"@type":"ImageObject","inLanguage":"es-CO","@id":"https:\/\/biopesaje.com\/#\/schema\/logo\/image\/","url":"","contentUrl":"","caption":"BIOPESAJE S.A.S."},"image":{"@id":"https:\/\/biopesaje.com\/#\/schema\/logo\/image\/"}}]}},"uagb_featured_image_src":{"full":["https:\/\/biopesaje.com\/wp-content\/uploads\/2025\/03\/WhatsApp-Image-2025-03-11-at-3.01.29-PM-3.jpeg",1440,1390,false],"thumbnail":["https:\/\/biopesaje.com\/wp-content\/uploads\/2025\/03\/WhatsApp-Image-2025-03-11-at-3.01.29-PM-3-150x150.jpeg",150,150,true],"medium":["https:\/\/biopesaje.com\/wp-content\/uploads\/2025\/03\/WhatsApp-Image-2025-03-11-at-3.01.29-PM-3-300x290.jpeg",300,290,true],"medium_large":["https:\/\/biopesaje.com\/wp-content\/uploads\/2025\/03\/WhatsApp-Image-2025-03-11-at-3.01.29-PM-3-768x741.jpeg",640,618,true],"large":["https:\/\/biopesaje.com\/wp-content\/uploads\/2025\/03\/WhatsApp-Image-2025-03-11-at-3.01.29-PM-3-1024x988.jpeg",640,618,true],"1536x1536":["https:\/\/biopesaje.com\/wp-content\/uploads\/2025\/03\/WhatsApp-Image-2025-03-11-at-3.01.29-PM-3.jpeg",1440,1390,false],"2048x2048":["https:\/\/biopesaje.com\/wp-content\/uploads\/2025\/03\/WhatsApp-Image-2025-03-11-at-3.01.29-PM-3.jpeg",1440,1390,false],"woocommerce_thumbnail":["https:\/\/biopesaje.com\/wp-content\/uploads\/2025\/03\/WhatsApp-Image-2025-03-11-at-3.01.29-PM-3-320x320.jpeg",320,320,true],"woocommerce_single":["https:\/\/biopesaje.com\/wp-content\/uploads\/2025\/03\/WhatsApp-Image-2025-03-11-at-3.01.29-PM-3.jpeg",1440,1390,false],"woocommerce_gallery_thumbnail":["https:\/\/biopesaje.com\/wp-content\/uploads\/2025\/03\/WhatsApp-Image-2025-03-11-at-3.01.29-PM-3-100x100.jpeg",100,100,true],"thaps-thumb-img":["https:\/\/biopesaje.com\/wp-content\/uploads\/2025\/03\/WhatsApp-Image-2025-03-11-at-3.01.29-PM-3-48x46.jpeg",48,46,true],"taiowc-thumb-img":["https:\/\/biopesaje.com\/wp-content\/uploads\/2025\/03\/WhatsApp-Image-2025-03-11-at-3.01.29-PM-3-48x46.jpeg",48,46,true]},"uagb_author_info":{"display_name":"Diego Martinez","author_link":"https:\/\/biopesaje.com\/index.php\/author\/"},"uagb_comment_info":0,"uagb_excerpt":"Controlador de Pesaje BST106 El Controlador de Pesaje BST106\u00a0es un dispositivo avanzado dise\u00f1ado para la medici\u00f3n precisa de peso y fuerza en entornos industriales. Gracias a su CPU ARM de 32 bits y un convertidor A\/D de 24 bits , ofrece una alta precisi\u00f3n con una resoluci\u00f3n interna de 1\/1.000.000 y una frecuencia de muestreo&hellip;","jetpack_sharing_enabled":true,"_links":{"self":[{"href":"https:\/\/biopesaje.com\/index.php\/wp-json\/wp\/v2\/product\/7164","targetHints":{"allow":["GET"]}}],"collection":[{"href":"https:\/\/biopesaje.com\/index.php\/wp-json\/wp\/v2\/product"}],"about":[{"href":"https:\/\/biopesaje.com\/index.php\/wp-json\/wp\/v2\/types\/product"}],"version-history":[{"count":41,"href":"https:\/\/biopesaje.com\/index.php\/wp-json\/wp\/v2\/product\/7164\/revisions"}],"predecessor-version":[{"id":7507,"href":"https:\/\/biopesaje.com\/index.php\/wp-json\/wp\/v2\/product\/7164\/revisions\/7507"}],"wp:featuredmedia":[{"embeddable":true,"href":"https:\/\/biopesaje.com\/index.php\/wp-json\/wp\/v2\/media\/7168"}],"wp:attachment":[{"href":"https:\/\/biopesaje.com\/index.php\/wp-json\/wp\/v2\/media?parent=7164"}],"wp:term":[{"taxonomy":"product_brand","embeddable":true,"href":"https:\/\/biopesaje.com\/index.php\/wp-json\/wp\/v2\/product_brand?post=7164"},{"taxonomy":"product_cat","embeddable":true,"href":"https:\/\/biopesaje.com\/index.php\/wp-json\/wp\/v2\/product_cat?post=7164"},{"taxonomy":"product_tag","embeddable":true,"href":"https:\/\/biopesaje.com\/index.php\/wp-json\/wp\/v2\/product_tag?post=7164"}],"curies":[{"name":"wp","href":"https:\/\/api.w.org\/{rel}","templated":true}]}}