{"id":7261,"date":"2025-03-13T21:18:03","date_gmt":"2025-03-13T21:18:03","guid":{"rendered":"https:\/\/biopesaje.com\/?post_type=product&#038;p=7261"},"modified":"2025-03-14T16:54:38","modified_gmt":"2025-03-14T16:54:38","slug":"l-pcr20","status":"publish","type":"product","link":"https:\/\/biopesaje.com\/index.php\/product\/l-pcr20\/","title":{"rendered":"L-PCR20"},"content":{"rendered":"\t\t<div data-elementor-type=\"wp-post\" data-elementor-id=\"7261\" class=\"elementor elementor-7261\" data-elementor-post-type=\"product\">\n\t\t\t\t\t\t<section class=\"elementor-section elementor-top-section elementor-element elementor-element-87a90dc elementor-section-boxed elementor-section-height-default elementor-section-height-default\" data-id=\"87a90dc\" data-element_type=\"section\" data-e-type=\"section\">\n\t\t\t\t\t\t<div class=\"elementor-container elementor-column-gap-default\">\n\t\t\t\t\t<div class=\"elementor-column elementor-col-100 elementor-top-column elementor-element elementor-element-14c4f1f\" data-id=\"14c4f1f\" data-element_type=\"column\" data-e-type=\"column\">\n\t\t\t<div class=\"elementor-widget-wrap elementor-element-populated\">\n\t\t\t\t\t\t<div class=\"elementor-element elementor-element-60dc37e elementor-widget elementor-widget-heading\" data-id=\"60dc37e\" data-element_type=\"widget\" data-e-type=\"widget\" data-widget_type=\"heading.default\">\n\t\t\t\t<div class=\"elementor-widget-container\">\n\t\t\t\t\t<h2 class=\"elementor-heading-title elementor-size-default\"><span style=\"text-align: center\"><span>Descripci\u00f3n de equipo&nbsp;<\/span><\/span><span data-start=\"0\" data-end=\"31\"><b> <\/b>L-PCR20<\/span><span style=\"text-align: center\"><span>&nbsp;<\/span><\/span><span style=\"font-style: normal;font-size: 22px;font-weight: 400;text-align: center\">-<\/span><span style=\"font-style: normal;font-size: 22px;font-weight: 400;text-align: center\">&nbsp;<\/span><span style=\"font-style: normal;font-size: 22px;font-weight: 400;text-align: center\">Biopesaje<\/span><strong data-start=\"0\" data-end=\"31\"> <\/strong><\/h2>\t\t\t\t<\/div>\n\t\t\t\t<\/div>\n\t\t\t\t\t<\/div>\n\t\t<\/div>\n\t\t\t\t\t<\/div>\n\t\t<\/section>\n\t\t\t\t<section class=\"elementor-section elementor-top-section elementor-element elementor-element-ec46df4 elementor-section-boxed elementor-section-height-default elementor-section-height-default\" data-id=\"ec46df4\" data-element_type=\"section\" data-e-type=\"section\">\n\t\t\t\t\t\t<div class=\"elementor-container elementor-column-gap-default\">\n\t\t\t\t\t<div class=\"elementor-column elementor-col-100 elementor-top-column elementor-element elementor-element-816344c\" data-id=\"816344c\" data-element_type=\"column\" data-e-type=\"column\">\n\t\t\t<div class=\"elementor-widget-wrap elementor-element-populated\">\n\t\t\t\t\t\t<div class=\"elementor-element elementor-element-3d2d856 elementor-widget elementor-widget-heading\" data-id=\"3d2d856\" data-element_type=\"widget\" data-e-type=\"widget\" data-widget_type=\"heading.default\">\n\t\t\t\t<div class=\"elementor-widget-container\">\n\t\t\t\t\t<h4 class=\"elementor-heading-title elementor-size-default\">Vis\u00edtanos en: Instagram: @biopesaje \/ Facebook: Biopesaje S.A.<\/h4>\t\t\t\t<\/div>\n\t\t\t\t<\/div>\n\t\t\t\t\t<\/div>\n\t\t<\/div>\n\t\t\t\t\t<\/div>\n\t\t<\/section>\n\t\t\t\t<section class=\"elementor-section elementor-top-section elementor-element elementor-element-68d29632 elementor-section-boxed elementor-section-height-default elementor-section-height-default\" data-id=\"68d29632\" data-element_type=\"section\" data-e-type=\"section\">\n\t\t\t\t\t\t<div class=\"elementor-container elementor-column-gap-default\">\n\t\t\t\t\t<div class=\"elementor-column elementor-col-100 elementor-top-column elementor-element elementor-element-7df9fc88\" data-id=\"7df9fc88\" data-element_type=\"column\" data-e-type=\"column\">\n\t\t\t<div class=\"elementor-widget-wrap elementor-element-populated\">\n\t\t\t\t\t\t<div class=\"elementor-element elementor-element-4fbde1f8 elementor-widget elementor-widget-text-editor\" data-id=\"4fbde1f8\" data-element_type=\"widget\" data-e-type=\"widget\" data-widget_type=\"text-editor.default\">\n\t\t\t\t<div class=\"elementor-widget-container\">\n\t\t\t\t\t\t\t\t\t<p data-start=\"0\" data-end=\"33\"><strong data-start=\"0\" data-end=\"31\">Balanza Liquidadora L-PCR20<\/strong><\/p><p data-start=\"35\" data-end=\"439\">La <strong data-start=\"38\" data-end=\"69\">Balanza Liquidadora L-PCR20<\/strong> es una herramienta esencial para negocios que requieren precisi\u00f3n y eficiencia en el pesaje y c\u00e1lculo de precios. Construida en <strong data-start=\"198\" data-end=\"239\">acero inoxidable de grado alimenticio<\/strong>, garantiza durabilidad y resistencia en entornos comerciales exigentes. Su dise\u00f1o compacto y vers\u00e1til la hace ideal para espacios reducidos, como mercados ambulantes y tiendas con espacio limitado.<\/p><p data-start=\"441\" data-end=\"899\">Esta balanza ofrece una <strong data-start=\"465\" data-end=\"494\">capacidad m\u00e1xima de 20 kg<\/strong> con una <strong data-start=\"503\" data-end=\"537\">divisi\u00f3n de escala multirrango<\/strong> de 1g, 2g y 5g, permitiendo mediciones precisas desde 20g. Cuenta con <strong data-start=\"608\" data-end=\"637\">100 memorias programables<\/strong> y <strong data-start=\"640\" data-end=\"662\">8 accesos directos<\/strong>, lo que facilita la gesti\u00f3n de productos y precios. Adem\u00e1s, incorpora <strong data-start=\"733\" data-end=\"767\">funciones de caja registradora<\/strong>, acumulaci\u00f3n de productos pesados y no pesados, y una <strong data-start=\"822\" data-end=\"844\">bater\u00eda recargable<\/strong> que proporciona hasta <strong data-start=\"867\" data-end=\"896\">100 horas de uso continuo<\/strong>.<\/p><p data-start=\"901\" data-end=\"1250\">La <strong data-start=\"904\" data-end=\"915\">L-PCR20<\/strong> est\u00e1 equipada con un <strong data-start=\"937\" data-end=\"959\">teclado resistente<\/strong> de dise\u00f1o minimalista y d\u00edgitos grandes, as\u00ed como un <strong data-start=\"1013\" data-end=\"1040\">doble display iluminado<\/strong> (frontal y posterior) que ofrece mayor confianza al cliente. Su <strong data-start=\"1105\" data-end=\"1119\">puerto USB<\/strong> permite la integraci\u00f3n con sistemas de punto de venta, optimizando las operaciones comerciales y agilizando el proceso de venta.<\/p><p data-start=\"1252\" data-end=\"1474\" data-is-last-node=\"\" data-is-only-node=\"\">En resumen, la <strong data-start=\"1267\" data-end=\"1298\">Balanza Liquidadora L-PCR20<\/strong> combina <strong data-start=\"1307\" data-end=\"1349\">precisi\u00f3n, funcionalidad y durabilidad<\/strong>, siendo una inversi\u00f3n inteligente para negocios que buscan optimizar sus procesos de venta y mejorar la atenci\u00f3n al cliente.<\/p>\t\t\t\t\t\t\t\t<\/div>\n\t\t\t\t<\/div>\n\t\t\t\t\t<\/div>\n\t\t<\/div>\n\t\t\t\t\t<\/div>\n\t\t<\/section>\n\t\t\t\t<section class=\"elementor-section elementor-top-section elementor-element elementor-element-d942d70 elementor-section-boxed elementor-section-height-default elementor-section-height-default\" data-id=\"d942d70\" data-element_type=\"section\" data-e-type=\"section\">\n\t\t\t\t\t\t<div class=\"elementor-container elementor-column-gap-default\">\n\t\t\t\t\t<div class=\"elementor-column elementor-col-100 elementor-top-column elementor-element elementor-element-37ca196\" data-id=\"37ca196\" data-element_type=\"column\" data-e-type=\"column\">\n\t\t\t<div class=\"elementor-widget-wrap elementor-element-populated\">\n\t\t\t\t\t\t<div class=\"elementor-element elementor-element-2de4bd8 elementor-widget elementor-widget-heading\" data-id=\"2de4bd8\" data-element_type=\"widget\" data-e-type=\"widget\" data-widget_type=\"heading.default\">\n\t\t\t\t<div class=\"elementor-widget-container\">\n\t\t\t\t\t<h3 class=\"elementor-heading-title elementor-size-default\">Documentaci\u00f3n<\/h3>\t\t\t\t<\/div>\n\t\t\t\t<\/div>\n\t\t\t\t<div class=\"elementor-element elementor-element-168aea1 elementor-widget elementor-widget-eael-adv-accordion\" data-id=\"168aea1\" data-element_type=\"widget\" data-e-type=\"widget\" data-widget_type=\"eael-adv-accordion.default\">\n\t\t\t\t<div class=\"elementor-widget-container\">\n\t\t\t\t\t            <div class=\"eael-adv-accordion\" id=\"eael-adv-accordion-168aea1\" data-scroll-on-click=\"no\" data-scroll-speed=\"300\" data-accordion-id=\"168aea1\" data-accordion-type=\"accordion\" data-toogle-speed=\"300\">\n            <div class=\"eael-accordion-list\">\n\t\t\t\t\t<div id=\"documentos\" class=\"elementor-tab-title eael-accordion-header active-default\" tabindex=\"0\" data-tab=\"1\" aria-controls=\"elementor-tab-content-2361\"><span class=\"eael-advanced-accordion-icon-closed\"><i aria-hidden=\"true\" class=\"fa-accordion-icon far fa-file-pdf\"><\/i><\/span><span class=\"eael-advanced-accordion-icon-opened\"><i aria-hidden=\"true\" class=\"fa-accordion-icon fas fa-minus\"><\/i><\/span><span class=\"eael-accordion-tab-title\">Documentos<\/span><i aria-hidden=\"true\" class=\"fa-toggle fas fa-angle-right\"><\/i><\/div><div id=\"elementor-tab-content-2361\" class=\"eael-accordion-content clearfix active-default\" data-tab=\"1\" aria-labelledby=\"documentos\"><p><a href=\"https:\/\/biopesaje.com\/wp-content\/uploads\/2025\/03\/MANUALDEUSUARIOL-PCR.pdf\" target=\"_blank\" rel=\"noopener\"><img decoding=\"async\" class=\"wp-image-2526 alignnone\" src=\"https:\/\/biopesaje.com\/wp-content\/uploads\/2022\/02\/391px-PDF_file_icon.svg.png\" alt=\"\" width=\"30\" height=\"37\" srcset=\"https:\/\/biopesaje.com\/wp-content\/uploads\/2022\/02\/391px-PDF_file_icon.svg.png 391w, https:\/\/biopesaje.com\/wp-content\/uploads\/2022\/02\/391px-PDF_file_icon.svg-300x368.png 300w, https:\/\/biopesaje.com\/wp-content\/uploads\/2022\/02\/391px-PDF_file_icon.svg-244x300.png 244w, https:\/\/biopesaje.com\/wp-content\/uploads\/2022\/02\/391px-PDF_file_icon.svg-48x59.png 48w\" sizes=\"(max-width: 30px) 100vw, 30px\" \/> manual <strong> L-PCR20<\/strong><\/a><\/p><p class=\"product_title entry-title\"><a href=\"https:\/\/biopesaje.com\/wp-content\/uploads\/2025\/03\/FICHATECNICAL-PCR.pdf\" target=\"_blank\" rel=\"noopener\"><img decoding=\"async\" class=\"wp-image-2526 alignnone\" src=\"https:\/\/biopesaje.com\/wp-content\/uploads\/2022\/02\/391px-PDF_file_icon.svg.png\" alt=\"\" width=\"30\" height=\"37\" srcset=\"https:\/\/biopesaje.com\/wp-content\/uploads\/2022\/02\/391px-PDF_file_icon.svg.png 391w, https:\/\/biopesaje.com\/wp-content\/uploads\/2022\/02\/391px-PDF_file_icon.svg-300x368.png 300w, https:\/\/biopesaje.com\/wp-content\/uploads\/2022\/02\/391px-PDF_file_icon.svg-244x300.png 244w, https:\/\/biopesaje.com\/wp-content\/uploads\/2022\/02\/391px-PDF_file_icon.svg-48x59.png 48w\" sizes=\"(max-width: 30px) 100vw, 30px\" \/>Catalogo\u00a0<strong>L-PCR20<\/strong><\/a><\/p><\/div>\n\t\t\t\t\t<\/div><\/div>\t\t\t\t<\/div>\n\t\t\t\t<\/div>\n\t\t\t\t\t<\/div>\n\t\t<\/div>\n\t\t\t\t\t<\/div>\n\t\t<\/section>\n\t\t\t\t<\/div>\n\t\t","protected":false},"excerpt":{"rendered":"<p>&#8211; Capacidad: 20kg<br \/>\n&#8211; Divisi\u00f3n de escala multirango: 1g \/ 2g \/ 5g<br \/>\n&#8211; Pesada m\u00ednima: 20g<br \/>\n&#8211; 100 memorias programables<br \/>\n&#8211; Tara m\u00e1xima: 9.995kg<br \/>\n&#8211; Bater\u00eda 100 horas<br \/>\n&#8211; Acumula productos pesados y no pesados<br \/>\n&#8211; Bandeja 30.5&#215;22.5cm<br \/>\n&#8211; Luz de respaldo blanca<br \/>\n&#8211; Voltaje: 100\/240Vca 50\/60Hz<br \/>\n&#8211; Precio por kg m\u00e1ximo: 999.99<br \/>\n&#8211; Total a pagar m\u00e1ximo: 9999.99<br \/>\n&#8211; Temperatura de operaci\u00f3n: -10 a 40\u00baC (14 a 104\u00baF)<br \/>\n&#8211; Temperatura de almacenaje: -20 a 50\u00baC (-4 a 122\u00baF)<br \/>\n&#8211; Incluye Adaptador de corriente<br \/>\n&#8211; Unidad de empaque: Individual<br \/>\n&#8211; Tama\u00f1o y peso del equipo: 36x36x12.5cm \/ 4.6Kg<br \/>\n&#8211; Tama\u00f1o y peso con empaque: 45x47x17cm \/ 5.9kg<\/p>\n","protected":false},"featured_media":7278,"template":"","meta":{"_uag_custom_page_level_css":"","_joinchat":[]},"product_brand":[],"product_cat":[32,40],"product_tag":[],"class_list":{"0":"post-7261","1":"product","2":"type-product","3":"status-publish","4":"has-post-thumbnail","6":"product_cat-balanzas-de-mesa","7":"product_cat-balanzas-comerciales-liquidadoras-de-precio","8":"thunk-woo-product-list","9":"opn-qv-enable","10":"top-store-woo-hover-none","11":"top-store-single-product-tab-horizontal","12":"top-store-shadow-","13":"top-store-shadow-hover-","15":"first","16":"instock","17":"taxable","18":"shipping-taxable","19":"product-type-simple"},"yoast_head":"<!-- This site is optimized with the Yoast SEO plugin v27.3 - https:\/\/yoast.com\/product\/yoast-seo-wordpress\/ -->\n<title>L-PCR20 - BIOPESAJE S.A.S.<\/title>\n<meta name=\"description\" content=\"Biopesaje S.A.S cuenta con la mejor selecci\u00f3n de equipos en categor\u00edas como pesaje, procesamiento y empaque de la industria alimenticia. L-PCR20\" \/>\n<meta name=\"robots\" content=\"index, follow, max-snippet:-1, max-image-preview:large, max-video-preview:-1\" \/>\n<link rel=\"canonical\" href=\"https:\/\/biopesaje.com\/index.php\/product\/l-pcr20\/\" \/>\n<meta property=\"og:locale\" content=\"es_ES\" \/>\n<meta property=\"og:type\" content=\"article\" \/>\n<meta property=\"og:title\" content=\"L-PCR20 - BIOPESAJE S.A.S.\" \/>\n<meta property=\"og:description\" content=\"Biopesaje S.A.S cuenta con la mejor selecci\u00f3n de equipos en categor\u00edas como pesaje, procesamiento y empaque de la industria alimenticia. L-PCR20\" \/>\n<meta property=\"og:url\" content=\"https:\/\/biopesaje.com\/index.php\/product\/l-pcr20\/\" \/>\n<meta property=\"og:site_name\" content=\"BIOPESAJE S.A.S.\" \/>\n<meta property=\"article:modified_time\" content=\"2025-03-14T16:54:38+00:00\" \/>\n<meta property=\"og:image\" content=\"https:\/\/biopesaje.com\/wp-content\/uploads\/2025\/03\/imagen_id_3085-e1741962047821.jpg\" \/>\n\t<meta property=\"og:image:width\" content=\"1000\" \/>\n\t<meta property=\"og:image:height\" content=\"833\" \/>\n\t<meta property=\"og:image:type\" content=\"image\/jpeg\" \/>\n<meta name=\"twitter:card\" content=\"summary_large_image\" \/>\n<meta name=\"twitter:label1\" content=\"Tiempo de lectura\" \/>\n\t<meta name=\"twitter:data1\" content=\"2 minutos\" \/>\n<script type=\"application\/ld+json\" class=\"yoast-schema-graph\">{\"@context\":\"https:\\\/\\\/schema.org\",\"@graph\":[{\"@type\":\"WebPage\",\"@id\":\"https:\\\/\\\/biopesaje.com\\\/index.php\\\/product\\\/l-pcr20\\\/\",\"url\":\"https:\\\/\\\/biopesaje.com\\\/index.php\\\/product\\\/l-pcr20\\\/\",\"name\":\"L-PCR20 - BIOPESAJE S.A.S.\",\"isPartOf\":{\"@id\":\"https:\\\/\\\/biopesaje.com\\\/#website\"},\"primaryImageOfPage\":{\"@id\":\"https:\\\/\\\/biopesaje.com\\\/index.php\\\/product\\\/l-pcr20\\\/#primaryimage\"},\"image\":{\"@id\":\"https:\\\/\\\/biopesaje.com\\\/index.php\\\/product\\\/l-pcr20\\\/#primaryimage\"},\"thumbnailUrl\":\"https:\\\/\\\/biopesaje.com\\\/wp-content\\\/uploads\\\/2025\\\/03\\\/imagen_id_3085-e1741962047821.jpg\",\"datePublished\":\"2025-03-13T21:18:03+00:00\",\"dateModified\":\"2025-03-14T16:54:38+00:00\",\"description\":\"Biopesaje S.A.S cuenta con la mejor selecci\u00f3n de equipos en categor\u00edas como pesaje, procesamiento y empaque de la industria alimenticia. L-PCR20\",\"breadcrumb\":{\"@id\":\"https:\\\/\\\/biopesaje.com\\\/index.php\\\/product\\\/l-pcr20\\\/#breadcrumb\"},\"inLanguage\":\"es-CO\",\"potentialAction\":[{\"@type\":\"ReadAction\",\"target\":[\"https:\\\/\\\/biopesaje.com\\\/index.php\\\/product\\\/l-pcr20\\\/\"]}]},{\"@type\":\"ImageObject\",\"inLanguage\":\"es-CO\",\"@id\":\"https:\\\/\\\/biopesaje.com\\\/index.php\\\/product\\\/l-pcr20\\\/#primaryimage\",\"url\":\"https:\\\/\\\/biopesaje.com\\\/wp-content\\\/uploads\\\/2025\\\/03\\\/imagen_id_3085-e1741962047821.jpg\",\"contentUrl\":\"https:\\\/\\\/biopesaje.com\\\/wp-content\\\/uploads\\\/2025\\\/03\\\/imagen_id_3085-e1741962047821.jpg\",\"width\":1000,\"height\":833},{\"@type\":\"BreadcrumbList\",\"@id\":\"https:\\\/\\\/biopesaje.com\\\/index.php\\\/product\\\/l-pcr20\\\/#breadcrumb\",\"itemListElement\":[{\"@type\":\"ListItem\",\"position\":1,\"name\":\"Home\",\"item\":\"https:\\\/\\\/biopesaje.com\\\/\"},{\"@type\":\"ListItem\",\"position\":2,\"name\":\"Productos\",\"item\":\"https:\\\/\\\/biopesaje.com\\\/index.php\\\/tienda\\\/\"},{\"@type\":\"ListItem\",\"position\":3,\"name\":\"L-PCR20\"}]},{\"@type\":\"WebSite\",\"@id\":\"https:\\\/\\\/biopesaje.com\\\/#website\",\"url\":\"https:\\\/\\\/biopesaje.com\\\/\",\"name\":\"BIOPESAJE S.A.S.\",\"description\":\"Ingenier\u00eda de pesaje, metrolog\u00eda y laboratorio.\",\"publisher\":{\"@id\":\"https:\\\/\\\/biopesaje.com\\\/#organization\"},\"potentialAction\":[{\"@type\":\"SearchAction\",\"target\":{\"@type\":\"EntryPoint\",\"urlTemplate\":\"https:\\\/\\\/biopesaje.com\\\/?s={search_term_string}\"},\"query-input\":{\"@type\":\"PropertyValueSpecification\",\"valueRequired\":true,\"valueName\":\"search_term_string\"}}],\"inLanguage\":\"es-CO\"},{\"@type\":\"Organization\",\"@id\":\"https:\\\/\\\/biopesaje.com\\\/#organization\",\"name\":\"BIOPESAJE S.A.S.\",\"url\":\"https:\\\/\\\/biopesaje.com\\\/\",\"logo\":{\"@type\":\"ImageObject\",\"inLanguage\":\"es-CO\",\"@id\":\"https:\\\/\\\/biopesaje.com\\\/#\\\/schema\\\/logo\\\/image\\\/\",\"url\":\"\",\"contentUrl\":\"\",\"caption\":\"BIOPESAJE S.A.S.\"},\"image\":{\"@id\":\"https:\\\/\\\/biopesaje.com\\\/#\\\/schema\\\/logo\\\/image\\\/\"}}]}<\/script>\n<!-- \/ Yoast SEO plugin. -->","yoast_head_json":{"title":"L-PCR20 - BIOPESAJE S.A.S.","description":"Biopesaje S.A.S cuenta con la mejor selecci\u00f3n de equipos en categor\u00edas como pesaje, procesamiento y empaque de la industria alimenticia. L-PCR20","robots":{"index":"index","follow":"follow","max-snippet":"max-snippet:-1","max-image-preview":"max-image-preview:large","max-video-preview":"max-video-preview:-1"},"canonical":"https:\/\/biopesaje.com\/index.php\/product\/l-pcr20\/","og_locale":"es_ES","og_type":"article","og_title":"L-PCR20 - BIOPESAJE S.A.S.","og_description":"Biopesaje S.A.S cuenta con la mejor selecci\u00f3n de equipos en categor\u00edas como pesaje, procesamiento y empaque de la industria alimenticia. L-PCR20","og_url":"https:\/\/biopesaje.com\/index.php\/product\/l-pcr20\/","og_site_name":"BIOPESAJE S.A.S.","article_modified_time":"2025-03-14T16:54:38+00:00","og_image":[{"width":1000,"height":833,"url":"https:\/\/biopesaje.com\/wp-content\/uploads\/2025\/03\/imagen_id_3085-e1741962047821.jpg","type":"image\/jpeg"}],"twitter_card":"summary_large_image","twitter_misc":{"Tiempo de lectura":"2 minutos"},"schema":{"@context":"https:\/\/schema.org","@graph":[{"@type":"WebPage","@id":"https:\/\/biopesaje.com\/index.php\/product\/l-pcr20\/","url":"https:\/\/biopesaje.com\/index.php\/product\/l-pcr20\/","name":"L-PCR20 - BIOPESAJE S.A.S.","isPartOf":{"@id":"https:\/\/biopesaje.com\/#website"},"primaryImageOfPage":{"@id":"https:\/\/biopesaje.com\/index.php\/product\/l-pcr20\/#primaryimage"},"image":{"@id":"https:\/\/biopesaje.com\/index.php\/product\/l-pcr20\/#primaryimage"},"thumbnailUrl":"https:\/\/biopesaje.com\/wp-content\/uploads\/2025\/03\/imagen_id_3085-e1741962047821.jpg","datePublished":"2025-03-13T21:18:03+00:00","dateModified":"2025-03-14T16:54:38+00:00","description":"Biopesaje S.A.S cuenta con la mejor selecci\u00f3n de equipos en categor\u00edas como pesaje, procesamiento y empaque de la industria alimenticia. L-PCR20","breadcrumb":{"@id":"https:\/\/biopesaje.com\/index.php\/product\/l-pcr20\/#breadcrumb"},"inLanguage":"es-CO","potentialAction":[{"@type":"ReadAction","target":["https:\/\/biopesaje.com\/index.php\/product\/l-pcr20\/"]}]},{"@type":"ImageObject","inLanguage":"es-CO","@id":"https:\/\/biopesaje.com\/index.php\/product\/l-pcr20\/#primaryimage","url":"https:\/\/biopesaje.com\/wp-content\/uploads\/2025\/03\/imagen_id_3085-e1741962047821.jpg","contentUrl":"https:\/\/biopesaje.com\/wp-content\/uploads\/2025\/03\/imagen_id_3085-e1741962047821.jpg","width":1000,"height":833},{"@type":"BreadcrumbList","@id":"https:\/\/biopesaje.com\/index.php\/product\/l-pcr20\/#breadcrumb","itemListElement":[{"@type":"ListItem","position":1,"name":"Home","item":"https:\/\/biopesaje.com\/"},{"@type":"ListItem","position":2,"name":"Productos","item":"https:\/\/biopesaje.com\/index.php\/tienda\/"},{"@type":"ListItem","position":3,"name":"L-PCR20"}]},{"@type":"WebSite","@id":"https:\/\/biopesaje.com\/#website","url":"https:\/\/biopesaje.com\/","name":"BIOPESAJE S.A.S.","description":"Ingenier\u00eda de pesaje, metrolog\u00eda y laboratorio.","publisher":{"@id":"https:\/\/biopesaje.com\/#organization"},"potentialAction":[{"@type":"SearchAction","target":{"@type":"EntryPoint","urlTemplate":"https:\/\/biopesaje.com\/?s={search_term_string}"},"query-input":{"@type":"PropertyValueSpecification","valueRequired":true,"valueName":"search_term_string"}}],"inLanguage":"es-CO"},{"@type":"Organization","@id":"https:\/\/biopesaje.com\/#organization","name":"BIOPESAJE S.A.S.","url":"https:\/\/biopesaje.com\/","logo":{"@type":"ImageObject","inLanguage":"es-CO","@id":"https:\/\/biopesaje.com\/#\/schema\/logo\/image\/","url":"","contentUrl":"","caption":"BIOPESAJE S.A.S."},"image":{"@id":"https:\/\/biopesaje.com\/#\/schema\/logo\/image\/"}}]}},"uagb_featured_image_src":{"full":["https:\/\/biopesaje.com\/wp-content\/uploads\/2025\/03\/imagen_id_3085-e1741962047821.jpg",1000,833,false],"thumbnail":["https:\/\/biopesaje.com\/wp-content\/uploads\/2025\/03\/imagen_id_3085-e1741962047821-150x150.jpg",150,150,true],"medium":["https:\/\/biopesaje.com\/wp-content\/uploads\/2025\/03\/imagen_id_3085-e1741962047821-300x250.jpg",300,250,true],"medium_large":["https:\/\/biopesaje.com\/wp-content\/uploads\/2025\/03\/imagen_id_3085-e1741962047821-768x640.jpg",640,533,true],"large":["https:\/\/biopesaje.com\/wp-content\/uploads\/2025\/03\/imagen_id_3085-e1741962047821.jpg",640,533,false],"1536x1536":["https:\/\/biopesaje.com\/wp-content\/uploads\/2025\/03\/imagen_id_3085-e1741962047821.jpg",1000,833,false],"2048x2048":["https:\/\/biopesaje.com\/wp-content\/uploads\/2025\/03\/imagen_id_3085-e1741962047821.jpg",1000,833,false],"woocommerce_thumbnail":["https:\/\/biopesaje.com\/wp-content\/uploads\/2025\/03\/imagen_id_3085-e1741962047821-320x320.jpg",320,320,true],"woocommerce_single":["https:\/\/biopesaje.com\/wp-content\/uploads\/2025\/03\/imagen_id_3085-e1741962047821.jpg",1000,833,false],"woocommerce_gallery_thumbnail":["https:\/\/biopesaje.com\/wp-content\/uploads\/2025\/03\/imagen_id_3085-e1741962047821-100x100.jpg",100,100,true],"thaps-thumb-img":["https:\/\/biopesaje.com\/wp-content\/uploads\/2025\/03\/imagen_id_3085-e1741962047821-48x40.jpg",48,40,true],"taiowc-thumb-img":["https:\/\/biopesaje.com\/wp-content\/uploads\/2025\/03\/imagen_id_3085-e1741962047821-48x40.jpg",48,40,true]},"uagb_author_info":{"display_name":"Diego Martinez","author_link":"https:\/\/biopesaje.com\/index.php\/author\/"},"uagb_comment_info":0,"uagb_excerpt":"- Capacidad: 20kg - Divisi\u00f3n de escala multirango: 1g \/ 2g \/ 5g - Pesada m\u00ednima: 20g - 100 memorias programables - Tara m\u00e1xima: 9.995kg - Bater\u00eda 100 horas - Acumula productos pesados y no pesados - Bandeja 30.5x22.5cm - Luz de respaldo blanca - Voltaje: 100\/240Vca 50\/60Hz - Precio por kg m\u00e1ximo: 999.99 -&hellip;","jetpack_sharing_enabled":true,"_links":{"self":[{"href":"https:\/\/biopesaje.com\/index.php\/wp-json\/wp\/v2\/product\/7261","targetHints":{"allow":["GET"]}}],"collection":[{"href":"https:\/\/biopesaje.com\/index.php\/wp-json\/wp\/v2\/product"}],"about":[{"href":"https:\/\/biopesaje.com\/index.php\/wp-json\/wp\/v2\/types\/product"}],"version-history":[{"count":9,"href":"https:\/\/biopesaje.com\/index.php\/wp-json\/wp\/v2\/product\/7261\/revisions"}],"predecessor-version":[{"id":7280,"href":"https:\/\/biopesaje.com\/index.php\/wp-json\/wp\/v2\/product\/7261\/revisions\/7280"}],"wp:featuredmedia":[{"embeddable":true,"href":"https:\/\/biopesaje.com\/index.php\/wp-json\/wp\/v2\/media\/7278"}],"wp:attachment":[{"href":"https:\/\/biopesaje.com\/index.php\/wp-json\/wp\/v2\/media?parent=7261"}],"wp:term":[{"taxonomy":"product_brand","embeddable":true,"href":"https:\/\/biopesaje.com\/index.php\/wp-json\/wp\/v2\/product_brand?post=7261"},{"taxonomy":"product_cat","embeddable":true,"href":"https:\/\/biopesaje.com\/index.php\/wp-json\/wp\/v2\/product_cat?post=7261"},{"taxonomy":"product_tag","embeddable":true,"href":"https:\/\/biopesaje.com\/index.php\/wp-json\/wp\/v2\/product_tag?post=7261"}],"curies":[{"name":"wp","href":"https:\/\/api.w.org\/{rel}","templated":true}]}}