{"id":7282,"date":"2025-03-14T15:01:43","date_gmt":"2025-03-14T15:01:43","guid":{"rendered":"https:\/\/biopesaje.com\/?post_type=product&#038;p=7282"},"modified":"2025-03-14T17:09:21","modified_gmt":"2025-03-14T17:09:21","slug":"pcs-t","status":"publish","type":"product","link":"https:\/\/biopesaje.com\/index.php\/product\/pcs-t\/","title":{"rendered":"PCR-40-T"},"content":{"rendered":"\t\t<div data-elementor-type=\"wp-post\" data-elementor-id=\"7282\" class=\"elementor elementor-7282\" data-elementor-post-type=\"product\">\n\t\t\t\t\t\t<section class=\"elementor-section elementor-top-section elementor-element elementor-element-87a90dc elementor-section-boxed elementor-section-height-default elementor-section-height-default\" data-id=\"87a90dc\" data-element_type=\"section\" data-e-type=\"section\">\n\t\t\t\t\t\t<div class=\"elementor-container elementor-column-gap-default\">\n\t\t\t\t\t<div class=\"elementor-column elementor-col-100 elementor-top-column elementor-element elementor-element-14c4f1f\" data-id=\"14c4f1f\" data-element_type=\"column\" data-e-type=\"column\">\n\t\t\t<div class=\"elementor-widget-wrap elementor-element-populated\">\n\t\t\t\t\t\t<div class=\"elementor-element elementor-element-60dc37e elementor-widget elementor-widget-heading\" data-id=\"60dc37e\" data-element_type=\"widget\" data-e-type=\"widget\" data-widget_type=\"heading.default\">\n\t\t\t\t<div class=\"elementor-widget-container\">\n\t\t\t\t\t<h2 class=\"elementor-heading-title elementor-size-default\"><span style=\"text-align: center\"><span>Descripci\u00f3n de equipo&nbsp;<\/span><\/span><span style=\"text-align: start\"><span>PCR-40-T<\/span><font face=\"Roboto, sans-serif\"><span style=\"font-size: 24px\">&nbsp;<\/span><\/font><\/span><span style=\"font-style: normal;font-size: 22px;font-weight: 400;text-align: center\">-<\/span><span style=\"font-style: normal;font-size: 22px;font-weight: 400;text-align: center\">&nbsp;<\/span><span style=\"font-style: normal;font-size: 22px;font-weight: 400;text-align: center\">Biopesaje<\/span><\/h2>\t\t\t\t<\/div>\n\t\t\t\t<\/div>\n\t\t\t\t\t<\/div>\n\t\t<\/div>\n\t\t\t\t\t<\/div>\n\t\t<\/section>\n\t\t\t\t<section class=\"elementor-section elementor-top-section elementor-element elementor-element-ec46df4 elementor-section-boxed elementor-section-height-default elementor-section-height-default\" data-id=\"ec46df4\" data-element_type=\"section\" data-e-type=\"section\">\n\t\t\t\t\t\t<div class=\"elementor-container elementor-column-gap-default\">\n\t\t\t\t\t<div class=\"elementor-column elementor-col-100 elementor-top-column elementor-element elementor-element-816344c\" data-id=\"816344c\" data-element_type=\"column\" data-e-type=\"column\">\n\t\t\t<div class=\"elementor-widget-wrap elementor-element-populated\">\n\t\t\t\t\t\t<div class=\"elementor-element elementor-element-3d2d856 elementor-widget elementor-widget-heading\" data-id=\"3d2d856\" data-element_type=\"widget\" data-e-type=\"widget\" data-widget_type=\"heading.default\">\n\t\t\t\t<div class=\"elementor-widget-container\">\n\t\t\t\t\t<h4 class=\"elementor-heading-title elementor-size-default\">Vis\u00edtanos en: Instagram: @biopesaje \/ Facebook: Biopesaje S.A.<\/h4>\t\t\t\t<\/div>\n\t\t\t\t<\/div>\n\t\t\t\t\t<\/div>\n\t\t<\/div>\n\t\t\t\t\t<\/div>\n\t\t<\/section>\n\t\t\t\t<section class=\"elementor-section elementor-top-section elementor-element elementor-element-68d29632 elementor-section-boxed elementor-section-height-default elementor-section-height-default\" data-id=\"68d29632\" data-element_type=\"section\" data-e-type=\"section\">\n\t\t\t\t\t\t<div class=\"elementor-container elementor-column-gap-default\">\n\t\t\t\t\t<div class=\"elementor-column elementor-col-100 elementor-top-column elementor-element elementor-element-7df9fc88\" data-id=\"7df9fc88\" data-element_type=\"column\" data-e-type=\"column\">\n\t\t\t<div class=\"elementor-widget-wrap elementor-element-populated\">\n\t\t\t\t\t\t<div class=\"elementor-element elementor-element-4fbde1f8 elementor-widget elementor-widget-text-editor\" data-id=\"4fbde1f8\" data-element_type=\"widget\" data-e-type=\"widget\" data-widget_type=\"text-editor.default\">\n\t\t\t\t<div class=\"elementor-widget-container\">\n\t\t\t\t\t\t\t\t\t<p><strong>Balanza Electr\u00f3nica Liquidadora PCR-40-T<\/strong><\/p><p>La <strong>Balanza Electr\u00f3nica Liquidadora PCR-40-T<\/strong> es una herramienta esencial para negocios que requieren precisi\u00f3n y eficiencia en el pesaje y c\u00e1lculo de precios. Dise\u00f1ada para entornos comerciales exigentes, su construcci\u00f3n en <strong>acero inoxidable<\/strong> garantiza durabilidad y resistencia. Su dise\u00f1o compacto y vers\u00e1til la hace ideal para espacios reducidos, como mercados ambulantes y tiendas con espacio limitado.<\/p><p><strong>Capacidad y Precisi\u00f3n:<\/strong><br \/>La <strong>PCR-40-T<\/strong> ofrece una <strong>capacidad m\u00e1xima de 35 kg<\/strong> con una <strong>divisi\u00f3n de escala de 10 g<\/strong>, permitiendo mediciones precisas para una amplia gama de productos.<\/p><p><strong>Funciones de Memoria:<\/strong><br \/>Cuenta con <strong>15 memorias directas<\/strong> y <strong>100 memorias indirectas<\/strong>, facilitando la gesti\u00f3n eficiente de productos y precios.<\/p><p><strong>Bater\u00eda de Larga Duraci\u00f3n:<\/strong><br \/>Equipada con una <strong>bater\u00eda recargable<\/strong> que proporciona hasta <strong>200 horas de uso continuo<\/strong>, asegurando su operatividad incluso en lugares sin acceso constante a la electricidad.<\/p><p><strong>Dise\u00f1o y Construcci\u00f3n:<\/strong><br \/>Su <strong>teclado resistente<\/strong> de dise\u00f1o minimalista con d\u00edgitos grandes y su <strong>doble display iluminado<\/strong> (frontal y posterior) mejoran la experiencia tanto del operador como del cliente. La bandeja de acero inoxidable mide <strong>38 x 29 cm<\/strong>, adecuada para diversos productos.<\/p><p><strong>Conectividad:<\/strong><br \/>Incorpora un <strong>puerto RS-232<\/strong>, facilitando la integraci\u00f3n con sistemas de punto de venta y otros dispositivos, optimizando las operaciones comerciales.<\/p><p><strong>Funciones Adicionales:<\/strong><br \/>Incluye <strong>funciones de acumulaci\u00f3n de productos pesados<\/strong>, ofreciendo versatilidad en su uso diario.<\/p><p><strong>Certificaciones:<\/strong><br \/>Cuenta con certificaciones <strong>OIML y SIMEL<\/strong>, aprobadas por la Superintendencia de Industria y Comercio, garantizando la confiabilidad y precisi\u00f3n del equipo.<\/p><p><strong>Dimensiones y Peso del Equipo:<\/strong><br \/>36 x 36 x 33 cm \/ 8.9 kg.<\/p><p><strong>Dimensiones y Peso con Empaque:<\/strong><br \/>57 x 49 x 20.5 cm \/ 10.5 kg.<\/p><p><strong>Aplicaciones Comerciales:<\/strong><\/p><p>Esta balanza es especialmente \u00fatil en locales comerciales como carnicer\u00edas, fruter\u00edas, supermercados y tiendas diversas. Permite pesar frutas, verduras, carnes y otros art\u00edculos, siendo ideal para comerciantes que necesitan pesar sus productos y realizar transacciones de manera eficiente.<\/p><p>La <strong>Balanza Electr\u00f3nica Liquidadora PCR-40-T<\/strong> combina <strong>precisi\u00f3n, funcionalidad y durabilidad<\/strong>, siendo una inversi\u00f3n inteligente para negocios que buscan optimizar sus procesos de venta y atenci\u00f3n al cliente. Su robustez y versatilidad la convierten en una herramienta indispensable en el sector comercial.<\/p>\t\t\t\t\t\t\t\t<\/div>\n\t\t\t\t<\/div>\n\t\t\t\t\t<\/div>\n\t\t<\/div>\n\t\t\t\t\t<\/div>\n\t\t<\/section>\n\t\t\t\t<section class=\"elementor-section elementor-top-section elementor-element elementor-element-d942d70 elementor-section-boxed elementor-section-height-default elementor-section-height-default\" data-id=\"d942d70\" data-element_type=\"section\" data-e-type=\"section\">\n\t\t\t\t\t\t<div class=\"elementor-container elementor-column-gap-default\">\n\t\t\t\t\t<div class=\"elementor-column elementor-col-100 elementor-top-column elementor-element elementor-element-37ca196\" data-id=\"37ca196\" data-element_type=\"column\" data-e-type=\"column\">\n\t\t\t<div class=\"elementor-widget-wrap elementor-element-populated\">\n\t\t\t\t\t\t<div class=\"elementor-element elementor-element-2de4bd8 elementor-widget elementor-widget-heading\" data-id=\"2de4bd8\" data-element_type=\"widget\" data-e-type=\"widget\" data-widget_type=\"heading.default\">\n\t\t\t\t<div class=\"elementor-widget-container\">\n\t\t\t\t\t<h3 class=\"elementor-heading-title elementor-size-default\">Documentaci\u00f3n<\/h3>\t\t\t\t<\/div>\n\t\t\t\t<\/div>\n\t\t\t\t<div class=\"elementor-element elementor-element-168aea1 elementor-widget elementor-widget-eael-adv-accordion\" data-id=\"168aea1\" data-element_type=\"widget\" data-e-type=\"widget\" data-widget_type=\"eael-adv-accordion.default\">\n\t\t\t\t<div class=\"elementor-widget-container\">\n\t\t\t\t\t            <div class=\"eael-adv-accordion\" id=\"eael-adv-accordion-168aea1\" data-scroll-on-click=\"no\" data-scroll-speed=\"300\" data-accordion-id=\"168aea1\" data-accordion-type=\"accordion\" data-toogle-speed=\"300\">\n            <div class=\"eael-accordion-list\">\n\t\t\t\t\t<div id=\"documentos\" class=\"elementor-tab-title eael-accordion-header active-default\" tabindex=\"0\" data-tab=\"1\" aria-controls=\"elementor-tab-content-2361\"><span class=\"eael-advanced-accordion-icon-closed\"><i aria-hidden=\"true\" class=\"fa-accordion-icon far fa-file-pdf\"><\/i><\/span><span class=\"eael-advanced-accordion-icon-opened\"><i aria-hidden=\"true\" class=\"fa-accordion-icon fas fa-minus\"><\/i><\/span><span class=\"eael-accordion-tab-title\">Documentos<\/span><i aria-hidden=\"true\" class=\"fa-toggle fas fa-angle-right\"><\/i><\/div><div id=\"elementor-tab-content-2361\" class=\"eael-accordion-content clearfix active-default\" data-tab=\"1\" aria-labelledby=\"documentos\"><p><a href=\"https:\/\/biopesaje.com\/wp-content\/uploads\/2025\/03\/MANUALDEUSUARIOBALANZALIQUIDADORA.pdf\" target=\"_blank\" rel=\"noopener\"><img decoding=\"async\" class=\"wp-image-2526 alignnone\" src=\"https:\/\/biopesaje.com\/wp-content\/uploads\/2022\/02\/391px-PDF_file_icon.svg.png\" alt=\"\" width=\"30\" height=\"37\" srcset=\"https:\/\/biopesaje.com\/wp-content\/uploads\/2022\/02\/391px-PDF_file_icon.svg.png 391w, https:\/\/biopesaje.com\/wp-content\/uploads\/2022\/02\/391px-PDF_file_icon.svg-300x368.png 300w, https:\/\/biopesaje.com\/wp-content\/uploads\/2022\/02\/391px-PDF_file_icon.svg-244x300.png 244w, https:\/\/biopesaje.com\/wp-content\/uploads\/2022\/02\/391px-PDF_file_icon.svg-48x59.png 48w\" sizes=\"(max-width: 30px) 100vw, 30px\" \/> manual PCR-40-T<\/a><\/p><p class=\"product_title entry-title\"><a href=\"https:\/\/biopesaje.com\/wp-content\/uploads\/2025\/03\/FICHATECNICABALANZALIQUIDADORA.pdf\" target=\"_blank\" rel=\"noopener\"><img decoding=\"async\" class=\"wp-image-2526 alignnone\" src=\"https:\/\/biopesaje.com\/wp-content\/uploads\/2022\/02\/391px-PDF_file_icon.svg.png\" alt=\"\" width=\"30\" height=\"37\" srcset=\"https:\/\/biopesaje.com\/wp-content\/uploads\/2022\/02\/391px-PDF_file_icon.svg.png 391w, https:\/\/biopesaje.com\/wp-content\/uploads\/2022\/02\/391px-PDF_file_icon.svg-300x368.png 300w, https:\/\/biopesaje.com\/wp-content\/uploads\/2022\/02\/391px-PDF_file_icon.svg-244x300.png 244w, https:\/\/biopesaje.com\/wp-content\/uploads\/2022\/02\/391px-PDF_file_icon.svg-48x59.png 48w\" sizes=\"(max-width: 30px) 100vw, 30px\" \/>Catalogo PCR-40-T<\/a><\/p><\/div>\n\t\t\t\t\t<\/div><\/div>\t\t\t\t<\/div>\n\t\t\t\t<\/div>\n\t\t\t\t\t<\/div>\n\t\t<\/div>\n\t\t\t\t\t<\/div>\n\t\t<\/section>\n\t\t\t\t<\/div>\n\t\t","protected":false},"excerpt":{"rendered":"<p>&#8211; Versi\u00f3n Torre<br \/>\n&#8211; Capacidad: 40kg<br \/>\n&#8211; Divisi\u00f3n de escala multirango: 2g \/ 5g \/ 10g<br \/>\n&#8211; 100 memorias programables<br \/>\n&#8211; Tara m\u00e1xima: 10.000kg<br \/>\n&#8211; Bater\u00eda 100 horas<br \/>\n&#8211; Acumula productos no pesados<br \/>\n&#8211; Bandeja: 29.08cm x 35.6cm<br \/>\n&#8211; Display con luz de respaldo<br \/>\n&#8211; Voltaje: 127 Vca 60 Hz 3 W 0.2A<br \/>\n&#8211; Temperatura de operaci\u00f3n: -10 a 40\u00baC (14 a 104\u00baF)<br \/>\n&#8211; Temperatura de almacenaje: -20 a 50\u00baC (-4 a 122\u00baF)<br \/>\n&#8211; Funci\u00f3n de conteo<br \/>\n&#8211; Funci\u00f3n multiplicaci\u00f3n<br \/>\n&#8211; Conexi\u00f3n mediante puerto USB tipo B<br \/>\n&#8211; Cable corriente directa<br \/>\n&#8211; Tama\u00f1o y peso del equipo: 36&#215;43.5x34cm \/ 8.42Kg<br \/>\n&#8211; Tama\u00f1o y peso con empaque: 50x56x21cm \/ 8.9kg<\/p>\n","protected":false},"featured_media":7286,"template":"","meta":{"_uag_custom_page_level_css":"","_joinchat":[]},"product_brand":[],"product_cat":[32,40],"product_tag":[],"class_list":{"0":"post-7282","1":"product","2":"type-product","3":"status-publish","4":"has-post-thumbnail","6":"product_cat-balanzas-de-mesa","7":"product_cat-balanzas-comerciales-liquidadoras-de-precio","8":"thunk-woo-product-list","9":"opn-qv-enable","10":"top-store-woo-hover-none","11":"top-store-single-product-tab-horizontal","12":"top-store-shadow-","13":"top-store-shadow-hover-","15":"first","16":"instock","17":"taxable","18":"shipping-taxable","19":"product-type-simple"},"yoast_head":"<!-- This site is optimized with the Yoast SEO plugin v27.4 - https:\/\/yoast.com\/product\/yoast-seo-wordpress\/ -->\n<title>PCR-40-T - BIOPESAJE S.A.S.<\/title>\n<meta name=\"description\" content=\"Biopesaje S.A.S cuenta con la mejor selecci\u00f3n de equipos en categor\u00edas como pesaje, procesamiento y empaque de la industria alimenticia. PCR-40-T\" \/>\n<meta name=\"robots\" content=\"index, follow, max-snippet:-1, max-image-preview:large, max-video-preview:-1\" \/>\n<link rel=\"canonical\" href=\"https:\/\/biopesaje.com\/index.php\/product\/pcs-t\/\" \/>\n<meta property=\"og:locale\" content=\"es_ES\" \/>\n<meta property=\"og:type\" content=\"article\" \/>\n<meta property=\"og:title\" content=\"PCR-40-T - BIOPESAJE S.A.S.\" \/>\n<meta property=\"og:description\" content=\"Biopesaje S.A.S cuenta con la mejor selecci\u00f3n de equipos en categor\u00edas como pesaje, procesamiento y empaque de la industria alimenticia. PCR-40-T\" \/>\n<meta property=\"og:url\" content=\"https:\/\/biopesaje.com\/index.php\/product\/pcs-t\/\" \/>\n<meta property=\"og:site_name\" content=\"BIOPESAJE S.A.S.\" \/>\n<meta property=\"article:modified_time\" content=\"2025-03-14T17:09:21+00:00\" \/>\n<meta property=\"og:image\" content=\"https:\/\/biopesaje.com\/wp-content\/uploads\/2025\/03\/imagen_id_3080.jpg\" \/>\n\t<meta property=\"og:image:width\" content=\"1000\" \/>\n\t<meta property=\"og:image:height\" content=\"1000\" \/>\n\t<meta property=\"og:image:type\" content=\"image\/jpeg\" \/>\n<meta name=\"twitter:card\" content=\"summary_large_image\" \/>\n<meta name=\"twitter:label1\" content=\"Tiempo de lectura\" \/>\n\t<meta name=\"twitter:data1\" content=\"3 minutos\" \/>\n<script type=\"application\/ld+json\" class=\"yoast-schema-graph\">{\"@context\":\"https:\\\/\\\/schema.org\",\"@graph\":[{\"@type\":\"WebPage\",\"@id\":\"https:\\\/\\\/biopesaje.com\\\/index.php\\\/product\\\/pcs-t\\\/\",\"url\":\"https:\\\/\\\/biopesaje.com\\\/index.php\\\/product\\\/pcs-t\\\/\",\"name\":\"PCR-40-T - BIOPESAJE S.A.S.\",\"isPartOf\":{\"@id\":\"https:\\\/\\\/biopesaje.com\\\/#website\"},\"primaryImageOfPage\":{\"@id\":\"https:\\\/\\\/biopesaje.com\\\/index.php\\\/product\\\/pcs-t\\\/#primaryimage\"},\"image\":{\"@id\":\"https:\\\/\\\/biopesaje.com\\\/index.php\\\/product\\\/pcs-t\\\/#primaryimage\"},\"thumbnailUrl\":\"https:\\\/\\\/biopesaje.com\\\/wp-content\\\/uploads\\\/2025\\\/03\\\/imagen_id_3080.jpg\",\"datePublished\":\"2025-03-14T15:01:43+00:00\",\"dateModified\":\"2025-03-14T17:09:21+00:00\",\"description\":\"Biopesaje S.A.S cuenta con la mejor selecci\u00f3n de equipos en categor\u00edas como pesaje, procesamiento y empaque de la industria alimenticia. PCR-40-T\",\"breadcrumb\":{\"@id\":\"https:\\\/\\\/biopesaje.com\\\/index.php\\\/product\\\/pcs-t\\\/#breadcrumb\"},\"inLanguage\":\"es-CO\",\"potentialAction\":[{\"@type\":\"ReadAction\",\"target\":[\"https:\\\/\\\/biopesaje.com\\\/index.php\\\/product\\\/pcs-t\\\/\"]}]},{\"@type\":\"ImageObject\",\"inLanguage\":\"es-CO\",\"@id\":\"https:\\\/\\\/biopesaje.com\\\/index.php\\\/product\\\/pcs-t\\\/#primaryimage\",\"url\":\"https:\\\/\\\/biopesaje.com\\\/wp-content\\\/uploads\\\/2025\\\/03\\\/imagen_id_3080.jpg\",\"contentUrl\":\"https:\\\/\\\/biopesaje.com\\\/wp-content\\\/uploads\\\/2025\\\/03\\\/imagen_id_3080.jpg\",\"width\":1000,\"height\":1000,\"caption\":\"PCR-40-T\"},{\"@type\":\"BreadcrumbList\",\"@id\":\"https:\\\/\\\/biopesaje.com\\\/index.php\\\/product\\\/pcs-t\\\/#breadcrumb\",\"itemListElement\":[{\"@type\":\"ListItem\",\"position\":1,\"name\":\"Home\",\"item\":\"https:\\\/\\\/biopesaje.com\\\/\"},{\"@type\":\"ListItem\",\"position\":2,\"name\":\"Productos\",\"item\":\"https:\\\/\\\/biopesaje.com\\\/index.php\\\/tienda\\\/\"},{\"@type\":\"ListItem\",\"position\":3,\"name\":\"PCR-40-T\"}]},{\"@type\":\"WebSite\",\"@id\":\"https:\\\/\\\/biopesaje.com\\\/#website\",\"url\":\"https:\\\/\\\/biopesaje.com\\\/\",\"name\":\"BIOPESAJE S.A.S.\",\"description\":\"Ingenier\u00eda de pesaje, metrolog\u00eda y laboratorio.\",\"publisher\":{\"@id\":\"https:\\\/\\\/biopesaje.com\\\/#organization\"},\"potentialAction\":[{\"@type\":\"SearchAction\",\"target\":{\"@type\":\"EntryPoint\",\"urlTemplate\":\"https:\\\/\\\/biopesaje.com\\\/?s={search_term_string}\"},\"query-input\":{\"@type\":\"PropertyValueSpecification\",\"valueRequired\":true,\"valueName\":\"search_term_string\"}}],\"inLanguage\":\"es-CO\"},{\"@type\":\"Organization\",\"@id\":\"https:\\\/\\\/biopesaje.com\\\/#organization\",\"name\":\"BIOPESAJE S.A.S.\",\"url\":\"https:\\\/\\\/biopesaje.com\\\/\",\"logo\":{\"@type\":\"ImageObject\",\"inLanguage\":\"es-CO\",\"@id\":\"https:\\\/\\\/biopesaje.com\\\/#\\\/schema\\\/logo\\\/image\\\/\",\"url\":\"\",\"contentUrl\":\"\",\"caption\":\"BIOPESAJE S.A.S.\"},\"image\":{\"@id\":\"https:\\\/\\\/biopesaje.com\\\/#\\\/schema\\\/logo\\\/image\\\/\"}}]}<\/script>\n<!-- \/ Yoast SEO plugin. -->","yoast_head_json":{"title":"PCR-40-T - BIOPESAJE S.A.S.","description":"Biopesaje S.A.S cuenta con la mejor selecci\u00f3n de equipos en categor\u00edas como pesaje, procesamiento y empaque de la industria alimenticia. PCR-40-T","robots":{"index":"index","follow":"follow","max-snippet":"max-snippet:-1","max-image-preview":"max-image-preview:large","max-video-preview":"max-video-preview:-1"},"canonical":"https:\/\/biopesaje.com\/index.php\/product\/pcs-t\/","og_locale":"es_ES","og_type":"article","og_title":"PCR-40-T - BIOPESAJE S.A.S.","og_description":"Biopesaje S.A.S cuenta con la mejor selecci\u00f3n de equipos en categor\u00edas como pesaje, procesamiento y empaque de la industria alimenticia. PCR-40-T","og_url":"https:\/\/biopesaje.com\/index.php\/product\/pcs-t\/","og_site_name":"BIOPESAJE S.A.S.","article_modified_time":"2025-03-14T17:09:21+00:00","og_image":[{"width":1000,"height":1000,"url":"https:\/\/biopesaje.com\/wp-content\/uploads\/2025\/03\/imagen_id_3080.jpg","type":"image\/jpeg"}],"twitter_card":"summary_large_image","twitter_misc":{"Tiempo de lectura":"3 minutos"},"schema":{"@context":"https:\/\/schema.org","@graph":[{"@type":"WebPage","@id":"https:\/\/biopesaje.com\/index.php\/product\/pcs-t\/","url":"https:\/\/biopesaje.com\/index.php\/product\/pcs-t\/","name":"PCR-40-T - BIOPESAJE S.A.S.","isPartOf":{"@id":"https:\/\/biopesaje.com\/#website"},"primaryImageOfPage":{"@id":"https:\/\/biopesaje.com\/index.php\/product\/pcs-t\/#primaryimage"},"image":{"@id":"https:\/\/biopesaje.com\/index.php\/product\/pcs-t\/#primaryimage"},"thumbnailUrl":"https:\/\/biopesaje.com\/wp-content\/uploads\/2025\/03\/imagen_id_3080.jpg","datePublished":"2025-03-14T15:01:43+00:00","dateModified":"2025-03-14T17:09:21+00:00","description":"Biopesaje S.A.S cuenta con la mejor selecci\u00f3n de equipos en categor\u00edas como pesaje, procesamiento y empaque de la industria alimenticia. PCR-40-T","breadcrumb":{"@id":"https:\/\/biopesaje.com\/index.php\/product\/pcs-t\/#breadcrumb"},"inLanguage":"es-CO","potentialAction":[{"@type":"ReadAction","target":["https:\/\/biopesaje.com\/index.php\/product\/pcs-t\/"]}]},{"@type":"ImageObject","inLanguage":"es-CO","@id":"https:\/\/biopesaje.com\/index.php\/product\/pcs-t\/#primaryimage","url":"https:\/\/biopesaje.com\/wp-content\/uploads\/2025\/03\/imagen_id_3080.jpg","contentUrl":"https:\/\/biopesaje.com\/wp-content\/uploads\/2025\/03\/imagen_id_3080.jpg","width":1000,"height":1000,"caption":"PCR-40-T"},{"@type":"BreadcrumbList","@id":"https:\/\/biopesaje.com\/index.php\/product\/pcs-t\/#breadcrumb","itemListElement":[{"@type":"ListItem","position":1,"name":"Home","item":"https:\/\/biopesaje.com\/"},{"@type":"ListItem","position":2,"name":"Productos","item":"https:\/\/biopesaje.com\/index.php\/tienda\/"},{"@type":"ListItem","position":3,"name":"PCR-40-T"}]},{"@type":"WebSite","@id":"https:\/\/biopesaje.com\/#website","url":"https:\/\/biopesaje.com\/","name":"BIOPESAJE S.A.S.","description":"Ingenier\u00eda de pesaje, metrolog\u00eda y laboratorio.","publisher":{"@id":"https:\/\/biopesaje.com\/#organization"},"potentialAction":[{"@type":"SearchAction","target":{"@type":"EntryPoint","urlTemplate":"https:\/\/biopesaje.com\/?s={search_term_string}"},"query-input":{"@type":"PropertyValueSpecification","valueRequired":true,"valueName":"search_term_string"}}],"inLanguage":"es-CO"},{"@type":"Organization","@id":"https:\/\/biopesaje.com\/#organization","name":"BIOPESAJE S.A.S.","url":"https:\/\/biopesaje.com\/","logo":{"@type":"ImageObject","inLanguage":"es-CO","@id":"https:\/\/biopesaje.com\/#\/schema\/logo\/image\/","url":"","contentUrl":"","caption":"BIOPESAJE S.A.S."},"image":{"@id":"https:\/\/biopesaje.com\/#\/schema\/logo\/image\/"}}]}},"uagb_featured_image_src":{"full":["https:\/\/biopesaje.com\/wp-content\/uploads\/2025\/03\/imagen_id_3080.jpg",1000,1000,false],"thumbnail":["https:\/\/biopesaje.com\/wp-content\/uploads\/2025\/03\/imagen_id_3080-150x150.jpg",150,150,true],"medium":["https:\/\/biopesaje.com\/wp-content\/uploads\/2025\/03\/imagen_id_3080-300x300.jpg",300,300,true],"medium_large":["https:\/\/biopesaje.com\/wp-content\/uploads\/2025\/03\/imagen_id_3080-768x768.jpg",640,640,true],"large":["https:\/\/biopesaje.com\/wp-content\/uploads\/2025\/03\/imagen_id_3080.jpg",640,640,false],"1536x1536":["https:\/\/biopesaje.com\/wp-content\/uploads\/2025\/03\/imagen_id_3080.jpg",1000,1000,false],"2048x2048":["https:\/\/biopesaje.com\/wp-content\/uploads\/2025\/03\/imagen_id_3080.jpg",1000,1000,false],"woocommerce_thumbnail":["https:\/\/biopesaje.com\/wp-content\/uploads\/2025\/03\/imagen_id_3080-320x320.jpg",320,320,true],"woocommerce_single":["https:\/\/biopesaje.com\/wp-content\/uploads\/2025\/03\/imagen_id_3080.jpg",1000,1000,false],"woocommerce_gallery_thumbnail":["https:\/\/biopesaje.com\/wp-content\/uploads\/2025\/03\/imagen_id_3080-100x100.jpg",100,100,true],"thaps-thumb-img":["https:\/\/biopesaje.com\/wp-content\/uploads\/2025\/03\/imagen_id_3080-48x48.jpg",48,48,true],"taiowc-thumb-img":["https:\/\/biopesaje.com\/wp-content\/uploads\/2025\/03\/imagen_id_3080-48x48.jpg",48,48,true]},"uagb_author_info":{"display_name":"Diego Martinez","author_link":"https:\/\/biopesaje.com\/index.php\/author\/"},"uagb_comment_info":0,"uagb_excerpt":"- Versi\u00f3n Torre - Capacidad: 40kg - Divisi\u00f3n de escala multirango: 2g \/ 5g \/ 10g - 100 memorias programables - Tara m\u00e1xima: 10.000kg - Bater\u00eda 100 horas - Acumula productos no pesados - Bandeja: 29.08cm x 35.6cm - Display con luz de respaldo - Voltaje: 127 Vca 60 Hz 3 W 0.2A - Temperatura&hellip;","jetpack_sharing_enabled":true,"_links":{"self":[{"href":"https:\/\/biopesaje.com\/index.php\/wp-json\/wp\/v2\/product\/7282","targetHints":{"allow":["GET"]}}],"collection":[{"href":"https:\/\/biopesaje.com\/index.php\/wp-json\/wp\/v2\/product"}],"about":[{"href":"https:\/\/biopesaje.com\/index.php\/wp-json\/wp\/v2\/types\/product"}],"version-history":[{"count":7,"href":"https:\/\/biopesaje.com\/index.php\/wp-json\/wp\/v2\/product\/7282\/revisions"}],"predecessor-version":[{"id":7299,"href":"https:\/\/biopesaje.com\/index.php\/wp-json\/wp\/v2\/product\/7282\/revisions\/7299"}],"wp:featuredmedia":[{"embeddable":true,"href":"https:\/\/biopesaje.com\/index.php\/wp-json\/wp\/v2\/media\/7286"}],"wp:attachment":[{"href":"https:\/\/biopesaje.com\/index.php\/wp-json\/wp\/v2\/media?parent=7282"}],"wp:term":[{"taxonomy":"product_brand","embeddable":true,"href":"https:\/\/biopesaje.com\/index.php\/wp-json\/wp\/v2\/product_brand?post=7282"},{"taxonomy":"product_cat","embeddable":true,"href":"https:\/\/biopesaje.com\/index.php\/wp-json\/wp\/v2\/product_cat?post=7282"},{"taxonomy":"product_tag","embeddable":true,"href":"https:\/\/biopesaje.com\/index.php\/wp-json\/wp\/v2\/product_tag?post=7282"}],"curies":[{"name":"wp","href":"https:\/\/api.w.org\/{rel}","templated":true}]}}