{"id":7486,"date":"2025-03-19T14:24:39","date_gmt":"2025-03-19T14:24:39","guid":{"rendered":"https:\/\/biopesaje.com\/?post_type=product&#038;p=7486"},"modified":"2025-03-19T21:04:39","modified_gmt":"2025-03-19T21:04:39","slug":"gc-350","status":"publish","type":"product","link":"https:\/\/biopesaje.com\/index.php\/product\/gc-350\/","title":{"rendered":"TAJADORA OMEGA-GC 350"},"content":{"rendered":"\t\t<div data-elementor-type=\"wp-post\" data-elementor-id=\"7486\" class=\"elementor elementor-7486\" data-elementor-post-type=\"product\">\n\t\t\t\t\t\t<section class=\"elementor-section elementor-top-section elementor-element elementor-element-cac3e04 elementor-section-boxed elementor-section-height-default elementor-section-height-default\" data-id=\"cac3e04\" data-element_type=\"section\" data-e-type=\"section\">\n\t\t\t\t\t\t<div class=\"elementor-container elementor-column-gap-default\">\n\t\t\t\t\t<div class=\"elementor-column elementor-col-100 elementor-top-column elementor-element elementor-element-334fe27\" data-id=\"334fe27\" data-element_type=\"column\" data-e-type=\"column\">\n\t\t\t<div class=\"elementor-widget-wrap elementor-element-populated\">\n\t\t\t\t\t\t<div class=\"elementor-element elementor-element-b33c9ea elementor-widget elementor-widget-text-editor\" data-id=\"b33c9ea\" data-element_type=\"widget\" data-e-type=\"widget\" data-widget_type=\"text-editor.default\">\n\t\t\t\t<div class=\"elementor-widget-container\">\n\t\t\t\t\t\t\t\t\t<p>La tajadora<strong>\u00a0GC 300 y GC 350<\/strong> de <strong>\u00a0Omega <\/strong>\u00a0est\u00e1n dise\u00f1adas para ofrecer <strong>rendimiento, durabilidad y seguridad<\/strong> en entornos comerciales y de procesamiento de alimentos. Estas m\u00e1quinas son ideales para supermercados, tiendas de autoservicio, restaurantes y servicios de catering que requieren <strong>cortes precisos y uniformes<\/strong> en frutas y otros productos.<\/p><p>Fabricadas en <strong>aleaci\u00f3n de aluminio con tratamiento de oxidaci\u00f3n an\u00f3dica<\/strong>, las cortadoras GC 300 y GC 350 garantizan <strong>resistencia a la corrosi\u00f3n, facilidad de limpieza y una larga vida \u00fatil<\/strong>. Su construcci\u00f3n s\u00f3lida proporciona estabilidad durante la operaci\u00f3n, reduciendo las vibraciones y asegurando cortes uniformes en cada uso.<\/p><p>Incorporan un <strong>afilador integrado<\/strong>, lo que facilita el mantenimiento de las cuchillas y asegura cortes precisos sin necesidad de herramientas externas. Adem\u00e1s, cuentan con un <strong>carro montado sobre doble barra rectificada<\/strong>, que mejora la estabilidad y el control durante el proceso de corte.<strong>\u00a0<\/strong><\/p><p>El sistema de transmisi\u00f3n por <strong>correa Poly V<\/strong> proporciona un <strong>funcionamiento silencioso y eficiente<\/strong>, reduciendo el desgaste de los componentes internos. Asimismo, est\u00e1n equipadas con <strong>controles con dispositivo N.V.R.<\/strong>, los cuales previenen reinicios accidentales tras cortes de energ\u00eda, garantizando la seguridad del operador.<\/p><p>Estas cortadoras son ideales para negocios que buscan <strong>agilizar y optimizar el procesamiento de frutas<\/strong>, permitiendo <strong>cortes uniformes con rapidez y precisi\u00f3n<\/strong>. Su dise\u00f1o ergon\u00f3mico y seguro las hace una excelente opci\u00f3n para cualquier entorno donde se requiera <strong>eficiencia y calidad en el corte de alimentos<\/strong>.<\/p><p>Las <strong>cortadoras GC 300 y GC 350<\/strong> combinan <strong>dise\u00f1o robusto, eficiencia y seguridad<\/strong>, convirti\u00e9ndose en herramientas indispensables para el procesamiento profesional de frutas en el sector alimentario.<\/p><form action=\"https:\/\/www.javar.com.co\/shop\/cart\/update\" method=\"POST\"><div class=\"js_product js_main_product mb-3\"><div><div class=\"product_price mt-2 mb-3 d-inline-block\">\u00a0<\/div><\/div><\/div><\/form><form action=\"https:\/\/www.javar.com.co\/shop\/cart\/update\" method=\"POST\"><div class=\"js_product js_main_product mb-3\"><div><div class=\"product_price mt-2 mb-3 d-inline-block\">\u00a0<\/div><\/div><\/div><\/form>\t\t\t\t\t\t\t\t<\/div>\n\t\t\t\t<\/div>\n\t\t\t\t\t<\/div>\n\t\t<\/div>\n\t\t\t\t\t<\/div>\n\t\t<\/section>\n\t\t\t\t<section class=\"elementor-section elementor-top-section elementor-element elementor-element-449d4ae elementor-section-boxed elementor-section-height-default elementor-section-height-default\" data-id=\"449d4ae\" data-element_type=\"section\" data-e-type=\"section\">\n\t\t\t\t\t\t<div class=\"elementor-container elementor-column-gap-default\">\n\t\t\t\t\t<div class=\"elementor-column elementor-col-100 elementor-top-column elementor-element elementor-element-e63f4ed\" data-id=\"e63f4ed\" data-element_type=\"column\" data-e-type=\"column\">\n\t\t\t<div class=\"elementor-widget-wrap elementor-element-populated\">\n\t\t\t\t\t\t<div class=\"elementor-element elementor-element-79322bb elementor-widget elementor-widget-heading\" data-id=\"79322bb\" data-element_type=\"widget\" data-e-type=\"widget\" data-widget_type=\"heading.default\">\n\t\t\t\t<div class=\"elementor-widget-container\">\n\t\t\t\t\t<h3 class=\"elementor-heading-title elementor-size-default\">Documentaci\u00f3n<\/h3>\t\t\t\t<\/div>\n\t\t\t\t<\/div>\n\t\t\t\t<div class=\"elementor-element elementor-element-1cfcd30 elementor-widget elementor-widget-eael-adv-accordion\" data-id=\"1cfcd30\" data-element_type=\"widget\" data-e-type=\"widget\" data-widget_type=\"eael-adv-accordion.default\">\n\t\t\t\t<div class=\"elementor-widget-container\">\n\t\t\t\t\t            <div class=\"eael-adv-accordion\" id=\"eael-adv-accordion-1cfcd30\" data-scroll-on-click=\"no\" data-scroll-speed=\"300\" data-accordion-id=\"1cfcd30\" data-accordion-type=\"accordion\" data-toogle-speed=\"300\">\n            <div class=\"eael-accordion-list\">\n\t\t\t\t\t<div id=\"documentos\" class=\"elementor-tab-title eael-accordion-header active-default\" tabindex=\"0\" data-tab=\"1\" aria-controls=\"elementor-tab-content-3031\"><span class=\"eael-advanced-accordion-icon-closed\"><i aria-hidden=\"true\" class=\"fa-accordion-icon far fa-file-pdf\"><\/i><\/span><span class=\"eael-advanced-accordion-icon-opened\"><i aria-hidden=\"true\" class=\"fa-accordion-icon fas fa-minus\"><\/i><\/span><span class=\"eael-accordion-tab-title\">Documentos<\/span><i aria-hidden=\"true\" class=\"fa-toggle fas fa-angle-right\"><\/i><\/div><div id=\"elementor-tab-content-3031\" class=\"eael-accordion-content clearfix active-default\" data-tab=\"1\" aria-labelledby=\"documentos\"><p><a href=\"https:\/\/biopesaje.com\/wp-content\/uploads\/2025\/03\/GC-300-GC-350.pdf\" target=\"_blank\" rel=\"noopener\"><img decoding=\"async\" class=\"wp-image-2526 alignnone\" src=\"https:\/\/biopesaje.com\/wp-content\/uploads\/2022\/02\/391px-PDF_file_icon.svg.png\" alt=\"\" width=\"30\" height=\"37\" srcset=\"https:\/\/biopesaje.com\/wp-content\/uploads\/2022\/02\/391px-PDF_file_icon.svg.png 391w, https:\/\/biopesaje.com\/wp-content\/uploads\/2022\/02\/391px-PDF_file_icon.svg-300x368.png 300w, https:\/\/biopesaje.com\/wp-content\/uploads\/2022\/02\/391px-PDF_file_icon.svg-244x300.png 244w, https:\/\/biopesaje.com\/wp-content\/uploads\/2022\/02\/391px-PDF_file_icon.svg-48x59.png 48w\" sizes=\"(max-width: 30px) 100vw, 30px\" \/> Catalogo <strong>Omega<\/strong> <strong>GC 300 y GC 350<\/strong>\u00a0<\/a><\/p><\/div>\n\t\t\t\t\t<\/div><\/div>\t\t\t\t<\/div>\n\t\t\t\t<\/div>\n\t\t\t\t\t<\/div>\n\t\t<\/div>\n\t\t\t\t\t<\/div>\n\t\t<\/section>\n\t\t\t\t<\/div>\n\t\t","protected":false},"excerpt":{"rendered":"<p>La tajadora<strong>\u00a0GC 300 y GC 350<\/strong> <strong>Omega <\/strong>\u00a0est\u00e1n dise\u00f1adas para ofrecer precisi\u00f3n y durabilidad en entornos comerciales. Fabricadas en <strong>aleaci\u00f3n de aluminio con tratamiento de oxidaci\u00f3n an\u00f3dica<\/strong>, estas m\u00e1quinas garantizan resistencia y una larga vida \u00fatil. Incorporan un <strong>afilador integrado<\/strong> que facilita el mantenimiento de las cuchillas, asegurando cortes limpios y consistentes. La <strong>transmisi\u00f3n por correa Poly V<\/strong> proporciona un funcionamiento suave y eficiente. Equipadas con un <strong>carro sobre doble barra rectificada<\/strong>, ofrecen estabilidad y precisi\u00f3n durante el corte. Estas cortadoras son ideales para <strong>detallistas y servicios de catering<\/strong>, adapt\u00e1ndose a diversas necesidades de procesamiento de frutas. Adem\u00e1s, cuentan con <strong>controles con dispositivo N.V.R.<\/strong> que garantizan la seguridad operativa, evitando reinicios accidentales tras cortes de energ\u00eda.<\/p>\n","protected":false},"featured_media":7487,"template":"","meta":{"_uag_custom_page_level_css":"","_joinchat":[]},"product_brand":[],"product_cat":[22,98],"product_tag":[],"class_list":{"0":"post-7486","1":"product","2":"type-product","3":"status-publish","4":"has-post-thumbnail","6":"product_cat-alimentacion","7":"product_cat-tajadora-omega","8":"thunk-woo-product-list","9":"opn-qv-enable","10":"top-store-woo-hover-none","11":"top-store-single-product-tab-horizontal","12":"top-store-shadow-","13":"top-store-shadow-hover-","15":"first","16":"instock","17":"taxable","18":"shipping-taxable","19":"product-type-simple"},"yoast_head":"<!-- This site is optimized with the Yoast SEO plugin v27.4 - https:\/\/yoast.com\/product\/yoast-seo-wordpress\/ -->\n<title>TAJADORA OMEGA-GC 350 - BIOPESAJE S.A.S.<\/title>\n<meta name=\"description\" content=\"Biopesaje S.A.S cuenta con la mejor selecci\u00f3n de equipos en categor\u00edas como pesaje, procesamiento y empaque de la industria alimenticia. GC 350\" \/>\n<meta name=\"robots\" content=\"index, follow, max-snippet:-1, max-image-preview:large, max-video-preview:-1\" \/>\n<link rel=\"canonical\" href=\"https:\/\/biopesaje.com\/index.php\/product\/gc-350\/\" \/>\n<meta property=\"og:locale\" content=\"es_ES\" \/>\n<meta property=\"og:type\" content=\"article\" \/>\n<meta property=\"og:title\" content=\"TAJADORA OMEGA-GC 350 - BIOPESAJE S.A.S.\" \/>\n<meta property=\"og:description\" content=\"Biopesaje S.A.S cuenta con la mejor selecci\u00f3n de equipos en categor\u00edas como pesaje, procesamiento y empaque de la industria alimenticia. GC 350\" \/>\n<meta property=\"og:url\" content=\"https:\/\/biopesaje.com\/index.php\/product\/gc-350\/\" \/>\n<meta property=\"og:site_name\" content=\"BIOPESAJE S.A.S.\" \/>\n<meta property=\"article:modified_time\" content=\"2025-03-19T21:04:39+00:00\" \/>\n<meta property=\"og:image\" content=\"https:\/\/biopesaje.com\/wp-content\/uploads\/2025\/03\/Affettatrice_GC-300-GC-350.jpg\" \/>\n\t<meta property=\"og:image:width\" content=\"525\" \/>\n\t<meta property=\"og:image:height\" content=\"700\" \/>\n\t<meta property=\"og:image:type\" content=\"image\/jpeg\" \/>\n<meta name=\"twitter:card\" content=\"summary_large_image\" \/>\n<meta name=\"twitter:label1\" content=\"Tiempo de lectura\" \/>\n\t<meta name=\"twitter:data1\" content=\"2 minutos\" \/>\n<script type=\"application\/ld+json\" class=\"yoast-schema-graph\">{\"@context\":\"https:\\\/\\\/schema.org\",\"@graph\":[{\"@type\":\"WebPage\",\"@id\":\"https:\\\/\\\/biopesaje.com\\\/index.php\\\/product\\\/gc-350\\\/\",\"url\":\"https:\\\/\\\/biopesaje.com\\\/index.php\\\/product\\\/gc-350\\\/\",\"name\":\"TAJADORA OMEGA-GC 350 - BIOPESAJE S.A.S.\",\"isPartOf\":{\"@id\":\"https:\\\/\\\/biopesaje.com\\\/#website\"},\"primaryImageOfPage\":{\"@id\":\"https:\\\/\\\/biopesaje.com\\\/index.php\\\/product\\\/gc-350\\\/#primaryimage\"},\"image\":{\"@id\":\"https:\\\/\\\/biopesaje.com\\\/index.php\\\/product\\\/gc-350\\\/#primaryimage\"},\"thumbnailUrl\":\"https:\\\/\\\/biopesaje.com\\\/wp-content\\\/uploads\\\/2025\\\/03\\\/Affettatrice_GC-300-GC-350.jpg\",\"datePublished\":\"2025-03-19T14:24:39+00:00\",\"dateModified\":\"2025-03-19T21:04:39+00:00\",\"description\":\"Biopesaje S.A.S cuenta con la mejor selecci\u00f3n de equipos en categor\u00edas como pesaje, procesamiento y empaque de la industria alimenticia. GC 350\",\"breadcrumb\":{\"@id\":\"https:\\\/\\\/biopesaje.com\\\/index.php\\\/product\\\/gc-350\\\/#breadcrumb\"},\"inLanguage\":\"es-CO\",\"potentialAction\":[{\"@type\":\"ReadAction\",\"target\":[\"https:\\\/\\\/biopesaje.com\\\/index.php\\\/product\\\/gc-350\\\/\"]}]},{\"@type\":\"ImageObject\",\"inLanguage\":\"es-CO\",\"@id\":\"https:\\\/\\\/biopesaje.com\\\/index.php\\\/product\\\/gc-350\\\/#primaryimage\",\"url\":\"https:\\\/\\\/biopesaje.com\\\/wp-content\\\/uploads\\\/2025\\\/03\\\/Affettatrice_GC-300-GC-350.jpg\",\"contentUrl\":\"https:\\\/\\\/biopesaje.com\\\/wp-content\\\/uploads\\\/2025\\\/03\\\/Affettatrice_GC-300-GC-350.jpg\",\"width\":525,\"height\":700,\"caption\":\"GC 350\"},{\"@type\":\"BreadcrumbList\",\"@id\":\"https:\\\/\\\/biopesaje.com\\\/index.php\\\/product\\\/gc-350\\\/#breadcrumb\",\"itemListElement\":[{\"@type\":\"ListItem\",\"position\":1,\"name\":\"Home\",\"item\":\"https:\\\/\\\/biopesaje.com\\\/\"},{\"@type\":\"ListItem\",\"position\":2,\"name\":\"Productos\",\"item\":\"https:\\\/\\\/biopesaje.com\\\/index.php\\\/tienda\\\/\"},{\"@type\":\"ListItem\",\"position\":3,\"name\":\"TAJADORA OMEGA-GC 350\"}]},{\"@type\":\"WebSite\",\"@id\":\"https:\\\/\\\/biopesaje.com\\\/#website\",\"url\":\"https:\\\/\\\/biopesaje.com\\\/\",\"name\":\"BIOPESAJE S.A.S.\",\"description\":\"Ingenier\u00eda de pesaje, metrolog\u00eda y laboratorio.\",\"publisher\":{\"@id\":\"https:\\\/\\\/biopesaje.com\\\/#organization\"},\"potentialAction\":[{\"@type\":\"SearchAction\",\"target\":{\"@type\":\"EntryPoint\",\"urlTemplate\":\"https:\\\/\\\/biopesaje.com\\\/?s={search_term_string}\"},\"query-input\":{\"@type\":\"PropertyValueSpecification\",\"valueRequired\":true,\"valueName\":\"search_term_string\"}}],\"inLanguage\":\"es-CO\"},{\"@type\":\"Organization\",\"@id\":\"https:\\\/\\\/biopesaje.com\\\/#organization\",\"name\":\"BIOPESAJE S.A.S.\",\"url\":\"https:\\\/\\\/biopesaje.com\\\/\",\"logo\":{\"@type\":\"ImageObject\",\"inLanguage\":\"es-CO\",\"@id\":\"https:\\\/\\\/biopesaje.com\\\/#\\\/schema\\\/logo\\\/image\\\/\",\"url\":\"\",\"contentUrl\":\"\",\"caption\":\"BIOPESAJE S.A.S.\"},\"image\":{\"@id\":\"https:\\\/\\\/biopesaje.com\\\/#\\\/schema\\\/logo\\\/image\\\/\"}}]}<\/script>\n<!-- \/ Yoast SEO plugin. -->","yoast_head_json":{"title":"TAJADORA OMEGA-GC 350 - BIOPESAJE S.A.S.","description":"Biopesaje S.A.S cuenta con la mejor selecci\u00f3n de equipos en categor\u00edas como pesaje, procesamiento y empaque de la industria alimenticia. GC 350","robots":{"index":"index","follow":"follow","max-snippet":"max-snippet:-1","max-image-preview":"max-image-preview:large","max-video-preview":"max-video-preview:-1"},"canonical":"https:\/\/biopesaje.com\/index.php\/product\/gc-350\/","og_locale":"es_ES","og_type":"article","og_title":"TAJADORA OMEGA-GC 350 - BIOPESAJE S.A.S.","og_description":"Biopesaje S.A.S cuenta con la mejor selecci\u00f3n de equipos en categor\u00edas como pesaje, procesamiento y empaque de la industria alimenticia. GC 350","og_url":"https:\/\/biopesaje.com\/index.php\/product\/gc-350\/","og_site_name":"BIOPESAJE S.A.S.","article_modified_time":"2025-03-19T21:04:39+00:00","og_image":[{"width":525,"height":700,"url":"https:\/\/biopesaje.com\/wp-content\/uploads\/2025\/03\/Affettatrice_GC-300-GC-350.jpg","type":"image\/jpeg"}],"twitter_card":"summary_large_image","twitter_misc":{"Tiempo de lectura":"2 minutos"},"schema":{"@context":"https:\/\/schema.org","@graph":[{"@type":"WebPage","@id":"https:\/\/biopesaje.com\/index.php\/product\/gc-350\/","url":"https:\/\/biopesaje.com\/index.php\/product\/gc-350\/","name":"TAJADORA OMEGA-GC 350 - BIOPESAJE S.A.S.","isPartOf":{"@id":"https:\/\/biopesaje.com\/#website"},"primaryImageOfPage":{"@id":"https:\/\/biopesaje.com\/index.php\/product\/gc-350\/#primaryimage"},"image":{"@id":"https:\/\/biopesaje.com\/index.php\/product\/gc-350\/#primaryimage"},"thumbnailUrl":"https:\/\/biopesaje.com\/wp-content\/uploads\/2025\/03\/Affettatrice_GC-300-GC-350.jpg","datePublished":"2025-03-19T14:24:39+00:00","dateModified":"2025-03-19T21:04:39+00:00","description":"Biopesaje S.A.S cuenta con la mejor selecci\u00f3n de equipos en categor\u00edas como pesaje, procesamiento y empaque de la industria alimenticia. GC 350","breadcrumb":{"@id":"https:\/\/biopesaje.com\/index.php\/product\/gc-350\/#breadcrumb"},"inLanguage":"es-CO","potentialAction":[{"@type":"ReadAction","target":["https:\/\/biopesaje.com\/index.php\/product\/gc-350\/"]}]},{"@type":"ImageObject","inLanguage":"es-CO","@id":"https:\/\/biopesaje.com\/index.php\/product\/gc-350\/#primaryimage","url":"https:\/\/biopesaje.com\/wp-content\/uploads\/2025\/03\/Affettatrice_GC-300-GC-350.jpg","contentUrl":"https:\/\/biopesaje.com\/wp-content\/uploads\/2025\/03\/Affettatrice_GC-300-GC-350.jpg","width":525,"height":700,"caption":"GC 350"},{"@type":"BreadcrumbList","@id":"https:\/\/biopesaje.com\/index.php\/product\/gc-350\/#breadcrumb","itemListElement":[{"@type":"ListItem","position":1,"name":"Home","item":"https:\/\/biopesaje.com\/"},{"@type":"ListItem","position":2,"name":"Productos","item":"https:\/\/biopesaje.com\/index.php\/tienda\/"},{"@type":"ListItem","position":3,"name":"TAJADORA OMEGA-GC 350"}]},{"@type":"WebSite","@id":"https:\/\/biopesaje.com\/#website","url":"https:\/\/biopesaje.com\/","name":"BIOPESAJE S.A.S.","description":"Ingenier\u00eda de pesaje, metrolog\u00eda y laboratorio.","publisher":{"@id":"https:\/\/biopesaje.com\/#organization"},"potentialAction":[{"@type":"SearchAction","target":{"@type":"EntryPoint","urlTemplate":"https:\/\/biopesaje.com\/?s={search_term_string}"},"query-input":{"@type":"PropertyValueSpecification","valueRequired":true,"valueName":"search_term_string"}}],"inLanguage":"es-CO"},{"@type":"Organization","@id":"https:\/\/biopesaje.com\/#organization","name":"BIOPESAJE S.A.S.","url":"https:\/\/biopesaje.com\/","logo":{"@type":"ImageObject","inLanguage":"es-CO","@id":"https:\/\/biopesaje.com\/#\/schema\/logo\/image\/","url":"","contentUrl":"","caption":"BIOPESAJE S.A.S."},"image":{"@id":"https:\/\/biopesaje.com\/#\/schema\/logo\/image\/"}}]}},"uagb_featured_image_src":{"full":["https:\/\/biopesaje.com\/wp-content\/uploads\/2025\/03\/Affettatrice_GC-300-GC-350.jpg",525,700,false],"thumbnail":["https:\/\/biopesaje.com\/wp-content\/uploads\/2025\/03\/Affettatrice_GC-300-GC-350-150x150.jpg",150,150,true],"medium":["https:\/\/biopesaje.com\/wp-content\/uploads\/2025\/03\/Affettatrice_GC-300-GC-350-225x300.jpg",225,300,true],"medium_large":["https:\/\/biopesaje.com\/wp-content\/uploads\/2025\/03\/Affettatrice_GC-300-GC-350.jpg",525,700,false],"large":["https:\/\/biopesaje.com\/wp-content\/uploads\/2025\/03\/Affettatrice_GC-300-GC-350.jpg",525,700,false],"1536x1536":["https:\/\/biopesaje.com\/wp-content\/uploads\/2025\/03\/Affettatrice_GC-300-GC-350.jpg",525,700,false],"2048x2048":["https:\/\/biopesaje.com\/wp-content\/uploads\/2025\/03\/Affettatrice_GC-300-GC-350.jpg",525,700,false],"woocommerce_thumbnail":["https:\/\/biopesaje.com\/wp-content\/uploads\/2025\/03\/Affettatrice_GC-300-GC-350-320x320.jpg",320,320,true],"woocommerce_single":["https:\/\/biopesaje.com\/wp-content\/uploads\/2025\/03\/Affettatrice_GC-300-GC-350.jpg",525,700,false],"woocommerce_gallery_thumbnail":["https:\/\/biopesaje.com\/wp-content\/uploads\/2025\/03\/Affettatrice_GC-300-GC-350-100x100.jpg",100,100,true],"thaps-thumb-img":["https:\/\/biopesaje.com\/wp-content\/uploads\/2025\/03\/Affettatrice_GC-300-GC-350-48x64.jpg",48,64,true],"taiowc-thumb-img":["https:\/\/biopesaje.com\/wp-content\/uploads\/2025\/03\/Affettatrice_GC-300-GC-350-48x64.jpg",48,64,true]},"uagb_author_info":{"display_name":"Diego Martinez","author_link":"https:\/\/biopesaje.com\/index.php\/author\/"},"uagb_comment_info":0,"uagb_excerpt":"La tajadora\u00a0GC 300 y GC 350 Omega \u00a0est\u00e1n dise\u00f1adas para ofrecer precisi\u00f3n y durabilidad en entornos comerciales. Fabricadas en aleaci\u00f3n de aluminio con tratamiento de oxidaci\u00f3n an\u00f3dica, estas m\u00e1quinas garantizan resistencia y una larga vida \u00fatil. Incorporan un afilador integrado que facilita el mantenimiento de las cuchillas, asegurando cortes limpios y consistentes. La transmisi\u00f3n por&hellip;","jetpack_sharing_enabled":true,"_links":{"self":[{"href":"https:\/\/biopesaje.com\/index.php\/wp-json\/wp\/v2\/product\/7486","targetHints":{"allow":["GET"]}}],"collection":[{"href":"https:\/\/biopesaje.com\/index.php\/wp-json\/wp\/v2\/product"}],"about":[{"href":"https:\/\/biopesaje.com\/index.php\/wp-json\/wp\/v2\/types\/product"}],"version-history":[{"count":7,"href":"https:\/\/biopesaje.com\/index.php\/wp-json\/wp\/v2\/product\/7486\/revisions"}],"predecessor-version":[{"id":7496,"href":"https:\/\/biopesaje.com\/index.php\/wp-json\/wp\/v2\/product\/7486\/revisions\/7496"}],"wp:featuredmedia":[{"embeddable":true,"href":"https:\/\/biopesaje.com\/index.php\/wp-json\/wp\/v2\/media\/7487"}],"wp:attachment":[{"href":"https:\/\/biopesaje.com\/index.php\/wp-json\/wp\/v2\/media?parent=7486"}],"wp:term":[{"taxonomy":"product_brand","embeddable":true,"href":"https:\/\/biopesaje.com\/index.php\/wp-json\/wp\/v2\/product_brand?post=7486"},{"taxonomy":"product_cat","embeddable":true,"href":"https:\/\/biopesaje.com\/index.php\/wp-json\/wp\/v2\/product_cat?post=7486"},{"taxonomy":"product_tag","embeddable":true,"href":"https:\/\/biopesaje.com\/index.php\/wp-json\/wp\/v2\/product_tag?post=7486"}],"curies":[{"name":"wp","href":"https:\/\/api.w.org\/{rel}","templated":true}]}}