{"id":7688,"date":"2025-03-27T21:13:17","date_gmt":"2025-03-27T21:13:17","guid":{"rendered":"https:\/\/biopesaje.com\/?post_type=product&#038;p=7688"},"modified":"2025-03-27T21:39:49","modified_gmt":"2025-03-27T21:39:49","slug":"despresadora-de-pollo-torrey-cp-20","status":"publish","type":"product","link":"https:\/\/biopesaje.com\/index.php\/product\/despresadora-de-pollo-torrey-cp-20\/","title":{"rendered":"DESPRESADORA DE POLLO TORREY-CP-20"},"content":{"rendered":"\t\t<div data-elementor-type=\"wp-post\" data-elementor-id=\"7688\" class=\"elementor elementor-7688\" data-elementor-post-type=\"product\">\n\t\t\t\t\t\t<section class=\"elementor-section elementor-top-section elementor-element elementor-element-5bd5cd50 elementor-section-boxed elementor-section-height-default elementor-section-height-default\" data-id=\"5bd5cd50\" data-element_type=\"section\" data-e-type=\"section\">\n\t\t\t\t\t\t<div class=\"elementor-container elementor-column-gap-default\">\n\t\t\t\t\t<div class=\"elementor-column elementor-col-100 elementor-top-column elementor-element elementor-element-5c718e4d\" data-id=\"5c718e4d\" data-element_type=\"column\" data-e-type=\"column\">\n\t\t\t<div class=\"elementor-widget-wrap elementor-element-populated\">\n\t\t\t\t\t\t<div class=\"elementor-element elementor-element-450ad1ec elementor-widget elementor-widget-text-editor\" data-id=\"450ad1ec\" data-element_type=\"widget\" data-e-type=\"widget\" data-widget_type=\"text-editor.default\">\n\t\t\t\t<div class=\"elementor-widget-container\">\n\t\t\t\t\t\t\t\t\t<section><div><h1><strong>Descripci\u00f3n de equipo cp-20 \u2013 Biopesaje<\/strong><\/h1><h5><strong>Vis\u00edtanos en: Instagram: @biopesaje \/ Facebook: Biopesaje S.A.S<\/strong><\/h5><p><span style=\"color: #404040; font-family: DeepSeek-CJK-patch, Inter, system-ui, -apple-system, BlinkMacSystemFont, 'Segoe UI', Roboto, 'Noto Sans', Ubuntu, Cantarell, 'Helvetica Neue', Oxygen, 'Open Sans', sans-serif; font-size: 16.002px; font-style: normal; font-weight: 400; letter-spacing: normal;\">La cortadora de pollo CP-20 es un equipo industrial de alto rendimiento dise\u00f1ado para el procesamiento eficiente y seguro de aves, ideal para carnicer\u00edas, restaurantes y plantas procesadoras. Fabricada con los m\u00e1s altos est\u00e1ndares de calidad, cuenta con una cuchilla profesional de acero al cromo que garantiza cortes precisos y una vida \u00fatil prolongada, complementada por una gu\u00eda de corte en acero inoxidable que asegura uniformidad en cada pieza. Su dise\u00f1o robusto incluye un sistema de seguridad interlock que detiene autom\u00e1ticamente el motor al levantar la protecci\u00f3n de la cuchilla, brindando m\u00e1xima protecci\u00f3n al operador. El motor de \u00bd HP (373 watts) ofrece potencia suficiente para trabajo continuo, con versatilidad de voltaje (115V\/220V) y frecuencias ajustables (50Hz\/60Hz), aunque la opci\u00f3n de 50Hz no est\u00e1 disponible para M\u00e9xico. Construida principalmente en acero inoxidable y aluminio, la CP-20 facilita una limpieza r\u00e1pida y exhaustiva, cumpliendo con normativas de higiene alimentaria como HACCP y certificaciones internacionales (NOM-003 e Intertek). Con un peso neto de 23 kg (25 kg con empaque), su dise\u00f1o compacto y ligero la hace f\u00e1cil de transportar e instalar en diferentes entornos laborales. Adem\u00e1s, su estructura ergon\u00f3mica y componentes duraderos la convierten en una inversi\u00f3n confiable para negocios que requieren eficiencia y seguridad en el procesamiento de pollo. Ideal para supermercados, cocinas industriales y plantas de producci\u00f3n, esta cortadora combina tecnolog\u00eda avanzada con facilidad de mantenimiento, asegurando un rendimiento \u00f3ptimo en condiciones de uso intensivo. Incluye manual de usuario detallado y est\u00e1 respaldada por el servicio t\u00e9cnico de BIOPESAJE SAS, garantizando soporte postventa y disponibilidad de repuestos originales. La CP-20 es la soluci\u00f3n profesional para quienes buscan calidad, precisi\u00f3n y cumplimiento normativo en el corte de aves, optimizando tiempos de producci\u00f3n y manteniendo los m\u00e1s altos est\u00e1ndares de higiene y seguridad alimentaria.<\/span><\/p><h5><strong>Para mayor informaci\u00f3n y consulta de diferentes temas de inter\u00e9s te puedes dirigir a:\u00a0\u00a0<a href=\"https:\/\/www.minsalud.gov.co\/sites\/rid\/Lists\/BibliotecaDigital\/RIDE\/DE\/DIJ\/resolucion-4142-de-2012.pdf\">Resoluci\u00f3n 41 42 de 2012<\/a><\/strong><\/h5><\/div><\/section>\t\t\t\t\t\t\t\t<\/div>\n\t\t\t\t<\/div>\n\t\t\t\t\t<\/div>\n\t\t<\/div>\n\t\t\t\t\t<\/div>\n\t\t<\/section>\n\t\t\t\t<section class=\"elementor-section elementor-top-section elementor-element elementor-element-141e5d4 elementor-section-boxed elementor-section-height-default elementor-section-height-default\" data-id=\"141e5d4\" data-element_type=\"section\" data-e-type=\"section\">\n\t\t\t\t\t\t<div class=\"elementor-container elementor-column-gap-default\">\n\t\t\t\t\t<div class=\"elementor-column elementor-col-100 elementor-top-column elementor-element elementor-element-9ed7bb7\" data-id=\"9ed7bb7\" data-element_type=\"column\" data-e-type=\"column\">\n\t\t\t<div class=\"elementor-widget-wrap elementor-element-populated\">\n\t\t\t\t\t\t<div class=\"elementor-element elementor-element-d89946a elementor-widget elementor-widget-heading\" data-id=\"d89946a\" data-element_type=\"widget\" data-e-type=\"widget\" data-widget_type=\"heading.default\">\n\t\t\t\t<div class=\"elementor-widget-container\">\n\t\t\t\t\t<h3 class=\"elementor-heading-title elementor-size-default\">Documentaci\u00f3n<\/h3>\t\t\t\t<\/div>\n\t\t\t\t<\/div>\n\t\t\t\t<div class=\"elementor-element elementor-element-a53f83c elementor-widget elementor-widget-eael-adv-accordion\" data-id=\"a53f83c\" data-element_type=\"widget\" data-e-type=\"widget\" data-widget_type=\"eael-adv-accordion.default\">\n\t\t\t\t<div class=\"elementor-widget-container\">\n\t\t\t\t\t            <div class=\"eael-adv-accordion\" id=\"eael-adv-accordion-a53f83c\" data-scroll-on-click=\"no\" data-scroll-speed=\"300\" data-accordion-id=\"a53f83c\" data-accordion-type=\"accordion\" data-toogle-speed=\"300\">\n            <div class=\"eael-accordion-list\">\n\t\t\t\t\t<div id=\"documentos\" class=\"elementor-tab-title eael-accordion-header\" tabindex=\"0\" data-tab=\"1\" aria-controls=\"elementor-tab-content-1731\"><span class=\"eael-advanced-accordion-icon-closed\"><i aria-hidden=\"true\" class=\"fa-accordion-icon far fa-file-pdf\"><\/i><\/span><span class=\"eael-advanced-accordion-icon-opened\"><i aria-hidden=\"true\" class=\"fa-accordion-icon fas fa-minus\"><\/i><\/span><span class=\"eael-accordion-tab-title\">Documentos<\/span><i aria-hidden=\"true\" class=\"fa-toggle fas fa-angle-right\"><\/i><\/div><div id=\"elementor-tab-content-1731\" class=\"eael-accordion-content clearfix\" data-tab=\"1\" aria-labelledby=\"documentos\"><p>\u00a0<\/p><p><a href=\"https:\/\/biopesaje.com\/wp-content\/uploads\/2025\/03\/DESPRESADORADEPOLLOTORREY-CP-20.pdf\" target=\"_blank\" rel=\"noopener\"><img decoding=\"async\" class=\"wp-image-2526 alignnone\" src=\"https:\/\/biopesaje.com\/wp-content\/uploads\/2022\/02\/391px-PDF_file_icon.svg.png\" alt=\"\" width=\"30\" height=\"37\" srcset=\"https:\/\/biopesaje.com\/wp-content\/uploads\/2022\/02\/391px-PDF_file_icon.svg.png 391w, https:\/\/biopesaje.com\/wp-content\/uploads\/2022\/02\/391px-PDF_file_icon.svg-300x368.png 300w, https:\/\/biopesaje.com\/wp-content\/uploads\/2022\/02\/391px-PDF_file_icon.svg-244x300.png 244w, https:\/\/biopesaje.com\/wp-content\/uploads\/2022\/02\/391px-PDF_file_icon.svg-48x59.png 48w\" sizes=\"(max-width: 30px) 100vw, 30px\" \/> CATALOGODESPRESADORA DE POLLO TORREY-CP-20<\/a><\/p><div class=\"woocommerce-notices-wrapper\">\u00a0<\/div><div id=\"product-7688\" class=\"thunk-woo-product-list opn-qv-enable top-store-woo-hover-none top-store-single-product-tab-horizontal top-store-shadow- top-store-shadow-hover- product type-product post-7688 status-publish first instock product_cat-embutidoras has-post-thumbnail taxable shipping-taxable product-type-simple\"><div class=\"thunk-single-product-summary-wrap\"><div class=\"woocommerce-product-gallery woocommerce-product-gallery--with-images woocommerce-product-gallery--columns-4 images\">\u00a0<\/div><\/div><\/div><p><a href=\"https:\/\/biopesaje.com\/wp-content\/uploads\/2025\/03\/Manual-de-usuario-OMEGA-VINS-32.pdf\" target=\"_blank\" rel=\"noopener\">\u00a0<\/a><\/p><\/div>\n\t\t\t\t\t<\/div><\/div>\t\t\t\t<\/div>\n\t\t\t\t<\/div>\n\t\t\t\t\t<\/div>\n\t\t<\/div>\n\t\t\t\t\t<\/div>\n\t\t<\/section>\n\t\t\t\t<\/div>\n\t\t","protected":false},"excerpt":{"rendered":"<p>La cortadora de pollo CP-20 es un equipo profesional con cuchilla de acero al cromo y gu\u00eda en acero inoxidable para cortes precisos. Incluye seguridad interlock que detiene el motor al abrir la protecci\u00f3n. Motor \u00bd HP (373W) con doble voltaje (115V\/220V) para adaptabilidad. Fabricada en acero inoxidable y aluminio, cumple normas de higiene y es f\u00e1cil de limpiar. Peso ligero (23 kg) ideal para carnicer\u00edas, restaurantes y plantas procesadoras. Certificada bajo normativas internacionales, ofrece rendimiento seguro y eficiente en el procesamiento av\u00edcola. Perfecta para negocios que buscan calidad y productividad en el corte de aves.<\/p>\n","protected":false},"featured_media":7684,"template":"","meta":{"_uag_custom_page_level_css":"","_joinchat":[]},"product_brand":[],"product_cat":[22,161],"product_tag":[],"class_list":{"0":"post-7688","1":"product","2":"type-product","3":"status-publish","4":"has-post-thumbnail","6":"product_cat-alimentacion","7":"product_cat-despresadoras-de-pollo","8":"thunk-woo-product-list","9":"opn-qv-enable","10":"top-store-woo-hover-none","11":"top-store-single-product-tab-horizontal","12":"top-store-shadow-","13":"top-store-shadow-hover-","15":"first","16":"instock","17":"taxable","18":"shipping-taxable","19":"product-type-simple"},"yoast_head":"<!-- This site is optimized with the Yoast SEO plugin v27.3 - https:\/\/yoast.com\/product\/yoast-seo-wordpress\/ -->\n<title>CP-20 DESPRESADORA DE POLLO TORREY - BIOPESAJE S.A.S.<\/title>\n<meta name=\"description\" content=\"Biopesaje S.A.S cuenta con la mejor selecci\u00f3n de equipos en categor\u00edas como pesaje procesamiento y empaque de la industria alimenticia. CP-20\" \/>\n<meta name=\"robots\" content=\"index, follow, max-snippet:-1, max-image-preview:large, max-video-preview:-1\" \/>\n<link rel=\"canonical\" href=\"https:\/\/biopesaje.com\/index.php\/product\/despresadora-de-pollo-torrey-cp-20\/\" \/>\n<meta property=\"og:locale\" content=\"es_ES\" \/>\n<meta property=\"og:type\" content=\"article\" \/>\n<meta property=\"og:title\" content=\"CP-20 DESPRESADORA DE POLLO TORREY - BIOPESAJE S.A.S.\" \/>\n<meta property=\"og:description\" content=\"Biopesaje S.A.S cuenta con la mejor selecci\u00f3n de equipos en categor\u00edas como pesaje procesamiento y empaque de la industria alimenticia. CP-20\" \/>\n<meta property=\"og:url\" content=\"https:\/\/biopesaje.com\/index.php\/product\/despresadora-de-pollo-torrey-cp-20\/\" \/>\n<meta property=\"og:site_name\" content=\"BIOPESAJE S.A.S.\" \/>\n<meta property=\"article:modified_time\" content=\"2025-03-27T21:39:49+00:00\" \/>\n<meta property=\"og:image\" content=\"https:\/\/biopesaje.com\/wp-content\/uploads\/2025\/03\/DESPRESADORA-DE-POLLO-TORREY-CP-20-1.jpg\" \/>\n\t<meta property=\"og:image:width\" content=\"1000\" \/>\n\t<meta property=\"og:image:height\" content=\"1000\" \/>\n\t<meta property=\"og:image:type\" content=\"image\/jpeg\" \/>\n<meta name=\"twitter:card\" content=\"summary_large_image\" \/>\n<meta name=\"twitter:label1\" content=\"Tiempo de lectura\" \/>\n\t<meta name=\"twitter:data1\" content=\"2 minutos\" \/>\n<script type=\"application\/ld+json\" class=\"yoast-schema-graph\">{\"@context\":\"https:\\\/\\\/schema.org\",\"@graph\":[{\"@type\":\"WebPage\",\"@id\":\"https:\\\/\\\/biopesaje.com\\\/index.php\\\/product\\\/despresadora-de-pollo-torrey-cp-20\\\/\",\"url\":\"https:\\\/\\\/biopesaje.com\\\/index.php\\\/product\\\/despresadora-de-pollo-torrey-cp-20\\\/\",\"name\":\"CP-20 DESPRESADORA DE POLLO TORREY - BIOPESAJE S.A.S.\",\"isPartOf\":{\"@id\":\"https:\\\/\\\/biopesaje.com\\\/#website\"},\"primaryImageOfPage\":{\"@id\":\"https:\\\/\\\/biopesaje.com\\\/index.php\\\/product\\\/despresadora-de-pollo-torrey-cp-20\\\/#primaryimage\"},\"image\":{\"@id\":\"https:\\\/\\\/biopesaje.com\\\/index.php\\\/product\\\/despresadora-de-pollo-torrey-cp-20\\\/#primaryimage\"},\"thumbnailUrl\":\"https:\\\/\\\/biopesaje.com\\\/wp-content\\\/uploads\\\/2025\\\/03\\\/DESPRESADORA-DE-POLLO-TORREY-CP-20-1.jpg\",\"datePublished\":\"2025-03-27T21:13:17+00:00\",\"dateModified\":\"2025-03-27T21:39:49+00:00\",\"description\":\"Biopesaje S.A.S cuenta con la mejor selecci\u00f3n de equipos en categor\u00edas como pesaje procesamiento y empaque de la industria alimenticia. CP-20\",\"breadcrumb\":{\"@id\":\"https:\\\/\\\/biopesaje.com\\\/index.php\\\/product\\\/despresadora-de-pollo-torrey-cp-20\\\/#breadcrumb\"},\"inLanguage\":\"es-CO\",\"potentialAction\":[{\"@type\":\"ReadAction\",\"target\":[\"https:\\\/\\\/biopesaje.com\\\/index.php\\\/product\\\/despresadora-de-pollo-torrey-cp-20\\\/\"]}]},{\"@type\":\"ImageObject\",\"inLanguage\":\"es-CO\",\"@id\":\"https:\\\/\\\/biopesaje.com\\\/index.php\\\/product\\\/despresadora-de-pollo-torrey-cp-20\\\/#primaryimage\",\"url\":\"https:\\\/\\\/biopesaje.com\\\/wp-content\\\/uploads\\\/2025\\\/03\\\/DESPRESADORA-DE-POLLO-TORREY-CP-20-1.jpg\",\"contentUrl\":\"https:\\\/\\\/biopesaje.com\\\/wp-content\\\/uploads\\\/2025\\\/03\\\/DESPRESADORA-DE-POLLO-TORREY-CP-20-1.jpg\",\"width\":1000,\"height\":1000,\"caption\":\"CP-20\"},{\"@type\":\"BreadcrumbList\",\"@id\":\"https:\\\/\\\/biopesaje.com\\\/index.php\\\/product\\\/despresadora-de-pollo-torrey-cp-20\\\/#breadcrumb\",\"itemListElement\":[{\"@type\":\"ListItem\",\"position\":1,\"name\":\"Home\",\"item\":\"https:\\\/\\\/biopesaje.com\\\/\"},{\"@type\":\"ListItem\",\"position\":2,\"name\":\"Productos\",\"item\":\"https:\\\/\\\/biopesaje.com\\\/index.php\\\/tienda\\\/\"},{\"@type\":\"ListItem\",\"position\":3,\"name\":\"DESPRESADORA DE POLLO TORREY-CP-20\"}]},{\"@type\":\"WebSite\",\"@id\":\"https:\\\/\\\/biopesaje.com\\\/#website\",\"url\":\"https:\\\/\\\/biopesaje.com\\\/\",\"name\":\"BIOPESAJE S.A.S.\",\"description\":\"Ingenier\u00eda de pesaje, metrolog\u00eda y laboratorio.\",\"publisher\":{\"@id\":\"https:\\\/\\\/biopesaje.com\\\/#organization\"},\"potentialAction\":[{\"@type\":\"SearchAction\",\"target\":{\"@type\":\"EntryPoint\",\"urlTemplate\":\"https:\\\/\\\/biopesaje.com\\\/?s={search_term_string}\"},\"query-input\":{\"@type\":\"PropertyValueSpecification\",\"valueRequired\":true,\"valueName\":\"search_term_string\"}}],\"inLanguage\":\"es-CO\"},{\"@type\":\"Organization\",\"@id\":\"https:\\\/\\\/biopesaje.com\\\/#organization\",\"name\":\"BIOPESAJE S.A.S.\",\"url\":\"https:\\\/\\\/biopesaje.com\\\/\",\"logo\":{\"@type\":\"ImageObject\",\"inLanguage\":\"es-CO\",\"@id\":\"https:\\\/\\\/biopesaje.com\\\/#\\\/schema\\\/logo\\\/image\\\/\",\"url\":\"\",\"contentUrl\":\"\",\"caption\":\"BIOPESAJE S.A.S.\"},\"image\":{\"@id\":\"https:\\\/\\\/biopesaje.com\\\/#\\\/schema\\\/logo\\\/image\\\/\"}}]}<\/script>\n<!-- \/ Yoast SEO plugin. -->","yoast_head_json":{"title":"CP-20 DESPRESADORA DE POLLO TORREY - BIOPESAJE S.A.S.","description":"Biopesaje S.A.S cuenta con la mejor selecci\u00f3n de equipos en categor\u00edas como pesaje procesamiento y empaque de la industria alimenticia. CP-20","robots":{"index":"index","follow":"follow","max-snippet":"max-snippet:-1","max-image-preview":"max-image-preview:large","max-video-preview":"max-video-preview:-1"},"canonical":"https:\/\/biopesaje.com\/index.php\/product\/despresadora-de-pollo-torrey-cp-20\/","og_locale":"es_ES","og_type":"article","og_title":"CP-20 DESPRESADORA DE POLLO TORREY - BIOPESAJE S.A.S.","og_description":"Biopesaje S.A.S cuenta con la mejor selecci\u00f3n de equipos en categor\u00edas como pesaje procesamiento y empaque de la industria alimenticia. CP-20","og_url":"https:\/\/biopesaje.com\/index.php\/product\/despresadora-de-pollo-torrey-cp-20\/","og_site_name":"BIOPESAJE S.A.S.","article_modified_time":"2025-03-27T21:39:49+00:00","og_image":[{"width":1000,"height":1000,"url":"https:\/\/biopesaje.com\/wp-content\/uploads\/2025\/03\/DESPRESADORA-DE-POLLO-TORREY-CP-20-1.jpg","type":"image\/jpeg"}],"twitter_card":"summary_large_image","twitter_misc":{"Tiempo de lectura":"2 minutos"},"schema":{"@context":"https:\/\/schema.org","@graph":[{"@type":"WebPage","@id":"https:\/\/biopesaje.com\/index.php\/product\/despresadora-de-pollo-torrey-cp-20\/","url":"https:\/\/biopesaje.com\/index.php\/product\/despresadora-de-pollo-torrey-cp-20\/","name":"CP-20 DESPRESADORA DE POLLO TORREY - BIOPESAJE S.A.S.","isPartOf":{"@id":"https:\/\/biopesaje.com\/#website"},"primaryImageOfPage":{"@id":"https:\/\/biopesaje.com\/index.php\/product\/despresadora-de-pollo-torrey-cp-20\/#primaryimage"},"image":{"@id":"https:\/\/biopesaje.com\/index.php\/product\/despresadora-de-pollo-torrey-cp-20\/#primaryimage"},"thumbnailUrl":"https:\/\/biopesaje.com\/wp-content\/uploads\/2025\/03\/DESPRESADORA-DE-POLLO-TORREY-CP-20-1.jpg","datePublished":"2025-03-27T21:13:17+00:00","dateModified":"2025-03-27T21:39:49+00:00","description":"Biopesaje S.A.S cuenta con la mejor selecci\u00f3n de equipos en categor\u00edas como pesaje procesamiento y empaque de la industria alimenticia. CP-20","breadcrumb":{"@id":"https:\/\/biopesaje.com\/index.php\/product\/despresadora-de-pollo-torrey-cp-20\/#breadcrumb"},"inLanguage":"es-CO","potentialAction":[{"@type":"ReadAction","target":["https:\/\/biopesaje.com\/index.php\/product\/despresadora-de-pollo-torrey-cp-20\/"]}]},{"@type":"ImageObject","inLanguage":"es-CO","@id":"https:\/\/biopesaje.com\/index.php\/product\/despresadora-de-pollo-torrey-cp-20\/#primaryimage","url":"https:\/\/biopesaje.com\/wp-content\/uploads\/2025\/03\/DESPRESADORA-DE-POLLO-TORREY-CP-20-1.jpg","contentUrl":"https:\/\/biopesaje.com\/wp-content\/uploads\/2025\/03\/DESPRESADORA-DE-POLLO-TORREY-CP-20-1.jpg","width":1000,"height":1000,"caption":"CP-20"},{"@type":"BreadcrumbList","@id":"https:\/\/biopesaje.com\/index.php\/product\/despresadora-de-pollo-torrey-cp-20\/#breadcrumb","itemListElement":[{"@type":"ListItem","position":1,"name":"Home","item":"https:\/\/biopesaje.com\/"},{"@type":"ListItem","position":2,"name":"Productos","item":"https:\/\/biopesaje.com\/index.php\/tienda\/"},{"@type":"ListItem","position":3,"name":"DESPRESADORA DE POLLO TORREY-CP-20"}]},{"@type":"WebSite","@id":"https:\/\/biopesaje.com\/#website","url":"https:\/\/biopesaje.com\/","name":"BIOPESAJE S.A.S.","description":"Ingenier\u00eda de pesaje, metrolog\u00eda y laboratorio.","publisher":{"@id":"https:\/\/biopesaje.com\/#organization"},"potentialAction":[{"@type":"SearchAction","target":{"@type":"EntryPoint","urlTemplate":"https:\/\/biopesaje.com\/?s={search_term_string}"},"query-input":{"@type":"PropertyValueSpecification","valueRequired":true,"valueName":"search_term_string"}}],"inLanguage":"es-CO"},{"@type":"Organization","@id":"https:\/\/biopesaje.com\/#organization","name":"BIOPESAJE S.A.S.","url":"https:\/\/biopesaje.com\/","logo":{"@type":"ImageObject","inLanguage":"es-CO","@id":"https:\/\/biopesaje.com\/#\/schema\/logo\/image\/","url":"","contentUrl":"","caption":"BIOPESAJE S.A.S."},"image":{"@id":"https:\/\/biopesaje.com\/#\/schema\/logo\/image\/"}}]}},"uagb_featured_image_src":{"full":["https:\/\/biopesaje.com\/wp-content\/uploads\/2025\/03\/DESPRESADORA-DE-POLLO-TORREY-CP-20-1.jpg",1000,1000,false],"thumbnail":["https:\/\/biopesaje.com\/wp-content\/uploads\/2025\/03\/DESPRESADORA-DE-POLLO-TORREY-CP-20-1-150x150.jpg",150,150,true],"medium":["https:\/\/biopesaje.com\/wp-content\/uploads\/2025\/03\/DESPRESADORA-DE-POLLO-TORREY-CP-20-1-300x300.jpg",300,300,true],"medium_large":["https:\/\/biopesaje.com\/wp-content\/uploads\/2025\/03\/DESPRESADORA-DE-POLLO-TORREY-CP-20-1-768x768.jpg",640,640,true],"large":["https:\/\/biopesaje.com\/wp-content\/uploads\/2025\/03\/DESPRESADORA-DE-POLLO-TORREY-CP-20-1.jpg",640,640,false],"1536x1536":["https:\/\/biopesaje.com\/wp-content\/uploads\/2025\/03\/DESPRESADORA-DE-POLLO-TORREY-CP-20-1.jpg",1000,1000,false],"2048x2048":["https:\/\/biopesaje.com\/wp-content\/uploads\/2025\/03\/DESPRESADORA-DE-POLLO-TORREY-CP-20-1.jpg",1000,1000,false],"woocommerce_thumbnail":["https:\/\/biopesaje.com\/wp-content\/uploads\/2025\/03\/DESPRESADORA-DE-POLLO-TORREY-CP-20-1-320x320.jpg",320,320,true],"woocommerce_single":["https:\/\/biopesaje.com\/wp-content\/uploads\/2025\/03\/DESPRESADORA-DE-POLLO-TORREY-CP-20-1.jpg",1000,1000,false],"woocommerce_gallery_thumbnail":["https:\/\/biopesaje.com\/wp-content\/uploads\/2025\/03\/DESPRESADORA-DE-POLLO-TORREY-CP-20-1-100x100.jpg",100,100,true],"thaps-thumb-img":["https:\/\/biopesaje.com\/wp-content\/uploads\/2025\/03\/DESPRESADORA-DE-POLLO-TORREY-CP-20-1-48x48.jpg",48,48,true],"taiowc-thumb-img":["https:\/\/biopesaje.com\/wp-content\/uploads\/2025\/03\/DESPRESADORA-DE-POLLO-TORREY-CP-20-1-48x48.jpg",48,48,true]},"uagb_author_info":{"display_name":"Diego Martinez","author_link":"https:\/\/biopesaje.com\/index.php\/author\/"},"uagb_comment_info":0,"uagb_excerpt":"La cortadora de pollo CP-20 es un equipo profesional con cuchilla de acero al cromo y gu\u00eda en acero inoxidable para cortes precisos. Incluye seguridad interlock que detiene el motor al abrir la protecci\u00f3n. Motor \u00bd HP (373W) con doble voltaje (115V\/220V) para adaptabilidad. Fabricada en acero inoxidable y aluminio, cumple normas de higiene y&hellip;","jetpack_sharing_enabled":true,"_links":{"self":[{"href":"https:\/\/biopesaje.com\/index.php\/wp-json\/wp\/v2\/product\/7688","targetHints":{"allow":["GET"]}}],"collection":[{"href":"https:\/\/biopesaje.com\/index.php\/wp-json\/wp\/v2\/product"}],"about":[{"href":"https:\/\/biopesaje.com\/index.php\/wp-json\/wp\/v2\/types\/product"}],"version-history":[{"count":6,"href":"https:\/\/biopesaje.com\/index.php\/wp-json\/wp\/v2\/product\/7688\/revisions"}],"predecessor-version":[{"id":7696,"href":"https:\/\/biopesaje.com\/index.php\/wp-json\/wp\/v2\/product\/7688\/revisions\/7696"}],"wp:featuredmedia":[{"embeddable":true,"href":"https:\/\/biopesaje.com\/index.php\/wp-json\/wp\/v2\/media\/7684"}],"wp:attachment":[{"href":"https:\/\/biopesaje.com\/index.php\/wp-json\/wp\/v2\/media?parent=7688"}],"wp:term":[{"taxonomy":"product_brand","embeddable":true,"href":"https:\/\/biopesaje.com\/index.php\/wp-json\/wp\/v2\/product_brand?post=7688"},{"taxonomy":"product_cat","embeddable":true,"href":"https:\/\/biopesaje.com\/index.php\/wp-json\/wp\/v2\/product_cat?post=7688"},{"taxonomy":"product_tag","embeddable":true,"href":"https:\/\/biopesaje.com\/index.php\/wp-json\/wp\/v2\/product_tag?post=7688"}],"curies":[{"name":"wp","href":"https:\/\/api.w.org\/{rel}","templated":true}]}}