{"id":7726,"date":"2025-03-31T17:08:47","date_gmt":"2025-03-31T17:08:47","guid":{"rendered":"https:\/\/biopesaje.com\/?post_type=product&#038;p=7726"},"modified":"2025-09-15T22:17:04","modified_gmt":"2025-09-15T22:17:04","slug":"etiquetadoras-manuales-tactiles-lp-5000","status":"publish","type":"product","link":"https:\/\/biopesaje.com\/index.php\/product\/etiquetadoras-manuales-tactiles-lp-5000\/","title":{"rendered":"Etiquetadoras Manuales T\u00e1ctiles LP-5000"},"content":{"rendered":"\t\t<div data-elementor-type=\"wp-post\" data-elementor-id=\"7726\" class=\"elementor elementor-7726\" data-elementor-post-type=\"product\">\n\t\t\t\t\t\t<section class=\"elementor-section elementor-top-section elementor-element elementor-element-5bd5cd50 elementor-section-boxed elementor-section-height-default elementor-section-height-default\" data-id=\"5bd5cd50\" data-element_type=\"section\" data-e-type=\"section\">\n\t\t\t\t\t\t<div class=\"elementor-container elementor-column-gap-default\">\n\t\t\t\t\t<div class=\"elementor-column elementor-col-100 elementor-top-column elementor-element elementor-element-5c718e4d\" data-id=\"5c718e4d\" data-element_type=\"column\" data-e-type=\"column\">\n\t\t\t<div class=\"elementor-widget-wrap elementor-element-populated\">\n\t\t\t\t\t\t<div class=\"elementor-element elementor-element-450ad1ec elementor-widget elementor-widget-text-editor\" data-id=\"450ad1ec\" data-element_type=\"widget\" data-e-type=\"widget\" data-widget_type=\"text-editor.default\">\n\t\t\t\t<div class=\"elementor-widget-container\">\n\t\t\t\t\t\t\t\t\t<section><p>La LP-5000 es un sistema avanzado de etiquetado y pesaje dise\u00f1ado para ofrecer precisi\u00f3n, versatilidad y cumplimiento normativo en entornos industriales y alimentarios. Equipada con funciones destacables como la posibilidad de etiquetar pesos con importes fijos o variables, incluye un modo checkweigher con visualizaci\u00f3n de llenado en barra de estado para un control en tiempo real. Su configuraci\u00f3n adaptable por niveles de usuario garantiza seguridad y personalizaci\u00f3n, mientras que su interfaz intuitiva permite ediciones r\u00e1pidas de informaci\u00f3n clave como cliente, lote, precio, tara y fechas, facilitando la trazabilidad. El dise\u00f1ador gr\u00e1fico integrado permite crear y modificar formatos de etiquetas con flexibilidad, soportando taras fijas, glaseados o acumulativas, as\u00ed como impresi\u00f3n multiling\u00fce y m\u00faltiples fuentes TTF, logotipos e im\u00e1genes.<\/p><p>Con conectividad USB para backups y transferencia de datos, la LP-5000 imprime c\u00f3digos de barras 1D\/2D y cumple con el reglamento UE 1169\/2011 para informaci\u00f3n alimentaria. Es compatible con impresi\u00f3n t\u00e9rmica directa (u opcionalmente transferencia t\u00e9rmica), cabezal de 4\u201d de alta durabilidad, resoluci\u00f3n de 8 dots\/mm y velocidad de hasta 250 mm\/s, manejando etiquetas desde 30&#215;30 mm hasta 100&#215;500 mm en diversos materiales. Su construcci\u00f3n robusta en acero inoxidable AISI 304L, aluminio anodizado y ABS asegura resistencia, mientras que su pantalla t\u00e1ctil capacitiva de 10,1\u201d (opcional 15\u201d resistivo) optimiza la interacci\u00f3n.<\/p><p>Opcionalmente, puede conectarse a una o dos plataformas de pesaje (hasta 16 c\u00e9lulas cada una) con verificaciones metrol\u00f3gicas, ofreciendo precisi\u00f3n multi-rango (3.000 divisiones) o mono-rango (6.000 divisiones). La LP-5000 se integra con otros equipos como plataformas de pesaje, sistemas DIS o m\u00e1quinas de familias anteriores, centralizando datos. Alimentada por 110-230 VAC, incluye comunicaciones Ethernet, RS-232, USB y WiFi opcional, destacando por su capacidad predictiva de mantenimiento y adaptaci\u00f3n a metrolog\u00eda legal, ideal para entornos exigentes que requieren eficiencia y cumplimiento normativo.<\/p><h5>\u00a0<\/h5><\/section>\t\t\t\t\t\t\t\t<\/div>\n\t\t\t\t<\/div>\n\t\t\t\t\t<\/div>\n\t\t<\/div>\n\t\t\t\t\t<\/div>\n\t\t<\/section>\n\t\t\t\t<section class=\"elementor-section elementor-top-section elementor-element elementor-element-141e5d4 elementor-section-boxed elementor-section-height-default elementor-section-height-default\" data-id=\"141e5d4\" data-element_type=\"section\" data-e-type=\"section\">\n\t\t\t\t\t\t<div class=\"elementor-container elementor-column-gap-default\">\n\t\t\t\t\t<div class=\"elementor-column elementor-col-100 elementor-top-column elementor-element elementor-element-9ed7bb7\" data-id=\"9ed7bb7\" data-element_type=\"column\" data-e-type=\"column\">\n\t\t\t<div class=\"elementor-widget-wrap elementor-element-populated\">\n\t\t\t\t\t\t<div class=\"elementor-element elementor-element-d89946a elementor-widget elementor-widget-heading\" data-id=\"d89946a\" data-element_type=\"widget\" data-e-type=\"widget\" data-widget_type=\"heading.default\">\n\t\t\t\t<div class=\"elementor-widget-container\">\n\t\t\t\t\t<h3 class=\"elementor-heading-title elementor-size-default\">Documentaci\u00f3n<\/h3>\t\t\t\t<\/div>\n\t\t\t\t<\/div>\n\t\t\t\t<div class=\"elementor-element elementor-element-a53f83c elementor-widget elementor-widget-eael-adv-accordion\" data-id=\"a53f83c\" data-element_type=\"widget\" data-e-type=\"widget\" data-widget_type=\"eael-adv-accordion.default\">\n\t\t\t\t<div class=\"elementor-widget-container\">\n\t\t\t\t\t            <div class=\"eael-adv-accordion\" id=\"eael-adv-accordion-a53f83c\" data-scroll-on-click=\"no\" data-scroll-speed=\"300\" data-accordion-id=\"a53f83c\" data-accordion-type=\"accordion\" data-toogle-speed=\"300\">\n            <div class=\"eael-accordion-list\">\n\t\t\t\t\t<div id=\"documentos\" class=\"elementor-tab-title eael-accordion-header\" tabindex=\"0\" data-tab=\"1\" aria-controls=\"elementor-tab-content-1731\"><span class=\"eael-advanced-accordion-icon-closed\"><i aria-hidden=\"true\" class=\"fa-accordion-icon far fa-file-pdf\"><\/i><\/span><span class=\"eael-advanced-accordion-icon-opened\"><i aria-hidden=\"true\" class=\"fa-accordion-icon fas fa-minus\"><\/i><\/span><span class=\"eael-accordion-tab-title\">Documentos<\/span><\/div><div id=\"elementor-tab-content-1731\" class=\"eael-accordion-content clearfix\" data-tab=\"1\" aria-labelledby=\"documentos\"><p><a href=\"https:\/\/biopesaje.com\/wp-content\/uploads\/2025\/04\/Catalogo-etiqueteadora-industrial-LP5000-DIBAL.pdf\" target=\"_blank\" rel=\"noopener\"><img decoding=\"async\" class=\"wp-image-2526 alignnone\" src=\"https:\/\/biopesaje.com\/wp-content\/uploads\/2022\/02\/391px-PDF_file_icon.svg.png\" alt=\"\" width=\"30\" height=\"37\" srcset=\"https:\/\/biopesaje.com\/wp-content\/uploads\/2022\/02\/391px-PDF_file_icon.svg.png 391w, https:\/\/biopesaje.com\/wp-content\/uploads\/2022\/02\/391px-PDF_file_icon.svg-300x368.png 300w, https:\/\/biopesaje.com\/wp-content\/uploads\/2022\/02\/391px-PDF_file_icon.svg-244x300.png 244w, https:\/\/biopesaje.com\/wp-content\/uploads\/2022\/02\/391px-PDF_file_icon.svg-48x59.png 48w\" sizes=\"(max-width: 30px) 100vw, 30px\" \/> Catalogo Etiquetadoras Manuales T\u00e1ctiles LP-5000<\/a><\/p><p><a href=\"https:\/\/biopesaje.com\/wp-content\/uploads\/2025\/04\/Manual-etiqueteadora-industrial-LP5000-DIBAL-1.pdf\" target=\"_blank\" rel=\"noopener\"><img decoding=\"async\" class=\"wp-image-2526 alignnone\" src=\"https:\/\/biopesaje.com\/wp-content\/uploads\/2022\/02\/391px-PDF_file_icon.svg.png\" alt=\"\" width=\"30\" height=\"37\" srcset=\"https:\/\/biopesaje.com\/wp-content\/uploads\/2022\/02\/391px-PDF_file_icon.svg.png 391w, https:\/\/biopesaje.com\/wp-content\/uploads\/2022\/02\/391px-PDF_file_icon.svg-300x368.png 300w, https:\/\/biopesaje.com\/wp-content\/uploads\/2022\/02\/391px-PDF_file_icon.svg-244x300.png 244w, https:\/\/biopesaje.com\/wp-content\/uploads\/2022\/02\/391px-PDF_file_icon.svg-48x59.png 48w\" sizes=\"(max-width: 30px) 100vw, 30px\" \/>Manual \u00a0Etiquetadoras Manuales T\u00e1ctiles LP-5000<\/a><\/p><div class=\"woocommerce-notices-wrapper\">\u00a0<\/div><div id=\"product-7726\" class=\"thunk-woo-product-list opn-qv-enable top-store-woo-hover-none top-store-single-product-tab-horizontal top-store-shadow- top-store-shadow-hover- product type-product post-7726 status-publish first instock product_cat-etiquetadoras-manuales product_cat-mescladores product_cat-pesaje-y-etiquetado product_cat-soluciones-de-pesaje-industrial taxable shipping-taxable product-type-simple\"><div class=\"thunk-single-product-summary-wrap\"><div class=\"woocommerce-product-gallery woocommerce-product-gallery--without-images woocommerce-product-gallery--columns-4 images\"><div class=\"woocommerce-product-gallery__wrapper\">\u00a0<\/div><\/div><\/div><\/div><\/div>\n\t\t\t\t\t<\/div><\/div>\t\t\t\t<\/div>\n\t\t\t\t<\/div>\n\t\t\t\t\t<\/div>\n\t\t<\/div>\n\t\t\t\t\t<\/div>\n\t\t<\/section>\n\t\t\t\t<section class=\"elementor-section elementor-top-section elementor-element elementor-element-5e521e2 elementor-section-boxed elementor-section-height-default elementor-section-height-default\" data-id=\"5e521e2\" data-element_type=\"section\" data-e-type=\"section\">\n\t\t\t\t\t\t<div class=\"elementor-container elementor-column-gap-default\">\n\t\t\t\t\t<div class=\"elementor-column elementor-col-100 elementor-top-column elementor-element elementor-element-8a4e6b4\" data-id=\"8a4e6b4\" data-element_type=\"column\" data-e-type=\"column\">\n\t\t\t<div class=\"elementor-widget-wrap elementor-element-populated\">\n\t\t\t\t\t\t<div class=\"elementor-element elementor-element-73307d4 elementor-widget elementor-widget-video\" data-id=\"73307d4\" data-element_type=\"widget\" data-e-type=\"widget\" data-settings=\"{&quot;youtube_url&quot;:&quot;https:\\\/\\\/www.youtube.com\\\/watch?v=exsB7o9Nr9Y&quot;,&quot;video_type&quot;:&quot;youtube&quot;,&quot;controls&quot;:&quot;yes&quot;}\" data-widget_type=\"video.default\">\n\t\t\t\t<div class=\"elementor-widget-container\">\n\t\t\t\t\t\t\t<div class=\"elementor-wrapper elementor-open-inline\">\n\t\t\t<div class=\"elementor-video\"><\/div>\t\t<\/div>\n\t\t\t\t\t\t<\/div>\n\t\t\t\t<\/div>\n\t\t\t\t\t<\/div>\n\t\t<\/div>\n\t\t\t\t\t<\/div>\n\t\t<\/section>\n\t\t\t\t<\/div>\n\t\t","protected":false},"excerpt":{"rendered":"<p>La\u00a0<strong>LP-5000<\/strong>\u00a0es un\u00a0sistema avanzado\u00a0de\u00a0<strong>etiquetado y pesaje industrial<\/strong>\u00a0dise\u00f1ado para entornos exigentes. Destaca por su capacidad de\u00a0<strong>etiquetado con peso (fijo o variable)<\/strong>, modo\u00a0<strong>checkweigher<\/strong>\u00a0con barra de estado, y\u00a0<strong>gesti\u00f3n de usuarios por niveles<\/strong>. Incluye un\u00a0<strong>dise\u00f1ador gr\u00e1fico de etiquetas<\/strong>, soporte para\u00a0<strong>m\u00faltiples idiomas<\/strong>,\u00a0<strong>fuentes TTF<\/strong>,\u00a0<strong>logotipos<\/strong>\u00a0y\u00a0<strong>c\u00f3digos de barras 1D\/2D<\/strong>, cumpliendo con la\u00a0<strong>normativa UE 1169\/2011<\/strong>. Ofrece\u00a0<strong>impresi\u00f3n t\u00e9rmica directa<\/strong>\u00a0(u opcional\u00a0<strong>transferencia t\u00e9rmica<\/strong>) con\u00a0<strong>cabezal de 4\u201d<\/strong>,\u00a0<strong>resoluci\u00f3n de 8 dots\/mm<\/strong>\u00a0y\u00a0<strong>velocidad de hasta 250 mm\/s<\/strong>, compatible con\u00a0<strong>etiquetas desde 30&#215;30 mm hasta 100&#215;500 mm<\/strong>. Su\u00a0<strong>estructura en acero inoxidable AISI 304L<\/strong>\u00a0y aluminio anodizado alberga un\u00a0<strong>procesador Celeron<\/strong>,\u00a0<strong>4 GB de RAM<\/strong>\u00a0y\u00a0<strong>disco de 128 GB<\/strong>. Incluye\u00a0<strong>pantalla t\u00e1ctil de 10.1\u201d<\/strong>, conexiones\u00a0<strong>Ethernet<\/strong>,\u00a0<strong>RS-232<\/strong>,\u00a0<strong>USB<\/strong>\u00a0y\u00a0<strong>WiFi <\/strong>opcional. Se integra con\u00a0<strong>plataformas de pesaje de hasta 16 celdas de carga<\/strong>\u00a0(con\u00a0<strong>verificaci\u00f3n metrol\u00f3gica opcional<\/strong>), garantizando\u00a0<strong>precisi\u00f3n<\/strong>\u00a0y\u00a0<strong>trazabilidad<\/strong>\u00a0en aplicaciones industriales.<\/p>\n","protected":false},"featured_media":10199,"template":"","meta":{"_uag_custom_page_level_css":"","_joinchat":[]},"product_brand":[],"product_cat":[164,163,140],"product_tag":[],"class_list":{"0":"post-7726","1":"product","2":"type-product","3":"status-publish","4":"has-post-thumbnail","6":"product_cat-etiquetadoras-manuales","7":"product_cat-pesaje-y-etiquetado","8":"product_cat-soluciones-de-pesaje-industrial","9":"thunk-woo-product-list","10":"opn-qv-enable","11":"top-store-woo-hover-none","12":"top-store-single-product-tab-horizontal","13":"top-store-shadow-","14":"top-store-shadow-hover-","16":"first","17":"instock","18":"taxable","19":"shipping-taxable","20":"product-type-simple"},"yoast_head":"<!-- This site is optimized with the Yoast SEO plugin v27.4 - https:\/\/yoast.com\/product\/yoast-seo-wordpress\/ -->\n<title>LP-5000 etiquetadoras Manuales T\u00e1ctiles - BIOPESAJE S.A.S.<\/title>\n<meta name=\"description\" content=\"Biopesaje S.A.S cuenta con la mejor selecci\u00f3n de equipos en categor\u00edas como pesaje procesamiento y empaque de la industria alimenticia. LP-5000\" \/>\n<meta name=\"robots\" content=\"index, follow, max-snippet:-1, max-image-preview:large, max-video-preview:-1\" \/>\n<link rel=\"canonical\" href=\"https:\/\/biopesaje.com\/index.php\/product\/etiquetadoras-manuales-tactiles-lp-5000\/\" \/>\n<meta property=\"og:locale\" content=\"es_ES\" \/>\n<meta property=\"og:type\" content=\"article\" \/>\n<meta property=\"og:title\" content=\"LP-5000 etiquetadoras Manuales T\u00e1ctiles - BIOPESAJE S.A.S.\" \/>\n<meta property=\"og:description\" content=\"Biopesaje S.A.S cuenta con la mejor selecci\u00f3n de equipos en categor\u00edas como pesaje procesamiento y empaque de la industria alimenticia. LP-5000\" \/>\n<meta property=\"og:url\" content=\"https:\/\/biopesaje.com\/index.php\/product\/etiquetadoras-manuales-tactiles-lp-5000\/\" \/>\n<meta property=\"og:site_name\" content=\"BIOPESAJE S.A.S.\" \/>\n<meta property=\"article:modified_time\" content=\"2025-09-15T22:17:04+00:00\" \/>\n<meta property=\"og:image\" content=\"https:\/\/biopesaje.com\/wp-content\/uploads\/2025\/03\/LP-5000-1.png\" \/>\n\t<meta property=\"og:image:width\" content=\"650\" \/>\n\t<meta property=\"og:image:height\" content=\"650\" \/>\n\t<meta property=\"og:image:type\" content=\"image\/png\" \/>\n<meta name=\"twitter:card\" content=\"summary_large_image\" \/>\n<meta name=\"twitter:label1\" content=\"Tiempo de lectura\" \/>\n\t<meta name=\"twitter:data1\" content=\"3 minutos\" \/>\n<script type=\"application\/ld+json\" class=\"yoast-schema-graph\">{\"@context\":\"https:\\\/\\\/schema.org\",\"@graph\":[{\"@type\":\"WebPage\",\"@id\":\"https:\\\/\\\/biopesaje.com\\\/index.php\\\/product\\\/etiquetadoras-manuales-tactiles-lp-5000\\\/\",\"url\":\"https:\\\/\\\/biopesaje.com\\\/index.php\\\/product\\\/etiquetadoras-manuales-tactiles-lp-5000\\\/\",\"name\":\"LP-5000 etiquetadoras Manuales T\u00e1ctiles - BIOPESAJE S.A.S.\",\"isPartOf\":{\"@id\":\"https:\\\/\\\/biopesaje.com\\\/#website\"},\"primaryImageOfPage\":{\"@id\":\"https:\\\/\\\/biopesaje.com\\\/index.php\\\/product\\\/etiquetadoras-manuales-tactiles-lp-5000\\\/#primaryimage\"},\"image\":{\"@id\":\"https:\\\/\\\/biopesaje.com\\\/index.php\\\/product\\\/etiquetadoras-manuales-tactiles-lp-5000\\\/#primaryimage\"},\"thumbnailUrl\":\"https:\\\/\\\/biopesaje.com\\\/wp-content\\\/uploads\\\/2025\\\/03\\\/LP-5000-1.png\",\"datePublished\":\"2025-03-31T17:08:47+00:00\",\"dateModified\":\"2025-09-15T22:17:04+00:00\",\"description\":\"Biopesaje S.A.S cuenta con la mejor selecci\u00f3n de equipos en categor\u00edas como pesaje procesamiento y empaque de la industria alimenticia. LP-5000\",\"breadcrumb\":{\"@id\":\"https:\\\/\\\/biopesaje.com\\\/index.php\\\/product\\\/etiquetadoras-manuales-tactiles-lp-5000\\\/#breadcrumb\"},\"inLanguage\":\"es-CO\",\"potentialAction\":[{\"@type\":\"ReadAction\",\"target\":[\"https:\\\/\\\/biopesaje.com\\\/index.php\\\/product\\\/etiquetadoras-manuales-tactiles-lp-5000\\\/\"]}]},{\"@type\":\"ImageObject\",\"inLanguage\":\"es-CO\",\"@id\":\"https:\\\/\\\/biopesaje.com\\\/index.php\\\/product\\\/etiquetadoras-manuales-tactiles-lp-5000\\\/#primaryimage\",\"url\":\"https:\\\/\\\/biopesaje.com\\\/wp-content\\\/uploads\\\/2025\\\/03\\\/LP-5000-1.png\",\"contentUrl\":\"https:\\\/\\\/biopesaje.com\\\/wp-content\\\/uploads\\\/2025\\\/03\\\/LP-5000-1.png\",\"width\":650,\"height\":650},{\"@type\":\"BreadcrumbList\",\"@id\":\"https:\\\/\\\/biopesaje.com\\\/index.php\\\/product\\\/etiquetadoras-manuales-tactiles-lp-5000\\\/#breadcrumb\",\"itemListElement\":[{\"@type\":\"ListItem\",\"position\":1,\"name\":\"Home\",\"item\":\"https:\\\/\\\/biopesaje.com\\\/\"},{\"@type\":\"ListItem\",\"position\":2,\"name\":\"Productos\",\"item\":\"https:\\\/\\\/biopesaje.com\\\/index.php\\\/tienda\\\/\"},{\"@type\":\"ListItem\",\"position\":3,\"name\":\"Etiquetadoras Manuales T\u00e1ctiles LP-5000\"}]},{\"@type\":\"WebSite\",\"@id\":\"https:\\\/\\\/biopesaje.com\\\/#website\",\"url\":\"https:\\\/\\\/biopesaje.com\\\/\",\"name\":\"BIOPESAJE S.A.S.\",\"description\":\"Ingenier\u00eda de pesaje, metrolog\u00eda y laboratorio.\",\"publisher\":{\"@id\":\"https:\\\/\\\/biopesaje.com\\\/#organization\"},\"potentialAction\":[{\"@type\":\"SearchAction\",\"target\":{\"@type\":\"EntryPoint\",\"urlTemplate\":\"https:\\\/\\\/biopesaje.com\\\/?s={search_term_string}\"},\"query-input\":{\"@type\":\"PropertyValueSpecification\",\"valueRequired\":true,\"valueName\":\"search_term_string\"}}],\"inLanguage\":\"es-CO\"},{\"@type\":\"Organization\",\"@id\":\"https:\\\/\\\/biopesaje.com\\\/#organization\",\"name\":\"BIOPESAJE S.A.S.\",\"url\":\"https:\\\/\\\/biopesaje.com\\\/\",\"logo\":{\"@type\":\"ImageObject\",\"inLanguage\":\"es-CO\",\"@id\":\"https:\\\/\\\/biopesaje.com\\\/#\\\/schema\\\/logo\\\/image\\\/\",\"url\":\"\",\"contentUrl\":\"\",\"caption\":\"BIOPESAJE S.A.S.\"},\"image\":{\"@id\":\"https:\\\/\\\/biopesaje.com\\\/#\\\/schema\\\/logo\\\/image\\\/\"}}]}<\/script>\n<!-- \/ Yoast SEO plugin. -->","yoast_head_json":{"title":"LP-5000 etiquetadoras Manuales T\u00e1ctiles - BIOPESAJE S.A.S.","description":"Biopesaje S.A.S cuenta con la mejor selecci\u00f3n de equipos en categor\u00edas como pesaje procesamiento y empaque de la industria alimenticia. LP-5000","robots":{"index":"index","follow":"follow","max-snippet":"max-snippet:-1","max-image-preview":"max-image-preview:large","max-video-preview":"max-video-preview:-1"},"canonical":"https:\/\/biopesaje.com\/index.php\/product\/etiquetadoras-manuales-tactiles-lp-5000\/","og_locale":"es_ES","og_type":"article","og_title":"LP-5000 etiquetadoras Manuales T\u00e1ctiles - BIOPESAJE S.A.S.","og_description":"Biopesaje S.A.S cuenta con la mejor selecci\u00f3n de equipos en categor\u00edas como pesaje procesamiento y empaque de la industria alimenticia. LP-5000","og_url":"https:\/\/biopesaje.com\/index.php\/product\/etiquetadoras-manuales-tactiles-lp-5000\/","og_site_name":"BIOPESAJE S.A.S.","article_modified_time":"2025-09-15T22:17:04+00:00","og_image":[{"width":650,"height":650,"url":"https:\/\/biopesaje.com\/wp-content\/uploads\/2025\/03\/LP-5000-1.png","type":"image\/png"}],"twitter_card":"summary_large_image","twitter_misc":{"Tiempo de lectura":"3 minutos"},"schema":{"@context":"https:\/\/schema.org","@graph":[{"@type":"WebPage","@id":"https:\/\/biopesaje.com\/index.php\/product\/etiquetadoras-manuales-tactiles-lp-5000\/","url":"https:\/\/biopesaje.com\/index.php\/product\/etiquetadoras-manuales-tactiles-lp-5000\/","name":"LP-5000 etiquetadoras Manuales T\u00e1ctiles - BIOPESAJE S.A.S.","isPartOf":{"@id":"https:\/\/biopesaje.com\/#website"},"primaryImageOfPage":{"@id":"https:\/\/biopesaje.com\/index.php\/product\/etiquetadoras-manuales-tactiles-lp-5000\/#primaryimage"},"image":{"@id":"https:\/\/biopesaje.com\/index.php\/product\/etiquetadoras-manuales-tactiles-lp-5000\/#primaryimage"},"thumbnailUrl":"https:\/\/biopesaje.com\/wp-content\/uploads\/2025\/03\/LP-5000-1.png","datePublished":"2025-03-31T17:08:47+00:00","dateModified":"2025-09-15T22:17:04+00:00","description":"Biopesaje S.A.S cuenta con la mejor selecci\u00f3n de equipos en categor\u00edas como pesaje procesamiento y empaque de la industria alimenticia. LP-5000","breadcrumb":{"@id":"https:\/\/biopesaje.com\/index.php\/product\/etiquetadoras-manuales-tactiles-lp-5000\/#breadcrumb"},"inLanguage":"es-CO","potentialAction":[{"@type":"ReadAction","target":["https:\/\/biopesaje.com\/index.php\/product\/etiquetadoras-manuales-tactiles-lp-5000\/"]}]},{"@type":"ImageObject","inLanguage":"es-CO","@id":"https:\/\/biopesaje.com\/index.php\/product\/etiquetadoras-manuales-tactiles-lp-5000\/#primaryimage","url":"https:\/\/biopesaje.com\/wp-content\/uploads\/2025\/03\/LP-5000-1.png","contentUrl":"https:\/\/biopesaje.com\/wp-content\/uploads\/2025\/03\/LP-5000-1.png","width":650,"height":650},{"@type":"BreadcrumbList","@id":"https:\/\/biopesaje.com\/index.php\/product\/etiquetadoras-manuales-tactiles-lp-5000\/#breadcrumb","itemListElement":[{"@type":"ListItem","position":1,"name":"Home","item":"https:\/\/biopesaje.com\/"},{"@type":"ListItem","position":2,"name":"Productos","item":"https:\/\/biopesaje.com\/index.php\/tienda\/"},{"@type":"ListItem","position":3,"name":"Etiquetadoras Manuales T\u00e1ctiles LP-5000"}]},{"@type":"WebSite","@id":"https:\/\/biopesaje.com\/#website","url":"https:\/\/biopesaje.com\/","name":"BIOPESAJE S.A.S.","description":"Ingenier\u00eda de pesaje, metrolog\u00eda y laboratorio.","publisher":{"@id":"https:\/\/biopesaje.com\/#organization"},"potentialAction":[{"@type":"SearchAction","target":{"@type":"EntryPoint","urlTemplate":"https:\/\/biopesaje.com\/?s={search_term_string}"},"query-input":{"@type":"PropertyValueSpecification","valueRequired":true,"valueName":"search_term_string"}}],"inLanguage":"es-CO"},{"@type":"Organization","@id":"https:\/\/biopesaje.com\/#organization","name":"BIOPESAJE S.A.S.","url":"https:\/\/biopesaje.com\/","logo":{"@type":"ImageObject","inLanguage":"es-CO","@id":"https:\/\/biopesaje.com\/#\/schema\/logo\/image\/","url":"","contentUrl":"","caption":"BIOPESAJE S.A.S."},"image":{"@id":"https:\/\/biopesaje.com\/#\/schema\/logo\/image\/"}}]}},"uagb_featured_image_src":{"full":["https:\/\/biopesaje.com\/wp-content\/uploads\/2025\/03\/LP-5000-1.png",650,650,false],"thumbnail":["https:\/\/biopesaje.com\/wp-content\/uploads\/2025\/03\/LP-5000-1-150x150.png",150,150,true],"medium":["https:\/\/biopesaje.com\/wp-content\/uploads\/2025\/03\/LP-5000-1-300x300.png",300,300,true],"medium_large":["https:\/\/biopesaje.com\/wp-content\/uploads\/2025\/03\/LP-5000-1.png",640,640,false],"large":["https:\/\/biopesaje.com\/wp-content\/uploads\/2025\/03\/LP-5000-1.png",640,640,false],"1536x1536":["https:\/\/biopesaje.com\/wp-content\/uploads\/2025\/03\/LP-5000-1.png",650,650,false],"2048x2048":["https:\/\/biopesaje.com\/wp-content\/uploads\/2025\/03\/LP-5000-1.png",650,650,false],"woocommerce_thumbnail":["https:\/\/biopesaje.com\/wp-content\/uploads\/2025\/03\/LP-5000-1-320x320.png",320,320,true],"woocommerce_single":["https:\/\/biopesaje.com\/wp-content\/uploads\/2025\/03\/LP-5000-1.png",650,650,false],"woocommerce_gallery_thumbnail":["https:\/\/biopesaje.com\/wp-content\/uploads\/2025\/03\/LP-5000-1-100x100.png",100,100,true],"thaps-thumb-img":["https:\/\/biopesaje.com\/wp-content\/uploads\/2025\/03\/LP-5000-1-48x48.png",48,48,true],"taiowc-thumb-img":["https:\/\/biopesaje.com\/wp-content\/uploads\/2025\/03\/LP-5000-1-48x48.png",48,48,true]},"uagb_author_info":{"display_name":"Diego Martinez","author_link":"https:\/\/biopesaje.com\/index.php\/author\/"},"uagb_comment_info":0,"uagb_excerpt":"La\u00a0LP-5000\u00a0es un\u00a0sistema avanzado\u00a0de\u00a0etiquetado y pesaje industrial\u00a0dise\u00f1ado para entornos exigentes. Destaca por su capacidad de\u00a0etiquetado con peso (fijo o variable), modo\u00a0checkweigher\u00a0con barra de estado, y\u00a0gesti\u00f3n de usuarios por niveles. Incluye un\u00a0dise\u00f1ador gr\u00e1fico de etiquetas, soporte para\u00a0m\u00faltiples idiomas,\u00a0fuentes TTF,\u00a0logotipos\u00a0y\u00a0c\u00f3digos de barras 1D\/2D, cumpliendo con la\u00a0normativa UE 1169\/2011. Ofrece\u00a0impresi\u00f3n t\u00e9rmica directa\u00a0(u opcional\u00a0transferencia t\u00e9rmica) con\u00a0cabezal de 4\u201d,\u00a0resoluci\u00f3n de 8&hellip;","jetpack_sharing_enabled":true,"_links":{"self":[{"href":"https:\/\/biopesaje.com\/index.php\/wp-json\/wp\/v2\/product\/7726","targetHints":{"allow":["GET"]}}],"collection":[{"href":"https:\/\/biopesaje.com\/index.php\/wp-json\/wp\/v2\/product"}],"about":[{"href":"https:\/\/biopesaje.com\/index.php\/wp-json\/wp\/v2\/types\/product"}],"version-history":[{"count":15,"href":"https:\/\/biopesaje.com\/index.php\/wp-json\/wp\/v2\/product\/7726\/revisions"}],"predecessor-version":[{"id":10201,"href":"https:\/\/biopesaje.com\/index.php\/wp-json\/wp\/v2\/product\/7726\/revisions\/10201"}],"wp:featuredmedia":[{"embeddable":true,"href":"https:\/\/biopesaje.com\/index.php\/wp-json\/wp\/v2\/media\/10199"}],"wp:attachment":[{"href":"https:\/\/biopesaje.com\/index.php\/wp-json\/wp\/v2\/media?parent=7726"}],"wp:term":[{"taxonomy":"product_brand","embeddable":true,"href":"https:\/\/biopesaje.com\/index.php\/wp-json\/wp\/v2\/product_brand?post=7726"},{"taxonomy":"product_cat","embeddable":true,"href":"https:\/\/biopesaje.com\/index.php\/wp-json\/wp\/v2\/product_cat?post=7726"},{"taxonomy":"product_tag","embeddable":true,"href":"https:\/\/biopesaje.com\/index.php\/wp-json\/wp\/v2\/product_tag?post=7726"}],"curies":[{"name":"wp","href":"https:\/\/api.w.org\/{rel}","templated":true}]}}