{"id":773,"date":"2021-05-13T18:43:14","date_gmt":"2021-05-13T18:43:14","guid":{"rendered":"https:\/\/alintecsas.com\/?post_type=product&#038;p=773"},"modified":"2025-07-28T17:11:11","modified_gmt":"2025-07-28T17:11:11","slug":"molinoelectricoparacarne12fullinox304","status":"publish","type":"product","link":"https:\/\/biopesaje.com\/index.php\/product\/molinoelectricoparacarne12fullinox304\/","title":{"rendered":"Molino el\u00e9ctrico para carne #12 full inox 304"},"content":{"rendered":"\t\t<div data-elementor-type=\"wp-post\" data-elementor-id=\"773\" class=\"elementor elementor-773\" data-elementor-post-type=\"product\">\n\t\t\t\t\t\t<section class=\"elementor-section elementor-top-section elementor-element elementor-element-7ea5c716 elementor-section-boxed elementor-section-height-default elementor-section-height-default\" data-id=\"7ea5c716\" data-element_type=\"section\" data-e-type=\"section\">\n\t\t\t\t\t\t<div class=\"elementor-container elementor-column-gap-default\">\n\t\t\t\t\t<div class=\"elementor-column elementor-col-100 elementor-top-column elementor-element elementor-element-2a482617\" data-id=\"2a482617\" data-element_type=\"column\" data-e-type=\"column\">\n\t\t\t<div class=\"elementor-widget-wrap elementor-element-populated\">\n\t\t\t\t\t\t<div class=\"elementor-element elementor-element-27459d68 elementor-widget elementor-widget-text-editor\" data-id=\"27459d68\" data-element_type=\"widget\" data-e-type=\"widget\" data-widget_type=\"text-editor.default\">\n\t\t\t\t<div class=\"elementor-widget-container\">\n\t\t\t\t\t\t\t\t\t<p class=\"ds-markdown-paragraph\">El Molinoel\u00e9ctricoparacarne#12fullinox304\u00a0es la soluci\u00f3n ideal para procesar grandes vol\u00famenes de carne de manera r\u00e1pida, higi\u00e9nica y eficiente. Fabricado completamente en\u00a0<strong>acero inoxidable<\/strong>\u00a0(cuerpo, carcaza, cabezal, sinf\u00edn y espigo), garantiza resistencia a la corrosi\u00f3n y cumple con los m\u00e1s altos est\u00e1ndares de higiene, perfecto para entornos industriales, carnicer\u00edas o negocios de alimentos.<\/p><p class=\"ds-markdown-paragraph\"><strong>Dise\u00f1o robusto y funcional:<\/strong><\/p><ul><li><p class=\"ds-markdown-paragraph\"><strong>Motor monof\u00e1sico<\/strong>\u00a0de\u00a0<strong>1 HP<\/strong>\u00a0y\u00a0<strong>190 RPM<\/strong>, optimizado para un rendimiento constante de\u00a0<strong>90 kg\/h<\/strong>\u00a0con bajo consumo energ\u00e9tico (<strong>800 W<\/strong>).<\/p><\/li><li><p class=\"ds-markdown-paragraph\"><strong>Transmisi\u00f3n por engranajes<\/strong>\u00a0(sin bandas desgastables), lubricados con grasa para altas temperaturas, lo que asegura durabilidad y m\u00ednimo mantenimiento.<\/p><\/li><li><p class=\"ds-markdown-paragraph\"><strong>Sistema desmontable sin herramientas<\/strong>, facilitando una limpieza r\u00e1pida y efectiva entre procesos.<\/p><\/li><\/ul><p class=\"ds-markdown-paragraph\"><strong>Seguridad y versatilidad:<\/strong><\/p><ul><li><p class=\"ds-markdown-paragraph\"><strong>Interruptor con inversi\u00f3n de marcha<\/strong>\u00a0y\u00a0<strong>protector t\u00e9rmico integrado<\/strong>, previniendo sobrecalentamientos.<\/p><\/li><li><p class=\"ds-markdown-paragraph\"><strong>Incluye disco y cuchilla autoafilantes en acero inoxidable<\/strong>, junto con un apisonador para maximizar la eficiencia en el picado.<\/p><\/li><li><p class=\"ds-markdown-paragraph\">Opera en un rango de\u00a0<strong>0 a 60\u00b0C<\/strong>, adapt\u00e1ndose a diversas condiciones de trabajo.<\/p><\/li><\/ul><p class=\"ds-markdown-paragraph\"><strong>Especificaciones t\u00e9cnicas destacadas:<\/strong><\/p><ul><li><p class=\"ds-markdown-paragraph\"><strong>Dimensiones compactas<\/strong>\u00a0(39 x 22 x 41 cm) y\u00a0<strong>peso ligero<\/strong>\u00a0(27 kg), ideal para espacios reducidos.<\/p><\/li><li><p class=\"ds-markdown-paragraph\">Alimentaci\u00f3n\u00a0<strong>110 VAC \/ 60Hz<\/strong>, compatible con infraestructuras el\u00e9ctricas est\u00e1ndar.<\/p><\/li><\/ul><p class=\"ds-markdown-paragraph\">Con su\u00a0<strong>construcci\u00f3n s\u00f3lida<\/strong>,\u00a0<strong>facilidad de limpieza<\/strong>\u00a0y\u00a0<strong>alto rendimiento<\/strong>, el TK-12 es la elecci\u00f3n profesional para quienes buscan calidad y productividad. \u00a1Optimiza tu producci\u00f3n con una m\u00e1quina dise\u00f1ada para durar!<\/p>\t\t\t\t\t\t\t\t<\/div>\n\t\t\t\t<\/div>\n\t\t\t\t\t<\/div>\n\t\t<\/div>\n\t\t\t\t\t<\/div>\n\t\t<\/section>\n\t\t\t\t<section class=\"elementor-section elementor-top-section elementor-element elementor-element-51cf335 elementor-section-boxed elementor-section-height-default elementor-section-height-default\" data-id=\"51cf335\" data-element_type=\"section\" data-e-type=\"section\">\n\t\t\t\t\t\t<div class=\"elementor-container elementor-column-gap-default\">\n\t\t\t\t\t<div class=\"elementor-column elementor-col-100 elementor-top-column elementor-element elementor-element-e03d5ca\" data-id=\"e03d5ca\" data-element_type=\"column\" data-e-type=\"column\">\n\t\t\t<div class=\"elementor-widget-wrap elementor-element-populated\">\n\t\t\t\t\t\t<div class=\"elementor-element elementor-element-c38641e elementor-widget elementor-widget-heading\" data-id=\"c38641e\" data-element_type=\"widget\" data-e-type=\"widget\" data-widget_type=\"heading.default\">\n\t\t\t\t<div class=\"elementor-widget-container\">\n\t\t\t\t\t<h3 class=\"elementor-heading-title elementor-size-default\">Documentaci\u00f3n<\/h3>\t\t\t\t<\/div>\n\t\t\t\t<\/div>\n\t\t\t\t<div class=\"elementor-element elementor-element-423d3e9 elementor-widget elementor-widget-eael-adv-accordion\" data-id=\"423d3e9\" data-element_type=\"widget\" data-e-type=\"widget\" data-widget_type=\"eael-adv-accordion.default\">\n\t\t\t\t<div class=\"elementor-widget-container\">\n\t\t\t\t\t            <div class=\"eael-adv-accordion\" id=\"eael-adv-accordion-423d3e9\" data-scroll-on-click=\"no\" data-scroll-speed=\"300\" data-accordion-id=\"423d3e9\" data-accordion-type=\"accordion\" data-toogle-speed=\"300\">\n            <div class=\"eael-accordion-list\">\n\t\t\t\t\t<div id=\"documentos\" class=\"elementor-tab-title eael-accordion-header\" tabindex=\"0\" data-tab=\"1\" aria-controls=\"elementor-tab-content-6941\"><span class=\"eael-advanced-accordion-icon-closed\"><i aria-hidden=\"true\" class=\"fa-accordion-icon far fa-file-pdf\"><\/i><\/span><span class=\"eael-advanced-accordion-icon-opened\"><i aria-hidden=\"true\" class=\"fa-accordion-icon fas fa-minus\"><\/i><\/span><span class=\"eael-accordion-tab-title\">Documentos<\/span><i aria-hidden=\"true\" class=\"fa-toggle fas fa-angle-right\"><\/i><\/div><div id=\"elementor-tab-content-6941\" class=\"eael-accordion-content clearfix\" data-tab=\"1\" aria-labelledby=\"documentos\"><p><a href=\"https:\/\/biopesaje.com\/wp-content\/uploads\/2025\/02\/FICHA-TECNICA-MOLINO-TK12.pdf\" target=\"_blank\" rel=\"noopener\"><img decoding=\"async\" class=\"wp-image-2526 alignnone\" src=\"https:\/\/biopesaje.com\/wp-content\/uploads\/2022\/02\/391px-PDF_file_icon.svg.png\" alt=\"\" width=\"30\" height=\"37\" srcset=\"https:\/\/biopesaje.com\/wp-content\/uploads\/2022\/02\/391px-PDF_file_icon.svg.png 391w, https:\/\/biopesaje.com\/wp-content\/uploads\/2022\/02\/391px-PDF_file_icon.svg-300x368.png 300w, https:\/\/biopesaje.com\/wp-content\/uploads\/2022\/02\/391px-PDF_file_icon.svg-244x300.png 244w, https:\/\/biopesaje.com\/wp-content\/uploads\/2022\/02\/391px-PDF_file_icon.svg-48x59.png 48w\" sizes=\"(max-width: 30px) 100vw, 30px\" \/>Catalogo molino TK12<\/a><\/p><\/div>\n\t\t\t\t\t<\/div><\/div>\t\t\t\t<\/div>\n\t\t\t\t<\/div>\n\t\t\t\t\t<\/div>\n\t\t<\/div>\n\t\t\t\t\t<\/div>\n\t\t<\/section>\n\t\t\t\t<\/div>\n\t\t","protected":false},"excerpt":{"rendered":"<p>Molinoel\u00e9ctricoparacarne#12fullinox304<br \/>\n<span style=\"vertical-align: inherit;\"><span style=\"vertical-align: inherit;\">Int<\/span><\/span>erruptor Industrial con reversa<br \/>\n1 Caballo de fuerza (1HP) \/ 750 W<br \/>\nConstrucci\u00f3n 100% de acero inoxidable<\/p>\n","protected":false},"featured_media":785,"template":"","meta":{"_uag_custom_page_level_css":"","_joinchat":[]},"product_brand":[],"product_cat":[92],"product_tag":[29,30],"class_list":{"0":"post-773","1":"product","2":"type-product","3":"status-publish","4":"has-post-thumbnail","6":"product_cat-molinos-de-carne-acero-inox-electricos","7":"product_tag-alimentacion","8":"product_tag-molinos","9":"thunk-woo-product-list","10":"opn-qv-enable","11":"top-store-woo-hover-none","12":"top-store-single-product-tab-horizontal","13":"top-store-shadow-","14":"top-store-shadow-hover-","16":"first","17":"instock","18":"taxable","19":"shipping-taxable","20":"product-type-simple"},"yoast_head":"<!-- This site is optimized with the Yoast SEO plugin v27.3 - https:\/\/yoast.com\/product\/yoast-seo-wordpress\/ -->\n<title>Molinoel\u00e9ctricoparacarne#12fullinox304 - BIOPESAJE S.A.S.<\/title>\n<meta name=\"description\" content=\"Biopesaje S.A.S cuenta con la mejor selecci\u00f3n de equipos en categor\u00edas como pesaje, procesamiento y empaque de la industria alimenticia. Molinoel\u00e9ctricoparacarne#12fullinox304\" \/>\n<meta name=\"robots\" content=\"index, follow, max-snippet:-1, max-image-preview:large, max-video-preview:-1\" \/>\n<link rel=\"canonical\" href=\"https:\/\/biopesaje.com\/index.php\/product\/molinoelectricoparacarne12fullinox304\/\" \/>\n<meta property=\"og:locale\" content=\"es_ES\" \/>\n<meta property=\"og:type\" content=\"article\" \/>\n<meta property=\"og:title\" content=\"Molinoel\u00e9ctricoparacarne#12fullinox304 - BIOPESAJE S.A.S.\" \/>\n<meta property=\"og:description\" content=\"Biopesaje S.A.S cuenta con la mejor selecci\u00f3n de equipos en categor\u00edas como pesaje, procesamiento y empaque de la industria alimenticia. Molinoel\u00e9ctricoparacarne#12fullinox304\" \/>\n<meta property=\"og:url\" content=\"https:\/\/biopesaje.com\/index.php\/product\/molinoelectricoparacarne12fullinox304\/\" \/>\n<meta property=\"og:site_name\" content=\"BIOPESAJE S.A.S.\" \/>\n<meta property=\"article:modified_time\" content=\"2025-07-28T17:11:11+00:00\" \/>\n<meta property=\"og:image\" content=\"https:\/\/biopesaje.com\/wp-content\/uploads\/2021\/05\/molino-12-4.jpg\" \/>\n\t<meta property=\"og:image:width\" content=\"2500\" \/>\n\t<meta property=\"og:image:height\" content=\"2500\" \/>\n\t<meta property=\"og:image:type\" content=\"image\/jpeg\" \/>\n<meta name=\"twitter:card\" content=\"summary_large_image\" \/>\n<meta name=\"twitter:label1\" content=\"Tiempo de lectura\" \/>\n\t<meta name=\"twitter:data1\" content=\"2 minutos\" \/>\n<script type=\"application\/ld+json\" class=\"yoast-schema-graph\">{\"@context\":\"https:\\\/\\\/schema.org\",\"@graph\":[{\"@type\":\"WebPage\",\"@id\":\"https:\\\/\\\/biopesaje.com\\\/index.php\\\/product\\\/molinoelectricoparacarne12fullinox304\\\/\",\"url\":\"https:\\\/\\\/biopesaje.com\\\/index.php\\\/product\\\/molinoelectricoparacarne12fullinox304\\\/\",\"name\":\"Molinoel\u00e9ctricoparacarne#12fullinox304 - BIOPESAJE S.A.S.\",\"isPartOf\":{\"@id\":\"https:\\\/\\\/biopesaje.com\\\/#website\"},\"primaryImageOfPage\":{\"@id\":\"https:\\\/\\\/biopesaje.com\\\/index.php\\\/product\\\/molinoelectricoparacarne12fullinox304\\\/#primaryimage\"},\"image\":{\"@id\":\"https:\\\/\\\/biopesaje.com\\\/index.php\\\/product\\\/molinoelectricoparacarne12fullinox304\\\/#primaryimage\"},\"thumbnailUrl\":\"https:\\\/\\\/biopesaje.com\\\/wp-content\\\/uploads\\\/2021\\\/05\\\/molino-12-4.jpg\",\"datePublished\":\"2021-05-13T18:43:14+00:00\",\"dateModified\":\"2025-07-28T17:11:11+00:00\",\"description\":\"Biopesaje S.A.S cuenta con la mejor selecci\u00f3n de equipos en categor\u00edas como pesaje, procesamiento y empaque de la industria alimenticia. Molinoel\u00e9ctricoparacarne#12fullinox304\",\"breadcrumb\":{\"@id\":\"https:\\\/\\\/biopesaje.com\\\/index.php\\\/product\\\/molinoelectricoparacarne12fullinox304\\\/#breadcrumb\"},\"inLanguage\":\"es-CO\",\"potentialAction\":[{\"@type\":\"ReadAction\",\"target\":[\"https:\\\/\\\/biopesaje.com\\\/index.php\\\/product\\\/molinoelectricoparacarne12fullinox304\\\/\"]}]},{\"@type\":\"ImageObject\",\"inLanguage\":\"es-CO\",\"@id\":\"https:\\\/\\\/biopesaje.com\\\/index.php\\\/product\\\/molinoelectricoparacarne12fullinox304\\\/#primaryimage\",\"url\":\"https:\\\/\\\/biopesaje.com\\\/wp-content\\\/uploads\\\/2021\\\/05\\\/molino-12-4.jpg\",\"contentUrl\":\"https:\\\/\\\/biopesaje.com\\\/wp-content\\\/uploads\\\/2021\\\/05\\\/molino-12-4.jpg\",\"width\":2500,\"height\":2500,\"caption\":\"Molinoel\u00e9ctricoparacarne#12fullinox304\"},{\"@type\":\"BreadcrumbList\",\"@id\":\"https:\\\/\\\/biopesaje.com\\\/index.php\\\/product\\\/molinoelectricoparacarne12fullinox304\\\/#breadcrumb\",\"itemListElement\":[{\"@type\":\"ListItem\",\"position\":1,\"name\":\"Home\",\"item\":\"https:\\\/\\\/biopesaje.com\\\/\"},{\"@type\":\"ListItem\",\"position\":2,\"name\":\"Productos\",\"item\":\"https:\\\/\\\/biopesaje.com\\\/index.php\\\/tienda\\\/\"},{\"@type\":\"ListItem\",\"position\":3,\"name\":\"Molino el\u00e9ctrico para carne #12 full inox 304\"}]},{\"@type\":\"WebSite\",\"@id\":\"https:\\\/\\\/biopesaje.com\\\/#website\",\"url\":\"https:\\\/\\\/biopesaje.com\\\/\",\"name\":\"BIOPESAJE S.A.S.\",\"description\":\"Ingenier\u00eda de pesaje, metrolog\u00eda y laboratorio.\",\"publisher\":{\"@id\":\"https:\\\/\\\/biopesaje.com\\\/#organization\"},\"potentialAction\":[{\"@type\":\"SearchAction\",\"target\":{\"@type\":\"EntryPoint\",\"urlTemplate\":\"https:\\\/\\\/biopesaje.com\\\/?s={search_term_string}\"},\"query-input\":{\"@type\":\"PropertyValueSpecification\",\"valueRequired\":true,\"valueName\":\"search_term_string\"}}],\"inLanguage\":\"es-CO\"},{\"@type\":\"Organization\",\"@id\":\"https:\\\/\\\/biopesaje.com\\\/#organization\",\"name\":\"BIOPESAJE S.A.S.\",\"url\":\"https:\\\/\\\/biopesaje.com\\\/\",\"logo\":{\"@type\":\"ImageObject\",\"inLanguage\":\"es-CO\",\"@id\":\"https:\\\/\\\/biopesaje.com\\\/#\\\/schema\\\/logo\\\/image\\\/\",\"url\":\"\",\"contentUrl\":\"\",\"caption\":\"BIOPESAJE S.A.S.\"},\"image\":{\"@id\":\"https:\\\/\\\/biopesaje.com\\\/#\\\/schema\\\/logo\\\/image\\\/\"}}]}<\/script>\n<!-- \/ Yoast SEO plugin. -->","yoast_head_json":{"title":"Molinoel\u00e9ctricoparacarne#12fullinox304 - BIOPESAJE S.A.S.","description":"Biopesaje S.A.S cuenta con la mejor selecci\u00f3n de equipos en categor\u00edas como pesaje, procesamiento y empaque de la industria alimenticia. Molinoel\u00e9ctricoparacarne#12fullinox304","robots":{"index":"index","follow":"follow","max-snippet":"max-snippet:-1","max-image-preview":"max-image-preview:large","max-video-preview":"max-video-preview:-1"},"canonical":"https:\/\/biopesaje.com\/index.php\/product\/molinoelectricoparacarne12fullinox304\/","og_locale":"es_ES","og_type":"article","og_title":"Molinoel\u00e9ctricoparacarne#12fullinox304 - BIOPESAJE S.A.S.","og_description":"Biopesaje S.A.S cuenta con la mejor selecci\u00f3n de equipos en categor\u00edas como pesaje, procesamiento y empaque de la industria alimenticia. Molinoel\u00e9ctricoparacarne#12fullinox304","og_url":"https:\/\/biopesaje.com\/index.php\/product\/molinoelectricoparacarne12fullinox304\/","og_site_name":"BIOPESAJE S.A.S.","article_modified_time":"2025-07-28T17:11:11+00:00","og_image":[{"width":2500,"height":2500,"url":"https:\/\/biopesaje.com\/wp-content\/uploads\/2021\/05\/molino-12-4.jpg","type":"image\/jpeg"}],"twitter_card":"summary_large_image","twitter_misc":{"Tiempo de lectura":"2 minutos"},"schema":{"@context":"https:\/\/schema.org","@graph":[{"@type":"WebPage","@id":"https:\/\/biopesaje.com\/index.php\/product\/molinoelectricoparacarne12fullinox304\/","url":"https:\/\/biopesaje.com\/index.php\/product\/molinoelectricoparacarne12fullinox304\/","name":"Molinoel\u00e9ctricoparacarne#12fullinox304 - BIOPESAJE S.A.S.","isPartOf":{"@id":"https:\/\/biopesaje.com\/#website"},"primaryImageOfPage":{"@id":"https:\/\/biopesaje.com\/index.php\/product\/molinoelectricoparacarne12fullinox304\/#primaryimage"},"image":{"@id":"https:\/\/biopesaje.com\/index.php\/product\/molinoelectricoparacarne12fullinox304\/#primaryimage"},"thumbnailUrl":"https:\/\/biopesaje.com\/wp-content\/uploads\/2021\/05\/molino-12-4.jpg","datePublished":"2021-05-13T18:43:14+00:00","dateModified":"2025-07-28T17:11:11+00:00","description":"Biopesaje S.A.S cuenta con la mejor selecci\u00f3n de equipos en categor\u00edas como pesaje, procesamiento y empaque de la industria alimenticia. Molinoel\u00e9ctricoparacarne#12fullinox304","breadcrumb":{"@id":"https:\/\/biopesaje.com\/index.php\/product\/molinoelectricoparacarne12fullinox304\/#breadcrumb"},"inLanguage":"es-CO","potentialAction":[{"@type":"ReadAction","target":["https:\/\/biopesaje.com\/index.php\/product\/molinoelectricoparacarne12fullinox304\/"]}]},{"@type":"ImageObject","inLanguage":"es-CO","@id":"https:\/\/biopesaje.com\/index.php\/product\/molinoelectricoparacarne12fullinox304\/#primaryimage","url":"https:\/\/biopesaje.com\/wp-content\/uploads\/2021\/05\/molino-12-4.jpg","contentUrl":"https:\/\/biopesaje.com\/wp-content\/uploads\/2021\/05\/molino-12-4.jpg","width":2500,"height":2500,"caption":"Molinoel\u00e9ctricoparacarne#12fullinox304"},{"@type":"BreadcrumbList","@id":"https:\/\/biopesaje.com\/index.php\/product\/molinoelectricoparacarne12fullinox304\/#breadcrumb","itemListElement":[{"@type":"ListItem","position":1,"name":"Home","item":"https:\/\/biopesaje.com\/"},{"@type":"ListItem","position":2,"name":"Productos","item":"https:\/\/biopesaje.com\/index.php\/tienda\/"},{"@type":"ListItem","position":3,"name":"Molino el\u00e9ctrico para carne #12 full inox 304"}]},{"@type":"WebSite","@id":"https:\/\/biopesaje.com\/#website","url":"https:\/\/biopesaje.com\/","name":"BIOPESAJE S.A.S.","description":"Ingenier\u00eda de pesaje, metrolog\u00eda y laboratorio.","publisher":{"@id":"https:\/\/biopesaje.com\/#organization"},"potentialAction":[{"@type":"SearchAction","target":{"@type":"EntryPoint","urlTemplate":"https:\/\/biopesaje.com\/?s={search_term_string}"},"query-input":{"@type":"PropertyValueSpecification","valueRequired":true,"valueName":"search_term_string"}}],"inLanguage":"es-CO"},{"@type":"Organization","@id":"https:\/\/biopesaje.com\/#organization","name":"BIOPESAJE S.A.S.","url":"https:\/\/biopesaje.com\/","logo":{"@type":"ImageObject","inLanguage":"es-CO","@id":"https:\/\/biopesaje.com\/#\/schema\/logo\/image\/","url":"","contentUrl":"","caption":"BIOPESAJE S.A.S."},"image":{"@id":"https:\/\/biopesaje.com\/#\/schema\/logo\/image\/"}}]}},"uagb_featured_image_src":{"full":["https:\/\/biopesaje.com\/wp-content\/uploads\/2021\/05\/molino-12-4.jpg",2500,2500,false],"thumbnail":["https:\/\/biopesaje.com\/wp-content\/uploads\/2021\/05\/molino-12-4-150x150.jpg",150,150,true],"medium":["https:\/\/biopesaje.com\/wp-content\/uploads\/2021\/05\/molino-12-4-300x300.jpg",300,300,true],"medium_large":["https:\/\/biopesaje.com\/wp-content\/uploads\/2021\/05\/molino-12-4-768x768.jpg",640,640,true],"large":["https:\/\/biopesaje.com\/wp-content\/uploads\/2021\/05\/molino-12-4-1024x1024.jpg",640,640,true],"1536x1536":["https:\/\/biopesaje.com\/wp-content\/uploads\/2021\/05\/molino-12-4-1536x1536.jpg",1536,1536,true],"2048x2048":["https:\/\/biopesaje.com\/wp-content\/uploads\/2021\/05\/molino-12-4-2048x2048.jpg",2048,2048,true],"woocommerce_thumbnail":["https:\/\/biopesaje.com\/wp-content\/uploads\/2021\/05\/molino-12-4-320x320.jpg",320,320,true],"woocommerce_single":["https:\/\/biopesaje.com\/wp-content\/uploads\/2021\/05\/molino-12-4.jpg",2500,2500,false],"woocommerce_gallery_thumbnail":["https:\/\/biopesaje.com\/wp-content\/uploads\/2021\/05\/molino-12-4-100x100.jpg",100,100,true],"thaps-thumb-img":["https:\/\/biopesaje.com\/wp-content\/uploads\/2021\/05\/molino-12-4.jpg",48,48,false],"taiowc-thumb-img":["https:\/\/biopesaje.com\/wp-content\/uploads\/2021\/05\/molino-12-4.jpg",48,48,false]},"uagb_author_info":{"display_name":"Diego Martinez","author_link":"https:\/\/biopesaje.com\/index.php\/author\/"},"uagb_comment_info":0,"uagb_excerpt":"Molinoel\u00e9ctricoparacarne#12fullinox304 Interruptor Industrial con reversa 1 Caballo de fuerza (1HP) \/ 750 W Construcci\u00f3n 100% de acero inoxidable","jetpack_sharing_enabled":true,"_links":{"self":[{"href":"https:\/\/biopesaje.com\/index.php\/wp-json\/wp\/v2\/product\/773","targetHints":{"allow":["GET"]}}],"collection":[{"href":"https:\/\/biopesaje.com\/index.php\/wp-json\/wp\/v2\/product"}],"about":[{"href":"https:\/\/biopesaje.com\/index.php\/wp-json\/wp\/v2\/types\/product"}],"version-history":[{"count":55,"href":"https:\/\/biopesaje.com\/index.php\/wp-json\/wp\/v2\/product\/773\/revisions"}],"predecessor-version":[{"id":9450,"href":"https:\/\/biopesaje.com\/index.php\/wp-json\/wp\/v2\/product\/773\/revisions\/9450"}],"wp:featuredmedia":[{"embeddable":true,"href":"https:\/\/biopesaje.com\/index.php\/wp-json\/wp\/v2\/media\/785"}],"wp:attachment":[{"href":"https:\/\/biopesaje.com\/index.php\/wp-json\/wp\/v2\/media?parent=773"}],"wp:term":[{"taxonomy":"product_brand","embeddable":true,"href":"https:\/\/biopesaje.com\/index.php\/wp-json\/wp\/v2\/product_brand?post=773"},{"taxonomy":"product_cat","embeddable":true,"href":"https:\/\/biopesaje.com\/index.php\/wp-json\/wp\/v2\/product_cat?post=773"},{"taxonomy":"product_tag","embeddable":true,"href":"https:\/\/biopesaje.com\/index.php\/wp-json\/wp\/v2\/product_tag?post=773"}],"curies":[{"name":"wp","href":"https:\/\/api.w.org\/{rel}","templated":true}]}}