{"id":8169,"date":"2025-04-14T15:48:19","date_gmt":"2025-04-14T15:48:19","guid":{"rendered":"https:\/\/biopesaje.com\/?post_type=product&#038;p=8169"},"modified":"2025-04-14T21:56:55","modified_gmt":"2025-04-14T21:56:55","slug":"controladora-de-peso-gm-chexgo-cw-100g","status":"publish","type":"product","link":"https:\/\/biopesaje.com\/index.php\/product\/controladora-de-peso-gm-chexgo-cw-100g\/","title":{"rendered":"Controladora de peso GM ChexGo CW-100G"},"content":{"rendered":"\t\t<div data-elementor-type=\"wp-post\" data-elementor-id=\"8169\" class=\"elementor elementor-8169\" data-elementor-post-type=\"product\">\n\t\t\t\t\t\t<section class=\"elementor-section elementor-top-section elementor-element elementor-element-5bd5cd50 elementor-section-boxed elementor-section-height-default elementor-section-height-default\" data-id=\"5bd5cd50\" data-element_type=\"section\" data-e-type=\"section\">\n\t\t\t\t\t\t<div class=\"elementor-container elementor-column-gap-default\">\n\t\t\t\t\t<div class=\"elementor-column elementor-col-100 elementor-top-column elementor-element elementor-element-5c718e4d\" data-id=\"5c718e4d\" data-element_type=\"column\" data-e-type=\"column\">\n\t\t\t<div class=\"elementor-widget-wrap elementor-element-populated\">\n\t\t\t\t\t\t<div class=\"elementor-element elementor-element-450ad1ec elementor-widget elementor-widget-text-editor\" data-id=\"450ad1ec\" data-element_type=\"widget\" data-e-type=\"widget\" data-widget_type=\"text-editor.default\">\n\t\t\t\t<div class=\"elementor-widget-container\">\n\t\t\t\t\t\t\t\t\t<p>La\u00a0<strong>controladora de peso GM ChexGo CW-100G<\/strong>\u00a0representa lo \u00faltimo en tecnolog\u00eda de pesaje din\u00e1mico, dise\u00f1ada espec\u00edficamente para cumplir con los exigentes est\u00e1ndares de la\u00a0<strong>industria farmac\u00e9utica<\/strong>. Fabricada en\u00a0<strong>acero inoxidable de primera calidad<\/strong>, este equipo no solo cumple con las m\u00e1s recientes normativas de seguridad el\u00e9ctrica, sino que tambi\u00e9n ofrece un\u00a0<strong>rendimiento excepcional en higiene y durabilidad<\/strong>. Con un rango de pesaje \u00f3ptimo de hasta\u00a0<strong>600 g<\/strong>\u00a0(y m\u00e1ximo rendimiento en 100 g), el CW-100G garantiza una\u00a0<strong>precisi\u00f3n sin igual<\/strong>, especialmente con envases flexibles, gracias a su avanzado sistema de\u00a0<strong>compensaci\u00f3n autom\u00e1tica y seguimiento de cero<\/strong>.<\/p><p>El dise\u00f1o intuitivo del CW-100G incluye una\u00a0<strong>pantalla TFT de 10 pulgadas<\/strong>\u00a0con interfaz gr\u00e1fica de usuario, facilitando su operaci\u00f3n y reduciendo la curva de aprendizaje. Su\u00a0<strong>sistema de correas de f\u00e1cil cambio<\/strong>\u00a0agiliza el mantenimiento, minimizando los tiempos de inactividad en la l\u00ednea de producci\u00f3n. Adem\u00e1s, el\u00a0<strong>control de velocidad variable de la banda transportadora<\/strong>\u00a0permite una adaptaci\u00f3n perfecta a diferentes tipos de productos, ya sean envasados o no envasados, asegurando un flujo de trabajo continuo y eficiente.<\/p><p>Para garantizar la m\u00e1xima trazabilidad, el CW-100G cuenta con capacidad de\u00a0<strong>almacenar hasta 1,000,000 de registros de peso<\/strong>, permitiendo un an\u00e1lisis estad\u00edstico detallado y la generaci\u00f3n de informes precisos. Su\u00a0<strong>conectividad para impresi\u00f3n de datos<\/strong>\u00a0facilita el cumplimiento de normativas y auditor\u00edas. Los\u00a0<strong>componentes de alta resistencia<\/strong>, incluyendo transportadores robustos y electr\u00f3nica de calidad premium, aseguran una\u00a0<strong>larga vida \u00fatil y bajo mantenimiento<\/strong>, incluso en entornos de producci\u00f3n intensivos.<\/p><p>La <strong>GM ChexGo CW-100G<\/strong>\u00a0es la soluci\u00f3n ideal para empresas farmac\u00e9uticas que buscan\u00a0<strong>precisi\u00f3n, fiabilidad y cumplimiento normativo<\/strong>. Su combinaci\u00f3n de\u00a0<strong>tecnolog\u00eda avanzada, dise\u00f1o higi\u00e9nico y facilidad de uso<\/strong>\u00a0la convierte en la elecci\u00f3n perfecta para optimizar los procesos de control de calidad y garantizar la\u00a0<strong>consistencia en cada producto<\/strong>.<\/p>\t\t\t\t\t\t\t\t<\/div>\n\t\t\t\t<\/div>\n\t\t\t\t\t<\/div>\n\t\t<\/div>\n\t\t\t\t\t<\/div>\n\t\t<\/section>\n\t\t\t\t<section class=\"elementor-section elementor-top-section elementor-element elementor-element-141e5d4 elementor-section-boxed elementor-section-height-default elementor-section-height-default\" data-id=\"141e5d4\" data-element_type=\"section\" data-e-type=\"section\">\n\t\t\t\t\t\t<div class=\"elementor-container elementor-column-gap-default\">\n\t\t\t\t\t<div class=\"elementor-column elementor-col-100 elementor-top-column elementor-element elementor-element-9ed7bb7\" data-id=\"9ed7bb7\" data-element_type=\"column\" data-e-type=\"column\">\n\t\t\t<div class=\"elementor-widget-wrap elementor-element-populated\">\n\t\t\t\t\t\t<div class=\"elementor-element elementor-element-d89946a elementor-widget elementor-widget-heading\" data-id=\"d89946a\" data-element_type=\"widget\" data-e-type=\"widget\" data-widget_type=\"heading.default\">\n\t\t\t\t<div class=\"elementor-widget-container\">\n\t\t\t\t\t<h3 class=\"elementor-heading-title elementor-size-default\">Documentaci\u00f3n<\/h3>\t\t\t\t<\/div>\n\t\t\t\t<\/div>\n\t\t\t\t<div class=\"elementor-element elementor-element-a53f83c elementor-widget elementor-widget-eael-adv-accordion\" data-id=\"a53f83c\" data-element_type=\"widget\" data-e-type=\"widget\" data-widget_type=\"eael-adv-accordion.default\">\n\t\t\t\t<div class=\"elementor-widget-container\">\n\t\t\t\t\t            <div class=\"eael-adv-accordion\" id=\"eael-adv-accordion-a53f83c\" data-scroll-on-click=\"no\" data-scroll-speed=\"300\" data-accordion-id=\"a53f83c\" data-accordion-type=\"accordion\" data-toogle-speed=\"300\">\n            <div class=\"eael-accordion-list\">\n\t\t\t\t\t<div id=\"documentos\" class=\"elementor-tab-title eael-accordion-header\" tabindex=\"0\" data-tab=\"1\" aria-controls=\"elementor-tab-content-1731\"><span class=\"eael-advanced-accordion-icon-closed\"><i aria-hidden=\"true\" class=\"fa-accordion-icon far fa-file-pdf\"><\/i><\/span><span class=\"eael-advanced-accordion-icon-opened\"><i aria-hidden=\"true\" class=\"fa-accordion-icon fas fa-minus\"><\/i><\/span><span class=\"eael-accordion-tab-title\">Documentos<\/span><\/div><div id=\"elementor-tab-content-1731\" class=\"eael-accordion-content clearfix\" data-tab=\"1\" aria-labelledby=\"documentos\"><p><a href=\"https:\/\/biopesaje.com\/wp-content\/uploads\/2025\/04\/CW-100G-Catalogo.pdf\" target=\"_blank\" rel=\"noopener\"><img decoding=\"async\" class=\"wp-image-2526 alignnone\" src=\"https:\/\/biopesaje.com\/wp-content\/uploads\/2022\/02\/391px-PDF_file_icon.svg.png\" alt=\"\" width=\"30\" height=\"37\" srcset=\"https:\/\/biopesaje.com\/wp-content\/uploads\/2022\/02\/391px-PDF_file_icon.svg.png 391w, https:\/\/biopesaje.com\/wp-content\/uploads\/2022\/02\/391px-PDF_file_icon.svg-300x368.png 300w, https:\/\/biopesaje.com\/wp-content\/uploads\/2022\/02\/391px-PDF_file_icon.svg-244x300.png 244w, https:\/\/biopesaje.com\/wp-content\/uploads\/2022\/02\/391px-PDF_file_icon.svg-48x59.png 48w\" sizes=\"(max-width: 30px) 100vw, 30px\" \/> Cat\u00e1logo Controladora de peso GM ChexGo CW-100G<\/a>\u00a0<\/p><p><a href=\"https:\/\/biopesaje.com\/wp-content\/uploads\/2025\/04\/Certificate-of-compliance.pdf\" target=\"_blank\" rel=\"noopener\"><img decoding=\"async\" class=\"wp-image-2526 alignnone\" src=\"https:\/\/biopesaje.com\/wp-content\/uploads\/2022\/02\/391px-PDF_file_icon.svg.png\" alt=\"\" width=\"30\" height=\"37\" srcset=\"https:\/\/biopesaje.com\/wp-content\/uploads\/2022\/02\/391px-PDF_file_icon.svg.png 391w, https:\/\/biopesaje.com\/wp-content\/uploads\/2022\/02\/391px-PDF_file_icon.svg-300x368.png 300w, https:\/\/biopesaje.com\/wp-content\/uploads\/2022\/02\/391px-PDF_file_icon.svg-244x300.png 244w, https:\/\/biopesaje.com\/wp-content\/uploads\/2022\/02\/391px-PDF_file_icon.svg-48x59.png 48w\" sizes=\"(max-width: 30px) 100vw, 30px\" \/>Certificate of compliance Controladora de peso GM ChexGo CW-100G\u00a0<\/a><\/p><p><a href=\"https:\/\/biopesaje.com\/wp-content\/uploads\/2025\/04\/CW-100G-Manual.pdf\" target=\"_blank\" rel=\"noopener\"><img decoding=\"async\" class=\"wp-image-2526 alignnone\" src=\"https:\/\/biopesaje.com\/wp-content\/uploads\/2022\/02\/391px-PDF_file_icon.svg.png\" alt=\"\" width=\"30\" height=\"37\" srcset=\"https:\/\/biopesaje.com\/wp-content\/uploads\/2022\/02\/391px-PDF_file_icon.svg.png 391w, https:\/\/biopesaje.com\/wp-content\/uploads\/2022\/02\/391px-PDF_file_icon.svg-300x368.png 300w, https:\/\/biopesaje.com\/wp-content\/uploads\/2022\/02\/391px-PDF_file_icon.svg-244x300.png 244w, https:\/\/biopesaje.com\/wp-content\/uploads\/2022\/02\/391px-PDF_file_icon.svg-48x59.png 48w\" sizes=\"(max-width: 30px) 100vw, 30px\" \/> Manual Controladora de peso GM ChexGo CW-100G<\/a>\u00a0<\/p><\/div>\n\t\t\t\t\t<\/div><\/div>\t\t\t\t<\/div>\n\t\t\t\t<\/div>\n\t\t\t\t\t<\/div>\n\t\t<\/div>\n\t\t\t\t\t<\/div>\n\t\t<\/section>\n\t\t\t\t<section class=\"elementor-section elementor-top-section elementor-element elementor-element-5e521e2 elementor-section-boxed elementor-section-height-default elementor-section-height-default\" data-id=\"5e521e2\" data-element_type=\"section\" data-e-type=\"section\">\n\t\t\t\t\t\t<div class=\"elementor-container elementor-column-gap-default\">\n\t\t\t\t\t<div class=\"elementor-column elementor-col-100 elementor-top-column elementor-element elementor-element-8a4e6b4\" data-id=\"8a4e6b4\" data-element_type=\"column\" data-e-type=\"column\">\n\t\t\t<div class=\"elementor-widget-wrap elementor-element-populated\">\n\t\t\t\t\t\t\t<\/div>\n\t\t<\/div>\n\t\t\t\t\t<\/div>\n\t\t<\/section>\n\t\t\t\t<\/div>\n\t\t","protected":false},"excerpt":{"rendered":"<p>La\u00a0<strong>controladora de peso GM ChexGo CW100G<\/strong>\u00a0es la soluci\u00f3n perfecta para el\u00a0<strong>control de calidad en producci\u00f3n<\/strong>, ofreciendo\u00a0<strong>precisi\u00f3n industrial (\u00b10.1g) y alta velocidad (hasta 300ppm)<\/strong>. Fabricada en\u00a0<strong>acero inoxidable de grado alimenticio<\/strong>, cumple con los m\u00e1s altos est\u00e1ndares de\u00a0<strong>seguridad e higiene<\/strong>\u00a0para industrias farmac\u00e9uticas y alimentarias. Equipada con\u00a0<strong>pantalla t\u00e1ctil de 15&#8243;, c\u00e9lula de carga HBM y componentes premium (Schneider, FESTO)<\/strong>, garantiza\u00a0<strong>mediciones exactas y durabilidad excepcional<\/strong>. Su sistema\u00a0<strong>autom\u00e1tico de compensaci\u00f3n y almacenamiento de datos (1,000,000 registros)<\/strong>\u00a0optimiza la eficiencia productiva. Ideal para empresas que requieren\u00a0<strong>trazabilidad, automatizaci\u00f3n y cumplimiento normativo<\/strong>\u00a0en procesos de pesaje din\u00e1mico.<\/p>\n","protected":false},"featured_media":8173,"template":"","meta":{"_uag_custom_page_level_css":"","_joinchat":[]},"product_brand":[],"product_cat":[139,140],"product_tag":[],"class_list":{"0":"post-8169","1":"product","2":"type-product","3":"status-publish","4":"has-post-thumbnail","6":"product_cat-chequeador-de-peso","7":"product_cat-soluciones-de-pesaje-industrial","8":"thunk-woo-product-list","9":"opn-qv-enable","10":"top-store-woo-hover-none","11":"top-store-single-product-tab-horizontal","12":"top-store-shadow-","13":"top-store-shadow-hover-","15":"first","16":"instock","17":"taxable","18":"shipping-taxable","19":"product-type-simple"},"yoast_head":"<!-- This site is optimized with the Yoast SEO plugin v27.4 - https:\/\/yoast.com\/product\/yoast-seo-wordpress\/ -->\n<title>CW-100G controladora de peso GM ChexGo - BIOPESAJE S.A.S.<\/title>\n<meta name=\"description\" content=\"Biopesaje S.A.S cuenta con la mejor selecci\u00f3n de equipos en categor\u00edas como pesaje procesamiento y empaque de la industria alimenticia. CW-100G\" \/>\n<meta name=\"robots\" content=\"index, follow, max-snippet:-1, max-image-preview:large, max-video-preview:-1\" \/>\n<link rel=\"canonical\" href=\"https:\/\/biopesaje.com\/index.php\/product\/controladora-de-peso-gm-chexgo-cw-100g\/\" \/>\n<meta property=\"og:locale\" content=\"es_ES\" \/>\n<meta property=\"og:type\" content=\"article\" \/>\n<meta property=\"og:title\" content=\"CW-100G controladora de peso GM ChexGo - BIOPESAJE S.A.S.\" \/>\n<meta property=\"og:description\" content=\"Biopesaje S.A.S cuenta con la mejor selecci\u00f3n de equipos en categor\u00edas como pesaje procesamiento y empaque de la industria alimenticia. CW-100G\" \/>\n<meta property=\"og:url\" content=\"https:\/\/biopesaje.com\/index.php\/product\/controladora-de-peso-gm-chexgo-cw-100g\/\" \/>\n<meta property=\"og:site_name\" content=\"BIOPESAJE S.A.S.\" \/>\n<meta property=\"article:modified_time\" content=\"2025-04-14T21:56:55+00:00\" \/>\n<meta property=\"og:image\" content=\"https:\/\/biopesaje.com\/wp-content\/uploads\/2025\/04\/CW-100G-2.jpg\" \/>\n\t<meta property=\"og:image:width\" content=\"850\" \/>\n\t<meta property=\"og:image:height\" content=\"926\" \/>\n\t<meta property=\"og:image:type\" content=\"image\/jpeg\" \/>\n<meta name=\"twitter:card\" content=\"summary_large_image\" \/>\n<meta name=\"twitter:label1\" content=\"Tiempo de lectura\" \/>\n\t<meta name=\"twitter:data1\" content=\"3 minutos\" \/>\n<script type=\"application\/ld+json\" class=\"yoast-schema-graph\">{\"@context\":\"https:\\\/\\\/schema.org\",\"@graph\":[{\"@type\":\"WebPage\",\"@id\":\"https:\\\/\\\/biopesaje.com\\\/index.php\\\/product\\\/controladora-de-peso-gm-chexgo-cw-100g\\\/\",\"url\":\"https:\\\/\\\/biopesaje.com\\\/index.php\\\/product\\\/controladora-de-peso-gm-chexgo-cw-100g\\\/\",\"name\":\"CW-100G controladora de peso GM ChexGo - BIOPESAJE S.A.S.\",\"isPartOf\":{\"@id\":\"https:\\\/\\\/biopesaje.com\\\/#website\"},\"primaryImageOfPage\":{\"@id\":\"https:\\\/\\\/biopesaje.com\\\/index.php\\\/product\\\/controladora-de-peso-gm-chexgo-cw-100g\\\/#primaryimage\"},\"image\":{\"@id\":\"https:\\\/\\\/biopesaje.com\\\/index.php\\\/product\\\/controladora-de-peso-gm-chexgo-cw-100g\\\/#primaryimage\"},\"thumbnailUrl\":\"https:\\\/\\\/biopesaje.com\\\/wp-content\\\/uploads\\\/2025\\\/04\\\/CW-100G-2.jpg\",\"datePublished\":\"2025-04-14T15:48:19+00:00\",\"dateModified\":\"2025-04-14T21:56:55+00:00\",\"description\":\"Biopesaje S.A.S cuenta con la mejor selecci\u00f3n de equipos en categor\u00edas como pesaje procesamiento y empaque de la industria alimenticia. CW-100G\",\"breadcrumb\":{\"@id\":\"https:\\\/\\\/biopesaje.com\\\/index.php\\\/product\\\/controladora-de-peso-gm-chexgo-cw-100g\\\/#breadcrumb\"},\"inLanguage\":\"es-CO\",\"potentialAction\":[{\"@type\":\"ReadAction\",\"target\":[\"https:\\\/\\\/biopesaje.com\\\/index.php\\\/product\\\/controladora-de-peso-gm-chexgo-cw-100g\\\/\"]}]},{\"@type\":\"ImageObject\",\"inLanguage\":\"es-CO\",\"@id\":\"https:\\\/\\\/biopesaje.com\\\/index.php\\\/product\\\/controladora-de-peso-gm-chexgo-cw-100g\\\/#primaryimage\",\"url\":\"https:\\\/\\\/biopesaje.com\\\/wp-content\\\/uploads\\\/2025\\\/04\\\/CW-100G-2.jpg\",\"contentUrl\":\"https:\\\/\\\/biopesaje.com\\\/wp-content\\\/uploads\\\/2025\\\/04\\\/CW-100G-2.jpg\",\"width\":850,\"height\":926,\"caption\":\"CW-100G\"},{\"@type\":\"BreadcrumbList\",\"@id\":\"https:\\\/\\\/biopesaje.com\\\/index.php\\\/product\\\/controladora-de-peso-gm-chexgo-cw-100g\\\/#breadcrumb\",\"itemListElement\":[{\"@type\":\"ListItem\",\"position\":1,\"name\":\"Home\",\"item\":\"https:\\\/\\\/biopesaje.com\\\/\"},{\"@type\":\"ListItem\",\"position\":2,\"name\":\"Productos\",\"item\":\"https:\\\/\\\/biopesaje.com\\\/index.php\\\/tienda\\\/\"},{\"@type\":\"ListItem\",\"position\":3,\"name\":\"Controladora de peso GM ChexGo CW-100G\"}]},{\"@type\":\"WebSite\",\"@id\":\"https:\\\/\\\/biopesaje.com\\\/#website\",\"url\":\"https:\\\/\\\/biopesaje.com\\\/\",\"name\":\"BIOPESAJE S.A.S.\",\"description\":\"Ingenier\u00eda de pesaje, metrolog\u00eda y laboratorio.\",\"publisher\":{\"@id\":\"https:\\\/\\\/biopesaje.com\\\/#organization\"},\"potentialAction\":[{\"@type\":\"SearchAction\",\"target\":{\"@type\":\"EntryPoint\",\"urlTemplate\":\"https:\\\/\\\/biopesaje.com\\\/?s={search_term_string}\"},\"query-input\":{\"@type\":\"PropertyValueSpecification\",\"valueRequired\":true,\"valueName\":\"search_term_string\"}}],\"inLanguage\":\"es-CO\"},{\"@type\":\"Organization\",\"@id\":\"https:\\\/\\\/biopesaje.com\\\/#organization\",\"name\":\"BIOPESAJE S.A.S.\",\"url\":\"https:\\\/\\\/biopesaje.com\\\/\",\"logo\":{\"@type\":\"ImageObject\",\"inLanguage\":\"es-CO\",\"@id\":\"https:\\\/\\\/biopesaje.com\\\/#\\\/schema\\\/logo\\\/image\\\/\",\"url\":\"\",\"contentUrl\":\"\",\"caption\":\"BIOPESAJE S.A.S.\"},\"image\":{\"@id\":\"https:\\\/\\\/biopesaje.com\\\/#\\\/schema\\\/logo\\\/image\\\/\"}}]}<\/script>\n<!-- \/ Yoast SEO plugin. -->","yoast_head_json":{"title":"CW-100G controladora de peso GM ChexGo - BIOPESAJE S.A.S.","description":"Biopesaje S.A.S cuenta con la mejor selecci\u00f3n de equipos en categor\u00edas como pesaje procesamiento y empaque de la industria alimenticia. CW-100G","robots":{"index":"index","follow":"follow","max-snippet":"max-snippet:-1","max-image-preview":"max-image-preview:large","max-video-preview":"max-video-preview:-1"},"canonical":"https:\/\/biopesaje.com\/index.php\/product\/controladora-de-peso-gm-chexgo-cw-100g\/","og_locale":"es_ES","og_type":"article","og_title":"CW-100G controladora de peso GM ChexGo - BIOPESAJE S.A.S.","og_description":"Biopesaje S.A.S cuenta con la mejor selecci\u00f3n de equipos en categor\u00edas como pesaje procesamiento y empaque de la industria alimenticia. CW-100G","og_url":"https:\/\/biopesaje.com\/index.php\/product\/controladora-de-peso-gm-chexgo-cw-100g\/","og_site_name":"BIOPESAJE S.A.S.","article_modified_time":"2025-04-14T21:56:55+00:00","og_image":[{"width":850,"height":926,"url":"https:\/\/biopesaje.com\/wp-content\/uploads\/2025\/04\/CW-100G-2.jpg","type":"image\/jpeg"}],"twitter_card":"summary_large_image","twitter_misc":{"Tiempo de lectura":"3 minutos"},"schema":{"@context":"https:\/\/schema.org","@graph":[{"@type":"WebPage","@id":"https:\/\/biopesaje.com\/index.php\/product\/controladora-de-peso-gm-chexgo-cw-100g\/","url":"https:\/\/biopesaje.com\/index.php\/product\/controladora-de-peso-gm-chexgo-cw-100g\/","name":"CW-100G controladora de peso GM ChexGo - BIOPESAJE S.A.S.","isPartOf":{"@id":"https:\/\/biopesaje.com\/#website"},"primaryImageOfPage":{"@id":"https:\/\/biopesaje.com\/index.php\/product\/controladora-de-peso-gm-chexgo-cw-100g\/#primaryimage"},"image":{"@id":"https:\/\/biopesaje.com\/index.php\/product\/controladora-de-peso-gm-chexgo-cw-100g\/#primaryimage"},"thumbnailUrl":"https:\/\/biopesaje.com\/wp-content\/uploads\/2025\/04\/CW-100G-2.jpg","datePublished":"2025-04-14T15:48:19+00:00","dateModified":"2025-04-14T21:56:55+00:00","description":"Biopesaje S.A.S cuenta con la mejor selecci\u00f3n de equipos en categor\u00edas como pesaje procesamiento y empaque de la industria alimenticia. CW-100G","breadcrumb":{"@id":"https:\/\/biopesaje.com\/index.php\/product\/controladora-de-peso-gm-chexgo-cw-100g\/#breadcrumb"},"inLanguage":"es-CO","potentialAction":[{"@type":"ReadAction","target":["https:\/\/biopesaje.com\/index.php\/product\/controladora-de-peso-gm-chexgo-cw-100g\/"]}]},{"@type":"ImageObject","inLanguage":"es-CO","@id":"https:\/\/biopesaje.com\/index.php\/product\/controladora-de-peso-gm-chexgo-cw-100g\/#primaryimage","url":"https:\/\/biopesaje.com\/wp-content\/uploads\/2025\/04\/CW-100G-2.jpg","contentUrl":"https:\/\/biopesaje.com\/wp-content\/uploads\/2025\/04\/CW-100G-2.jpg","width":850,"height":926,"caption":"CW-100G"},{"@type":"BreadcrumbList","@id":"https:\/\/biopesaje.com\/index.php\/product\/controladora-de-peso-gm-chexgo-cw-100g\/#breadcrumb","itemListElement":[{"@type":"ListItem","position":1,"name":"Home","item":"https:\/\/biopesaje.com\/"},{"@type":"ListItem","position":2,"name":"Productos","item":"https:\/\/biopesaje.com\/index.php\/tienda\/"},{"@type":"ListItem","position":3,"name":"Controladora de peso GM ChexGo CW-100G"}]},{"@type":"WebSite","@id":"https:\/\/biopesaje.com\/#website","url":"https:\/\/biopesaje.com\/","name":"BIOPESAJE S.A.S.","description":"Ingenier\u00eda de pesaje, metrolog\u00eda y laboratorio.","publisher":{"@id":"https:\/\/biopesaje.com\/#organization"},"potentialAction":[{"@type":"SearchAction","target":{"@type":"EntryPoint","urlTemplate":"https:\/\/biopesaje.com\/?s={search_term_string}"},"query-input":{"@type":"PropertyValueSpecification","valueRequired":true,"valueName":"search_term_string"}}],"inLanguage":"es-CO"},{"@type":"Organization","@id":"https:\/\/biopesaje.com\/#organization","name":"BIOPESAJE S.A.S.","url":"https:\/\/biopesaje.com\/","logo":{"@type":"ImageObject","inLanguage":"es-CO","@id":"https:\/\/biopesaje.com\/#\/schema\/logo\/image\/","url":"","contentUrl":"","caption":"BIOPESAJE S.A.S."},"image":{"@id":"https:\/\/biopesaje.com\/#\/schema\/logo\/image\/"}}]}},"uagb_featured_image_src":{"full":["https:\/\/biopesaje.com\/wp-content\/uploads\/2025\/04\/CW-100G-2.jpg",850,926,false],"thumbnail":["https:\/\/biopesaje.com\/wp-content\/uploads\/2025\/04\/CW-100G-2-150x150.jpg",150,150,true],"medium":["https:\/\/biopesaje.com\/wp-content\/uploads\/2025\/04\/CW-100G-2-275x300.jpg",275,300,true],"medium_large":["https:\/\/biopesaje.com\/wp-content\/uploads\/2025\/04\/CW-100G-2-768x837.jpg",640,698,true],"large":["https:\/\/biopesaje.com\/wp-content\/uploads\/2025\/04\/CW-100G-2.jpg",640,697,false],"1536x1536":["https:\/\/biopesaje.com\/wp-content\/uploads\/2025\/04\/CW-100G-2.jpg",850,926,false],"2048x2048":["https:\/\/biopesaje.com\/wp-content\/uploads\/2025\/04\/CW-100G-2.jpg",850,926,false],"woocommerce_thumbnail":["https:\/\/biopesaje.com\/wp-content\/uploads\/2025\/04\/CW-100G-2-320x320.jpg",320,320,true],"woocommerce_single":["https:\/\/biopesaje.com\/wp-content\/uploads\/2025\/04\/CW-100G-2.jpg",850,926,false],"woocommerce_gallery_thumbnail":["https:\/\/biopesaje.com\/wp-content\/uploads\/2025\/04\/CW-100G-2-100x100.jpg",100,100,true],"thaps-thumb-img":["https:\/\/biopesaje.com\/wp-content\/uploads\/2025\/04\/CW-100G-2-48x52.jpg",48,52,true],"taiowc-thumb-img":["https:\/\/biopesaje.com\/wp-content\/uploads\/2025\/04\/CW-100G-2-48x52.jpg",48,52,true]},"uagb_author_info":{"display_name":"Diego Martinez","author_link":"https:\/\/biopesaje.com\/index.php\/author\/"},"uagb_comment_info":0,"uagb_excerpt":"La\u00a0controladora de peso GM ChexGo CW100G\u00a0es la soluci\u00f3n perfecta para el\u00a0control de calidad en producci\u00f3n, ofreciendo\u00a0precisi\u00f3n industrial (\u00b10.1g) y alta velocidad (hasta 300ppm). Fabricada en\u00a0acero inoxidable de grado alimenticio, cumple con los m\u00e1s altos est\u00e1ndares de\u00a0seguridad e higiene\u00a0para industrias farmac\u00e9uticas y alimentarias. Equipada con\u00a0pantalla t\u00e1ctil de 15\", c\u00e9lula de carga HBM y componentes premium (Schneider,&hellip;","jetpack_sharing_enabled":true,"_links":{"self":[{"href":"https:\/\/biopesaje.com\/index.php\/wp-json\/wp\/v2\/product\/8169","targetHints":{"allow":["GET"]}}],"collection":[{"href":"https:\/\/biopesaje.com\/index.php\/wp-json\/wp\/v2\/product"}],"about":[{"href":"https:\/\/biopesaje.com\/index.php\/wp-json\/wp\/v2\/types\/product"}],"version-history":[{"count":4,"href":"https:\/\/biopesaje.com\/index.php\/wp-json\/wp\/v2\/product\/8169\/revisions"}],"predecessor-version":[{"id":8182,"href":"https:\/\/biopesaje.com\/index.php\/wp-json\/wp\/v2\/product\/8169\/revisions\/8182"}],"wp:featuredmedia":[{"embeddable":true,"href":"https:\/\/biopesaje.com\/index.php\/wp-json\/wp\/v2\/media\/8173"}],"wp:attachment":[{"href":"https:\/\/biopesaje.com\/index.php\/wp-json\/wp\/v2\/media?parent=8169"}],"wp:term":[{"taxonomy":"product_brand","embeddable":true,"href":"https:\/\/biopesaje.com\/index.php\/wp-json\/wp\/v2\/product_brand?post=8169"},{"taxonomy":"product_cat","embeddable":true,"href":"https:\/\/biopesaje.com\/index.php\/wp-json\/wp\/v2\/product_cat?post=8169"},{"taxonomy":"product_tag","embeddable":true,"href":"https:\/\/biopesaje.com\/index.php\/wp-json\/wp\/v2\/product_tag?post=8169"}],"curies":[{"name":"wp","href":"https:\/\/api.w.org\/{rel}","templated":true}]}}