{"id":8402,"date":"2025-04-23T15:27:51","date_gmt":"2025-04-23T15:27:51","guid":{"rendered":"https:\/\/biopesaje.com\/?post_type=product&#038;p=8402"},"modified":"2025-09-10T17:11:39","modified_gmt":"2025-09-10T17:11:39","slug":"indicador-de-pesaje-con-visualizador-led-lcd-lp7512","status":"publish","type":"product","link":"https:\/\/biopesaje.com\/index.php\/product\/indicador-de-pesaje-con-visualizador-led-lcd-lp7512\/","title":{"rendered":"Indicador de pesaje con visualizador LED\/LCD LP7512"},"content":{"rendered":"\t\t<div data-elementor-type=\"wp-post\" data-elementor-id=\"8402\" class=\"elementor elementor-8402\" data-elementor-post-type=\"product\">\n\t\t\t\t\t\t<section class=\"elementor-section elementor-top-section elementor-element elementor-element-5bd5cd50 elementor-section-boxed elementor-section-height-default elementor-section-height-default\" data-id=\"5bd5cd50\" data-element_type=\"section\" data-e-type=\"section\">\n\t\t\t\t\t\t<div class=\"elementor-container elementor-column-gap-default\">\n\t\t\t\t\t<div class=\"elementor-column elementor-col-100 elementor-top-column elementor-element elementor-element-5c718e4d\" data-id=\"5c718e4d\" data-element_type=\"column\" data-e-type=\"column\">\n\t\t\t<div class=\"elementor-widget-wrap elementor-element-populated\">\n\t\t\t\t\t\t<div class=\"elementor-element elementor-element-450ad1ec elementor-widget elementor-widget-text-editor\" data-id=\"450ad1ec\" data-element_type=\"widget\" data-e-type=\"widget\" data-widget_type=\"text-editor.default\">\n\t\t\t\t<div class=\"elementor-widget-container\">\n\t\t\t\t\t\t\t\t\t<p class=\"ds-markdown-paragraph\">En el \u00e1mbito industrial y comercial, contar con equipos de pesaje confiables y precisos es fundamental para garantizar la eficiencia en los procesos productivos. El\u00a0<strong>Indicador de Pesaje LP7512<\/strong> se posiciona como una soluci\u00f3n tecnol\u00f3gica avanzada, dise\u00f1ada para ofrecer mediciones exactas en entornos exigentes. Su construcci\u00f3n robusta en acero inoxidable y su pantalla LED\/LCD de alta legibilidad lo convierten en una herramienta indispensable para b\u00e1sculas electr\u00f3nicas, sistemas de control de calidad y aplicaciones log\u00edsticas, donde cada gramo cuenta.<\/p><p class=\"ds-markdown-paragraph\">Uno de los aspectos m\u00e1s destacados del LP7512 es su versatilidad. Compatible con una amplia gama de sensores y plataformas de pesaje, este dispositivo se adapta sin problemas a diferentes configuraciones, ya sea en almacenes de distribuci\u00f3n o plantas de procesamiento de alimentos. Su interfaz intuitiva permite funciones esenciales como tara autom\u00e1tica, conteo de piezas y almacenamiento de datos, agilizando las operaciones diarias y minimizando errores. Adem\u00e1s, su dise\u00f1o resistente a polvo, humedad y vibraciones asegura un rendimiento duradero incluso en condiciones adversas.<\/p><p class=\"ds-markdown-paragraph\">La conectividad es otro de sus fuertes, pues incluye opciones como salidas RS232 y USB, facilitando la integraci\u00f3n con sistemas de gesti\u00f3n y software externo. Esto lo hace ideal para empresas que requieren un control detallado de inventarios o procesos de producci\u00f3n en tiempo real. A esto se suma su bajo consumo energ\u00e9tico, que reduce costos operativos sin sacrificar precisi\u00f3n.<\/p>\t\t\t\t\t\t\t\t<\/div>\n\t\t\t\t<\/div>\n\t\t\t\t\t<\/div>\n\t\t<\/div>\n\t\t\t\t\t<\/div>\n\t\t<\/section>\n\t\t\t\t<section class=\"elementor-section elementor-top-section elementor-element elementor-element-d1c64c4 elementor-section-boxed elementor-section-height-default elementor-section-height-default\" data-id=\"d1c64c4\" data-element_type=\"section\" data-e-type=\"section\">\n\t\t\t\t\t\t<div class=\"elementor-container elementor-column-gap-default\">\n\t\t\t\t\t<div class=\"elementor-column elementor-col-100 elementor-top-column elementor-element elementor-element-81dcb8e\" data-id=\"81dcb8e\" data-element_type=\"column\" data-e-type=\"column\">\n\t\t\t<div class=\"elementor-widget-wrap elementor-element-populated\">\n\t\t\t\t\t\t<div class=\"elementor-element elementor-element-b4b261c elementor-widget elementor-widget-heading\" data-id=\"b4b261c\" data-element_type=\"widget\" data-e-type=\"widget\" data-widget_type=\"heading.default\">\n\t\t\t\t<div class=\"elementor-widget-container\">\n\t\t\t\t\t<h3 class=\"elementor-heading-title elementor-size-default\">Documentaci\u00f3n<\/h3>\t\t\t\t<\/div>\n\t\t\t\t<\/div>\n\t\t\t\t<div class=\"elementor-element elementor-element-ec3045b elementor-widget elementor-widget-eael-adv-accordion\" data-id=\"ec3045b\" data-element_type=\"widget\" data-e-type=\"widget\" data-widget_type=\"eael-adv-accordion.default\">\n\t\t\t\t<div class=\"elementor-widget-container\">\n\t\t\t\t\t            <div class=\"eael-adv-accordion\" id=\"eael-adv-accordion-ec3045b\" data-scroll-on-click=\"no\" data-scroll-speed=\"300\" data-accordion-id=\"ec3045b\" data-accordion-type=\"accordion\" data-toogle-speed=\"300\">\n            <div class=\"eael-accordion-list\">\n\t\t\t\t\t<div id=\"documentos\" class=\"elementor-tab-title eael-accordion-header\" tabindex=\"0\" data-tab=\"1\" aria-controls=\"elementor-tab-content-2471\"><span class=\"eael-advanced-accordion-icon-closed\"><i aria-hidden=\"true\" class=\"fa-accordion-icon far fa-file-pdf\"><\/i><\/span><span class=\"eael-advanced-accordion-icon-opened\"><i aria-hidden=\"true\" class=\"fa-accordion-icon fas fa-minus\"><\/i><\/span><span class=\"eael-accordion-tab-title\">Documentos<\/span><\/div><div id=\"elementor-tab-content-2471\" class=\"eael-accordion-content clearfix\" data-tab=\"1\" aria-labelledby=\"documentos\"><p><img decoding=\"async\" class=\"wp-image-2526 alignnone\" src=\"https:\/\/biopesaje.com\/wp-content\/uploads\/2022\/02\/391px-PDF_file_icon.svg.png\" alt=\"\" width=\"30\" height=\"37\" srcset=\"https:\/\/biopesaje.com\/wp-content\/uploads\/2022\/02\/391px-PDF_file_icon.svg.png 391w, https:\/\/biopesaje.com\/wp-content\/uploads\/2022\/02\/391px-PDF_file_icon.svg-300x368.png 300w, https:\/\/biopesaje.com\/wp-content\/uploads\/2022\/02\/391px-PDF_file_icon.svg-244x300.png 244w, https:\/\/biopesaje.com\/wp-content\/uploads\/2022\/02\/391px-PDF_file_icon.svg-48x59.png 48w\" sizes=\"(max-width: 30px) 100vw, 30px\" \/> Cat\u00e1logo Indicador de pesaje con visualizador LED\/LCD LP7512<\/p><\/div>\n\t\t\t\t\t<\/div><\/div>\t\t\t\t<\/div>\n\t\t\t\t<\/div>\n\t\t\t\t\t<\/div>\n\t\t<\/div>\n\t\t\t\t\t<\/div>\n\t\t<\/section>\n\t\t\t\t<section class=\"elementor-section elementor-top-section elementor-element elementor-element-5e521e2 elementor-section-boxed elementor-section-height-default elementor-section-height-default\" data-id=\"5e521e2\" data-element_type=\"section\" data-e-type=\"section\">\n\t\t\t\t\t\t<div class=\"elementor-container elementor-column-gap-default\">\n\t\t\t\t\t<div class=\"elementor-column elementor-col-100 elementor-top-column elementor-element elementor-element-8a4e6b4\" data-id=\"8a4e6b4\" data-element_type=\"column\" data-e-type=\"column\">\n\t\t\t<div class=\"elementor-widget-wrap elementor-element-populated\">\n\t\t\t\t\t\t\t<\/div>\n\t\t<\/div>\n\t\t\t\t\t<\/div>\n\t\t<\/section>\n\t\t\t\t<\/div>\n\t\t","protected":false},"excerpt":{"rendered":"<p class=\"ds-markdown-paragraph\">El indicador de pesaje LP7512 es un dispositivo de alta precisi\u00f3n dise\u00f1ado para ofrecer mediciones confiables en entornos industriales y comerciales. Con una pantalla <strong>LED\/LCD<\/strong>\u00a0 clara y f\u00e1cil de leer, este equipo garantiza una operaci\u00f3n intuitiva, ideal para procesos de pesaje en b\u00e1sculas electr\u00f3nicas. Su construcci\u00f3n robusta asegura durabilidad, incluso en condiciones de trabajo exigentes, mientras que su interfaz amigable permite una configuraci\u00f3n r\u00e1pida y ajustes precisos seg\u00fan las necesidades del usuario.<\/p>\n<p class=\"ds-markdown-paragraph\">Adem\u00e1s, el LP7512 cuenta con funciones avanzadas, como tara autom\u00e1tica y conversi\u00f3n de unidades, lo que lo convierte en una soluci\u00f3n vers\u00e1til para diversas aplicaciones. Su compatibilidad con diferentes tipos de sensores y b\u00e1sculas lo hace perfecto para sectores como log\u00edstica, manufactura y venta al por menor. Fabricado en <strong>acero inoxidable<\/strong>, este indicador combina rendimiento y resistencia, asegurando resultados exactos en cada medici\u00f3n.<\/p>\n","protected":false},"featured_media":10116,"template":"","meta":{"_uag_custom_page_level_css":"","_joinchat":[]},"product_brand":[],"product_cat":[36,65,28],"product_tag":[],"class_list":{"0":"post-8402","1":"product","2":"type-product","3":"status-publish","4":"has-post-thumbnail","6":"product_cat-indicadores-peso","7":"product_cat-inoxidable","8":"product_cat-pesaje","9":"thunk-woo-product-list","10":"opn-qv-enable","11":"top-store-woo-hover-none","12":"top-store-single-product-tab-horizontal","13":"top-store-shadow-","14":"top-store-shadow-hover-","16":"first","17":"instock","18":"taxable","19":"shipping-taxable","20":"product-type-simple"},"yoast_head":"<!-- This site is optimized with the Yoast SEO plugin v27.3 - https:\/\/yoast.com\/product\/yoast-seo-wordpress\/ -->\n<title>LP7512 Indicador de pesaje con visualizador LED\/LCD - BIOPESAJE S.A.S.<\/title>\n<meta name=\"description\" content=\"Biopesaje S.A.S cuenta con la mejor selecci\u00f3n de equipos en categor\u00edas como pesaje procesamiento y empaque de la industria alimenticia. LP7512\" \/>\n<meta name=\"robots\" content=\"index, follow, max-snippet:-1, max-image-preview:large, max-video-preview:-1\" \/>\n<link rel=\"canonical\" href=\"https:\/\/biopesaje.com\/index.php\/product\/indicador-de-pesaje-con-visualizador-led-lcd-lp7512\/\" \/>\n<meta property=\"og:locale\" content=\"es_ES\" \/>\n<meta property=\"og:type\" content=\"article\" \/>\n<meta property=\"og:title\" content=\"LP7512 Indicador de pesaje con visualizador LED\/LCD - BIOPESAJE S.A.S.\" \/>\n<meta property=\"og:description\" content=\"Biopesaje S.A.S cuenta con la mejor selecci\u00f3n de equipos en categor\u00edas como pesaje procesamiento y empaque de la industria alimenticia. LP7512\" \/>\n<meta property=\"og:url\" content=\"https:\/\/biopesaje.com\/index.php\/product\/indicador-de-pesaje-con-visualizador-led-lcd-lp7512\/\" \/>\n<meta property=\"og:site_name\" content=\"BIOPESAJE S.A.S.\" \/>\n<meta property=\"article:modified_time\" content=\"2025-09-10T17:11:39+00:00\" \/>\n<meta property=\"og:image\" content=\"https:\/\/biopesaje.com\/wp-content\/uploads\/2025\/04\/1-25.jpg\" \/>\n\t<meta property=\"og:image:width\" content=\"1000\" \/>\n\t<meta property=\"og:image:height\" content=\"1000\" \/>\n\t<meta property=\"og:image:type\" content=\"image\/jpeg\" \/>\n<meta name=\"twitter:card\" content=\"summary_large_image\" \/>\n<meta name=\"twitter:label1\" content=\"Tiempo de lectura\" \/>\n\t<meta name=\"twitter:data1\" content=\"2 minutos\" \/>\n<script type=\"application\/ld+json\" class=\"yoast-schema-graph\">{\"@context\":\"https:\\\/\\\/schema.org\",\"@graph\":[{\"@type\":\"WebPage\",\"@id\":\"https:\\\/\\\/biopesaje.com\\\/index.php\\\/product\\\/indicador-de-pesaje-con-visualizador-led-lcd-lp7512\\\/\",\"url\":\"https:\\\/\\\/biopesaje.com\\\/index.php\\\/product\\\/indicador-de-pesaje-con-visualizador-led-lcd-lp7512\\\/\",\"name\":\"LP7512 Indicador de pesaje con visualizador LED\\\/LCD - BIOPESAJE S.A.S.\",\"isPartOf\":{\"@id\":\"https:\\\/\\\/biopesaje.com\\\/#website\"},\"primaryImageOfPage\":{\"@id\":\"https:\\\/\\\/biopesaje.com\\\/index.php\\\/product\\\/indicador-de-pesaje-con-visualizador-led-lcd-lp7512\\\/#primaryimage\"},\"image\":{\"@id\":\"https:\\\/\\\/biopesaje.com\\\/index.php\\\/product\\\/indicador-de-pesaje-con-visualizador-led-lcd-lp7512\\\/#primaryimage\"},\"thumbnailUrl\":\"https:\\\/\\\/biopesaje.com\\\/wp-content\\\/uploads\\\/2025\\\/04\\\/1-25.jpg\",\"datePublished\":\"2025-04-23T15:27:51+00:00\",\"dateModified\":\"2025-09-10T17:11:39+00:00\",\"description\":\"Biopesaje S.A.S cuenta con la mejor selecci\u00f3n de equipos en categor\u00edas como pesaje procesamiento y empaque de la industria alimenticia. LP7512\",\"breadcrumb\":{\"@id\":\"https:\\\/\\\/biopesaje.com\\\/index.php\\\/product\\\/indicador-de-pesaje-con-visualizador-led-lcd-lp7512\\\/#breadcrumb\"},\"inLanguage\":\"es-CO\",\"potentialAction\":[{\"@type\":\"ReadAction\",\"target\":[\"https:\\\/\\\/biopesaje.com\\\/index.php\\\/product\\\/indicador-de-pesaje-con-visualizador-led-lcd-lp7512\\\/\"]}]},{\"@type\":\"ImageObject\",\"inLanguage\":\"es-CO\",\"@id\":\"https:\\\/\\\/biopesaje.com\\\/index.php\\\/product\\\/indicador-de-pesaje-con-visualizador-led-lcd-lp7512\\\/#primaryimage\",\"url\":\"https:\\\/\\\/biopesaje.com\\\/wp-content\\\/uploads\\\/2025\\\/04\\\/1-25.jpg\",\"contentUrl\":\"https:\\\/\\\/biopesaje.com\\\/wp-content\\\/uploads\\\/2025\\\/04\\\/1-25.jpg\",\"width\":1000,\"height\":1000},{\"@type\":\"BreadcrumbList\",\"@id\":\"https:\\\/\\\/biopesaje.com\\\/index.php\\\/product\\\/indicador-de-pesaje-con-visualizador-led-lcd-lp7512\\\/#breadcrumb\",\"itemListElement\":[{\"@type\":\"ListItem\",\"position\":1,\"name\":\"Home\",\"item\":\"https:\\\/\\\/biopesaje.com\\\/\"},{\"@type\":\"ListItem\",\"position\":2,\"name\":\"Productos\",\"item\":\"https:\\\/\\\/biopesaje.com\\\/index.php\\\/tienda\\\/\"},{\"@type\":\"ListItem\",\"position\":3,\"name\":\"Indicador de pesaje con visualizador LED\\\/LCD LP7512\"}]},{\"@type\":\"WebSite\",\"@id\":\"https:\\\/\\\/biopesaje.com\\\/#website\",\"url\":\"https:\\\/\\\/biopesaje.com\\\/\",\"name\":\"BIOPESAJE S.A.S.\",\"description\":\"Ingenier\u00eda de pesaje, metrolog\u00eda y laboratorio.\",\"publisher\":{\"@id\":\"https:\\\/\\\/biopesaje.com\\\/#organization\"},\"potentialAction\":[{\"@type\":\"SearchAction\",\"target\":{\"@type\":\"EntryPoint\",\"urlTemplate\":\"https:\\\/\\\/biopesaje.com\\\/?s={search_term_string}\"},\"query-input\":{\"@type\":\"PropertyValueSpecification\",\"valueRequired\":true,\"valueName\":\"search_term_string\"}}],\"inLanguage\":\"es-CO\"},{\"@type\":\"Organization\",\"@id\":\"https:\\\/\\\/biopesaje.com\\\/#organization\",\"name\":\"BIOPESAJE S.A.S.\",\"url\":\"https:\\\/\\\/biopesaje.com\\\/\",\"logo\":{\"@type\":\"ImageObject\",\"inLanguage\":\"es-CO\",\"@id\":\"https:\\\/\\\/biopesaje.com\\\/#\\\/schema\\\/logo\\\/image\\\/\",\"url\":\"\",\"contentUrl\":\"\",\"caption\":\"BIOPESAJE S.A.S.\"},\"image\":{\"@id\":\"https:\\\/\\\/biopesaje.com\\\/#\\\/schema\\\/logo\\\/image\\\/\"}}]}<\/script>\n<!-- \/ Yoast SEO plugin. -->","yoast_head_json":{"title":"LP7512 Indicador de pesaje con visualizador LED\/LCD - BIOPESAJE S.A.S.","description":"Biopesaje S.A.S cuenta con la mejor selecci\u00f3n de equipos en categor\u00edas como pesaje procesamiento y empaque de la industria alimenticia. LP7512","robots":{"index":"index","follow":"follow","max-snippet":"max-snippet:-1","max-image-preview":"max-image-preview:large","max-video-preview":"max-video-preview:-1"},"canonical":"https:\/\/biopesaje.com\/index.php\/product\/indicador-de-pesaje-con-visualizador-led-lcd-lp7512\/","og_locale":"es_ES","og_type":"article","og_title":"LP7512 Indicador de pesaje con visualizador LED\/LCD - BIOPESAJE S.A.S.","og_description":"Biopesaje S.A.S cuenta con la mejor selecci\u00f3n de equipos en categor\u00edas como pesaje procesamiento y empaque de la industria alimenticia. LP7512","og_url":"https:\/\/biopesaje.com\/index.php\/product\/indicador-de-pesaje-con-visualizador-led-lcd-lp7512\/","og_site_name":"BIOPESAJE S.A.S.","article_modified_time":"2025-09-10T17:11:39+00:00","og_image":[{"width":1000,"height":1000,"url":"https:\/\/biopesaje.com\/wp-content\/uploads\/2025\/04\/1-25.jpg","type":"image\/jpeg"}],"twitter_card":"summary_large_image","twitter_misc":{"Tiempo de lectura":"2 minutos"},"schema":{"@context":"https:\/\/schema.org","@graph":[{"@type":"WebPage","@id":"https:\/\/biopesaje.com\/index.php\/product\/indicador-de-pesaje-con-visualizador-led-lcd-lp7512\/","url":"https:\/\/biopesaje.com\/index.php\/product\/indicador-de-pesaje-con-visualizador-led-lcd-lp7512\/","name":"LP7512 Indicador de pesaje con visualizador LED\/LCD - BIOPESAJE S.A.S.","isPartOf":{"@id":"https:\/\/biopesaje.com\/#website"},"primaryImageOfPage":{"@id":"https:\/\/biopesaje.com\/index.php\/product\/indicador-de-pesaje-con-visualizador-led-lcd-lp7512\/#primaryimage"},"image":{"@id":"https:\/\/biopesaje.com\/index.php\/product\/indicador-de-pesaje-con-visualizador-led-lcd-lp7512\/#primaryimage"},"thumbnailUrl":"https:\/\/biopesaje.com\/wp-content\/uploads\/2025\/04\/1-25.jpg","datePublished":"2025-04-23T15:27:51+00:00","dateModified":"2025-09-10T17:11:39+00:00","description":"Biopesaje S.A.S cuenta con la mejor selecci\u00f3n de equipos en categor\u00edas como pesaje procesamiento y empaque de la industria alimenticia. LP7512","breadcrumb":{"@id":"https:\/\/biopesaje.com\/index.php\/product\/indicador-de-pesaje-con-visualizador-led-lcd-lp7512\/#breadcrumb"},"inLanguage":"es-CO","potentialAction":[{"@type":"ReadAction","target":["https:\/\/biopesaje.com\/index.php\/product\/indicador-de-pesaje-con-visualizador-led-lcd-lp7512\/"]}]},{"@type":"ImageObject","inLanguage":"es-CO","@id":"https:\/\/biopesaje.com\/index.php\/product\/indicador-de-pesaje-con-visualizador-led-lcd-lp7512\/#primaryimage","url":"https:\/\/biopesaje.com\/wp-content\/uploads\/2025\/04\/1-25.jpg","contentUrl":"https:\/\/biopesaje.com\/wp-content\/uploads\/2025\/04\/1-25.jpg","width":1000,"height":1000},{"@type":"BreadcrumbList","@id":"https:\/\/biopesaje.com\/index.php\/product\/indicador-de-pesaje-con-visualizador-led-lcd-lp7512\/#breadcrumb","itemListElement":[{"@type":"ListItem","position":1,"name":"Home","item":"https:\/\/biopesaje.com\/"},{"@type":"ListItem","position":2,"name":"Productos","item":"https:\/\/biopesaje.com\/index.php\/tienda\/"},{"@type":"ListItem","position":3,"name":"Indicador de pesaje con visualizador LED\/LCD LP7512"}]},{"@type":"WebSite","@id":"https:\/\/biopesaje.com\/#website","url":"https:\/\/biopesaje.com\/","name":"BIOPESAJE S.A.S.","description":"Ingenier\u00eda de pesaje, metrolog\u00eda y laboratorio.","publisher":{"@id":"https:\/\/biopesaje.com\/#organization"},"potentialAction":[{"@type":"SearchAction","target":{"@type":"EntryPoint","urlTemplate":"https:\/\/biopesaje.com\/?s={search_term_string}"},"query-input":{"@type":"PropertyValueSpecification","valueRequired":true,"valueName":"search_term_string"}}],"inLanguage":"es-CO"},{"@type":"Organization","@id":"https:\/\/biopesaje.com\/#organization","name":"BIOPESAJE S.A.S.","url":"https:\/\/biopesaje.com\/","logo":{"@type":"ImageObject","inLanguage":"es-CO","@id":"https:\/\/biopesaje.com\/#\/schema\/logo\/image\/","url":"","contentUrl":"","caption":"BIOPESAJE S.A.S."},"image":{"@id":"https:\/\/biopesaje.com\/#\/schema\/logo\/image\/"}}]}},"uagb_featured_image_src":{"full":["https:\/\/biopesaje.com\/wp-content\/uploads\/2025\/04\/1-25.jpg",1000,1000,false],"thumbnail":["https:\/\/biopesaje.com\/wp-content\/uploads\/2025\/04\/1-25-150x150.jpg",150,150,true],"medium":["https:\/\/biopesaje.com\/wp-content\/uploads\/2025\/04\/1-25-300x300.jpg",300,300,true],"medium_large":["https:\/\/biopesaje.com\/wp-content\/uploads\/2025\/04\/1-25-768x768.jpg",640,640,true],"large":["https:\/\/biopesaje.com\/wp-content\/uploads\/2025\/04\/1-25.jpg",640,640,false],"1536x1536":["https:\/\/biopesaje.com\/wp-content\/uploads\/2025\/04\/1-25.jpg",1000,1000,false],"2048x2048":["https:\/\/biopesaje.com\/wp-content\/uploads\/2025\/04\/1-25.jpg",1000,1000,false],"woocommerce_thumbnail":["https:\/\/biopesaje.com\/wp-content\/uploads\/2025\/04\/1-25-320x320.jpg",320,320,true],"woocommerce_single":["https:\/\/biopesaje.com\/wp-content\/uploads\/2025\/04\/1-25.jpg",1000,1000,false],"woocommerce_gallery_thumbnail":["https:\/\/biopesaje.com\/wp-content\/uploads\/2025\/04\/1-25-100x100.jpg",100,100,true],"thaps-thumb-img":["https:\/\/biopesaje.com\/wp-content\/uploads\/2025\/04\/1-25-48x48.jpg",48,48,true],"taiowc-thumb-img":["https:\/\/biopesaje.com\/wp-content\/uploads\/2025\/04\/1-25-48x48.jpg",48,48,true]},"uagb_author_info":{"display_name":"Diego Martinez","author_link":"https:\/\/biopesaje.com\/index.php\/author\/"},"uagb_comment_info":0,"uagb_excerpt":"El indicador de pesaje LP7512 es un dispositivo de alta precisi\u00f3n dise\u00f1ado para ofrecer mediciones confiables en entornos industriales y comerciales. Con una pantalla LED\/LCD\u00a0 clara y f\u00e1cil de leer, este equipo garantiza una operaci\u00f3n intuitiva, ideal para procesos de pesaje en b\u00e1sculas electr\u00f3nicas. Su construcci\u00f3n robusta asegura durabilidad, incluso en condiciones de trabajo exigentes,&hellip;","jetpack_sharing_enabled":true,"_links":{"self":[{"href":"https:\/\/biopesaje.com\/index.php\/wp-json\/wp\/v2\/product\/8402","targetHints":{"allow":["GET"]}}],"collection":[{"href":"https:\/\/biopesaje.com\/index.php\/wp-json\/wp\/v2\/product"}],"about":[{"href":"https:\/\/biopesaje.com\/index.php\/wp-json\/wp\/v2\/types\/product"}],"version-history":[{"count":5,"href":"https:\/\/biopesaje.com\/index.php\/wp-json\/wp\/v2\/product\/8402\/revisions"}],"predecessor-version":[{"id":8422,"href":"https:\/\/biopesaje.com\/index.php\/wp-json\/wp\/v2\/product\/8402\/revisions\/8422"}],"wp:featuredmedia":[{"embeddable":true,"href":"https:\/\/biopesaje.com\/index.php\/wp-json\/wp\/v2\/media\/10116"}],"wp:attachment":[{"href":"https:\/\/biopesaje.com\/index.php\/wp-json\/wp\/v2\/media?parent=8402"}],"wp:term":[{"taxonomy":"product_brand","embeddable":true,"href":"https:\/\/biopesaje.com\/index.php\/wp-json\/wp\/v2\/product_brand?post=8402"},{"taxonomy":"product_cat","embeddable":true,"href":"https:\/\/biopesaje.com\/index.php\/wp-json\/wp\/v2\/product_cat?post=8402"},{"taxonomy":"product_tag","embeddable":true,"href":"https:\/\/biopesaje.com\/index.php\/wp-json\/wp\/v2\/product_tag?post=8402"}],"curies":[{"name":"wp","href":"https:\/\/api.w.org\/{rel}","templated":true}]}}