{"id":8411,"date":"2025-04-23T16:02:22","date_gmt":"2025-04-23T16:02:22","guid":{"rendered":"https:\/\/biopesaje.com\/?post_type=product&#038;p=8411"},"modified":"2025-05-08T22:38:09","modified_gmt":"2025-05-08T22:38:09","slug":"indicador-de-pesaje-con-display-tipo-led-lp7516","status":"publish","type":"product","link":"https:\/\/biopesaje.com\/index.php\/product\/indicador-de-pesaje-con-display-tipo-led-lp7516\/","title":{"rendered":"Indicador de pesaje con display tipo LED LP7516"},"content":{"rendered":"\t\t<div data-elementor-type=\"wp-post\" data-elementor-id=\"8411\" class=\"elementor elementor-8411\" data-elementor-post-type=\"product\">\n\t\t\t\t\t\t<section class=\"elementor-section elementor-top-section elementor-element elementor-element-5bd5cd50 elementor-section-boxed elementor-section-height-default elementor-section-height-default\" data-id=\"5bd5cd50\" data-element_type=\"section\" data-e-type=\"section\">\n\t\t\t\t\t\t<div class=\"elementor-container elementor-column-gap-default\">\n\t\t\t\t\t<div class=\"elementor-column elementor-col-100 elementor-top-column elementor-element elementor-element-5c718e4d\" data-id=\"5c718e4d\" data-element_type=\"column\" data-e-type=\"column\">\n\t\t\t<div class=\"elementor-widget-wrap elementor-element-populated\">\n\t\t\t\t\t\t<div class=\"elementor-element elementor-element-450ad1ec elementor-widget__width-initial elementor-widget elementor-widget-text-editor\" data-id=\"450ad1ec\" data-element_type=\"widget\" data-e-type=\"widget\" data-widget_type=\"text-editor.default\">\n\t\t\t\t<div class=\"elementor-widget-container\">\n\t\t\t\t\t\t\t\t\t<p>El\u00a0<strong>indicador de pesaje LP7516<\/strong>\u00a0es un dispositivo robusto y preciso con\u00a0<strong>pantalla LED de alta visibilidad<\/strong>, dise\u00f1ado para m\u00faltiples aplicaciones. Compatible con\u00a0<strong>b\u00e1sculas de piso, banco, plataforma, ganado y camiones<\/strong>, ofrece pesadas\u00a0 confiables en entornos industriales, agr\u00edcolas y comerciales. tiene una Con <strong>carcasa de pl\u00e1stico ABS resistente<\/strong>. Ideal para quienes necesitan un indicador vers\u00e1til, f\u00e1cil de instalar.\u00a0<\/p><p>\u2714 <strong>Pantalla LED de alta visibilidad<\/strong>\u00a0&#8211; 6 d\u00edgitos de 20 mm para lectura clara en cualquier condici\u00f3n<br \/>\u2714\u00a0<strong>Construcci\u00f3n robusta<\/strong>\u00a0&#8211; Carcasa de pl\u00e1stico resistente para uso industrial intensivo<br \/>\u2714\u00a0<strong>Alta compatibilidad<\/strong>\u00a0&#8211; Funciona con 1 a 8 celdas de carga de 350 ohmios<br \/>\u2714\u00a0<strong>Doble alimentaci\u00f3n<\/strong>\u00a0&#8211; Fuente AC 100V-240V + bater\u00eda recargable de \u00e1cido de plomo incorporada<\/p><p class=\"ds-markdown-paragraph\"><strong>Especificaciones T\u00e9cnicas Avanzadas:<\/strong><br \/>\u25b8 Precisi\u00f3n certificada: N=3000e<br \/>\u25b8 Gran capacidad: Divisi\u00f3n m\u00e1xima de 30000d<br \/>\u25b8 Respuesta ultrarr\u00e1pida: Conversi\u00f3n A\/D a 80 muestras\/segundo<\/p><p class=\"ds-markdown-paragraph\"><strong>Funciones Inteligentes:<\/strong><br \/>\u2022 Cero autom\u00e1tico \u2022 Peso bruto\/neto \u2022 Acumulaci\u00f3n \u2022 Modo animal (bloqueo de datos para evitar errores por movimiento)<br \/>\u2022 Selecci\u00f3n de unidades: kg\/lb<\/p><p class=\"ds-markdown-paragraph\"><strong>Aplicaciones Vers\u00e1tiles:<\/strong><br \/>\u2713 B\u00e1sculas de piso y banco para comercios<br \/>\u2713 Plataformas de pesaje industrial<br \/>\u2713 Control de ganado en agricultura<br \/>\u2713 Pesaje de camiones y transporte<\/p><p class=\"ds-markdown-paragraph\"><strong>Ventajas Competitivas:<\/strong><\/p><ul><li><p class=\"ds-markdown-paragraph\">Sistema dual de alimentaci\u00f3n para operaci\u00f3n ininterrumpida<\/p><\/li><li><p class=\"ds-markdown-paragraph\">Funci\u00f3n especial para pesaje de animales en movimiento<\/p><\/li><li><p class=\"ds-markdown-paragraph\">Dise\u00f1o resistente para ambientes exigentes<\/p><\/li><li><p class=\"ds-markdown-paragraph\">Interfaz intuitiva para operaci\u00f3n sencilla<\/p><\/li><\/ul>\t\t\t\t\t\t\t\t<\/div>\n\t\t\t\t<\/div>\n\t\t\t\t\t<\/div>\n\t\t<\/div>\n\t\t\t\t\t<\/div>\n\t\t<\/section>\n\t\t\t\t<section class=\"elementor-section elementor-top-section elementor-element elementor-element-d1c64c4 elementor-section-boxed elementor-section-height-default elementor-section-height-default\" data-id=\"d1c64c4\" data-element_type=\"section\" data-e-type=\"section\">\n\t\t\t\t\t\t<div class=\"elementor-container elementor-column-gap-default\">\n\t\t\t\t\t<div class=\"elementor-column elementor-col-100 elementor-top-column elementor-element elementor-element-81dcb8e\" data-id=\"81dcb8e\" data-element_type=\"column\" data-e-type=\"column\">\n\t\t\t<div class=\"elementor-widget-wrap elementor-element-populated\">\n\t\t\t\t\t\t<div class=\"elementor-element elementor-element-b4b261c elementor-widget elementor-widget-heading\" data-id=\"b4b261c\" data-element_type=\"widget\" data-e-type=\"widget\" data-widget_type=\"heading.default\">\n\t\t\t\t<div class=\"elementor-widget-container\">\n\t\t\t\t\t<h3 class=\"elementor-heading-title elementor-size-default\">Documentaci\u00f3n<\/h3>\t\t\t\t<\/div>\n\t\t\t\t<\/div>\n\t\t\t\t<div class=\"elementor-element elementor-element-ec3045b elementor-widget elementor-widget-eael-adv-accordion\" data-id=\"ec3045b\" data-element_type=\"widget\" data-e-type=\"widget\" data-widget_type=\"eael-adv-accordion.default\">\n\t\t\t\t<div class=\"elementor-widget-container\">\n\t\t\t\t\t            <div class=\"eael-adv-accordion\" id=\"eael-adv-accordion-ec3045b\" data-scroll-on-click=\"no\" data-scroll-speed=\"300\" data-accordion-id=\"ec3045b\" data-accordion-type=\"accordion\" data-toogle-speed=\"300\">\n            <div class=\"eael-accordion-list\">\n\t\t\t\t\t<div id=\"documentos\" class=\"elementor-tab-title eael-accordion-header\" tabindex=\"0\" data-tab=\"1\" aria-controls=\"elementor-tab-content-2471\"><span class=\"eael-advanced-accordion-icon-closed\"><i aria-hidden=\"true\" class=\"fa-accordion-icon far fa-file-pdf\"><\/i><\/span><span class=\"eael-advanced-accordion-icon-opened\"><i aria-hidden=\"true\" class=\"fa-accordion-icon fas fa-minus\"><\/i><\/span><span class=\"eael-accordion-tab-title\">Documentos<\/span><\/div><div id=\"elementor-tab-content-2471\" class=\"eael-accordion-content clearfix\" data-tab=\"1\" aria-labelledby=\"documentos\"><p><a href=\"https:\/\/biopesaje.com\/wp-content\/uploads\/2025\/05\/Indicador-tipo-LED-LP7516.pdf\" target=\"_blank\" rel=\"noopener\"><img decoding=\"async\" class=\"wp-image-2526 alignnone\" src=\"https:\/\/biopesaje.com\/wp-content\/uploads\/2022\/02\/391px-PDF_file_icon.svg.png\" alt=\"\" width=\"30\" height=\"37\" srcset=\"https:\/\/biopesaje.com\/wp-content\/uploads\/2022\/02\/391px-PDF_file_icon.svg.png 391w, https:\/\/biopesaje.com\/wp-content\/uploads\/2022\/02\/391px-PDF_file_icon.svg-300x368.png 300w, https:\/\/biopesaje.com\/wp-content\/uploads\/2022\/02\/391px-PDF_file_icon.svg-244x300.png 244w, https:\/\/biopesaje.com\/wp-content\/uploads\/2022\/02\/391px-PDF_file_icon.svg-48x59.png 48w\" sizes=\"(max-width: 30px) 100vw, 30px\" \/> Cat\u00e1logo Indicador de pesaje con display tipo LED LP7516<\/a><\/p><\/div>\n\t\t\t\t\t<\/div><\/div>\t\t\t\t<\/div>\n\t\t\t\t<\/div>\n\t\t\t\t\t<\/div>\n\t\t<\/div>\n\t\t\t\t\t<\/div>\n\t\t<\/section>\n\t\t\t\t<section class=\"elementor-section elementor-top-section elementor-element elementor-element-5e521e2 elementor-section-boxed elementor-section-height-default elementor-section-height-default\" data-id=\"5e521e2\" data-element_type=\"section\" data-e-type=\"section\">\n\t\t\t\t\t\t<div class=\"elementor-container elementor-column-gap-default\">\n\t\t\t\t\t<div class=\"elementor-column elementor-col-100 elementor-top-column elementor-element elementor-element-8a4e6b4\" data-id=\"8a4e6b4\" data-element_type=\"column\" data-e-type=\"column\">\n\t\t\t<div class=\"elementor-widget-wrap elementor-element-populated\">\n\t\t\t\t\t\t\t<\/div>\n\t\t<\/div>\n\t\t\t\t\t<\/div>\n\t\t<\/section>\n\t\t\t\t<\/div>\n\t\t","protected":false},"excerpt":{"rendered":"<ul>\n<li><span class=\"a-list-item\">El Indicador de pesaje con display tipo LED LP7516 se puede utilizar en b\u00e1scula de piso, b\u00e1scula de banco, b\u00e1scula de plataforma, b\u00e1scula de ganado y b\u00e1scula de camiones<\/span><\/li>\n<\/ul>\n<ul class=\"a-unordered-list a-vertical a-spacing-mini\">\n<li class=\"a-spacing-mini\"><span class=\"a-list-item\">Carcasa: pl\u00e1stico, pantalla LED de 6 d\u00edgitos de 20 mm de altura, conduce hasta 1-8 celdas de carga de 350 ohmios<\/span><\/li>\n<li class=\"a-spacing-mini\"><span class=\"a-list-item\">Precisi\u00f3n: N = 3000e Divisi\u00f3n m\u00e1xima: 30000d A y D: 80 veces\/segundo<\/span><\/li>\n<li class=\"a-spacing-mini\"><span class=\"a-list-item\">Fuente de alimentaci\u00f3n: AC100V-240V y bater\u00eda recargable de \u00e1cido de plomo Bulit-in<\/span><\/li>\n<li class=\"a-spacing-mini\"><span class=\"a-list-item\">Funciones: cero, bruto, red, acumulaci\u00f3n, funci\u00f3n de escala de animales (datos de peso de bloqueo evitar el impacto de sacudidas)<\/span><\/li>\n<li class=\"a-spacing-mini\"><span class=\"a-list-item\">Unidad: kg, lb disponible<\/span><\/li>\n<\/ul>\n","protected":false},"featured_media":8413,"template":"","meta":{"_uag_custom_page_level_css":"","_joinchat":[]},"product_brand":[],"product_cat":[64,28],"product_tag":[],"class_list":{"0":"post-8411","1":"product","2":"type-product","3":"status-publish","4":"has-post-thumbnail","6":"product_cat-abs","7":"product_cat-pesaje","8":"thunk-woo-product-list","9":"opn-qv-enable","10":"top-store-woo-hover-none","11":"top-store-single-product-tab-horizontal","12":"top-store-shadow-","13":"top-store-shadow-hover-","15":"first","16":"instock","17":"taxable","18":"shipping-taxable","19":"product-type-simple"},"yoast_head":"<!-- This site is optimized with the Yoast SEO plugin v27.3 - https:\/\/yoast.com\/product\/yoast-seo-wordpress\/ -->\n<title>Indicador de pesaje con display tipo LED LP7516 - BIOPESAJE S.A.S.<\/title>\n<meta name=\"description\" content=\"Indicador de pesaje con display tipo LED LP7516 Perfecto para entornos comerciales e industriales que requieren precisi\u00f3n y durabilidad.\" \/>\n<meta name=\"robots\" content=\"index, follow, max-snippet:-1, max-image-preview:large, max-video-preview:-1\" \/>\n<link rel=\"canonical\" href=\"https:\/\/biopesaje.com\/index.php\/product\/indicador-de-pesaje-con-display-tipo-led-lp7516\/\" \/>\n<meta property=\"og:locale\" content=\"es_ES\" \/>\n<meta property=\"og:type\" content=\"article\" \/>\n<meta property=\"og:title\" content=\"Indicador de pesaje con display tipo LED LP7516 - BIOPESAJE S.A.S.\" \/>\n<meta property=\"og:description\" content=\"Indicador de pesaje con display tipo LED LP7516 Perfecto para entornos comerciales e industriales que requieren precisi\u00f3n y durabilidad.\" \/>\n<meta property=\"og:url\" content=\"https:\/\/biopesaje.com\/index.php\/product\/indicador-de-pesaje-con-display-tipo-led-lp7516\/\" \/>\n<meta property=\"og:site_name\" content=\"BIOPESAJE S.A.S.\" \/>\n<meta property=\"article:modified_time\" content=\"2025-05-08T22:38:09+00:00\" \/>\n<meta property=\"og:image\" content=\"https:\/\/biopesaje.com\/wp-content\/uploads\/2025\/04\/2-1.jpg\" \/>\n\t<meta property=\"og:image:width\" content=\"1000\" \/>\n\t<meta property=\"og:image:height\" content=\"1000\" \/>\n\t<meta property=\"og:image:type\" content=\"image\/jpeg\" \/>\n<meta name=\"twitter:card\" content=\"summary_large_image\" \/>\n<meta name=\"twitter:label1\" content=\"Tiempo de lectura\" \/>\n\t<meta name=\"twitter:data1\" content=\"3 minutos\" \/>\n<script type=\"application\/ld+json\" class=\"yoast-schema-graph\">{\"@context\":\"https:\\\/\\\/schema.org\",\"@graph\":[{\"@type\":\"WebPage\",\"@id\":\"https:\\\/\\\/biopesaje.com\\\/index.php\\\/product\\\/indicador-de-pesaje-con-display-tipo-led-lp7516\\\/\",\"url\":\"https:\\\/\\\/biopesaje.com\\\/index.php\\\/product\\\/indicador-de-pesaje-con-display-tipo-led-lp7516\\\/\",\"name\":\"Indicador de pesaje con display tipo LED LP7516 - BIOPESAJE S.A.S.\",\"isPartOf\":{\"@id\":\"https:\\\/\\\/biopesaje.com\\\/#website\"},\"primaryImageOfPage\":{\"@id\":\"https:\\\/\\\/biopesaje.com\\\/index.php\\\/product\\\/indicador-de-pesaje-con-display-tipo-led-lp7516\\\/#primaryimage\"},\"image\":{\"@id\":\"https:\\\/\\\/biopesaje.com\\\/index.php\\\/product\\\/indicador-de-pesaje-con-display-tipo-led-lp7516\\\/#primaryimage\"},\"thumbnailUrl\":\"https:\\\/\\\/biopesaje.com\\\/wp-content\\\/uploads\\\/2025\\\/04\\\/2-1.jpg\",\"datePublished\":\"2025-04-23T16:02:22+00:00\",\"dateModified\":\"2025-05-08T22:38:09+00:00\",\"description\":\"Indicador de pesaje con display tipo LED LP7516 Perfecto para entornos comerciales e industriales que requieren precisi\u00f3n y durabilidad.\",\"breadcrumb\":{\"@id\":\"https:\\\/\\\/biopesaje.com\\\/index.php\\\/product\\\/indicador-de-pesaje-con-display-tipo-led-lp7516\\\/#breadcrumb\"},\"inLanguage\":\"es-CO\",\"potentialAction\":[{\"@type\":\"ReadAction\",\"target\":[\"https:\\\/\\\/biopesaje.com\\\/index.php\\\/product\\\/indicador-de-pesaje-con-display-tipo-led-lp7516\\\/\"]}]},{\"@type\":\"ImageObject\",\"inLanguage\":\"es-CO\",\"@id\":\"https:\\\/\\\/biopesaje.com\\\/index.php\\\/product\\\/indicador-de-pesaje-con-display-tipo-led-lp7516\\\/#primaryimage\",\"url\":\"https:\\\/\\\/biopesaje.com\\\/wp-content\\\/uploads\\\/2025\\\/04\\\/2-1.jpg\",\"contentUrl\":\"https:\\\/\\\/biopesaje.com\\\/wp-content\\\/uploads\\\/2025\\\/04\\\/2-1.jpg\",\"width\":1000,\"height\":1000,\"caption\":\"LP7516\"},{\"@type\":\"BreadcrumbList\",\"@id\":\"https:\\\/\\\/biopesaje.com\\\/index.php\\\/product\\\/indicador-de-pesaje-con-display-tipo-led-lp7516\\\/#breadcrumb\",\"itemListElement\":[{\"@type\":\"ListItem\",\"position\":1,\"name\":\"Home\",\"item\":\"https:\\\/\\\/biopesaje.com\\\/\"},{\"@type\":\"ListItem\",\"position\":2,\"name\":\"Productos\",\"item\":\"https:\\\/\\\/biopesaje.com\\\/index.php\\\/tienda\\\/\"},{\"@type\":\"ListItem\",\"position\":3,\"name\":\"Indicador de pesaje con display tipo LED LP7516\"}]},{\"@type\":\"WebSite\",\"@id\":\"https:\\\/\\\/biopesaje.com\\\/#website\",\"url\":\"https:\\\/\\\/biopesaje.com\\\/\",\"name\":\"BIOPESAJE S.A.S.\",\"description\":\"Ingenier\u00eda de pesaje, metrolog\u00eda y laboratorio.\",\"publisher\":{\"@id\":\"https:\\\/\\\/biopesaje.com\\\/#organization\"},\"potentialAction\":[{\"@type\":\"SearchAction\",\"target\":{\"@type\":\"EntryPoint\",\"urlTemplate\":\"https:\\\/\\\/biopesaje.com\\\/?s={search_term_string}\"},\"query-input\":{\"@type\":\"PropertyValueSpecification\",\"valueRequired\":true,\"valueName\":\"search_term_string\"}}],\"inLanguage\":\"es-CO\"},{\"@type\":\"Organization\",\"@id\":\"https:\\\/\\\/biopesaje.com\\\/#organization\",\"name\":\"BIOPESAJE S.A.S.\",\"url\":\"https:\\\/\\\/biopesaje.com\\\/\",\"logo\":{\"@type\":\"ImageObject\",\"inLanguage\":\"es-CO\",\"@id\":\"https:\\\/\\\/biopesaje.com\\\/#\\\/schema\\\/logo\\\/image\\\/\",\"url\":\"\",\"contentUrl\":\"\",\"caption\":\"BIOPESAJE S.A.S.\"},\"image\":{\"@id\":\"https:\\\/\\\/biopesaje.com\\\/#\\\/schema\\\/logo\\\/image\\\/\"}}]}<\/script>\n<!-- \/ Yoast SEO plugin. -->","yoast_head_json":{"title":"Indicador de pesaje con display tipo LED LP7516 - BIOPESAJE S.A.S.","description":"Indicador de pesaje con display tipo LED LP7516 Perfecto para entornos comerciales e industriales que requieren precisi\u00f3n y durabilidad.","robots":{"index":"index","follow":"follow","max-snippet":"max-snippet:-1","max-image-preview":"max-image-preview:large","max-video-preview":"max-video-preview:-1"},"canonical":"https:\/\/biopesaje.com\/index.php\/product\/indicador-de-pesaje-con-display-tipo-led-lp7516\/","og_locale":"es_ES","og_type":"article","og_title":"Indicador de pesaje con display tipo LED LP7516 - BIOPESAJE S.A.S.","og_description":"Indicador de pesaje con display tipo LED LP7516 Perfecto para entornos comerciales e industriales que requieren precisi\u00f3n y durabilidad.","og_url":"https:\/\/biopesaje.com\/index.php\/product\/indicador-de-pesaje-con-display-tipo-led-lp7516\/","og_site_name":"BIOPESAJE S.A.S.","article_modified_time":"2025-05-08T22:38:09+00:00","og_image":[{"width":1000,"height":1000,"url":"https:\/\/biopesaje.com\/wp-content\/uploads\/2025\/04\/2-1.jpg","type":"image\/jpeg"}],"twitter_card":"summary_large_image","twitter_misc":{"Tiempo de lectura":"3 minutos"},"schema":{"@context":"https:\/\/schema.org","@graph":[{"@type":"WebPage","@id":"https:\/\/biopesaje.com\/index.php\/product\/indicador-de-pesaje-con-display-tipo-led-lp7516\/","url":"https:\/\/biopesaje.com\/index.php\/product\/indicador-de-pesaje-con-display-tipo-led-lp7516\/","name":"Indicador de pesaje con display tipo LED LP7516 - BIOPESAJE S.A.S.","isPartOf":{"@id":"https:\/\/biopesaje.com\/#website"},"primaryImageOfPage":{"@id":"https:\/\/biopesaje.com\/index.php\/product\/indicador-de-pesaje-con-display-tipo-led-lp7516\/#primaryimage"},"image":{"@id":"https:\/\/biopesaje.com\/index.php\/product\/indicador-de-pesaje-con-display-tipo-led-lp7516\/#primaryimage"},"thumbnailUrl":"https:\/\/biopesaje.com\/wp-content\/uploads\/2025\/04\/2-1.jpg","datePublished":"2025-04-23T16:02:22+00:00","dateModified":"2025-05-08T22:38:09+00:00","description":"Indicador de pesaje con display tipo LED LP7516 Perfecto para entornos comerciales e industriales que requieren precisi\u00f3n y durabilidad.","breadcrumb":{"@id":"https:\/\/biopesaje.com\/index.php\/product\/indicador-de-pesaje-con-display-tipo-led-lp7516\/#breadcrumb"},"inLanguage":"es-CO","potentialAction":[{"@type":"ReadAction","target":["https:\/\/biopesaje.com\/index.php\/product\/indicador-de-pesaje-con-display-tipo-led-lp7516\/"]}]},{"@type":"ImageObject","inLanguage":"es-CO","@id":"https:\/\/biopesaje.com\/index.php\/product\/indicador-de-pesaje-con-display-tipo-led-lp7516\/#primaryimage","url":"https:\/\/biopesaje.com\/wp-content\/uploads\/2025\/04\/2-1.jpg","contentUrl":"https:\/\/biopesaje.com\/wp-content\/uploads\/2025\/04\/2-1.jpg","width":1000,"height":1000,"caption":"LP7516"},{"@type":"BreadcrumbList","@id":"https:\/\/biopesaje.com\/index.php\/product\/indicador-de-pesaje-con-display-tipo-led-lp7516\/#breadcrumb","itemListElement":[{"@type":"ListItem","position":1,"name":"Home","item":"https:\/\/biopesaje.com\/"},{"@type":"ListItem","position":2,"name":"Productos","item":"https:\/\/biopesaje.com\/index.php\/tienda\/"},{"@type":"ListItem","position":3,"name":"Indicador de pesaje con display tipo LED LP7516"}]},{"@type":"WebSite","@id":"https:\/\/biopesaje.com\/#website","url":"https:\/\/biopesaje.com\/","name":"BIOPESAJE S.A.S.","description":"Ingenier\u00eda de pesaje, metrolog\u00eda y laboratorio.","publisher":{"@id":"https:\/\/biopesaje.com\/#organization"},"potentialAction":[{"@type":"SearchAction","target":{"@type":"EntryPoint","urlTemplate":"https:\/\/biopesaje.com\/?s={search_term_string}"},"query-input":{"@type":"PropertyValueSpecification","valueRequired":true,"valueName":"search_term_string"}}],"inLanguage":"es-CO"},{"@type":"Organization","@id":"https:\/\/biopesaje.com\/#organization","name":"BIOPESAJE S.A.S.","url":"https:\/\/biopesaje.com\/","logo":{"@type":"ImageObject","inLanguage":"es-CO","@id":"https:\/\/biopesaje.com\/#\/schema\/logo\/image\/","url":"","contentUrl":"","caption":"BIOPESAJE S.A.S."},"image":{"@id":"https:\/\/biopesaje.com\/#\/schema\/logo\/image\/"}}]}},"uagb_featured_image_src":{"full":["https:\/\/biopesaje.com\/wp-content\/uploads\/2025\/04\/2-1.jpg",1000,1000,false],"thumbnail":["https:\/\/biopesaje.com\/wp-content\/uploads\/2025\/04\/2-1-150x150.jpg",150,150,true],"medium":["https:\/\/biopesaje.com\/wp-content\/uploads\/2025\/04\/2-1-300x300.jpg",300,300,true],"medium_large":["https:\/\/biopesaje.com\/wp-content\/uploads\/2025\/04\/2-1-768x768.jpg",640,640,true],"large":["https:\/\/biopesaje.com\/wp-content\/uploads\/2025\/04\/2-1.jpg",640,640,false],"1536x1536":["https:\/\/biopesaje.com\/wp-content\/uploads\/2025\/04\/2-1.jpg",1000,1000,false],"2048x2048":["https:\/\/biopesaje.com\/wp-content\/uploads\/2025\/04\/2-1.jpg",1000,1000,false],"woocommerce_thumbnail":["https:\/\/biopesaje.com\/wp-content\/uploads\/2025\/04\/2-1-320x320.jpg",320,320,true],"woocommerce_single":["https:\/\/biopesaje.com\/wp-content\/uploads\/2025\/04\/2-1.jpg",1000,1000,false],"woocommerce_gallery_thumbnail":["https:\/\/biopesaje.com\/wp-content\/uploads\/2025\/04\/2-1-100x100.jpg",100,100,true],"thaps-thumb-img":["https:\/\/biopesaje.com\/wp-content\/uploads\/2025\/04\/2-1-48x48.jpg",48,48,true],"taiowc-thumb-img":["https:\/\/biopesaje.com\/wp-content\/uploads\/2025\/04\/2-1-48x48.jpg",48,48,true]},"uagb_author_info":{"display_name":"Diego Martinez","author_link":"https:\/\/biopesaje.com\/index.php\/author\/"},"uagb_comment_info":0,"uagb_excerpt":"El Indicador de pesaje con display tipo LED LP7516 se puede utilizar en b\u00e1scula de piso, b\u00e1scula de banco, b\u00e1scula de plataforma, b\u00e1scula de ganado y b\u00e1scula de camiones Carcasa: pl\u00e1stico, pantalla LED de 6 d\u00edgitos de 20 mm de altura, conduce hasta 1-8 celdas de carga de 350 ohmios Precisi\u00f3n: N = 3000e Divisi\u00f3n&hellip;","jetpack_sharing_enabled":true,"_links":{"self":[{"href":"https:\/\/biopesaje.com\/index.php\/wp-json\/wp\/v2\/product\/8411","targetHints":{"allow":["GET"]}}],"collection":[{"href":"https:\/\/biopesaje.com\/index.php\/wp-json\/wp\/v2\/product"}],"about":[{"href":"https:\/\/biopesaje.com\/index.php\/wp-json\/wp\/v2\/types\/product"}],"version-history":[{"count":15,"href":"https:\/\/biopesaje.com\/index.php\/wp-json\/wp\/v2\/product\/8411\/revisions"}],"predecessor-version":[{"id":8731,"href":"https:\/\/biopesaje.com\/index.php\/wp-json\/wp\/v2\/product\/8411\/revisions\/8731"}],"wp:featuredmedia":[{"embeddable":true,"href":"https:\/\/biopesaje.com\/index.php\/wp-json\/wp\/v2\/media\/8413"}],"wp:attachment":[{"href":"https:\/\/biopesaje.com\/index.php\/wp-json\/wp\/v2\/media?parent=8411"}],"wp:term":[{"taxonomy":"product_brand","embeddable":true,"href":"https:\/\/biopesaje.com\/index.php\/wp-json\/wp\/v2\/product_brand?post=8411"},{"taxonomy":"product_cat","embeddable":true,"href":"https:\/\/biopesaje.com\/index.php\/wp-json\/wp\/v2\/product_cat?post=8411"},{"taxonomy":"product_tag","embeddable":true,"href":"https:\/\/biopesaje.com\/index.php\/wp-json\/wp\/v2\/product_tag?post=8411"}],"curies":[{"name":"wp","href":"https:\/\/api.w.org\/{rel}","templated":true}]}}