{"id":8561,"date":"2025-04-28T20:55:24","date_gmt":"2025-04-28T20:55:24","guid":{"rendered":"https:\/\/biopesaje.com\/?post_type=product&#038;p=8561"},"modified":"2025-09-05T21:00:57","modified_gmt":"2025-09-05T21:00:57","slug":"bascula-digital-de-plataforma-cosmos","status":"publish","type":"product","link":"https:\/\/biopesaje.com\/index.php\/product\/bascula-digital-de-plataforma-cosmos\/","title":{"rendered":"Bascula digital de plataforma Cosmos"},"content":{"rendered":"\t\t<div data-elementor-type=\"wp-post\" data-elementor-id=\"8561\" class=\"elementor elementor-8561\" data-elementor-post-type=\"product\">\n\t\t\t\t\t\t<section class=\"elementor-section elementor-top-section elementor-element elementor-element-5bd5cd50 elementor-section-boxed elementor-section-height-default elementor-section-height-default\" data-id=\"5bd5cd50\" data-element_type=\"section\" data-e-type=\"section\">\n\t\t\t\t\t\t<div class=\"elementor-container elementor-column-gap-default\">\n\t\t\t\t\t<div class=\"elementor-column elementor-col-100 elementor-top-column elementor-element elementor-element-5c718e4d\" data-id=\"5c718e4d\" data-element_type=\"column\" data-e-type=\"column\">\n\t\t\t<div class=\"elementor-widget-wrap elementor-element-populated\">\n\t\t\t\t\t\t<div class=\"elementor-element elementor-element-450ad1ec elementor-widget elementor-widget-text-editor\" data-id=\"450ad1ec\" data-element_type=\"widget\" data-e-type=\"widget\" data-widget_type=\"text-editor.default\">\n\t\t\t\t<div class=\"elementor-widget-container\">\n\t\t\t\t\t\t\t\t\t<p class=\"ds-markdown-paragraph\">En el \u00e1mbito del pesaje semi-industrial, la <strong>Bascula digital de plataforma Cosmos<\/strong>\u00a0se destaca como una herramienta robusta y vers\u00e1til, dise\u00f1ada para satisfacer las demandas de comercios, almacenes y espacios log\u00edsticos. Con una capacidad de 800 kg y una precisi\u00f3n de 200 g, esta b\u00e1scula combina resistencia y exactitud, gracias a su cubierta en alfajor naranja de 60 x 80 cm y una estructura reforzada con protecci\u00f3n de pedestal. Su poste abatible no solo facilita el transporte, sino que tambi\u00e9n optimiza el espacio cuando no est\u00e1 en uso, convirti\u00e9ndola en una opci\u00f3n pr\u00e1ctica para entornos con limitaciones de almacenamiento.<\/p><p class=\"ds-markdown-paragraph\">Una de las caracter\u00edsticas m\u00e1s destacadas de este modelo es su\u00a0<strong>doble display LED en acero inoxidable<\/strong>, que permite visualizar el peso, el precio unitario y el total de manera clara y simult\u00e1nea, mejorando la eficiencia en transacciones comerciales. Adem\u00e1s, cuenta con 7 memorias para guardar precios de productos frecuentes, agilizando procesos repetitivos y reduciendo errores manuales. Funciones como la suma acumulativa de productos y la TARA para descontar el peso de recipientes a\u00f1aden valor a su operatividad, adapt\u00e1ndose a diversas necesidades de pesaje y facturaci\u00f3n.<\/p><p class=\"ds-markdown-paragraph\">La\u00a0<strong>autonom\u00eda de hasta 200 horas<\/strong> proporcionada por su bater\u00eda recargable asegura continuidad en el trabajo, incluso en lugares con acceso limitado a energ\u00eda el\u00e9ctrica. Las patas niveladoras garantizan mediciones precisas en superficies irregulares, mientras que su adaptador de 6V ofrece flexibilidad en la alimentaci\u00f3n. Ideal para carnicer\u00edas, ferreter\u00edas o almacenes de suministros, la <strong>Bascula digital de plataforma Cosmos<\/strong> es una inversi\u00f3n inteligente que combina durabilidad, tecnolog\u00eda y funcionalidad avanzada.\u00a0<\/p>\t\t\t\t\t\t\t\t<\/div>\n\t\t\t\t<\/div>\n\t\t\t\t\t<\/div>\n\t\t<\/div>\n\t\t\t\t\t<\/div>\n\t\t<\/section>\n\t\t\t\t<section class=\"elementor-section elementor-top-section elementor-element elementor-element-d1c64c4 elementor-section-boxed elementor-section-height-default elementor-section-height-default\" data-id=\"d1c64c4\" data-element_type=\"section\" data-e-type=\"section\">\n\t\t\t\t\t\t<div class=\"elementor-container elementor-column-gap-default\">\n\t\t\t\t\t<div class=\"elementor-column elementor-col-100 elementor-top-column elementor-element elementor-element-81dcb8e\" data-id=\"81dcb8e\" data-element_type=\"column\" data-e-type=\"column\">\n\t\t\t<div class=\"elementor-widget-wrap elementor-element-populated\">\n\t\t\t\t\t\t<div class=\"elementor-element elementor-element-b4b261c elementor-widget elementor-widget-heading\" data-id=\"b4b261c\" data-element_type=\"widget\" data-e-type=\"widget\" data-widget_type=\"heading.default\">\n\t\t\t\t<div class=\"elementor-widget-container\">\n\t\t\t\t\t<h3 class=\"elementor-heading-title elementor-size-default\">Documentaci\u00f3n<\/h3>\t\t\t\t<\/div>\n\t\t\t\t<\/div>\n\t\t\t\t<div class=\"elementor-element elementor-element-ec3045b elementor-widget elementor-widget-eael-adv-accordion\" data-id=\"ec3045b\" data-element_type=\"widget\" data-e-type=\"widget\" data-widget_type=\"eael-adv-accordion.default\">\n\t\t\t\t<div class=\"elementor-widget-container\">\n\t\t\t\t\t            <div class=\"eael-adv-accordion\" id=\"eael-adv-accordion-ec3045b\" data-scroll-on-click=\"no\" data-scroll-speed=\"300\" data-accordion-id=\"ec3045b\" data-accordion-type=\"accordion\" data-toogle-speed=\"300\">\n            <div class=\"eael-accordion-list\">\n\t\t\t\t\t<div id=\"documentos\" class=\"elementor-tab-title eael-accordion-header\" tabindex=\"0\" data-tab=\"1\" aria-controls=\"elementor-tab-content-2471\"><span class=\"eael-advanced-accordion-icon-closed\"><i aria-hidden=\"true\" class=\"fa-accordion-icon far fa-file-pdf\"><\/i><\/span><span class=\"eael-advanced-accordion-icon-opened\"><i aria-hidden=\"true\" class=\"fa-accordion-icon fas fa-minus\"><\/i><\/span><span class=\"eael-accordion-tab-title\">Documentos<\/span><\/div><div id=\"elementor-tab-content-2471\" class=\"eael-accordion-content clearfix\" data-tab=\"1\" aria-labelledby=\"documentos\"><p><a href=\"https:\/\/biopesaje.com\/wp-content\/uploads\/2025\/08\/Bascula-abatible-TEK-REF-801.pdf\" target=\"_blank\" rel=\"noopener\"><img decoding=\"async\" class=\"wp-image-2526 alignnone\" src=\"https:\/\/biopesaje.com\/wp-content\/uploads\/2022\/02\/391px-PDF_file_icon.svg.png\" alt=\"\" width=\"30\" height=\"37\" srcset=\"https:\/\/biopesaje.com\/wp-content\/uploads\/2022\/02\/391px-PDF_file_icon.svg.png 391w, https:\/\/biopesaje.com\/wp-content\/uploads\/2022\/02\/391px-PDF_file_icon.svg-300x368.png 300w, https:\/\/biopesaje.com\/wp-content\/uploads\/2022\/02\/391px-PDF_file_icon.svg-244x300.png 244w, https:\/\/biopesaje.com\/wp-content\/uploads\/2022\/02\/391px-PDF_file_icon.svg-48x59.png 48w\" sizes=\"(max-width: 30px) 100vw, 30px\" \/> Cat\u00e1logo Bascula digital de plataforma Cosmos<\/a><\/p><\/div>\n\t\t\t\t\t<\/div><\/div>\t\t\t\t<\/div>\n\t\t\t\t<\/div>\n\t\t\t\t\t<\/div>\n\t\t<\/div>\n\t\t\t\t\t<\/div>\n\t\t<\/section>\n\t\t\t\t<section class=\"elementor-section elementor-top-section elementor-element elementor-element-5e521e2 elementor-section-boxed elementor-section-height-default elementor-section-height-default\" data-id=\"5e521e2\" data-element_type=\"section\" data-e-type=\"section\">\n\t\t\t\t\t\t<div class=\"elementor-container elementor-column-gap-default\">\n\t\t\t\t\t<div class=\"elementor-column elementor-col-100 elementor-top-column elementor-element elementor-element-8a4e6b4\" data-id=\"8a4e6b4\" data-element_type=\"column\" data-e-type=\"column\">\n\t\t\t<div class=\"elementor-widget-wrap elementor-element-populated\">\n\t\t\t\t\t\t\t<\/div>\n\t\t<\/div>\n\t\t\t\t\t<\/div>\n\t\t<\/section>\n\t\t\t\t<\/div>\n\t\t","protected":false},"excerpt":{"rendered":"<p>La <strong>Bascula digital de plataforma Cosmos<\/strong> es una soluci\u00f3n ideal para el pesaje semi-industrial, dise\u00f1ada para soportar cargas de hasta 800 kg con una precisi\u00f3n de 200 g. Su cubierta en alfajor naranja de 60 x 80 cm y estructura reforzada garantizan durabilidad en entornos exigentes, mientras que su poste abatible facilita el transporte y almacenamiento. Equipada con un doble display LED en acero inoxidable, esta b\u00e1scula ofrece funciones avanzadas como liquidaci\u00f3n de precios, 7 memorias para productos, suma acumulativa y TARA. Con una bater\u00eda recargable de hasta 200 horas de autonom\u00eda, es perfecta para comercios, almacenes y aplicaciones log\u00edsticas que requieren eficiencia y confiabilidad.<\/p>\n","protected":false},"featured_media":9891,"template":"","meta":{"_uag_custom_page_level_css":"","_joinchat":[]},"product_brand":[180],"product_cat":[53,35,28],"product_tag":[],"class_list":{"0":"post-8561","1":"product","2":"type-product","3":"status-publish","4":"has-post-thumbnail","6":"product_brand-tek","7":"product_cat-basculas-monocelda-trabajo-estandar","8":"product_cat-basculas","9":"product_cat-pesaje","10":"thunk-woo-product-list","11":"opn-qv-enable","12":"top-store-woo-hover-none","13":"top-store-single-product-tab-horizontal","14":"top-store-shadow-","15":"top-store-shadow-hover-","17":"first","18":"instock","19":"taxable","20":"shipping-taxable","21":"product-type-simple"},"yoast_head":"<!-- This site is optimized with the Yoast SEO plugin v27.3 - https:\/\/yoast.com\/product\/yoast-seo-wordpress\/ -->\n<title>Bascula digital de plataforma Cosmos - BIOPESAJE S.A.S.<\/title>\n<meta name=\"description\" content=\"Biopesaje S.A.S cuenta con la mejor selecci\u00f3n de equipos en categor\u00edas como pesaje procesamiento y empaque de la industria alimenticia. Bascula digital de plataforma Cosmos\" \/>\n<meta name=\"robots\" content=\"index, follow, max-snippet:-1, max-image-preview:large, max-video-preview:-1\" \/>\n<link rel=\"canonical\" href=\"https:\/\/biopesaje.com\/index.php\/product\/bascula-digital-de-plataforma-cosmos\/\" \/>\n<meta property=\"og:locale\" content=\"es_ES\" \/>\n<meta property=\"og:type\" content=\"article\" \/>\n<meta property=\"og:title\" content=\"Bascula digital de plataforma Cosmos - BIOPESAJE S.A.S.\" \/>\n<meta property=\"og:description\" content=\"Biopesaje S.A.S cuenta con la mejor selecci\u00f3n de equipos en categor\u00edas como pesaje procesamiento y empaque de la industria alimenticia. Bascula digital de plataforma Cosmos\" \/>\n<meta property=\"og:url\" content=\"https:\/\/biopesaje.com\/index.php\/product\/bascula-digital-de-plataforma-cosmos\/\" \/>\n<meta property=\"og:site_name\" content=\"BIOPESAJE S.A.S.\" \/>\n<meta property=\"article:modified_time\" content=\"2025-09-05T21:00:57+00:00\" \/>\n<meta property=\"og:image\" content=\"https:\/\/biopesaje.com\/wp-content\/uploads\/2025\/04\/Sin-titulo-14.jpg\" \/>\n\t<meta property=\"og:image:width\" content=\"700\" \/>\n\t<meta property=\"og:image:height\" content=\"700\" \/>\n\t<meta property=\"og:image:type\" content=\"image\/jpeg\" \/>\n<meta name=\"twitter:card\" content=\"summary_large_image\" \/>\n<meta name=\"twitter:label1\" content=\"Tiempo de lectura\" \/>\n\t<meta name=\"twitter:data1\" content=\"2 minutos\" \/>\n<script type=\"application\/ld+json\" class=\"yoast-schema-graph\">{\"@context\":\"https:\\\/\\\/schema.org\",\"@graph\":[{\"@type\":\"WebPage\",\"@id\":\"https:\\\/\\\/biopesaje.com\\\/index.php\\\/product\\\/bascula-digital-de-plataforma-cosmos\\\/\",\"url\":\"https:\\\/\\\/biopesaje.com\\\/index.php\\\/product\\\/bascula-digital-de-plataforma-cosmos\\\/\",\"name\":\"Bascula digital de plataforma Cosmos - BIOPESAJE S.A.S.\",\"isPartOf\":{\"@id\":\"https:\\\/\\\/biopesaje.com\\\/#website\"},\"primaryImageOfPage\":{\"@id\":\"https:\\\/\\\/biopesaje.com\\\/index.php\\\/product\\\/bascula-digital-de-plataforma-cosmos\\\/#primaryimage\"},\"image\":{\"@id\":\"https:\\\/\\\/biopesaje.com\\\/index.php\\\/product\\\/bascula-digital-de-plataforma-cosmos\\\/#primaryimage\"},\"thumbnailUrl\":\"https:\\\/\\\/biopesaje.com\\\/wp-content\\\/uploads\\\/2025\\\/04\\\/Sin-titulo-14.jpg\",\"datePublished\":\"2025-04-28T20:55:24+00:00\",\"dateModified\":\"2025-09-05T21:00:57+00:00\",\"description\":\"Biopesaje S.A.S cuenta con la mejor selecci\u00f3n de equipos en categor\u00edas como pesaje procesamiento y empaque de la industria alimenticia. Bascula digital de plataforma Cosmos\",\"breadcrumb\":{\"@id\":\"https:\\\/\\\/biopesaje.com\\\/index.php\\\/product\\\/bascula-digital-de-plataforma-cosmos\\\/#breadcrumb\"},\"inLanguage\":\"es-CO\",\"potentialAction\":[{\"@type\":\"ReadAction\",\"target\":[\"https:\\\/\\\/biopesaje.com\\\/index.php\\\/product\\\/bascula-digital-de-plataforma-cosmos\\\/\"]}]},{\"@type\":\"ImageObject\",\"inLanguage\":\"es-CO\",\"@id\":\"https:\\\/\\\/biopesaje.com\\\/index.php\\\/product\\\/bascula-digital-de-plataforma-cosmos\\\/#primaryimage\",\"url\":\"https:\\\/\\\/biopesaje.com\\\/wp-content\\\/uploads\\\/2025\\\/04\\\/Sin-titulo-14.jpg\",\"contentUrl\":\"https:\\\/\\\/biopesaje.com\\\/wp-content\\\/uploads\\\/2025\\\/04\\\/Sin-titulo-14.jpg\",\"width\":700,\"height\":700},{\"@type\":\"BreadcrumbList\",\"@id\":\"https:\\\/\\\/biopesaje.com\\\/index.php\\\/product\\\/bascula-digital-de-plataforma-cosmos\\\/#breadcrumb\",\"itemListElement\":[{\"@type\":\"ListItem\",\"position\":1,\"name\":\"Home\",\"item\":\"https:\\\/\\\/biopesaje.com\\\/\"},{\"@type\":\"ListItem\",\"position\":2,\"name\":\"Productos\",\"item\":\"https:\\\/\\\/biopesaje.com\\\/index.php\\\/tienda\\\/\"},{\"@type\":\"ListItem\",\"position\":3,\"name\":\"Bascula digital de plataforma Cosmos\"}]},{\"@type\":\"WebSite\",\"@id\":\"https:\\\/\\\/biopesaje.com\\\/#website\",\"url\":\"https:\\\/\\\/biopesaje.com\\\/\",\"name\":\"BIOPESAJE S.A.S.\",\"description\":\"Ingenier\u00eda de pesaje, metrolog\u00eda y laboratorio.\",\"publisher\":{\"@id\":\"https:\\\/\\\/biopesaje.com\\\/#organization\"},\"potentialAction\":[{\"@type\":\"SearchAction\",\"target\":{\"@type\":\"EntryPoint\",\"urlTemplate\":\"https:\\\/\\\/biopesaje.com\\\/?s={search_term_string}\"},\"query-input\":{\"@type\":\"PropertyValueSpecification\",\"valueRequired\":true,\"valueName\":\"search_term_string\"}}],\"inLanguage\":\"es-CO\"},{\"@type\":\"Organization\",\"@id\":\"https:\\\/\\\/biopesaje.com\\\/#organization\",\"name\":\"BIOPESAJE S.A.S.\",\"url\":\"https:\\\/\\\/biopesaje.com\\\/\",\"logo\":{\"@type\":\"ImageObject\",\"inLanguage\":\"es-CO\",\"@id\":\"https:\\\/\\\/biopesaje.com\\\/#\\\/schema\\\/logo\\\/image\\\/\",\"url\":\"\",\"contentUrl\":\"\",\"caption\":\"BIOPESAJE S.A.S.\"},\"image\":{\"@id\":\"https:\\\/\\\/biopesaje.com\\\/#\\\/schema\\\/logo\\\/image\\\/\"}}]}<\/script>\n<!-- \/ Yoast SEO plugin. -->","yoast_head_json":{"title":"Bascula digital de plataforma Cosmos - BIOPESAJE S.A.S.","description":"Biopesaje S.A.S cuenta con la mejor selecci\u00f3n de equipos en categor\u00edas como pesaje procesamiento y empaque de la industria alimenticia. Bascula digital de plataforma Cosmos","robots":{"index":"index","follow":"follow","max-snippet":"max-snippet:-1","max-image-preview":"max-image-preview:large","max-video-preview":"max-video-preview:-1"},"canonical":"https:\/\/biopesaje.com\/index.php\/product\/bascula-digital-de-plataforma-cosmos\/","og_locale":"es_ES","og_type":"article","og_title":"Bascula digital de plataforma Cosmos - BIOPESAJE S.A.S.","og_description":"Biopesaje S.A.S cuenta con la mejor selecci\u00f3n de equipos en categor\u00edas como pesaje procesamiento y empaque de la industria alimenticia. Bascula digital de plataforma Cosmos","og_url":"https:\/\/biopesaje.com\/index.php\/product\/bascula-digital-de-plataforma-cosmos\/","og_site_name":"BIOPESAJE S.A.S.","article_modified_time":"2025-09-05T21:00:57+00:00","og_image":[{"width":700,"height":700,"url":"https:\/\/biopesaje.com\/wp-content\/uploads\/2025\/04\/Sin-titulo-14.jpg","type":"image\/jpeg"}],"twitter_card":"summary_large_image","twitter_misc":{"Tiempo de lectura":"2 minutos"},"schema":{"@context":"https:\/\/schema.org","@graph":[{"@type":"WebPage","@id":"https:\/\/biopesaje.com\/index.php\/product\/bascula-digital-de-plataforma-cosmos\/","url":"https:\/\/biopesaje.com\/index.php\/product\/bascula-digital-de-plataforma-cosmos\/","name":"Bascula digital de plataforma Cosmos - BIOPESAJE S.A.S.","isPartOf":{"@id":"https:\/\/biopesaje.com\/#website"},"primaryImageOfPage":{"@id":"https:\/\/biopesaje.com\/index.php\/product\/bascula-digital-de-plataforma-cosmos\/#primaryimage"},"image":{"@id":"https:\/\/biopesaje.com\/index.php\/product\/bascula-digital-de-plataforma-cosmos\/#primaryimage"},"thumbnailUrl":"https:\/\/biopesaje.com\/wp-content\/uploads\/2025\/04\/Sin-titulo-14.jpg","datePublished":"2025-04-28T20:55:24+00:00","dateModified":"2025-09-05T21:00:57+00:00","description":"Biopesaje S.A.S cuenta con la mejor selecci\u00f3n de equipos en categor\u00edas como pesaje procesamiento y empaque de la industria alimenticia. Bascula digital de plataforma Cosmos","breadcrumb":{"@id":"https:\/\/biopesaje.com\/index.php\/product\/bascula-digital-de-plataforma-cosmos\/#breadcrumb"},"inLanguage":"es-CO","potentialAction":[{"@type":"ReadAction","target":["https:\/\/biopesaje.com\/index.php\/product\/bascula-digital-de-plataforma-cosmos\/"]}]},{"@type":"ImageObject","inLanguage":"es-CO","@id":"https:\/\/biopesaje.com\/index.php\/product\/bascula-digital-de-plataforma-cosmos\/#primaryimage","url":"https:\/\/biopesaje.com\/wp-content\/uploads\/2025\/04\/Sin-titulo-14.jpg","contentUrl":"https:\/\/biopesaje.com\/wp-content\/uploads\/2025\/04\/Sin-titulo-14.jpg","width":700,"height":700},{"@type":"BreadcrumbList","@id":"https:\/\/biopesaje.com\/index.php\/product\/bascula-digital-de-plataforma-cosmos\/#breadcrumb","itemListElement":[{"@type":"ListItem","position":1,"name":"Home","item":"https:\/\/biopesaje.com\/"},{"@type":"ListItem","position":2,"name":"Productos","item":"https:\/\/biopesaje.com\/index.php\/tienda\/"},{"@type":"ListItem","position":3,"name":"Bascula digital de plataforma Cosmos"}]},{"@type":"WebSite","@id":"https:\/\/biopesaje.com\/#website","url":"https:\/\/biopesaje.com\/","name":"BIOPESAJE S.A.S.","description":"Ingenier\u00eda de pesaje, metrolog\u00eda y laboratorio.","publisher":{"@id":"https:\/\/biopesaje.com\/#organization"},"potentialAction":[{"@type":"SearchAction","target":{"@type":"EntryPoint","urlTemplate":"https:\/\/biopesaje.com\/?s={search_term_string}"},"query-input":{"@type":"PropertyValueSpecification","valueRequired":true,"valueName":"search_term_string"}}],"inLanguage":"es-CO"},{"@type":"Organization","@id":"https:\/\/biopesaje.com\/#organization","name":"BIOPESAJE S.A.S.","url":"https:\/\/biopesaje.com\/","logo":{"@type":"ImageObject","inLanguage":"es-CO","@id":"https:\/\/biopesaje.com\/#\/schema\/logo\/image\/","url":"","contentUrl":"","caption":"BIOPESAJE S.A.S."},"image":{"@id":"https:\/\/biopesaje.com\/#\/schema\/logo\/image\/"}}]}},"uagb_featured_image_src":{"full":["https:\/\/biopesaje.com\/wp-content\/uploads\/2025\/04\/Sin-titulo-14.jpg",700,700,false],"thumbnail":["https:\/\/biopesaje.com\/wp-content\/uploads\/2025\/04\/Sin-titulo-14-150x150.jpg",150,150,true],"medium":["https:\/\/biopesaje.com\/wp-content\/uploads\/2025\/04\/Sin-titulo-14-300x300.jpg",300,300,true],"medium_large":["https:\/\/biopesaje.com\/wp-content\/uploads\/2025\/04\/Sin-titulo-14.jpg",640,640,false],"large":["https:\/\/biopesaje.com\/wp-content\/uploads\/2025\/04\/Sin-titulo-14.jpg",640,640,false],"1536x1536":["https:\/\/biopesaje.com\/wp-content\/uploads\/2025\/04\/Sin-titulo-14.jpg",700,700,false],"2048x2048":["https:\/\/biopesaje.com\/wp-content\/uploads\/2025\/04\/Sin-titulo-14.jpg",700,700,false],"woocommerce_thumbnail":["https:\/\/biopesaje.com\/wp-content\/uploads\/2025\/04\/Sin-titulo-14-320x320.jpg",320,320,true],"woocommerce_single":["https:\/\/biopesaje.com\/wp-content\/uploads\/2025\/04\/Sin-titulo-14.jpg",700,700,false],"woocommerce_gallery_thumbnail":["https:\/\/biopesaje.com\/wp-content\/uploads\/2025\/04\/Sin-titulo-14-100x100.jpg",100,100,true],"thaps-thumb-img":["https:\/\/biopesaje.com\/wp-content\/uploads\/2025\/04\/Sin-titulo-14-48x48.jpg",48,48,true],"taiowc-thumb-img":["https:\/\/biopesaje.com\/wp-content\/uploads\/2025\/04\/Sin-titulo-14-48x48.jpg",48,48,true]},"uagb_author_info":{"display_name":"Diego Martinez","author_link":"https:\/\/biopesaje.com\/index.php\/author\/"},"uagb_comment_info":0,"uagb_excerpt":"La Bascula digital de plataforma Cosmos es una soluci\u00f3n ideal para el pesaje semi-industrial, dise\u00f1ada para soportar cargas de hasta 800 kg con una precisi\u00f3n de 200 g. Su cubierta en alfajor naranja de 60 x 80 cm y estructura reforzada garantizan durabilidad en entornos exigentes, mientras que su poste abatible facilita el transporte y&hellip;","jetpack_sharing_enabled":true,"_links":{"self":[{"href":"https:\/\/biopesaje.com\/index.php\/wp-json\/wp\/v2\/product\/8561","targetHints":{"allow":["GET"]}}],"collection":[{"href":"https:\/\/biopesaje.com\/index.php\/wp-json\/wp\/v2\/product"}],"about":[{"href":"https:\/\/biopesaje.com\/index.php\/wp-json\/wp\/v2\/types\/product"}],"version-history":[{"count":8,"href":"https:\/\/biopesaje.com\/index.php\/wp-json\/wp\/v2\/product\/8561\/revisions"}],"predecessor-version":[{"id":9893,"href":"https:\/\/biopesaje.com\/index.php\/wp-json\/wp\/v2\/product\/8561\/revisions\/9893"}],"wp:featuredmedia":[{"embeddable":true,"href":"https:\/\/biopesaje.com\/index.php\/wp-json\/wp\/v2\/media\/9891"}],"wp:attachment":[{"href":"https:\/\/biopesaje.com\/index.php\/wp-json\/wp\/v2\/media?parent=8561"}],"wp:term":[{"taxonomy":"product_brand","embeddable":true,"href":"https:\/\/biopesaje.com\/index.php\/wp-json\/wp\/v2\/product_brand?post=8561"},{"taxonomy":"product_cat","embeddable":true,"href":"https:\/\/biopesaje.com\/index.php\/wp-json\/wp\/v2\/product_cat?post=8561"},{"taxonomy":"product_tag","embeddable":true,"href":"https:\/\/biopesaje.com\/index.php\/wp-json\/wp\/v2\/product_tag?post=8561"}],"curies":[{"name":"wp","href":"https:\/\/api.w.org\/{rel}","templated":true}]}}