{"id":8631,"date":"2025-04-30T16:59:16","date_gmt":"2025-04-30T16:59:16","guid":{"rendered":"https:\/\/biopesaje.com\/?post_type=product&#038;p=8631"},"modified":"2025-04-30T17:58:09","modified_gmt":"2025-04-30T17:58:09","slug":"bascula-inalambrica-en-acero-inox","status":"publish","type":"product","link":"https:\/\/biopesaje.com\/index.php\/product\/bascula-inalambrica-en-acero-inox\/","title":{"rendered":"Bascula inalambrica en acero inox"},"content":{"rendered":"\t\t<div data-elementor-type=\"wp-post\" data-elementor-id=\"8631\" class=\"elementor elementor-8631\" data-elementor-post-type=\"product\">\n\t\t\t\t\t\t<section class=\"elementor-section elementor-top-section elementor-element elementor-element-5bd5cd50 elementor-section-boxed elementor-section-height-default elementor-section-height-default\" data-id=\"5bd5cd50\" data-element_type=\"section\" data-e-type=\"section\">\n\t\t\t\t\t\t<div class=\"elementor-container elementor-column-gap-default\">\n\t\t\t\t\t<div class=\"elementor-column elementor-col-100 elementor-top-column elementor-element elementor-element-5c718e4d\" data-id=\"5c718e4d\" data-element_type=\"column\" data-e-type=\"column\">\n\t\t\t<div class=\"elementor-widget-wrap elementor-element-populated\">\n\t\t\t\t\t\t<div class=\"elementor-element elementor-element-450ad1ec elementor-widget elementor-widget-text-editor\" data-id=\"450ad1ec\" data-element_type=\"widget\" data-e-type=\"widget\" data-widget_type=\"text-editor.default\">\n\t\t\t\t<div class=\"elementor-widget-container\">\n\t\t\t\t\t\t\t\t\t<p class=\"ds-markdown-paragraph\">La <strong>Bascula digital full inox<\/strong>\u00a0es una herramienta esencial para comercios que necesitan\u00a0<strong>precisi\u00f3n, resistencia y funcionalidad<\/strong>\u00a0en el pesaje diario. Su estructura\u00a0<strong>100% acero inoxidable<\/strong>\u00a0garantiza m\u00e1xima durabilidad, incluso en entornos h\u00famedos o con alto flujo de trabajo, mientras que su\u00a0<strong>bandeja en acero calibre 430<\/strong>\u00a0ofrece una superficie higi\u00e9nica y f\u00e1cil de limpiar.<\/p><p class=\"ds-markdown-paragraph\">Dise\u00f1ada para adaptarse a diferentes necesidades, esta b\u00e1scula est\u00e1 disponible en\u00a0<strong>tres tama\u00f1os y capacidades<\/strong>:<\/p><ul><li><p class=\"ds-markdown-paragraph\"><strong>30&#215;40 cm (150\/200 kg)<\/strong>\u00a0\u2013 Ideal para espacios reducidos.<\/p><\/li><li><p class=\"ds-markdown-paragraph\"><strong>40&#215;50 cm (300\/400 kg)<\/strong>\u00a0\u2013 Perfecta para medianos vol\u00famenes.<\/p><\/li><li><p class=\"ds-markdown-paragraph\"><strong>45&#215;60 cm (500\/600 kg)<\/strong>\u00a0\u2013 \u00d3ptima para cargas m\u00e1s grandes.<\/p><\/li><\/ul><p class=\"ds-markdown-paragraph\">Entre sus caracter\u00edsticas destacan un\u00a0<strong>display LED de alta visibilidad<\/strong>, teclado en acero resistente y funci\u00f3n\u00a0<strong>Tara<\/strong>\u00a0para pesar m\u00faltiples productos sin errores. Adem\u00e1s, su\u00a0<strong>celda en c\u00e1psula<\/strong>\u00a0protege el sistema interno contra derrames de l\u00edquidos, prolongando su vida \u00fatil.<\/p><p class=\"ds-markdown-paragraph\">Para mayor comodidad, incluye\u00a0<strong>bater\u00eda recargable con hasta 120 horas de autonom\u00eda<\/strong>, patas niveladoras para ajuste en superficies irregulares y adaptador de corriente. Su\u00a0<strong>funci\u00f3n de c\u00e1lculo de precio total<\/strong>\u00a0agiliza transacciones en mercados, carnicer\u00edas o fruter\u00edas, mejorando la eficiencia operativa.<\/p>\t\t\t\t\t\t\t\t<\/div>\n\t\t\t\t<\/div>\n\t\t\t\t\t<\/div>\n\t\t<\/div>\n\t\t\t\t\t<\/div>\n\t\t<\/section>\n\t\t\t\t<section class=\"elementor-section elementor-top-section elementor-element elementor-element-d1c64c4 elementor-section-boxed elementor-section-height-default elementor-section-height-default\" data-id=\"d1c64c4\" data-element_type=\"section\" data-e-type=\"section\">\n\t\t\t\t\t\t<div class=\"elementor-container elementor-column-gap-default\">\n\t\t\t\t\t<div class=\"elementor-column elementor-col-100 elementor-top-column elementor-element elementor-element-81dcb8e\" data-id=\"81dcb8e\" data-element_type=\"column\" data-e-type=\"column\">\n\t\t\t<div class=\"elementor-widget-wrap elementor-element-populated\">\n\t\t\t\t\t\t<div class=\"elementor-element elementor-element-b4b261c elementor-widget elementor-widget-heading\" data-id=\"b4b261c\" data-element_type=\"widget\" data-e-type=\"widget\" data-widget_type=\"heading.default\">\n\t\t\t\t<div class=\"elementor-widget-container\">\n\t\t\t\t\t<h3 class=\"elementor-heading-title elementor-size-default\">Documentaci\u00f3n<\/h3>\t\t\t\t<\/div>\n\t\t\t\t<\/div>\n\t\t\t\t<div class=\"elementor-element elementor-element-ec3045b elementor-widget elementor-widget-eael-adv-accordion\" data-id=\"ec3045b\" data-element_type=\"widget\" data-e-type=\"widget\" data-widget_type=\"eael-adv-accordion.default\">\n\t\t\t\t<div class=\"elementor-widget-container\">\n\t\t\t\t\t            <div class=\"eael-adv-accordion\" id=\"eael-adv-accordion-ec3045b\" data-scroll-on-click=\"no\" data-scroll-speed=\"300\" data-accordion-id=\"ec3045b\" data-accordion-type=\"accordion\" data-toogle-speed=\"300\">\n            <div class=\"eael-accordion-list\">\n\t\t\t\t\t<div id=\"documentos\" class=\"elementor-tab-title eael-accordion-header\" tabindex=\"0\" data-tab=\"1\" aria-controls=\"elementor-tab-content-2471\"><span class=\"eael-advanced-accordion-icon-closed\"><i aria-hidden=\"true\" class=\"fa-accordion-icon far fa-file-pdf\"><\/i><\/span><span class=\"eael-advanced-accordion-icon-opened\"><i aria-hidden=\"true\" class=\"fa-accordion-icon fas fa-minus\"><\/i><\/span><span class=\"eael-accordion-tab-title\">Documentos<\/span><\/div><div id=\"elementor-tab-content-2471\" class=\"eael-accordion-content clearfix\" data-tab=\"1\" aria-labelledby=\"documentos\"><p><img decoding=\"async\" class=\"wp-image-2526 alignnone\" src=\"https:\/\/biopesaje.com\/wp-content\/uploads\/2022\/02\/391px-PDF_file_icon.svg.png\" alt=\"\" width=\"30\" height=\"37\" srcset=\"https:\/\/biopesaje.com\/wp-content\/uploads\/2022\/02\/391px-PDF_file_icon.svg.png 391w, https:\/\/biopesaje.com\/wp-content\/uploads\/2022\/02\/391px-PDF_file_icon.svg-300x368.png 300w, https:\/\/biopesaje.com\/wp-content\/uploads\/2022\/02\/391px-PDF_file_icon.svg-244x300.png 244w, https:\/\/biopesaje.com\/wp-content\/uploads\/2022\/02\/391px-PDF_file_icon.svg-48x59.png 48w\" sizes=\"(max-width: 30px) 100vw, 30px\" \/> Cat\u00e1logo Bascula inalambrica en acero inox<\/p><\/div>\n\t\t\t\t\t<\/div><\/div>\t\t\t\t<\/div>\n\t\t\t\t<\/div>\n\t\t\t\t\t<\/div>\n\t\t<\/div>\n\t\t\t\t\t<\/div>\n\t\t<\/section>\n\t\t\t\t<section class=\"elementor-section elementor-top-section elementor-element elementor-element-5e521e2 elementor-section-boxed elementor-section-height-default elementor-section-height-default\" data-id=\"5e521e2\" data-element_type=\"section\" data-e-type=\"section\">\n\t\t\t\t\t\t<div class=\"elementor-container elementor-column-gap-default\">\n\t\t\t\t\t<div class=\"elementor-column elementor-col-100 elementor-top-column elementor-element elementor-element-8a4e6b4\" data-id=\"8a4e6b4\" data-element_type=\"column\" data-e-type=\"column\">\n\t\t\t<div class=\"elementor-widget-wrap elementor-element-populated\">\n\t\t\t\t\t\t\t<\/div>\n\t\t<\/div>\n\t\t\t\t\t<\/div>\n\t\t<\/section>\n\t\t\t\t<\/div>\n\t\t","protected":false},"excerpt":{"rendered":"<p>La <strong>Bascula inalambrica en acero inox<\/strong>\u00a0es la elecci\u00f3n perfecta para negocios que requieren\u00a0<strong>pesaje m\u00f3vil y resistencia<\/strong>. Fabricada con\u00a0<strong>estructura tubular y cubierta en acero inoxidable 430<\/strong>, garantiza durabilidad en entornos exigentes. Su conexi\u00f3n inal\u00e1mbrica permite un\u00a0<strong>alcance de hasta 40 metros<\/strong>, facilitando el pesaje en \u00e1reas amplias. Disponible en tres tama\u00f1os (<strong>32&#215;42 cm, 42&#215;52 cm y 52&#215;62 cm<\/strong>) con capacidades de\u00a0<strong>150\/200 kg, 300\/400 kg y 500\/600 kg<\/strong>, incluye\u00a0<strong>display LED, teclado en acero, funci\u00f3n Tara y c\u00e1lculo de precio total<\/strong>. Con\u00a0<strong>bater\u00eda recargable (120 h de autonom\u00eda), patas niveladoras y malet\u00edn protector para indicador<\/strong>, es ideal para comercios, almacenes y mercados.<\/p>\n","protected":false},"featured_media":8636,"template":"","meta":{"_uag_custom_page_level_css":"","_joinchat":[]},"product_brand":[180],"product_cat":[53,35,28],"product_tag":[],"class_list":{"0":"post-8631","1":"product","2":"type-product","3":"status-publish","4":"has-post-thumbnail","6":"product_brand-tek","7":"product_cat-basculas-monocelda-trabajo-estandar","8":"product_cat-basculas","9":"product_cat-pesaje","10":"thunk-woo-product-list","11":"opn-qv-enable","12":"top-store-woo-hover-none","13":"top-store-single-product-tab-horizontal","14":"top-store-shadow-","15":"top-store-shadow-hover-","17":"first","18":"instock","19":"taxable","20":"shipping-taxable","21":"product-type-simple"},"yoast_head":"<!-- This site is optimized with the Yoast SEO plugin v27.5 - https:\/\/yoast.com\/product\/yoast-seo-wordpress\/ -->\n<title>Bascula inalambrica en acero inox - BIOPESAJE S.A.S.<\/title>\n<meta name=\"description\" content=\"Biopesaje S.A.S cuenta con la mejor selecci\u00f3n de equipos en categor\u00edas como pesaje procesamiento y empaque de la industria alimenticia. Bascula inalambrica en acero inox\" \/>\n<meta name=\"robots\" content=\"index, follow, max-snippet:-1, max-image-preview:large, max-video-preview:-1\" \/>\n<link rel=\"canonical\" href=\"https:\/\/biopesaje.com\/index.php\/product\/bascula-inalambrica-en-acero-inox\/\" \/>\n<meta property=\"og:locale\" content=\"es_ES\" \/>\n<meta property=\"og:type\" content=\"article\" \/>\n<meta property=\"og:title\" content=\"Bascula inalambrica en acero inox - BIOPESAJE S.A.S.\" \/>\n<meta property=\"og:description\" content=\"Biopesaje S.A.S cuenta con la mejor selecci\u00f3n de equipos en categor\u00edas como pesaje procesamiento y empaque de la industria alimenticia. Bascula inalambrica en acero inox\" \/>\n<meta property=\"og:url\" content=\"https:\/\/biopesaje.com\/index.php\/product\/bascula-inalambrica-en-acero-inox\/\" \/>\n<meta property=\"og:site_name\" content=\"BIOPESAJE S.A.S.\" \/>\n<meta property=\"article:modified_time\" content=\"2025-04-30T17:58:09+00:00\" \/>\n<meta property=\"og:image\" content=\"https:\/\/biopesaje.com\/wp-content\/uploads\/2025\/04\/5-3.jpg\" \/>\n\t<meta property=\"og:image:width\" content=\"1000\" \/>\n\t<meta property=\"og:image:height\" content=\"1000\" \/>\n\t<meta property=\"og:image:type\" content=\"image\/jpeg\" \/>\n<meta name=\"twitter:card\" content=\"summary_large_image\" \/>\n<meta name=\"twitter:label1\" content=\"Tiempo de lectura\" \/>\n\t<meta name=\"twitter:data1\" content=\"2 minutos\" \/>\n<script type=\"application\/ld+json\" class=\"yoast-schema-graph\">{\"@context\":\"https:\\\/\\\/schema.org\",\"@graph\":[{\"@type\":\"WebPage\",\"@id\":\"https:\\\/\\\/biopesaje.com\\\/index.php\\\/product\\\/bascula-inalambrica-en-acero-inox\\\/\",\"url\":\"https:\\\/\\\/biopesaje.com\\\/index.php\\\/product\\\/bascula-inalambrica-en-acero-inox\\\/\",\"name\":\"Bascula inalambrica en acero inox - BIOPESAJE S.A.S.\",\"isPartOf\":{\"@id\":\"https:\\\/\\\/biopesaje.com\\\/#website\"},\"primaryImageOfPage\":{\"@id\":\"https:\\\/\\\/biopesaje.com\\\/index.php\\\/product\\\/bascula-inalambrica-en-acero-inox\\\/#primaryimage\"},\"image\":{\"@id\":\"https:\\\/\\\/biopesaje.com\\\/index.php\\\/product\\\/bascula-inalambrica-en-acero-inox\\\/#primaryimage\"},\"thumbnailUrl\":\"https:\\\/\\\/biopesaje.com\\\/wp-content\\\/uploads\\\/2025\\\/04\\\/5-3.jpg\",\"datePublished\":\"2025-04-30T16:59:16+00:00\",\"dateModified\":\"2025-04-30T17:58:09+00:00\",\"description\":\"Biopesaje S.A.S cuenta con la mejor selecci\u00f3n de equipos en categor\u00edas como pesaje procesamiento y empaque de la industria alimenticia. Bascula inalambrica en acero inox\",\"breadcrumb\":{\"@id\":\"https:\\\/\\\/biopesaje.com\\\/index.php\\\/product\\\/bascula-inalambrica-en-acero-inox\\\/#breadcrumb\"},\"inLanguage\":\"es-CO\",\"potentialAction\":[{\"@type\":\"ReadAction\",\"target\":[\"https:\\\/\\\/biopesaje.com\\\/index.php\\\/product\\\/bascula-inalambrica-en-acero-inox\\\/\"]}]},{\"@type\":\"ImageObject\",\"inLanguage\":\"es-CO\",\"@id\":\"https:\\\/\\\/biopesaje.com\\\/index.php\\\/product\\\/bascula-inalambrica-en-acero-inox\\\/#primaryimage\",\"url\":\"https:\\\/\\\/biopesaje.com\\\/wp-content\\\/uploads\\\/2025\\\/04\\\/5-3.jpg\",\"contentUrl\":\"https:\\\/\\\/biopesaje.com\\\/wp-content\\\/uploads\\\/2025\\\/04\\\/5-3.jpg\",\"width\":1000,\"height\":1000,\"caption\":\"Bascula inalambrica en acero inox\"},{\"@type\":\"BreadcrumbList\",\"@id\":\"https:\\\/\\\/biopesaje.com\\\/index.php\\\/product\\\/bascula-inalambrica-en-acero-inox\\\/#breadcrumb\",\"itemListElement\":[{\"@type\":\"ListItem\",\"position\":1,\"name\":\"Home\",\"item\":\"https:\\\/\\\/biopesaje.com\\\/\"},{\"@type\":\"ListItem\",\"position\":2,\"name\":\"Productos\",\"item\":\"https:\\\/\\\/biopesaje.com\\\/index.php\\\/tienda\\\/\"},{\"@type\":\"ListItem\",\"position\":3,\"name\":\"Bascula inalambrica en acero inox\"}]},{\"@type\":\"WebSite\",\"@id\":\"https:\\\/\\\/biopesaje.com\\\/#website\",\"url\":\"https:\\\/\\\/biopesaje.com\\\/\",\"name\":\"BIOPESAJE S.A.S.\",\"description\":\"Ingenier\u00eda de pesaje, metrolog\u00eda y laboratorio.\",\"publisher\":{\"@id\":\"https:\\\/\\\/biopesaje.com\\\/#organization\"},\"potentialAction\":[{\"@type\":\"SearchAction\",\"target\":{\"@type\":\"EntryPoint\",\"urlTemplate\":\"https:\\\/\\\/biopesaje.com\\\/?s={search_term_string}\"},\"query-input\":{\"@type\":\"PropertyValueSpecification\",\"valueRequired\":true,\"valueName\":\"search_term_string\"}}],\"inLanguage\":\"es-CO\"},{\"@type\":\"Organization\",\"@id\":\"https:\\\/\\\/biopesaje.com\\\/#organization\",\"name\":\"BIOPESAJE S.A.S.\",\"url\":\"https:\\\/\\\/biopesaje.com\\\/\",\"logo\":{\"@type\":\"ImageObject\",\"inLanguage\":\"es-CO\",\"@id\":\"https:\\\/\\\/biopesaje.com\\\/#\\\/schema\\\/logo\\\/image\\\/\",\"url\":\"\",\"contentUrl\":\"\",\"caption\":\"BIOPESAJE S.A.S.\"},\"image\":{\"@id\":\"https:\\\/\\\/biopesaje.com\\\/#\\\/schema\\\/logo\\\/image\\\/\"}}]}<\/script>\n<!-- \/ Yoast SEO plugin. -->","yoast_head_json":{"title":"Bascula inalambrica en acero inox - BIOPESAJE S.A.S.","description":"Biopesaje S.A.S cuenta con la mejor selecci\u00f3n de equipos en categor\u00edas como pesaje procesamiento y empaque de la industria alimenticia. Bascula inalambrica en acero inox","robots":{"index":"index","follow":"follow","max-snippet":"max-snippet:-1","max-image-preview":"max-image-preview:large","max-video-preview":"max-video-preview:-1"},"canonical":"https:\/\/biopesaje.com\/index.php\/product\/bascula-inalambrica-en-acero-inox\/","og_locale":"es_ES","og_type":"article","og_title":"Bascula inalambrica en acero inox - BIOPESAJE S.A.S.","og_description":"Biopesaje S.A.S cuenta con la mejor selecci\u00f3n de equipos en categor\u00edas como pesaje procesamiento y empaque de la industria alimenticia. Bascula inalambrica en acero inox","og_url":"https:\/\/biopesaje.com\/index.php\/product\/bascula-inalambrica-en-acero-inox\/","og_site_name":"BIOPESAJE S.A.S.","article_modified_time":"2025-04-30T17:58:09+00:00","og_image":[{"width":1000,"height":1000,"url":"https:\/\/biopesaje.com\/wp-content\/uploads\/2025\/04\/5-3.jpg","type":"image\/jpeg"}],"twitter_card":"summary_large_image","twitter_misc":{"Tiempo de lectura":"2 minutos"},"schema":{"@context":"https:\/\/schema.org","@graph":[{"@type":"WebPage","@id":"https:\/\/biopesaje.com\/index.php\/product\/bascula-inalambrica-en-acero-inox\/","url":"https:\/\/biopesaje.com\/index.php\/product\/bascula-inalambrica-en-acero-inox\/","name":"Bascula inalambrica en acero inox - BIOPESAJE S.A.S.","isPartOf":{"@id":"https:\/\/biopesaje.com\/#website"},"primaryImageOfPage":{"@id":"https:\/\/biopesaje.com\/index.php\/product\/bascula-inalambrica-en-acero-inox\/#primaryimage"},"image":{"@id":"https:\/\/biopesaje.com\/index.php\/product\/bascula-inalambrica-en-acero-inox\/#primaryimage"},"thumbnailUrl":"https:\/\/biopesaje.com\/wp-content\/uploads\/2025\/04\/5-3.jpg","datePublished":"2025-04-30T16:59:16+00:00","dateModified":"2025-04-30T17:58:09+00:00","description":"Biopesaje S.A.S cuenta con la mejor selecci\u00f3n de equipos en categor\u00edas como pesaje procesamiento y empaque de la industria alimenticia. Bascula inalambrica en acero inox","breadcrumb":{"@id":"https:\/\/biopesaje.com\/index.php\/product\/bascula-inalambrica-en-acero-inox\/#breadcrumb"},"inLanguage":"es-CO","potentialAction":[{"@type":"ReadAction","target":["https:\/\/biopesaje.com\/index.php\/product\/bascula-inalambrica-en-acero-inox\/"]}]},{"@type":"ImageObject","inLanguage":"es-CO","@id":"https:\/\/biopesaje.com\/index.php\/product\/bascula-inalambrica-en-acero-inox\/#primaryimage","url":"https:\/\/biopesaje.com\/wp-content\/uploads\/2025\/04\/5-3.jpg","contentUrl":"https:\/\/biopesaje.com\/wp-content\/uploads\/2025\/04\/5-3.jpg","width":1000,"height":1000,"caption":"Bascula inalambrica en acero inox"},{"@type":"BreadcrumbList","@id":"https:\/\/biopesaje.com\/index.php\/product\/bascula-inalambrica-en-acero-inox\/#breadcrumb","itemListElement":[{"@type":"ListItem","position":1,"name":"Home","item":"https:\/\/biopesaje.com\/"},{"@type":"ListItem","position":2,"name":"Productos","item":"https:\/\/biopesaje.com\/index.php\/tienda\/"},{"@type":"ListItem","position":3,"name":"Bascula inalambrica en acero inox"}]},{"@type":"WebSite","@id":"https:\/\/biopesaje.com\/#website","url":"https:\/\/biopesaje.com\/","name":"BIOPESAJE S.A.S.","description":"Ingenier\u00eda de pesaje, metrolog\u00eda y laboratorio.","publisher":{"@id":"https:\/\/biopesaje.com\/#organization"},"potentialAction":[{"@type":"SearchAction","target":{"@type":"EntryPoint","urlTemplate":"https:\/\/biopesaje.com\/?s={search_term_string}"},"query-input":{"@type":"PropertyValueSpecification","valueRequired":true,"valueName":"search_term_string"}}],"inLanguage":"es-CO"},{"@type":"Organization","@id":"https:\/\/biopesaje.com\/#organization","name":"BIOPESAJE S.A.S.","url":"https:\/\/biopesaje.com\/","logo":{"@type":"ImageObject","inLanguage":"es-CO","@id":"https:\/\/biopesaje.com\/#\/schema\/logo\/image\/","url":"","contentUrl":"","caption":"BIOPESAJE S.A.S."},"image":{"@id":"https:\/\/biopesaje.com\/#\/schema\/logo\/image\/"}}]}},"uagb_featured_image_src":{"full":["https:\/\/biopesaje.com\/wp-content\/uploads\/2025\/04\/5-3.jpg",1000,1000,false],"thumbnail":["https:\/\/biopesaje.com\/wp-content\/uploads\/2025\/04\/5-3-150x150.jpg",150,150,true],"medium":["https:\/\/biopesaje.com\/wp-content\/uploads\/2025\/04\/5-3-300x300.jpg",300,300,true],"medium_large":["https:\/\/biopesaje.com\/wp-content\/uploads\/2025\/04\/5-3-768x768.jpg",640,640,true],"large":["https:\/\/biopesaje.com\/wp-content\/uploads\/2025\/04\/5-3.jpg",640,640,false],"1536x1536":["https:\/\/biopesaje.com\/wp-content\/uploads\/2025\/04\/5-3.jpg",1000,1000,false],"2048x2048":["https:\/\/biopesaje.com\/wp-content\/uploads\/2025\/04\/5-3.jpg",1000,1000,false],"woocommerce_thumbnail":["https:\/\/biopesaje.com\/wp-content\/uploads\/2025\/04\/5-3-320x320.jpg",320,320,true],"woocommerce_single":["https:\/\/biopesaje.com\/wp-content\/uploads\/2025\/04\/5-3.jpg",1000,1000,false],"woocommerce_gallery_thumbnail":["https:\/\/biopesaje.com\/wp-content\/uploads\/2025\/04\/5-3-100x100.jpg",100,100,true],"thaps-thumb-img":["https:\/\/biopesaje.com\/wp-content\/uploads\/2025\/04\/5-3-48x48.jpg",48,48,true],"taiowc-thumb-img":["https:\/\/biopesaje.com\/wp-content\/uploads\/2025\/04\/5-3-48x48.jpg",48,48,true]},"uagb_author_info":{"display_name":"Diego Martinez","author_link":"https:\/\/biopesaje.com\/index.php\/author\/"},"uagb_comment_info":0,"uagb_excerpt":"La Bascula inalambrica en acero inox\u00a0es la elecci\u00f3n perfecta para negocios que requieren\u00a0pesaje m\u00f3vil y resistencia. Fabricada con\u00a0estructura tubular y cubierta en acero inoxidable 430, garantiza durabilidad en entornos exigentes. Su conexi\u00f3n inal\u00e1mbrica permite un\u00a0alcance de hasta 40 metros, facilitando el pesaje en \u00e1reas amplias. Disponible en tres tama\u00f1os (32x42 cm, 42x52 cm y 52x62&hellip;","jetpack_sharing_enabled":true,"_links":{"self":[{"href":"https:\/\/biopesaje.com\/index.php\/wp-json\/wp\/v2\/product\/8631","targetHints":{"allow":["GET"]}}],"collection":[{"href":"https:\/\/biopesaje.com\/index.php\/wp-json\/wp\/v2\/product"}],"about":[{"href":"https:\/\/biopesaje.com\/index.php\/wp-json\/wp\/v2\/types\/product"}],"version-history":[{"count":4,"href":"https:\/\/biopesaje.com\/index.php\/wp-json\/wp\/v2\/product\/8631\/revisions"}],"predecessor-version":[{"id":8640,"href":"https:\/\/biopesaje.com\/index.php\/wp-json\/wp\/v2\/product\/8631\/revisions\/8640"}],"wp:featuredmedia":[{"embeddable":true,"href":"https:\/\/biopesaje.com\/index.php\/wp-json\/wp\/v2\/media\/8636"}],"wp:attachment":[{"href":"https:\/\/biopesaje.com\/index.php\/wp-json\/wp\/v2\/media?parent=8631"}],"wp:term":[{"taxonomy":"product_brand","embeddable":true,"href":"https:\/\/biopesaje.com\/index.php\/wp-json\/wp\/v2\/product_brand?post=8631"},{"taxonomy":"product_cat","embeddable":true,"href":"https:\/\/biopesaje.com\/index.php\/wp-json\/wp\/v2\/product_cat?post=8631"},{"taxonomy":"product_tag","embeddable":true,"href":"https:\/\/biopesaje.com\/index.php\/wp-json\/wp\/v2\/product_tag?post=8631"}],"curies":[{"name":"wp","href":"https:\/\/api.w.org\/{rel}","templated":true}]}}