{"id":9014,"date":"2025-05-27T18:59:06","date_gmt":"2025-05-27T18:59:06","guid":{"rendered":"https:\/\/biopesaje.com\/?post_type=product&#038;p=9014"},"modified":"2025-05-30T18:19:51","modified_gmt":"2025-05-30T18:19:51","slug":"software-camionero","status":"publish","type":"product","link":"https:\/\/biopesaje.com\/index.php\/product\/software-camionero\/","title":{"rendered":"software camionero"},"content":{"rendered":"\t\t<div data-elementor-type=\"wp-post\" data-elementor-id=\"9014\" class=\"elementor elementor-9014\" data-elementor-post-type=\"product\">\n\t\t\t\t\t\t<section class=\"elementor-section elementor-top-section elementor-element elementor-element-5bd5cd50 elementor-section-boxed elementor-section-height-default elementor-section-height-default\" data-id=\"5bd5cd50\" data-element_type=\"section\" data-e-type=\"section\">\n\t\t\t\t\t\t<div class=\"elementor-container elementor-column-gap-default\">\n\t\t\t\t\t<div class=\"elementor-column elementor-col-100 elementor-top-column elementor-element elementor-element-5c718e4d\" data-id=\"5c718e4d\" data-element_type=\"column\" data-e-type=\"column\">\n\t\t\t<div class=\"elementor-widget-wrap elementor-element-populated\">\n\t\t\t\t\t\t<div class=\"elementor-element elementor-element-450ad1ec elementor-widget elementor-widget-text-editor\" data-id=\"450ad1ec\" data-element_type=\"widget\" data-e-type=\"widget\" data-widget_type=\"text-editor.default\">\n\t\t\t\t<div class=\"elementor-widget-container\">\n\t\t\t\t\t\t\t\t\t<ol start=\"1\"><li><p class=\"ds-markdown-paragraph\"><strong>Registro de Veh\u00edculos:<\/strong><\/p><ul><li><p class=\"ds-markdown-paragraph\">Permite registrar informaci\u00f3n b\u00e1sica del veh\u00edculo, como nombre del conductor, cliente, NIT, direcci\u00f3n, tel\u00e9fono, origen, destino, transportista, placa y tara.<\/p><\/li><\/ul><\/li><li><p class=\"ds-markdown-paragraph\"><strong>Procesos de Pesaje:<\/strong><\/p><ul><li><p class=\"ds-markdown-paragraph\">Soporta\u00a0<strong>pesada sencilla<\/strong>\u00a0y\u00a0<strong>doble pesada<\/strong>.<\/p><\/li><li><p class=\"ds-markdown-paragraph\">Permite seleccionar el tipo de proceso: Interno, Compra o Venta, cada uno con un consecutivo independiente.<\/p><\/li><\/ul><\/li><li><p class=\"ds-markdown-paragraph\"><strong>Seguridad:<\/strong><\/p><ul><li><p class=\"ds-markdown-paragraph\">Gesti\u00f3n de usuarios personalizados con permisos configurables.<\/p><\/li><li><p class=\"ds-markdown-paragraph\">Un administrador puede crear, actualizar o eliminar usuarios, as\u00ed como realizar backups para respaldar la informaci\u00f3n.<\/p><\/li><\/ul><\/li><li><p class=\"ds-markdown-paragraph\"><strong>Base de Datos:<\/strong><\/p><ul><li><p class=\"ds-markdown-paragraph\">Utiliza una base de datos local robusta con capacidad de hasta 10 GB.<\/p><\/li><li><p class=\"ds-markdown-paragraph\">Dise\u00f1ado en\u00a0<strong>Microsoft .NET Framework 4.5<\/strong>, lo que garantiza un rendimiento \u00e1gil y b\u00fasquedas r\u00e1pidas.<\/p><\/li><\/ul><\/li><li><p class=\"ds-markdown-paragraph\"><strong>Conexi\u00f3n con B\u00e1sculas:<\/strong><\/p><ul><li><p class=\"ds-markdown-paragraph\">Compatible con los indicadores m\u00e1s comerciales del mercado, asegurando una conexi\u00f3n segura y confiable con la b\u00e1scula camionera.<\/p><\/li><\/ul><\/li><li><p class=\"ds-markdown-paragraph\"><strong>M\u00f3dulos Independientes:<\/strong><\/p><ul><li><p class=\"ds-markdown-paragraph\">Incluye m\u00f3dulos para la creaci\u00f3n y gesti\u00f3n de\u00a0<strong>Placas<\/strong>\u00a0y\u00a0<strong>Productos<\/strong>.<\/p><\/li><\/ul><\/li><li><p class=\"ds-markdown-paragraph\"><strong>Tipos de Impresi\u00f3n:<\/strong><\/p><ul><li><p class=\"ds-markdown-paragraph\">Configurable para trabajar con impresoras de\u00a0<strong>media carta<\/strong>\u00a0o tipo\u00a0<strong>POS (recibo de 80mm)<\/strong>.<\/p><\/li><\/ul><\/li><li><p class=\"ds-markdown-paragraph\"><strong>Actualizaci\u00f3n de Registros:<\/strong><\/p><ul><li><p class=\"ds-markdown-paragraph\">Permite actualizar registros cerrados, excepto datos cr\u00edticos como pesos, fechas, placa, producto y proceso.<\/p><\/li><li><p class=\"ds-markdown-paragraph\">Opci\u00f3n para eliminar registros o sacar copias, disponible solo con permisos de administrador.<\/p><\/li><\/ul><\/li><li><p class=\"ds-markdown-paragraph\"><strong>Reportes:<\/strong><\/p><ul><li><p class=\"ds-markdown-paragraph\">Genera reportes de pesadas filtrables por placa, proceso o fechas.<\/p><\/li><li><p class=\"ds-markdown-paragraph\">Incluye un reporte de inventario para monitorear la entrada y salida de productos.<\/p><\/li><li><p class=\"ds-markdown-paragraph\">Todos los reportes pueden exportarse a\u00a0<strong>Excel con un solo clic<\/strong>.<\/p><\/li><\/ul><\/li><\/ol>\t\t\t\t\t\t\t\t<\/div>\n\t\t\t\t<\/div>\n\t\t\t\t\t<\/div>\n\t\t<\/div>\n\t\t\t\t\t<\/div>\n\t\t<\/section>\n\t\t\t\t<section class=\"elementor-section elementor-top-section elementor-element elementor-element-d1c64c4 elementor-section-boxed elementor-section-height-default elementor-section-height-default\" data-id=\"d1c64c4\" data-element_type=\"section\" data-e-type=\"section\">\n\t\t\t\t\t\t<div class=\"elementor-container elementor-column-gap-default\">\n\t\t\t\t\t<div class=\"elementor-column elementor-col-100 elementor-top-column elementor-element elementor-element-81dcb8e\" data-id=\"81dcb8e\" data-element_type=\"column\" data-e-type=\"column\">\n\t\t\t<div class=\"elementor-widget-wrap elementor-element-populated\">\n\t\t\t\t\t\t<div class=\"elementor-element elementor-element-b4b261c elementor-widget elementor-widget-heading\" data-id=\"b4b261c\" data-element_type=\"widget\" data-e-type=\"widget\" data-widget_type=\"heading.default\">\n\t\t\t\t<div class=\"elementor-widget-container\">\n\t\t\t\t\t<h3 class=\"elementor-heading-title elementor-size-default\">Documentaci\u00f3n<\/h3>\t\t\t\t<\/div>\n\t\t\t\t<\/div>\n\t\t\t\t<div class=\"elementor-element elementor-element-ec3045b elementor-widget elementor-widget-eael-adv-accordion\" data-id=\"ec3045b\" data-element_type=\"widget\" data-e-type=\"widget\" data-widget_type=\"eael-adv-accordion.default\">\n\t\t\t\t<div class=\"elementor-widget-container\">\n\t\t\t\t\t            <div class=\"eael-adv-accordion\" id=\"eael-adv-accordion-ec3045b\" data-scroll-on-click=\"no\" data-scroll-speed=\"300\" data-accordion-id=\"ec3045b\" data-accordion-type=\"accordion\" data-toogle-speed=\"300\">\n            <div class=\"eael-accordion-list\">\n\t\t\t\t\t<div id=\"documentos\" class=\"elementor-tab-title eael-accordion-header\" tabindex=\"0\" data-tab=\"1\" aria-controls=\"elementor-tab-content-2471\"><span class=\"eael-advanced-accordion-icon-closed\"><i aria-hidden=\"true\" class=\"fa-accordion-icon far fa-file-pdf\"><\/i><\/span><span class=\"eael-advanced-accordion-icon-opened\"><i aria-hidden=\"true\" class=\"fa-accordion-icon fas fa-minus\"><\/i><\/span><span class=\"eael-accordion-tab-title\">Documentos<\/span><\/div><div id=\"elementor-tab-content-2471\" class=\"eael-accordion-content clearfix\" data-tab=\"1\" aria-labelledby=\"documentos\"><p><a href=\"https:\/\/biopesaje.com\/wp-content\/uploads\/2025\/05\/Catalogo_MS_Camionero_11.pdf\" target=\"_blank\" rel=\"noopener\"><img decoding=\"async\" class=\"wp-image-2526 alignnone\" src=\"https:\/\/biopesaje.com\/wp-content\/uploads\/2022\/02\/391px-PDF_file_icon.svg.png\" alt=\"\" width=\"30\" height=\"37\" srcset=\"https:\/\/biopesaje.com\/wp-content\/uploads\/2022\/02\/391px-PDF_file_icon.svg.png 391w, https:\/\/biopesaje.com\/wp-content\/uploads\/2022\/02\/391px-PDF_file_icon.svg-300x368.png 300w, https:\/\/biopesaje.com\/wp-content\/uploads\/2022\/02\/391px-PDF_file_icon.svg-244x300.png 244w, https:\/\/biopesaje.com\/wp-content\/uploads\/2022\/02\/391px-PDF_file_icon.svg-48x59.png 48w\" sizes=\"(max-width: 30px) 100vw, 30px\" \/> Cat\u00e1logo Software Camionero\u00a0<\/a><\/p><\/div>\n\t\t\t\t\t<\/div><\/div>\t\t\t\t<\/div>\n\t\t\t\t<\/div>\n\t\t\t\t\t<\/div>\n\t\t<\/div>\n\t\t\t\t\t<\/div>\n\t\t<\/section>\n\t\t\t\t<section class=\"elementor-section elementor-top-section elementor-element elementor-element-5e521e2 elementor-section-boxed elementor-section-height-default elementor-section-height-default\" data-id=\"5e521e2\" data-element_type=\"section\" data-e-type=\"section\">\n\t\t\t\t\t\t<div class=\"elementor-container elementor-column-gap-default\">\n\t\t\t\t\t<div class=\"elementor-column elementor-col-100 elementor-top-column elementor-element elementor-element-8a4e6b4\" data-id=\"8a4e6b4\" data-element_type=\"column\" data-e-type=\"column\">\n\t\t\t<div class=\"elementor-widget-wrap elementor-element-populated\">\n\t\t\t\t\t\t\t<\/div>\n\t\t<\/div>\n\t\t\t\t\t<\/div>\n\t\t<\/section>\n\t\t\t\t<\/div>\n\t\t","protected":false},"excerpt":{"rendered":"<p class=\"ds-markdown-paragraph\">MS Camionero es un software de control de pesadas para b\u00e1sculas camioneras, con\u00a0<strong>pesada sencilla o doble<\/strong>, registro de veh\u00edculos (conductor, placa, cliente, etc.) y conexi\u00f3n a indicadores comerciales. Incluye:<\/p>\n<ul>\n<li>\n<p class=\"ds-markdown-paragraph\"><strong>Seguridad:<\/strong>\u00a0Gesti\u00f3n de usuarios y permisos por administrador.<\/p>\n<\/li>\n<li>\n<p class=\"ds-markdown-paragraph\"><strong>Base de datos local<\/strong>\u00a0(hasta 10 GB) y respaldo (backup).<\/p>\n<\/li>\n<li>\n<p class=\"ds-markdown-paragraph\"><strong>M\u00f3dulos independientes<\/strong>\u00a0para placas y productos.<\/p>\n<\/li>\n<li>\n<p class=\"ds-markdown-paragraph\"><strong>Reportes exportables a Excel<\/strong>\u00a0(pesadas, inventario).<\/p>\n<\/li>\n<li>\n<p class=\"ds-markdown-paragraph\"><strong>Impresi\u00f3n flexible<\/strong>\u00a0(media carta o POS de 80mm).<\/p>\n<\/li>\n<\/ul>\n<p class=\"ds-markdown-paragraph\">Dise\u00f1ado en\u00a0<strong>.NET Framework 4.5<\/strong>, es una soluci\u00f3n confiable para el pesaje industrial.<\/p>\n","protected":false},"featured_media":9010,"template":"","meta":{"_uag_custom_page_level_css":"","_joinchat":[]},"product_brand":[180],"product_cat":[183],"product_tag":[],"class_list":{"0":"post-9014","1":"product","2":"type-product","3":"status-publish","4":"has-post-thumbnail","6":"product_brand-tek","7":"product_cat-software-de-pesaje","8":"thunk-woo-product-list","9":"opn-qv-enable","10":"top-store-woo-hover-none","11":"top-store-single-product-tab-horizontal","12":"top-store-shadow-","13":"top-store-shadow-hover-","15":"first","16":"instock","17":"taxable","18":"shipping-taxable","19":"product-type-simple"},"yoast_head":"<!-- This site is optimized with the Yoast SEO plugin v27.3 - https:\/\/yoast.com\/product\/yoast-seo-wordpress\/ -->\n<title>software camionero - BIOPESAJE S.A.S.<\/title>\n<meta name=\"description\" content=\"Biopesaje S.A.S cuenta con la mejor selecci\u00f3n de equipos en categor\u00edas como pesaje procesamiento y empaque de la industria alimenticia. software camionero\" \/>\n<meta name=\"robots\" content=\"index, follow, max-snippet:-1, max-image-preview:large, max-video-preview:-1\" \/>\n<link rel=\"canonical\" href=\"https:\/\/biopesaje.com\/index.php\/product\/software-camionero\/\" \/>\n<meta property=\"og:locale\" content=\"es_ES\" \/>\n<meta property=\"og:type\" content=\"article\" \/>\n<meta property=\"og:title\" content=\"software camionero - BIOPESAJE S.A.S.\" \/>\n<meta property=\"og:description\" content=\"Biopesaje S.A.S cuenta con la mejor selecci\u00f3n de equipos en categor\u00edas como pesaje procesamiento y empaque de la industria alimenticia. software camionero\" \/>\n<meta property=\"og:url\" content=\"https:\/\/biopesaje.com\/index.php\/product\/software-camionero\/\" \/>\n<meta property=\"og:site_name\" content=\"BIOPESAJE S.A.S.\" \/>\n<meta property=\"article:modified_time\" content=\"2025-05-30T18:19:51+00:00\" \/>\n<meta property=\"og:image\" content=\"https:\/\/biopesaje.com\/wp-content\/uploads\/2025\/05\/logo-de-fresas-ilustrado-rojo.png\" \/>\n\t<meta property=\"og:image:width\" content=\"500\" \/>\n\t<meta property=\"og:image:height\" content=\"500\" \/>\n\t<meta property=\"og:image:type\" content=\"image\/png\" \/>\n<meta name=\"twitter:card\" content=\"summary_large_image\" \/>\n<meta name=\"twitter:label1\" content=\"Tiempo de lectura\" \/>\n\t<meta name=\"twitter:data1\" content=\"2 minutos\" \/>\n<script type=\"application\/ld+json\" class=\"yoast-schema-graph\">{\"@context\":\"https:\\\/\\\/schema.org\",\"@graph\":[{\"@type\":\"WebPage\",\"@id\":\"https:\\\/\\\/biopesaje.com\\\/index.php\\\/product\\\/software-camionero\\\/\",\"url\":\"https:\\\/\\\/biopesaje.com\\\/index.php\\\/product\\\/software-camionero\\\/\",\"name\":\"software camionero - BIOPESAJE S.A.S.\",\"isPartOf\":{\"@id\":\"https:\\\/\\\/biopesaje.com\\\/#website\"},\"primaryImageOfPage\":{\"@id\":\"https:\\\/\\\/biopesaje.com\\\/index.php\\\/product\\\/software-camionero\\\/#primaryimage\"},\"image\":{\"@id\":\"https:\\\/\\\/biopesaje.com\\\/index.php\\\/product\\\/software-camionero\\\/#primaryimage\"},\"thumbnailUrl\":\"https:\\\/\\\/biopesaje.com\\\/wp-content\\\/uploads\\\/2025\\\/05\\\/logo-de-fresas-ilustrado-rojo.png\",\"datePublished\":\"2025-05-27T18:59:06+00:00\",\"dateModified\":\"2025-05-30T18:19:51+00:00\",\"description\":\"Biopesaje S.A.S cuenta con la mejor selecci\u00f3n de equipos en categor\u00edas como pesaje procesamiento y empaque de la industria alimenticia. software camionero\",\"breadcrumb\":{\"@id\":\"https:\\\/\\\/biopesaje.com\\\/index.php\\\/product\\\/software-camionero\\\/#breadcrumb\"},\"inLanguage\":\"es-CO\",\"potentialAction\":[{\"@type\":\"ReadAction\",\"target\":[\"https:\\\/\\\/biopesaje.com\\\/index.php\\\/product\\\/software-camionero\\\/\"]}]},{\"@type\":\"ImageObject\",\"inLanguage\":\"es-CO\",\"@id\":\"https:\\\/\\\/biopesaje.com\\\/index.php\\\/product\\\/software-camionero\\\/#primaryimage\",\"url\":\"https:\\\/\\\/biopesaje.com\\\/wp-content\\\/uploads\\\/2025\\\/05\\\/logo-de-fresas-ilustrado-rojo.png\",\"contentUrl\":\"https:\\\/\\\/biopesaje.com\\\/wp-content\\\/uploads\\\/2025\\\/05\\\/logo-de-fresas-ilustrado-rojo.png\",\"width\":500,\"height\":500,\"caption\":\"Software de Pesaje\"},{\"@type\":\"BreadcrumbList\",\"@id\":\"https:\\\/\\\/biopesaje.com\\\/index.php\\\/product\\\/software-camionero\\\/#breadcrumb\",\"itemListElement\":[{\"@type\":\"ListItem\",\"position\":1,\"name\":\"Home\",\"item\":\"https:\\\/\\\/biopesaje.com\\\/\"},{\"@type\":\"ListItem\",\"position\":2,\"name\":\"Productos\",\"item\":\"https:\\\/\\\/biopesaje.com\\\/index.php\\\/tienda\\\/\"},{\"@type\":\"ListItem\",\"position\":3,\"name\":\"software camionero\"}]},{\"@type\":\"WebSite\",\"@id\":\"https:\\\/\\\/biopesaje.com\\\/#website\",\"url\":\"https:\\\/\\\/biopesaje.com\\\/\",\"name\":\"BIOPESAJE S.A.S.\",\"description\":\"Ingenier\u00eda de pesaje, metrolog\u00eda y laboratorio.\",\"publisher\":{\"@id\":\"https:\\\/\\\/biopesaje.com\\\/#organization\"},\"potentialAction\":[{\"@type\":\"SearchAction\",\"target\":{\"@type\":\"EntryPoint\",\"urlTemplate\":\"https:\\\/\\\/biopesaje.com\\\/?s={search_term_string}\"},\"query-input\":{\"@type\":\"PropertyValueSpecification\",\"valueRequired\":true,\"valueName\":\"search_term_string\"}}],\"inLanguage\":\"es-CO\"},{\"@type\":\"Organization\",\"@id\":\"https:\\\/\\\/biopesaje.com\\\/#organization\",\"name\":\"BIOPESAJE S.A.S.\",\"url\":\"https:\\\/\\\/biopesaje.com\\\/\",\"logo\":{\"@type\":\"ImageObject\",\"inLanguage\":\"es-CO\",\"@id\":\"https:\\\/\\\/biopesaje.com\\\/#\\\/schema\\\/logo\\\/image\\\/\",\"url\":\"\",\"contentUrl\":\"\",\"caption\":\"BIOPESAJE S.A.S.\"},\"image\":{\"@id\":\"https:\\\/\\\/biopesaje.com\\\/#\\\/schema\\\/logo\\\/image\\\/\"}}]}<\/script>\n<!-- \/ Yoast SEO plugin. -->","yoast_head_json":{"title":"software camionero - BIOPESAJE S.A.S.","description":"Biopesaje S.A.S cuenta con la mejor selecci\u00f3n de equipos en categor\u00edas como pesaje procesamiento y empaque de la industria alimenticia. software camionero","robots":{"index":"index","follow":"follow","max-snippet":"max-snippet:-1","max-image-preview":"max-image-preview:large","max-video-preview":"max-video-preview:-1"},"canonical":"https:\/\/biopesaje.com\/index.php\/product\/software-camionero\/","og_locale":"es_ES","og_type":"article","og_title":"software camionero - BIOPESAJE S.A.S.","og_description":"Biopesaje S.A.S cuenta con la mejor selecci\u00f3n de equipos en categor\u00edas como pesaje procesamiento y empaque de la industria alimenticia. software camionero","og_url":"https:\/\/biopesaje.com\/index.php\/product\/software-camionero\/","og_site_name":"BIOPESAJE S.A.S.","article_modified_time":"2025-05-30T18:19:51+00:00","og_image":[{"width":500,"height":500,"url":"https:\/\/biopesaje.com\/wp-content\/uploads\/2025\/05\/logo-de-fresas-ilustrado-rojo.png","type":"image\/png"}],"twitter_card":"summary_large_image","twitter_misc":{"Tiempo de lectura":"2 minutos"},"schema":{"@context":"https:\/\/schema.org","@graph":[{"@type":"WebPage","@id":"https:\/\/biopesaje.com\/index.php\/product\/software-camionero\/","url":"https:\/\/biopesaje.com\/index.php\/product\/software-camionero\/","name":"software camionero - BIOPESAJE S.A.S.","isPartOf":{"@id":"https:\/\/biopesaje.com\/#website"},"primaryImageOfPage":{"@id":"https:\/\/biopesaje.com\/index.php\/product\/software-camionero\/#primaryimage"},"image":{"@id":"https:\/\/biopesaje.com\/index.php\/product\/software-camionero\/#primaryimage"},"thumbnailUrl":"https:\/\/biopesaje.com\/wp-content\/uploads\/2025\/05\/logo-de-fresas-ilustrado-rojo.png","datePublished":"2025-05-27T18:59:06+00:00","dateModified":"2025-05-30T18:19:51+00:00","description":"Biopesaje S.A.S cuenta con la mejor selecci\u00f3n de equipos en categor\u00edas como pesaje procesamiento y empaque de la industria alimenticia. software camionero","breadcrumb":{"@id":"https:\/\/biopesaje.com\/index.php\/product\/software-camionero\/#breadcrumb"},"inLanguage":"es-CO","potentialAction":[{"@type":"ReadAction","target":["https:\/\/biopesaje.com\/index.php\/product\/software-camionero\/"]}]},{"@type":"ImageObject","inLanguage":"es-CO","@id":"https:\/\/biopesaje.com\/index.php\/product\/software-camionero\/#primaryimage","url":"https:\/\/biopesaje.com\/wp-content\/uploads\/2025\/05\/logo-de-fresas-ilustrado-rojo.png","contentUrl":"https:\/\/biopesaje.com\/wp-content\/uploads\/2025\/05\/logo-de-fresas-ilustrado-rojo.png","width":500,"height":500,"caption":"Software de Pesaje"},{"@type":"BreadcrumbList","@id":"https:\/\/biopesaje.com\/index.php\/product\/software-camionero\/#breadcrumb","itemListElement":[{"@type":"ListItem","position":1,"name":"Home","item":"https:\/\/biopesaje.com\/"},{"@type":"ListItem","position":2,"name":"Productos","item":"https:\/\/biopesaje.com\/index.php\/tienda\/"},{"@type":"ListItem","position":3,"name":"software camionero"}]},{"@type":"WebSite","@id":"https:\/\/biopesaje.com\/#website","url":"https:\/\/biopesaje.com\/","name":"BIOPESAJE S.A.S.","description":"Ingenier\u00eda de pesaje, metrolog\u00eda y laboratorio.","publisher":{"@id":"https:\/\/biopesaje.com\/#organization"},"potentialAction":[{"@type":"SearchAction","target":{"@type":"EntryPoint","urlTemplate":"https:\/\/biopesaje.com\/?s={search_term_string}"},"query-input":{"@type":"PropertyValueSpecification","valueRequired":true,"valueName":"search_term_string"}}],"inLanguage":"es-CO"},{"@type":"Organization","@id":"https:\/\/biopesaje.com\/#organization","name":"BIOPESAJE S.A.S.","url":"https:\/\/biopesaje.com\/","logo":{"@type":"ImageObject","inLanguage":"es-CO","@id":"https:\/\/biopesaje.com\/#\/schema\/logo\/image\/","url":"","contentUrl":"","caption":"BIOPESAJE S.A.S."},"image":{"@id":"https:\/\/biopesaje.com\/#\/schema\/logo\/image\/"}}]}},"uagb_featured_image_src":{"full":["https:\/\/biopesaje.com\/wp-content\/uploads\/2025\/05\/logo-de-fresas-ilustrado-rojo.png",500,500,false],"thumbnail":["https:\/\/biopesaje.com\/wp-content\/uploads\/2025\/05\/logo-de-fresas-ilustrado-rojo-150x150.png",150,150,true],"medium":["https:\/\/biopesaje.com\/wp-content\/uploads\/2025\/05\/logo-de-fresas-ilustrado-rojo-300x300.png",300,300,true],"medium_large":["https:\/\/biopesaje.com\/wp-content\/uploads\/2025\/05\/logo-de-fresas-ilustrado-rojo.png",500,500,false],"large":["https:\/\/biopesaje.com\/wp-content\/uploads\/2025\/05\/logo-de-fresas-ilustrado-rojo.png",500,500,false],"1536x1536":["https:\/\/biopesaje.com\/wp-content\/uploads\/2025\/05\/logo-de-fresas-ilustrado-rojo.png",500,500,false],"2048x2048":["https:\/\/biopesaje.com\/wp-content\/uploads\/2025\/05\/logo-de-fresas-ilustrado-rojo.png",500,500,false],"woocommerce_thumbnail":["https:\/\/biopesaje.com\/wp-content\/uploads\/2025\/05\/logo-de-fresas-ilustrado-rojo-320x320.png",320,320,true],"woocommerce_single":["https:\/\/biopesaje.com\/wp-content\/uploads\/2025\/05\/logo-de-fresas-ilustrado-rojo.png",500,500,false],"woocommerce_gallery_thumbnail":["https:\/\/biopesaje.com\/wp-content\/uploads\/2025\/05\/logo-de-fresas-ilustrado-rojo-100x100.png",100,100,true],"thaps-thumb-img":["https:\/\/biopesaje.com\/wp-content\/uploads\/2025\/05\/logo-de-fresas-ilustrado-rojo-48x48.png",48,48,true],"taiowc-thumb-img":["https:\/\/biopesaje.com\/wp-content\/uploads\/2025\/05\/logo-de-fresas-ilustrado-rojo-48x48.png",48,48,true]},"uagb_author_info":{"display_name":"Diego Martinez","author_link":"https:\/\/biopesaje.com\/index.php\/author\/"},"uagb_comment_info":0,"uagb_excerpt":"MS Camionero es un software de control de pesadas para b\u00e1sculas camioneras, con\u00a0pesada sencilla o doble, registro de veh\u00edculos (conductor, placa, cliente, etc.) y conexi\u00f3n a indicadores comerciales. Incluye: Seguridad:\u00a0Gesti\u00f3n de usuarios y permisos por administrador. Base de datos local\u00a0(hasta 10 GB) y respaldo (backup). M\u00f3dulos independientes\u00a0para placas y productos. Reportes exportables a Excel\u00a0(pesadas, inventario).&hellip;","jetpack_sharing_enabled":true,"_links":{"self":[{"href":"https:\/\/biopesaje.com\/index.php\/wp-json\/wp\/v2\/product\/9014","targetHints":{"allow":["GET"]}}],"collection":[{"href":"https:\/\/biopesaje.com\/index.php\/wp-json\/wp\/v2\/product"}],"about":[{"href":"https:\/\/biopesaje.com\/index.php\/wp-json\/wp\/v2\/types\/product"}],"version-history":[{"count":10,"href":"https:\/\/biopesaje.com\/index.php\/wp-json\/wp\/v2\/product\/9014\/revisions"}],"predecessor-version":[{"id":9051,"href":"https:\/\/biopesaje.com\/index.php\/wp-json\/wp\/v2\/product\/9014\/revisions\/9051"}],"wp:featuredmedia":[{"embeddable":true,"href":"https:\/\/biopesaje.com\/index.php\/wp-json\/wp\/v2\/media\/9010"}],"wp:attachment":[{"href":"https:\/\/biopesaje.com\/index.php\/wp-json\/wp\/v2\/media?parent=9014"}],"wp:term":[{"taxonomy":"product_brand","embeddable":true,"href":"https:\/\/biopesaje.com\/index.php\/wp-json\/wp\/v2\/product_brand?post=9014"},{"taxonomy":"product_cat","embeddable":true,"href":"https:\/\/biopesaje.com\/index.php\/wp-json\/wp\/v2\/product_cat?post=9014"},{"taxonomy":"product_tag","embeddable":true,"href":"https:\/\/biopesaje.com\/index.php\/wp-json\/wp\/v2\/product_tag?post=9014"}],"curies":[{"name":"wp","href":"https:\/\/api.w.org\/{rel}","templated":true}]}}