{"id":9068,"date":"2025-06-06T15:29:23","date_gmt":"2025-06-06T15:29:23","guid":{"rendered":"https:\/\/biopesaje.com\/?post_type=product&#038;p=9068"},"modified":"2025-06-06T16:26:28","modified_gmt":"2025-06-06T16:26:28","slug":"molino-para-carnes-meat-22","status":"publish","type":"product","link":"https:\/\/biopesaje.com\/index.php\/product\/molino-para-carnes-meat-22\/","title":{"rendered":"Molino Para Carnes MEAT-22"},"content":{"rendered":"\t\t<div data-elementor-type=\"wp-post\" data-elementor-id=\"9068\" class=\"elementor elementor-9068\" data-elementor-post-type=\"product\">\n\t\t\t\t\t\t<section class=\"elementor-section elementor-top-section elementor-element elementor-element-5bd5cd50 elementor-section-boxed elementor-section-height-default elementor-section-height-default\" data-id=\"5bd5cd50\" data-element_type=\"section\" data-e-type=\"section\">\n\t\t\t\t\t\t<div class=\"elementor-container elementor-column-gap-default\">\n\t\t\t\t\t<div class=\"elementor-column elementor-col-100 elementor-top-column elementor-element elementor-element-5c718e4d\" data-id=\"5c718e4d\" data-element_type=\"column\" data-e-type=\"column\">\n\t\t\t<div class=\"elementor-widget-wrap elementor-element-populated\">\n\t\t\t\t\t\t<div class=\"elementor-element elementor-element-450ad1ec elementor-widget elementor-widget-text-editor\" data-id=\"450ad1ec\" data-element_type=\"widget\" data-e-type=\"widget\" data-widget_type=\"text-editor.default\">\n\t\t\t\t<div class=\"elementor-widget-container\">\n\t\t\t\t\t\t\t\t\t<p class=\"ds-markdown-paragraph\">El\u00a0<strong>Molino para Carnes #22<\/strong>\u00a0es un equipo dise\u00f1ado para trabajos livianos y baja producci\u00f3n, perfecto para negocios peque\u00f1os, carnicer\u00edas o emprendimientos que requieran procesar carne con eficiencia y calidad. Fabricado con un\u00a0<strong>cabezote en acero inoxidable 201<\/strong>, garantiza durabilidad, resistencia a la corrosi\u00f3n y facilidad de limpieza, cumpliendo con los est\u00e1ndares de higiene necesarios para el manejo de alimentos.<\/p><p class=\"ds-markdown-paragraph\"><span style=\"font-size: 13px; font-style: normal; font-weight: 400; letter-spacing: 0.7px;\">Este molino incluye\u00a0<\/span><strong style=\"font-size: 13px; font-style: normal; letter-spacing: 0.7px;\">2 discos, 2 cuchillas, un embudo y un pisador<\/strong><span style=\"font-size: 13px; font-style: normal; font-weight: 400; letter-spacing: 0.7px;\">, permitiendo moler la carne en diferentes texturas seg\u00fan las necesidades del usuario. Su\u00a0<\/span><strong style=\"font-size: 13px; font-style: normal; letter-spacing: 0.7px;\">potencia de 1.5 HP (1100W)<\/strong><span style=\"font-size: 13px; font-style: normal; font-weight: 400; letter-spacing: 0.7px;\">\u00a0y\u00a0<\/span><strong style=\"font-size: 13px; font-style: normal; letter-spacing: 0.7px;\">voltaje de 110V \u2013 60Hz<\/strong><span style=\"font-size: 13px; font-style: normal; font-weight: 400; letter-spacing: 0.7px;\">\u00a0aseguran un rendimiento \u00f3ptimo con un consumo energ\u00e9tico eficiente. Con una\u00a0<\/span><strong style=\"font-size: 13px; font-style: normal; letter-spacing: 0.7px;\">capacidad de molienda de hasta 250 kg\/h<\/strong><span style=\"font-size: 13px; font-style: normal; font-weight: 400; letter-spacing: 0.7px;\">, es ideal para producciones moderadas, y su\u00a0<\/span><strong style=\"font-size: 13px; font-style: normal; letter-spacing: 0.7px;\">ciclo m\u00e1ximo de trabajo continuo es de 30 kg<\/strong><span style=\"font-size: 13px; font-style: normal; font-weight: 400; letter-spacing: 0.7px;\">, lo que lo hace perfecto para uso intermitente sin sobrecalentamiento.<\/span><\/p><p class=\"ds-markdown-paragraph\">Sus dimensiones compactas (<strong>41.5 x 26 x 46 cm<\/strong>) y su\u00a0<strong>peso neto de 18.5 kg<\/strong>\u00a0lo convierten en un equipo f\u00e1cil de transportar y almacenar, ideal para espacios reducidos. Adem\u00e1s, su dise\u00f1o robusto y ergon\u00f3mico facilita su operaci\u00f3n, brindando seguridad y comodidad al usuario.<\/p><p class=\"ds-markdown-paragraph\">Este molino es una excelente opci\u00f3n para quienes buscan un equipo\u00a0<strong>confiable, de bajo mantenimiento y alto rendimiento<\/strong>, capaz de procesar carne con textura uniforme para la elaboraci\u00f3n de hamburguesas, chorizos, alb\u00f3ndigas y otros productos c\u00e1rnicos. Su construcci\u00f3n en acero inoxidable y componentes de calidad lo hacen una inversi\u00f3n duradera para peque\u00f1os negocios gastron\u00f3micos.<\/p>\t\t\t\t\t\t\t\t<\/div>\n\t\t\t\t<\/div>\n\t\t\t\t\t<\/div>\n\t\t<\/div>\n\t\t\t\t\t<\/div>\n\t\t<\/section>\n\t\t\t\t<section class=\"elementor-section elementor-top-section elementor-element elementor-element-d1c64c4 elementor-section-boxed elementor-section-height-default elementor-section-height-default\" data-id=\"d1c64c4\" data-element_type=\"section\" data-e-type=\"section\">\n\t\t\t\t\t\t<div class=\"elementor-container elementor-column-gap-default\">\n\t\t\t\t\t<div class=\"elementor-column elementor-col-100 elementor-top-column elementor-element elementor-element-81dcb8e\" data-id=\"81dcb8e\" data-element_type=\"column\" data-e-type=\"column\">\n\t\t\t<div class=\"elementor-widget-wrap elementor-element-populated\">\n\t\t\t\t\t\t<div class=\"elementor-element elementor-element-b4b261c elementor-widget elementor-widget-heading\" data-id=\"b4b261c\" data-element_type=\"widget\" data-e-type=\"widget\" data-widget_type=\"heading.default\">\n\t\t\t\t<div class=\"elementor-widget-container\">\n\t\t\t\t\t<h3 class=\"elementor-heading-title elementor-size-default\">Documentaci\u00f3n<\/h3>\t\t\t\t<\/div>\n\t\t\t\t<\/div>\n\t\t\t\t<div class=\"elementor-element elementor-element-ec3045b elementor-widget elementor-widget-eael-adv-accordion\" data-id=\"ec3045b\" data-element_type=\"widget\" data-e-type=\"widget\" data-widget_type=\"eael-adv-accordion.default\">\n\t\t\t\t<div class=\"elementor-widget-container\">\n\t\t\t\t\t            <div class=\"eael-adv-accordion\" id=\"eael-adv-accordion-ec3045b\" data-scroll-on-click=\"no\" data-scroll-speed=\"300\" data-accordion-id=\"ec3045b\" data-accordion-type=\"accordion\" data-toogle-speed=\"300\">\n            <div class=\"eael-accordion-list\">\n\t\t\t\t\t<div id=\"documentos\" class=\"elementor-tab-title eael-accordion-header\" tabindex=\"0\" data-tab=\"1\" aria-controls=\"elementor-tab-content-2471\"><span class=\"eael-advanced-accordion-icon-closed\"><i aria-hidden=\"true\" class=\"fa-accordion-icon far fa-file-pdf\"><\/i><\/span><span class=\"eael-advanced-accordion-icon-opened\"><i aria-hidden=\"true\" class=\"fa-accordion-icon fas fa-minus\"><\/i><\/span><span class=\"eael-accordion-tab-title\">Documentos<\/span><\/div><div id=\"elementor-tab-content-2471\" class=\"eael-accordion-content clearfix\" data-tab=\"1\" aria-labelledby=\"documentos\"><p><img decoding=\"async\" class=\"wp-image-2526 alignnone\" src=\"https:\/\/biopesaje.com\/wp-content\/uploads\/2022\/02\/391px-PDF_file_icon.svg.png\" alt=\"\" width=\"30\" height=\"37\" srcset=\"https:\/\/biopesaje.com\/wp-content\/uploads\/2022\/02\/391px-PDF_file_icon.svg.png 391w, https:\/\/biopesaje.com\/wp-content\/uploads\/2022\/02\/391px-PDF_file_icon.svg-300x368.png 300w, https:\/\/biopesaje.com\/wp-content\/uploads\/2022\/02\/391px-PDF_file_icon.svg-244x300.png 244w, https:\/\/biopesaje.com\/wp-content\/uploads\/2022\/02\/391px-PDF_file_icon.svg-48x59.png 48w\" sizes=\"(max-width: 30px) 100vw, 30px\" \/> Cat\u00e1logo Molino Para Carnes MEAT-22<\/p><\/div>\n\t\t\t\t\t<\/div><\/div>\t\t\t\t<\/div>\n\t\t\t\t<\/div>\n\t\t\t\t\t<\/div>\n\t\t<\/div>\n\t\t\t\t\t<\/div>\n\t\t<\/section>\n\t\t\t\t<section class=\"elementor-section elementor-top-section elementor-element elementor-element-5e521e2 elementor-section-boxed elementor-section-height-default elementor-section-height-default\" data-id=\"5e521e2\" data-element_type=\"section\" data-e-type=\"section\">\n\t\t\t\t\t\t<div class=\"elementor-container elementor-column-gap-default\">\n\t\t\t\t\t<div class=\"elementor-column elementor-col-100 elementor-top-column elementor-element elementor-element-8a4e6b4\" data-id=\"8a4e6b4\" data-element_type=\"column\" data-e-type=\"column\">\n\t\t\t<div class=\"elementor-widget-wrap elementor-element-populated\">\n\t\t\t\t\t\t\t<\/div>\n\t\t<\/div>\n\t\t\t\t\t<\/div>\n\t\t<\/section>\n\t\t\t\t<\/div>\n\t\t","protected":false},"excerpt":{"rendered":"<p>&#8211; Molino para carnes\u00a0 #22<br \/>\n&#8211; Dise\u00f1ado para baja producci\u00f3n (Trabajo liviano)<br \/>\n&#8211; Cabezote en acero inox 201<br \/>\n&#8211; Incluye 2 discos, 2 cuchilla, embudo y pizador<br \/>\n\u2013 Voltaje: 110V \u2013 60Hz<br \/>\n\u2013 Poder: 1100W<br \/>\n\u2013 Potencia: 1.5hp<br \/>\n\u2013 Capacidad: 250kg\/h<br \/>\n\u2013 Ciclo m\u00e1ximo de producci\u00f3n: 30kg<br \/>\n\u2013 Dimensiones equipo: 41.5x26x46cm<br \/>\n\u2013 Peso neto: 18.5kg<\/p>\n","protected":false},"featured_media":9072,"template":"","meta":{"_uag_custom_page_level_css":"","_joinchat":[]},"product_brand":[181],"product_cat":[92],"product_tag":[],"class_list":{"0":"post-9068","1":"product","2":"type-product","3":"status-publish","4":"has-post-thumbnail","6":"product_brand-biopesaje","7":"product_cat-molinos-de-carne-acero-inox-electricos","8":"thunk-woo-product-list","9":"opn-qv-enable","10":"top-store-woo-hover-none","11":"top-store-single-product-tab-horizontal","12":"top-store-shadow-","13":"top-store-shadow-hover-","15":"first","16":"instock","17":"taxable","18":"shipping-taxable","19":"product-type-simple"},"yoast_head":"<!-- This site is optimized with the Yoast SEO plugin v27.3 - https:\/\/yoast.com\/product\/yoast-seo-wordpress\/ -->\n<title>Molino Para Carnes MEAT-22 - BIOPESAJE S.A.S.<\/title>\n<meta name=\"description\" content=\"Biopesaje S.A.S cuenta con la mejor selecci\u00f3n de equipos en categor\u00edas como pesaje procesamiento y empaque de la industria alimenticia. Molino Para Carnes MEAT-22\" \/>\n<meta name=\"robots\" content=\"index, follow, max-snippet:-1, max-image-preview:large, max-video-preview:-1\" \/>\n<link rel=\"canonical\" href=\"https:\/\/biopesaje.com\/index.php\/product\/molino-para-carnes-meat-22\/\" \/>\n<meta property=\"og:locale\" content=\"es_ES\" \/>\n<meta property=\"og:type\" content=\"article\" \/>\n<meta property=\"og:title\" content=\"Molino Para Carnes MEAT-22 - BIOPESAJE S.A.S.\" \/>\n<meta property=\"og:description\" content=\"Biopesaje S.A.S cuenta con la mejor selecci\u00f3n de equipos en categor\u00edas como pesaje procesamiento y empaque de la industria alimenticia. Molino Para Carnes MEAT-22\" \/>\n<meta property=\"og:url\" content=\"https:\/\/biopesaje.com\/index.php\/product\/molino-para-carnes-meat-22\/\" \/>\n<meta property=\"og:site_name\" content=\"BIOPESAJE S.A.S.\" \/>\n<meta property=\"article:modified_time\" content=\"2025-06-06T16:26:28+00:00\" \/>\n<meta property=\"og:image\" content=\"https:\/\/biopesaje.com\/wp-content\/uploads\/2025\/06\/Molino-Para-Carnes-MEAT-22-1.webp\" \/>\n\t<meta property=\"og:image:width\" content=\"800\" \/>\n\t<meta property=\"og:image:height\" content=\"800\" \/>\n\t<meta property=\"og:image:type\" content=\"image\/webp\" \/>\n<meta name=\"twitter:card\" content=\"summary_large_image\" \/>\n<meta name=\"twitter:label1\" content=\"Tiempo de lectura\" \/>\n\t<meta name=\"twitter:data1\" content=\"2 minutos\" \/>\n<script type=\"application\/ld+json\" class=\"yoast-schema-graph\">{\"@context\":\"https:\\\/\\\/schema.org\",\"@graph\":[{\"@type\":\"WebPage\",\"@id\":\"https:\\\/\\\/biopesaje.com\\\/index.php\\\/product\\\/molino-para-carnes-meat-22\\\/\",\"url\":\"https:\\\/\\\/biopesaje.com\\\/index.php\\\/product\\\/molino-para-carnes-meat-22\\\/\",\"name\":\"Molino Para Carnes MEAT-22 - BIOPESAJE S.A.S.\",\"isPartOf\":{\"@id\":\"https:\\\/\\\/biopesaje.com\\\/#website\"},\"primaryImageOfPage\":{\"@id\":\"https:\\\/\\\/biopesaje.com\\\/index.php\\\/product\\\/molino-para-carnes-meat-22\\\/#primaryimage\"},\"image\":{\"@id\":\"https:\\\/\\\/biopesaje.com\\\/index.php\\\/product\\\/molino-para-carnes-meat-22\\\/#primaryimage\"},\"thumbnailUrl\":\"https:\\\/\\\/biopesaje.com\\\/wp-content\\\/uploads\\\/2025\\\/06\\\/Molino-Para-Carnes-MEAT-22-1.webp\",\"datePublished\":\"2025-06-06T15:29:23+00:00\",\"dateModified\":\"2025-06-06T16:26:28+00:00\",\"description\":\"Biopesaje S.A.S cuenta con la mejor selecci\u00f3n de equipos en categor\u00edas como pesaje procesamiento y empaque de la industria alimenticia. Molino Para Carnes MEAT-22\",\"breadcrumb\":{\"@id\":\"https:\\\/\\\/biopesaje.com\\\/index.php\\\/product\\\/molino-para-carnes-meat-22\\\/#breadcrumb\"},\"inLanguage\":\"es-CO\",\"potentialAction\":[{\"@type\":\"ReadAction\",\"target\":[\"https:\\\/\\\/biopesaje.com\\\/index.php\\\/product\\\/molino-para-carnes-meat-22\\\/\"]}]},{\"@type\":\"ImageObject\",\"inLanguage\":\"es-CO\",\"@id\":\"https:\\\/\\\/biopesaje.com\\\/index.php\\\/product\\\/molino-para-carnes-meat-22\\\/#primaryimage\",\"url\":\"https:\\\/\\\/biopesaje.com\\\/wp-content\\\/uploads\\\/2025\\\/06\\\/Molino-Para-Carnes-MEAT-22-1.webp\",\"contentUrl\":\"https:\\\/\\\/biopesaje.com\\\/wp-content\\\/uploads\\\/2025\\\/06\\\/Molino-Para-Carnes-MEAT-22-1.webp\",\"width\":800,\"height\":800,\"caption\":\"Molino Para Carnes MEAT-22\"},{\"@type\":\"BreadcrumbList\",\"@id\":\"https:\\\/\\\/biopesaje.com\\\/index.php\\\/product\\\/molino-para-carnes-meat-22\\\/#breadcrumb\",\"itemListElement\":[{\"@type\":\"ListItem\",\"position\":1,\"name\":\"Home\",\"item\":\"https:\\\/\\\/biopesaje.com\\\/\"},{\"@type\":\"ListItem\",\"position\":2,\"name\":\"Productos\",\"item\":\"https:\\\/\\\/biopesaje.com\\\/index.php\\\/tienda\\\/\"},{\"@type\":\"ListItem\",\"position\":3,\"name\":\"Molino Para Carnes MEAT-22\"}]},{\"@type\":\"WebSite\",\"@id\":\"https:\\\/\\\/biopesaje.com\\\/#website\",\"url\":\"https:\\\/\\\/biopesaje.com\\\/\",\"name\":\"BIOPESAJE S.A.S.\",\"description\":\"Ingenier\u00eda de pesaje, metrolog\u00eda y laboratorio.\",\"publisher\":{\"@id\":\"https:\\\/\\\/biopesaje.com\\\/#organization\"},\"potentialAction\":[{\"@type\":\"SearchAction\",\"target\":{\"@type\":\"EntryPoint\",\"urlTemplate\":\"https:\\\/\\\/biopesaje.com\\\/?s={search_term_string}\"},\"query-input\":{\"@type\":\"PropertyValueSpecification\",\"valueRequired\":true,\"valueName\":\"search_term_string\"}}],\"inLanguage\":\"es-CO\"},{\"@type\":\"Organization\",\"@id\":\"https:\\\/\\\/biopesaje.com\\\/#organization\",\"name\":\"BIOPESAJE S.A.S.\",\"url\":\"https:\\\/\\\/biopesaje.com\\\/\",\"logo\":{\"@type\":\"ImageObject\",\"inLanguage\":\"es-CO\",\"@id\":\"https:\\\/\\\/biopesaje.com\\\/#\\\/schema\\\/logo\\\/image\\\/\",\"url\":\"\",\"contentUrl\":\"\",\"caption\":\"BIOPESAJE S.A.S.\"},\"image\":{\"@id\":\"https:\\\/\\\/biopesaje.com\\\/#\\\/schema\\\/logo\\\/image\\\/\"}}]}<\/script>\n<!-- \/ Yoast SEO plugin. -->","yoast_head_json":{"title":"Molino Para Carnes MEAT-22 - BIOPESAJE S.A.S.","description":"Biopesaje S.A.S cuenta con la mejor selecci\u00f3n de equipos en categor\u00edas como pesaje procesamiento y empaque de la industria alimenticia. Molino Para Carnes MEAT-22","robots":{"index":"index","follow":"follow","max-snippet":"max-snippet:-1","max-image-preview":"max-image-preview:large","max-video-preview":"max-video-preview:-1"},"canonical":"https:\/\/biopesaje.com\/index.php\/product\/molino-para-carnes-meat-22\/","og_locale":"es_ES","og_type":"article","og_title":"Molino Para Carnes MEAT-22 - BIOPESAJE S.A.S.","og_description":"Biopesaje S.A.S cuenta con la mejor selecci\u00f3n de equipos en categor\u00edas como pesaje procesamiento y empaque de la industria alimenticia. Molino Para Carnes MEAT-22","og_url":"https:\/\/biopesaje.com\/index.php\/product\/molino-para-carnes-meat-22\/","og_site_name":"BIOPESAJE S.A.S.","article_modified_time":"2025-06-06T16:26:28+00:00","og_image":[{"width":800,"height":800,"url":"https:\/\/biopesaje.com\/wp-content\/uploads\/2025\/06\/Molino-Para-Carnes-MEAT-22-1.webp","type":"image\/webp"}],"twitter_card":"summary_large_image","twitter_misc":{"Tiempo de lectura":"2 minutos"},"schema":{"@context":"https:\/\/schema.org","@graph":[{"@type":"WebPage","@id":"https:\/\/biopesaje.com\/index.php\/product\/molino-para-carnes-meat-22\/","url":"https:\/\/biopesaje.com\/index.php\/product\/molino-para-carnes-meat-22\/","name":"Molino Para Carnes MEAT-22 - BIOPESAJE S.A.S.","isPartOf":{"@id":"https:\/\/biopesaje.com\/#website"},"primaryImageOfPage":{"@id":"https:\/\/biopesaje.com\/index.php\/product\/molino-para-carnes-meat-22\/#primaryimage"},"image":{"@id":"https:\/\/biopesaje.com\/index.php\/product\/molino-para-carnes-meat-22\/#primaryimage"},"thumbnailUrl":"https:\/\/biopesaje.com\/wp-content\/uploads\/2025\/06\/Molino-Para-Carnes-MEAT-22-1.webp","datePublished":"2025-06-06T15:29:23+00:00","dateModified":"2025-06-06T16:26:28+00:00","description":"Biopesaje S.A.S cuenta con la mejor selecci\u00f3n de equipos en categor\u00edas como pesaje procesamiento y empaque de la industria alimenticia. Molino Para Carnes MEAT-22","breadcrumb":{"@id":"https:\/\/biopesaje.com\/index.php\/product\/molino-para-carnes-meat-22\/#breadcrumb"},"inLanguage":"es-CO","potentialAction":[{"@type":"ReadAction","target":["https:\/\/biopesaje.com\/index.php\/product\/molino-para-carnes-meat-22\/"]}]},{"@type":"ImageObject","inLanguage":"es-CO","@id":"https:\/\/biopesaje.com\/index.php\/product\/molino-para-carnes-meat-22\/#primaryimage","url":"https:\/\/biopesaje.com\/wp-content\/uploads\/2025\/06\/Molino-Para-Carnes-MEAT-22-1.webp","contentUrl":"https:\/\/biopesaje.com\/wp-content\/uploads\/2025\/06\/Molino-Para-Carnes-MEAT-22-1.webp","width":800,"height":800,"caption":"Molino Para Carnes MEAT-22"},{"@type":"BreadcrumbList","@id":"https:\/\/biopesaje.com\/index.php\/product\/molino-para-carnes-meat-22\/#breadcrumb","itemListElement":[{"@type":"ListItem","position":1,"name":"Home","item":"https:\/\/biopesaje.com\/"},{"@type":"ListItem","position":2,"name":"Productos","item":"https:\/\/biopesaje.com\/index.php\/tienda\/"},{"@type":"ListItem","position":3,"name":"Molino Para Carnes MEAT-22"}]},{"@type":"WebSite","@id":"https:\/\/biopesaje.com\/#website","url":"https:\/\/biopesaje.com\/","name":"BIOPESAJE S.A.S.","description":"Ingenier\u00eda de pesaje, metrolog\u00eda y laboratorio.","publisher":{"@id":"https:\/\/biopesaje.com\/#organization"},"potentialAction":[{"@type":"SearchAction","target":{"@type":"EntryPoint","urlTemplate":"https:\/\/biopesaje.com\/?s={search_term_string}"},"query-input":{"@type":"PropertyValueSpecification","valueRequired":true,"valueName":"search_term_string"}}],"inLanguage":"es-CO"},{"@type":"Organization","@id":"https:\/\/biopesaje.com\/#organization","name":"BIOPESAJE S.A.S.","url":"https:\/\/biopesaje.com\/","logo":{"@type":"ImageObject","inLanguage":"es-CO","@id":"https:\/\/biopesaje.com\/#\/schema\/logo\/image\/","url":"","contentUrl":"","caption":"BIOPESAJE S.A.S."},"image":{"@id":"https:\/\/biopesaje.com\/#\/schema\/logo\/image\/"}}]}},"uagb_featured_image_src":{"full":["https:\/\/biopesaje.com\/wp-content\/uploads\/2025\/06\/Molino-Para-Carnes-MEAT-22-1.webp",800,800,false],"thumbnail":["https:\/\/biopesaje.com\/wp-content\/uploads\/2025\/06\/Molino-Para-Carnes-MEAT-22-1-150x150.webp",150,150,true],"medium":["https:\/\/biopesaje.com\/wp-content\/uploads\/2025\/06\/Molino-Para-Carnes-MEAT-22-1-300x300.webp",300,300,true],"medium_large":["https:\/\/biopesaje.com\/wp-content\/uploads\/2025\/06\/Molino-Para-Carnes-MEAT-22-1-768x768.webp",640,640,true],"large":["https:\/\/biopesaje.com\/wp-content\/uploads\/2025\/06\/Molino-Para-Carnes-MEAT-22-1.webp",640,640,false],"1536x1536":["https:\/\/biopesaje.com\/wp-content\/uploads\/2025\/06\/Molino-Para-Carnes-MEAT-22-1.webp",800,800,false],"2048x2048":["https:\/\/biopesaje.com\/wp-content\/uploads\/2025\/06\/Molino-Para-Carnes-MEAT-22-1.webp",800,800,false],"woocommerce_thumbnail":["https:\/\/biopesaje.com\/wp-content\/uploads\/2025\/06\/Molino-Para-Carnes-MEAT-22-1-320x320.webp",320,320,true],"woocommerce_single":["https:\/\/biopesaje.com\/wp-content\/uploads\/2025\/06\/Molino-Para-Carnes-MEAT-22-1.webp",800,800,false],"woocommerce_gallery_thumbnail":["https:\/\/biopesaje.com\/wp-content\/uploads\/2025\/06\/Molino-Para-Carnes-MEAT-22-1-100x100.webp",100,100,true],"thaps-thumb-img":["https:\/\/biopesaje.com\/wp-content\/uploads\/2025\/06\/Molino-Para-Carnes-MEAT-22-1-48x48.webp",48,48,true],"taiowc-thumb-img":["https:\/\/biopesaje.com\/wp-content\/uploads\/2025\/06\/Molino-Para-Carnes-MEAT-22-1-48x48.webp",48,48,true]},"uagb_author_info":{"display_name":"Diego Martinez","author_link":"https:\/\/biopesaje.com\/index.php\/author\/"},"uagb_comment_info":0,"uagb_excerpt":"- Molino para carnes\u00a0 #22 - Dise\u00f1ado para baja producci\u00f3n (Trabajo liviano) - Cabezote en acero inox 201 - Incluye 2 discos, 2 cuchilla, embudo y pizador \u2013 Voltaje: 110V \u2013 60Hz \u2013 Poder: 1100W \u2013 Potencia: 1.5hp \u2013 Capacidad: 250kg\/h \u2013 Ciclo m\u00e1ximo de producci\u00f3n: 30kg \u2013 Dimensiones equipo: 41.5x26x46cm \u2013 Peso neto: 18.5kg","jetpack_sharing_enabled":true,"_links":{"self":[{"href":"https:\/\/biopesaje.com\/index.php\/wp-json\/wp\/v2\/product\/9068","targetHints":{"allow":["GET"]}}],"collection":[{"href":"https:\/\/biopesaje.com\/index.php\/wp-json\/wp\/v2\/product"}],"about":[{"href":"https:\/\/biopesaje.com\/index.php\/wp-json\/wp\/v2\/types\/product"}],"version-history":[{"count":10,"href":"https:\/\/biopesaje.com\/index.php\/wp-json\/wp\/v2\/product\/9068\/revisions"}],"predecessor-version":[{"id":9083,"href":"https:\/\/biopesaje.com\/index.php\/wp-json\/wp\/v2\/product\/9068\/revisions\/9083"}],"wp:featuredmedia":[{"embeddable":true,"href":"https:\/\/biopesaje.com\/index.php\/wp-json\/wp\/v2\/media\/9072"}],"wp:attachment":[{"href":"https:\/\/biopesaje.com\/index.php\/wp-json\/wp\/v2\/media?parent=9068"}],"wp:term":[{"taxonomy":"product_brand","embeddable":true,"href":"https:\/\/biopesaje.com\/index.php\/wp-json\/wp\/v2\/product_brand?post=9068"},{"taxonomy":"product_cat","embeddable":true,"href":"https:\/\/biopesaje.com\/index.php\/wp-json\/wp\/v2\/product_cat?post=9068"},{"taxonomy":"product_tag","embeddable":true,"href":"https:\/\/biopesaje.com\/index.php\/wp-json\/wp\/v2\/product_tag?post=9068"}],"curies":[{"name":"wp","href":"https:\/\/api.w.org\/{rel}","templated":true}]}}