{"id":9122,"date":"2025-06-10T21:33:48","date_gmt":"2025-06-10T21:33:48","guid":{"rendered":"https:\/\/biopesaje.com\/?post_type=product&#038;p=9122"},"modified":"2025-06-10T22:02:05","modified_gmt":"2025-06-10T22:02:05","slug":"tajadora-para-quesos-automatica-320-ta","status":"publish","type":"product","link":"https:\/\/biopesaje.com\/index.php\/product\/tajadora-para-quesos-automatica-320-ta\/","title":{"rendered":"TAJADORA PARA QUESOS AUTOM\u00c1TICA  320-TA"},"content":{"rendered":"\t\t<div data-elementor-type=\"wp-post\" data-elementor-id=\"9122\" class=\"elementor elementor-9122\" data-elementor-post-type=\"product\">\n\t\t\t\t\t\t<section class=\"elementor-section elementor-top-section elementor-element elementor-element-5bd5cd50 elementor-section-boxed elementor-section-height-default elementor-section-height-default\" data-id=\"5bd5cd50\" data-element_type=\"section\" data-e-type=\"section\">\n\t\t\t\t\t\t<div class=\"elementor-container elementor-column-gap-default\">\n\t\t\t\t\t<div class=\"elementor-column elementor-col-100 elementor-top-column elementor-element elementor-element-5c718e4d\" data-id=\"5c718e4d\" data-element_type=\"column\" data-e-type=\"column\">\n\t\t\t<div class=\"elementor-widget-wrap elementor-element-populated\">\n\t\t\t\t\t\t<div class=\"elementor-element elementor-element-450ad1ec elementor-widget elementor-widget-text-editor\" data-id=\"450ad1ec\" data-element_type=\"widget\" data-e-type=\"widget\" data-widget_type=\"text-editor.default\">\n\t\t\t\t<div class=\"elementor-widget-container\">\n\t\t\t\t\t\t\t\t\t<p class=\"ds-markdown-paragraph\">La TAJADORA PARA QUESOS AUTOM\u00c1TICA 320-TA es un equipo de alto rendimiento dise\u00f1ado para satisfacer las demandas de cortes precisos y r\u00e1pidos en entornos profesionales. Con <strong>dos motores de 0.5 HP cada uno<\/strong>, opera a\u00a0<strong>110V \/ 60Hz<\/strong>, garantizando potencia y eficiencia en procesos continuos. Su estructura robusta, fabricada en\u00a0<strong>aluminio anodizado<\/strong>, ofrece resistencia a la corrosi\u00f3n y durabilidad, mientras que la\u00a0<strong>base en acero inoxidable<\/strong>\u00a0asegura estabilidad y facilidad de limpieza, cumpliendo con los m\u00e1s altos est\u00e1ndares de higiene en la industria alimentaria.<\/p><p class=\"ds-markdown-paragraph\">El disco de corte, elaborado en\u00a0<strong>acero inoxidable con un di\u00e1metro de 32 cm<\/strong>, permite realizar cortes uniformes en una amplia variedad de productos, desde embutidos y quesos hasta carnes fr\u00edas y vegetales firmes. Con una\u00a0<strong>amplitud de corte de 23 cm<\/strong>, esta m\u00e1quina es ideal para carnicer\u00edas, charcuter\u00edas, restaurantes y plantas de procesamiento de alimentos que requieren precisi\u00f3n y velocidad.<\/p><p class=\"ds-markdown-paragraph\">La seguridad es una prioridad en este equipo, ya que incorpora un\u00a0<strong>sensor de seguridad sobre el disco<\/strong>, protegiendo al operador y reduciendo el riesgo de accidentes. Su dise\u00f1o ergon\u00f3mico y materiales de alta calidad garantizan un funcionamiento silencioso y sin vibraciones, optimizando el rendimiento en jornadas laborales extensas.<\/p><p class=\"ds-markdown-paragraph\">Adem\u00e1s, su f\u00e1cil mantenimiento y la posibilidad de ajustar el grosor del corte la convierten en una soluci\u00f3n vers\u00e1til y rentable para negocios que buscan automatizar sus procesos sin sacrificar calidad. Si necesitas una tajadora\u00a0<strong>confiable, potente y segura<\/strong>, este modelo industrial es la elecci\u00f3n perfecta para elevar la productividad de tu negocio.<\/p>\t\t\t\t\t\t\t\t<\/div>\n\t\t\t\t<\/div>\n\t\t\t\t\t<\/div>\n\t\t<\/div>\n\t\t\t\t\t<\/div>\n\t\t<\/section>\n\t\t\t\t<section class=\"elementor-section elementor-top-section elementor-element elementor-element-d1c64c4 elementor-section-boxed elementor-section-height-default elementor-section-height-default\" data-id=\"d1c64c4\" data-element_type=\"section\" data-e-type=\"section\">\n\t\t\t\t\t\t<div class=\"elementor-container elementor-column-gap-default\">\n\t\t\t\t\t<div class=\"elementor-column elementor-col-100 elementor-top-column elementor-element elementor-element-81dcb8e\" data-id=\"81dcb8e\" data-element_type=\"column\" data-e-type=\"column\">\n\t\t\t<div class=\"elementor-widget-wrap elementor-element-populated\">\n\t\t\t\t\t\t<div class=\"elementor-element elementor-element-b4b261c elementor-widget elementor-widget-heading\" data-id=\"b4b261c\" data-element_type=\"widget\" data-e-type=\"widget\" data-widget_type=\"heading.default\">\n\t\t\t\t<div class=\"elementor-widget-container\">\n\t\t\t\t\t<h3 class=\"elementor-heading-title elementor-size-default\">Documentaci\u00f3n<\/h3>\t\t\t\t<\/div>\n\t\t\t\t<\/div>\n\t\t\t\t<div class=\"elementor-element elementor-element-ec3045b elementor-widget elementor-widget-eael-adv-accordion\" data-id=\"ec3045b\" data-element_type=\"widget\" data-e-type=\"widget\" data-widget_type=\"eael-adv-accordion.default\">\n\t\t\t\t<div class=\"elementor-widget-container\">\n\t\t\t\t\t            <div class=\"eael-adv-accordion\" id=\"eael-adv-accordion-ec3045b\" data-scroll-on-click=\"no\" data-scroll-speed=\"300\" data-accordion-id=\"ec3045b\" data-accordion-type=\"accordion\" data-toogle-speed=\"300\">\n            <div class=\"eael-accordion-list\">\n\t\t\t\t\t<div id=\"documentos\" class=\"elementor-tab-title eael-accordion-header\" tabindex=\"0\" data-tab=\"1\" aria-controls=\"elementor-tab-content-2471\"><span class=\"eael-advanced-accordion-icon-closed\"><i aria-hidden=\"true\" class=\"fa-accordion-icon far fa-file-pdf\"><\/i><\/span><span class=\"eael-advanced-accordion-icon-opened\"><i aria-hidden=\"true\" class=\"fa-accordion-icon fas fa-minus\"><\/i><\/span><span class=\"eael-accordion-tab-title\">Documentos<\/span><\/div><div id=\"elementor-tab-content-2471\" class=\"eael-accordion-content clearfix\" data-tab=\"1\" aria-labelledby=\"documentos\"><p><img decoding=\"async\" class=\"wp-image-2526 alignnone\" src=\"https:\/\/biopesaje.com\/wp-content\/uploads\/2022\/02\/391px-PDF_file_icon.svg.png\" alt=\"\" width=\"30\" height=\"37\" srcset=\"https:\/\/biopesaje.com\/wp-content\/uploads\/2022\/02\/391px-PDF_file_icon.svg.png 391w, https:\/\/biopesaje.com\/wp-content\/uploads\/2022\/02\/391px-PDF_file_icon.svg-300x368.png 300w, https:\/\/biopesaje.com\/wp-content\/uploads\/2022\/02\/391px-PDF_file_icon.svg-244x300.png 244w, https:\/\/biopesaje.com\/wp-content\/uploads\/2022\/02\/391px-PDF_file_icon.svg-48x59.png 48w\" sizes=\"(max-width: 30px) 100vw, 30px\" \/> Cat\u00e1logo TAJADORA PARA QUESOS AUTOM\u00c1TICA 320-TA<\/p><\/div>\n\t\t\t\t\t<\/div><\/div>\t\t\t\t<\/div>\n\t\t\t\t<\/div>\n\t\t\t\t\t<\/div>\n\t\t<\/div>\n\t\t\t\t\t<\/div>\n\t\t<\/section>\n\t\t\t\t<section class=\"elementor-section elementor-top-section elementor-element elementor-element-5e521e2 elementor-section-boxed elementor-section-height-default elementor-section-height-default\" data-id=\"5e521e2\" data-element_type=\"section\" data-e-type=\"section\">\n\t\t\t\t\t\t<div class=\"elementor-container elementor-column-gap-default\">\n\t\t\t\t\t<div class=\"elementor-column elementor-col-100 elementor-top-column elementor-element elementor-element-8a4e6b4\" data-id=\"8a4e6b4\" data-element_type=\"column\" data-e-type=\"column\">\n\t\t\t<div class=\"elementor-widget-wrap elementor-element-populated\">\n\t\t\t\t\t\t\t<\/div>\n\t\t<\/div>\n\t\t\t\t\t<\/div>\n\t\t<\/section>\n\t\t\t\t<\/div>\n\t\t","protected":false},"excerpt":{"rendered":"<div>&#8211; Fabricado en aluminio anodizado<\/div>\n<div>&#8211; Motor 0,5hp. a 110v \/ 60hz<\/div>\n<div>&#8211; Espesor de corte: 0 &#8211; 24mm<\/div>\n<div>&#8211; Disco italiano vertical en acero inox 30cm de di\u00e1metro<\/div>\n<div>&#8211; Amplitud de corte: 23mm<\/div>\n<div>&#8211; Dimensiones: 87x78x76cm.<\/div>\n<div>&#8211; Peso: 70kg<\/div>\n","protected":false},"featured_media":9125,"template":"","meta":{"_uag_custom_page_level_css":"","_joinchat":[]},"product_brand":[181],"product_cat":[93],"product_tag":[],"class_list":{"0":"post-9122","1":"product","2":"type-product","3":"status-publish","4":"has-post-thumbnail","6":"product_brand-biopesaje","7":"product_cat-tajadora-quesos","8":"thunk-woo-product-list","9":"opn-qv-enable","10":"top-store-woo-hover-none","11":"top-store-single-product-tab-horizontal","12":"top-store-shadow-","13":"top-store-shadow-hover-","15":"first","16":"instock","17":"taxable","18":"shipping-taxable","19":"product-type-simple"},"yoast_head":"<!-- This site is optimized with the Yoast SEO plugin v27.3 - https:\/\/yoast.com\/product\/yoast-seo-wordpress\/ -->\n<title>TAJADORA PARA QUESOS AUTOM\u00c1TICA 320-TA - BIOPESAJE S.A.S.<\/title>\n<meta name=\"description\" content=\"Biopesaje S.A.S cuenta con la mejor selecci\u00f3n de equipos en categor\u00edas como pesaje procesamiento y empaque de la industria alimenticia. TAJADORA PARA QUESOS AUTOM\u00c1TICA 320-TA\" \/>\n<meta name=\"robots\" content=\"index, follow, max-snippet:-1, max-image-preview:large, max-video-preview:-1\" \/>\n<link rel=\"canonical\" href=\"https:\/\/biopesaje.com\/index.php\/product\/tajadora-para-quesos-automatica-320-ta\/\" \/>\n<meta property=\"og:locale\" content=\"es_ES\" \/>\n<meta property=\"og:type\" content=\"article\" \/>\n<meta property=\"og:title\" content=\"TAJADORA PARA QUESOS AUTOM\u00c1TICA 320-TA - BIOPESAJE S.A.S.\" \/>\n<meta property=\"og:description\" content=\"Biopesaje S.A.S cuenta con la mejor selecci\u00f3n de equipos en categor\u00edas como pesaje procesamiento y empaque de la industria alimenticia. TAJADORA PARA QUESOS AUTOM\u00c1TICA 320-TA\" \/>\n<meta property=\"og:url\" content=\"https:\/\/biopesaje.com\/index.php\/product\/tajadora-para-quesos-automatica-320-ta\/\" \/>\n<meta property=\"og:site_name\" content=\"BIOPESAJE S.A.S.\" \/>\n<meta property=\"article:modified_time\" content=\"2025-06-10T22:02:05+00:00\" \/>\n<meta property=\"og:image\" content=\"https:\/\/biopesaje.com\/wp-content\/uploads\/2025\/06\/TAJADORA-PARA-QUESOS-AUTOMATICA-320-TA-1.webp\" \/>\n\t<meta property=\"og:image:width\" content=\"800\" \/>\n\t<meta property=\"og:image:height\" content=\"800\" \/>\n\t<meta property=\"og:image:type\" content=\"image\/webp\" \/>\n<meta name=\"twitter:card\" content=\"summary_large_image\" \/>\n<meta name=\"twitter:label1\" content=\"Tiempo de lectura\" \/>\n\t<meta name=\"twitter:data1\" content=\"2 minutos\" \/>\n<script type=\"application\/ld+json\" class=\"yoast-schema-graph\">{\"@context\":\"https:\\\/\\\/schema.org\",\"@graph\":[{\"@type\":\"WebPage\",\"@id\":\"https:\\\/\\\/biopesaje.com\\\/index.php\\\/product\\\/tajadora-para-quesos-automatica-320-ta\\\/\",\"url\":\"https:\\\/\\\/biopesaje.com\\\/index.php\\\/product\\\/tajadora-para-quesos-automatica-320-ta\\\/\",\"name\":\"TAJADORA PARA QUESOS AUTOM\u00c1TICA 320-TA - BIOPESAJE S.A.S.\",\"isPartOf\":{\"@id\":\"https:\\\/\\\/biopesaje.com\\\/#website\"},\"primaryImageOfPage\":{\"@id\":\"https:\\\/\\\/biopesaje.com\\\/index.php\\\/product\\\/tajadora-para-quesos-automatica-320-ta\\\/#primaryimage\"},\"image\":{\"@id\":\"https:\\\/\\\/biopesaje.com\\\/index.php\\\/product\\\/tajadora-para-quesos-automatica-320-ta\\\/#primaryimage\"},\"thumbnailUrl\":\"https:\\\/\\\/biopesaje.com\\\/wp-content\\\/uploads\\\/2025\\\/06\\\/TAJADORA-PARA-QUESOS-AUTOMATICA-320-TA-1.webp\",\"datePublished\":\"2025-06-10T21:33:48+00:00\",\"dateModified\":\"2025-06-10T22:02:05+00:00\",\"description\":\"Biopesaje S.A.S cuenta con la mejor selecci\u00f3n de equipos en categor\u00edas como pesaje procesamiento y empaque de la industria alimenticia. TAJADORA PARA QUESOS AUTOM\u00c1TICA 320-TA\",\"breadcrumb\":{\"@id\":\"https:\\\/\\\/biopesaje.com\\\/index.php\\\/product\\\/tajadora-para-quesos-automatica-320-ta\\\/#breadcrumb\"},\"inLanguage\":\"es-CO\",\"potentialAction\":[{\"@type\":\"ReadAction\",\"target\":[\"https:\\\/\\\/biopesaje.com\\\/index.php\\\/product\\\/tajadora-para-quesos-automatica-320-ta\\\/\"]}]},{\"@type\":\"ImageObject\",\"inLanguage\":\"es-CO\",\"@id\":\"https:\\\/\\\/biopesaje.com\\\/index.php\\\/product\\\/tajadora-para-quesos-automatica-320-ta\\\/#primaryimage\",\"url\":\"https:\\\/\\\/biopesaje.com\\\/wp-content\\\/uploads\\\/2025\\\/06\\\/TAJADORA-PARA-QUESOS-AUTOMATICA-320-TA-1.webp\",\"contentUrl\":\"https:\\\/\\\/biopesaje.com\\\/wp-content\\\/uploads\\\/2025\\\/06\\\/TAJADORA-PARA-QUESOS-AUTOMATICA-320-TA-1.webp\",\"width\":800,\"height\":800},{\"@type\":\"BreadcrumbList\",\"@id\":\"https:\\\/\\\/biopesaje.com\\\/index.php\\\/product\\\/tajadora-para-quesos-automatica-320-ta\\\/#breadcrumb\",\"itemListElement\":[{\"@type\":\"ListItem\",\"position\":1,\"name\":\"Home\",\"item\":\"https:\\\/\\\/biopesaje.com\\\/\"},{\"@type\":\"ListItem\",\"position\":2,\"name\":\"Productos\",\"item\":\"https:\\\/\\\/biopesaje.com\\\/index.php\\\/tienda\\\/\"},{\"@type\":\"ListItem\",\"position\":3,\"name\":\"TAJADORA PARA QUESOS AUTOM\u00c1TICA 320-TA\"}]},{\"@type\":\"WebSite\",\"@id\":\"https:\\\/\\\/biopesaje.com\\\/#website\",\"url\":\"https:\\\/\\\/biopesaje.com\\\/\",\"name\":\"BIOPESAJE S.A.S.\",\"description\":\"Ingenier\u00eda de pesaje, metrolog\u00eda y laboratorio.\",\"publisher\":{\"@id\":\"https:\\\/\\\/biopesaje.com\\\/#organization\"},\"potentialAction\":[{\"@type\":\"SearchAction\",\"target\":{\"@type\":\"EntryPoint\",\"urlTemplate\":\"https:\\\/\\\/biopesaje.com\\\/?s={search_term_string}\"},\"query-input\":{\"@type\":\"PropertyValueSpecification\",\"valueRequired\":true,\"valueName\":\"search_term_string\"}}],\"inLanguage\":\"es-CO\"},{\"@type\":\"Organization\",\"@id\":\"https:\\\/\\\/biopesaje.com\\\/#organization\",\"name\":\"BIOPESAJE S.A.S.\",\"url\":\"https:\\\/\\\/biopesaje.com\\\/\",\"logo\":{\"@type\":\"ImageObject\",\"inLanguage\":\"es-CO\",\"@id\":\"https:\\\/\\\/biopesaje.com\\\/#\\\/schema\\\/logo\\\/image\\\/\",\"url\":\"\",\"contentUrl\":\"\",\"caption\":\"BIOPESAJE S.A.S.\"},\"image\":{\"@id\":\"https:\\\/\\\/biopesaje.com\\\/#\\\/schema\\\/logo\\\/image\\\/\"}}]}<\/script>\n<!-- \/ Yoast SEO plugin. -->","yoast_head_json":{"title":"TAJADORA PARA QUESOS AUTOM\u00c1TICA 320-TA - BIOPESAJE S.A.S.","description":"Biopesaje S.A.S cuenta con la mejor selecci\u00f3n de equipos en categor\u00edas como pesaje procesamiento y empaque de la industria alimenticia. TAJADORA PARA QUESOS AUTOM\u00c1TICA 320-TA","robots":{"index":"index","follow":"follow","max-snippet":"max-snippet:-1","max-image-preview":"max-image-preview:large","max-video-preview":"max-video-preview:-1"},"canonical":"https:\/\/biopesaje.com\/index.php\/product\/tajadora-para-quesos-automatica-320-ta\/","og_locale":"es_ES","og_type":"article","og_title":"TAJADORA PARA QUESOS AUTOM\u00c1TICA 320-TA - BIOPESAJE S.A.S.","og_description":"Biopesaje S.A.S cuenta con la mejor selecci\u00f3n de equipos en categor\u00edas como pesaje procesamiento y empaque de la industria alimenticia. TAJADORA PARA QUESOS AUTOM\u00c1TICA 320-TA","og_url":"https:\/\/biopesaje.com\/index.php\/product\/tajadora-para-quesos-automatica-320-ta\/","og_site_name":"BIOPESAJE S.A.S.","article_modified_time":"2025-06-10T22:02:05+00:00","og_image":[{"width":800,"height":800,"url":"https:\/\/biopesaje.com\/wp-content\/uploads\/2025\/06\/TAJADORA-PARA-QUESOS-AUTOMATICA-320-TA-1.webp","type":"image\/webp"}],"twitter_card":"summary_large_image","twitter_misc":{"Tiempo de lectura":"2 minutos"},"schema":{"@context":"https:\/\/schema.org","@graph":[{"@type":"WebPage","@id":"https:\/\/biopesaje.com\/index.php\/product\/tajadora-para-quesos-automatica-320-ta\/","url":"https:\/\/biopesaje.com\/index.php\/product\/tajadora-para-quesos-automatica-320-ta\/","name":"TAJADORA PARA QUESOS AUTOM\u00c1TICA 320-TA - BIOPESAJE S.A.S.","isPartOf":{"@id":"https:\/\/biopesaje.com\/#website"},"primaryImageOfPage":{"@id":"https:\/\/biopesaje.com\/index.php\/product\/tajadora-para-quesos-automatica-320-ta\/#primaryimage"},"image":{"@id":"https:\/\/biopesaje.com\/index.php\/product\/tajadora-para-quesos-automatica-320-ta\/#primaryimage"},"thumbnailUrl":"https:\/\/biopesaje.com\/wp-content\/uploads\/2025\/06\/TAJADORA-PARA-QUESOS-AUTOMATICA-320-TA-1.webp","datePublished":"2025-06-10T21:33:48+00:00","dateModified":"2025-06-10T22:02:05+00:00","description":"Biopesaje S.A.S cuenta con la mejor selecci\u00f3n de equipos en categor\u00edas como pesaje procesamiento y empaque de la industria alimenticia. TAJADORA PARA QUESOS AUTOM\u00c1TICA 320-TA","breadcrumb":{"@id":"https:\/\/biopesaje.com\/index.php\/product\/tajadora-para-quesos-automatica-320-ta\/#breadcrumb"},"inLanguage":"es-CO","potentialAction":[{"@type":"ReadAction","target":["https:\/\/biopesaje.com\/index.php\/product\/tajadora-para-quesos-automatica-320-ta\/"]}]},{"@type":"ImageObject","inLanguage":"es-CO","@id":"https:\/\/biopesaje.com\/index.php\/product\/tajadora-para-quesos-automatica-320-ta\/#primaryimage","url":"https:\/\/biopesaje.com\/wp-content\/uploads\/2025\/06\/TAJADORA-PARA-QUESOS-AUTOMATICA-320-TA-1.webp","contentUrl":"https:\/\/biopesaje.com\/wp-content\/uploads\/2025\/06\/TAJADORA-PARA-QUESOS-AUTOMATICA-320-TA-1.webp","width":800,"height":800},{"@type":"BreadcrumbList","@id":"https:\/\/biopesaje.com\/index.php\/product\/tajadora-para-quesos-automatica-320-ta\/#breadcrumb","itemListElement":[{"@type":"ListItem","position":1,"name":"Home","item":"https:\/\/biopesaje.com\/"},{"@type":"ListItem","position":2,"name":"Productos","item":"https:\/\/biopesaje.com\/index.php\/tienda\/"},{"@type":"ListItem","position":3,"name":"TAJADORA PARA QUESOS AUTOM\u00c1TICA 320-TA"}]},{"@type":"WebSite","@id":"https:\/\/biopesaje.com\/#website","url":"https:\/\/biopesaje.com\/","name":"BIOPESAJE S.A.S.","description":"Ingenier\u00eda de pesaje, metrolog\u00eda y laboratorio.","publisher":{"@id":"https:\/\/biopesaje.com\/#organization"},"potentialAction":[{"@type":"SearchAction","target":{"@type":"EntryPoint","urlTemplate":"https:\/\/biopesaje.com\/?s={search_term_string}"},"query-input":{"@type":"PropertyValueSpecification","valueRequired":true,"valueName":"search_term_string"}}],"inLanguage":"es-CO"},{"@type":"Organization","@id":"https:\/\/biopesaje.com\/#organization","name":"BIOPESAJE S.A.S.","url":"https:\/\/biopesaje.com\/","logo":{"@type":"ImageObject","inLanguage":"es-CO","@id":"https:\/\/biopesaje.com\/#\/schema\/logo\/image\/","url":"","contentUrl":"","caption":"BIOPESAJE S.A.S."},"image":{"@id":"https:\/\/biopesaje.com\/#\/schema\/logo\/image\/"}}]}},"uagb_featured_image_src":{"full":["https:\/\/biopesaje.com\/wp-content\/uploads\/2025\/06\/TAJADORA-PARA-QUESOS-AUTOMATICA-320-TA-1.webp",800,800,false],"thumbnail":["https:\/\/biopesaje.com\/wp-content\/uploads\/2025\/06\/TAJADORA-PARA-QUESOS-AUTOMATICA-320-TA-1-150x150.webp",150,150,true],"medium":["https:\/\/biopesaje.com\/wp-content\/uploads\/2025\/06\/TAJADORA-PARA-QUESOS-AUTOMATICA-320-TA-1-300x300.webp",300,300,true],"medium_large":["https:\/\/biopesaje.com\/wp-content\/uploads\/2025\/06\/TAJADORA-PARA-QUESOS-AUTOMATICA-320-TA-1-768x768.webp",640,640,true],"large":["https:\/\/biopesaje.com\/wp-content\/uploads\/2025\/06\/TAJADORA-PARA-QUESOS-AUTOMATICA-320-TA-1.webp",640,640,false],"1536x1536":["https:\/\/biopesaje.com\/wp-content\/uploads\/2025\/06\/TAJADORA-PARA-QUESOS-AUTOMATICA-320-TA-1.webp",800,800,false],"2048x2048":["https:\/\/biopesaje.com\/wp-content\/uploads\/2025\/06\/TAJADORA-PARA-QUESOS-AUTOMATICA-320-TA-1.webp",800,800,false],"woocommerce_thumbnail":["https:\/\/biopesaje.com\/wp-content\/uploads\/2025\/06\/TAJADORA-PARA-QUESOS-AUTOMATICA-320-TA-1-320x320.webp",320,320,true],"woocommerce_single":["https:\/\/biopesaje.com\/wp-content\/uploads\/2025\/06\/TAJADORA-PARA-QUESOS-AUTOMATICA-320-TA-1.webp",800,800,false],"woocommerce_gallery_thumbnail":["https:\/\/biopesaje.com\/wp-content\/uploads\/2025\/06\/TAJADORA-PARA-QUESOS-AUTOMATICA-320-TA-1-100x100.webp",100,100,true],"thaps-thumb-img":["https:\/\/biopesaje.com\/wp-content\/uploads\/2025\/06\/TAJADORA-PARA-QUESOS-AUTOMATICA-320-TA-1-48x48.webp",48,48,true],"taiowc-thumb-img":["https:\/\/biopesaje.com\/wp-content\/uploads\/2025\/06\/TAJADORA-PARA-QUESOS-AUTOMATICA-320-TA-1-48x48.webp",48,48,true]},"uagb_author_info":{"display_name":"Diego Martinez","author_link":"https:\/\/biopesaje.com\/index.php\/author\/"},"uagb_comment_info":0,"uagb_excerpt":"- Fabricado en aluminio anodizado - Motor 0,5hp. a 110v \/ 60hz - Espesor de corte: 0 - 24mm - Disco italiano vertical en acero inox 30cm de di\u00e1metro - Amplitud de corte: 23mm - Dimensiones: 87x78x76cm. - Peso: 70kg","jetpack_sharing_enabled":true,"_links":{"self":[{"href":"https:\/\/biopesaje.com\/index.php\/wp-json\/wp\/v2\/product\/9122","targetHints":{"allow":["GET"]}}],"collection":[{"href":"https:\/\/biopesaje.com\/index.php\/wp-json\/wp\/v2\/product"}],"about":[{"href":"https:\/\/biopesaje.com\/index.php\/wp-json\/wp\/v2\/types\/product"}],"version-history":[{"count":4,"href":"https:\/\/biopesaje.com\/index.php\/wp-json\/wp\/v2\/product\/9122\/revisions"}],"predecessor-version":[{"id":9131,"href":"https:\/\/biopesaje.com\/index.php\/wp-json\/wp\/v2\/product\/9122\/revisions\/9131"}],"wp:featuredmedia":[{"embeddable":true,"href":"https:\/\/biopesaje.com\/index.php\/wp-json\/wp\/v2\/media\/9125"}],"wp:attachment":[{"href":"https:\/\/biopesaje.com\/index.php\/wp-json\/wp\/v2\/media?parent=9122"}],"wp:term":[{"taxonomy":"product_brand","embeddable":true,"href":"https:\/\/biopesaje.com\/index.php\/wp-json\/wp\/v2\/product_brand?post=9122"},{"taxonomy":"product_cat","embeddable":true,"href":"https:\/\/biopesaje.com\/index.php\/wp-json\/wp\/v2\/product_cat?post=9122"},{"taxonomy":"product_tag","embeddable":true,"href":"https:\/\/biopesaje.com\/index.php\/wp-json\/wp\/v2\/product_tag?post=9122"}],"curies":[{"name":"wp","href":"https:\/\/api.w.org\/{rel}","templated":true}]}}