{"id":9164,"date":"2025-06-12T15:02:09","date_gmt":"2025-06-12T15:02:09","guid":{"rendered":"https:\/\/biopesaje.com\/?post_type=product&#038;p=9164"},"modified":"2025-07-23T20:06:12","modified_gmt":"2025-07-23T20:06:12","slug":"formadora-manual-de-hamburguesas-hf-150","status":"publish","type":"product","link":"https:\/\/biopesaje.com\/index.php\/product\/formadora-manual-de-hamburguesas-hf-150\/","title":{"rendered":"FORMADORA MANUAL DE HAMBURGUESAS HF-150"},"content":{"rendered":"\t\t<div data-elementor-type=\"wp-post\" data-elementor-id=\"9164\" class=\"elementor elementor-9164\" data-elementor-post-type=\"product\">\n\t\t\t\t\t\t<section class=\"elementor-section elementor-top-section elementor-element elementor-element-5bd5cd50 elementor-section-boxed elementor-section-height-default elementor-section-height-default\" data-id=\"5bd5cd50\" data-element_type=\"section\" data-e-type=\"section\">\n\t\t\t\t\t\t<div class=\"elementor-container elementor-column-gap-default\">\n\t\t\t\t\t<div class=\"elementor-column elementor-col-100 elementor-top-column elementor-element elementor-element-5c718e4d\" data-id=\"5c718e4d\" data-element_type=\"column\" data-e-type=\"column\">\n\t\t\t<div class=\"elementor-widget-wrap elementor-element-populated\">\n\t\t\t\t\t\t<div class=\"elementor-element elementor-element-450ad1ec elementor-widget elementor-widget-text-editor\" data-id=\"450ad1ec\" data-element_type=\"widget\" data-e-type=\"widget\" data-widget_type=\"text-editor.default\">\n\t\t\t\t<div class=\"elementor-widget-container\">\n\t\t\t\t\t\t\t\t\t<p class=\"ds-markdown-paragraph\">Ideal para negocios de comida con demanda media, esta m\u00e1quina para hamburguesas est\u00e1 dise\u00f1ada para ofrecer un rendimiento \u00f3ptimo y resultados profesionales. Fabricada con una\u00a0<strong>estructura de aluminio anodizado<\/strong>, garantiza resistencia a la corrosi\u00f3n y mayor durabilidad, incluso en entornos de alto uso. Su compacto tama\u00f1o (<strong>29x21x28 cm<\/strong>) la hace perfecta para cocinas con espacio limitado, sin sacrificar capacidad.<\/p><p class=\"ds-markdown-paragraph\">Incluye un\u00a0<strong>paquete de separadores<\/strong>\u00a0que facilita el proceso de moldeado, permitiendo una producci\u00f3n \u00e1gil y uniforme. Los\u00a0<strong>moldes est\u00e1n fabricados en acero inoxidable grado alimenticio AISI-304\/HF-150<\/strong>, asegurando total higiene y resistencia al desgaste, cumpliendo con los est\u00e1ndares de la industria alimentaria. Es capaz de preparar hamburguesas de hasta\u00a0<strong>150 mm de di\u00e1metro<\/strong>, con un peso inferior a\u00a0<strong>250 gramos<\/strong>\u00a0por unidad, ideal para porciones est\u00e1ndar o personalizadas.<\/p><p class=\"ds-markdown-paragraph\">Con un\u00a0<strong>peso total de 6 kg<\/strong>, su dise\u00f1o robusto garantiza estabilidad durante el uso, mientras que su construcci\u00f3n en materiales premium la hace f\u00e1cil de limpiar y mantener. Perfecta para restaurantes, food trucks o cocinas industriales que requieren\u00a0<strong>calidad, eficiencia y durabilidad<\/strong>\u00a0en cada hamburguesa.<\/p><p class=\"ds-markdown-paragraph\">Esta m\u00e1quina combina\u00a0<strong>rendimiento, higiene y facilidad de uso<\/strong>, siendo una excelente inversi\u00f3n para emprendedores gastron\u00f3micos que buscan optimizar su producci\u00f3n sin comprometer la calidad. \u00a1Potencia tu negocio con equipos profesionales dise\u00f1ados para durar!<\/p>\t\t\t\t\t\t\t\t<\/div>\n\t\t\t\t<\/div>\n\t\t\t\t\t<\/div>\n\t\t<\/div>\n\t\t\t\t\t<\/div>\n\t\t<\/section>\n\t\t\t\t<section class=\"elementor-section elementor-top-section elementor-element elementor-element-d1c64c4 elementor-section-boxed elementor-section-height-default elementor-section-height-default\" data-id=\"d1c64c4\" data-element_type=\"section\" data-e-type=\"section\">\n\t\t\t\t\t\t<div class=\"elementor-container elementor-column-gap-default\">\n\t\t\t\t\t<div class=\"elementor-column elementor-col-100 elementor-top-column elementor-element elementor-element-81dcb8e\" data-id=\"81dcb8e\" data-element_type=\"column\" data-e-type=\"column\">\n\t\t\t<div class=\"elementor-widget-wrap elementor-element-populated\">\n\t\t\t\t\t\t<div class=\"elementor-element elementor-element-b4b261c elementor-widget elementor-widget-heading\" data-id=\"b4b261c\" data-element_type=\"widget\" data-e-type=\"widget\" data-widget_type=\"heading.default\">\n\t\t\t\t<div class=\"elementor-widget-container\">\n\t\t\t\t\t<h3 class=\"elementor-heading-title elementor-size-default\">Documentaci\u00f3n<\/h3>\t\t\t\t<\/div>\n\t\t\t\t<\/div>\n\t\t\t\t<div class=\"elementor-element elementor-element-ec3045b elementor-widget elementor-widget-eael-adv-accordion\" data-id=\"ec3045b\" data-element_type=\"widget\" data-e-type=\"widget\" data-widget_type=\"eael-adv-accordion.default\">\n\t\t\t\t<div class=\"elementor-widget-container\">\n\t\t\t\t\t            <div class=\"eael-adv-accordion\" id=\"eael-adv-accordion-ec3045b\" data-scroll-on-click=\"no\" data-scroll-speed=\"300\" data-accordion-id=\"ec3045b\" data-accordion-type=\"accordion\" data-toogle-speed=\"300\">\n            <div class=\"eael-accordion-list\">\n\t\t\t\t\t<div id=\"documentos\" class=\"elementor-tab-title eael-accordion-header\" tabindex=\"0\" data-tab=\"1\" aria-controls=\"elementor-tab-content-2471\"><span class=\"eael-advanced-accordion-icon-closed\"><i aria-hidden=\"true\" class=\"fa-accordion-icon far fa-file-pdf\"><\/i><\/span><span class=\"eael-advanced-accordion-icon-opened\"><i aria-hidden=\"true\" class=\"fa-accordion-icon fas fa-minus\"><\/i><\/span><span class=\"eael-accordion-tab-title\">Documentos<\/span><\/div><div id=\"elementor-tab-content-2471\" class=\"eael-accordion-content clearfix\" data-tab=\"1\" aria-labelledby=\"documentos\"><p><a href=\"https:\/\/biopesaje.com\/wp-content\/uploads\/2025\/07\/FORMADORA-DE-HAMBURGUESAS-MANUAL-HF-150.pdf\" target=\"_blank\" rel=\"noopener\"><img decoding=\"async\" class=\"wp-image-2526 alignnone\" src=\"https:\/\/biopesaje.com\/wp-content\/uploads\/2022\/02\/391px-PDF_file_icon.svg.png\" alt=\"\" width=\"30\" height=\"37\" srcset=\"https:\/\/biopesaje.com\/wp-content\/uploads\/2022\/02\/391px-PDF_file_icon.svg.png 391w, https:\/\/biopesaje.com\/wp-content\/uploads\/2022\/02\/391px-PDF_file_icon.svg-300x368.png 300w, https:\/\/biopesaje.com\/wp-content\/uploads\/2022\/02\/391px-PDF_file_icon.svg-244x300.png 244w, https:\/\/biopesaje.com\/wp-content\/uploads\/2022\/02\/391px-PDF_file_icon.svg-48x59.png 48w\" sizes=\"(max-width: 30px) 100vw, 30px\" \/> Cat\u00e1logo FORMADORA MANUAL DE HAMBURGUESAS HF-150<\/a><\/p><\/div>\n\t\t\t\t\t<\/div><\/div>\t\t\t\t<\/div>\n\t\t\t\t<\/div>\n\t\t\t\t\t<\/div>\n\t\t<\/div>\n\t\t\t\t\t<\/div>\n\t\t<\/section>\n\t\t\t\t<section class=\"elementor-section elementor-top-section elementor-element elementor-element-5e521e2 elementor-section-boxed elementor-section-height-default elementor-section-height-default\" data-id=\"5e521e2\" data-element_type=\"section\" data-e-type=\"section\">\n\t\t\t\t\t\t<div class=\"elementor-container elementor-column-gap-default\">\n\t\t\t\t\t<div class=\"elementor-column elementor-col-100 elementor-top-column elementor-element elementor-element-8a4e6b4\" data-id=\"8a4e6b4\" data-element_type=\"column\" data-e-type=\"column\">\n\t\t\t<div class=\"elementor-widget-wrap elementor-element-populated\">\n\t\t\t\t\t\t\t<\/div>\n\t\t<\/div>\n\t\t\t\t\t<\/div>\n\t\t<\/section>\n\t\t\t\t<\/div>\n\t\t","protected":false},"excerpt":{"rendered":"<div>&#8211; Dise\u00f1ado para producci\u00f3n media<\/div>\n<div>&#8211; Incluye paquete de separadores<\/div>\n<div>&#8211; Estructura en aluminio anodizado<\/div>\n<div>&#8211; Dimensiones: 29x21x28cm<\/div>\n<div>&#8211; Moldes fabricados en acero inox grado alimenticio AISI-304\/HF-150<\/div>\n<div>&#8211; Hamburguesas de 150mm de di\u00e1metro, Hamburguesas de peso menor a 250gr<br \/>\n&#8211; Peso: 6kg<\/div>\n<div>&#8211; Otros modelos<\/div>\n<div>&#8211; FORMADORA MANUAL DE HAMBURGUESAS HF-130<\/div>\n<div>&#8211; FORMADORA MANUAL DE HAMBURGUESAS HF-100<\/div>\n","protected":false},"featured_media":9168,"template":"","meta":{"_uag_custom_page_level_css":"","_joinchat":[]},"product_brand":[181],"product_cat":[157],"product_tag":[],"class_list":{"0":"post-9164","1":"product","2":"type-product","3":"status-publish","4":"has-post-thumbnail","6":"product_brand-biopesaje","7":"product_cat-formadora-de-hamburguesas-manual","8":"thunk-woo-product-list","9":"opn-qv-enable","10":"top-store-woo-hover-none","11":"top-store-single-product-tab-horizontal","12":"top-store-shadow-","13":"top-store-shadow-hover-","15":"first","16":"instock","17":"taxable","18":"shipping-taxable","19":"product-type-simple"},"yoast_head":"<!-- This site is optimized with the Yoast SEO plugin v27.3 - https:\/\/yoast.com\/product\/yoast-seo-wordpress\/ -->\n<title>FORMADORA MANUAL DE HAMBURGUESAS HF-150 - BIOPESAJE S.A.S.<\/title>\n<meta name=\"description\" content=\"Biopesaje S.A.S cuenta con la mejor selecci\u00f3n de equipos en categor\u00edas como pesaje procesamiento y empaque de la industria alimenticia. FORMADORA MANUAL DE HAMBURGUESAS HF-150\" \/>\n<meta name=\"robots\" content=\"index, follow, max-snippet:-1, max-image-preview:large, max-video-preview:-1\" \/>\n<link rel=\"canonical\" href=\"https:\/\/biopesaje.com\/index.php\/product\/formadora-manual-de-hamburguesas-hf-150\/\" \/>\n<meta property=\"og:locale\" content=\"es_ES\" \/>\n<meta property=\"og:type\" content=\"article\" \/>\n<meta property=\"og:title\" content=\"FORMADORA MANUAL DE HAMBURGUESAS HF-150 - BIOPESAJE S.A.S.\" \/>\n<meta property=\"og:description\" content=\"Biopesaje S.A.S cuenta con la mejor selecci\u00f3n de equipos en categor\u00edas como pesaje procesamiento y empaque de la industria alimenticia. FORMADORA MANUAL DE HAMBURGUESAS HF-150\" \/>\n<meta property=\"og:url\" content=\"https:\/\/biopesaje.com\/index.php\/product\/formadora-manual-de-hamburguesas-hf-150\/\" \/>\n<meta property=\"og:site_name\" content=\"BIOPESAJE S.A.S.\" \/>\n<meta property=\"article:modified_time\" content=\"2025-07-23T20:06:12+00:00\" \/>\n<meta property=\"og:image\" content=\"https:\/\/biopesaje.com\/wp-content\/uploads\/2025\/06\/FORMADORA-MANUAL-DE-HAMBURGUESAS-HF-150-2.jpg\" \/>\n\t<meta property=\"og:image:width\" content=\"750\" \/>\n\t<meta property=\"og:image:height\" content=\"750\" \/>\n\t<meta property=\"og:image:type\" content=\"image\/jpeg\" \/>\n<meta name=\"twitter:card\" content=\"summary_large_image\" \/>\n<meta name=\"twitter:label1\" content=\"Tiempo de lectura\" \/>\n\t<meta name=\"twitter:data1\" content=\"2 minutos\" \/>\n<script type=\"application\/ld+json\" class=\"yoast-schema-graph\">{\"@context\":\"https:\\\/\\\/schema.org\",\"@graph\":[{\"@type\":\"WebPage\",\"@id\":\"https:\\\/\\\/biopesaje.com\\\/index.php\\\/product\\\/formadora-manual-de-hamburguesas-hf-150\\\/\",\"url\":\"https:\\\/\\\/biopesaje.com\\\/index.php\\\/product\\\/formadora-manual-de-hamburguesas-hf-150\\\/\",\"name\":\"FORMADORA MANUAL DE HAMBURGUESAS HF-150 - BIOPESAJE S.A.S.\",\"isPartOf\":{\"@id\":\"https:\\\/\\\/biopesaje.com\\\/#website\"},\"primaryImageOfPage\":{\"@id\":\"https:\\\/\\\/biopesaje.com\\\/index.php\\\/product\\\/formadora-manual-de-hamburguesas-hf-150\\\/#primaryimage\"},\"image\":{\"@id\":\"https:\\\/\\\/biopesaje.com\\\/index.php\\\/product\\\/formadora-manual-de-hamburguesas-hf-150\\\/#primaryimage\"},\"thumbnailUrl\":\"https:\\\/\\\/biopesaje.com\\\/wp-content\\\/uploads\\\/2025\\\/06\\\/FORMADORA-MANUAL-DE-HAMBURGUESAS-HF-150-2.jpg\",\"datePublished\":\"2025-06-12T15:02:09+00:00\",\"dateModified\":\"2025-07-23T20:06:12+00:00\",\"description\":\"Biopesaje S.A.S cuenta con la mejor selecci\u00f3n de equipos en categor\u00edas como pesaje procesamiento y empaque de la industria alimenticia. FORMADORA MANUAL DE HAMBURGUESAS HF-150\",\"breadcrumb\":{\"@id\":\"https:\\\/\\\/biopesaje.com\\\/index.php\\\/product\\\/formadora-manual-de-hamburguesas-hf-150\\\/#breadcrumb\"},\"inLanguage\":\"es-CO\",\"potentialAction\":[{\"@type\":\"ReadAction\",\"target\":[\"https:\\\/\\\/biopesaje.com\\\/index.php\\\/product\\\/formadora-manual-de-hamburguesas-hf-150\\\/\"]}]},{\"@type\":\"ImageObject\",\"inLanguage\":\"es-CO\",\"@id\":\"https:\\\/\\\/biopesaje.com\\\/index.php\\\/product\\\/formadora-manual-de-hamburguesas-hf-150\\\/#primaryimage\",\"url\":\"https:\\\/\\\/biopesaje.com\\\/wp-content\\\/uploads\\\/2025\\\/06\\\/FORMADORA-MANUAL-DE-HAMBURGUESAS-HF-150-2.jpg\",\"contentUrl\":\"https:\\\/\\\/biopesaje.com\\\/wp-content\\\/uploads\\\/2025\\\/06\\\/FORMADORA-MANUAL-DE-HAMBURGUESAS-HF-150-2.jpg\",\"width\":750,\"height\":750},{\"@type\":\"BreadcrumbList\",\"@id\":\"https:\\\/\\\/biopesaje.com\\\/index.php\\\/product\\\/formadora-manual-de-hamburguesas-hf-150\\\/#breadcrumb\",\"itemListElement\":[{\"@type\":\"ListItem\",\"position\":1,\"name\":\"Home\",\"item\":\"https:\\\/\\\/biopesaje.com\\\/\"},{\"@type\":\"ListItem\",\"position\":2,\"name\":\"Productos\",\"item\":\"https:\\\/\\\/biopesaje.com\\\/index.php\\\/tienda\\\/\"},{\"@type\":\"ListItem\",\"position\":3,\"name\":\"FORMADORA MANUAL DE HAMBURGUESAS HF-150\"}]},{\"@type\":\"WebSite\",\"@id\":\"https:\\\/\\\/biopesaje.com\\\/#website\",\"url\":\"https:\\\/\\\/biopesaje.com\\\/\",\"name\":\"BIOPESAJE S.A.S.\",\"description\":\"Ingenier\u00eda de pesaje, metrolog\u00eda y laboratorio.\",\"publisher\":{\"@id\":\"https:\\\/\\\/biopesaje.com\\\/#organization\"},\"potentialAction\":[{\"@type\":\"SearchAction\",\"target\":{\"@type\":\"EntryPoint\",\"urlTemplate\":\"https:\\\/\\\/biopesaje.com\\\/?s={search_term_string}\"},\"query-input\":{\"@type\":\"PropertyValueSpecification\",\"valueRequired\":true,\"valueName\":\"search_term_string\"}}],\"inLanguage\":\"es-CO\"},{\"@type\":\"Organization\",\"@id\":\"https:\\\/\\\/biopesaje.com\\\/#organization\",\"name\":\"BIOPESAJE S.A.S.\",\"url\":\"https:\\\/\\\/biopesaje.com\\\/\",\"logo\":{\"@type\":\"ImageObject\",\"inLanguage\":\"es-CO\",\"@id\":\"https:\\\/\\\/biopesaje.com\\\/#\\\/schema\\\/logo\\\/image\\\/\",\"url\":\"\",\"contentUrl\":\"\",\"caption\":\"BIOPESAJE S.A.S.\"},\"image\":{\"@id\":\"https:\\\/\\\/biopesaje.com\\\/#\\\/schema\\\/logo\\\/image\\\/\"}}]}<\/script>\n<!-- \/ Yoast SEO plugin. -->","yoast_head_json":{"title":"FORMADORA MANUAL DE HAMBURGUESAS HF-150 - BIOPESAJE S.A.S.","description":"Biopesaje S.A.S cuenta con la mejor selecci\u00f3n de equipos en categor\u00edas como pesaje procesamiento y empaque de la industria alimenticia. FORMADORA MANUAL DE HAMBURGUESAS HF-150","robots":{"index":"index","follow":"follow","max-snippet":"max-snippet:-1","max-image-preview":"max-image-preview:large","max-video-preview":"max-video-preview:-1"},"canonical":"https:\/\/biopesaje.com\/index.php\/product\/formadora-manual-de-hamburguesas-hf-150\/","og_locale":"es_ES","og_type":"article","og_title":"FORMADORA MANUAL DE HAMBURGUESAS HF-150 - BIOPESAJE S.A.S.","og_description":"Biopesaje S.A.S cuenta con la mejor selecci\u00f3n de equipos en categor\u00edas como pesaje procesamiento y empaque de la industria alimenticia. FORMADORA MANUAL DE HAMBURGUESAS HF-150","og_url":"https:\/\/biopesaje.com\/index.php\/product\/formadora-manual-de-hamburguesas-hf-150\/","og_site_name":"BIOPESAJE S.A.S.","article_modified_time":"2025-07-23T20:06:12+00:00","og_image":[{"width":750,"height":750,"url":"https:\/\/biopesaje.com\/wp-content\/uploads\/2025\/06\/FORMADORA-MANUAL-DE-HAMBURGUESAS-HF-150-2.jpg","type":"image\/jpeg"}],"twitter_card":"summary_large_image","twitter_misc":{"Tiempo de lectura":"2 minutos"},"schema":{"@context":"https:\/\/schema.org","@graph":[{"@type":"WebPage","@id":"https:\/\/biopesaje.com\/index.php\/product\/formadora-manual-de-hamburguesas-hf-150\/","url":"https:\/\/biopesaje.com\/index.php\/product\/formadora-manual-de-hamburguesas-hf-150\/","name":"FORMADORA MANUAL DE HAMBURGUESAS HF-150 - BIOPESAJE S.A.S.","isPartOf":{"@id":"https:\/\/biopesaje.com\/#website"},"primaryImageOfPage":{"@id":"https:\/\/biopesaje.com\/index.php\/product\/formadora-manual-de-hamburguesas-hf-150\/#primaryimage"},"image":{"@id":"https:\/\/biopesaje.com\/index.php\/product\/formadora-manual-de-hamburguesas-hf-150\/#primaryimage"},"thumbnailUrl":"https:\/\/biopesaje.com\/wp-content\/uploads\/2025\/06\/FORMADORA-MANUAL-DE-HAMBURGUESAS-HF-150-2.jpg","datePublished":"2025-06-12T15:02:09+00:00","dateModified":"2025-07-23T20:06:12+00:00","description":"Biopesaje S.A.S cuenta con la mejor selecci\u00f3n de equipos en categor\u00edas como pesaje procesamiento y empaque de la industria alimenticia. FORMADORA MANUAL DE HAMBURGUESAS HF-150","breadcrumb":{"@id":"https:\/\/biopesaje.com\/index.php\/product\/formadora-manual-de-hamburguesas-hf-150\/#breadcrumb"},"inLanguage":"es-CO","potentialAction":[{"@type":"ReadAction","target":["https:\/\/biopesaje.com\/index.php\/product\/formadora-manual-de-hamburguesas-hf-150\/"]}]},{"@type":"ImageObject","inLanguage":"es-CO","@id":"https:\/\/biopesaje.com\/index.php\/product\/formadora-manual-de-hamburguesas-hf-150\/#primaryimage","url":"https:\/\/biopesaje.com\/wp-content\/uploads\/2025\/06\/FORMADORA-MANUAL-DE-HAMBURGUESAS-HF-150-2.jpg","contentUrl":"https:\/\/biopesaje.com\/wp-content\/uploads\/2025\/06\/FORMADORA-MANUAL-DE-HAMBURGUESAS-HF-150-2.jpg","width":750,"height":750},{"@type":"BreadcrumbList","@id":"https:\/\/biopesaje.com\/index.php\/product\/formadora-manual-de-hamburguesas-hf-150\/#breadcrumb","itemListElement":[{"@type":"ListItem","position":1,"name":"Home","item":"https:\/\/biopesaje.com\/"},{"@type":"ListItem","position":2,"name":"Productos","item":"https:\/\/biopesaje.com\/index.php\/tienda\/"},{"@type":"ListItem","position":3,"name":"FORMADORA MANUAL DE HAMBURGUESAS HF-150"}]},{"@type":"WebSite","@id":"https:\/\/biopesaje.com\/#website","url":"https:\/\/biopesaje.com\/","name":"BIOPESAJE S.A.S.","description":"Ingenier\u00eda de pesaje, metrolog\u00eda y laboratorio.","publisher":{"@id":"https:\/\/biopesaje.com\/#organization"},"potentialAction":[{"@type":"SearchAction","target":{"@type":"EntryPoint","urlTemplate":"https:\/\/biopesaje.com\/?s={search_term_string}"},"query-input":{"@type":"PropertyValueSpecification","valueRequired":true,"valueName":"search_term_string"}}],"inLanguage":"es-CO"},{"@type":"Organization","@id":"https:\/\/biopesaje.com\/#organization","name":"BIOPESAJE S.A.S.","url":"https:\/\/biopesaje.com\/","logo":{"@type":"ImageObject","inLanguage":"es-CO","@id":"https:\/\/biopesaje.com\/#\/schema\/logo\/image\/","url":"","contentUrl":"","caption":"BIOPESAJE S.A.S."},"image":{"@id":"https:\/\/biopesaje.com\/#\/schema\/logo\/image\/"}}]}},"uagb_featured_image_src":{"full":["https:\/\/biopesaje.com\/wp-content\/uploads\/2025\/06\/FORMADORA-MANUAL-DE-HAMBURGUESAS-HF-150-2.jpg",750,750,false],"thumbnail":["https:\/\/biopesaje.com\/wp-content\/uploads\/2025\/06\/FORMADORA-MANUAL-DE-HAMBURGUESAS-HF-150-2-150x150.jpg",150,150,true],"medium":["https:\/\/biopesaje.com\/wp-content\/uploads\/2025\/06\/FORMADORA-MANUAL-DE-HAMBURGUESAS-HF-150-2-300x300.jpg",300,300,true],"medium_large":["https:\/\/biopesaje.com\/wp-content\/uploads\/2025\/06\/FORMADORA-MANUAL-DE-HAMBURGUESAS-HF-150-2.jpg",640,640,false],"large":["https:\/\/biopesaje.com\/wp-content\/uploads\/2025\/06\/FORMADORA-MANUAL-DE-HAMBURGUESAS-HF-150-2.jpg",640,640,false],"1536x1536":["https:\/\/biopesaje.com\/wp-content\/uploads\/2025\/06\/FORMADORA-MANUAL-DE-HAMBURGUESAS-HF-150-2.jpg",750,750,false],"2048x2048":["https:\/\/biopesaje.com\/wp-content\/uploads\/2025\/06\/FORMADORA-MANUAL-DE-HAMBURGUESAS-HF-150-2.jpg",750,750,false],"woocommerce_thumbnail":["https:\/\/biopesaje.com\/wp-content\/uploads\/2025\/06\/FORMADORA-MANUAL-DE-HAMBURGUESAS-HF-150-2-320x320.jpg",320,320,true],"woocommerce_single":["https:\/\/biopesaje.com\/wp-content\/uploads\/2025\/06\/FORMADORA-MANUAL-DE-HAMBURGUESAS-HF-150-2.jpg",750,750,false],"woocommerce_gallery_thumbnail":["https:\/\/biopesaje.com\/wp-content\/uploads\/2025\/06\/FORMADORA-MANUAL-DE-HAMBURGUESAS-HF-150-2-100x100.jpg",100,100,true],"thaps-thumb-img":["https:\/\/biopesaje.com\/wp-content\/uploads\/2025\/06\/FORMADORA-MANUAL-DE-HAMBURGUESAS-HF-150-2-48x48.jpg",48,48,true],"taiowc-thumb-img":["https:\/\/biopesaje.com\/wp-content\/uploads\/2025\/06\/FORMADORA-MANUAL-DE-HAMBURGUESAS-HF-150-2-48x48.jpg",48,48,true]},"uagb_author_info":{"display_name":"Diego Martinez","author_link":"https:\/\/biopesaje.com\/index.php\/author\/"},"uagb_comment_info":0,"uagb_excerpt":"- Dise\u00f1ado para producci\u00f3n media - Incluye paquete de separadores - Estructura en aluminio anodizado - Dimensiones: 29x21x28cm - Moldes fabricados en acero inox grado alimenticio AISI-304\/HF-150 - Hamburguesas de 150mm de di\u00e1metro, Hamburguesas de peso menor a 250gr - Peso: 6kg - Otros modelos - FORMADORA MANUAL DE HAMBURGUESAS HF-130 - FORMADORA MANUAL DE&hellip;","jetpack_sharing_enabled":true,"_links":{"self":[{"href":"https:\/\/biopesaje.com\/index.php\/wp-json\/wp\/v2\/product\/9164","targetHints":{"allow":["GET"]}}],"collection":[{"href":"https:\/\/biopesaje.com\/index.php\/wp-json\/wp\/v2\/product"}],"about":[{"href":"https:\/\/biopesaje.com\/index.php\/wp-json\/wp\/v2\/types\/product"}],"version-history":[{"count":9,"href":"https:\/\/biopesaje.com\/index.php\/wp-json\/wp\/v2\/product\/9164\/revisions"}],"predecessor-version":[{"id":9435,"href":"https:\/\/biopesaje.com\/index.php\/wp-json\/wp\/v2\/product\/9164\/revisions\/9435"}],"wp:featuredmedia":[{"embeddable":true,"href":"https:\/\/biopesaje.com\/index.php\/wp-json\/wp\/v2\/media\/9168"}],"wp:attachment":[{"href":"https:\/\/biopesaje.com\/index.php\/wp-json\/wp\/v2\/media?parent=9164"}],"wp:term":[{"taxonomy":"product_brand","embeddable":true,"href":"https:\/\/biopesaje.com\/index.php\/wp-json\/wp\/v2\/product_brand?post=9164"},{"taxonomy":"product_cat","embeddable":true,"href":"https:\/\/biopesaje.com\/index.php\/wp-json\/wp\/v2\/product_cat?post=9164"},{"taxonomy":"product_tag","embeddable":true,"href":"https:\/\/biopesaje.com\/index.php\/wp-json\/wp\/v2\/product_tag?post=9164"}],"curies":[{"name":"wp","href":"https:\/\/api.w.org\/{rel}","templated":true}]}}