{"id":9201,"date":"2025-06-13T21:33:31","date_gmt":"2025-06-13T21:33:31","guid":{"rendered":"https:\/\/biopesaje.com\/?post_type=product&#038;p=9201"},"modified":"2025-06-13T21:55:20","modified_gmt":"2025-06-13T21:55:20","slug":"embutidora-electrica-tvr-e15","status":"publish","type":"product","link":"https:\/\/biopesaje.com\/index.php\/product\/embutidora-electrica-tvr-e15\/","title":{"rendered":"EMBUTIDORA EL\u00c9CTRICA TVR-E15"},"content":{"rendered":"\t\t<div data-elementor-type=\"wp-post\" data-elementor-id=\"9201\" class=\"elementor elementor-9201\" data-elementor-post-type=\"product\">\n\t\t\t\t\t\t<section class=\"elementor-section elementor-top-section elementor-element elementor-element-5bd5cd50 elementor-section-boxed elementor-section-height-default elementor-section-height-default\" data-id=\"5bd5cd50\" data-element_type=\"section\" data-e-type=\"section\">\n\t\t\t\t\t\t<div class=\"elementor-container elementor-column-gap-default\">\n\t\t\t\t\t<div class=\"elementor-column elementor-col-100 elementor-top-column elementor-element elementor-element-5c718e4d\" data-id=\"5c718e4d\" data-element_type=\"column\" data-e-type=\"column\">\n\t\t\t<div class=\"elementor-widget-wrap elementor-element-populated\">\n\t\t\t\t\t\t<div class=\"elementor-element elementor-element-450ad1ec elementor-widget elementor-widget-text-editor\" data-id=\"450ad1ec\" data-element_type=\"widget\" data-e-type=\"widget\" data-widget_type=\"text-editor.default\">\n\t\t\t\t<div class=\"elementor-widget-container\">\n\t\t\t\t\t\t\t\t\t<p class=\"ds-markdown-paragraph\">\u00a0Fabricada en <strong>acero inoxidable 304 de alta resistencia<\/strong>, garantiza una larga vida \u00fatil y f\u00e1cil mantenimiento, incluso con uso intensivo. Su potente\u00a0<strong>motor de 1.8 HP<\/strong>\u00a0ofrece un rendimiento excepcional, mientras que la\u00a0<strong>velocidad variable<\/strong> permite un control total sobre la textura y consistencia.<\/p><p class=\"ds-markdown-paragraph\">El\u00a0<strong>pedal dosificador<\/strong>\u00a0brinda comodidad y eficiencia, permitiendo operaciones manos libres para mayor productividad. El\u00a0<strong>\u00e9mbolo de acero con v\u00e1lvula de aire<\/strong>\u00a0asegura un flujo uniforme y sin interrupciones, eliminando p\u00e9rdidas y garantizando dosificaciones precisas en cada uso. Con una\u00a0<strong>generosa capacidad de 15 litros<\/strong>, esta m\u00e1quina es ideal para negocios de reposter\u00eda, panader\u00edas, cocinas industriales y m\u00e1s, optimizando procesos y aumentando la producci\u00f3n.<\/p><p class=\"ds-markdown-paragraph\">Adem\u00e1s, su dise\u00f1o compatible con\u00a0<strong>110V<\/strong>\u00a0la hace accesible para cualquier instalaci\u00f3n est\u00e1ndar, mientras que el\u00a0<strong>juego de 4 boquillas intercambiables<\/strong> (en diferentes di\u00e1metros) proporciona versatilidad para adaptarse a m\u00faltiples aplicaciones.<\/p>\t\t\t\t\t\t\t\t<\/div>\n\t\t\t\t<\/div>\n\t\t\t\t\t<\/div>\n\t\t<\/div>\n\t\t\t\t\t<\/div>\n\t\t<\/section>\n\t\t\t\t<section class=\"elementor-section elementor-top-section elementor-element elementor-element-d1c64c4 elementor-section-boxed elementor-section-height-default elementor-section-height-default\" data-id=\"d1c64c4\" data-element_type=\"section\" data-e-type=\"section\">\n\t\t\t\t\t\t<div class=\"elementor-container elementor-column-gap-default\">\n\t\t\t\t\t<div class=\"elementor-column elementor-col-100 elementor-top-column elementor-element elementor-element-81dcb8e\" data-id=\"81dcb8e\" data-element_type=\"column\" data-e-type=\"column\">\n\t\t\t<div class=\"elementor-widget-wrap elementor-element-populated\">\n\t\t\t\t\t\t<div class=\"elementor-element elementor-element-b4b261c elementor-widget elementor-widget-heading\" data-id=\"b4b261c\" data-element_type=\"widget\" data-e-type=\"widget\" data-widget_type=\"heading.default\">\n\t\t\t\t<div class=\"elementor-widget-container\">\n\t\t\t\t\t<h3 class=\"elementor-heading-title elementor-size-default\">Documentaci\u00f3n<\/h3>\t\t\t\t<\/div>\n\t\t\t\t<\/div>\n\t\t\t\t<div class=\"elementor-element elementor-element-ec3045b elementor-widget elementor-widget-eael-adv-accordion\" data-id=\"ec3045b\" data-element_type=\"widget\" data-e-type=\"widget\" data-widget_type=\"eael-adv-accordion.default\">\n\t\t\t\t<div class=\"elementor-widget-container\">\n\t\t\t\t\t            <div class=\"eael-adv-accordion\" id=\"eael-adv-accordion-ec3045b\" data-scroll-on-click=\"no\" data-scroll-speed=\"300\" data-accordion-id=\"ec3045b\" data-accordion-type=\"accordion\" data-toogle-speed=\"300\">\n            <div class=\"eael-accordion-list\">\n\t\t\t\t\t<div id=\"documentos\" class=\"elementor-tab-title eael-accordion-header\" tabindex=\"0\" data-tab=\"1\" aria-controls=\"elementor-tab-content-2471\"><span class=\"eael-advanced-accordion-icon-closed\"><i aria-hidden=\"true\" class=\"fa-accordion-icon far fa-file-pdf\"><\/i><\/span><span class=\"eael-advanced-accordion-icon-opened\"><i aria-hidden=\"true\" class=\"fa-accordion-icon fas fa-minus\"><\/i><\/span><span class=\"eael-accordion-tab-title\">Documentos<\/span><\/div><div id=\"elementor-tab-content-2471\" class=\"eael-accordion-content clearfix\" data-tab=\"1\" aria-labelledby=\"documentos\"><p><img decoding=\"async\" class=\"wp-image-2526 alignnone\" src=\"https:\/\/biopesaje.com\/wp-content\/uploads\/2022\/02\/391px-PDF_file_icon.svg.png\" alt=\"\" width=\"30\" height=\"37\" srcset=\"https:\/\/biopesaje.com\/wp-content\/uploads\/2022\/02\/391px-PDF_file_icon.svg.png 391w, https:\/\/biopesaje.com\/wp-content\/uploads\/2022\/02\/391px-PDF_file_icon.svg-300x368.png 300w, https:\/\/biopesaje.com\/wp-content\/uploads\/2022\/02\/391px-PDF_file_icon.svg-244x300.png 244w, https:\/\/biopesaje.com\/wp-content\/uploads\/2022\/02\/391px-PDF_file_icon.svg-48x59.png 48w\" sizes=\"(max-width: 30px) 100vw, 30px\" \/> Cat\u00e1logo EMBUTIDORA EL\u00c9CTRICA TVR-E15<\/p><\/div>\n\t\t\t\t\t<\/div><\/div>\t\t\t\t<\/div>\n\t\t\t\t<\/div>\n\t\t\t\t\t<\/div>\n\t\t<\/div>\n\t\t\t\t\t<\/div>\n\t\t<\/section>\n\t\t\t\t<section class=\"elementor-section elementor-top-section elementor-element elementor-element-5e521e2 elementor-section-boxed elementor-section-height-default elementor-section-height-default\" data-id=\"5e521e2\" data-element_type=\"section\" data-e-type=\"section\">\n\t\t\t\t\t\t<div class=\"elementor-container elementor-column-gap-default\">\n\t\t\t\t\t<div class=\"elementor-column elementor-col-100 elementor-top-column elementor-element elementor-element-8a4e6b4\" data-id=\"8a4e6b4\" data-element_type=\"column\" data-e-type=\"column\">\n\t\t\t<div class=\"elementor-widget-wrap elementor-element-populated\">\n\t\t\t\t\t\t\t<\/div>\n\t\t<\/div>\n\t\t\t\t\t<\/div>\n\t\t<\/section>\n\t\t\t\t<\/div>\n\t\t","protected":false},"excerpt":{"rendered":"<div>-Fabricada en acero inoxidable 304<\/div>\n<div>-Velocidad variable<\/div>\n<div>-Pedal dosificador<\/div>\n<div>-Embolo en acero con valvula de aire<\/div>\n<div>-Potencia del motor 1,8 hp<br \/>\n-Capacidad:\u00a015 litros<\/div>\n<div>-Funciona\u00a0 a 110 v<\/div>\n<div>-Incluye 4 boquillas de diferente diametro<\/div>\n","protected":false},"featured_media":9206,"template":"","meta":{"_uag_custom_page_level_css":"","_joinchat":[]},"product_brand":[181],"product_cat":[96],"product_tag":[],"class_list":{"0":"post-9201","1":"product","2":"type-product","3":"status-publish","4":"has-post-thumbnail","6":"product_brand-biopesaje","7":"product_cat-embutidoras","8":"thunk-woo-product-list","9":"opn-qv-enable","10":"top-store-woo-hover-none","11":"top-store-single-product-tab-horizontal","12":"top-store-shadow-","13":"top-store-shadow-hover-","15":"first","16":"instock","17":"taxable","18":"shipping-taxable","19":"product-type-simple"},"yoast_head":"<!-- This site is optimized with the Yoast SEO plugin v27.3 - https:\/\/yoast.com\/product\/yoast-seo-wordpress\/ -->\n<title>EMBUTIDORA EL\u00c9CTRICA TVR-E15 - BIOPESAJE S.A.S.<\/title>\n<meta name=\"description\" content=\"Biopesaje S.A.S cuenta con la mejor selecci\u00f3n de equipos en categor\u00edas como pesaje procesamiento y empaque de la industria alimenticia. EMBUTIDORA EL\u00c9CTRICA TVR-E15\" \/>\n<meta name=\"robots\" content=\"index, follow, max-snippet:-1, max-image-preview:large, max-video-preview:-1\" \/>\n<link rel=\"canonical\" href=\"https:\/\/biopesaje.com\/index.php\/product\/embutidora-electrica-tvr-e15\/\" \/>\n<meta property=\"og:locale\" content=\"es_ES\" \/>\n<meta property=\"og:type\" content=\"article\" \/>\n<meta property=\"og:title\" content=\"EMBUTIDORA EL\u00c9CTRICA TVR-E15 - BIOPESAJE S.A.S.\" \/>\n<meta property=\"og:description\" content=\"Biopesaje S.A.S cuenta con la mejor selecci\u00f3n de equipos en categor\u00edas como pesaje procesamiento y empaque de la industria alimenticia. EMBUTIDORA EL\u00c9CTRICA TVR-E15\" \/>\n<meta property=\"og:url\" content=\"https:\/\/biopesaje.com\/index.php\/product\/embutidora-electrica-tvr-e15\/\" \/>\n<meta property=\"og:site_name\" content=\"BIOPESAJE S.A.S.\" \/>\n<meta property=\"article:modified_time\" content=\"2025-06-13T21:55:20+00:00\" \/>\n<meta property=\"og:image\" content=\"https:\/\/biopesaje.com\/wp-content\/uploads\/2025\/06\/EMBUTIDORA-ELECTRICA-TVR-E15-2.jpg\" \/>\n\t<meta property=\"og:image:width\" content=\"1000\" \/>\n\t<meta property=\"og:image:height\" content=\"1000\" \/>\n\t<meta property=\"og:image:type\" content=\"image\/jpeg\" \/>\n<meta name=\"twitter:card\" content=\"summary_large_image\" \/>\n<meta name=\"twitter:label1\" content=\"Tiempo de lectura\" \/>\n\t<meta name=\"twitter:data1\" content=\"1 minuto\" \/>\n<script type=\"application\/ld+json\" class=\"yoast-schema-graph\">{\"@context\":\"https:\\\/\\\/schema.org\",\"@graph\":[{\"@type\":\"WebPage\",\"@id\":\"https:\\\/\\\/biopesaje.com\\\/index.php\\\/product\\\/embutidora-electrica-tvr-e15\\\/\",\"url\":\"https:\\\/\\\/biopesaje.com\\\/index.php\\\/product\\\/embutidora-electrica-tvr-e15\\\/\",\"name\":\"EMBUTIDORA EL\u00c9CTRICA TVR-E15 - BIOPESAJE S.A.S.\",\"isPartOf\":{\"@id\":\"https:\\\/\\\/biopesaje.com\\\/#website\"},\"primaryImageOfPage\":{\"@id\":\"https:\\\/\\\/biopesaje.com\\\/index.php\\\/product\\\/embutidora-electrica-tvr-e15\\\/#primaryimage\"},\"image\":{\"@id\":\"https:\\\/\\\/biopesaje.com\\\/index.php\\\/product\\\/embutidora-electrica-tvr-e15\\\/#primaryimage\"},\"thumbnailUrl\":\"https:\\\/\\\/biopesaje.com\\\/wp-content\\\/uploads\\\/2025\\\/06\\\/EMBUTIDORA-ELECTRICA-TVR-E15-2.jpg\",\"datePublished\":\"2025-06-13T21:33:31+00:00\",\"dateModified\":\"2025-06-13T21:55:20+00:00\",\"description\":\"Biopesaje S.A.S cuenta con la mejor selecci\u00f3n de equipos en categor\u00edas como pesaje procesamiento y empaque de la industria alimenticia. EMBUTIDORA EL\u00c9CTRICA TVR-E15\",\"breadcrumb\":{\"@id\":\"https:\\\/\\\/biopesaje.com\\\/index.php\\\/product\\\/embutidora-electrica-tvr-e15\\\/#breadcrumb\"},\"inLanguage\":\"es-CO\",\"potentialAction\":[{\"@type\":\"ReadAction\",\"target\":[\"https:\\\/\\\/biopesaje.com\\\/index.php\\\/product\\\/embutidora-electrica-tvr-e15\\\/\"]}]},{\"@type\":\"ImageObject\",\"inLanguage\":\"es-CO\",\"@id\":\"https:\\\/\\\/biopesaje.com\\\/index.php\\\/product\\\/embutidora-electrica-tvr-e15\\\/#primaryimage\",\"url\":\"https:\\\/\\\/biopesaje.com\\\/wp-content\\\/uploads\\\/2025\\\/06\\\/EMBUTIDORA-ELECTRICA-TVR-E15-2.jpg\",\"contentUrl\":\"https:\\\/\\\/biopesaje.com\\\/wp-content\\\/uploads\\\/2025\\\/06\\\/EMBUTIDORA-ELECTRICA-TVR-E15-2.jpg\",\"width\":1000,\"height\":1000,\"caption\":\"EMBUTIDORA EL\u00c9CTRICA TVR-E15\"},{\"@type\":\"BreadcrumbList\",\"@id\":\"https:\\\/\\\/biopesaje.com\\\/index.php\\\/product\\\/embutidora-electrica-tvr-e15\\\/#breadcrumb\",\"itemListElement\":[{\"@type\":\"ListItem\",\"position\":1,\"name\":\"Home\",\"item\":\"https:\\\/\\\/biopesaje.com\\\/\"},{\"@type\":\"ListItem\",\"position\":2,\"name\":\"Productos\",\"item\":\"https:\\\/\\\/biopesaje.com\\\/index.php\\\/tienda\\\/\"},{\"@type\":\"ListItem\",\"position\":3,\"name\":\"EMBUTIDORA EL\u00c9CTRICA TVR-E15\"}]},{\"@type\":\"WebSite\",\"@id\":\"https:\\\/\\\/biopesaje.com\\\/#website\",\"url\":\"https:\\\/\\\/biopesaje.com\\\/\",\"name\":\"BIOPESAJE S.A.S.\",\"description\":\"Ingenier\u00eda de pesaje, metrolog\u00eda y laboratorio.\",\"publisher\":{\"@id\":\"https:\\\/\\\/biopesaje.com\\\/#organization\"},\"potentialAction\":[{\"@type\":\"SearchAction\",\"target\":{\"@type\":\"EntryPoint\",\"urlTemplate\":\"https:\\\/\\\/biopesaje.com\\\/?s={search_term_string}\"},\"query-input\":{\"@type\":\"PropertyValueSpecification\",\"valueRequired\":true,\"valueName\":\"search_term_string\"}}],\"inLanguage\":\"es-CO\"},{\"@type\":\"Organization\",\"@id\":\"https:\\\/\\\/biopesaje.com\\\/#organization\",\"name\":\"BIOPESAJE S.A.S.\",\"url\":\"https:\\\/\\\/biopesaje.com\\\/\",\"logo\":{\"@type\":\"ImageObject\",\"inLanguage\":\"es-CO\",\"@id\":\"https:\\\/\\\/biopesaje.com\\\/#\\\/schema\\\/logo\\\/image\\\/\",\"url\":\"\",\"contentUrl\":\"\",\"caption\":\"BIOPESAJE S.A.S.\"},\"image\":{\"@id\":\"https:\\\/\\\/biopesaje.com\\\/#\\\/schema\\\/logo\\\/image\\\/\"}}]}<\/script>\n<!-- \/ Yoast SEO plugin. -->","yoast_head_json":{"title":"EMBUTIDORA EL\u00c9CTRICA TVR-E15 - BIOPESAJE S.A.S.","description":"Biopesaje S.A.S cuenta con la mejor selecci\u00f3n de equipos en categor\u00edas como pesaje procesamiento y empaque de la industria alimenticia. EMBUTIDORA EL\u00c9CTRICA TVR-E15","robots":{"index":"index","follow":"follow","max-snippet":"max-snippet:-1","max-image-preview":"max-image-preview:large","max-video-preview":"max-video-preview:-1"},"canonical":"https:\/\/biopesaje.com\/index.php\/product\/embutidora-electrica-tvr-e15\/","og_locale":"es_ES","og_type":"article","og_title":"EMBUTIDORA EL\u00c9CTRICA TVR-E15 - BIOPESAJE S.A.S.","og_description":"Biopesaje S.A.S cuenta con la mejor selecci\u00f3n de equipos en categor\u00edas como pesaje procesamiento y empaque de la industria alimenticia. EMBUTIDORA EL\u00c9CTRICA TVR-E15","og_url":"https:\/\/biopesaje.com\/index.php\/product\/embutidora-electrica-tvr-e15\/","og_site_name":"BIOPESAJE S.A.S.","article_modified_time":"2025-06-13T21:55:20+00:00","og_image":[{"width":1000,"height":1000,"url":"https:\/\/biopesaje.com\/wp-content\/uploads\/2025\/06\/EMBUTIDORA-ELECTRICA-TVR-E15-2.jpg","type":"image\/jpeg"}],"twitter_card":"summary_large_image","twitter_misc":{"Tiempo de lectura":"1 minuto"},"schema":{"@context":"https:\/\/schema.org","@graph":[{"@type":"WebPage","@id":"https:\/\/biopesaje.com\/index.php\/product\/embutidora-electrica-tvr-e15\/","url":"https:\/\/biopesaje.com\/index.php\/product\/embutidora-electrica-tvr-e15\/","name":"EMBUTIDORA EL\u00c9CTRICA TVR-E15 - BIOPESAJE S.A.S.","isPartOf":{"@id":"https:\/\/biopesaje.com\/#website"},"primaryImageOfPage":{"@id":"https:\/\/biopesaje.com\/index.php\/product\/embutidora-electrica-tvr-e15\/#primaryimage"},"image":{"@id":"https:\/\/biopesaje.com\/index.php\/product\/embutidora-electrica-tvr-e15\/#primaryimage"},"thumbnailUrl":"https:\/\/biopesaje.com\/wp-content\/uploads\/2025\/06\/EMBUTIDORA-ELECTRICA-TVR-E15-2.jpg","datePublished":"2025-06-13T21:33:31+00:00","dateModified":"2025-06-13T21:55:20+00:00","description":"Biopesaje S.A.S cuenta con la mejor selecci\u00f3n de equipos en categor\u00edas como pesaje procesamiento y empaque de la industria alimenticia. EMBUTIDORA EL\u00c9CTRICA TVR-E15","breadcrumb":{"@id":"https:\/\/biopesaje.com\/index.php\/product\/embutidora-electrica-tvr-e15\/#breadcrumb"},"inLanguage":"es-CO","potentialAction":[{"@type":"ReadAction","target":["https:\/\/biopesaje.com\/index.php\/product\/embutidora-electrica-tvr-e15\/"]}]},{"@type":"ImageObject","inLanguage":"es-CO","@id":"https:\/\/biopesaje.com\/index.php\/product\/embutidora-electrica-tvr-e15\/#primaryimage","url":"https:\/\/biopesaje.com\/wp-content\/uploads\/2025\/06\/EMBUTIDORA-ELECTRICA-TVR-E15-2.jpg","contentUrl":"https:\/\/biopesaje.com\/wp-content\/uploads\/2025\/06\/EMBUTIDORA-ELECTRICA-TVR-E15-2.jpg","width":1000,"height":1000,"caption":"EMBUTIDORA EL\u00c9CTRICA TVR-E15"},{"@type":"BreadcrumbList","@id":"https:\/\/biopesaje.com\/index.php\/product\/embutidora-electrica-tvr-e15\/#breadcrumb","itemListElement":[{"@type":"ListItem","position":1,"name":"Home","item":"https:\/\/biopesaje.com\/"},{"@type":"ListItem","position":2,"name":"Productos","item":"https:\/\/biopesaje.com\/index.php\/tienda\/"},{"@type":"ListItem","position":3,"name":"EMBUTIDORA EL\u00c9CTRICA TVR-E15"}]},{"@type":"WebSite","@id":"https:\/\/biopesaje.com\/#website","url":"https:\/\/biopesaje.com\/","name":"BIOPESAJE S.A.S.","description":"Ingenier\u00eda de pesaje, metrolog\u00eda y laboratorio.","publisher":{"@id":"https:\/\/biopesaje.com\/#organization"},"potentialAction":[{"@type":"SearchAction","target":{"@type":"EntryPoint","urlTemplate":"https:\/\/biopesaje.com\/?s={search_term_string}"},"query-input":{"@type":"PropertyValueSpecification","valueRequired":true,"valueName":"search_term_string"}}],"inLanguage":"es-CO"},{"@type":"Organization","@id":"https:\/\/biopesaje.com\/#organization","name":"BIOPESAJE S.A.S.","url":"https:\/\/biopesaje.com\/","logo":{"@type":"ImageObject","inLanguage":"es-CO","@id":"https:\/\/biopesaje.com\/#\/schema\/logo\/image\/","url":"","contentUrl":"","caption":"BIOPESAJE S.A.S."},"image":{"@id":"https:\/\/biopesaje.com\/#\/schema\/logo\/image\/"}}]}},"uagb_featured_image_src":{"full":["https:\/\/biopesaje.com\/wp-content\/uploads\/2025\/06\/EMBUTIDORA-ELECTRICA-TVR-E15-2.jpg",1000,1000,false],"thumbnail":["https:\/\/biopesaje.com\/wp-content\/uploads\/2025\/06\/EMBUTIDORA-ELECTRICA-TVR-E15-2-150x150.jpg",150,150,true],"medium":["https:\/\/biopesaje.com\/wp-content\/uploads\/2025\/06\/EMBUTIDORA-ELECTRICA-TVR-E15-2-300x300.jpg",300,300,true],"medium_large":["https:\/\/biopesaje.com\/wp-content\/uploads\/2025\/06\/EMBUTIDORA-ELECTRICA-TVR-E15-2-768x768.jpg",640,640,true],"large":["https:\/\/biopesaje.com\/wp-content\/uploads\/2025\/06\/EMBUTIDORA-ELECTRICA-TVR-E15-2.jpg",640,640,false],"1536x1536":["https:\/\/biopesaje.com\/wp-content\/uploads\/2025\/06\/EMBUTIDORA-ELECTRICA-TVR-E15-2.jpg",1000,1000,false],"2048x2048":["https:\/\/biopesaje.com\/wp-content\/uploads\/2025\/06\/EMBUTIDORA-ELECTRICA-TVR-E15-2.jpg",1000,1000,false],"woocommerce_thumbnail":["https:\/\/biopesaje.com\/wp-content\/uploads\/2025\/06\/EMBUTIDORA-ELECTRICA-TVR-E15-2-320x320.jpg",320,320,true],"woocommerce_single":["https:\/\/biopesaje.com\/wp-content\/uploads\/2025\/06\/EMBUTIDORA-ELECTRICA-TVR-E15-2.jpg",1000,1000,false],"woocommerce_gallery_thumbnail":["https:\/\/biopesaje.com\/wp-content\/uploads\/2025\/06\/EMBUTIDORA-ELECTRICA-TVR-E15-2-100x100.jpg",100,100,true],"thaps-thumb-img":["https:\/\/biopesaje.com\/wp-content\/uploads\/2025\/06\/EMBUTIDORA-ELECTRICA-TVR-E15-2-48x48.jpg",48,48,true],"taiowc-thumb-img":["https:\/\/biopesaje.com\/wp-content\/uploads\/2025\/06\/EMBUTIDORA-ELECTRICA-TVR-E15-2-48x48.jpg",48,48,true]},"uagb_author_info":{"display_name":"Diego Martinez","author_link":"https:\/\/biopesaje.com\/index.php\/author\/"},"uagb_comment_info":0,"uagb_excerpt":"-Fabricada en acero inoxidable 304 -Velocidad variable -Pedal dosificador -Embolo en acero con valvula de aire -Potencia del motor 1,8 hp -Capacidad:\u00a015 litros -Funciona\u00a0 a 110 v -Incluye 4 boquillas de diferente diametro","jetpack_sharing_enabled":true,"_links":{"self":[{"href":"https:\/\/biopesaje.com\/index.php\/wp-json\/wp\/v2\/product\/9201","targetHints":{"allow":["GET"]}}],"collection":[{"href":"https:\/\/biopesaje.com\/index.php\/wp-json\/wp\/v2\/product"}],"about":[{"href":"https:\/\/biopesaje.com\/index.php\/wp-json\/wp\/v2\/types\/product"}],"version-history":[{"count":8,"href":"https:\/\/biopesaje.com\/index.php\/wp-json\/wp\/v2\/product\/9201\/revisions"}],"predecessor-version":[{"id":9215,"href":"https:\/\/biopesaje.com\/index.php\/wp-json\/wp\/v2\/product\/9201\/revisions\/9215"}],"wp:featuredmedia":[{"embeddable":true,"href":"https:\/\/biopesaje.com\/index.php\/wp-json\/wp\/v2\/media\/9206"}],"wp:attachment":[{"href":"https:\/\/biopesaje.com\/index.php\/wp-json\/wp\/v2\/media?parent=9201"}],"wp:term":[{"taxonomy":"product_brand","embeddable":true,"href":"https:\/\/biopesaje.com\/index.php\/wp-json\/wp\/v2\/product_brand?post=9201"},{"taxonomy":"product_cat","embeddable":true,"href":"https:\/\/biopesaje.com\/index.php\/wp-json\/wp\/v2\/product_cat?post=9201"},{"taxonomy":"product_tag","embeddable":true,"href":"https:\/\/biopesaje.com\/index.php\/wp-json\/wp\/v2\/product_tag?post=9201"}],"curies":[{"name":"wp","href":"https:\/\/api.w.org\/{rel}","templated":true}]}}