{"id":9248,"date":"2025-06-16T22:24:54","date_gmt":"2025-06-16T22:24:54","guid":{"rendered":"https:\/\/biopesaje.com\/?post_type=product&#038;p=9248"},"modified":"2025-07-23T19:00:18","modified_gmt":"2025-07-23T19:00:18","slug":"atadora-manual-de-chorizos-ams-150","status":"publish","type":"product","link":"https:\/\/biopesaje.com\/index.php\/product\/atadora-manual-de-chorizos-ams-150\/","title":{"rendered":"ATADORA MANUAL DE CHORIZOS AMS 150"},"content":{"rendered":"\t\t<div data-elementor-type=\"wp-post\" data-elementor-id=\"9248\" class=\"elementor elementor-9248\" data-elementor-post-type=\"product\">\n\t\t\t\t\t\t<section class=\"elementor-section elementor-top-section elementor-element elementor-element-5bd5cd50 elementor-section-boxed elementor-section-height-default elementor-section-height-default\" data-id=\"5bd5cd50\" data-element_type=\"section\" data-e-type=\"section\">\n\t\t\t\t\t\t<div class=\"elementor-container elementor-column-gap-default\">\n\t\t\t\t\t<div class=\"elementor-column elementor-col-100 elementor-top-column elementor-element elementor-element-5c718e4d\" data-id=\"5c718e4d\" data-element_type=\"column\" data-e-type=\"column\">\n\t\t\t<div class=\"elementor-widget-wrap elementor-element-populated\">\n\t\t\t\t\t\t<div class=\"elementor-element elementor-element-450ad1ec elementor-widget elementor-widget-text-editor\" data-id=\"450ad1ec\" data-element_type=\"widget\" data-e-type=\"widget\" data-widget_type=\"text-editor.default\">\n\t\t\t\t<div class=\"elementor-widget-container\">\n\t\t\t\t\t\t\t\t\t<p class=\"ds-markdown-paragraph\"><strong>Presentamos nuestra robusta atadora\/amarradora manual de chorizos, fabricada completamente en acero inoxidable 304 grado alimenticio para garantizar m\u00e1xima higiene y durabilidad en entornos de producci\u00f3n de alimentos. Este equipo eficiente realiza hasta 15 amarres por minuto (900 por hora, dependiendo de la habilidad del operario) mediante su sistema de amarre continuo que no corta el hilo, optimizando el proceso de producci\u00f3n. Compatible con todo tipo de embutidos, ya sea en tripa natural o sint\u00e9tica, cuenta con una resistente pi\u00f1oner\u00eda completamente met\u00e1lica que asegura larga vida \u00fatil incluso en uso intensivo. La pr\u00e1ctica bandeja de acero inoxidable de 30&#215;29 cm ofrece espacio suficiente para trabajar c\u00f3modamente, permitiendo el procesamiento de embutidos con di\u00e1metro m\u00e1ximo de 5 cm y un rango de atado ajustable desde 3 cm hasta 27 cm de longitud. Con dimensiones compactas de 46x34x40 cm (48x37x39 cm incluyendo empaque) y un peso de s\u00f3lo 12.6 kg (13.9 kg empaquetada), esta atadora manual combina portabilidad con robustez, siendo ideal para carnicer\u00edas, charcuter\u00edas y peque\u00f1os productores que buscan mejorar su eficiencia sin sacrificar calidad en el proceso de amarrado de sus embutidos.<\/strong><\/p>\t\t\t\t\t\t\t\t<\/div>\n\t\t\t\t<\/div>\n\t\t\t\t\t<\/div>\n\t\t<\/div>\n\t\t\t\t\t<\/div>\n\t\t<\/section>\n\t\t\t\t<section class=\"elementor-section elementor-top-section elementor-element elementor-element-d1c64c4 elementor-section-boxed elementor-section-height-default elementor-section-height-default\" data-id=\"d1c64c4\" data-element_type=\"section\" data-e-type=\"section\">\n\t\t\t\t\t\t<div class=\"elementor-container elementor-column-gap-default\">\n\t\t\t\t\t<div class=\"elementor-column elementor-col-100 elementor-top-column elementor-element elementor-element-81dcb8e\" data-id=\"81dcb8e\" data-element_type=\"column\" data-e-type=\"column\">\n\t\t\t<div class=\"elementor-widget-wrap elementor-element-populated\">\n\t\t\t\t\t\t<div class=\"elementor-element elementor-element-b4b261c elementor-widget elementor-widget-heading\" data-id=\"b4b261c\" data-element_type=\"widget\" data-e-type=\"widget\" data-widget_type=\"heading.default\">\n\t\t\t\t<div class=\"elementor-widget-container\">\n\t\t\t\t\t<h3 class=\"elementor-heading-title elementor-size-default\">Documentaci\u00f3n<\/h3>\t\t\t\t<\/div>\n\t\t\t\t<\/div>\n\t\t\t\t<div class=\"elementor-element elementor-element-ec3045b elementor-widget elementor-widget-eael-adv-accordion\" data-id=\"ec3045b\" data-element_type=\"widget\" data-e-type=\"widget\" data-widget_type=\"eael-adv-accordion.default\">\n\t\t\t\t<div class=\"elementor-widget-container\">\n\t\t\t\t\t            <div class=\"eael-adv-accordion\" id=\"eael-adv-accordion-ec3045b\" data-scroll-on-click=\"no\" data-scroll-speed=\"300\" data-accordion-id=\"ec3045b\" data-accordion-type=\"accordion\" data-toogle-speed=\"300\">\n            <div class=\"eael-accordion-list\">\n\t\t\t\t\t<div id=\"documentos\" class=\"elementor-tab-title eael-accordion-header\" tabindex=\"0\" data-tab=\"1\" aria-controls=\"elementor-tab-content-2471\"><span class=\"eael-advanced-accordion-icon-closed\"><i aria-hidden=\"true\" class=\"fa-accordion-icon far fa-file-pdf\"><\/i><\/span><span class=\"eael-advanced-accordion-icon-opened\"><i aria-hidden=\"true\" class=\"fa-accordion-icon fas fa-minus\"><\/i><\/span><span class=\"eael-accordion-tab-title\">Documentos<\/span><\/div><div id=\"elementor-tab-content-2471\" class=\"eael-accordion-content clearfix\" data-tab=\"1\" aria-labelledby=\"documentos\"><p><img decoding=\"async\" class=\"wp-image-2526 alignnone\" src=\"https:\/\/biopesaje.com\/wp-content\/uploads\/2022\/02\/391px-PDF_file_icon.svg.png\" alt=\"\" width=\"30\" height=\"37\" srcset=\"https:\/\/biopesaje.com\/wp-content\/uploads\/2022\/02\/391px-PDF_file_icon.svg.png 391w, https:\/\/biopesaje.com\/wp-content\/uploads\/2022\/02\/391px-PDF_file_icon.svg-300x368.png 300w, https:\/\/biopesaje.com\/wp-content\/uploads\/2022\/02\/391px-PDF_file_icon.svg-244x300.png 244w, https:\/\/biopesaje.com\/wp-content\/uploads\/2022\/02\/391px-PDF_file_icon.svg-48x59.png 48w\" sizes=\"(max-width: 30px) 100vw, 30px\" \/> <a href=\"https:\/\/biopesaje.com\/wp-content\/uploads\/2025\/07\/ATADORA-MANUAL-DE-CHORIZOS-AMS-150.pdf\" target=\"_blank\" rel=\"noopener\">Cat\u00e1logo ATADORA MANUAL DE CHORIZOS AMS 150<\/a><\/p><\/div>\n\t\t\t\t\t<\/div><\/div>\t\t\t\t<\/div>\n\t\t\t\t<\/div>\n\t\t\t\t\t<\/div>\n\t\t<\/div>\n\t\t\t\t\t<\/div>\n\t\t<\/section>\n\t\t\t\t<section class=\"elementor-section elementor-top-section elementor-element elementor-element-5e521e2 elementor-section-boxed elementor-section-height-default elementor-section-height-default\" data-id=\"5e521e2\" data-element_type=\"section\" data-e-type=\"section\">\n\t\t\t\t\t\t<div class=\"elementor-container elementor-column-gap-default\">\n\t\t\t\t\t<div class=\"elementor-column elementor-col-100 elementor-top-column elementor-element elementor-element-8a4e6b4\" data-id=\"8a4e6b4\" data-element_type=\"column\" data-e-type=\"column\">\n\t\t\t<div class=\"elementor-widget-wrap elementor-element-populated\">\n\t\t\t\t\t\t\t<\/div>\n\t\t<\/div>\n\t\t\t\t\t<\/div>\n\t\t<\/section>\n\t\t\t\t<\/div>\n\t\t","protected":false},"excerpt":{"rendered":"<div>&#8211; Robusta Atadora o Amarradora manual de chorizos<\/div>\n<div>&#8211; Sistema de amarre continuo (No corta el hilo)<\/div>\n<div>&#8211; Fabricada en acero inoxidable 304, grado alimenticio<\/div>\n<div>&#8211; 15 amarres por minuto, 900 por hora (puede variar\u00a0 depediendo la agilidad del operario).<\/div>\n<div>&#8211; Puede usarse con embutidos de tripa natural o sintetica.<\/div>\n<div>&#8211; Pi\u00f1onear\u00eda robusta completamente metalica.<\/div>\n<div>&#8211; Bandeja en acero inox de 30x29cm<\/div>\n<div>&#8211; Diametro maximo del embutido 5cm<\/div>\n<div>&#8211; Largo minimo de atado: 3 cm<\/div>\n<div>&#8211; Largo Maximo de atado: 27 cm<\/div>\n<div>&#8211; Dimensiones maquina: 46x34x40cm<\/div>\n<div>&#8211; Dimensiones con empaque: 48x37x39cm<\/div>\n<div>&#8211; Peso de la maquina: 12,6kg<\/div>\n<div>&#8211; Peso con empaque: 13,9kg<\/div>\n","protected":false},"featured_media":9251,"template":"","meta":{"_uag_custom_page_level_css":"","_joinchat":[]},"product_brand":[181],"product_cat":[160],"product_tag":[],"class_list":{"0":"post-9248","1":"product","2":"type-product","3":"status-publish","4":"has-post-thumbnail","6":"product_brand-biopesaje","7":"product_cat-atadoras-de-chorizos","8":"thunk-woo-product-list","9":"opn-qv-enable","10":"top-store-woo-hover-none","11":"top-store-single-product-tab-horizontal","12":"top-store-shadow-","13":"top-store-shadow-hover-","15":"first","16":"instock","17":"taxable","18":"shipping-taxable","19":"product-type-simple"},"yoast_head":"<!-- This site is optimized with the Yoast SEO plugin v27.3 - https:\/\/yoast.com\/product\/yoast-seo-wordpress\/ -->\n<title>ATADORA MANUAL DE CHORIZOS AMS 150- BIOPESAJE S.A.S.<\/title>\n<meta name=\"description\" content=\"Biopesaje S.A.S cuenta con la mejor selecci\u00f3n de equipos en categor\u00edas como pesaje procesamiento y empaque de la industria alimenticia. ATADORA MANUAL DE CHORIZOS AMS 150\" \/>\n<meta name=\"robots\" content=\"index, follow, max-snippet:-1, max-image-preview:large, max-video-preview:-1\" \/>\n<link rel=\"canonical\" href=\"https:\/\/biopesaje.com\/index.php\/product\/atadora-manual-de-chorizos-ams-150\/\" \/>\n<meta property=\"og:locale\" content=\"es_ES\" \/>\n<meta property=\"og:type\" content=\"article\" \/>\n<meta property=\"og:title\" content=\"ATADORA MANUAL DE CHORIZOS AMS 150- BIOPESAJE S.A.S.\" \/>\n<meta property=\"og:description\" content=\"Biopesaje S.A.S cuenta con la mejor selecci\u00f3n de equipos en categor\u00edas como pesaje procesamiento y empaque de la industria alimenticia. ATADORA MANUAL DE CHORIZOS AMS 150\" \/>\n<meta property=\"og:url\" content=\"https:\/\/biopesaje.com\/index.php\/product\/atadora-manual-de-chorizos-ams-150\/\" \/>\n<meta property=\"og:site_name\" content=\"BIOPESAJE S.A.S.\" \/>\n<meta property=\"article:modified_time\" content=\"2025-07-23T19:00:18+00:00\" \/>\n<meta property=\"og:image\" content=\"https:\/\/biopesaje.com\/wp-content\/uploads\/2025\/06\/ATADORA-MANUAL-DE-CHORIZOS-AMS-150-1.webp\" \/>\n\t<meta property=\"og:image:width\" content=\"800\" \/>\n\t<meta property=\"og:image:height\" content=\"800\" \/>\n\t<meta property=\"og:image:type\" content=\"image\/webp\" \/>\n<meta name=\"twitter:card\" content=\"summary_large_image\" \/>\n<meta name=\"twitter:label1\" content=\"Tiempo de lectura\" \/>\n\t<meta name=\"twitter:data1\" content=\"2 minutos\" \/>\n<script type=\"application\/ld+json\" class=\"yoast-schema-graph\">{\"@context\":\"https:\\\/\\\/schema.org\",\"@graph\":[{\"@type\":\"WebPage\",\"@id\":\"https:\\\/\\\/biopesaje.com\\\/index.php\\\/product\\\/atadora-manual-de-chorizos-ams-150\\\/\",\"url\":\"https:\\\/\\\/biopesaje.com\\\/index.php\\\/product\\\/atadora-manual-de-chorizos-ams-150\\\/\",\"name\":\"ATADORA MANUAL DE CHORIZOS AMS 150- BIOPESAJE S.A.S.\",\"isPartOf\":{\"@id\":\"https:\\\/\\\/biopesaje.com\\\/#website\"},\"primaryImageOfPage\":{\"@id\":\"https:\\\/\\\/biopesaje.com\\\/index.php\\\/product\\\/atadora-manual-de-chorizos-ams-150\\\/#primaryimage\"},\"image\":{\"@id\":\"https:\\\/\\\/biopesaje.com\\\/index.php\\\/product\\\/atadora-manual-de-chorizos-ams-150\\\/#primaryimage\"},\"thumbnailUrl\":\"https:\\\/\\\/biopesaje.com\\\/wp-content\\\/uploads\\\/2025\\\/06\\\/ATADORA-MANUAL-DE-CHORIZOS-AMS-150-1.webp\",\"datePublished\":\"2025-06-16T22:24:54+00:00\",\"dateModified\":\"2025-07-23T19:00:18+00:00\",\"description\":\"Biopesaje S.A.S cuenta con la mejor selecci\u00f3n de equipos en categor\u00edas como pesaje procesamiento y empaque de la industria alimenticia. ATADORA MANUAL DE CHORIZOS AMS 150\",\"breadcrumb\":{\"@id\":\"https:\\\/\\\/biopesaje.com\\\/index.php\\\/product\\\/atadora-manual-de-chorizos-ams-150\\\/#breadcrumb\"},\"inLanguage\":\"es-CO\",\"potentialAction\":[{\"@type\":\"ReadAction\",\"target\":[\"https:\\\/\\\/biopesaje.com\\\/index.php\\\/product\\\/atadora-manual-de-chorizos-ams-150\\\/\"]}]},{\"@type\":\"ImageObject\",\"inLanguage\":\"es-CO\",\"@id\":\"https:\\\/\\\/biopesaje.com\\\/index.php\\\/product\\\/atadora-manual-de-chorizos-ams-150\\\/#primaryimage\",\"url\":\"https:\\\/\\\/biopesaje.com\\\/wp-content\\\/uploads\\\/2025\\\/06\\\/ATADORA-MANUAL-DE-CHORIZOS-AMS-150-1.webp\",\"contentUrl\":\"https:\\\/\\\/biopesaje.com\\\/wp-content\\\/uploads\\\/2025\\\/06\\\/ATADORA-MANUAL-DE-CHORIZOS-AMS-150-1.webp\",\"width\":800,\"height\":800},{\"@type\":\"BreadcrumbList\",\"@id\":\"https:\\\/\\\/biopesaje.com\\\/index.php\\\/product\\\/atadora-manual-de-chorizos-ams-150\\\/#breadcrumb\",\"itemListElement\":[{\"@type\":\"ListItem\",\"position\":1,\"name\":\"Home\",\"item\":\"https:\\\/\\\/biopesaje.com\\\/\"},{\"@type\":\"ListItem\",\"position\":2,\"name\":\"Productos\",\"item\":\"https:\\\/\\\/biopesaje.com\\\/index.php\\\/tienda\\\/\"},{\"@type\":\"ListItem\",\"position\":3,\"name\":\"ATADORA MANUAL DE CHORIZOS AMS 150\"}]},{\"@type\":\"WebSite\",\"@id\":\"https:\\\/\\\/biopesaje.com\\\/#website\",\"url\":\"https:\\\/\\\/biopesaje.com\\\/\",\"name\":\"BIOPESAJE S.A.S.\",\"description\":\"Ingenier\u00eda de pesaje, metrolog\u00eda y laboratorio.\",\"publisher\":{\"@id\":\"https:\\\/\\\/biopesaje.com\\\/#organization\"},\"potentialAction\":[{\"@type\":\"SearchAction\",\"target\":{\"@type\":\"EntryPoint\",\"urlTemplate\":\"https:\\\/\\\/biopesaje.com\\\/?s={search_term_string}\"},\"query-input\":{\"@type\":\"PropertyValueSpecification\",\"valueRequired\":true,\"valueName\":\"search_term_string\"}}],\"inLanguage\":\"es-CO\"},{\"@type\":\"Organization\",\"@id\":\"https:\\\/\\\/biopesaje.com\\\/#organization\",\"name\":\"BIOPESAJE S.A.S.\",\"url\":\"https:\\\/\\\/biopesaje.com\\\/\",\"logo\":{\"@type\":\"ImageObject\",\"inLanguage\":\"es-CO\",\"@id\":\"https:\\\/\\\/biopesaje.com\\\/#\\\/schema\\\/logo\\\/image\\\/\",\"url\":\"\",\"contentUrl\":\"\",\"caption\":\"BIOPESAJE S.A.S.\"},\"image\":{\"@id\":\"https:\\\/\\\/biopesaje.com\\\/#\\\/schema\\\/logo\\\/image\\\/\"}}]}<\/script>\n<!-- \/ Yoast SEO plugin. -->","yoast_head_json":{"title":"ATADORA MANUAL DE CHORIZOS AMS 150- BIOPESAJE S.A.S.","description":"Biopesaje S.A.S cuenta con la mejor selecci\u00f3n de equipos en categor\u00edas como pesaje procesamiento y empaque de la industria alimenticia. ATADORA MANUAL DE CHORIZOS AMS 150","robots":{"index":"index","follow":"follow","max-snippet":"max-snippet:-1","max-image-preview":"max-image-preview:large","max-video-preview":"max-video-preview:-1"},"canonical":"https:\/\/biopesaje.com\/index.php\/product\/atadora-manual-de-chorizos-ams-150\/","og_locale":"es_ES","og_type":"article","og_title":"ATADORA MANUAL DE CHORIZOS AMS 150- BIOPESAJE S.A.S.","og_description":"Biopesaje S.A.S cuenta con la mejor selecci\u00f3n de equipos en categor\u00edas como pesaje procesamiento y empaque de la industria alimenticia. ATADORA MANUAL DE CHORIZOS AMS 150","og_url":"https:\/\/biopesaje.com\/index.php\/product\/atadora-manual-de-chorizos-ams-150\/","og_site_name":"BIOPESAJE S.A.S.","article_modified_time":"2025-07-23T19:00:18+00:00","og_image":[{"width":800,"height":800,"url":"https:\/\/biopesaje.com\/wp-content\/uploads\/2025\/06\/ATADORA-MANUAL-DE-CHORIZOS-AMS-150-1.webp","type":"image\/webp"}],"twitter_card":"summary_large_image","twitter_misc":{"Tiempo de lectura":"2 minutos"},"schema":{"@context":"https:\/\/schema.org","@graph":[{"@type":"WebPage","@id":"https:\/\/biopesaje.com\/index.php\/product\/atadora-manual-de-chorizos-ams-150\/","url":"https:\/\/biopesaje.com\/index.php\/product\/atadora-manual-de-chorizos-ams-150\/","name":"ATADORA MANUAL DE CHORIZOS AMS 150- BIOPESAJE S.A.S.","isPartOf":{"@id":"https:\/\/biopesaje.com\/#website"},"primaryImageOfPage":{"@id":"https:\/\/biopesaje.com\/index.php\/product\/atadora-manual-de-chorizos-ams-150\/#primaryimage"},"image":{"@id":"https:\/\/biopesaje.com\/index.php\/product\/atadora-manual-de-chorizos-ams-150\/#primaryimage"},"thumbnailUrl":"https:\/\/biopesaje.com\/wp-content\/uploads\/2025\/06\/ATADORA-MANUAL-DE-CHORIZOS-AMS-150-1.webp","datePublished":"2025-06-16T22:24:54+00:00","dateModified":"2025-07-23T19:00:18+00:00","description":"Biopesaje S.A.S cuenta con la mejor selecci\u00f3n de equipos en categor\u00edas como pesaje procesamiento y empaque de la industria alimenticia. ATADORA MANUAL DE CHORIZOS AMS 150","breadcrumb":{"@id":"https:\/\/biopesaje.com\/index.php\/product\/atadora-manual-de-chorizos-ams-150\/#breadcrumb"},"inLanguage":"es-CO","potentialAction":[{"@type":"ReadAction","target":["https:\/\/biopesaje.com\/index.php\/product\/atadora-manual-de-chorizos-ams-150\/"]}]},{"@type":"ImageObject","inLanguage":"es-CO","@id":"https:\/\/biopesaje.com\/index.php\/product\/atadora-manual-de-chorizos-ams-150\/#primaryimage","url":"https:\/\/biopesaje.com\/wp-content\/uploads\/2025\/06\/ATADORA-MANUAL-DE-CHORIZOS-AMS-150-1.webp","contentUrl":"https:\/\/biopesaje.com\/wp-content\/uploads\/2025\/06\/ATADORA-MANUAL-DE-CHORIZOS-AMS-150-1.webp","width":800,"height":800},{"@type":"BreadcrumbList","@id":"https:\/\/biopesaje.com\/index.php\/product\/atadora-manual-de-chorizos-ams-150\/#breadcrumb","itemListElement":[{"@type":"ListItem","position":1,"name":"Home","item":"https:\/\/biopesaje.com\/"},{"@type":"ListItem","position":2,"name":"Productos","item":"https:\/\/biopesaje.com\/index.php\/tienda\/"},{"@type":"ListItem","position":3,"name":"ATADORA MANUAL DE CHORIZOS AMS 150"}]},{"@type":"WebSite","@id":"https:\/\/biopesaje.com\/#website","url":"https:\/\/biopesaje.com\/","name":"BIOPESAJE S.A.S.","description":"Ingenier\u00eda de pesaje, metrolog\u00eda y laboratorio.","publisher":{"@id":"https:\/\/biopesaje.com\/#organization"},"potentialAction":[{"@type":"SearchAction","target":{"@type":"EntryPoint","urlTemplate":"https:\/\/biopesaje.com\/?s={search_term_string}"},"query-input":{"@type":"PropertyValueSpecification","valueRequired":true,"valueName":"search_term_string"}}],"inLanguage":"es-CO"},{"@type":"Organization","@id":"https:\/\/biopesaje.com\/#organization","name":"BIOPESAJE S.A.S.","url":"https:\/\/biopesaje.com\/","logo":{"@type":"ImageObject","inLanguage":"es-CO","@id":"https:\/\/biopesaje.com\/#\/schema\/logo\/image\/","url":"","contentUrl":"","caption":"BIOPESAJE S.A.S."},"image":{"@id":"https:\/\/biopesaje.com\/#\/schema\/logo\/image\/"}}]}},"uagb_featured_image_src":{"full":["https:\/\/biopesaje.com\/wp-content\/uploads\/2025\/06\/ATADORA-MANUAL-DE-CHORIZOS-AMS-150-1.webp",800,800,false],"thumbnail":["https:\/\/biopesaje.com\/wp-content\/uploads\/2025\/06\/ATADORA-MANUAL-DE-CHORIZOS-AMS-150-1-150x150.webp",150,150,true],"medium":["https:\/\/biopesaje.com\/wp-content\/uploads\/2025\/06\/ATADORA-MANUAL-DE-CHORIZOS-AMS-150-1-300x300.webp",300,300,true],"medium_large":["https:\/\/biopesaje.com\/wp-content\/uploads\/2025\/06\/ATADORA-MANUAL-DE-CHORIZOS-AMS-150-1-768x768.webp",640,640,true],"large":["https:\/\/biopesaje.com\/wp-content\/uploads\/2025\/06\/ATADORA-MANUAL-DE-CHORIZOS-AMS-150-1.webp",640,640,false],"1536x1536":["https:\/\/biopesaje.com\/wp-content\/uploads\/2025\/06\/ATADORA-MANUAL-DE-CHORIZOS-AMS-150-1.webp",800,800,false],"2048x2048":["https:\/\/biopesaje.com\/wp-content\/uploads\/2025\/06\/ATADORA-MANUAL-DE-CHORIZOS-AMS-150-1.webp",800,800,false],"woocommerce_thumbnail":["https:\/\/biopesaje.com\/wp-content\/uploads\/2025\/06\/ATADORA-MANUAL-DE-CHORIZOS-AMS-150-1-320x320.webp",320,320,true],"woocommerce_single":["https:\/\/biopesaje.com\/wp-content\/uploads\/2025\/06\/ATADORA-MANUAL-DE-CHORIZOS-AMS-150-1.webp",800,800,false],"woocommerce_gallery_thumbnail":["https:\/\/biopesaje.com\/wp-content\/uploads\/2025\/06\/ATADORA-MANUAL-DE-CHORIZOS-AMS-150-1-100x100.webp",100,100,true],"thaps-thumb-img":["https:\/\/biopesaje.com\/wp-content\/uploads\/2025\/06\/ATADORA-MANUAL-DE-CHORIZOS-AMS-150-1-48x48.webp",48,48,true],"taiowc-thumb-img":["https:\/\/biopesaje.com\/wp-content\/uploads\/2025\/06\/ATADORA-MANUAL-DE-CHORIZOS-AMS-150-1-48x48.webp",48,48,true]},"uagb_author_info":{"display_name":"Diego Martinez","author_link":"https:\/\/biopesaje.com\/index.php\/author\/"},"uagb_comment_info":0,"uagb_excerpt":"- Robusta Atadora o Amarradora manual de chorizos - Sistema de amarre continuo (No corta el hilo) - Fabricada en acero inoxidable 304, grado alimenticio - 15 amarres por minuto, 900 por hora (puede variar\u00a0 depediendo la agilidad del operario). - Puede usarse con embutidos de tripa natural o sintetica. - Pi\u00f1onear\u00eda robusta completamente metalica.&hellip;","jetpack_sharing_enabled":true,"_links":{"self":[{"href":"https:\/\/biopesaje.com\/index.php\/wp-json\/wp\/v2\/product\/9248","targetHints":{"allow":["GET"]}}],"collection":[{"href":"https:\/\/biopesaje.com\/index.php\/wp-json\/wp\/v2\/product"}],"about":[{"href":"https:\/\/biopesaje.com\/index.php\/wp-json\/wp\/v2\/types\/product"}],"version-history":[{"count":7,"href":"https:\/\/biopesaje.com\/index.php\/wp-json\/wp\/v2\/product\/9248\/revisions"}],"predecessor-version":[{"id":9396,"href":"https:\/\/biopesaje.com\/index.php\/wp-json\/wp\/v2\/product\/9248\/revisions\/9396"}],"wp:featuredmedia":[{"embeddable":true,"href":"https:\/\/biopesaje.com\/index.php\/wp-json\/wp\/v2\/media\/9251"}],"wp:attachment":[{"href":"https:\/\/biopesaje.com\/index.php\/wp-json\/wp\/v2\/media?parent=9248"}],"wp:term":[{"taxonomy":"product_brand","embeddable":true,"href":"https:\/\/biopesaje.com\/index.php\/wp-json\/wp\/v2\/product_brand?post=9248"},{"taxonomy":"product_cat","embeddable":true,"href":"https:\/\/biopesaje.com\/index.php\/wp-json\/wp\/v2\/product_cat?post=9248"},{"taxonomy":"product_tag","embeddable":true,"href":"https:\/\/biopesaje.com\/index.php\/wp-json\/wp\/v2\/product_tag?post=9248"}],"curies":[{"name":"wp","href":"https:\/\/api.w.org\/{rel}","templated":true}]}}