{"id":9347,"date":"2025-06-18T20:57:47","date_gmt":"2025-06-18T20:57:47","guid":{"rendered":"https:\/\/biopesaje.com\/?post_type=product&#038;p=9347"},"modified":"2025-08-04T17:46:16","modified_gmt":"2025-08-04T17:46:16","slug":"maquina-cubicadora-cortadora-picadora-de-carne-en-cubos-cub-500","status":"publish","type":"product","link":"https:\/\/biopesaje.com\/index.php\/product\/maquina-cubicadora-cortadora-picadora-de-carne-en-cubos-cub-500\/","title":{"rendered":"MAQUINA CUBICADORA, CORTADORA, PICADORA DE CARNE EN CUBOS CUB-500"},"content":{"rendered":"\t\t<div data-elementor-type=\"wp-post\" data-elementor-id=\"9347\" class=\"elementor elementor-9347\" data-elementor-post-type=\"product\">\n\t\t\t\t\t\t<section class=\"elementor-section elementor-top-section elementor-element elementor-element-5bd5cd50 elementor-section-boxed elementor-section-height-default elementor-section-height-default\" data-id=\"5bd5cd50\" data-element_type=\"section\" data-e-type=\"section\">\n\t\t\t\t\t\t<div class=\"elementor-container elementor-column-gap-default\">\n\t\t\t\t\t<div class=\"elementor-column elementor-col-100 elementor-top-column elementor-element elementor-element-5c718e4d\" data-id=\"5c718e4d\" data-element_type=\"column\" data-e-type=\"column\">\n\t\t\t<div class=\"elementor-widget-wrap elementor-element-populated\">\n\t\t\t\t\t\t<div class=\"elementor-element elementor-element-450ad1ec elementor-widget elementor-widget-text-editor\" data-id=\"450ad1ec\" data-element_type=\"widget\" data-e-type=\"widget\" data-widget_type=\"text-editor.default\">\n\t\t\t\t<div class=\"elementor-widget-container\">\n\t\t\t\t\t\t\t\t\t<div class=\"dad65929\"><div class=\"_4f9bf79 d7dc56a8 _43c05b5\"><div class=\"ds-markdown ds-markdown--block\"><p class=\"ds-markdown-paragraph\">La\u00a0<strong>M\u00e1quina Cubicadora de Carnes<\/strong>\u00a0es un equipo industrial de alto rendimiento fabricado completamente en acero inoxidable de grado alimenticio, dise\u00f1ado para procesos exigentes de corte con dimensiones compactas (160x90x130 cm) y un peso de 230 kg que garantiza estabilidad operativa. Cuenta con una entrada de producto de 26 cm de ancho x 8 cm de alto y una cuchilla est\u00e1ndar de 35&#215;35 mm que produce cubos perfectamente uniformes, alcanzando una capacidad de producci\u00f3n de 400 a 600 kg\/h gracias a su potente motor de 3 HP en 220V trif\u00e1sico. El tama\u00f1o de corte no es ajustable, por lo que debe especificarse al realizar el pedido, pero ofrece versatilidad con un kit opcional de cuchillas adicionales (2.5 cm, 3 cm, 3.5 cm y 4 cm). Ideal para procesar carnes frescas, congeladas, aves, productos c\u00e1rnicos cocidos y quesos duros, este equipo combina m\u00e1xima higiene, durabilidad y facilidad de limpieza con un dise\u00f1o robusto que asegura operaci\u00f3n continua y segura en plantas procesadoras, frigor\u00edficos y carnicer\u00edas industriales que requieren precisi\u00f3n, eficiencia y alto volumen de producci\u00f3n.<\/p><\/div><\/div><\/div>\t\t\t\t\t\t\t\t<\/div>\n\t\t\t\t<\/div>\n\t\t\t\t\t<\/div>\n\t\t<\/div>\n\t\t\t\t\t<\/div>\n\t\t<\/section>\n\t\t\t\t<section class=\"elementor-section elementor-top-section elementor-element elementor-element-d1c64c4 elementor-section-boxed elementor-section-height-default elementor-section-height-default\" data-id=\"d1c64c4\" data-element_type=\"section\" data-e-type=\"section\">\n\t\t\t\t\t\t<div class=\"elementor-container elementor-column-gap-default\">\n\t\t\t\t\t<div class=\"elementor-column elementor-col-100 elementor-top-column elementor-element elementor-element-81dcb8e\" data-id=\"81dcb8e\" data-element_type=\"column\" data-e-type=\"column\">\n\t\t\t<div class=\"elementor-widget-wrap elementor-element-populated\">\n\t\t\t\t\t\t<div class=\"elementor-element elementor-element-b4b261c elementor-widget elementor-widget-heading\" data-id=\"b4b261c\" data-element_type=\"widget\" data-e-type=\"widget\" data-widget_type=\"heading.default\">\n\t\t\t\t<div class=\"elementor-widget-container\">\n\t\t\t\t\t<h3 class=\"elementor-heading-title elementor-size-default\">Documentaci\u00f3n<\/h3>\t\t\t\t<\/div>\n\t\t\t\t<\/div>\n\t\t\t\t<div class=\"elementor-element elementor-element-ec3045b elementor-widget elementor-widget-eael-adv-accordion\" data-id=\"ec3045b\" data-element_type=\"widget\" data-e-type=\"widget\" data-widget_type=\"eael-adv-accordion.default\">\n\t\t\t\t<div class=\"elementor-widget-container\">\n\t\t\t\t\t            <div class=\"eael-adv-accordion\" id=\"eael-adv-accordion-ec3045b\" data-scroll-on-click=\"no\" data-scroll-speed=\"300\" data-accordion-id=\"ec3045b\" data-accordion-type=\"accordion\" data-toogle-speed=\"300\">\n            <div class=\"eael-accordion-list\">\n\t\t\t\t\t<div id=\"documentos\" class=\"elementor-tab-title eael-accordion-header\" tabindex=\"0\" data-tab=\"1\" aria-controls=\"elementor-tab-content-2471\"><span class=\"eael-advanced-accordion-icon-closed\"><i aria-hidden=\"true\" class=\"fa-accordion-icon far fa-file-pdf\"><\/i><\/span><span class=\"eael-advanced-accordion-icon-opened\"><i aria-hidden=\"true\" class=\"fa-accordion-icon fas fa-minus\"><\/i><\/span><span class=\"eael-accordion-tab-title\">Documentos<\/span><\/div><div id=\"elementor-tab-content-2471\" class=\"eael-accordion-content clearfix\" data-tab=\"1\" aria-labelledby=\"documentos\"><p><a href=\"https:\/\/biopesaje.com\/wp-content\/uploads\/2025\/08\/MAQUINA-CUBICADORA-DE-CARNE-CUB-500.pdf\" target=\"_blank\" rel=\"noopener\"><img decoding=\"async\" class=\"wp-image-2526 alignnone\" src=\"https:\/\/biopesaje.com\/wp-content\/uploads\/2022\/02\/391px-PDF_file_icon.svg.png\" alt=\"\" width=\"30\" height=\"37\" srcset=\"https:\/\/biopesaje.com\/wp-content\/uploads\/2022\/02\/391px-PDF_file_icon.svg.png 391w, https:\/\/biopesaje.com\/wp-content\/uploads\/2022\/02\/391px-PDF_file_icon.svg-300x368.png 300w, https:\/\/biopesaje.com\/wp-content\/uploads\/2022\/02\/391px-PDF_file_icon.svg-244x300.png 244w, https:\/\/biopesaje.com\/wp-content\/uploads\/2022\/02\/391px-PDF_file_icon.svg-48x59.png 48w\" sizes=\"(max-width: 30px) 100vw, 30px\" \/> Cat\u00e1logo MAQUINA CUBICADORA, CORTADORA, PICADORA DE CARNE EN CUBOS CUB-500<\/a><\/p><\/div>\n\t\t\t\t\t<\/div><\/div>\t\t\t\t<\/div>\n\t\t\t\t<\/div>\n\t\t\t\t\t<\/div>\n\t\t<\/div>\n\t\t\t\t\t<\/div>\n\t\t<\/section>\n\t\t\t\t<section class=\"elementor-section elementor-top-section elementor-element elementor-element-5e521e2 elementor-section-boxed elementor-section-height-default elementor-section-height-default\" data-id=\"5e521e2\" data-element_type=\"section\" data-e-type=\"section\">\n\t\t\t\t\t\t<div class=\"elementor-container elementor-column-gap-default\">\n\t\t\t\t\t<div class=\"elementor-column elementor-col-100 elementor-top-column elementor-element elementor-element-8a4e6b4\" data-id=\"8a4e6b4\" data-element_type=\"column\" data-e-type=\"column\">\n\t\t\t<div class=\"elementor-widget-wrap elementor-element-populated\">\n\t\t\t\t\t\t\t<\/div>\n\t\t<\/div>\n\t\t\t\t\t<\/div>\n\t\t<\/section>\n\t\t\t\t<\/div>\n\t\t","protected":false},"excerpt":{"rendered":"<p>&#8211; Dimensiones (Entrada del producto): 26cm de ancho x 8cm de alto<br \/>\n&#8211; M\u00e1quina cubicadora de carnes<br \/>\n&#8211; Fabricado en acero inoxidable<br \/>\n&#8211; Cuchilla est\u00e1ndar de 35x35mm<br \/>\n&#8211; Producci\u00f3n nominal: 400 a 600kg\/h<br \/>\n&#8211; Potencia 3hp a 220V trif\u00e1sico<br \/>\n&#8211; Dimensiones m\u00e1quina: 160x90x130cm<br \/>\n&#8211; Peso maquina: 230kg<br \/>\n&#8211; El tama\u00f1o de corte no es ajustable, se debe aclarar la medida para hacer el pedido<\/p>\n<p>Kit de cuchillas (OPCIONAL):<br \/>\n&#8211; 2.5cm<br \/>\n&#8211; 3cm<br \/>\n&#8211; 3.5cm<br \/>\n&#8211; 4cm<\/p>\n","protected":false},"featured_media":9334,"template":"","meta":{"_uag_custom_page_level_css":"","_joinchat":[]},"product_brand":[181],"product_cat":[186],"product_tag":[],"class_list":{"0":"post-9347","1":"product","2":"type-product","3":"status-publish","4":"has-post-thumbnail","6":"product_brand-biopesaje","7":"product_cat-cubicadoras","8":"thunk-woo-product-list","9":"opn-qv-enable","10":"top-store-woo-hover-none","11":"top-store-single-product-tab-horizontal","12":"top-store-shadow-","13":"top-store-shadow-hover-","15":"first","16":"instock","17":"taxable","18":"shipping-taxable","19":"product-type-simple"},"yoast_head":"<!-- This site is optimized with the Yoast SEO plugin v27.3 - https:\/\/yoast.com\/product\/yoast-seo-wordpress\/ -->\n<title>MAQUINA CUBICADORA, CORTADORA, PICADORA DE CARNE EN CUBOS CUB-500 - BIOPESAJE S.A.S.<\/title>\n<meta name=\"description\" content=\"Biopesaje S.A.S cuenta con la mejor selecci\u00f3n de equipos en categor\u00edas como pesaje procesamiento y empaque de la industria alimenticia. MAQUINA CUBICADORA, CORTADORA, PICADORA DE CARNE EN CUBOS CUB-500\" \/>\n<meta name=\"robots\" content=\"index, follow, max-snippet:-1, max-image-preview:large, max-video-preview:-1\" \/>\n<link rel=\"canonical\" href=\"https:\/\/biopesaje.com\/index.php\/product\/maquina-cubicadora-cortadora-picadora-de-carne-en-cubos-cub-500\/\" \/>\n<meta property=\"og:locale\" content=\"es_ES\" \/>\n<meta property=\"og:type\" content=\"article\" \/>\n<meta property=\"og:title\" content=\"MAQUINA CUBICADORA, CORTADORA, PICADORA DE CARNE EN CUBOS CUB-500 - BIOPESAJE S.A.S.\" \/>\n<meta property=\"og:description\" content=\"Biopesaje S.A.S cuenta con la mejor selecci\u00f3n de equipos en categor\u00edas como pesaje procesamiento y empaque de la industria alimenticia. MAQUINA CUBICADORA, CORTADORA, PICADORA DE CARNE EN CUBOS CUB-500\" \/>\n<meta property=\"og:url\" content=\"https:\/\/biopesaje.com\/index.php\/product\/maquina-cubicadora-cortadora-picadora-de-carne-en-cubos-cub-500\/\" \/>\n<meta property=\"og:site_name\" content=\"BIOPESAJE S.A.S.\" \/>\n<meta property=\"article:modified_time\" content=\"2025-08-04T17:46:16+00:00\" \/>\n<meta property=\"og:image\" content=\"https:\/\/biopesaje.com\/wp-content\/uploads\/2025\/06\/MAQUINA-CUBICADORA-CORTADORA-PICADORA-DE-CARNE-EN-CUBOS-CUB-500-4.jpg\" \/>\n\t<meta property=\"og:image:width\" content=\"1000\" \/>\n\t<meta property=\"og:image:height\" content=\"1000\" \/>\n\t<meta property=\"og:image:type\" content=\"image\/jpeg\" \/>\n<meta name=\"twitter:card\" content=\"summary_large_image\" \/>\n<meta name=\"twitter:label1\" content=\"Tiempo de lectura\" \/>\n\t<meta name=\"twitter:data1\" content=\"2 minutos\" \/>\n<script type=\"application\/ld+json\" class=\"yoast-schema-graph\">{\"@context\":\"https:\\\/\\\/schema.org\",\"@graph\":[{\"@type\":\"WebPage\",\"@id\":\"https:\\\/\\\/biopesaje.com\\\/index.php\\\/product\\\/maquina-cubicadora-cortadora-picadora-de-carne-en-cubos-cub-500\\\/\",\"url\":\"https:\\\/\\\/biopesaje.com\\\/index.php\\\/product\\\/maquina-cubicadora-cortadora-picadora-de-carne-en-cubos-cub-500\\\/\",\"name\":\"MAQUINA CUBICADORA, CORTADORA, PICADORA DE CARNE EN CUBOS CUB-500 - BIOPESAJE S.A.S.\",\"isPartOf\":{\"@id\":\"https:\\\/\\\/biopesaje.com\\\/#website\"},\"primaryImageOfPage\":{\"@id\":\"https:\\\/\\\/biopesaje.com\\\/index.php\\\/product\\\/maquina-cubicadora-cortadora-picadora-de-carne-en-cubos-cub-500\\\/#primaryimage\"},\"image\":{\"@id\":\"https:\\\/\\\/biopesaje.com\\\/index.php\\\/product\\\/maquina-cubicadora-cortadora-picadora-de-carne-en-cubos-cub-500\\\/#primaryimage\"},\"thumbnailUrl\":\"https:\\\/\\\/biopesaje.com\\\/wp-content\\\/uploads\\\/2025\\\/06\\\/MAQUINA-CUBICADORA-CORTADORA-PICADORA-DE-CARNE-EN-CUBOS-CUB-500-4.jpg\",\"datePublished\":\"2025-06-18T20:57:47+00:00\",\"dateModified\":\"2025-08-04T17:46:16+00:00\",\"description\":\"Biopesaje S.A.S cuenta con la mejor selecci\u00f3n de equipos en categor\u00edas como pesaje procesamiento y empaque de la industria alimenticia. MAQUINA CUBICADORA, CORTADORA, PICADORA DE CARNE EN CUBOS CUB-500\",\"breadcrumb\":{\"@id\":\"https:\\\/\\\/biopesaje.com\\\/index.php\\\/product\\\/maquina-cubicadora-cortadora-picadora-de-carne-en-cubos-cub-500\\\/#breadcrumb\"},\"inLanguage\":\"es-CO\",\"potentialAction\":[{\"@type\":\"ReadAction\",\"target\":[\"https:\\\/\\\/biopesaje.com\\\/index.php\\\/product\\\/maquina-cubicadora-cortadora-picadora-de-carne-en-cubos-cub-500\\\/\"]}]},{\"@type\":\"ImageObject\",\"inLanguage\":\"es-CO\",\"@id\":\"https:\\\/\\\/biopesaje.com\\\/index.php\\\/product\\\/maquina-cubicadora-cortadora-picadora-de-carne-en-cubos-cub-500\\\/#primaryimage\",\"url\":\"https:\\\/\\\/biopesaje.com\\\/wp-content\\\/uploads\\\/2025\\\/06\\\/MAQUINA-CUBICADORA-CORTADORA-PICADORA-DE-CARNE-EN-CUBOS-CUB-500-4.jpg\",\"contentUrl\":\"https:\\\/\\\/biopesaje.com\\\/wp-content\\\/uploads\\\/2025\\\/06\\\/MAQUINA-CUBICADORA-CORTADORA-PICADORA-DE-CARNE-EN-CUBOS-CUB-500-4.jpg\",\"width\":1000,\"height\":1000,\"caption\":\"MAQUINA CUBICADORA, CORTADORA, PICADORA DE CARNE EN CUBOS CUB-500\"},{\"@type\":\"BreadcrumbList\",\"@id\":\"https:\\\/\\\/biopesaje.com\\\/index.php\\\/product\\\/maquina-cubicadora-cortadora-picadora-de-carne-en-cubos-cub-500\\\/#breadcrumb\",\"itemListElement\":[{\"@type\":\"ListItem\",\"position\":1,\"name\":\"Home\",\"item\":\"https:\\\/\\\/biopesaje.com\\\/\"},{\"@type\":\"ListItem\",\"position\":2,\"name\":\"Productos\",\"item\":\"https:\\\/\\\/biopesaje.com\\\/index.php\\\/tienda\\\/\"},{\"@type\":\"ListItem\",\"position\":3,\"name\":\"MAQUINA CUBICADORA, CORTADORA, PICADORA DE CARNE EN CUBOS CUB-500\"}]},{\"@type\":\"WebSite\",\"@id\":\"https:\\\/\\\/biopesaje.com\\\/#website\",\"url\":\"https:\\\/\\\/biopesaje.com\\\/\",\"name\":\"BIOPESAJE S.A.S.\",\"description\":\"Ingenier\u00eda de pesaje, metrolog\u00eda y laboratorio.\",\"publisher\":{\"@id\":\"https:\\\/\\\/biopesaje.com\\\/#organization\"},\"potentialAction\":[{\"@type\":\"SearchAction\",\"target\":{\"@type\":\"EntryPoint\",\"urlTemplate\":\"https:\\\/\\\/biopesaje.com\\\/?s={search_term_string}\"},\"query-input\":{\"@type\":\"PropertyValueSpecification\",\"valueRequired\":true,\"valueName\":\"search_term_string\"}}],\"inLanguage\":\"es-CO\"},{\"@type\":\"Organization\",\"@id\":\"https:\\\/\\\/biopesaje.com\\\/#organization\",\"name\":\"BIOPESAJE S.A.S.\",\"url\":\"https:\\\/\\\/biopesaje.com\\\/\",\"logo\":{\"@type\":\"ImageObject\",\"inLanguage\":\"es-CO\",\"@id\":\"https:\\\/\\\/biopesaje.com\\\/#\\\/schema\\\/logo\\\/image\\\/\",\"url\":\"\",\"contentUrl\":\"\",\"caption\":\"BIOPESAJE S.A.S.\"},\"image\":{\"@id\":\"https:\\\/\\\/biopesaje.com\\\/#\\\/schema\\\/logo\\\/image\\\/\"}}]}<\/script>\n<!-- \/ Yoast SEO plugin. -->","yoast_head_json":{"title":"MAQUINA CUBICADORA, CORTADORA, PICADORA DE CARNE EN CUBOS CUB-500 - BIOPESAJE S.A.S.","description":"Biopesaje S.A.S cuenta con la mejor selecci\u00f3n de equipos en categor\u00edas como pesaje procesamiento y empaque de la industria alimenticia. MAQUINA CUBICADORA, CORTADORA, PICADORA DE CARNE EN CUBOS CUB-500","robots":{"index":"index","follow":"follow","max-snippet":"max-snippet:-1","max-image-preview":"max-image-preview:large","max-video-preview":"max-video-preview:-1"},"canonical":"https:\/\/biopesaje.com\/index.php\/product\/maquina-cubicadora-cortadora-picadora-de-carne-en-cubos-cub-500\/","og_locale":"es_ES","og_type":"article","og_title":"MAQUINA CUBICADORA, CORTADORA, PICADORA DE CARNE EN CUBOS CUB-500 - BIOPESAJE S.A.S.","og_description":"Biopesaje S.A.S cuenta con la mejor selecci\u00f3n de equipos en categor\u00edas como pesaje procesamiento y empaque de la industria alimenticia. MAQUINA CUBICADORA, CORTADORA, PICADORA DE CARNE EN CUBOS CUB-500","og_url":"https:\/\/biopesaje.com\/index.php\/product\/maquina-cubicadora-cortadora-picadora-de-carne-en-cubos-cub-500\/","og_site_name":"BIOPESAJE S.A.S.","article_modified_time":"2025-08-04T17:46:16+00:00","og_image":[{"width":1000,"height":1000,"url":"https:\/\/biopesaje.com\/wp-content\/uploads\/2025\/06\/MAQUINA-CUBICADORA-CORTADORA-PICADORA-DE-CARNE-EN-CUBOS-CUB-500-4.jpg","type":"image\/jpeg"}],"twitter_card":"summary_large_image","twitter_misc":{"Tiempo de lectura":"2 minutos"},"schema":{"@context":"https:\/\/schema.org","@graph":[{"@type":"WebPage","@id":"https:\/\/biopesaje.com\/index.php\/product\/maquina-cubicadora-cortadora-picadora-de-carne-en-cubos-cub-500\/","url":"https:\/\/biopesaje.com\/index.php\/product\/maquina-cubicadora-cortadora-picadora-de-carne-en-cubos-cub-500\/","name":"MAQUINA CUBICADORA, CORTADORA, PICADORA DE CARNE EN CUBOS CUB-500 - BIOPESAJE S.A.S.","isPartOf":{"@id":"https:\/\/biopesaje.com\/#website"},"primaryImageOfPage":{"@id":"https:\/\/biopesaje.com\/index.php\/product\/maquina-cubicadora-cortadora-picadora-de-carne-en-cubos-cub-500\/#primaryimage"},"image":{"@id":"https:\/\/biopesaje.com\/index.php\/product\/maquina-cubicadora-cortadora-picadora-de-carne-en-cubos-cub-500\/#primaryimage"},"thumbnailUrl":"https:\/\/biopesaje.com\/wp-content\/uploads\/2025\/06\/MAQUINA-CUBICADORA-CORTADORA-PICADORA-DE-CARNE-EN-CUBOS-CUB-500-4.jpg","datePublished":"2025-06-18T20:57:47+00:00","dateModified":"2025-08-04T17:46:16+00:00","description":"Biopesaje S.A.S cuenta con la mejor selecci\u00f3n de equipos en categor\u00edas como pesaje procesamiento y empaque de la industria alimenticia. MAQUINA CUBICADORA, CORTADORA, PICADORA DE CARNE EN CUBOS CUB-500","breadcrumb":{"@id":"https:\/\/biopesaje.com\/index.php\/product\/maquina-cubicadora-cortadora-picadora-de-carne-en-cubos-cub-500\/#breadcrumb"},"inLanguage":"es-CO","potentialAction":[{"@type":"ReadAction","target":["https:\/\/biopesaje.com\/index.php\/product\/maquina-cubicadora-cortadora-picadora-de-carne-en-cubos-cub-500\/"]}]},{"@type":"ImageObject","inLanguage":"es-CO","@id":"https:\/\/biopesaje.com\/index.php\/product\/maquina-cubicadora-cortadora-picadora-de-carne-en-cubos-cub-500\/#primaryimage","url":"https:\/\/biopesaje.com\/wp-content\/uploads\/2025\/06\/MAQUINA-CUBICADORA-CORTADORA-PICADORA-DE-CARNE-EN-CUBOS-CUB-500-4.jpg","contentUrl":"https:\/\/biopesaje.com\/wp-content\/uploads\/2025\/06\/MAQUINA-CUBICADORA-CORTADORA-PICADORA-DE-CARNE-EN-CUBOS-CUB-500-4.jpg","width":1000,"height":1000,"caption":"MAQUINA CUBICADORA, CORTADORA, PICADORA DE CARNE EN CUBOS CUB-500"},{"@type":"BreadcrumbList","@id":"https:\/\/biopesaje.com\/index.php\/product\/maquina-cubicadora-cortadora-picadora-de-carne-en-cubos-cub-500\/#breadcrumb","itemListElement":[{"@type":"ListItem","position":1,"name":"Home","item":"https:\/\/biopesaje.com\/"},{"@type":"ListItem","position":2,"name":"Productos","item":"https:\/\/biopesaje.com\/index.php\/tienda\/"},{"@type":"ListItem","position":3,"name":"MAQUINA CUBICADORA, CORTADORA, PICADORA DE CARNE EN CUBOS CUB-500"}]},{"@type":"WebSite","@id":"https:\/\/biopesaje.com\/#website","url":"https:\/\/biopesaje.com\/","name":"BIOPESAJE S.A.S.","description":"Ingenier\u00eda de pesaje, metrolog\u00eda y laboratorio.","publisher":{"@id":"https:\/\/biopesaje.com\/#organization"},"potentialAction":[{"@type":"SearchAction","target":{"@type":"EntryPoint","urlTemplate":"https:\/\/biopesaje.com\/?s={search_term_string}"},"query-input":{"@type":"PropertyValueSpecification","valueRequired":true,"valueName":"search_term_string"}}],"inLanguage":"es-CO"},{"@type":"Organization","@id":"https:\/\/biopesaje.com\/#organization","name":"BIOPESAJE S.A.S.","url":"https:\/\/biopesaje.com\/","logo":{"@type":"ImageObject","inLanguage":"es-CO","@id":"https:\/\/biopesaje.com\/#\/schema\/logo\/image\/","url":"","contentUrl":"","caption":"BIOPESAJE S.A.S."},"image":{"@id":"https:\/\/biopesaje.com\/#\/schema\/logo\/image\/"}}]}},"uagb_featured_image_src":{"full":["https:\/\/biopesaje.com\/wp-content\/uploads\/2025\/06\/MAQUINA-CUBICADORA-CORTADORA-PICADORA-DE-CARNE-EN-CUBOS-CUB-500-4.jpg",1000,1000,false],"thumbnail":["https:\/\/biopesaje.com\/wp-content\/uploads\/2025\/06\/MAQUINA-CUBICADORA-CORTADORA-PICADORA-DE-CARNE-EN-CUBOS-CUB-500-4-150x150.jpg",150,150,true],"medium":["https:\/\/biopesaje.com\/wp-content\/uploads\/2025\/06\/MAQUINA-CUBICADORA-CORTADORA-PICADORA-DE-CARNE-EN-CUBOS-CUB-500-4-300x300.jpg",300,300,true],"medium_large":["https:\/\/biopesaje.com\/wp-content\/uploads\/2025\/06\/MAQUINA-CUBICADORA-CORTADORA-PICADORA-DE-CARNE-EN-CUBOS-CUB-500-4-768x768.jpg",640,640,true],"large":["https:\/\/biopesaje.com\/wp-content\/uploads\/2025\/06\/MAQUINA-CUBICADORA-CORTADORA-PICADORA-DE-CARNE-EN-CUBOS-CUB-500-4.jpg",640,640,false],"1536x1536":["https:\/\/biopesaje.com\/wp-content\/uploads\/2025\/06\/MAQUINA-CUBICADORA-CORTADORA-PICADORA-DE-CARNE-EN-CUBOS-CUB-500-4.jpg",1000,1000,false],"2048x2048":["https:\/\/biopesaje.com\/wp-content\/uploads\/2025\/06\/MAQUINA-CUBICADORA-CORTADORA-PICADORA-DE-CARNE-EN-CUBOS-CUB-500-4.jpg",1000,1000,false],"woocommerce_thumbnail":["https:\/\/biopesaje.com\/wp-content\/uploads\/2025\/06\/MAQUINA-CUBICADORA-CORTADORA-PICADORA-DE-CARNE-EN-CUBOS-CUB-500-4-320x320.jpg",320,320,true],"woocommerce_single":["https:\/\/biopesaje.com\/wp-content\/uploads\/2025\/06\/MAQUINA-CUBICADORA-CORTADORA-PICADORA-DE-CARNE-EN-CUBOS-CUB-500-4.jpg",1000,1000,false],"woocommerce_gallery_thumbnail":["https:\/\/biopesaje.com\/wp-content\/uploads\/2025\/06\/MAQUINA-CUBICADORA-CORTADORA-PICADORA-DE-CARNE-EN-CUBOS-CUB-500-4-100x100.jpg",100,100,true],"thaps-thumb-img":["https:\/\/biopesaje.com\/wp-content\/uploads\/2025\/06\/MAQUINA-CUBICADORA-CORTADORA-PICADORA-DE-CARNE-EN-CUBOS-CUB-500-4-48x48.jpg",48,48,true],"taiowc-thumb-img":["https:\/\/biopesaje.com\/wp-content\/uploads\/2025\/06\/MAQUINA-CUBICADORA-CORTADORA-PICADORA-DE-CARNE-EN-CUBOS-CUB-500-4-48x48.jpg",48,48,true]},"uagb_author_info":{"display_name":"Diego Martinez","author_link":"https:\/\/biopesaje.com\/index.php\/author\/"},"uagb_comment_info":0,"uagb_excerpt":"- Dimensiones (Entrada del producto): 26cm de ancho x 8cm de alto - M\u00e1quina cubicadora de carnes - Fabricado en acero inoxidable - Cuchilla est\u00e1ndar de 35x35mm - Producci\u00f3n nominal: 400 a 600kg\/h - Potencia 3hp a 220V trif\u00e1sico - Dimensiones m\u00e1quina: 160x90x130cm - Peso maquina: 230kg - El tama\u00f1o de corte no es ajustable,&hellip;","jetpack_sharing_enabled":true,"_links":{"self":[{"href":"https:\/\/biopesaje.com\/index.php\/wp-json\/wp\/v2\/product\/9347","targetHints":{"allow":["GET"]}}],"collection":[{"href":"https:\/\/biopesaje.com\/index.php\/wp-json\/wp\/v2\/product"}],"about":[{"href":"https:\/\/biopesaje.com\/index.php\/wp-json\/wp\/v2\/types\/product"}],"version-history":[{"count":8,"href":"https:\/\/biopesaje.com\/index.php\/wp-json\/wp\/v2\/product\/9347\/revisions"}],"predecessor-version":[{"id":9562,"href":"https:\/\/biopesaje.com\/index.php\/wp-json\/wp\/v2\/product\/9347\/revisions\/9562"}],"wp:featuredmedia":[{"embeddable":true,"href":"https:\/\/biopesaje.com\/index.php\/wp-json\/wp\/v2\/media\/9334"}],"wp:attachment":[{"href":"https:\/\/biopesaje.com\/index.php\/wp-json\/wp\/v2\/media?parent=9347"}],"wp:term":[{"taxonomy":"product_brand","embeddable":true,"href":"https:\/\/biopesaje.com\/index.php\/wp-json\/wp\/v2\/product_brand?post=9347"},{"taxonomy":"product_cat","embeddable":true,"href":"https:\/\/biopesaje.com\/index.php\/wp-json\/wp\/v2\/product_cat?post=9347"},{"taxonomy":"product_tag","embeddable":true,"href":"https:\/\/biopesaje.com\/index.php\/wp-json\/wp\/v2\/product_tag?post=9347"}],"curies":[{"name":"wp","href":"https:\/\/api.w.org\/{rel}","templated":true}]}}