{"id":9364,"date":"2025-06-18T22:17:16","date_gmt":"2025-06-18T22:17:16","guid":{"rendered":"https:\/\/biopesaje.com\/?post_type=product&#038;p=9364"},"modified":"2025-07-23T20:11:20","modified_gmt":"2025-07-23T20:11:20","slug":"horno-ahumador-a-gas-smoked-9","status":"publish","type":"product","link":"https:\/\/biopesaje.com\/index.php\/product\/horno-ahumador-a-gas-smoked-9\/","title":{"rendered":"Horno Ahumador A Gas SMOKED-9"},"content":{"rendered":"\t\t<div data-elementor-type=\"wp-post\" data-elementor-id=\"9364\" class=\"elementor elementor-9364\" data-elementor-post-type=\"product\">\n\t\t\t\t\t\t<section class=\"elementor-section elementor-top-section elementor-element elementor-element-5bd5cd50 elementor-section-boxed elementor-section-height-default elementor-section-height-default\" data-id=\"5bd5cd50\" data-element_type=\"section\" data-e-type=\"section\">\n\t\t\t\t\t\t<div class=\"elementor-container elementor-column-gap-default\">\n\t\t\t\t\t<div class=\"elementor-column elementor-col-100 elementor-top-column elementor-element elementor-element-5c718e4d\" data-id=\"5c718e4d\" data-element_type=\"column\" data-e-type=\"column\">\n\t\t\t<div class=\"elementor-widget-wrap elementor-element-populated\">\n\t\t\t\t\t\t<div class=\"elementor-element elementor-element-450ad1ec elementor-widget elementor-widget-text-editor\" data-id=\"450ad1ec\" data-element_type=\"widget\" data-e-type=\"widget\" data-widget_type=\"text-editor.default\">\n\t\t\t\t<div class=\"elementor-widget-container\">\n\t\t\t\t\t\t\t\t\t<div class=\"dad65929\"><div class=\"_4f9bf79 d7dc56a8 _43c05b5\"><div class=\"ds-markdown ds-markdown--block\"><p class=\"ds-markdown-paragraph\">Dise\u00f1ado para satisfacer las necesidades m\u00e1s exigentes de carnicer\u00edas, restaurantes y productores de embutidos, este horno ahumador a gas est\u00e1\u00a0<strong>fabricado en acero inoxidable<\/strong>\u00a0de alta calidad, garantizando durabilidad, resistencia a la corrosi\u00f3n y f\u00e1cil limpieza. Cuenta con un\u00a0<strong>preciso display de temperatura<\/strong>\u00a0y un\u00a0<strong>sistema de control con temporizador<\/strong>, permitiendo ajustar el proceso de ahumado seg\u00fan las necesidades espec\u00edficas de cada producto. Su\u00a0<strong>puerta con vidrio templado<\/strong>\u00a0y una\u00a0<strong>luz de respaldo de alta temperatura<\/strong>\u00a0facilitan la supervisi\u00f3n constante sin perder calor, mientras que el\u00a0<strong>anillo de sellado de silicona resistente al calor<\/strong>\u00a0entre el cuerpo y la puerta asegura un cierre herm\u00e9tico para m\u00e1xima eficiencia energ\u00e9tica. Equipado con un\u00a0<strong>sistema de escape de gas<\/strong>\u00a0para una combusti\u00f3n limpia y segura, este horno ofrece un\u00a0<strong>rango de temperatura desde ambiente hasta 200\u00b0C<\/strong>, ideal para ahumar costillas, chorizos y otros embutidos con resultados perfectos. Su amplio\u00a0<strong>espacio interno (60x59x120cm)<\/strong>\u00a0permite acomodar hasta\u00a0<strong>nueve rejillas<\/strong>, mientras que los\u00a0<strong>dos compartimientos de goteo extra\u00edbles<\/strong>\u00a0simplifican la limpieza y el mantenimiento. Con\u00a0<strong>ruedas deslizantes<\/strong>\u00a0para f\u00e1cil movilidad y dimensiones externas compactas (90x69x152cm), este horno combina funcionalidad y dise\u00f1o robusto, operando con una\u00a0<strong>presi\u00f3n de aire nominal de 2.8kpa<\/strong>\u00a0y un consumo el\u00e9ctrico de\u00a0<strong>200W (110V\/50Hz~)<\/strong><\/p><\/div><\/div><\/div>\t\t\t\t\t\t\t\t<\/div>\n\t\t\t\t<\/div>\n\t\t\t\t\t<\/div>\n\t\t<\/div>\n\t\t\t\t\t<\/div>\n\t\t<\/section>\n\t\t\t\t<section class=\"elementor-section elementor-top-section elementor-element elementor-element-d1c64c4 elementor-section-boxed elementor-section-height-default elementor-section-height-default\" data-id=\"d1c64c4\" data-element_type=\"section\" data-e-type=\"section\">\n\t\t\t\t\t\t<div class=\"elementor-container elementor-column-gap-default\">\n\t\t\t\t\t<div class=\"elementor-column elementor-col-100 elementor-top-column elementor-element elementor-element-81dcb8e\" data-id=\"81dcb8e\" data-element_type=\"column\" data-e-type=\"column\">\n\t\t\t<div class=\"elementor-widget-wrap elementor-element-populated\">\n\t\t\t\t\t\t<div class=\"elementor-element elementor-element-b4b261c elementor-widget elementor-widget-heading\" data-id=\"b4b261c\" data-element_type=\"widget\" data-e-type=\"widget\" data-widget_type=\"heading.default\">\n\t\t\t\t<div class=\"elementor-widget-container\">\n\t\t\t\t\t<h3 class=\"elementor-heading-title elementor-size-default\">Documentaci\u00f3n<\/h3>\t\t\t\t<\/div>\n\t\t\t\t<\/div>\n\t\t\t\t<div class=\"elementor-element elementor-element-ec3045b elementor-widget elementor-widget-eael-adv-accordion\" data-id=\"ec3045b\" data-element_type=\"widget\" data-e-type=\"widget\" data-widget_type=\"eael-adv-accordion.default\">\n\t\t\t\t<div class=\"elementor-widget-container\">\n\t\t\t\t\t            <div class=\"eael-adv-accordion\" id=\"eael-adv-accordion-ec3045b\" data-scroll-on-click=\"no\" data-scroll-speed=\"300\" data-accordion-id=\"ec3045b\" data-accordion-type=\"accordion\" data-toogle-speed=\"300\">\n            <div class=\"eael-accordion-list\">\n\t\t\t\t\t<div id=\"documentos\" class=\"elementor-tab-title eael-accordion-header\" tabindex=\"0\" data-tab=\"1\" aria-controls=\"elementor-tab-content-2471\"><span class=\"eael-advanced-accordion-icon-closed\"><i aria-hidden=\"true\" class=\"fa-accordion-icon far fa-file-pdf\"><\/i><\/span><span class=\"eael-advanced-accordion-icon-opened\"><i aria-hidden=\"true\" class=\"fa-accordion-icon fas fa-minus\"><\/i><\/span><span class=\"eael-accordion-tab-title\">Documentos<\/span><\/div><div id=\"elementor-tab-content-2471\" class=\"eael-accordion-content clearfix\" data-tab=\"1\" aria-labelledby=\"documentos\"><p><a href=\"https:\/\/biopesaje.com\/wp-content\/uploads\/2025\/07\/HORNO-AHUMADOR-A-GAS-SMOKED-9.pdf\" target=\"_blank\" rel=\"noopener\"><img decoding=\"async\" class=\"wp-image-2526 alignnone\" src=\"https:\/\/biopesaje.com\/wp-content\/uploads\/2022\/02\/391px-PDF_file_icon.svg.png\" alt=\"\" width=\"30\" height=\"37\" srcset=\"https:\/\/biopesaje.com\/wp-content\/uploads\/2022\/02\/391px-PDF_file_icon.svg.png 391w, https:\/\/biopesaje.com\/wp-content\/uploads\/2022\/02\/391px-PDF_file_icon.svg-300x368.png 300w, https:\/\/biopesaje.com\/wp-content\/uploads\/2022\/02\/391px-PDF_file_icon.svg-244x300.png 244w, https:\/\/biopesaje.com\/wp-content\/uploads\/2022\/02\/391px-PDF_file_icon.svg-48x59.png 48w\" sizes=\"(max-width: 30px) 100vw, 30px\" \/> Cat\u00e1logo Horno Ahumador A Gas SMOKED-9<\/a><\/p><\/div>\n\t\t\t\t\t<\/div><\/div>\t\t\t\t<\/div>\n\t\t\t\t<\/div>\n\t\t\t\t\t<\/div>\n\t\t<\/div>\n\t\t\t\t\t<\/div>\n\t\t<\/section>\n\t\t\t\t<section class=\"elementor-section elementor-top-section elementor-element elementor-element-5e521e2 elementor-section-boxed elementor-section-height-default elementor-section-height-default\" data-id=\"5e521e2\" data-element_type=\"section\" data-e-type=\"section\">\n\t\t\t\t\t\t<div class=\"elementor-container elementor-column-gap-default\">\n\t\t\t\t\t<div class=\"elementor-column elementor-col-100 elementor-top-column elementor-element elementor-element-8a4e6b4\" data-id=\"8a4e6b4\" data-element_type=\"column\" data-e-type=\"column\">\n\t\t\t<div class=\"elementor-widget-wrap elementor-element-populated\">\n\t\t\t\t\t\t\t<\/div>\n\t\t<\/div>\n\t\t\t\t\t<\/div>\n\t\t<\/section>\n\t\t\t\t<\/div>\n\t\t","protected":false},"excerpt":{"rendered":"<div class=\"mt-2 mb-4 fs-6 text-muted\">\n<p>&#8211; Horno ahumador a gas<br \/>\n&#8211; Fabricado en acero inoxidable<br \/>\n&#8211; Display de temperatura<br \/>\n&#8211; Control de temperatura y temporizador<br \/>\n&#8211; Puerta con vidrio templado<br \/>\n&#8211; La uni\u00f3n entre el cuerpo del horno y la puerta est\u00e1 equipada con un anillo de sellado de silicona resistente al calor<br \/>\n&#8211; Sistema de escape de gas para la calefacci\u00f3n<br \/>\n&#8211; Luz de respaldo de alta temperatura para facilitar la observaci\u00f3n del proceso<br \/>\n&#8211; Ruedas deslizantes<br \/>\n&#8211; Espacio para nueve rejillas<br \/>\n&#8211; Dos compartimientos de goteo extra\u00edbles<br \/>\n&#8211; Presi\u00f3n de aire nominal: 2.8kpa<br \/>\n&#8211; Voltaje: 200W<br \/>\n&#8211; Potencia: 110V\/50Hz~<br \/>\n&#8211; Rango de temperatura: Temperatura ambiente ~20\u00b0C<br \/>\n&#8211; Dimensiones internas: 60x59x120cm<br \/>\n&#8211; Dimensiones externas: 90x69x152cm<br \/>\n&#8211; Ideal para costilla, chorizos y otros embutidos<\/p>\n<\/div>\n","protected":false},"featured_media":9371,"template":"","meta":{"_uag_custom_page_level_css":"","_joinchat":[]},"product_brand":[181],"product_cat":[187],"product_tag":[],"class_list":{"0":"post-9364","1":"product","2":"type-product","3":"status-publish","4":"has-post-thumbnail","6":"product_brand-biopesaje","7":"product_cat-hornos-ahumadores","8":"thunk-woo-product-list","9":"opn-qv-enable","10":"top-store-woo-hover-none","11":"top-store-single-product-tab-horizontal","12":"top-store-shadow-","13":"top-store-shadow-hover-","15":"first","16":"instock","17":"taxable","18":"shipping-taxable","19":"product-type-simple"},"yoast_head":"<!-- This site is optimized with the Yoast SEO plugin v27.3 - https:\/\/yoast.com\/product\/yoast-seo-wordpress\/ -->\n<title>Horno Ahumador A Gas SMOKED-9- BIOPESAJE S.A.S.<\/title>\n<meta name=\"description\" content=\"Biopesaje S.A.S cuenta con la mejor selecci\u00f3n de equipos en categor\u00edas como pesaje procesamiento y empaque de la industria alimenticia. Horno Ahumador A Gas SMOKED-9\" \/>\n<meta name=\"robots\" content=\"index, follow, max-snippet:-1, max-image-preview:large, max-video-preview:-1\" \/>\n<link rel=\"canonical\" href=\"https:\/\/biopesaje.com\/index.php\/product\/horno-ahumador-a-gas-smoked-9\/\" \/>\n<meta property=\"og:locale\" content=\"es_ES\" \/>\n<meta property=\"og:type\" content=\"article\" \/>\n<meta property=\"og:title\" content=\"Horno Ahumador A Gas SMOKED-9- BIOPESAJE S.A.S.\" \/>\n<meta property=\"og:description\" content=\"Biopesaje S.A.S cuenta con la mejor selecci\u00f3n de equipos en categor\u00edas como pesaje procesamiento y empaque de la industria alimenticia. Horno Ahumador A Gas SMOKED-9\" \/>\n<meta property=\"og:url\" content=\"https:\/\/biopesaje.com\/index.php\/product\/horno-ahumador-a-gas-smoked-9\/\" \/>\n<meta property=\"og:site_name\" content=\"BIOPESAJE S.A.S.\" \/>\n<meta property=\"article:modified_time\" content=\"2025-07-23T20:11:20+00:00\" \/>\n<meta property=\"og:image\" content=\"https:\/\/biopesaje.com\/wp-content\/uploads\/2025\/06\/Horno-Ahumador-A-Gas-BBG-SMOKED-9-5.jpg\" \/>\n\t<meta property=\"og:image:width\" content=\"1000\" \/>\n\t<meta property=\"og:image:height\" content=\"1000\" \/>\n\t<meta property=\"og:image:type\" content=\"image\/jpeg\" \/>\n<meta name=\"twitter:card\" content=\"summary_large_image\" \/>\n<meta name=\"twitter:label1\" content=\"Tiempo de lectura\" \/>\n\t<meta name=\"twitter:data1\" content=\"2 minutos\" \/>\n<script type=\"application\/ld+json\" class=\"yoast-schema-graph\">{\"@context\":\"https:\\\/\\\/schema.org\",\"@graph\":[{\"@type\":\"WebPage\",\"@id\":\"https:\\\/\\\/biopesaje.com\\\/index.php\\\/product\\\/horno-ahumador-a-gas-smoked-9\\\/\",\"url\":\"https:\\\/\\\/biopesaje.com\\\/index.php\\\/product\\\/horno-ahumador-a-gas-smoked-9\\\/\",\"name\":\"Horno Ahumador A Gas SMOKED-9- BIOPESAJE S.A.S.\",\"isPartOf\":{\"@id\":\"https:\\\/\\\/biopesaje.com\\\/#website\"},\"primaryImageOfPage\":{\"@id\":\"https:\\\/\\\/biopesaje.com\\\/index.php\\\/product\\\/horno-ahumador-a-gas-smoked-9\\\/#primaryimage\"},\"image\":{\"@id\":\"https:\\\/\\\/biopesaje.com\\\/index.php\\\/product\\\/horno-ahumador-a-gas-smoked-9\\\/#primaryimage\"},\"thumbnailUrl\":\"https:\\\/\\\/biopesaje.com\\\/wp-content\\\/uploads\\\/2025\\\/06\\\/Horno-Ahumador-A-Gas-BBG-SMOKED-9-5.jpg\",\"datePublished\":\"2025-06-18T22:17:16+00:00\",\"dateModified\":\"2025-07-23T20:11:20+00:00\",\"description\":\"Biopesaje S.A.S cuenta con la mejor selecci\u00f3n de equipos en categor\u00edas como pesaje procesamiento y empaque de la industria alimenticia. Horno Ahumador A Gas SMOKED-9\",\"breadcrumb\":{\"@id\":\"https:\\\/\\\/biopesaje.com\\\/index.php\\\/product\\\/horno-ahumador-a-gas-smoked-9\\\/#breadcrumb\"},\"inLanguage\":\"es-CO\",\"potentialAction\":[{\"@type\":\"ReadAction\",\"target\":[\"https:\\\/\\\/biopesaje.com\\\/index.php\\\/product\\\/horno-ahumador-a-gas-smoked-9\\\/\"]}]},{\"@type\":\"ImageObject\",\"inLanguage\":\"es-CO\",\"@id\":\"https:\\\/\\\/biopesaje.com\\\/index.php\\\/product\\\/horno-ahumador-a-gas-smoked-9\\\/#primaryimage\",\"url\":\"https:\\\/\\\/biopesaje.com\\\/wp-content\\\/uploads\\\/2025\\\/06\\\/Horno-Ahumador-A-Gas-BBG-SMOKED-9-5.jpg\",\"contentUrl\":\"https:\\\/\\\/biopesaje.com\\\/wp-content\\\/uploads\\\/2025\\\/06\\\/Horno-Ahumador-A-Gas-BBG-SMOKED-9-5.jpg\",\"width\":1000,\"height\":1000,\"caption\":\"Horno Ahumador A Gas SMOKED-9\"},{\"@type\":\"BreadcrumbList\",\"@id\":\"https:\\\/\\\/biopesaje.com\\\/index.php\\\/product\\\/horno-ahumador-a-gas-smoked-9\\\/#breadcrumb\",\"itemListElement\":[{\"@type\":\"ListItem\",\"position\":1,\"name\":\"Home\",\"item\":\"https:\\\/\\\/biopesaje.com\\\/\"},{\"@type\":\"ListItem\",\"position\":2,\"name\":\"Productos\",\"item\":\"https:\\\/\\\/biopesaje.com\\\/index.php\\\/tienda\\\/\"},{\"@type\":\"ListItem\",\"position\":3,\"name\":\"Horno Ahumador A Gas SMOKED-9\"}]},{\"@type\":\"WebSite\",\"@id\":\"https:\\\/\\\/biopesaje.com\\\/#website\",\"url\":\"https:\\\/\\\/biopesaje.com\\\/\",\"name\":\"BIOPESAJE S.A.S.\",\"description\":\"Ingenier\u00eda de pesaje, metrolog\u00eda y laboratorio.\",\"publisher\":{\"@id\":\"https:\\\/\\\/biopesaje.com\\\/#organization\"},\"potentialAction\":[{\"@type\":\"SearchAction\",\"target\":{\"@type\":\"EntryPoint\",\"urlTemplate\":\"https:\\\/\\\/biopesaje.com\\\/?s={search_term_string}\"},\"query-input\":{\"@type\":\"PropertyValueSpecification\",\"valueRequired\":true,\"valueName\":\"search_term_string\"}}],\"inLanguage\":\"es-CO\"},{\"@type\":\"Organization\",\"@id\":\"https:\\\/\\\/biopesaje.com\\\/#organization\",\"name\":\"BIOPESAJE S.A.S.\",\"url\":\"https:\\\/\\\/biopesaje.com\\\/\",\"logo\":{\"@type\":\"ImageObject\",\"inLanguage\":\"es-CO\",\"@id\":\"https:\\\/\\\/biopesaje.com\\\/#\\\/schema\\\/logo\\\/image\\\/\",\"url\":\"\",\"contentUrl\":\"\",\"caption\":\"BIOPESAJE S.A.S.\"},\"image\":{\"@id\":\"https:\\\/\\\/biopesaje.com\\\/#\\\/schema\\\/logo\\\/image\\\/\"}}]}<\/script>\n<!-- \/ Yoast SEO plugin. -->","yoast_head_json":{"title":"Horno Ahumador A Gas SMOKED-9- BIOPESAJE S.A.S.","description":"Biopesaje S.A.S cuenta con la mejor selecci\u00f3n de equipos en categor\u00edas como pesaje procesamiento y empaque de la industria alimenticia. Horno Ahumador A Gas SMOKED-9","robots":{"index":"index","follow":"follow","max-snippet":"max-snippet:-1","max-image-preview":"max-image-preview:large","max-video-preview":"max-video-preview:-1"},"canonical":"https:\/\/biopesaje.com\/index.php\/product\/horno-ahumador-a-gas-smoked-9\/","og_locale":"es_ES","og_type":"article","og_title":"Horno Ahumador A Gas SMOKED-9- BIOPESAJE S.A.S.","og_description":"Biopesaje S.A.S cuenta con la mejor selecci\u00f3n de equipos en categor\u00edas como pesaje procesamiento y empaque de la industria alimenticia. Horno Ahumador A Gas SMOKED-9","og_url":"https:\/\/biopesaje.com\/index.php\/product\/horno-ahumador-a-gas-smoked-9\/","og_site_name":"BIOPESAJE S.A.S.","article_modified_time":"2025-07-23T20:11:20+00:00","og_image":[{"width":1000,"height":1000,"url":"https:\/\/biopesaje.com\/wp-content\/uploads\/2025\/06\/Horno-Ahumador-A-Gas-BBG-SMOKED-9-5.jpg","type":"image\/jpeg"}],"twitter_card":"summary_large_image","twitter_misc":{"Tiempo de lectura":"2 minutos"},"schema":{"@context":"https:\/\/schema.org","@graph":[{"@type":"WebPage","@id":"https:\/\/biopesaje.com\/index.php\/product\/horno-ahumador-a-gas-smoked-9\/","url":"https:\/\/biopesaje.com\/index.php\/product\/horno-ahumador-a-gas-smoked-9\/","name":"Horno Ahumador A Gas SMOKED-9- BIOPESAJE S.A.S.","isPartOf":{"@id":"https:\/\/biopesaje.com\/#website"},"primaryImageOfPage":{"@id":"https:\/\/biopesaje.com\/index.php\/product\/horno-ahumador-a-gas-smoked-9\/#primaryimage"},"image":{"@id":"https:\/\/biopesaje.com\/index.php\/product\/horno-ahumador-a-gas-smoked-9\/#primaryimage"},"thumbnailUrl":"https:\/\/biopesaje.com\/wp-content\/uploads\/2025\/06\/Horno-Ahumador-A-Gas-BBG-SMOKED-9-5.jpg","datePublished":"2025-06-18T22:17:16+00:00","dateModified":"2025-07-23T20:11:20+00:00","description":"Biopesaje S.A.S cuenta con la mejor selecci\u00f3n de equipos en categor\u00edas como pesaje procesamiento y empaque de la industria alimenticia. Horno Ahumador A Gas SMOKED-9","breadcrumb":{"@id":"https:\/\/biopesaje.com\/index.php\/product\/horno-ahumador-a-gas-smoked-9\/#breadcrumb"},"inLanguage":"es-CO","potentialAction":[{"@type":"ReadAction","target":["https:\/\/biopesaje.com\/index.php\/product\/horno-ahumador-a-gas-smoked-9\/"]}]},{"@type":"ImageObject","inLanguage":"es-CO","@id":"https:\/\/biopesaje.com\/index.php\/product\/horno-ahumador-a-gas-smoked-9\/#primaryimage","url":"https:\/\/biopesaje.com\/wp-content\/uploads\/2025\/06\/Horno-Ahumador-A-Gas-BBG-SMOKED-9-5.jpg","contentUrl":"https:\/\/biopesaje.com\/wp-content\/uploads\/2025\/06\/Horno-Ahumador-A-Gas-BBG-SMOKED-9-5.jpg","width":1000,"height":1000,"caption":"Horno Ahumador A Gas SMOKED-9"},{"@type":"BreadcrumbList","@id":"https:\/\/biopesaje.com\/index.php\/product\/horno-ahumador-a-gas-smoked-9\/#breadcrumb","itemListElement":[{"@type":"ListItem","position":1,"name":"Home","item":"https:\/\/biopesaje.com\/"},{"@type":"ListItem","position":2,"name":"Productos","item":"https:\/\/biopesaje.com\/index.php\/tienda\/"},{"@type":"ListItem","position":3,"name":"Horno Ahumador A Gas SMOKED-9"}]},{"@type":"WebSite","@id":"https:\/\/biopesaje.com\/#website","url":"https:\/\/biopesaje.com\/","name":"BIOPESAJE S.A.S.","description":"Ingenier\u00eda de pesaje, metrolog\u00eda y laboratorio.","publisher":{"@id":"https:\/\/biopesaje.com\/#organization"},"potentialAction":[{"@type":"SearchAction","target":{"@type":"EntryPoint","urlTemplate":"https:\/\/biopesaje.com\/?s={search_term_string}"},"query-input":{"@type":"PropertyValueSpecification","valueRequired":true,"valueName":"search_term_string"}}],"inLanguage":"es-CO"},{"@type":"Organization","@id":"https:\/\/biopesaje.com\/#organization","name":"BIOPESAJE S.A.S.","url":"https:\/\/biopesaje.com\/","logo":{"@type":"ImageObject","inLanguage":"es-CO","@id":"https:\/\/biopesaje.com\/#\/schema\/logo\/image\/","url":"","contentUrl":"","caption":"BIOPESAJE S.A.S."},"image":{"@id":"https:\/\/biopesaje.com\/#\/schema\/logo\/image\/"}}]}},"uagb_featured_image_src":{"full":["https:\/\/biopesaje.com\/wp-content\/uploads\/2025\/06\/Horno-Ahumador-A-Gas-BBG-SMOKED-9-5.jpg",1000,1000,false],"thumbnail":["https:\/\/biopesaje.com\/wp-content\/uploads\/2025\/06\/Horno-Ahumador-A-Gas-BBG-SMOKED-9-5-150x150.jpg",150,150,true],"medium":["https:\/\/biopesaje.com\/wp-content\/uploads\/2025\/06\/Horno-Ahumador-A-Gas-BBG-SMOKED-9-5-300x300.jpg",300,300,true],"medium_large":["https:\/\/biopesaje.com\/wp-content\/uploads\/2025\/06\/Horno-Ahumador-A-Gas-BBG-SMOKED-9-5-768x768.jpg",640,640,true],"large":["https:\/\/biopesaje.com\/wp-content\/uploads\/2025\/06\/Horno-Ahumador-A-Gas-BBG-SMOKED-9-5.jpg",640,640,false],"1536x1536":["https:\/\/biopesaje.com\/wp-content\/uploads\/2025\/06\/Horno-Ahumador-A-Gas-BBG-SMOKED-9-5.jpg",1000,1000,false],"2048x2048":["https:\/\/biopesaje.com\/wp-content\/uploads\/2025\/06\/Horno-Ahumador-A-Gas-BBG-SMOKED-9-5.jpg",1000,1000,false],"woocommerce_thumbnail":["https:\/\/biopesaje.com\/wp-content\/uploads\/2025\/06\/Horno-Ahumador-A-Gas-BBG-SMOKED-9-5-320x320.jpg",320,320,true],"woocommerce_single":["https:\/\/biopesaje.com\/wp-content\/uploads\/2025\/06\/Horno-Ahumador-A-Gas-BBG-SMOKED-9-5.jpg",1000,1000,false],"woocommerce_gallery_thumbnail":["https:\/\/biopesaje.com\/wp-content\/uploads\/2025\/06\/Horno-Ahumador-A-Gas-BBG-SMOKED-9-5-100x100.jpg",100,100,true],"thaps-thumb-img":["https:\/\/biopesaje.com\/wp-content\/uploads\/2025\/06\/Horno-Ahumador-A-Gas-BBG-SMOKED-9-5-48x48.jpg",48,48,true],"taiowc-thumb-img":["https:\/\/biopesaje.com\/wp-content\/uploads\/2025\/06\/Horno-Ahumador-A-Gas-BBG-SMOKED-9-5-48x48.jpg",48,48,true]},"uagb_author_info":{"display_name":"Diego Martinez","author_link":"https:\/\/biopesaje.com\/index.php\/author\/"},"uagb_comment_info":0,"uagb_excerpt":"- Horno ahumador a gas - Fabricado en acero inoxidable - Display de temperatura - Control de temperatura y temporizador - Puerta con vidrio templado - La uni\u00f3n entre el cuerpo del horno y la puerta est\u00e1 equipada con un anillo de sellado de silicona resistente al calor - Sistema de escape de gas para&hellip;","jetpack_sharing_enabled":true,"_links":{"self":[{"href":"https:\/\/biopesaje.com\/index.php\/wp-json\/wp\/v2\/product\/9364","targetHints":{"allow":["GET"]}}],"collection":[{"href":"https:\/\/biopesaje.com\/index.php\/wp-json\/wp\/v2\/product"}],"about":[{"href":"https:\/\/biopesaje.com\/index.php\/wp-json\/wp\/v2\/types\/product"}],"version-history":[{"count":7,"href":"https:\/\/biopesaje.com\/index.php\/wp-json\/wp\/v2\/product\/9364\/revisions"}],"predecessor-version":[{"id":9440,"href":"https:\/\/biopesaje.com\/index.php\/wp-json\/wp\/v2\/product\/9364\/revisions\/9440"}],"wp:featuredmedia":[{"embeddable":true,"href":"https:\/\/biopesaje.com\/index.php\/wp-json\/wp\/v2\/media\/9371"}],"wp:attachment":[{"href":"https:\/\/biopesaje.com\/index.php\/wp-json\/wp\/v2\/media?parent=9364"}],"wp:term":[{"taxonomy":"product_brand","embeddable":true,"href":"https:\/\/biopesaje.com\/index.php\/wp-json\/wp\/v2\/product_brand?post=9364"},{"taxonomy":"product_cat","embeddable":true,"href":"https:\/\/biopesaje.com\/index.php\/wp-json\/wp\/v2\/product_cat?post=9364"},{"taxonomy":"product_tag","embeddable":true,"href":"https:\/\/biopesaje.com\/index.php\/wp-json\/wp\/v2\/product_tag?post=9364"}],"curies":[{"name":"wp","href":"https:\/\/api.w.org\/{rel}","templated":true}]}}